{"id":182324,"date":"2023-11-30T13:13:48","date_gmt":"2023-11-30T11:13:48","guid":{"rendered":"https:\/\/espak.ee\/epood\/?post_type=product&#038;p=182324"},"modified":"2026-03-21T09:14:15","modified_gmt":"2026-03-21T07:14:15","slug":"antiseptiline-vahend-akvasept-spray-05l","status":"publish","type":"product","link":"https:\/\/espak.ee\/epood\/toode\/antiseptiline-vahend-akvasept-spray-05l\/","title":{"rendered":"ANTISEPTILINE VAHEND AKVASEPT SPRAY 0,5L"},"content":{"rendered":"<div class=\"row\"  id=\"row-22535391\">\n\n\t<div id=\"col-1634633446\" class=\"col medium-9 small-12 large-9\"  >\n\t\t\t\t<div class=\"col-inner\"  >\n\t\t\t\n\t\t\t\n<h3>Antiseptiline pesuaine Akvasept Spray 0,5L<\/h3>\n<p>Antiseptiline pesuaine mineraal \u2013 ja puitpindade pesemiseks ja desinfitseerimiseks enne v\u00e4rvimist, mis sobib kasutamiseks sise \u2013 ja v\u00e4list\u00f6\u00f6del (sealhulgas k\u00f5rge \u00f5huniiskusega ruumides). Puhastab t\u00f6\u00f6deldava pinna hallitusest ning muudest seen- ja vetikainfektsioonidest.<\/p>\n<p><strong>Kasutamine: <\/strong>Enne t\u00f6\u00f6tlemist eemaldage t\u00f6\u00f6deldavast ruumist toiduained ja loomas\u00f6\u00f6t. Tugevalt nakatunud v\u00f5i saastunud pinnad tuleb n\u00e4htava saaste eemaldamiseks mehaaniliselt puhastada. T\u00f6\u00f6delda pinda AKVASEPT SPRAYga, tagades vahendi v\u00f5imalikult s\u00fcgav tungimine t\u00f6\u00f6deldavasse pinda. P\u00e4rast v\u00e4hemalt tunnist imendumist eemaldage mustus k\u00f5vade harjastega harja v\u00f5i k\u00e4snaga. Korrake AKVASEPT SPRAY pealekandmist, millele j\u00e4rgneb pinna puhastamine veel v\u00e4hemalt kaks korda. J\u00e4rgmise v\u00e4rvimise juures kuivatage pinda v\u00e4hemalt kaheksa tundi temperatuuril 20\u00b12 \u00b0\u0421. Peske siledad mitteimavad pinnad (plaadid) veega. Toote kulu, s\u00f5ltuvalt pinna t\u00fc\u00fcbist, on kolmekordse t\u00f6\u00f6tlemise puhul 3\u20136 m\u00b2\/l. T\u00f6\u00f6riistade puhastamiseks kasutage vett. Lapsed ja loomad v\u00f5ivad siseruumides viibida alles p\u00e4rast seda, kui t\u00f6\u00f6deldud pind on t\u00e4ielikult kuivanud. Hoida tihedalt suletud anumas temperatuuril, mis ei ole madalam kui 0 \u00b0C, eraldi toidust ja loomas\u00f6\u00f6dast.<\/p>\n\t<div id=\"gap-1215967501\" class=\"gap-element clearfix\" style=\"display:block; height:auto;\">\n\t\t\n<style>\n#gap-1215967501 {\n  padding-top: 30px;\n}\n<\/style>\n\t<\/div>\n\t\n\t\t<\/div>\n\t\t\t\t\t<\/div>\n\n\t\n\n\t<div id=\"col-1970087987\" class=\"col medium-3 small-12 large-3\"  >\n\t\t\t\t<div class=\"col-inner\"  >\n\t\t\t\n\t\t\t\n\t<div id=\"gap-1082213672\" class=\"gap-element clearfix\" style=\"display:block; height:auto;\">\n\t\t\n<style>\n#gap-1082213672 {\n  padding-top: 30px;\n}\n<\/style>\n\t<\/div>\n\t\n<div class=\"is-divider divider clearfix\" ><\/div>\n<p><strong>\u00dcksikasjalikuma n\u00f5u saamiseks v\u00f5tke \u00fchendust:<br \/><\/strong>RIIA LAKID O\u00dc<br \/>Kantsi 3<br \/>11415<br \/>Tallinn<br \/>+372 6335439<\/p>\n<div class=\"is-divider divider clearfix\" ><\/div>\n\t\t<\/div>\n\t\t\t\t\t<\/div>\n\n\t\n<\/div>\n","protected":false},"excerpt":{"rendered":"","protected":false},"featured_media":182473,"comment_status":"closed","ping_status":"closed","template":"","meta":[],"product_brand":[],"product_cat":[2691,3441,2684,2683],"product_tag":[],"class_list":{"0":"post-182324","1":"product","2":"type-product","3":"status-publish","4":"has-post-thumbnail","6":"product_cat-lahustid","7":"product_cat-lahustid-ja-pesuained","8":"product_cat-varvid-lakid-lahustid-puidukaitsed-olid","9":"product_cat-viimistluskaubad","10":"product_shipping_class-dpd-cold","11":"pa_kaubamark-riia-lakid-ou","13":"first","14":"instock","15":"sale","16":"taxable","17":"shipping-taxable","18":"purchasable","19":"product-type-simple"},"yoast_head":"<!-- This site is optimized with the Yoast SEO plugin v26.9 - https:\/\/yoast.com\/product\/yoast-seo-wordpress\/ -->\n<title>ANTISEPTILINE VAHEND AKVASEPT SPRAY 0,5L - Espak E-pood<\/title>\n<meta name=\"robots\" content=\"index, follow, max-snippet:-1, max-image-preview:large, max-video-preview:-1\" \/>\n<link rel=\"canonical\" href=\"https:\/\/espak.ee\/epood\/toode\/antiseptiline-vahend-akvasept-spray-05l\/\" \/>\n<meta property=\"og:locale\" content=\"et_EE\" \/>\n<meta property=\"og:type\" content=\"article\" \/>\n<meta property=\"og:title\" content=\"ANTISEPTILINE VAHEND AKVASEPT SPRAY 0,5L - Espak E-pood\" \/>\n<meta property=\"og:url\" content=\"https:\/\/espak.ee\/epood\/toode\/antiseptiline-vahend-akvasept-spray-05l\/\" \/>\n<meta property=\"og:site_name\" content=\"Espak E-pood\" \/>\n<meta property=\"article:modified_time\" content=\"2026-03-21T07:14:15+00:00\" \/>\n<meta property=\"og:image\" content=\"https:\/\/espak.ee\/epood\/wp-content\/uploads\/2023\/11\/AKVASEPT-SPRAY-0.5l.jpg\" \/>\n\t<meta property=\"og:image:width\" content=\"1000\" \/>\n\t<meta property=\"og:image:height\" content=\"1000\" \/>\n\t<meta property=\"og:image:type\" content=\"image\/jpeg\" \/>\n<meta name=\"twitter:card\" content=\"summary_large_image\" \/>\n<meta name=\"twitter:label1\" content=\"Est. reading time\" \/>\n\t<meta name=\"twitter:data1\" content=\"1 minut\" \/>\n<script type=\"application\/ld+json\" class=\"yoast-schema-graph\">{\"@context\":\"https:\/\/schema.org\",\"@graph\":[{\"@type\":\"WebPage\",\"@id\":\"https:\/\/espak.ee\/epood\/toode\/antiseptiline-vahend-akvasept-spray-05l\/\",\"url\":\"https:\/\/espak.ee\/epood\/toode\/antiseptiline-vahend-akvasept-spray-05l\/\",\"name\":\"ANTISEPTILINE VAHEND AKVASEPT SPRAY 0,5L - Espak E-pood\",\"isPartOf\":{\"@id\":\"https:\/\/espak.ee\/epood\/#website\"},\"primaryImageOfPage\":{\"@id\":\"https:\/\/espak.ee\/epood\/toode\/antiseptiline-vahend-akvasept-spray-05l\/#primaryimage\"},\"image\":{\"@id\":\"https:\/\/espak.ee\/epood\/toode\/antiseptiline-vahend-akvasept-spray-05l\/#primaryimage\"},\"thumbnailUrl\":\"https:\/\/espak.ee\/epood\/wp-content\/uploads\/2023\/11\/AKVASEPT-SPRAY-0.5l.jpg\",\"datePublished\":\"2023-11-30T11:13:48+00:00\",\"dateModified\":\"2026-03-21T07:14:15+00:00\",\"breadcrumb\":{\"@id\":\"https:\/\/espak.ee\/epood\/toode\/antiseptiline-vahend-akvasept-spray-05l\/#breadcrumb\"},\"inLanguage\":\"et\",\"potentialAction\":[{\"@type\":\"ReadAction\",\"target\":[\"https:\/\/espak.ee\/epood\/toode\/antiseptiline-vahend-akvasept-spray-05l\/\"]}]},{\"@type\":\"ImageObject\",\"inLanguage\":\"et\",\"@id\":\"https:\/\/espak.ee\/epood\/toode\/antiseptiline-vahend-akvasept-spray-05l\/#primaryimage\",\"url\":\"https:\/\/espak.ee\/epood\/wp-content\/uploads\/2023\/11\/AKVASEPT-SPRAY-0.5l.jpg\",\"contentUrl\":\"https:\/\/espak.ee\/epood\/wp-content\/uploads\/2023\/11\/AKVASEPT-SPRAY-0.5l.jpg\",\"width\":1000,\"height\":1000},{\"@type\":\"BreadcrumbList\",\"@id\":\"https:\/\/espak.ee\/epood\/toode\/antiseptiline-vahend-akvasept-spray-05l\/#breadcrumb\",\"itemListElement\":[{\"@type\":\"ListItem\",\"position\":1,\"name\":\"Home\",\"item\":\"https:\/\/espak.ee\/epood\/\"},{\"@type\":\"ListItem\",\"position\":2,\"name\":\"Tootevalik\",\"item\":\"https:\/\/espak.ee\/epood\/tootevalik\/\"},{\"@type\":\"ListItem\",\"position\":3,\"name\":\"ANTISEPTILINE VAHEND AKVASEPT SPRAY 0,5L\"}]},{\"@type\":\"WebSite\",\"@id\":\"https:\/\/espak.ee\/epood\/#website\",\"url\":\"https:\/\/espak.ee\/epood\/\",\"name\":\"Espak E-pood\",\"description\":\"\",\"potentialAction\":[{\"@type\":\"SearchAction\",\"target\":{\"@type\":\"EntryPoint\",\"urlTemplate\":\"https:\/\/espak.ee\/epood\/?s={search_term_string}\"},\"query-input\":{\"@type\":\"PropertyValueSpecification\",\"valueRequired\":true,\"valueName\":\"search_term_string\"}}],\"inLanguage\":\"et\"}]}<\/script>\n<!-- \/ Yoast SEO plugin. -->","yoast_head_json":{"title":"ANTISEPTILINE VAHEND AKVASEPT SPRAY 0,5L - Espak E-pood","robots":{"index":"index","follow":"follow","max-snippet":"max-snippet:-1","max-image-preview":"max-image-preview:large","max-video-preview":"max-video-preview:-1"},"canonical":"https:\/\/espak.ee\/epood\/toode\/antiseptiline-vahend-akvasept-spray-05l\/","og_locale":"et_EE","og_type":"article","og_title":"ANTISEPTILINE VAHEND AKVASEPT SPRAY 0,5L - Espak E-pood","og_url":"https:\/\/espak.ee\/epood\/toode\/antiseptiline-vahend-akvasept-spray-05l\/","og_site_name":"Espak E-pood","article_modified_time":"2026-03-21T07:14:15+00:00","og_image":[{"width":1000,"height":1000,"url":"https:\/\/espak.ee\/epood\/wp-content\/uploads\/2023\/11\/AKVASEPT-SPRAY-0.5l.jpg","type":"image\/jpeg"}],"twitter_card":"summary_large_image","twitter_misc":{"Est. reading time":"1 minut"},"schema":{"@context":"https:\/\/schema.org","@graph":[{"@type":"WebPage","@id":"https:\/\/espak.ee\/epood\/toode\/antiseptiline-vahend-akvasept-spray-05l\/","url":"https:\/\/espak.ee\/epood\/toode\/antiseptiline-vahend-akvasept-spray-05l\/","name":"ANTISEPTILINE VAHEND AKVASEPT SPRAY 0,5L - Espak E-pood","isPartOf":{"@id":"https:\/\/espak.ee\/epood\/#website"},"primaryImageOfPage":{"@id":"https:\/\/espak.ee\/epood\/toode\/antiseptiline-vahend-akvasept-spray-05l\/#primaryimage"},"image":{"@id":"https:\/\/espak.ee\/epood\/toode\/antiseptiline-vahend-akvasept-spray-05l\/#primaryimage"},"thumbnailUrl":"https:\/\/espak.ee\/epood\/wp-content\/uploads\/2023\/11\/AKVASEPT-SPRAY-0.5l.jpg","datePublished":"2023-11-30T11:13:48+00:00","dateModified":"2026-03-21T07:14:15+00:00","breadcrumb":{"@id":"https:\/\/espak.ee\/epood\/toode\/antiseptiline-vahend-akvasept-spray-05l\/#breadcrumb"},"inLanguage":"et","potentialAction":[{"@type":"ReadAction","target":["https:\/\/espak.ee\/epood\/toode\/antiseptiline-vahend-akvasept-spray-05l\/"]}]},{"@type":"ImageObject","inLanguage":"et","@id":"https:\/\/espak.ee\/epood\/toode\/antiseptiline-vahend-akvasept-spray-05l\/#primaryimage","url":"https:\/\/espak.ee\/epood\/wp-content\/uploads\/2023\/11\/AKVASEPT-SPRAY-0.5l.jpg","contentUrl":"https:\/\/espak.ee\/epood\/wp-content\/uploads\/2023\/11\/AKVASEPT-SPRAY-0.5l.jpg","width":1000,"height":1000},{"@type":"BreadcrumbList","@id":"https:\/\/espak.ee\/epood\/toode\/antiseptiline-vahend-akvasept-spray-05l\/#breadcrumb","itemListElement":[{"@type":"ListItem","position":1,"name":"Home","item":"https:\/\/espak.ee\/epood\/"},{"@type":"ListItem","position":2,"name":"Tootevalik","item":"https:\/\/espak.ee\/epood\/tootevalik\/"},{"@type":"ListItem","position":3,"name":"ANTISEPTILINE VAHEND AKVASEPT SPRAY 0,5L"}]},{"@type":"WebSite","@id":"https:\/\/espak.ee\/epood\/#website","url":"https:\/\/espak.ee\/epood\/","name":"Espak E-pood","description":"","potentialAction":[{"@type":"SearchAction","target":{"@type":"EntryPoint","urlTemplate":"https:\/\/espak.ee\/epood\/?s={search_term_string}"},"query-input":{"@type":"PropertyValueSpecification","valueRequired":true,"valueName":"search_term_string"}}],"inLanguage":"et"}]}},"_links":{"self":[{"href":"https:\/\/espak.ee\/epood\/wp-json\/wp\/v2\/product\/182324","targetHints":{"allow":["GET"]}}],"collection":[{"href":"https:\/\/espak.ee\/epood\/wp-json\/wp\/v2\/product"}],"about":[{"href":"https:\/\/espak.ee\/epood\/wp-json\/wp\/v2\/types\/product"}],"replies":[{"embeddable":true,"href":"https:\/\/espak.ee\/epood\/wp-json\/wp\/v2\/comments?post=182324"}],"wp:featuredmedia":[{"embeddable":true,"href":"https:\/\/espak.ee\/epood\/wp-json\/wp\/v2\/media\/182473"}],"wp:attachment":[{"href":"https:\/\/espak.ee\/epood\/wp-json\/wp\/v2\/media?parent=182324"}],"wp:term":[{"taxonomy":"product_brand","embeddable":true,"href":"https:\/\/espak.ee\/epood\/wp-json\/wp\/v2\/product_brand?post=182324"},{"taxonomy":"product_cat","embeddable":true,"href":"https:\/\/espak.ee\/epood\/wp-json\/wp\/v2\/product_cat?post=182324"},{"taxonomy":"product_tag","embeddable":true,"href":"https:\/\/espak.ee\/epood\/wp-json\/wp\/v2\/product_tag?post=182324"}],"curies":[{"name":"wp","href":"https:\/\/api.w.org\/{rel}","templated":true}]}}