{"id":180047,"date":"2023-11-21T05:05:02","date_gmt":"2023-11-21T03:05:02","guid":{"rendered":"https:\/\/espak.ee\/epood\/?post_type=product&#038;p=180047"},"modified":"2025-05-14T15:32:01","modified_gmt":"2025-05-14T12:32:01","slug":"ohuvarskendaja-airwick-fresh-waters-300ml","status":"publish","type":"product","link":"https:\/\/espak.ee\/epood\/toode\/ohuvarskendaja-airwick-fresh-waters-300ml\/","title":{"rendered":"\u00d5HUV\u00c4RSKENDAJA AIRWICK FRESH WATERS 300ML"},"content":{"rendered":"<div class=\"row\"  id=\"row-1653259851\">\n\n\t<div id=\"col-1122317726\" class=\"col medium-9 small-12 large-9\"  >\n\t\t\t\t<div class=\"col-inner\"  >\n\t\t\t\n\t\t\t\n<h3>\u00d5huv\u00e4rskendaja Airwick Fresh Waters 300ml<\/h3>\n<p>V\u00e4rske Vesi &#8211; jaheda vahutava voolava vee v\u00e4rskus on segatud suve\u00f5htu kerge briisi l\u00f5hnaga. V\u00e4rskendab ja v\u00f5itleb halva l\u00f5hnaga.\n<\/p>\n<p><strong>Koostisosad:<\/strong><br \/>\nKoostisosade teave: www.rbeuroinfo.com.<\/p>\n<p><strong>Kasutusjuhend:<\/strong><br \/>\nKasutusjuhend: Enne kasutamist loksutada korralikult. Pihustada n\u00e4ost ja kehast eemale. ETTEVAATUST. Kasutada ainult vastavalt juhistele. Tahtlik v\u00e4\u00e4rkasutamine sisu tahtliku kontsentreerimise ja sissehingamise kaudu v\u00f5ib olla kahjulik v\u00f5i surmav. Aerosooli mitte sisse hingata. Kasutada h\u00e4stiventileeritavas kohas. Mootors\u00f5idukites ning ahjude ja kaminate l\u00e4heduses v\u00f5ib esineda \u00e4\u00e4rmuslikke temperatuure. K\u00f5val pinnal libe.<\/p>\n<p><strong>Ohutus:<\/strong><br \/>\nAir Wick aerosool V\u00e4rske Vesi. ETTEVAATUST. Eriti tuleohtlik aerosool. Mahuti on r\u00f5hu all: kuumutamisel v\u00f5ib l\u00f5hkeda. Hoida lastele k\u00e4ttesaamatus kohas. Arsti poole p\u00f6\u00f6rdudes v\u00f5tta kaasa toote pakend v\u00f5i etikett. Hoida p\u00e4ikesevalguse eest. Mitte hoida temperatuuril \u00fcle 50 \u00b0C. Mitte purustada ega p\u00f5letada isegi p\u00e4rast kasutamist. Hoida eemal soojusallikast, kuumadest pindadest, s\u00e4demetest, leekidest ja muudest s\u00fc\u00fcteallikatest. Mitte suitsetada. Mitte pihustada leekidesse v\u00f5i muusse s\u00fc\u00fcteallikasse. Pihustatud ainet mitte sisse hingata. SILMA SATTUMISE KORRAL: loputada mitme minuti jooksul ettevaatlikult veega. Eemaldada kontaktl\u00e4\u00e4tsed, kui neid kasutatakse ja kui neid on kerge eemaldada. Loputada veel kord. L\u00f5hnade suhtes tundlikud inimesed peavad olema selle toote kasutamisel ettevaatlikud. \u00d5huv\u00e4rskendid ei asenda h\u00e4id h\u00fcgieeniharjumusi.soojusallikast, kuumadest pindadest, s\u00e4demetest, leekidest ja muudest s\u00fc\u00fcteallikatest. Mitte suitsetada. Hoida p\u00e4ikesevalguse eest. Mitte hoida temperatuuril \u00fcle 50 \u00b0C. Mitte purustada ega p\u00f5letada isegi p\u00e4rast kasutamist. SILMA SATTUMISE KORRAL: loputada mitme minuti jooksul ettevaatlikult veega. Eemaldada kontaktl\u00e4\u00e4tsed, kui neid kasutatakse ja kui neid on kerge eemaldada. Loputada veel kord. Sisaldab 5 massi% s\u00fcttivaid t\u00e4iteaineid. Sisaldab bensisotiasolinooni. V\u00f5ib esile kutsuda allergilise reaktsiooni. T\u00fchi aerosool viia pakendikonteinerisse. L\u00f5hnade suhtes \u00fclitundlikud inimesed peaksid olema selle toote kasutamisel ettevaatlikud. \u00d5huv\u00e4rskendid ei asenda h\u00e4id h\u00fcgieeniharjumusi.\n<\/p>\n\t\t<\/div>\n\t\t\t\t\t<\/div>\n\n\t\n\n\t<div id=\"col-142978435\" class=\"col medium-3 small-12 large-3\"  >\n\t\t\t\t<div class=\"col-inner\"  >\n\t\t\t\n\t\t\t\n\t<div id=\"gap-1728519266\" class=\"gap-element clearfix\" style=\"display:block; height:auto;\">\n\t\t\n<style>\n#gap-1728519266 {\n  padding-top: 30px;\n}\n<\/style>\n\t<\/div>\n\t\n<p><strong>\u00dcksikasjalikuma n\u00f5u saamiseks v\u00f5tke \u00fchendust:<br \/><\/strong>EUGESTA EESTI O\u00dc<br \/>Rukki tee 5<br \/>Lehmja k\u00fcla, Rae vald<br \/>75306<br \/>Harjumaa<br \/>+372 682 7782<\/p>\n\t\t<\/div>\n\t\t\t\t\t<\/div>\n\n\t\n<\/div>\n","protected":false},"excerpt":{"rendered":"","protected":false},"featured_media":180108,"comment_status":"closed","ping_status":"closed","template":"","meta":[],"product_brand":[],"product_cat":[2788,4216,4217,4227],"product_tag":[],"class_list":{"0":"post-180047","1":"product","2":"type-product","3":"status-publish","4":"has-post-thumbnail","6":"product_cat-aiatarbed-ja-kodukaubad","7":"product_cat-kodukeemia","8":"product_cat-kodukeemia-kodukeemia","9":"product_cat-ohuvarskendajad","10":"pa_kaubamark-eugesta-eesti-as","12":"first","13":"instock","14":"sale","15":"taxable","16":"shipping-taxable","17":"purchasable","18":"product-type-simple"},"yoast_head":"<!-- This site is optimized with the Yoast SEO plugin v26.9 - https:\/\/yoast.com\/product\/yoast-seo-wordpress\/ -->\n<title>\u00d5HUV\u00c4RSKENDAJA AIRWICK FRESH WATERS 300ML - Espak E-pood<\/title>\n<meta name=\"robots\" content=\"index, follow, max-snippet:-1, max-image-preview:large, max-video-preview:-1\" \/>\n<link rel=\"canonical\" href=\"https:\/\/espak.ee\/epood\/toode\/ohuvarskendaja-airwick-fresh-waters-300ml\/\" \/>\n<meta property=\"og:locale\" content=\"et_EE\" \/>\n<meta property=\"og:type\" content=\"article\" \/>\n<meta property=\"og:title\" content=\"\u00d5HUV\u00c4RSKENDAJA AIRWICK FRESH WATERS 300ML - Espak E-pood\" \/>\n<meta property=\"og:url\" content=\"https:\/\/espak.ee\/epood\/toode\/ohuvarskendaja-airwick-fresh-waters-300ml\/\" \/>\n<meta property=\"og:site_name\" content=\"Espak E-pood\" \/>\n<meta property=\"article:modified_time\" content=\"2025-05-14T12:32:01+00:00\" \/>\n<meta property=\"og:image\" content=\"https:\/\/espak.ee\/epood\/wp-content\/uploads\/2023\/11\/0067916.jpg\" \/>\n\t<meta property=\"og:image:width\" content=\"800\" \/>\n\t<meta property=\"og:image:height\" content=\"800\" \/>\n\t<meta property=\"og:image:type\" content=\"image\/jpeg\" \/>\n<meta name=\"twitter:card\" content=\"summary_large_image\" \/>\n<meta name=\"twitter:label1\" content=\"Est. reading time\" \/>\n\t<meta name=\"twitter:data1\" content=\"2 minutit\" \/>\n<script type=\"application\/ld+json\" class=\"yoast-schema-graph\">{\"@context\":\"https:\/\/schema.org\",\"@graph\":[{\"@type\":\"WebPage\",\"@id\":\"https:\/\/espak.ee\/epood\/toode\/ohuvarskendaja-airwick-fresh-waters-300ml\/\",\"url\":\"https:\/\/espak.ee\/epood\/toode\/ohuvarskendaja-airwick-fresh-waters-300ml\/\",\"name\":\"\u00d5HUV\u00c4RSKENDAJA AIRWICK FRESH WATERS 300ML - Espak E-pood\",\"isPartOf\":{\"@id\":\"https:\/\/espak.ee\/epood\/#website\"},\"primaryImageOfPage\":{\"@id\":\"https:\/\/espak.ee\/epood\/toode\/ohuvarskendaja-airwick-fresh-waters-300ml\/#primaryimage\"},\"image\":{\"@id\":\"https:\/\/espak.ee\/epood\/toode\/ohuvarskendaja-airwick-fresh-waters-300ml\/#primaryimage\"},\"thumbnailUrl\":\"https:\/\/espak.ee\/epood\/wp-content\/uploads\/2023\/11\/0067916.jpg\",\"datePublished\":\"2023-11-21T03:05:02+00:00\",\"dateModified\":\"2025-05-14T12:32:01+00:00\",\"breadcrumb\":{\"@id\":\"https:\/\/espak.ee\/epood\/toode\/ohuvarskendaja-airwick-fresh-waters-300ml\/#breadcrumb\"},\"inLanguage\":\"et\",\"potentialAction\":[{\"@type\":\"ReadAction\",\"target\":[\"https:\/\/espak.ee\/epood\/toode\/ohuvarskendaja-airwick-fresh-waters-300ml\/\"]}]},{\"@type\":\"ImageObject\",\"inLanguage\":\"et\",\"@id\":\"https:\/\/espak.ee\/epood\/toode\/ohuvarskendaja-airwick-fresh-waters-300ml\/#primaryimage\",\"url\":\"https:\/\/espak.ee\/epood\/wp-content\/uploads\/2023\/11\/0067916.jpg\",\"contentUrl\":\"https:\/\/espak.ee\/epood\/wp-content\/uploads\/2023\/11\/0067916.jpg\",\"width\":800,\"height\":800},{\"@type\":\"BreadcrumbList\",\"@id\":\"https:\/\/espak.ee\/epood\/toode\/ohuvarskendaja-airwick-fresh-waters-300ml\/#breadcrumb\",\"itemListElement\":[{\"@type\":\"ListItem\",\"position\":1,\"name\":\"Home\",\"item\":\"https:\/\/espak.ee\/epood\/\"},{\"@type\":\"ListItem\",\"position\":2,\"name\":\"Tootevalik\",\"item\":\"https:\/\/espak.ee\/epood\/tootevalik\/\"},{\"@type\":\"ListItem\",\"position\":3,\"name\":\"\u00d5HUV\u00c4RSKENDAJA AIRWICK FRESH WATERS 300ML\"}]},{\"@type\":\"WebSite\",\"@id\":\"https:\/\/espak.ee\/epood\/#website\",\"url\":\"https:\/\/espak.ee\/epood\/\",\"name\":\"Espak E-pood\",\"description\":\"\",\"potentialAction\":[{\"@type\":\"SearchAction\",\"target\":{\"@type\":\"EntryPoint\",\"urlTemplate\":\"https:\/\/espak.ee\/epood\/?s={search_term_string}\"},\"query-input\":{\"@type\":\"PropertyValueSpecification\",\"valueRequired\":true,\"valueName\":\"search_term_string\"}}],\"inLanguage\":\"et\"}]}<\/script>\n<!-- \/ Yoast SEO plugin. -->","yoast_head_json":{"title":"\u00d5HUV\u00c4RSKENDAJA AIRWICK FRESH WATERS 300ML - Espak E-pood","robots":{"index":"index","follow":"follow","max-snippet":"max-snippet:-1","max-image-preview":"max-image-preview:large","max-video-preview":"max-video-preview:-1"},"canonical":"https:\/\/espak.ee\/epood\/toode\/ohuvarskendaja-airwick-fresh-waters-300ml\/","og_locale":"et_EE","og_type":"article","og_title":"\u00d5HUV\u00c4RSKENDAJA AIRWICK FRESH WATERS 300ML - Espak E-pood","og_url":"https:\/\/espak.ee\/epood\/toode\/ohuvarskendaja-airwick-fresh-waters-300ml\/","og_site_name":"Espak E-pood","article_modified_time":"2025-05-14T12:32:01+00:00","og_image":[{"width":800,"height":800,"url":"https:\/\/espak.ee\/epood\/wp-content\/uploads\/2023\/11\/0067916.jpg","type":"image\/jpeg"}],"twitter_card":"summary_large_image","twitter_misc":{"Est. reading time":"2 minutit"},"schema":{"@context":"https:\/\/schema.org","@graph":[{"@type":"WebPage","@id":"https:\/\/espak.ee\/epood\/toode\/ohuvarskendaja-airwick-fresh-waters-300ml\/","url":"https:\/\/espak.ee\/epood\/toode\/ohuvarskendaja-airwick-fresh-waters-300ml\/","name":"\u00d5HUV\u00c4RSKENDAJA AIRWICK FRESH WATERS 300ML - Espak E-pood","isPartOf":{"@id":"https:\/\/espak.ee\/epood\/#website"},"primaryImageOfPage":{"@id":"https:\/\/espak.ee\/epood\/toode\/ohuvarskendaja-airwick-fresh-waters-300ml\/#primaryimage"},"image":{"@id":"https:\/\/espak.ee\/epood\/toode\/ohuvarskendaja-airwick-fresh-waters-300ml\/#primaryimage"},"thumbnailUrl":"https:\/\/espak.ee\/epood\/wp-content\/uploads\/2023\/11\/0067916.jpg","datePublished":"2023-11-21T03:05:02+00:00","dateModified":"2025-05-14T12:32:01+00:00","breadcrumb":{"@id":"https:\/\/espak.ee\/epood\/toode\/ohuvarskendaja-airwick-fresh-waters-300ml\/#breadcrumb"},"inLanguage":"et","potentialAction":[{"@type":"ReadAction","target":["https:\/\/espak.ee\/epood\/toode\/ohuvarskendaja-airwick-fresh-waters-300ml\/"]}]},{"@type":"ImageObject","inLanguage":"et","@id":"https:\/\/espak.ee\/epood\/toode\/ohuvarskendaja-airwick-fresh-waters-300ml\/#primaryimage","url":"https:\/\/espak.ee\/epood\/wp-content\/uploads\/2023\/11\/0067916.jpg","contentUrl":"https:\/\/espak.ee\/epood\/wp-content\/uploads\/2023\/11\/0067916.jpg","width":800,"height":800},{"@type":"BreadcrumbList","@id":"https:\/\/espak.ee\/epood\/toode\/ohuvarskendaja-airwick-fresh-waters-300ml\/#breadcrumb","itemListElement":[{"@type":"ListItem","position":1,"name":"Home","item":"https:\/\/espak.ee\/epood\/"},{"@type":"ListItem","position":2,"name":"Tootevalik","item":"https:\/\/espak.ee\/epood\/tootevalik\/"},{"@type":"ListItem","position":3,"name":"\u00d5HUV\u00c4RSKENDAJA AIRWICK FRESH WATERS 300ML"}]},{"@type":"WebSite","@id":"https:\/\/espak.ee\/epood\/#website","url":"https:\/\/espak.ee\/epood\/","name":"Espak E-pood","description":"","potentialAction":[{"@type":"SearchAction","target":{"@type":"EntryPoint","urlTemplate":"https:\/\/espak.ee\/epood\/?s={search_term_string}"},"query-input":{"@type":"PropertyValueSpecification","valueRequired":true,"valueName":"search_term_string"}}],"inLanguage":"et"}]}},"_links":{"self":[{"href":"https:\/\/espak.ee\/epood\/wp-json\/wp\/v2\/product\/180047","targetHints":{"allow":["GET"]}}],"collection":[{"href":"https:\/\/espak.ee\/epood\/wp-json\/wp\/v2\/product"}],"about":[{"href":"https:\/\/espak.ee\/epood\/wp-json\/wp\/v2\/types\/product"}],"replies":[{"embeddable":true,"href":"https:\/\/espak.ee\/epood\/wp-json\/wp\/v2\/comments?post=180047"}],"wp:featuredmedia":[{"embeddable":true,"href":"https:\/\/espak.ee\/epood\/wp-json\/wp\/v2\/media\/180108"}],"wp:attachment":[{"href":"https:\/\/espak.ee\/epood\/wp-json\/wp\/v2\/media?parent=180047"}],"wp:term":[{"taxonomy":"product_brand","embeddable":true,"href":"https:\/\/espak.ee\/epood\/wp-json\/wp\/v2\/product_brand?post=180047"},{"taxonomy":"product_cat","embeddable":true,"href":"https:\/\/espak.ee\/epood\/wp-json\/wp\/v2\/product_cat?post=180047"},{"taxonomy":"product_tag","embeddable":true,"href":"https:\/\/espak.ee\/epood\/wp-json\/wp\/v2\/product_tag?post=180047"}],"curies":[{"name":"wp","href":"https:\/\/api.w.org\/{rel}","templated":true}]}}