{"id":180044,"date":"2023-11-21T05:05:02","date_gmt":"2023-11-21T03:05:02","guid":{"rendered":"https:\/\/espak.ee\/epood\/?post_type=product&#038;p=180044"},"modified":"2024-05-09T21:18:16","modified_gmt":"2024-05-09T18:18:16","slug":"ohuvarskendaja-diffuser-airwick-white-flowers-25ml","status":"publish","type":"product","link":"https:\/\/espak.ee\/epood\/toode\/ohuvarskendaja-diffuser-airwick-white-flowers-25ml\/","title":{"rendered":"\u00d5HUV\u00c4RSKENDAJA DIFFUSER AIRWICK WHITE FLOWERS 25ML"},"content":{"rendered":"<div class=\"row\"  id=\"row-1447145361\">\n\n\t<div id=\"col-1787024430\" class=\"col medium-9 small-12 large-9\"  >\n\t\t\t\t<div class=\"col-inner\"  >\n\t\t\t\n\t\t\t\n<h3>\u00d5huv\u00e4rskendaja Airwick Diffuser White Flowers 25ml<\/h3>\n<p>Air Wicki roost aroomihajuti White Flowers kasutab imeliste aroomide delikaatseks hajutamiseks looduslikke rotangpalmi varsi. Looge oma kodus meeldiv atmosf\u00e4\u00e4r selle looduslike aroomide ja elegantse disainiga. Aroom Valged Lilled \u2013 v\u00e4rskelt l\u00f5igatud valgete lillede, freesia ja prantsuse jasmiini kerge aroom.\n<\/p>\n<p><strong>Koostisosad:<\/strong><br \/>\nSisaldab 3-butoks\u00fcpropaan-2-ool, 2-met\u00fc\u00fcl-3-(isoprop\u00fc\u00fclfen\u00fc\u00fcl)propioonaldeh\u00fc\u00fcd, 3-p-kumen\u00fc\u00fcl-2-met\u00fc\u00fclpropioonaldeh\u00fc\u00fcd, 2-(4-tert-but\u00fc\u00fclbens\u00fc\u00fcl)propioonaldeh\u00fc\u00fcd, tsitraal, dl-tsitronellool, 2,4-dimet\u00fc\u00fcl-3-ts\u00fcklohekseen-1- karboksaldeh\u00fc\u00fcd, p-tert-but\u00fc\u00fcldih\u00fcdrokaneelaldeh\u00fc\u00fcd, geraniool, tsis-3-heksan\u00fc\u00fclsalits\u00fclaat, delta-1-(2,6,6-trimet\u00fc\u00fcl-3-ts\u00fcklohekseen-1-\u00fc\u00fcl)-2-buteen-1-oon, 3-fen\u00fc\u00fcbutanaal, fen\u00fc\u00fclatseetaldeh\u00fc\u00fcd, eugenool.<\/p>\n<p><strong>Kasutusjuhend:<\/strong><br \/>\nKasutusjuhend: ENNE KASUTAMIST LUGEGE OHUTUSTEAVET JA ETTEVAATUSMEETMEID. Kasutage ainult vastavalt juhendile. Kestab kuni 4 n\u00e4dalat. 1. Keerake pudeli kork lahti ja eemaldage kork. 2. L\u00fckake s\u00f5rmedega v\u00e4lja korgi \u00fclaosas olev ketas. 3. Keerake kork uuesti pudelile. 4. Sisestage rotangpalmi varred pudelisse, asetades need laiali. Vars toimib kui taht, t\u00f5mmates aroomi \u00fcles ning eraldades seda aeglaselt \u00f5hku. 5. Veenduge, et toode on asetatud stabiilsele pinnale, v\u00e4ltimaks juhuslikku mahavalgumist. Mitte asetada lihvitud, v\u00e4rvitud v\u00f5i plastpinnale. Mahavalgumise korral p\u00fchkida pind puhtaks. Hoidke kasutusjuhend alles.<\/p>\n<p><strong>Ohutus:<\/strong><br \/>\nHOIATUS. Sisaldab 3-butoks\u00fcpropaan-2-ool, 2-met\u00fc\u00fcl-3-(isoprop\u00fc\u00fclfen\u00fc\u00fcl)propioonaldeh\u00fc\u00fcd, 3-p-kumen\u00fc\u00fcl-2-met\u00fc\u00fclpropioonaldeh\u00fc\u00fcd, 2-(4-tert-but\u00fc\u00fclbens\u00fc\u00fcl)propioonaldeh\u00fc\u00fcd. P\u00f5hjustab tugevat silmade \u00e4rritust. P\u00f5hjustab naha\u00e4rritust. Kahjulik veeorganismidele, pikaajaline toime. Sisaldab 2-met\u00fc\u00fcl-3-(p-isoprop\u00fc\u00fclfen\u00fc\u00fcl)propioonaldeh\u00fc\u00fcd, tsitraal, dl-tsitronellool, 2,4-dimet\u00fc\u00fcl-3-ts\u00fcklohekseen-1- karboksaldeh\u00fc\u00fcd, p-tert-but\u00fc\u00fcldih\u00fcdrokaneelaldeh\u00fc\u00fcd, geraniool, tsis-3-heksan\u00fc\u00fclsalits\u00fclaat, delta-1-(2,6,6-trimet\u00fc\u00fcl-3-ts\u00fcklohekseen-1-\u00fc\u00fcl)-2-buteen-1-oon, 3-fen\u00fc\u00fcbutanaal, fen\u00fc\u00fclatseetaldeh\u00fc\u00fcd, eugenool. V\u00f5ib p\u00f5hjustada allergilist nahareaktsiooni. Hoida lastele k\u00e4ttesaamatus kohas. Arsti poole p\u00f6\u00f6rdudes v\u00f5tta kaasa toote pakend v\u00f5i etikett. Enne kasutamist tutvuda etiketil oleva infoga. Kanda kaitsekindaid ja kaitseprille\/kaitsemaski. ALLANEELAMISE KORRAL: v\u00f5tta viivitamata \u00fchendust M\u00dcRGISTUSTEABEKESKUSEGA\/ arstiga. NAHALE SATTUMISE KORRAL: pesta rohke vee ja seebiga. Naha\u00e4rrituse v\u00f5i l\u00f6\u00f6be korral: p\u00f6\u00f6rduda arsti poole. SILMA SATTUMISE KORRAL: loputada mitme minuti jooksul ettevaatlikult veega. Eemaldada kontaktl\u00e4\u00e4tsed, kui neid kasutatakse ja kui neid on kerge eemaldada. Loputada veel kord. Kui silmade \u00e4rritus ei m\u00f6\u00f6du: p\u00f6\u00f6rduda arsti poole. L\u00f5hnade suhtes tundlikud inimesed peavad olema selle toote kasutamisel ettevaatlikud. \u00d5huv\u00e4rskendid ei asenda h\u00e4id h\u00fcgieeniharjumusi. Ruum p\u00e4rast kasutamist \u00f5hutada.\n<\/p>\n\t\t<\/div>\n\t\t\t\t\t<\/div>\n\n\t\n\n\t<div id=\"col-719760140\" class=\"col medium-3 small-12 large-3\"  >\n\t\t\t\t<div class=\"col-inner\"  >\n\t\t\t\n\t\t\t\n\t<div id=\"gap-345080513\" class=\"gap-element clearfix\" style=\"display:block; height:auto;\">\n\t\t\n<style>\n#gap-345080513 {\n  padding-top: 30px;\n}\n<\/style>\n\t<\/div>\n\t\n<p><strong>\u00dcksikasjalikuma n\u00f5u saamiseks v\u00f5tke \u00fchendust:<br \/><\/strong>EUGESTA EESTI O\u00dc<br \/>Rukki tee 5<br \/>Lehmja k\u00fcla, Rae vald<br \/>75306<br \/>Harjumaa<br \/>+372 682 7782<\/p>\n\t\t<\/div>\n\t\t\t\t\t<\/div>\n\n\t\n<\/div>\n","protected":false},"excerpt":{"rendered":"","protected":false},"featured_media":180116,"comment_status":"closed","ping_status":"closed","template":"","meta":[],"product_brand":[],"product_cat":[2788,4217,4216,4227],"product_tag":[],"class_list":{"0":"post-180044","1":"product","2":"type-product","3":"status-publish","4":"has-post-thumbnail","6":"product_cat-aiatarbed-ja-kodukaubad","7":"product_cat-kodukeemia-kodukeemia","8":"product_cat-kodukeemia","9":"product_cat-ohuvarskendajad","10":"pa_kaubamark-eugesta-eesti-as","12":"first","13":"instock","14":"sale","15":"taxable","16":"shipping-taxable","17":"purchasable","18":"product-type-simple"},"yoast_head":"<!-- This site is optimized with the Yoast SEO plugin v26.9 - https:\/\/yoast.com\/product\/yoast-seo-wordpress\/ -->\n<title>\u00d5HUV\u00c4RSKENDAJA DIFFUSER AIRWICK WHITE FLOWERS 25ML - Espak E-pood<\/title>\n<meta name=\"robots\" content=\"index, follow, max-snippet:-1, max-image-preview:large, max-video-preview:-1\" \/>\n<link rel=\"canonical\" href=\"https:\/\/espak.ee\/epood\/toode\/ohuvarskendaja-diffuser-airwick-white-flowers-25ml\/\" \/>\n<meta property=\"og:locale\" content=\"et_EE\" \/>\n<meta property=\"og:type\" content=\"article\" \/>\n<meta property=\"og:title\" content=\"\u00d5HUV\u00c4RSKENDAJA DIFFUSER AIRWICK WHITE FLOWERS 25ML - Espak E-pood\" \/>\n<meta property=\"og:url\" content=\"https:\/\/espak.ee\/epood\/toode\/ohuvarskendaja-diffuser-airwick-white-flowers-25ml\/\" \/>\n<meta property=\"og:site_name\" content=\"Espak E-pood\" \/>\n<meta property=\"article:modified_time\" content=\"2024-05-09T18:18:16+00:00\" \/>\n<meta property=\"og:image\" content=\"https:\/\/espak.ee\/epood\/wp-content\/uploads\/2023\/11\/0067944.jpg\" \/>\n\t<meta property=\"og:image:width\" content=\"800\" \/>\n\t<meta property=\"og:image:height\" content=\"800\" \/>\n\t<meta property=\"og:image:type\" content=\"image\/jpeg\" \/>\n<meta name=\"twitter:card\" content=\"summary_large_image\" \/>\n<meta name=\"twitter:label1\" content=\"Est. reading time\" \/>\n\t<meta name=\"twitter:data1\" content=\"2 minutit\" \/>\n<script type=\"application\/ld+json\" class=\"yoast-schema-graph\">{\"@context\":\"https:\/\/schema.org\",\"@graph\":[{\"@type\":\"WebPage\",\"@id\":\"https:\/\/espak.ee\/epood\/toode\/ohuvarskendaja-diffuser-airwick-white-flowers-25ml\/\",\"url\":\"https:\/\/espak.ee\/epood\/toode\/ohuvarskendaja-diffuser-airwick-white-flowers-25ml\/\",\"name\":\"\u00d5HUV\u00c4RSKENDAJA DIFFUSER AIRWICK WHITE FLOWERS 25ML - Espak E-pood\",\"isPartOf\":{\"@id\":\"https:\/\/espak.ee\/epood\/#website\"},\"primaryImageOfPage\":{\"@id\":\"https:\/\/espak.ee\/epood\/toode\/ohuvarskendaja-diffuser-airwick-white-flowers-25ml\/#primaryimage\"},\"image\":{\"@id\":\"https:\/\/espak.ee\/epood\/toode\/ohuvarskendaja-diffuser-airwick-white-flowers-25ml\/#primaryimage\"},\"thumbnailUrl\":\"https:\/\/espak.ee\/epood\/wp-content\/uploads\/2023\/11\/0067944.jpg\",\"datePublished\":\"2023-11-21T03:05:02+00:00\",\"dateModified\":\"2024-05-09T18:18:16+00:00\",\"breadcrumb\":{\"@id\":\"https:\/\/espak.ee\/epood\/toode\/ohuvarskendaja-diffuser-airwick-white-flowers-25ml\/#breadcrumb\"},\"inLanguage\":\"et\",\"potentialAction\":[{\"@type\":\"ReadAction\",\"target\":[\"https:\/\/espak.ee\/epood\/toode\/ohuvarskendaja-diffuser-airwick-white-flowers-25ml\/\"]}]},{\"@type\":\"ImageObject\",\"inLanguage\":\"et\",\"@id\":\"https:\/\/espak.ee\/epood\/toode\/ohuvarskendaja-diffuser-airwick-white-flowers-25ml\/#primaryimage\",\"url\":\"https:\/\/espak.ee\/epood\/wp-content\/uploads\/2023\/11\/0067944.jpg\",\"contentUrl\":\"https:\/\/espak.ee\/epood\/wp-content\/uploads\/2023\/11\/0067944.jpg\",\"width\":800,\"height\":800},{\"@type\":\"BreadcrumbList\",\"@id\":\"https:\/\/espak.ee\/epood\/toode\/ohuvarskendaja-diffuser-airwick-white-flowers-25ml\/#breadcrumb\",\"itemListElement\":[{\"@type\":\"ListItem\",\"position\":1,\"name\":\"Home\",\"item\":\"https:\/\/espak.ee\/epood\/\"},{\"@type\":\"ListItem\",\"position\":2,\"name\":\"Tootevalik\",\"item\":\"https:\/\/espak.ee\/epood\/tootevalik\/\"},{\"@type\":\"ListItem\",\"position\":3,\"name\":\"\u00d5HUV\u00c4RSKENDAJA DIFFUSER AIRWICK WHITE FLOWERS 25ML\"}]},{\"@type\":\"WebSite\",\"@id\":\"https:\/\/espak.ee\/epood\/#website\",\"url\":\"https:\/\/espak.ee\/epood\/\",\"name\":\"Espak E-pood\",\"description\":\"\",\"potentialAction\":[{\"@type\":\"SearchAction\",\"target\":{\"@type\":\"EntryPoint\",\"urlTemplate\":\"https:\/\/espak.ee\/epood\/?s={search_term_string}\"},\"query-input\":{\"@type\":\"PropertyValueSpecification\",\"valueRequired\":true,\"valueName\":\"search_term_string\"}}],\"inLanguage\":\"et\"}]}<\/script>\n<!-- \/ Yoast SEO plugin. -->","yoast_head_json":{"title":"\u00d5HUV\u00c4RSKENDAJA DIFFUSER AIRWICK WHITE FLOWERS 25ML - Espak E-pood","robots":{"index":"index","follow":"follow","max-snippet":"max-snippet:-1","max-image-preview":"max-image-preview:large","max-video-preview":"max-video-preview:-1"},"canonical":"https:\/\/espak.ee\/epood\/toode\/ohuvarskendaja-diffuser-airwick-white-flowers-25ml\/","og_locale":"et_EE","og_type":"article","og_title":"\u00d5HUV\u00c4RSKENDAJA DIFFUSER AIRWICK WHITE FLOWERS 25ML - Espak E-pood","og_url":"https:\/\/espak.ee\/epood\/toode\/ohuvarskendaja-diffuser-airwick-white-flowers-25ml\/","og_site_name":"Espak E-pood","article_modified_time":"2024-05-09T18:18:16+00:00","og_image":[{"width":800,"height":800,"url":"https:\/\/espak.ee\/epood\/wp-content\/uploads\/2023\/11\/0067944.jpg","type":"image\/jpeg"}],"twitter_card":"summary_large_image","twitter_misc":{"Est. reading time":"2 minutit"},"schema":{"@context":"https:\/\/schema.org","@graph":[{"@type":"WebPage","@id":"https:\/\/espak.ee\/epood\/toode\/ohuvarskendaja-diffuser-airwick-white-flowers-25ml\/","url":"https:\/\/espak.ee\/epood\/toode\/ohuvarskendaja-diffuser-airwick-white-flowers-25ml\/","name":"\u00d5HUV\u00c4RSKENDAJA DIFFUSER AIRWICK WHITE FLOWERS 25ML - Espak E-pood","isPartOf":{"@id":"https:\/\/espak.ee\/epood\/#website"},"primaryImageOfPage":{"@id":"https:\/\/espak.ee\/epood\/toode\/ohuvarskendaja-diffuser-airwick-white-flowers-25ml\/#primaryimage"},"image":{"@id":"https:\/\/espak.ee\/epood\/toode\/ohuvarskendaja-diffuser-airwick-white-flowers-25ml\/#primaryimage"},"thumbnailUrl":"https:\/\/espak.ee\/epood\/wp-content\/uploads\/2023\/11\/0067944.jpg","datePublished":"2023-11-21T03:05:02+00:00","dateModified":"2024-05-09T18:18:16+00:00","breadcrumb":{"@id":"https:\/\/espak.ee\/epood\/toode\/ohuvarskendaja-diffuser-airwick-white-flowers-25ml\/#breadcrumb"},"inLanguage":"et","potentialAction":[{"@type":"ReadAction","target":["https:\/\/espak.ee\/epood\/toode\/ohuvarskendaja-diffuser-airwick-white-flowers-25ml\/"]}]},{"@type":"ImageObject","inLanguage":"et","@id":"https:\/\/espak.ee\/epood\/toode\/ohuvarskendaja-diffuser-airwick-white-flowers-25ml\/#primaryimage","url":"https:\/\/espak.ee\/epood\/wp-content\/uploads\/2023\/11\/0067944.jpg","contentUrl":"https:\/\/espak.ee\/epood\/wp-content\/uploads\/2023\/11\/0067944.jpg","width":800,"height":800},{"@type":"BreadcrumbList","@id":"https:\/\/espak.ee\/epood\/toode\/ohuvarskendaja-diffuser-airwick-white-flowers-25ml\/#breadcrumb","itemListElement":[{"@type":"ListItem","position":1,"name":"Home","item":"https:\/\/espak.ee\/epood\/"},{"@type":"ListItem","position":2,"name":"Tootevalik","item":"https:\/\/espak.ee\/epood\/tootevalik\/"},{"@type":"ListItem","position":3,"name":"\u00d5HUV\u00c4RSKENDAJA DIFFUSER AIRWICK WHITE FLOWERS 25ML"}]},{"@type":"WebSite","@id":"https:\/\/espak.ee\/epood\/#website","url":"https:\/\/espak.ee\/epood\/","name":"Espak E-pood","description":"","potentialAction":[{"@type":"SearchAction","target":{"@type":"EntryPoint","urlTemplate":"https:\/\/espak.ee\/epood\/?s={search_term_string}"},"query-input":{"@type":"PropertyValueSpecification","valueRequired":true,"valueName":"search_term_string"}}],"inLanguage":"et"}]}},"_links":{"self":[{"href":"https:\/\/espak.ee\/epood\/wp-json\/wp\/v2\/product\/180044","targetHints":{"allow":["GET"]}}],"collection":[{"href":"https:\/\/espak.ee\/epood\/wp-json\/wp\/v2\/product"}],"about":[{"href":"https:\/\/espak.ee\/epood\/wp-json\/wp\/v2\/types\/product"}],"replies":[{"embeddable":true,"href":"https:\/\/espak.ee\/epood\/wp-json\/wp\/v2\/comments?post=180044"}],"wp:featuredmedia":[{"embeddable":true,"href":"https:\/\/espak.ee\/epood\/wp-json\/wp\/v2\/media\/180116"}],"wp:attachment":[{"href":"https:\/\/espak.ee\/epood\/wp-json\/wp\/v2\/media?parent=180044"}],"wp:term":[{"taxonomy":"product_brand","embeddable":true,"href":"https:\/\/espak.ee\/epood\/wp-json\/wp\/v2\/product_brand?post=180044"},{"taxonomy":"product_cat","embeddable":true,"href":"https:\/\/espak.ee\/epood\/wp-json\/wp\/v2\/product_cat?post=180044"},{"taxonomy":"product_tag","embeddable":true,"href":"https:\/\/espak.ee\/epood\/wp-json\/wp\/v2\/product_tag?post=180044"}],"curies":[{"name":"wp","href":"https:\/\/api.w.org\/{rel}","templated":true}]}}