{"id":179825,"date":"2023-11-18T05:05:02","date_gmt":"2023-11-18T03:05:02","guid":{"rendered":"https:\/\/espak.ee\/epood\/?post_type=product&#038;p=179825"},"modified":"2024-04-07T09:34:59","modified_gmt":"2024-04-07T06:34:59","slug":"pesumasina-puhastusvahend-lanza-express-250ml","status":"publish","type":"product","link":"https:\/\/espak.ee\/epood\/toode\/pesumasina-puhastusvahend-lanza-express-250ml\/","title":{"rendered":"PESUMASINA PUHASTUSVAHEND LANZA EXPRESS 250ML"},"content":{"rendered":"<div class=\"row\"  id=\"row-1713176431\">\n\n\t<div id=\"col-942044791\" class=\"col medium-9 small-12 large-9\"  >\n\t\t\t\t<div class=\"col-inner\"  >\n\t\t\t\n\t\t\t\n<h3>Pesumasina puhastusvahend Lanza Express 250ml<\/h3>\n<p>UUS! Lanza Express pesumasina puhastusvahend. 1 doos. K\u00d5IK \u00dcHES T\u00d6\u00d6TLUS. 8 toimet: 1. Kiire pesuts\u00fckkel. 2. Madalam temperatuur*. 3. Eemaldab halvad l\u00f5hnad. 4. Eemaldab mustuse ja j\u00e4\u00e4gid. 5. Testitud t\u00f5husus. 6. Puhtad sisemised osad. 7. Kaitseb pesumasinat. 8. Lisab v\u00e4rskust.<br \/>\n Selle intensiivne koostis: 1) Puhastab ja eemaldab s\u00fcvitsi mustuse ja pesuvahendi j\u00e4\u00e4gid k\u00f5ikidest masina sisemistest osadest. 2) Hoiab pesumasina sisemised osad puhtana, et tagada optimaalne toimimine. 3) J\u00e4tab masinasse meeldiva ja kauakestva v\u00e4rske l\u00f5hna. 4) T\u00e4nu kiirele toimele madalal temperatuuril aitab s\u00e4\u00e4sta aega ja raha*.<br \/>\n *vs Lanza pesumasina puhastusvahend.<\/p>\n<p><strong>Koostisosad:<\/strong><br \/>\nKoostis (koostisosade teave: www.rbeuroinfo.com): <5% katioonsed pindaktiivsed ained, mitteioonsed pindaktiivsed ained, l\u00f5hnaained, Limonene.<\/p>\n<p><strong>Kasutusjuhend:<\/strong><br \/>\nKui puhastate pesumasina sisemisi osi esimest korda, kasutage parema tulemuse saavutamiseks kahte kiiret t\u00fchja pesuts\u00fcklit (1 h) 40C temperatuuril kasutades iga kord Lanza Expressi tervet pudelit.<br \/>\n Puhas v\u00e4rske l\u00f5hn.<br \/>\n Optimaalse tulemuse saavutamiseks kasutage \u00fcks kord kuus j\u00e4rgides j\u00e4rgmisi juhendeid: 1. Veenduge, et masin on t\u00fchi. 2. Puhastage k\u00e4sitsi Lanza pesumasina salvr\u00e4tikuga sahtlist pesuvahendi j\u00e4\u00e4gid ja mustus. 3. Valage pudeli sisu pesuvahendi sahtlisse. 4. Pange masin t\u00f6\u00f6le kiire pesuts\u00fckliga 40C juures. 5. P\u00e4rast t\u00fchja pesuts\u00fcklit eemaldage Lanza pesumasina salvr\u00e4tikutega mustuse j\u00e4\u00e4gid trumli tihenditelt ja illuminaatorilt. S\u00e4ilitage v\u00e4lispakend kasutusjuhendite p\u00e4rast.<\/p>\n<p><strong>Ohutus:<\/strong><br \/>\nETTEVAATUST. Sisaldab bens\u00fc\u00fcl-C12-14-alk\u00fc\u00fcldimet\u00fc\u00fclammooniumkloriidid ja L-piimhape (2-h\u00fcdroks\u00fcpropioonhape). P\u00f5hjustab raskeid silmakahjustusi. P\u00f5hjustab naha\u00e4rritust. Kahjulik veeorganismidele, pikaajaline toime. V\u00f5ib s\u00f6\u00f6vitada metalle. Hoida lastele k\u00e4ttesaamatus kohas. Arsti poole p\u00f6\u00f6rdudes v\u00f5tta kaasa toote pakend v\u00f5i etikett. Hoida ainult originaalpakendis. Kanda kaitseprille\/kaitsemaski. P\u00e4rast k\u00e4itlemist pesta hoolega k\u00e4si. SILMA SATTUMISE KORRAL: loputada mitme minuti jooksul ettevaatlikult veega. Eemaldada kontaktl\u00e4\u00e4tsed, kui neid kasutatakse ja kui neid on kerge eemaldada. Loputada veel kord. V\u00f5tta viivitamata \u00fchendust M\u00dcRGISTUSTEABEKESKUSE\/arstiga. ALLANEELAMISE KORRAL: V\u00f5tta viivitamata \u00fchendust M\u00dcRGISTUSTEABEKESKUSE\/arstiga. MITTE kutsuda esile oksendamist. Sisu\/mahuti k\u00f5rvaldada vastavalt kohalikele, piirkondlikele, riiklikele ja rahvusvahelistele eeskirjadele.\n<\/p>\n\t\t<\/div>\n\t\t\t\t\t<\/div>\n\n\t\n\n\t<div id=\"col-1122833152\" class=\"col medium-3 small-12 large-3\"  >\n\t\t\t\t<div class=\"col-inner\"  >\n\t\t\t\n\t\t\t\n\t<div id=\"gap-1593854333\" class=\"gap-element clearfix\" style=\"display:block; height:auto;\">\n\t\t\n<style>\n#gap-1593854333 {\n  padding-top: 30px;\n}\n<\/style>\n\t<\/div>\n\t\n<p><strong>\u00dcksikasjalikuma n\u00f5u saamiseks v\u00f5tke \u00fchendust:<br \/><\/strong>EUGESTA EESTI O\u00dc<br \/>Rukki tee 5<br \/>Lehmja k\u00fcla, Rae vald<br \/>75306<br \/>Harjumaa<br \/>+372 682 7782<\/p>\n\t\t<\/div>\n\t\t\t\t\t<\/div>\n\n\t\n<\/div>\n","protected":false},"excerpt":{"rendered":"","protected":false},"featured_media":179964,"comment_status":"closed","ping_status":"closed","template":"","meta":[],"product_brand":[],"product_cat":[2788,4217,4216,4328],"product_tag":[],"class_list":{"0":"post-179825","1":"product","2":"type-product","3":"status-publish","4":"has-post-thumbnail","6":"product_cat-aiatarbed-ja-kodukaubad","7":"product_cat-kodukeemia-kodukeemia","8":"product_cat-kodukeemia","9":"product_cat-wc-ja-vannitoa-puhastusvahendid","10":"pa_kaubamark-sales-star-as","12":"first","13":"outofstock","14":"sale","15":"taxable","16":"shipping-taxable","17":"purchasable","18":"product-type-simple"},"yoast_head":"<!-- This site is optimized with the Yoast SEO plugin v26.9 - https:\/\/yoast.com\/product\/yoast-seo-wordpress\/ -->\n<title>PESUMASINA PUHASTUSVAHEND LANZA EXPRESS 250ML - Espak E-pood<\/title>\n<meta name=\"robots\" content=\"index, follow, max-snippet:-1, max-image-preview:large, max-video-preview:-1\" \/>\n<link rel=\"canonical\" href=\"https:\/\/espak.ee\/epood\/toode\/pesumasina-puhastusvahend-lanza-express-250ml\/\" \/>\n<meta property=\"og:locale\" content=\"et_EE\" \/>\n<meta property=\"og:type\" content=\"article\" \/>\n<meta property=\"og:title\" content=\"PESUMASINA PUHASTUSVAHEND LANZA EXPRESS 250ML - Espak E-pood\" \/>\n<meta property=\"og:url\" content=\"https:\/\/espak.ee\/epood\/toode\/pesumasina-puhastusvahend-lanza-express-250ml\/\" \/>\n<meta property=\"og:site_name\" content=\"Espak E-pood\" \/>\n<meta property=\"article:modified_time\" content=\"2024-04-07T06:34:59+00:00\" \/>\n<meta property=\"og:image\" content=\"https:\/\/espak.ee\/epood\/wp-content\/uploads\/2023\/11\/0071524.jpg\" \/>\n\t<meta property=\"og:image:width\" content=\"800\" \/>\n\t<meta property=\"og:image:height\" content=\"800\" \/>\n\t<meta property=\"og:image:type\" content=\"image\/jpeg\" \/>\n<meta name=\"twitter:card\" content=\"summary_large_image\" \/>\n<meta name=\"twitter:label1\" content=\"Est. reading time\" \/>\n\t<meta name=\"twitter:data1\" content=\"1 minut\" \/>\n<script type=\"application\/ld+json\" class=\"yoast-schema-graph\">{\"@context\":\"https:\/\/schema.org\",\"@graph\":[{\"@type\":\"WebPage\",\"@id\":\"https:\/\/espak.ee\/epood\/toode\/pesumasina-puhastusvahend-lanza-express-250ml\/\",\"url\":\"https:\/\/espak.ee\/epood\/toode\/pesumasina-puhastusvahend-lanza-express-250ml\/\",\"name\":\"PESUMASINA PUHASTUSVAHEND LANZA EXPRESS 250ML - Espak E-pood\",\"isPartOf\":{\"@id\":\"https:\/\/espak.ee\/epood\/#website\"},\"primaryImageOfPage\":{\"@id\":\"https:\/\/espak.ee\/epood\/toode\/pesumasina-puhastusvahend-lanza-express-250ml\/#primaryimage\"},\"image\":{\"@id\":\"https:\/\/espak.ee\/epood\/toode\/pesumasina-puhastusvahend-lanza-express-250ml\/#primaryimage\"},\"thumbnailUrl\":\"https:\/\/espak.ee\/epood\/wp-content\/uploads\/2023\/11\/0071524.jpg\",\"datePublished\":\"2023-11-18T03:05:02+00:00\",\"dateModified\":\"2024-04-07T06:34:59+00:00\",\"breadcrumb\":{\"@id\":\"https:\/\/espak.ee\/epood\/toode\/pesumasina-puhastusvahend-lanza-express-250ml\/#breadcrumb\"},\"inLanguage\":\"et\",\"potentialAction\":[{\"@type\":\"ReadAction\",\"target\":[\"https:\/\/espak.ee\/epood\/toode\/pesumasina-puhastusvahend-lanza-express-250ml\/\"]}]},{\"@type\":\"ImageObject\",\"inLanguage\":\"et\",\"@id\":\"https:\/\/espak.ee\/epood\/toode\/pesumasina-puhastusvahend-lanza-express-250ml\/#primaryimage\",\"url\":\"https:\/\/espak.ee\/epood\/wp-content\/uploads\/2023\/11\/0071524.jpg\",\"contentUrl\":\"https:\/\/espak.ee\/epood\/wp-content\/uploads\/2023\/11\/0071524.jpg\",\"width\":800,\"height\":800},{\"@type\":\"BreadcrumbList\",\"@id\":\"https:\/\/espak.ee\/epood\/toode\/pesumasina-puhastusvahend-lanza-express-250ml\/#breadcrumb\",\"itemListElement\":[{\"@type\":\"ListItem\",\"position\":1,\"name\":\"Home\",\"item\":\"https:\/\/espak.ee\/epood\/\"},{\"@type\":\"ListItem\",\"position\":2,\"name\":\"Tootevalik\",\"item\":\"https:\/\/espak.ee\/epood\/tootevalik\/\"},{\"@type\":\"ListItem\",\"position\":3,\"name\":\"PESUMASINA PUHASTUSVAHEND LANZA EXPRESS 250ML\"}]},{\"@type\":\"WebSite\",\"@id\":\"https:\/\/espak.ee\/epood\/#website\",\"url\":\"https:\/\/espak.ee\/epood\/\",\"name\":\"Espak E-pood\",\"description\":\"\",\"potentialAction\":[{\"@type\":\"SearchAction\",\"target\":{\"@type\":\"EntryPoint\",\"urlTemplate\":\"https:\/\/espak.ee\/epood\/?s={search_term_string}\"},\"query-input\":{\"@type\":\"PropertyValueSpecification\",\"valueRequired\":true,\"valueName\":\"search_term_string\"}}],\"inLanguage\":\"et\"}]}<\/script>\n<!-- \/ Yoast SEO plugin. -->","yoast_head_json":{"title":"PESUMASINA PUHASTUSVAHEND LANZA EXPRESS 250ML - Espak E-pood","robots":{"index":"index","follow":"follow","max-snippet":"max-snippet:-1","max-image-preview":"max-image-preview:large","max-video-preview":"max-video-preview:-1"},"canonical":"https:\/\/espak.ee\/epood\/toode\/pesumasina-puhastusvahend-lanza-express-250ml\/","og_locale":"et_EE","og_type":"article","og_title":"PESUMASINA PUHASTUSVAHEND LANZA EXPRESS 250ML - Espak E-pood","og_url":"https:\/\/espak.ee\/epood\/toode\/pesumasina-puhastusvahend-lanza-express-250ml\/","og_site_name":"Espak E-pood","article_modified_time":"2024-04-07T06:34:59+00:00","og_image":[{"width":800,"height":800,"url":"https:\/\/espak.ee\/epood\/wp-content\/uploads\/2023\/11\/0071524.jpg","type":"image\/jpeg"}],"twitter_card":"summary_large_image","twitter_misc":{"Est. reading time":"1 minut"},"schema":{"@context":"https:\/\/schema.org","@graph":[{"@type":"WebPage","@id":"https:\/\/espak.ee\/epood\/toode\/pesumasina-puhastusvahend-lanza-express-250ml\/","url":"https:\/\/espak.ee\/epood\/toode\/pesumasina-puhastusvahend-lanza-express-250ml\/","name":"PESUMASINA PUHASTUSVAHEND LANZA EXPRESS 250ML - Espak E-pood","isPartOf":{"@id":"https:\/\/espak.ee\/epood\/#website"},"primaryImageOfPage":{"@id":"https:\/\/espak.ee\/epood\/toode\/pesumasina-puhastusvahend-lanza-express-250ml\/#primaryimage"},"image":{"@id":"https:\/\/espak.ee\/epood\/toode\/pesumasina-puhastusvahend-lanza-express-250ml\/#primaryimage"},"thumbnailUrl":"https:\/\/espak.ee\/epood\/wp-content\/uploads\/2023\/11\/0071524.jpg","datePublished":"2023-11-18T03:05:02+00:00","dateModified":"2024-04-07T06:34:59+00:00","breadcrumb":{"@id":"https:\/\/espak.ee\/epood\/toode\/pesumasina-puhastusvahend-lanza-express-250ml\/#breadcrumb"},"inLanguage":"et","potentialAction":[{"@type":"ReadAction","target":["https:\/\/espak.ee\/epood\/toode\/pesumasina-puhastusvahend-lanza-express-250ml\/"]}]},{"@type":"ImageObject","inLanguage":"et","@id":"https:\/\/espak.ee\/epood\/toode\/pesumasina-puhastusvahend-lanza-express-250ml\/#primaryimage","url":"https:\/\/espak.ee\/epood\/wp-content\/uploads\/2023\/11\/0071524.jpg","contentUrl":"https:\/\/espak.ee\/epood\/wp-content\/uploads\/2023\/11\/0071524.jpg","width":800,"height":800},{"@type":"BreadcrumbList","@id":"https:\/\/espak.ee\/epood\/toode\/pesumasina-puhastusvahend-lanza-express-250ml\/#breadcrumb","itemListElement":[{"@type":"ListItem","position":1,"name":"Home","item":"https:\/\/espak.ee\/epood\/"},{"@type":"ListItem","position":2,"name":"Tootevalik","item":"https:\/\/espak.ee\/epood\/tootevalik\/"},{"@type":"ListItem","position":3,"name":"PESUMASINA PUHASTUSVAHEND LANZA EXPRESS 250ML"}]},{"@type":"WebSite","@id":"https:\/\/espak.ee\/epood\/#website","url":"https:\/\/espak.ee\/epood\/","name":"Espak E-pood","description":"","potentialAction":[{"@type":"SearchAction","target":{"@type":"EntryPoint","urlTemplate":"https:\/\/espak.ee\/epood\/?s={search_term_string}"},"query-input":{"@type":"PropertyValueSpecification","valueRequired":true,"valueName":"search_term_string"}}],"inLanguage":"et"}]}},"_links":{"self":[{"href":"https:\/\/espak.ee\/epood\/wp-json\/wp\/v2\/product\/179825","targetHints":{"allow":["GET"]}}],"collection":[{"href":"https:\/\/espak.ee\/epood\/wp-json\/wp\/v2\/product"}],"about":[{"href":"https:\/\/espak.ee\/epood\/wp-json\/wp\/v2\/types\/product"}],"replies":[{"embeddable":true,"href":"https:\/\/espak.ee\/epood\/wp-json\/wp\/v2\/comments?post=179825"}],"wp:featuredmedia":[{"embeddable":true,"href":"https:\/\/espak.ee\/epood\/wp-json\/wp\/v2\/media\/179964"}],"wp:attachment":[{"href":"https:\/\/espak.ee\/epood\/wp-json\/wp\/v2\/media?parent=179825"}],"wp:term":[{"taxonomy":"product_brand","embeddable":true,"href":"https:\/\/espak.ee\/epood\/wp-json\/wp\/v2\/product_brand?post=179825"},{"taxonomy":"product_cat","embeddable":true,"href":"https:\/\/espak.ee\/epood\/wp-json\/wp\/v2\/product_cat?post=179825"},{"taxonomy":"product_tag","embeddable":true,"href":"https:\/\/espak.ee\/epood\/wp-json\/wp\/v2\/product_tag?post=179825"}],"curies":[{"name":"wp","href":"https:\/\/api.w.org\/{rel}","templated":true}]}}