{"id":179811,"date":"2023-11-18T05:05:02","date_gmt":"2023-11-18T03:05:02","guid":{"rendered":"https:\/\/espak.ee\/epood\/?post_type=product&#038;p=179811"},"modified":"2025-04-24T00:40:39","modified_gmt":"2025-04-23T21:40:39","slug":"puhastusvaht-cillit-bang-600ml","status":"publish","type":"product","link":"https:\/\/espak.ee\/epood\/toode\/puhastusvaht-cillit-bang-600ml\/","title":{"rendered":"PUHASTUSVAHT CILLIT BANG 600ML"},"content":{"rendered":"<div class=\"row\"  id=\"row-576836549\">\n\n\t<div id=\"col-230127424\" class=\"col medium-9 small-12 large-9\"  >\n\t\t\t\t<div class=\"col-inner\"  >\n\t\t\t\n\t\t\t\n<h3>Puhastusvaht Cillit Bang 600ml<\/h3>\n<p>Cillit Bang Active Foam Citrus Force Soapscum and Shower on kiire ja lihtne viis hoida Teie vannitoa v\u00e4limus ja l\u00f5hn puhta ja v\u00e4rskena ka k\u00f5ige h\u00f5ivatumas majapidamises. Kiire elustiil v\u00f5ib Teie kodule halba m\u00f5ju avaldada ja aja jooksul vannitubade v\u00e4ljan\u00e4gemise tuhmiks ning kulunuks muuta. Spetsiaalselt suurtele pindadele m\u00f5eldud Cillit Bangi uuenduslik aktiivse vahu vormel tungib l\u00e4bi isegi k\u00f5ige raskemate vannitoa plekkide, lahustab minutitega mustuse ja seebiplekid ning j\u00e4tab vannituppa s\u00e4ravad pinnad ja v\u00e4rske ning meeldiva tsitrusel\u00f5hna. Samuti aitab purgi super lai pihustikork Teil vaevata katta vannid, kahhelkivid ja toruliitmikud.<\/p>\n<p><strong>Koostisosad:<\/strong> Sisaldab alla 5%-i mitteioonseid pindaktiivseid aineid, l\u00f5hnaained Allergia alased soovitused: info allergeenide kohta on koostisosade loetelus rasvaselt tr\u00fckitud.<\/p>\n<p><strong>Kasutusjuhend:<\/strong><br \/>\nPuhastusvahtu on lihtne kasutada &#8211; lihtsalt raputage korralikult enne kasutamist &#8211; jahoides purki p\u00fcstiasendis, 30-40cm puhastatavast pinnast ja pihustage kuni see on kaetud. Laske 2 minutit vahul imet teha ja siis loputage. Raskematele plekkidele j\u00e4tke vaht 10 minutiks ja seej\u00e4rel puhastage need puhta niiske lapiga. N\u00e4ete erinevust Cillit Bangiga du\u0161ikabiini uksel, torudel ja keraamilistel plaatidel, keraamilistel pindadel, kroomil ja isegi roostevabal terasel.<\/p>\n<p><strong>Ohutus:<\/strong><br \/>\nKasutada ainult vastavalt juhendile. Tahtlik v\u00e4\u00e4rkasutus sihip\u00e4rase kontsentratsiooni tekitamise ja sissehingamisena v\u00f5ib olla kahjulik v\u00f5i surmav. Aerosooli mitte sisse hingata. Hermeetiline balloon: kaitsta otsese p\u00e4ikesevalguse eest ja hoida enam kui 50\u00b0C temperatuuri k\u00e4tte sattumise eest. \u00c4\u00e4rmuslikud temperatuurid v\u00f5ivad tekkida autos, ahjude ja tuleasemete l\u00e4heduses. Mitte purustada v\u00f5i p\u00f5letada ka p\u00e4rast kasutamist. Mitte pihustada leekidele v\u00f5i tulikuumadele materjalidele. Hoida eemal s\u00fc\u00fcteallikatest. Mitte pihustada t\u00f6\u00f6tava elektritule, kuumaallikate v\u00f5i elektriliste seadmete l\u00e4hedal. Mitte suitsetada. V\u00e4ltige kokkupuudet silmadega. SILMA SATTUMISEL: loputada koheselt mitme minuti jooksul ettevaatlikult rohke veega ja p\u00f6\u00f6rduda arsti poole. Allaneelamise korral p\u00f6\u00f6rduge koheselt arsti poole ja n\u00e4idake konteinerit v\u00f5i etiketti. Kasutada ainult h\u00e4stiventileeritud keskkonnas. K\u00e4esolevast ainest ja selle konteinerist peab vabanema ohutult. HOIDA LASTELE K\u00c4TTESAAMATUS KOHAS.\n<\/p>\n\t\t<\/div>\n\t\t\t\t\t<\/div>\n\n\t\n\n\t<div id=\"col-208370999\" class=\"col medium-3 small-12 large-3\"  >\n\t\t\t\t<div class=\"col-inner\"  >\n\t\t\t\n\t\t\t\n\t<div id=\"gap-1078379402\" class=\"gap-element clearfix\" style=\"display:block; height:auto;\">\n\t\t\n<style>\n#gap-1078379402 {\n  padding-top: 30px;\n}\n<\/style>\n\t<\/div>\n\t\n<p><strong>\u00dcksikasjalikuma n\u00f5u saamiseks v\u00f5tke \u00fchendust:<br \/><\/strong>EUGESTA EESTI O\u00dc<br \/>Rukki tee 5<br \/>Lehmja k\u00fcla, Rae vald<br \/>75306<br \/>Harjumaa<br \/>+372 682 7782<\/p>\n\t\t<\/div>\n\t\t\t\t\t<\/div>\n\n\t\n<\/div>\n","protected":false},"excerpt":{"rendered":"","protected":false},"featured_media":180018,"comment_status":"closed","ping_status":"closed","template":"","meta":[],"product_brand":[],"product_cat":[2788,4216,4217,4328],"product_tag":[],"class_list":{"0":"post-179811","1":"product","2":"type-product","3":"status-publish","4":"has-post-thumbnail","6":"product_cat-aiatarbed-ja-kodukaubad","7":"product_cat-kodukeemia","8":"product_cat-kodukeemia-kodukeemia","9":"product_cat-wc-ja-vannitoa-puhastusvahendid","10":"pa_kaubamark-eugesta-eesti-as","12":"first","13":"instock","14":"sale","15":"taxable","16":"shipping-taxable","17":"purchasable","18":"product-type-simple"},"yoast_head":"<!-- This site is optimized with the Yoast SEO plugin v26.9 - https:\/\/yoast.com\/product\/yoast-seo-wordpress\/ -->\n<title>PUHASTUSVAHT CILLIT BANG 600ML - Espak E-pood<\/title>\n<meta name=\"robots\" content=\"index, follow, max-snippet:-1, max-image-preview:large, max-video-preview:-1\" \/>\n<link rel=\"canonical\" href=\"https:\/\/espak.ee\/epood\/toode\/puhastusvaht-cillit-bang-600ml\/\" \/>\n<meta property=\"og:locale\" content=\"et_EE\" \/>\n<meta property=\"og:type\" content=\"article\" \/>\n<meta property=\"og:title\" content=\"PUHASTUSVAHT CILLIT BANG 600ML - Espak E-pood\" \/>\n<meta property=\"og:url\" content=\"https:\/\/espak.ee\/epood\/toode\/puhastusvaht-cillit-bang-600ml\/\" \/>\n<meta property=\"og:site_name\" content=\"Espak E-pood\" \/>\n<meta property=\"article:modified_time\" content=\"2025-04-23T21:40:39+00:00\" \/>\n<meta property=\"og:image\" content=\"https:\/\/espak.ee\/epood\/wp-content\/uploads\/2023\/11\/0071429.jpg\" \/>\n\t<meta property=\"og:image:width\" content=\"800\" \/>\n\t<meta property=\"og:image:height\" content=\"800\" \/>\n\t<meta property=\"og:image:type\" content=\"image\/jpeg\" \/>\n<meta name=\"twitter:card\" content=\"summary_large_image\" \/>\n<meta name=\"twitter:label1\" content=\"Est. reading time\" \/>\n\t<meta name=\"twitter:data1\" content=\"2 minutit\" \/>\n<script type=\"application\/ld+json\" class=\"yoast-schema-graph\">{\"@context\":\"https:\/\/schema.org\",\"@graph\":[{\"@type\":\"WebPage\",\"@id\":\"https:\/\/espak.ee\/epood\/toode\/puhastusvaht-cillit-bang-600ml\/\",\"url\":\"https:\/\/espak.ee\/epood\/toode\/puhastusvaht-cillit-bang-600ml\/\",\"name\":\"PUHASTUSVAHT CILLIT BANG 600ML - Espak E-pood\",\"isPartOf\":{\"@id\":\"https:\/\/espak.ee\/epood\/#website\"},\"primaryImageOfPage\":{\"@id\":\"https:\/\/espak.ee\/epood\/toode\/puhastusvaht-cillit-bang-600ml\/#primaryimage\"},\"image\":{\"@id\":\"https:\/\/espak.ee\/epood\/toode\/puhastusvaht-cillit-bang-600ml\/#primaryimage\"},\"thumbnailUrl\":\"https:\/\/espak.ee\/epood\/wp-content\/uploads\/2023\/11\/0071429.jpg\",\"datePublished\":\"2023-11-18T03:05:02+00:00\",\"dateModified\":\"2025-04-23T21:40:39+00:00\",\"breadcrumb\":{\"@id\":\"https:\/\/espak.ee\/epood\/toode\/puhastusvaht-cillit-bang-600ml\/#breadcrumb\"},\"inLanguage\":\"et\",\"potentialAction\":[{\"@type\":\"ReadAction\",\"target\":[\"https:\/\/espak.ee\/epood\/toode\/puhastusvaht-cillit-bang-600ml\/\"]}]},{\"@type\":\"ImageObject\",\"inLanguage\":\"et\",\"@id\":\"https:\/\/espak.ee\/epood\/toode\/puhastusvaht-cillit-bang-600ml\/#primaryimage\",\"url\":\"https:\/\/espak.ee\/epood\/wp-content\/uploads\/2023\/11\/0071429.jpg\",\"contentUrl\":\"https:\/\/espak.ee\/epood\/wp-content\/uploads\/2023\/11\/0071429.jpg\",\"width\":800,\"height\":800},{\"@type\":\"BreadcrumbList\",\"@id\":\"https:\/\/espak.ee\/epood\/toode\/puhastusvaht-cillit-bang-600ml\/#breadcrumb\",\"itemListElement\":[{\"@type\":\"ListItem\",\"position\":1,\"name\":\"Home\",\"item\":\"https:\/\/espak.ee\/epood\/\"},{\"@type\":\"ListItem\",\"position\":2,\"name\":\"Tootevalik\",\"item\":\"https:\/\/espak.ee\/epood\/tootevalik\/\"},{\"@type\":\"ListItem\",\"position\":3,\"name\":\"PUHASTUSVAHT CILLIT BANG 600ML\"}]},{\"@type\":\"WebSite\",\"@id\":\"https:\/\/espak.ee\/epood\/#website\",\"url\":\"https:\/\/espak.ee\/epood\/\",\"name\":\"Espak E-pood\",\"description\":\"\",\"potentialAction\":[{\"@type\":\"SearchAction\",\"target\":{\"@type\":\"EntryPoint\",\"urlTemplate\":\"https:\/\/espak.ee\/epood\/?s={search_term_string}\"},\"query-input\":{\"@type\":\"PropertyValueSpecification\",\"valueRequired\":true,\"valueName\":\"search_term_string\"}}],\"inLanguage\":\"et\"}]}<\/script>\n<!-- \/ Yoast SEO plugin. -->","yoast_head_json":{"title":"PUHASTUSVAHT CILLIT BANG 600ML - Espak E-pood","robots":{"index":"index","follow":"follow","max-snippet":"max-snippet:-1","max-image-preview":"max-image-preview:large","max-video-preview":"max-video-preview:-1"},"canonical":"https:\/\/espak.ee\/epood\/toode\/puhastusvaht-cillit-bang-600ml\/","og_locale":"et_EE","og_type":"article","og_title":"PUHASTUSVAHT CILLIT BANG 600ML - Espak E-pood","og_url":"https:\/\/espak.ee\/epood\/toode\/puhastusvaht-cillit-bang-600ml\/","og_site_name":"Espak E-pood","article_modified_time":"2025-04-23T21:40:39+00:00","og_image":[{"width":800,"height":800,"url":"https:\/\/espak.ee\/epood\/wp-content\/uploads\/2023\/11\/0071429.jpg","type":"image\/jpeg"}],"twitter_card":"summary_large_image","twitter_misc":{"Est. reading time":"2 minutit"},"schema":{"@context":"https:\/\/schema.org","@graph":[{"@type":"WebPage","@id":"https:\/\/espak.ee\/epood\/toode\/puhastusvaht-cillit-bang-600ml\/","url":"https:\/\/espak.ee\/epood\/toode\/puhastusvaht-cillit-bang-600ml\/","name":"PUHASTUSVAHT CILLIT BANG 600ML - Espak E-pood","isPartOf":{"@id":"https:\/\/espak.ee\/epood\/#website"},"primaryImageOfPage":{"@id":"https:\/\/espak.ee\/epood\/toode\/puhastusvaht-cillit-bang-600ml\/#primaryimage"},"image":{"@id":"https:\/\/espak.ee\/epood\/toode\/puhastusvaht-cillit-bang-600ml\/#primaryimage"},"thumbnailUrl":"https:\/\/espak.ee\/epood\/wp-content\/uploads\/2023\/11\/0071429.jpg","datePublished":"2023-11-18T03:05:02+00:00","dateModified":"2025-04-23T21:40:39+00:00","breadcrumb":{"@id":"https:\/\/espak.ee\/epood\/toode\/puhastusvaht-cillit-bang-600ml\/#breadcrumb"},"inLanguage":"et","potentialAction":[{"@type":"ReadAction","target":["https:\/\/espak.ee\/epood\/toode\/puhastusvaht-cillit-bang-600ml\/"]}]},{"@type":"ImageObject","inLanguage":"et","@id":"https:\/\/espak.ee\/epood\/toode\/puhastusvaht-cillit-bang-600ml\/#primaryimage","url":"https:\/\/espak.ee\/epood\/wp-content\/uploads\/2023\/11\/0071429.jpg","contentUrl":"https:\/\/espak.ee\/epood\/wp-content\/uploads\/2023\/11\/0071429.jpg","width":800,"height":800},{"@type":"BreadcrumbList","@id":"https:\/\/espak.ee\/epood\/toode\/puhastusvaht-cillit-bang-600ml\/#breadcrumb","itemListElement":[{"@type":"ListItem","position":1,"name":"Home","item":"https:\/\/espak.ee\/epood\/"},{"@type":"ListItem","position":2,"name":"Tootevalik","item":"https:\/\/espak.ee\/epood\/tootevalik\/"},{"@type":"ListItem","position":3,"name":"PUHASTUSVAHT CILLIT BANG 600ML"}]},{"@type":"WebSite","@id":"https:\/\/espak.ee\/epood\/#website","url":"https:\/\/espak.ee\/epood\/","name":"Espak E-pood","description":"","potentialAction":[{"@type":"SearchAction","target":{"@type":"EntryPoint","urlTemplate":"https:\/\/espak.ee\/epood\/?s={search_term_string}"},"query-input":{"@type":"PropertyValueSpecification","valueRequired":true,"valueName":"search_term_string"}}],"inLanguage":"et"}]}},"_links":{"self":[{"href":"https:\/\/espak.ee\/epood\/wp-json\/wp\/v2\/product\/179811","targetHints":{"allow":["GET"]}}],"collection":[{"href":"https:\/\/espak.ee\/epood\/wp-json\/wp\/v2\/product"}],"about":[{"href":"https:\/\/espak.ee\/epood\/wp-json\/wp\/v2\/types\/product"}],"replies":[{"embeddable":true,"href":"https:\/\/espak.ee\/epood\/wp-json\/wp\/v2\/comments?post=179811"}],"wp:featuredmedia":[{"embeddable":true,"href":"https:\/\/espak.ee\/epood\/wp-json\/wp\/v2\/media\/180018"}],"wp:attachment":[{"href":"https:\/\/espak.ee\/epood\/wp-json\/wp\/v2\/media?parent=179811"}],"wp:term":[{"taxonomy":"product_brand","embeddable":true,"href":"https:\/\/espak.ee\/epood\/wp-json\/wp\/v2\/product_brand?post=179811"},{"taxonomy":"product_cat","embeddable":true,"href":"https:\/\/espak.ee\/epood\/wp-json\/wp\/v2\/product_cat?post=179811"},{"taxonomy":"product_tag","embeddable":true,"href":"https:\/\/espak.ee\/epood\/wp-json\/wp\/v2\/product_tag?post=179811"}],"curies":[{"name":"wp","href":"https:\/\/api.w.org\/{rel}","templated":true}]}}