{"id":179807,"date":"2023-11-18T05:05:02","date_gmt":"2023-11-18T03:05:02","guid":{"rendered":"https:\/\/espak.ee\/epood\/?post_type=product&#038;p=179807"},"modified":"2025-11-22T00:23:36","modified_gmt":"2025-11-21T22:23:36","slug":"torupuhastusvahend-tiret-05l","status":"publish","type":"product","link":"https:\/\/espak.ee\/epood\/toode\/torupuhastusvahend-tiret-05l\/","title":{"rendered":"TORUPUHASTUSVAHEND TIRET 0,5L"},"content":{"rendered":"<div class=\"row\"  id=\"row-327633724\">\n\n\t<div id=\"col-96298764\" class=\"col medium-9 small-12 large-9\"  >\n\t\t\t\t<div class=\"col-inner\"  >\n\t\t\t\n\t\t\t\n<h3>Torupuhastusvahend Tiret 500ml<\/h3>\n<p>Geel ummistuste likvideerimiseks torudes. Eemaldab v\u00e4ga tugevad ummistusted paremini ja kiiremini kui traditsioonilised meetodid ja vahendid. Geeli tihe konsistents v\u00f5imaldab tootel paremini s\u00fcgavale torusse tungida, isegi kui kraanikausis vett ei ole. Tapab bakterid ja eemaldab ebameeldivad l\u00f5hnad. Sobib ideaalselt ja on ohutu k\u00f5ikidele metall- ja plasttorudele.<\/p>\n<p><strong>Koostisosad:<\/strong><br \/>\nNaatriumh\u00fcdroksiid. Aktiivne koostis: 100g vedeliku kohta 4.5g naatriumh\u00fcpoklorit. Sisaldab alla 5% kloorvalgendajat amfoteersetele pindaktiivsetele ainetele. Sisaldab desinfektsioonivahendit.<\/p>\n<p><strong>Kasutusjuhend:<\/strong><br \/>\nKasutamine: Valage geel ettevaatlikult kanalisatsioonitoru avausse v\u00f5i tugeva ummistuse korral otse vette. 1 pudel on arvestatud 1-2 kasutuskorraks. J\u00e4tke 15 minutiks seisma. Tugevate ummistuste korral j\u00e4tke seisma tunduvalt pikemaks ajaks. Uhage vahend hoolikalt kuuma veega minema. Soovitatakse kasutada regulaarselt ummistustevastaseks prof\u00fclaktikaks (minimaalne kogus 1\/2 pudelit).<\/p>\n<p><strong>Ohutus:<\/strong><br \/>\nHoiatus: K\u00e4itlemisel t\u00e4ita ohutusn\u00f5udeid! Sisaldab biotsiidi. Enne kasutamist tutvuda kasutusjuhendiga. Sisaldab toimeainena naatriumh\u00fcpokloritit 4,5%. P\u00f5hjustab s\u00f6\u00f6vitust. Hoida lukustatult lastele k\u00e4ttesaamatus kohas. V\u00e4ltida kemikaali sattumist nahale ja silma. Nahale sattumisel v\u00f5tta seljast saastunud riietus ja pesta kohe rohke veega. \u00d5nnetusjuhtumi v\u00f5i halva enesetunde korral p\u00f6\u00f6rduda arsti poole (v\u00f5imaluse korral n\u00e4idata talle etiketti). Silma sattumisel loputada kohe rohke veega ja p\u00f6\u00f6rduda arsti poole. Kanda sobivat kaitseriietust, -kindaid ja silmade v\u00f5i n\u00e4okaitset. Allaneelamisel loputada suud veega (ainult juhul, kui isik on teadvusel). Kemikaal ja tema pakend tuleb viia ohtlike j\u00e4\u00e4tmete kogumiskohta. V\u00e4ga m\u00fcrgine veeorganismidele. Mitte kasutada koos teiste toodetega. V\u00f5ivad eralduda ohtlikud gaasid (kloor). V\u00e4ltida kemikaali sattumist keskkonda. Tutvuda erin\u00f5uetega\/ohutuskaardiga.\n<\/p>\n\t\t<\/div>\n\t\t\t\t\t<\/div>\n\n\t\n\n\t<div id=\"col-526425847\" class=\"col medium-3 small-12 large-3\"  >\n\t\t\t\t<div class=\"col-inner\"  >\n\t\t\t\n\t\t\t\n\t<div id=\"gap-2111354978\" class=\"gap-element clearfix\" style=\"display:block; height:auto;\">\n\t\t\n<style>\n#gap-2111354978 {\n  padding-top: 30px;\n}\n<\/style>\n\t<\/div>\n\t\n<p><strong>\u00dcksikasjalikuma n\u00f5u saamiseks v\u00f5tke \u00fchendust:<br \/><\/strong>EUGESTA EESTI O\u00dc<br \/>Rukki tee 5<br \/>Lehmja k\u00fcla, Rae vald<br \/>75306<br \/>Harjumaa<br \/>+372 682 7782<\/p>\n\t\t<\/div>\n\t\t\t\t\t<\/div>\n\n\t\n<\/div>\n","protected":false},"excerpt":{"rendered":"","protected":false},"featured_media":179974,"comment_status":"closed","ping_status":"closed","template":"","meta":[],"product_brand":[],"product_cat":[2788,4216,4217,4328],"product_tag":[],"class_list":{"0":"post-179807","1":"product","2":"type-product","3":"status-publish","4":"has-post-thumbnail","6":"product_cat-aiatarbed-ja-kodukaubad","7":"product_cat-kodukeemia","8":"product_cat-kodukeemia-kodukeemia","9":"product_cat-wc-ja-vannitoa-puhastusvahendid","10":"pa_kaubamark-sales-star-as","12":"first","13":"instock","14":"sale","15":"taxable","16":"shipping-taxable","17":"purchasable","18":"product-type-simple"},"yoast_head":"<!-- This site is optimized with the Yoast SEO plugin v26.9 - https:\/\/yoast.com\/product\/yoast-seo-wordpress\/ -->\n<title>TORUPUHASTUSVAHEND TIRET 0,5L - Espak E-pood<\/title>\n<meta name=\"robots\" content=\"index, follow, max-snippet:-1, max-image-preview:large, max-video-preview:-1\" \/>\n<link rel=\"canonical\" href=\"https:\/\/espak.ee\/epood\/toode\/torupuhastusvahend-tiret-05l\/\" \/>\n<meta property=\"og:locale\" content=\"et_EE\" \/>\n<meta property=\"og:type\" content=\"article\" \/>\n<meta property=\"og:title\" content=\"TORUPUHASTUSVAHEND TIRET 0,5L - Espak E-pood\" \/>\n<meta property=\"og:url\" content=\"https:\/\/espak.ee\/epood\/toode\/torupuhastusvahend-tiret-05l\/\" \/>\n<meta property=\"og:site_name\" content=\"Espak E-pood\" \/>\n<meta property=\"article:modified_time\" content=\"2025-11-21T22:23:36+00:00\" \/>\n<meta property=\"og:image\" content=\"https:\/\/espak.ee\/epood\/wp-content\/uploads\/2023\/11\/0071562.jpg\" \/>\n\t<meta property=\"og:image:width\" content=\"1000\" \/>\n\t<meta property=\"og:image:height\" content=\"1000\" \/>\n\t<meta property=\"og:image:type\" content=\"image\/jpeg\" \/>\n<meta name=\"twitter:card\" content=\"summary_large_image\" \/>\n<meta name=\"twitter:label1\" content=\"Est. reading time\" \/>\n\t<meta name=\"twitter:data1\" content=\"1 minut\" \/>\n<script type=\"application\/ld+json\" class=\"yoast-schema-graph\">{\"@context\":\"https:\/\/schema.org\",\"@graph\":[{\"@type\":\"WebPage\",\"@id\":\"https:\/\/espak.ee\/epood\/toode\/torupuhastusvahend-tiret-05l\/\",\"url\":\"https:\/\/espak.ee\/epood\/toode\/torupuhastusvahend-tiret-05l\/\",\"name\":\"TORUPUHASTUSVAHEND TIRET 0,5L - Espak E-pood\",\"isPartOf\":{\"@id\":\"https:\/\/espak.ee\/epood\/#website\"},\"primaryImageOfPage\":{\"@id\":\"https:\/\/espak.ee\/epood\/toode\/torupuhastusvahend-tiret-05l\/#primaryimage\"},\"image\":{\"@id\":\"https:\/\/espak.ee\/epood\/toode\/torupuhastusvahend-tiret-05l\/#primaryimage\"},\"thumbnailUrl\":\"https:\/\/espak.ee\/epood\/wp-content\/uploads\/2023\/11\/0071562.jpg\",\"datePublished\":\"2023-11-18T03:05:02+00:00\",\"dateModified\":\"2025-11-21T22:23:36+00:00\",\"breadcrumb\":{\"@id\":\"https:\/\/espak.ee\/epood\/toode\/torupuhastusvahend-tiret-05l\/#breadcrumb\"},\"inLanguage\":\"et\",\"potentialAction\":[{\"@type\":\"ReadAction\",\"target\":[\"https:\/\/espak.ee\/epood\/toode\/torupuhastusvahend-tiret-05l\/\"]}]},{\"@type\":\"ImageObject\",\"inLanguage\":\"et\",\"@id\":\"https:\/\/espak.ee\/epood\/toode\/torupuhastusvahend-tiret-05l\/#primaryimage\",\"url\":\"https:\/\/espak.ee\/epood\/wp-content\/uploads\/2023\/11\/0071562.jpg\",\"contentUrl\":\"https:\/\/espak.ee\/epood\/wp-content\/uploads\/2023\/11\/0071562.jpg\",\"width\":1000,\"height\":1000},{\"@type\":\"BreadcrumbList\",\"@id\":\"https:\/\/espak.ee\/epood\/toode\/torupuhastusvahend-tiret-05l\/#breadcrumb\",\"itemListElement\":[{\"@type\":\"ListItem\",\"position\":1,\"name\":\"Home\",\"item\":\"https:\/\/espak.ee\/epood\/\"},{\"@type\":\"ListItem\",\"position\":2,\"name\":\"Tootevalik\",\"item\":\"https:\/\/espak.ee\/epood\/tootevalik\/\"},{\"@type\":\"ListItem\",\"position\":3,\"name\":\"TORUPUHASTUSVAHEND TIRET 0,5L\"}]},{\"@type\":\"WebSite\",\"@id\":\"https:\/\/espak.ee\/epood\/#website\",\"url\":\"https:\/\/espak.ee\/epood\/\",\"name\":\"Espak E-pood\",\"description\":\"\",\"potentialAction\":[{\"@type\":\"SearchAction\",\"target\":{\"@type\":\"EntryPoint\",\"urlTemplate\":\"https:\/\/espak.ee\/epood\/?s={search_term_string}\"},\"query-input\":{\"@type\":\"PropertyValueSpecification\",\"valueRequired\":true,\"valueName\":\"search_term_string\"}}],\"inLanguage\":\"et\"}]}<\/script>\n<!-- \/ Yoast SEO plugin. -->","yoast_head_json":{"title":"TORUPUHASTUSVAHEND TIRET 0,5L - Espak E-pood","robots":{"index":"index","follow":"follow","max-snippet":"max-snippet:-1","max-image-preview":"max-image-preview:large","max-video-preview":"max-video-preview:-1"},"canonical":"https:\/\/espak.ee\/epood\/toode\/torupuhastusvahend-tiret-05l\/","og_locale":"et_EE","og_type":"article","og_title":"TORUPUHASTUSVAHEND TIRET 0,5L - Espak E-pood","og_url":"https:\/\/espak.ee\/epood\/toode\/torupuhastusvahend-tiret-05l\/","og_site_name":"Espak E-pood","article_modified_time":"2025-11-21T22:23:36+00:00","og_image":[{"width":1000,"height":1000,"url":"https:\/\/espak.ee\/epood\/wp-content\/uploads\/2023\/11\/0071562.jpg","type":"image\/jpeg"}],"twitter_card":"summary_large_image","twitter_misc":{"Est. reading time":"1 minut"},"schema":{"@context":"https:\/\/schema.org","@graph":[{"@type":"WebPage","@id":"https:\/\/espak.ee\/epood\/toode\/torupuhastusvahend-tiret-05l\/","url":"https:\/\/espak.ee\/epood\/toode\/torupuhastusvahend-tiret-05l\/","name":"TORUPUHASTUSVAHEND TIRET 0,5L - Espak E-pood","isPartOf":{"@id":"https:\/\/espak.ee\/epood\/#website"},"primaryImageOfPage":{"@id":"https:\/\/espak.ee\/epood\/toode\/torupuhastusvahend-tiret-05l\/#primaryimage"},"image":{"@id":"https:\/\/espak.ee\/epood\/toode\/torupuhastusvahend-tiret-05l\/#primaryimage"},"thumbnailUrl":"https:\/\/espak.ee\/epood\/wp-content\/uploads\/2023\/11\/0071562.jpg","datePublished":"2023-11-18T03:05:02+00:00","dateModified":"2025-11-21T22:23:36+00:00","breadcrumb":{"@id":"https:\/\/espak.ee\/epood\/toode\/torupuhastusvahend-tiret-05l\/#breadcrumb"},"inLanguage":"et","potentialAction":[{"@type":"ReadAction","target":["https:\/\/espak.ee\/epood\/toode\/torupuhastusvahend-tiret-05l\/"]}]},{"@type":"ImageObject","inLanguage":"et","@id":"https:\/\/espak.ee\/epood\/toode\/torupuhastusvahend-tiret-05l\/#primaryimage","url":"https:\/\/espak.ee\/epood\/wp-content\/uploads\/2023\/11\/0071562.jpg","contentUrl":"https:\/\/espak.ee\/epood\/wp-content\/uploads\/2023\/11\/0071562.jpg","width":1000,"height":1000},{"@type":"BreadcrumbList","@id":"https:\/\/espak.ee\/epood\/toode\/torupuhastusvahend-tiret-05l\/#breadcrumb","itemListElement":[{"@type":"ListItem","position":1,"name":"Home","item":"https:\/\/espak.ee\/epood\/"},{"@type":"ListItem","position":2,"name":"Tootevalik","item":"https:\/\/espak.ee\/epood\/tootevalik\/"},{"@type":"ListItem","position":3,"name":"TORUPUHASTUSVAHEND TIRET 0,5L"}]},{"@type":"WebSite","@id":"https:\/\/espak.ee\/epood\/#website","url":"https:\/\/espak.ee\/epood\/","name":"Espak E-pood","description":"","potentialAction":[{"@type":"SearchAction","target":{"@type":"EntryPoint","urlTemplate":"https:\/\/espak.ee\/epood\/?s={search_term_string}"},"query-input":{"@type":"PropertyValueSpecification","valueRequired":true,"valueName":"search_term_string"}}],"inLanguage":"et"}]}},"_links":{"self":[{"href":"https:\/\/espak.ee\/epood\/wp-json\/wp\/v2\/product\/179807","targetHints":{"allow":["GET"]}}],"collection":[{"href":"https:\/\/espak.ee\/epood\/wp-json\/wp\/v2\/product"}],"about":[{"href":"https:\/\/espak.ee\/epood\/wp-json\/wp\/v2\/types\/product"}],"replies":[{"embeddable":true,"href":"https:\/\/espak.ee\/epood\/wp-json\/wp\/v2\/comments?post=179807"}],"wp:featuredmedia":[{"embeddable":true,"href":"https:\/\/espak.ee\/epood\/wp-json\/wp\/v2\/media\/179974"}],"wp:attachment":[{"href":"https:\/\/espak.ee\/epood\/wp-json\/wp\/v2\/media?parent=179807"}],"wp:term":[{"taxonomy":"product_brand","embeddable":true,"href":"https:\/\/espak.ee\/epood\/wp-json\/wp\/v2\/product_brand?post=179807"},{"taxonomy":"product_cat","embeddable":true,"href":"https:\/\/espak.ee\/epood\/wp-json\/wp\/v2\/product_cat?post=179807"},{"taxonomy":"product_tag","embeddable":true,"href":"https:\/\/espak.ee\/epood\/wp-json\/wp\/v2\/product_tag?post=179807"}],"curies":[{"name":"wp","href":"https:\/\/api.w.org\/{rel}","templated":true}]}}