{"id":178903,"date":"2023-11-11T05:10:03","date_gmt":"2023-11-11T03:10:03","guid":{"rendered":"https:\/\/espak.ee\/epood\/?post_type=product&#038;p=178903"},"modified":"2026-03-18T11:16:36","modified_gmt":"2026-03-18T09:16:36","slug":"wc-istelaud-grohe-bau-soft-close","status":"publish","type":"product","link":"https:\/\/espak.ee\/epood\/toode\/wc-istelaud-grohe-bau-soft-close\/","title":{"rendered":"WC ISTELAUD GROHE BAU SOFT CLOSE"},"content":{"rendered":"<div class=\"row\"  id=\"row-1227818420\">\n\n\t<div id=\"col-1274932277\" class=\"col medium-9 small-12 large-9\"  >\n\t\t\t\t<div class=\"col-inner\"  >\n\t\t\t\n\t\t\t\n<h2>WC-istelaud Grohe Bau Ceramic Soft close <\/h2>\n<p>Eriti \u00f5huke GROHE Bau WC prill-laud on teie uue vannitoa  jaoks t\u00e4iuslik viimistlus koos nutikate funktsioonidega, mida te hindate. Prill-laua kiire eemaldamise funktsioon, mis on kavandatud GROHE Bau keraamiliste tootevaliku t\u00e4iuslikuks t\u00e4iendamiseks ja on valmistatud vastupidavast Duroplastist, teeb puhastamise lihtsaks &#8211; iste kinnitatakse poti k\u00fclge kiirvabastavate hingega.<br \/>\n Lisaks tagab GROHE SoftClose, et kaas ja iste liiguvad aeglaselt ja sujuvalt, v\u00e4ltides m\u00fcra. Iste sisaldab roostevabast terasest kinnituskomplekti.<br \/>\n Kui valite GROHE keraamika, saate kasu GROHE globaalsest sanitaartehniliste asjatundjate eksperdist ning lisaks 100-aastasele tehnilisele tipptasemele ja kompetentsile LIXIL-ist, juhtivast pinnatehnoloogia kaubam\u00e4rgist. GROHE Bau keraamika &#8211; mitmek\u00fclgne moodsa elu jaoks, soodsa hinnaga.<br \/>\nIdeaalne kombineerimiseks GROHE Bau keraamiliste p\u00f5randal asuvate WC-pottidega v\u00f5i seinale paigaldatava versiooniga (39427000).<\/p>\n\t<div id=\"gap-628642663\" class=\"gap-element clearfix\" style=\"display:block; height:auto;\">\n\t\t\n<style>\n#gap-628642663 {\n  padding-top: 30px;\n}\n<\/style>\n\t<\/div>\n\t\n\t\t<\/div>\n\t\t\t\t\t<\/div>\n\n\t\n\n\t<div id=\"col-2046490713\" class=\"col medium-3 small-12 large-3\"  >\n\t\t\t\t<div class=\"col-inner\"  >\n\t\t\t\n\t\t\t\n\t<div id=\"gap-1879361689\" class=\"gap-element clearfix\" style=\"display:block; height:auto;\">\n\t\t\n<style>\n#gap-1879361689 {\n  padding-top: 30px;\n}\n<\/style>\n\t<\/div>\n\t\n<h3>Paigaldusjuhend<\/h3>\n<p><a href=\"https:\/\/espak.ee\/epood\/wp-content\/uploads\/2023\/11\/100127308.pdf\"target=\"_blank\" rel=\"noopener noreferrer\"><i class=\"far fa-file-pdf\"><\/i> Paigaldusjuhend (PDF)<\/a><\/p>\n<div class=\"is-divider divider clearfix\" ><\/div>\n<p><strong>\u00dcksikasjalikuma n\u00f5u saamiseks v\u00f5tke \u00fchendust:<br \/><\/strong>Grohe AG Eesti filiaal<br \/>Tartu mnt 16<br \/>10117<br \/>Tallinn<br \/>+372 6616354<\/p>\n<div class=\"is-divider divider clearfix\" ><\/div>\n\t\t<\/div>\n\t\t\t\t\t<\/div>\n\n\t\n<\/div>\n","protected":false},"excerpt":{"rendered":"","protected":false},"featured_media":182834,"comment_status":"closed","ping_status":"closed","template":"","meta":[],"product_brand":[],"product_cat":[2819,2820,2839,2841],"product_tag":[],"class_list":{"0":"post-178903","1":"product","2":"type-product","3":"status-publish","4":"has-post-thumbnail","6":"product_cat-sanitaartehnika","7":"product_cat-sanitaartehnika-sanitaartehnika","8":"product_cat-wc-potid","9":"product_cat-wc-potid-tahavooluga","10":"pa_kaubamark-grohe-a-g","12":"first","13":"instock","14":"sale","15":"taxable","16":"shipping-taxable","17":"purchasable","18":"product-type-simple"},"yoast_head":"<!-- This site is optimized with the Yoast SEO plugin v26.9 - https:\/\/yoast.com\/product\/yoast-seo-wordpress\/ -->\n<title>WC ISTELAUD GROHE BAU SOFT CLOSE - Espak E-pood<\/title>\n<meta name=\"robots\" content=\"index, follow, max-snippet:-1, max-image-preview:large, max-video-preview:-1\" \/>\n<link rel=\"canonical\" href=\"https:\/\/espak.ee\/epood\/toode\/wc-istelaud-grohe-bau-soft-close\/\" \/>\n<meta property=\"og:locale\" content=\"et_EE\" \/>\n<meta property=\"og:type\" content=\"article\" \/>\n<meta property=\"og:title\" content=\"WC ISTELAUD GROHE BAU SOFT CLOSE - Espak E-pood\" \/>\n<meta property=\"og:url\" content=\"https:\/\/espak.ee\/epood\/toode\/wc-istelaud-grohe-bau-soft-close\/\" \/>\n<meta property=\"og:site_name\" content=\"Espak E-pood\" \/>\n<meta property=\"article:modified_time\" content=\"2026-03-18T09:16:36+00:00\" \/>\n<meta property=\"og:image\" content=\"https:\/\/espak.ee\/epood\/wp-content\/uploads\/2023\/11\/39493000_1_1.jpg\" \/>\n\t<meta property=\"og:image:width\" content=\"1280\" \/>\n\t<meta property=\"og:image:height\" content=\"1280\" \/>\n\t<meta property=\"og:image:type\" content=\"image\/jpeg\" \/>\n<meta name=\"twitter:card\" content=\"summary_large_image\" \/>\n<meta name=\"twitter:label1\" content=\"Est. reading time\" \/>\n\t<meta name=\"twitter:data1\" content=\"1 minut\" \/>\n<script type=\"application\/ld+json\" class=\"yoast-schema-graph\">{\"@context\":\"https:\/\/schema.org\",\"@graph\":[{\"@type\":\"WebPage\",\"@id\":\"https:\/\/espak.ee\/epood\/toode\/wc-istelaud-grohe-bau-soft-close\/\",\"url\":\"https:\/\/espak.ee\/epood\/toode\/wc-istelaud-grohe-bau-soft-close\/\",\"name\":\"WC ISTELAUD GROHE BAU SOFT CLOSE - Espak E-pood\",\"isPartOf\":{\"@id\":\"https:\/\/espak.ee\/epood\/#website\"},\"primaryImageOfPage\":{\"@id\":\"https:\/\/espak.ee\/epood\/toode\/wc-istelaud-grohe-bau-soft-close\/#primaryimage\"},\"image\":{\"@id\":\"https:\/\/espak.ee\/epood\/toode\/wc-istelaud-grohe-bau-soft-close\/#primaryimage\"},\"thumbnailUrl\":\"https:\/\/espak.ee\/epood\/wp-content\/uploads\/2023\/11\/39493000_1_1.jpg\",\"datePublished\":\"2023-11-11T03:10:03+00:00\",\"dateModified\":\"2026-03-18T09:16:36+00:00\",\"breadcrumb\":{\"@id\":\"https:\/\/espak.ee\/epood\/toode\/wc-istelaud-grohe-bau-soft-close\/#breadcrumb\"},\"inLanguage\":\"et\",\"potentialAction\":[{\"@type\":\"ReadAction\",\"target\":[\"https:\/\/espak.ee\/epood\/toode\/wc-istelaud-grohe-bau-soft-close\/\"]}]},{\"@type\":\"ImageObject\",\"inLanguage\":\"et\",\"@id\":\"https:\/\/espak.ee\/epood\/toode\/wc-istelaud-grohe-bau-soft-close\/#primaryimage\",\"url\":\"https:\/\/espak.ee\/epood\/wp-content\/uploads\/2023\/11\/39493000_1_1.jpg\",\"contentUrl\":\"https:\/\/espak.ee\/epood\/wp-content\/uploads\/2023\/11\/39493000_1_1.jpg\",\"width\":1280,\"height\":1280},{\"@type\":\"BreadcrumbList\",\"@id\":\"https:\/\/espak.ee\/epood\/toode\/wc-istelaud-grohe-bau-soft-close\/#breadcrumb\",\"itemListElement\":[{\"@type\":\"ListItem\",\"position\":1,\"name\":\"Home\",\"item\":\"https:\/\/espak.ee\/epood\/\"},{\"@type\":\"ListItem\",\"position\":2,\"name\":\"Tootevalik\",\"item\":\"https:\/\/espak.ee\/epood\/tootevalik\/\"},{\"@type\":\"ListItem\",\"position\":3,\"name\":\"WC ISTELAUD GROHE BAU SOFT CLOSE\"}]},{\"@type\":\"WebSite\",\"@id\":\"https:\/\/espak.ee\/epood\/#website\",\"url\":\"https:\/\/espak.ee\/epood\/\",\"name\":\"Espak E-pood\",\"description\":\"\",\"potentialAction\":[{\"@type\":\"SearchAction\",\"target\":{\"@type\":\"EntryPoint\",\"urlTemplate\":\"https:\/\/espak.ee\/epood\/?s={search_term_string}\"},\"query-input\":{\"@type\":\"PropertyValueSpecification\",\"valueRequired\":true,\"valueName\":\"search_term_string\"}}],\"inLanguage\":\"et\"}]}<\/script>\n<!-- \/ Yoast SEO plugin. -->","yoast_head_json":{"title":"WC ISTELAUD GROHE BAU SOFT CLOSE - Espak E-pood","robots":{"index":"index","follow":"follow","max-snippet":"max-snippet:-1","max-image-preview":"max-image-preview:large","max-video-preview":"max-video-preview:-1"},"canonical":"https:\/\/espak.ee\/epood\/toode\/wc-istelaud-grohe-bau-soft-close\/","og_locale":"et_EE","og_type":"article","og_title":"WC ISTELAUD GROHE BAU SOFT CLOSE - Espak E-pood","og_url":"https:\/\/espak.ee\/epood\/toode\/wc-istelaud-grohe-bau-soft-close\/","og_site_name":"Espak E-pood","article_modified_time":"2026-03-18T09:16:36+00:00","og_image":[{"width":1280,"height":1280,"url":"https:\/\/espak.ee\/epood\/wp-content\/uploads\/2023\/11\/39493000_1_1.jpg","type":"image\/jpeg"}],"twitter_card":"summary_large_image","twitter_misc":{"Est. reading time":"1 minut"},"schema":{"@context":"https:\/\/schema.org","@graph":[{"@type":"WebPage","@id":"https:\/\/espak.ee\/epood\/toode\/wc-istelaud-grohe-bau-soft-close\/","url":"https:\/\/espak.ee\/epood\/toode\/wc-istelaud-grohe-bau-soft-close\/","name":"WC ISTELAUD GROHE BAU SOFT CLOSE - Espak E-pood","isPartOf":{"@id":"https:\/\/espak.ee\/epood\/#website"},"primaryImageOfPage":{"@id":"https:\/\/espak.ee\/epood\/toode\/wc-istelaud-grohe-bau-soft-close\/#primaryimage"},"image":{"@id":"https:\/\/espak.ee\/epood\/toode\/wc-istelaud-grohe-bau-soft-close\/#primaryimage"},"thumbnailUrl":"https:\/\/espak.ee\/epood\/wp-content\/uploads\/2023\/11\/39493000_1_1.jpg","datePublished":"2023-11-11T03:10:03+00:00","dateModified":"2026-03-18T09:16:36+00:00","breadcrumb":{"@id":"https:\/\/espak.ee\/epood\/toode\/wc-istelaud-grohe-bau-soft-close\/#breadcrumb"},"inLanguage":"et","potentialAction":[{"@type":"ReadAction","target":["https:\/\/espak.ee\/epood\/toode\/wc-istelaud-grohe-bau-soft-close\/"]}]},{"@type":"ImageObject","inLanguage":"et","@id":"https:\/\/espak.ee\/epood\/toode\/wc-istelaud-grohe-bau-soft-close\/#primaryimage","url":"https:\/\/espak.ee\/epood\/wp-content\/uploads\/2023\/11\/39493000_1_1.jpg","contentUrl":"https:\/\/espak.ee\/epood\/wp-content\/uploads\/2023\/11\/39493000_1_1.jpg","width":1280,"height":1280},{"@type":"BreadcrumbList","@id":"https:\/\/espak.ee\/epood\/toode\/wc-istelaud-grohe-bau-soft-close\/#breadcrumb","itemListElement":[{"@type":"ListItem","position":1,"name":"Home","item":"https:\/\/espak.ee\/epood\/"},{"@type":"ListItem","position":2,"name":"Tootevalik","item":"https:\/\/espak.ee\/epood\/tootevalik\/"},{"@type":"ListItem","position":3,"name":"WC ISTELAUD GROHE BAU SOFT CLOSE"}]},{"@type":"WebSite","@id":"https:\/\/espak.ee\/epood\/#website","url":"https:\/\/espak.ee\/epood\/","name":"Espak E-pood","description":"","potentialAction":[{"@type":"SearchAction","target":{"@type":"EntryPoint","urlTemplate":"https:\/\/espak.ee\/epood\/?s={search_term_string}"},"query-input":{"@type":"PropertyValueSpecification","valueRequired":true,"valueName":"search_term_string"}}],"inLanguage":"et"}]}},"_links":{"self":[{"href":"https:\/\/espak.ee\/epood\/wp-json\/wp\/v2\/product\/178903","targetHints":{"allow":["GET"]}}],"collection":[{"href":"https:\/\/espak.ee\/epood\/wp-json\/wp\/v2\/product"}],"about":[{"href":"https:\/\/espak.ee\/epood\/wp-json\/wp\/v2\/types\/product"}],"replies":[{"embeddable":true,"href":"https:\/\/espak.ee\/epood\/wp-json\/wp\/v2\/comments?post=178903"}],"wp:featuredmedia":[{"embeddable":true,"href":"https:\/\/espak.ee\/epood\/wp-json\/wp\/v2\/media\/182834"}],"wp:attachment":[{"href":"https:\/\/espak.ee\/epood\/wp-json\/wp\/v2\/media?parent=178903"}],"wp:term":[{"taxonomy":"product_brand","embeddable":true,"href":"https:\/\/espak.ee\/epood\/wp-json\/wp\/v2\/product_brand?post=178903"},{"taxonomy":"product_cat","embeddable":true,"href":"https:\/\/espak.ee\/epood\/wp-json\/wp\/v2\/product_cat?post=178903"},{"taxonomy":"product_tag","embeddable":true,"href":"https:\/\/espak.ee\/epood\/wp-json\/wp\/v2\/product_tag?post=178903"}],"curies":[{"name":"wp","href":"https:\/\/api.w.org\/{rel}","templated":true}]}}