{"id":178788,"date":"2023-11-10T05:05:09","date_gmt":"2023-11-10T03:05:09","guid":{"rendered":"https:\/\/espak.ee\/epood\/?post_type=product&#038;p=178788"},"modified":"2024-03-23T00:58:48","modified_gmt":"2024-03-22T22:58:48","slug":"koogisegisti-grohe-eurosmart-kroom-2","status":"publish","type":"product","link":"https:\/\/espak.ee\/epood\/toode\/koogisegisti-grohe-eurosmart-kroom-2\/","title":{"rendered":"K\u00d6\u00d6GISEGISTI GROHE EUROSMART KROOM"},"content":{"rendered":"<div class=\"row\"  id=\"row-1903482507\">\n\n\t<div id=\"col-1679355932\" class=\"col medium-9 small-12 large-9\"  >\n\t\t\t\t<div class=\"col-inner\"  >\n\t\t\t\n\t\t\t\n<h2>K\u00f6\u00f6gisegisti Grohe Eurosmart kroom<\/h2>\n<p>GROHE Eurosmarti \u00fche hoova ja efektse kaarja tilaga valamusegisti on lihtne viis lisada k\u00f6\u00f6ki stiili ja praktilisust. See disainiklassika on l\u00e4binud t\u00e4nap\u00e4evase k\u00f6\u00f6gi n\u00f5uetele vastava uuenduskuuri ning omandanud moodsa \u00f5hukese profiili ja 35% k\u00f5rgema tila, et seda oleks veelgi mugavam kasutada.<br \/>\n See k\u00f6\u00f6gisegisti on ette n\u00e4htud \u00fche avaga paigalduse jaoks. Saate tila p\u00f6\u00f6rdeulatust reguleerida 0\u00b0, 90\u00b0 v\u00f5i 360\u00b0, mis tagab t\u00e4ieliku kontrolli ja paindliku kasutamise, nii et saate h\u00f5lpsalt kahe valamu vahel valida v\u00f5i lukustada tila kindlasse asendisse.<br \/>\n K\u00e4ep\u00e4rane sisseehitatud sulgurventiil takistab kontrollimatut vee sissevoolu teie n\u00f5udepesumasinasse. GROHE SilkMove ESi s\u00fcdamikutehnoloogia tagab sujuva ja t\u00e4pse reguleerimise kogu kasutusaja v\u00e4ltel ning kui hoob on keskmises asendis, voolab vaid k\u00fclma vett, mis hoiab kokku ka energiat ja raha. Reguleeritav vooluhulga piirik hoiab kokku vett ja raha. L\u00e4ikiv GROHE StarLighti kroomviimistlus on kriimustuskindel ja tagab s\u00e4rava pinna paljudeks aastateks. GROHE FastFixation Plus Set t\u00e4hendab, et k\u00f6\u00f6gisegistit saab paigaldada lihtsalt ja kiiresti, ilma et oleks vaja spetsiaalseid t\u00f6\u00f6riistu.<br \/>\nSelle segisti korral on soovitatav surve v\u00e4hemalt 1,0\u00a0bar.<\/p>\n\t<div id=\"gap-1149509254\" class=\"gap-element clearfix\" style=\"display:block; height:auto;\">\n\t\t\n<style>\n#gap-1149509254 {\n  padding-top: 30px;\n}\n<\/style>\n\t<\/div>\n\t\n\t\t<\/div>\n\t\t\t\t\t<\/div>\n\n\t\n\n\t<div id=\"col-2053416636\" class=\"col medium-3 small-12 large-3\"  >\n\t\t\t\t<div class=\"col-inner\"  >\n\t\t\t\n\t\t\t\n\t<div id=\"gap-1461524326\" class=\"gap-element clearfix\" style=\"display:block; height:auto;\">\n\t\t\n<style>\n#gap-1461524326 {\n  padding-top: 30px;\n}\n<\/style>\n\t<\/div>\n\t\n<h3>Paigaldusjuhend<\/h3>\n<p><a href=\"https:\/\/espak.ee\/epood\/wp-content\/uploads\/2023\/11\/100202653.pdf\"target=\"_blank\" rel=\"noopener noreferrer\"><i class=\"far fa-file-pdf\"><\/i> Paigaldusjuhend (PDF)<\/a><\/p>\n<div class=\"is-divider divider clearfix\" ><\/div>\n<p><strong>\u00dcksikasjalikuma n\u00f5u saamiseks v\u00f5tke \u00fchendust:<br \/><\/strong>Grohe AG Eesti filiaal<br \/>Tartu mnt 16<br \/>10117<br \/>Tallinn<br \/>+372 6616354<\/p>\n<div class=\"is-divider divider clearfix\" ><\/div>\n\t\t<\/div>\n\t\t\t\t\t<\/div>\n\n\t\n<\/div>\n","protected":false},"excerpt":{"rendered":"","protected":false},"featured_media":182899,"comment_status":"closed","ping_status":"closed","template":"","meta":[],"product_brand":[],"product_cat":[2826,2819,2820,2821],"product_tag":[],"class_list":{"0":"post-178788","1":"product","2":"type-product","3":"status-publish","4":"has-post-thumbnail","6":"product_cat-koogisegistid","7":"product_cat-sanitaartehnika","8":"product_cat-sanitaartehnika-sanitaartehnika","9":"product_cat-segistid","10":"pa_kaubamark-grohe-a-g","12":"first","13":"instock","14":"sale","15":"taxable","16":"shipping-taxable","17":"purchasable","18":"product-type-simple"},"yoast_head":"<!-- This site is optimized with the Yoast SEO plugin v26.9 - https:\/\/yoast.com\/product\/yoast-seo-wordpress\/ -->\n<title>K\u00d6\u00d6GISEGISTI GROHE EUROSMART KROOM - Espak E-pood<\/title>\n<meta name=\"robots\" content=\"index, follow, max-snippet:-1, max-image-preview:large, max-video-preview:-1\" \/>\n<link rel=\"canonical\" href=\"https:\/\/espak.ee\/epood\/toode\/koogisegisti-grohe-eurosmart-kroom-2\/\" \/>\n<meta property=\"og:locale\" content=\"et_EE\" \/>\n<meta property=\"og:type\" content=\"article\" \/>\n<meta property=\"og:title\" content=\"K\u00d6\u00d6GISEGISTI GROHE EUROSMART KROOM - Espak E-pood\" \/>\n<meta property=\"og:url\" content=\"https:\/\/espak.ee\/epood\/toode\/koogisegisti-grohe-eurosmart-kroom-2\/\" \/>\n<meta property=\"og:site_name\" content=\"Espak E-pood\" \/>\n<meta property=\"article:modified_time\" content=\"2024-03-22T22:58:48+00:00\" \/>\n<meta property=\"og:image\" content=\"https:\/\/espak.ee\/epood\/wp-content\/uploads\/2023\/11\/31786001_1_1.jpg\" \/>\n\t<meta property=\"og:image:width\" content=\"1280\" \/>\n\t<meta property=\"og:image:height\" content=\"1280\" \/>\n\t<meta property=\"og:image:type\" content=\"image\/jpeg\" \/>\n<meta name=\"twitter:card\" content=\"summary_large_image\" \/>\n<meta name=\"twitter:label1\" content=\"Est. reading time\" \/>\n\t<meta name=\"twitter:data1\" content=\"1 minut\" \/>\n<script type=\"application\/ld+json\" class=\"yoast-schema-graph\">{\"@context\":\"https:\/\/schema.org\",\"@graph\":[{\"@type\":\"WebPage\",\"@id\":\"https:\/\/espak.ee\/epood\/toode\/koogisegisti-grohe-eurosmart-kroom-2\/\",\"url\":\"https:\/\/espak.ee\/epood\/toode\/koogisegisti-grohe-eurosmart-kroom-2\/\",\"name\":\"K\u00d6\u00d6GISEGISTI GROHE EUROSMART KROOM - Espak E-pood\",\"isPartOf\":{\"@id\":\"https:\/\/espak.ee\/epood\/#website\"},\"primaryImageOfPage\":{\"@id\":\"https:\/\/espak.ee\/epood\/toode\/koogisegisti-grohe-eurosmart-kroom-2\/#primaryimage\"},\"image\":{\"@id\":\"https:\/\/espak.ee\/epood\/toode\/koogisegisti-grohe-eurosmart-kroom-2\/#primaryimage\"},\"thumbnailUrl\":\"https:\/\/espak.ee\/epood\/wp-content\/uploads\/2023\/11\/31786001_1_1.jpg\",\"datePublished\":\"2023-11-10T03:05:09+00:00\",\"dateModified\":\"2024-03-22T22:58:48+00:00\",\"breadcrumb\":{\"@id\":\"https:\/\/espak.ee\/epood\/toode\/koogisegisti-grohe-eurosmart-kroom-2\/#breadcrumb\"},\"inLanguage\":\"et\",\"potentialAction\":[{\"@type\":\"ReadAction\",\"target\":[\"https:\/\/espak.ee\/epood\/toode\/koogisegisti-grohe-eurosmart-kroom-2\/\"]}]},{\"@type\":\"ImageObject\",\"inLanguage\":\"et\",\"@id\":\"https:\/\/espak.ee\/epood\/toode\/koogisegisti-grohe-eurosmart-kroom-2\/#primaryimage\",\"url\":\"https:\/\/espak.ee\/epood\/wp-content\/uploads\/2023\/11\/31786001_1_1.jpg\",\"contentUrl\":\"https:\/\/espak.ee\/epood\/wp-content\/uploads\/2023\/11\/31786001_1_1.jpg\",\"width\":1280,\"height\":1280},{\"@type\":\"BreadcrumbList\",\"@id\":\"https:\/\/espak.ee\/epood\/toode\/koogisegisti-grohe-eurosmart-kroom-2\/#breadcrumb\",\"itemListElement\":[{\"@type\":\"ListItem\",\"position\":1,\"name\":\"Home\",\"item\":\"https:\/\/espak.ee\/epood\/\"},{\"@type\":\"ListItem\",\"position\":2,\"name\":\"Tootevalik\",\"item\":\"https:\/\/espak.ee\/epood\/tootevalik\/\"},{\"@type\":\"ListItem\",\"position\":3,\"name\":\"K\u00d6\u00d6GISEGISTI GROHE EUROSMART KROOM\"}]},{\"@type\":\"WebSite\",\"@id\":\"https:\/\/espak.ee\/epood\/#website\",\"url\":\"https:\/\/espak.ee\/epood\/\",\"name\":\"Espak E-pood\",\"description\":\"\",\"potentialAction\":[{\"@type\":\"SearchAction\",\"target\":{\"@type\":\"EntryPoint\",\"urlTemplate\":\"https:\/\/espak.ee\/epood\/?s={search_term_string}\"},\"query-input\":{\"@type\":\"PropertyValueSpecification\",\"valueRequired\":true,\"valueName\":\"search_term_string\"}}],\"inLanguage\":\"et\"}]}<\/script>\n<!-- \/ Yoast SEO plugin. -->","yoast_head_json":{"title":"K\u00d6\u00d6GISEGISTI GROHE EUROSMART KROOM - Espak E-pood","robots":{"index":"index","follow":"follow","max-snippet":"max-snippet:-1","max-image-preview":"max-image-preview:large","max-video-preview":"max-video-preview:-1"},"canonical":"https:\/\/espak.ee\/epood\/toode\/koogisegisti-grohe-eurosmart-kroom-2\/","og_locale":"et_EE","og_type":"article","og_title":"K\u00d6\u00d6GISEGISTI GROHE EUROSMART KROOM - Espak E-pood","og_url":"https:\/\/espak.ee\/epood\/toode\/koogisegisti-grohe-eurosmart-kroom-2\/","og_site_name":"Espak E-pood","article_modified_time":"2024-03-22T22:58:48+00:00","og_image":[{"width":1280,"height":1280,"url":"https:\/\/espak.ee\/epood\/wp-content\/uploads\/2023\/11\/31786001_1_1.jpg","type":"image\/jpeg"}],"twitter_card":"summary_large_image","twitter_misc":{"Est. reading time":"1 minut"},"schema":{"@context":"https:\/\/schema.org","@graph":[{"@type":"WebPage","@id":"https:\/\/espak.ee\/epood\/toode\/koogisegisti-grohe-eurosmart-kroom-2\/","url":"https:\/\/espak.ee\/epood\/toode\/koogisegisti-grohe-eurosmart-kroom-2\/","name":"K\u00d6\u00d6GISEGISTI GROHE EUROSMART KROOM - Espak E-pood","isPartOf":{"@id":"https:\/\/espak.ee\/epood\/#website"},"primaryImageOfPage":{"@id":"https:\/\/espak.ee\/epood\/toode\/koogisegisti-grohe-eurosmart-kroom-2\/#primaryimage"},"image":{"@id":"https:\/\/espak.ee\/epood\/toode\/koogisegisti-grohe-eurosmart-kroom-2\/#primaryimage"},"thumbnailUrl":"https:\/\/espak.ee\/epood\/wp-content\/uploads\/2023\/11\/31786001_1_1.jpg","datePublished":"2023-11-10T03:05:09+00:00","dateModified":"2024-03-22T22:58:48+00:00","breadcrumb":{"@id":"https:\/\/espak.ee\/epood\/toode\/koogisegisti-grohe-eurosmart-kroom-2\/#breadcrumb"},"inLanguage":"et","potentialAction":[{"@type":"ReadAction","target":["https:\/\/espak.ee\/epood\/toode\/koogisegisti-grohe-eurosmart-kroom-2\/"]}]},{"@type":"ImageObject","inLanguage":"et","@id":"https:\/\/espak.ee\/epood\/toode\/koogisegisti-grohe-eurosmart-kroom-2\/#primaryimage","url":"https:\/\/espak.ee\/epood\/wp-content\/uploads\/2023\/11\/31786001_1_1.jpg","contentUrl":"https:\/\/espak.ee\/epood\/wp-content\/uploads\/2023\/11\/31786001_1_1.jpg","width":1280,"height":1280},{"@type":"BreadcrumbList","@id":"https:\/\/espak.ee\/epood\/toode\/koogisegisti-grohe-eurosmart-kroom-2\/#breadcrumb","itemListElement":[{"@type":"ListItem","position":1,"name":"Home","item":"https:\/\/espak.ee\/epood\/"},{"@type":"ListItem","position":2,"name":"Tootevalik","item":"https:\/\/espak.ee\/epood\/tootevalik\/"},{"@type":"ListItem","position":3,"name":"K\u00d6\u00d6GISEGISTI GROHE EUROSMART KROOM"}]},{"@type":"WebSite","@id":"https:\/\/espak.ee\/epood\/#website","url":"https:\/\/espak.ee\/epood\/","name":"Espak E-pood","description":"","potentialAction":[{"@type":"SearchAction","target":{"@type":"EntryPoint","urlTemplate":"https:\/\/espak.ee\/epood\/?s={search_term_string}"},"query-input":{"@type":"PropertyValueSpecification","valueRequired":true,"valueName":"search_term_string"}}],"inLanguage":"et"}]}},"_links":{"self":[{"href":"https:\/\/espak.ee\/epood\/wp-json\/wp\/v2\/product\/178788","targetHints":{"allow":["GET"]}}],"collection":[{"href":"https:\/\/espak.ee\/epood\/wp-json\/wp\/v2\/product"}],"about":[{"href":"https:\/\/espak.ee\/epood\/wp-json\/wp\/v2\/types\/product"}],"replies":[{"embeddable":true,"href":"https:\/\/espak.ee\/epood\/wp-json\/wp\/v2\/comments?post=178788"}],"wp:featuredmedia":[{"embeddable":true,"href":"https:\/\/espak.ee\/epood\/wp-json\/wp\/v2\/media\/182899"}],"wp:attachment":[{"href":"https:\/\/espak.ee\/epood\/wp-json\/wp\/v2\/media?parent=178788"}],"wp:term":[{"taxonomy":"product_brand","embeddable":true,"href":"https:\/\/espak.ee\/epood\/wp-json\/wp\/v2\/product_brand?post=178788"},{"taxonomy":"product_cat","embeddable":true,"href":"https:\/\/espak.ee\/epood\/wp-json\/wp\/v2\/product_cat?post=178788"},{"taxonomy":"product_tag","embeddable":true,"href":"https:\/\/espak.ee\/epood\/wp-json\/wp\/v2\/product_tag?post=178788"}],"curies":[{"name":"wp","href":"https:\/\/api.w.org\/{rel}","templated":true}]}}