{"id":178473,"date":"2023-11-07T05:10:03","date_gmt":"2023-11-07T03:10:03","guid":{"rendered":"https:\/\/espak.ee\/epood\/?post_type=product&#038;p=178473"},"modified":"2026-01-21T10:12:52","modified_gmt":"2026-01-21T08:12:52","slug":"thermopad-varvaste-soojendaja","status":"publish","type":"product","link":"https:\/\/espak.ee\/epood\/toode\/thermopad-varvaste-soojendaja\/","title":{"rendered":"THERMOPAD VARVASTE SOOJENDAJA"},"content":{"rendered":"<div class=\"row\"  id=\"row-1835763179\">\n\n\t<div id=\"col-602913402\" class=\"col medium-9 small-12 large-9\"  >\n\t\t\t\t<div class=\"col-inner\"  >\n\t\t\t\n\t\t\t\n<h3>Thermopad 8h varvaste soojendaja<\/h3>\n<p>\u00dchekordselt kasutatav varvaste soojendaja. Aktiveerub kokkupuutel \u00f5huga, eraldab soojust kuni 8 tundi. Maksimaalne temperatuur 45 C\u00b0.<\/p>\n<p><strong>Kasutusjuhend:<\/strong><br \/>\nAva pakend, eemalda kaitsepaber soojendaja kleepuvalt osalt ning kleebi see soki varvaste osa alumisele poolele. Paks sokk v\u00f5ib v\u00e4hendada soojatunnet.<br \/>\nSoojendaja saavutab maksimaalse temperatuuri k\u00f5igest m\u00f5ne minutiga.<br \/>\nPeale kasutamist viska soojendaja olmepr\u00fcgi hulka.<\/p>\n<p><strong>Ohutusjuhend:<\/strong><br \/>\nEi ole m\u00f5eldud meditsiiniliseks kasutuseks.<br \/>\nMittesoovitatav alla 6 aastastel lastel.<br \/>\nMitte kasutada otse nahal, p\u00f5letuse ja naha\u00e4rrituse oht.<br \/>\nEemalda soojendaja, kui kuumus muutub ebameeldivaks.<br \/>\n\u00c4ra l\u00f5hu pakendit.<br \/>\nHoidu kontaktist soojendaja sees oleva sisuga.<\/p>\n<p><strong>Koostis:<\/strong><br \/>\nRauapulber;<br \/>\nSool;<br \/>\nAktiivs\u00fcsinik;<br \/>\nVesi;<br \/>\nVermikuliit.<\/p>\n<p>Komplekt sisaldab kahte soojenduspadjakest!<\/p>\n\t\t<\/div>\n\t\t\t\t\t<\/div>\n\n\t\n\n\t<div id=\"col-1840523459\" class=\"col medium-3 small-12 large-3\"  >\n\t\t\t\t<div class=\"col-inner\"  >\n\t\t\t\n\t\t\t\n\t<div id=\"gap-459989364\" class=\"gap-element clearfix\" style=\"display:block; height:auto;\">\n\t\t\n<style>\n#gap-459989364 {\n  padding-top: 30px;\n}\n<\/style>\n\t<\/div>\n\t\n<p><strong>\u00dcksikasjalikuma n\u00f5u saamiseks v\u00f5tke \u00fchendust:<br \/><\/strong>DARF O\u00dc<br \/>Jaama 12<br \/>11621<br \/>Tallinn<br \/>+372 670 1231<\/p>\n\t\t<\/div>\n\t\t\t\t\t<\/div>\n\n\t\n<\/div>\n","protected":false},"excerpt":{"rendered":"","protected":false},"featured_media":178502,"comment_status":"closed","ping_status":"closed","template":"","meta":[],"product_brand":[],"product_cat":[2788,2973,3036,2972],"product_tag":[],"class_list":{"0":"post-178473","1":"product","2":"type-product","3":"status-publish","4":"has-post-thumbnail","6":"product_cat-aiatarbed-ja-kodukaubad","7":"product_cat-isikukaitsevahendid","8":"product_cat-muud-isikukaitsevahendid","9":"product_cat-tookaitsevahendid","10":"pa_kaubamark-darf-ou","12":"first","13":"instock","14":"sale","15":"taxable","16":"shipping-taxable","17":"purchasable","18":"product-type-simple"},"yoast_head":"<!-- This site is optimized with the Yoast SEO plugin v26.9 - https:\/\/yoast.com\/product\/yoast-seo-wordpress\/ -->\n<title>THERMOPAD VARVASTE SOOJENDAJA - Espak E-pood<\/title>\n<meta name=\"robots\" content=\"index, follow, max-snippet:-1, max-image-preview:large, max-video-preview:-1\" \/>\n<link rel=\"canonical\" href=\"https:\/\/espak.ee\/epood\/toode\/thermopad-varvaste-soojendaja\/\" \/>\n<meta property=\"og:locale\" content=\"et_EE\" \/>\n<meta property=\"og:type\" content=\"article\" \/>\n<meta property=\"og:title\" content=\"THERMOPAD VARVASTE SOOJENDAJA - Espak E-pood\" \/>\n<meta property=\"og:url\" content=\"https:\/\/espak.ee\/epood\/toode\/thermopad-varvaste-soojendaja\/\" \/>\n<meta property=\"og:site_name\" content=\"Espak E-pood\" \/>\n<meta property=\"article:modified_time\" content=\"2026-01-21T08:12:52+00:00\" \/>\n<meta property=\"og:image\" content=\"https:\/\/espak.ee\/epood\/wp-content\/uploads\/2023\/11\/14533.jpeg\" \/>\n\t<meta property=\"og:image:width\" content=\"1000\" \/>\n\t<meta property=\"og:image:height\" content=\"1000\" \/>\n\t<meta property=\"og:image:type\" content=\"image\/jpeg\" \/>\n<meta name=\"twitter:card\" content=\"summary_large_image\" \/>\n<meta name=\"twitter:label1\" content=\"Est. reading time\" \/>\n\t<meta name=\"twitter:data1\" content=\"1 minut\" \/>\n<script type=\"application\/ld+json\" class=\"yoast-schema-graph\">{\"@context\":\"https:\/\/schema.org\",\"@graph\":[{\"@type\":\"WebPage\",\"@id\":\"https:\/\/espak.ee\/epood\/toode\/thermopad-varvaste-soojendaja\/\",\"url\":\"https:\/\/espak.ee\/epood\/toode\/thermopad-varvaste-soojendaja\/\",\"name\":\"THERMOPAD VARVASTE SOOJENDAJA - Espak E-pood\",\"isPartOf\":{\"@id\":\"https:\/\/espak.ee\/epood\/#website\"},\"primaryImageOfPage\":{\"@id\":\"https:\/\/espak.ee\/epood\/toode\/thermopad-varvaste-soojendaja\/#primaryimage\"},\"image\":{\"@id\":\"https:\/\/espak.ee\/epood\/toode\/thermopad-varvaste-soojendaja\/#primaryimage\"},\"thumbnailUrl\":\"https:\/\/espak.ee\/epood\/wp-content\/uploads\/2023\/11\/14533.jpeg\",\"datePublished\":\"2023-11-07T03:10:03+00:00\",\"dateModified\":\"2026-01-21T08:12:52+00:00\",\"breadcrumb\":{\"@id\":\"https:\/\/espak.ee\/epood\/toode\/thermopad-varvaste-soojendaja\/#breadcrumb\"},\"inLanguage\":\"et\",\"potentialAction\":[{\"@type\":\"ReadAction\",\"target\":[\"https:\/\/espak.ee\/epood\/toode\/thermopad-varvaste-soojendaja\/\"]}]},{\"@type\":\"ImageObject\",\"inLanguage\":\"et\",\"@id\":\"https:\/\/espak.ee\/epood\/toode\/thermopad-varvaste-soojendaja\/#primaryimage\",\"url\":\"https:\/\/espak.ee\/epood\/wp-content\/uploads\/2023\/11\/14533.jpeg\",\"contentUrl\":\"https:\/\/espak.ee\/epood\/wp-content\/uploads\/2023\/11\/14533.jpeg\",\"width\":1000,\"height\":1000},{\"@type\":\"BreadcrumbList\",\"@id\":\"https:\/\/espak.ee\/epood\/toode\/thermopad-varvaste-soojendaja\/#breadcrumb\",\"itemListElement\":[{\"@type\":\"ListItem\",\"position\":1,\"name\":\"Home\",\"item\":\"https:\/\/espak.ee\/epood\/\"},{\"@type\":\"ListItem\",\"position\":2,\"name\":\"Tootevalik\",\"item\":\"https:\/\/espak.ee\/epood\/tootevalik\/\"},{\"@type\":\"ListItem\",\"position\":3,\"name\":\"THERMOPAD VARVASTE SOOJENDAJA\"}]},{\"@type\":\"WebSite\",\"@id\":\"https:\/\/espak.ee\/epood\/#website\",\"url\":\"https:\/\/espak.ee\/epood\/\",\"name\":\"Espak E-pood\",\"description\":\"\",\"potentialAction\":[{\"@type\":\"SearchAction\",\"target\":{\"@type\":\"EntryPoint\",\"urlTemplate\":\"https:\/\/espak.ee\/epood\/?s={search_term_string}\"},\"query-input\":{\"@type\":\"PropertyValueSpecification\",\"valueRequired\":true,\"valueName\":\"search_term_string\"}}],\"inLanguage\":\"et\"}]}<\/script>\n<!-- \/ Yoast SEO plugin. -->","yoast_head_json":{"title":"THERMOPAD VARVASTE SOOJENDAJA - Espak E-pood","robots":{"index":"index","follow":"follow","max-snippet":"max-snippet:-1","max-image-preview":"max-image-preview:large","max-video-preview":"max-video-preview:-1"},"canonical":"https:\/\/espak.ee\/epood\/toode\/thermopad-varvaste-soojendaja\/","og_locale":"et_EE","og_type":"article","og_title":"THERMOPAD VARVASTE SOOJENDAJA - Espak E-pood","og_url":"https:\/\/espak.ee\/epood\/toode\/thermopad-varvaste-soojendaja\/","og_site_name":"Espak E-pood","article_modified_time":"2026-01-21T08:12:52+00:00","og_image":[{"width":1000,"height":1000,"url":"https:\/\/espak.ee\/epood\/wp-content\/uploads\/2023\/11\/14533.jpeg","type":"image\/jpeg"}],"twitter_card":"summary_large_image","twitter_misc":{"Est. reading time":"1 minut"},"schema":{"@context":"https:\/\/schema.org","@graph":[{"@type":"WebPage","@id":"https:\/\/espak.ee\/epood\/toode\/thermopad-varvaste-soojendaja\/","url":"https:\/\/espak.ee\/epood\/toode\/thermopad-varvaste-soojendaja\/","name":"THERMOPAD VARVASTE SOOJENDAJA - Espak E-pood","isPartOf":{"@id":"https:\/\/espak.ee\/epood\/#website"},"primaryImageOfPage":{"@id":"https:\/\/espak.ee\/epood\/toode\/thermopad-varvaste-soojendaja\/#primaryimage"},"image":{"@id":"https:\/\/espak.ee\/epood\/toode\/thermopad-varvaste-soojendaja\/#primaryimage"},"thumbnailUrl":"https:\/\/espak.ee\/epood\/wp-content\/uploads\/2023\/11\/14533.jpeg","datePublished":"2023-11-07T03:10:03+00:00","dateModified":"2026-01-21T08:12:52+00:00","breadcrumb":{"@id":"https:\/\/espak.ee\/epood\/toode\/thermopad-varvaste-soojendaja\/#breadcrumb"},"inLanguage":"et","potentialAction":[{"@type":"ReadAction","target":["https:\/\/espak.ee\/epood\/toode\/thermopad-varvaste-soojendaja\/"]}]},{"@type":"ImageObject","inLanguage":"et","@id":"https:\/\/espak.ee\/epood\/toode\/thermopad-varvaste-soojendaja\/#primaryimage","url":"https:\/\/espak.ee\/epood\/wp-content\/uploads\/2023\/11\/14533.jpeg","contentUrl":"https:\/\/espak.ee\/epood\/wp-content\/uploads\/2023\/11\/14533.jpeg","width":1000,"height":1000},{"@type":"BreadcrumbList","@id":"https:\/\/espak.ee\/epood\/toode\/thermopad-varvaste-soojendaja\/#breadcrumb","itemListElement":[{"@type":"ListItem","position":1,"name":"Home","item":"https:\/\/espak.ee\/epood\/"},{"@type":"ListItem","position":2,"name":"Tootevalik","item":"https:\/\/espak.ee\/epood\/tootevalik\/"},{"@type":"ListItem","position":3,"name":"THERMOPAD VARVASTE SOOJENDAJA"}]},{"@type":"WebSite","@id":"https:\/\/espak.ee\/epood\/#website","url":"https:\/\/espak.ee\/epood\/","name":"Espak E-pood","description":"","potentialAction":[{"@type":"SearchAction","target":{"@type":"EntryPoint","urlTemplate":"https:\/\/espak.ee\/epood\/?s={search_term_string}"},"query-input":{"@type":"PropertyValueSpecification","valueRequired":true,"valueName":"search_term_string"}}],"inLanguage":"et"}]}},"_links":{"self":[{"href":"https:\/\/espak.ee\/epood\/wp-json\/wp\/v2\/product\/178473","targetHints":{"allow":["GET"]}}],"collection":[{"href":"https:\/\/espak.ee\/epood\/wp-json\/wp\/v2\/product"}],"about":[{"href":"https:\/\/espak.ee\/epood\/wp-json\/wp\/v2\/types\/product"}],"replies":[{"embeddable":true,"href":"https:\/\/espak.ee\/epood\/wp-json\/wp\/v2\/comments?post=178473"}],"wp:featuredmedia":[{"embeddable":true,"href":"https:\/\/espak.ee\/epood\/wp-json\/wp\/v2\/media\/178502"}],"wp:attachment":[{"href":"https:\/\/espak.ee\/epood\/wp-json\/wp\/v2\/media?parent=178473"}],"wp:term":[{"taxonomy":"product_brand","embeddable":true,"href":"https:\/\/espak.ee\/epood\/wp-json\/wp\/v2\/product_brand?post=178473"},{"taxonomy":"product_cat","embeddable":true,"href":"https:\/\/espak.ee\/epood\/wp-json\/wp\/v2\/product_cat?post=178473"},{"taxonomy":"product_tag","embeddable":true,"href":"https:\/\/espak.ee\/epood\/wp-json\/wp\/v2\/product_tag?post=178473"}],"curies":[{"name":"wp","href":"https:\/\/api.w.org\/{rel}","templated":true}]}}