{"id":178261,"date":"2023-11-04T05:10:08","date_gmt":"2023-11-04T03:10:08","guid":{"rendered":"https:\/\/espak.ee\/epood\/?post_type=product&#038;p=178261"},"modified":"2026-01-12T09:11:22","modified_gmt":"2026-01-12T07:11:22","slug":"kuttekaabel-isereguleeruv-dph-10-4m-40w-v3-devi","status":"publish","type":"product","link":"https:\/\/espak.ee\/epood\/toode\/kuttekaabel-isereguleeruv-dph-10-4m-40w-v3-devi\/","title":{"rendered":"K\u00dcTTEKAABEL ISEREGULEERUV DPH-10 4M 40W V3 DEVI"},"content":{"rendered":"<div class=\"row\"  id=\"row-117025203\">\n\n\t<div id=\"col-1127613665\" class=\"col medium-9 small-12 large-9\"  >\n\t\t\t\t<div class=\"col-inner\"  >\n\t\t\t\n\t\t\t\n<h2>Isereguleeruv k\u00fcttekaabel Devipipeheat 10W\/m@10\u00b0C 4m<\/h2>\n<p>Kaabli t\u00fc\u00fcp: Kahesooneline<br \/>\n K\u00fcttep\u00f5him\u00f5te: Isereguleeruv<br \/>\nKirjeldus: DEVIpipeheat\u2122 10 V3 4m 230V RM plug<br \/>\nElektrijuhi isolatsioon: TPE<br \/>\nElektrijuhi t\u00fc\u00fcp: Tinatatud vasest<br \/>\nElement IP klass: 67<br \/>\nHeakskiit: CE, KIWA<br \/>\nJ\u00f5udeoleku temperatuur [\u00b0C] [Max]: 65 \u00b0C<br \/>\nKaabli ekraan: Alufoil 100%<br \/>\nKaabli k\u00f5rgus [mm]: 5.2 mm<br \/>\nKaabli laius [mm]: 8.75 mm<br \/>\nKaabli pikkus [m]: 4 m<br \/>\nKaabli t\u00fc\u00fcp: Kahesooneline<br \/>\nKaabli v\u00f5imsus [W\/m@\u00b0C]: 10W\/m@10\u00b0C<br \/>\nKaabli v\u00f5imsus [W@\u00b0C]: 40W@10\u00b0C<br \/>\nPaigaldustemperatuur [\u00b0C] [Min]: -5 \u00b0C<br \/>\nPainde l\u00e4bim\u00f5\u00f5t [mm] [Min]: 50 mm<br \/>\nRakendus: Pipe \/ tank frost protection<br \/>\nToitejuhe: Jah<br \/>\nToitejuhtme arv: 1<br \/>\nToitejuhtme pikkus [m]: 2 m<br \/>\nToitejuhtme soonte arv: 3<br \/>\nToitepinge [V] AC: 230 V<br \/>\nT\u00f6\u00f6temperatuur [\u00b0C] [Max]: 65 \u00b0C<br \/>\nT\u00fc\u00fcp: DEVIpipeheat\u2122 10 V3 readym.<br \/>\nUNSPSC-KOOD: 40101830<br \/>\nV\u00e4liskest: HDPE, PVDF<br \/>\nV\u00e4liskesta v\u00e4rv: Helesinine\n<\/p>\n\t<div id=\"gap-729993553\" class=\"gap-element clearfix\" style=\"display:block; height:auto;\">\n\t\t\n<style>\n#gap-729993553 {\n  padding-top: 30px;\n}\n<\/style>\n\t<\/div>\n\t\n\t\t<\/div>\n\t\t\t\t\t<\/div>\n\n\t\n\n\t<div id=\"col-860634316\" class=\"col medium-3 small-12 large-3\"  >\n\t\t\t\t<div class=\"col-inner\"  >\n\t\t\t\n\t\t\t\n\t<div id=\"gap-1396558548\" class=\"gap-element clearfix\" style=\"display:block; height:auto;\">\n\t\t\n<style>\n#gap-1396558548 {\n  padding-top: 30px;\n}\n<\/style>\n\t<\/div>\n\t\n<h3>Paigaldusjuhend<\/h3>\n<p><a href=\"https:\/\/espak.ee\/epood\/wp-content\/uploads\/2023\/11\/AN38894910935902-010103.pdf\"target=\"_blank\" rel=\"noopener noreferrer\"><i class=\"far fa-file-pdf\"><\/i> Paigaldusjuhend (PDF)<\/a><\/p>\n<div class=\"is-divider divider clearfix\" ><\/div>\n<p><strong>\u00dcksikasjalikuma n\u00f5u saamiseks v\u00f5tke \u00fchendust:<br \/><\/strong>Danfoss A.S.<br \/>Tammsaare tee 47<br \/>11316<br \/>Tallinn<br \/>+372 6593300<\/p>\n<div class=\"is-divider divider clearfix\" ><\/div>\n\t\t<\/div>\n\t\t\t\t\t<\/div>\n\n\t\n<\/div>\n","protected":false},"excerpt":{"rendered":"","protected":false},"featured_media":178372,"comment_status":"closed","ping_status":"closed","template":"","meta":[],"product_brand":[],"product_cat":[2935,2934,3265,3533],"product_tag":[],"class_list":{"0":"post-178261","1":"product","2":"type-product","3":"status-publish","4":"has-post-thumbnail","6":"product_cat-elektrikaubad","7":"product_cat-elektrikaubad-ja-valgustid","8":"product_cat-elektrikute-ja-kliimaseadmed","9":"product_cat-kuttekaablid","10":"pa_kaubamark-danfoss-as","12":"first","13":"instock","14":"sale","15":"taxable","16":"shipping-taxable","17":"purchasable","18":"product-type-simple"},"yoast_head":"<!-- This site is optimized with the Yoast SEO plugin v26.9 - https:\/\/yoast.com\/product\/yoast-seo-wordpress\/ -->\n<title>K\u00dcTTEKAABEL ISEREGULEERUV DPH-10 4M 40W V3 DEVI - Espak E-pood<\/title>\n<meta name=\"robots\" content=\"index, follow, max-snippet:-1, max-image-preview:large, max-video-preview:-1\" \/>\n<link rel=\"canonical\" href=\"https:\/\/espak.ee\/epood\/toode\/kuttekaabel-isereguleeruv-dph-10-4m-40w-v3-devi\/\" \/>\n<meta property=\"og:locale\" content=\"et_EE\" \/>\n<meta property=\"og:type\" content=\"article\" \/>\n<meta property=\"og:title\" content=\"K\u00dcTTEKAABEL ISEREGULEERUV DPH-10 4M 40W V3 DEVI - Espak E-pood\" \/>\n<meta property=\"og:url\" content=\"https:\/\/espak.ee\/epood\/toode\/kuttekaabel-isereguleeruv-dph-10-4m-40w-v3-devi\/\" \/>\n<meta property=\"og:site_name\" content=\"Espak E-pood\" \/>\n<meta property=\"article:modified_time\" content=\"2026-01-12T07:11:22+00:00\" \/>\n<meta property=\"og:image\" content=\"https:\/\/espak.ee\/epood\/wp-content\/uploads\/2023\/11\/ID398533971809-0102_preview.jpg\" \/>\n\t<meta property=\"og:image:width\" content=\"800\" \/>\n\t<meta property=\"og:image:height\" content=\"800\" \/>\n\t<meta property=\"og:image:type\" content=\"image\/jpeg\" \/>\n<meta name=\"twitter:card\" content=\"summary_large_image\" \/>\n<meta name=\"twitter:label1\" content=\"Est. reading time\" \/>\n\t<meta name=\"twitter:data1\" content=\"1 minut\" \/>\n<script type=\"application\/ld+json\" class=\"yoast-schema-graph\">{\"@context\":\"https:\/\/schema.org\",\"@graph\":[{\"@type\":\"WebPage\",\"@id\":\"https:\/\/espak.ee\/epood\/toode\/kuttekaabel-isereguleeruv-dph-10-4m-40w-v3-devi\/\",\"url\":\"https:\/\/espak.ee\/epood\/toode\/kuttekaabel-isereguleeruv-dph-10-4m-40w-v3-devi\/\",\"name\":\"K\u00dcTTEKAABEL ISEREGULEERUV DPH-10 4M 40W V3 DEVI - Espak E-pood\",\"isPartOf\":{\"@id\":\"https:\/\/espak.ee\/epood\/#website\"},\"primaryImageOfPage\":{\"@id\":\"https:\/\/espak.ee\/epood\/toode\/kuttekaabel-isereguleeruv-dph-10-4m-40w-v3-devi\/#primaryimage\"},\"image\":{\"@id\":\"https:\/\/espak.ee\/epood\/toode\/kuttekaabel-isereguleeruv-dph-10-4m-40w-v3-devi\/#primaryimage\"},\"thumbnailUrl\":\"https:\/\/espak.ee\/epood\/wp-content\/uploads\/2023\/11\/ID398533971809-0102_preview.jpg\",\"datePublished\":\"2023-11-04T03:10:08+00:00\",\"dateModified\":\"2026-01-12T07:11:22+00:00\",\"breadcrumb\":{\"@id\":\"https:\/\/espak.ee\/epood\/toode\/kuttekaabel-isereguleeruv-dph-10-4m-40w-v3-devi\/#breadcrumb\"},\"inLanguage\":\"et\",\"potentialAction\":[{\"@type\":\"ReadAction\",\"target\":[\"https:\/\/espak.ee\/epood\/toode\/kuttekaabel-isereguleeruv-dph-10-4m-40w-v3-devi\/\"]}]},{\"@type\":\"ImageObject\",\"inLanguage\":\"et\",\"@id\":\"https:\/\/espak.ee\/epood\/toode\/kuttekaabel-isereguleeruv-dph-10-4m-40w-v3-devi\/#primaryimage\",\"url\":\"https:\/\/espak.ee\/epood\/wp-content\/uploads\/2023\/11\/ID398533971809-0102_preview.jpg\",\"contentUrl\":\"https:\/\/espak.ee\/epood\/wp-content\/uploads\/2023\/11\/ID398533971809-0102_preview.jpg\",\"width\":800,\"height\":800},{\"@type\":\"BreadcrumbList\",\"@id\":\"https:\/\/espak.ee\/epood\/toode\/kuttekaabel-isereguleeruv-dph-10-4m-40w-v3-devi\/#breadcrumb\",\"itemListElement\":[{\"@type\":\"ListItem\",\"position\":1,\"name\":\"Home\",\"item\":\"https:\/\/espak.ee\/epood\/\"},{\"@type\":\"ListItem\",\"position\":2,\"name\":\"Tootevalik\",\"item\":\"https:\/\/espak.ee\/epood\/tootevalik\/\"},{\"@type\":\"ListItem\",\"position\":3,\"name\":\"K\u00dcTTEKAABEL ISEREGULEERUV DPH-10 4M 40W V3 DEVI\"}]},{\"@type\":\"WebSite\",\"@id\":\"https:\/\/espak.ee\/epood\/#website\",\"url\":\"https:\/\/espak.ee\/epood\/\",\"name\":\"Espak E-pood\",\"description\":\"\",\"potentialAction\":[{\"@type\":\"SearchAction\",\"target\":{\"@type\":\"EntryPoint\",\"urlTemplate\":\"https:\/\/espak.ee\/epood\/?s={search_term_string}\"},\"query-input\":{\"@type\":\"PropertyValueSpecification\",\"valueRequired\":true,\"valueName\":\"search_term_string\"}}],\"inLanguage\":\"et\"}]}<\/script>\n<!-- \/ Yoast SEO plugin. -->","yoast_head_json":{"title":"K\u00dcTTEKAABEL ISEREGULEERUV DPH-10 4M 40W V3 DEVI - Espak E-pood","robots":{"index":"index","follow":"follow","max-snippet":"max-snippet:-1","max-image-preview":"max-image-preview:large","max-video-preview":"max-video-preview:-1"},"canonical":"https:\/\/espak.ee\/epood\/toode\/kuttekaabel-isereguleeruv-dph-10-4m-40w-v3-devi\/","og_locale":"et_EE","og_type":"article","og_title":"K\u00dcTTEKAABEL ISEREGULEERUV DPH-10 4M 40W V3 DEVI - Espak E-pood","og_url":"https:\/\/espak.ee\/epood\/toode\/kuttekaabel-isereguleeruv-dph-10-4m-40w-v3-devi\/","og_site_name":"Espak E-pood","article_modified_time":"2026-01-12T07:11:22+00:00","og_image":[{"width":800,"height":800,"url":"https:\/\/espak.ee\/epood\/wp-content\/uploads\/2023\/11\/ID398533971809-0102_preview.jpg","type":"image\/jpeg"}],"twitter_card":"summary_large_image","twitter_misc":{"Est. reading time":"1 minut"},"schema":{"@context":"https:\/\/schema.org","@graph":[{"@type":"WebPage","@id":"https:\/\/espak.ee\/epood\/toode\/kuttekaabel-isereguleeruv-dph-10-4m-40w-v3-devi\/","url":"https:\/\/espak.ee\/epood\/toode\/kuttekaabel-isereguleeruv-dph-10-4m-40w-v3-devi\/","name":"K\u00dcTTEKAABEL ISEREGULEERUV DPH-10 4M 40W V3 DEVI - Espak E-pood","isPartOf":{"@id":"https:\/\/espak.ee\/epood\/#website"},"primaryImageOfPage":{"@id":"https:\/\/espak.ee\/epood\/toode\/kuttekaabel-isereguleeruv-dph-10-4m-40w-v3-devi\/#primaryimage"},"image":{"@id":"https:\/\/espak.ee\/epood\/toode\/kuttekaabel-isereguleeruv-dph-10-4m-40w-v3-devi\/#primaryimage"},"thumbnailUrl":"https:\/\/espak.ee\/epood\/wp-content\/uploads\/2023\/11\/ID398533971809-0102_preview.jpg","datePublished":"2023-11-04T03:10:08+00:00","dateModified":"2026-01-12T07:11:22+00:00","breadcrumb":{"@id":"https:\/\/espak.ee\/epood\/toode\/kuttekaabel-isereguleeruv-dph-10-4m-40w-v3-devi\/#breadcrumb"},"inLanguage":"et","potentialAction":[{"@type":"ReadAction","target":["https:\/\/espak.ee\/epood\/toode\/kuttekaabel-isereguleeruv-dph-10-4m-40w-v3-devi\/"]}]},{"@type":"ImageObject","inLanguage":"et","@id":"https:\/\/espak.ee\/epood\/toode\/kuttekaabel-isereguleeruv-dph-10-4m-40w-v3-devi\/#primaryimage","url":"https:\/\/espak.ee\/epood\/wp-content\/uploads\/2023\/11\/ID398533971809-0102_preview.jpg","contentUrl":"https:\/\/espak.ee\/epood\/wp-content\/uploads\/2023\/11\/ID398533971809-0102_preview.jpg","width":800,"height":800},{"@type":"BreadcrumbList","@id":"https:\/\/espak.ee\/epood\/toode\/kuttekaabel-isereguleeruv-dph-10-4m-40w-v3-devi\/#breadcrumb","itemListElement":[{"@type":"ListItem","position":1,"name":"Home","item":"https:\/\/espak.ee\/epood\/"},{"@type":"ListItem","position":2,"name":"Tootevalik","item":"https:\/\/espak.ee\/epood\/tootevalik\/"},{"@type":"ListItem","position":3,"name":"K\u00dcTTEKAABEL ISEREGULEERUV DPH-10 4M 40W V3 DEVI"}]},{"@type":"WebSite","@id":"https:\/\/espak.ee\/epood\/#website","url":"https:\/\/espak.ee\/epood\/","name":"Espak E-pood","description":"","potentialAction":[{"@type":"SearchAction","target":{"@type":"EntryPoint","urlTemplate":"https:\/\/espak.ee\/epood\/?s={search_term_string}"},"query-input":{"@type":"PropertyValueSpecification","valueRequired":true,"valueName":"search_term_string"}}],"inLanguage":"et"}]}},"_links":{"self":[{"href":"https:\/\/espak.ee\/epood\/wp-json\/wp\/v2\/product\/178261","targetHints":{"allow":["GET"]}}],"collection":[{"href":"https:\/\/espak.ee\/epood\/wp-json\/wp\/v2\/product"}],"about":[{"href":"https:\/\/espak.ee\/epood\/wp-json\/wp\/v2\/types\/product"}],"replies":[{"embeddable":true,"href":"https:\/\/espak.ee\/epood\/wp-json\/wp\/v2\/comments?post=178261"}],"wp:featuredmedia":[{"embeddable":true,"href":"https:\/\/espak.ee\/epood\/wp-json\/wp\/v2\/media\/178372"}],"wp:attachment":[{"href":"https:\/\/espak.ee\/epood\/wp-json\/wp\/v2\/media?parent=178261"}],"wp:term":[{"taxonomy":"product_brand","embeddable":true,"href":"https:\/\/espak.ee\/epood\/wp-json\/wp\/v2\/product_brand?post=178261"},{"taxonomy":"product_cat","embeddable":true,"href":"https:\/\/espak.ee\/epood\/wp-json\/wp\/v2\/product_cat?post=178261"},{"taxonomy":"product_tag","embeddable":true,"href":"https:\/\/espak.ee\/epood\/wp-json\/wp\/v2\/product_tag?post=178261"}],"curies":[{"name":"wp","href":"https:\/\/api.w.org\/{rel}","templated":true}]}}