{"id":178194,"date":"2023-11-03T05:05:10","date_gmt":"2023-11-03T03:05:10","guid":{"rendered":"https:\/\/espak.ee\/epood\/?post_type=product&#038;p=178194"},"modified":"2024-03-23T00:59:41","modified_gmt":"2024-03-22T22:59:41","slug":"vee-ja-tolmuimeja-wd3-karcher-tolmukotid-4tk","status":"publish","type":"product","link":"https:\/\/espak.ee\/epood\/toode\/vee-ja-tolmuimeja-wd3-karcher-tolmukotid-4tk\/","title":{"rendered":"VEE- JA TOLMUIMEJA WD3 K\u00c4RCHER +TOLMUKOTID 4TK"},"content":{"rendered":"<div class=\"row\"  id=\"row-430167361\">\n\n\t<div id=\"col-287451105\" class=\"col medium-9 small-12 large-9\"  >\n\t\t\t\t<div class=\"col-inner\"  >\n\t\t\t\n\t\t\t\n<h3>Vee- ja tolmuimeja WD3 + tolmukotid 4tk K\u00e4rcher<\/h3>\n<p>Ideaalne hobit\u00f6\u00f6kodadele: mudel WD 3 V-17\/4\/20 avaldab muljet oma 17-liitrise plastkonteineri, 4 m juhtme, 2 m imivooliku, \u00fches t\u00fckis kassettfiltri ja elektrit\u00f6\u00f6riistadele m\u00f5eldud pistikuga.<\/p>\n<div class=\"message-box relative\" style=\"padding-top:15px;padding-bottom:15px;\"><div class=\"message-box-bg-image bg-fill fill\" ><\/div><div class=\"message-box-bg-overlay bg-fill fill\" ><\/div><div class=\"container relative\"><div class=\"inner last-reset\">\n<div class=\"row align-middle align-center\"  id=\"row-380299028\">\n\n\t<div id=\"col-33147648\" class=\"col small-12 large-12\"  >\n\t\t\t\t<div class=\"col-inner text-left\"  >\n\t\t\t\n\t\t\t\n<h4>Omadused<\/h4>\n<div class=\"row\"  id=\"row-603143479\">\n\n\t<div id=\"col-1215874076\" class=\"col medium-6 small-12 large-6\"  >\n\t\t\t\t<div class=\"col-inner\"  >\n\t\t\t\n\t\t\t\n<p><i class=\"fa fa-check fa-2x\"><\/i> <strong> Seade, imivoolik ja p\u00f5randaotsik on optimaalselt koordineeritud<\/strong><\/p>\n<p><i class=\"fa fa-check fa-2x\"><\/i> <strong> \u00dcheosaline kassettfilter<\/strong><\/p>\n\t\t<\/div>\n\t\t\t\t\n<style>\n#col-1215874076 > .col-inner {\n  margin: 0px 0px 15px 0px;\n}\n<\/style>\n\t<\/div>\n\n\t\n\n\t<div id=\"col-355989896\" class=\"col medium-6 small-12 large-6\"  >\n\t\t\t\t<div class=\"col-inner\"  >\n\t\t\t\n\t\t\t\n<p><i class=\"fa fa-check fa-2x\"><\/i> <strong> Praktiline puhumisfunktsioon on abiks k\u00f5ikjal, kus tolmuimemine ei ole v\u00f5imalik<\/strong><\/p>\n\t\t<\/div>\n\t\t\t\t\n<style>\n#col-355989896 > .col-inner {\n  margin: 0px 0px 15px 0px;\n}\n<\/style>\n\t<\/div>\n\n\t\n<\/div>\n\t\t<\/div>\n\t\t\t\t\t<\/div>\n\n\t\n<\/div>\n<\/div><\/div><\/div>\n\t<div id=\"gap-541484026\" class=\"gap-element clearfix\" style=\"display:block; height:auto;\">\n\t\t\n<style>\n#gap-541484026 {\n  padding-top: 30px;\n}\n<\/style>\n\t<\/div>\n\t\n<p>Mudel WD 3 V-17\/4\/20 on v\u00f5imas ja energiat\u00f5hus ning selle energiatarve on vaid 1000 W. Masin ning imivoolik ja kiirkinnitusega p\u00f5randaotsik \u00fchtivad \u00fcksteisega ideaalselt \u2013 nii saavutate parimad puhastustulemused kuiva, m\u00e4rja, peene ja j\u00e4medama mustuse koristamisel. Vee- ja tolmuimeja \u00fcllatab oma kompaktse disaini ning t\u00f6\u00f6kindla 17-liitrise plastkonteineri, 4 m juhtme, 2 m imivooliku ja fliisist tolmukotiga. T\u00e4nu \u00fches t\u00fckis kassettfiltrile on filtrit vahetamata v\u00f5imalik imeda nii m\u00e4rga kui ka kuiva mustust. Puhumisfunktsioon on kasulik raskesti ligip\u00e4\u00e4setavate kohtade puhastamiseks. Vooliku saab ruumis\u00e4\u00e4stlikult riputada masina \u00fclaosale. Toitejuhtme saab kerida juhtmekonksu \u00fcmber, torud ja p\u00f5randaotsikud kinnitada p\u00f5rkerauale. Lukustuss\u00fcsteem \u201ePull &#038; Push\u201c v\u00f5imaldab konteinerit lihtsasti avada ja sulgeda. Tolmuimeja k\u00e4epide on eemaldatav ja lisatarvikuid saab \u00fchendada ka otse imivooliku k\u00fclge. Nutikas: t\u00f6\u00f6riistu ja v\u00e4iksemaid komponente saab mugavalt asetada masina \u00fclaosal olevale alale. Ergonoomilise kujuga kandesang v\u00f5imaldab seadet mugavalt transportida.<\/p>\n\t\t<\/div>\n\t\t\t\t\t<\/div>\n\n\t\n\n\t<div id=\"col-500311894\" class=\"col medium-3 small-12 large-3\"  >\n\t\t\t\t<div class=\"col-inner\"  >\n\t\t\t\n\t\t\t\n<h3>Kasutusjuhend<\/h3>\n<p><a href=\"https:\/\/espak.ee\/epood\/wp-content\/uploads\/2022\/03\/BTA-5674177-000-02.pdf\"target=\"_blank\" rel=\"noopener noreferrer\"><i class=\"far fa-file-pdf\"><\/i> Kasutusjuhend (PDF)<\/a><\/p>\n<div class=\"is-divider divider clearfix\" ><\/div>\n<p><strong>\u00dcksikasjalikuma n\u00f5u saamiseks v\u00f5tke \u00fchendust:<br \/><\/strong>Espak AS<br \/>Viadukti 42<br \/>11313<br \/>Tallinn<br \/>+372 6 512333<\/p>\n\t\t<\/div>\n\t\t\t\t\t<\/div>\n\n\t\n<\/div>\n","protected":false},"excerpt":{"rendered":"","protected":false},"featured_media":180707,"comment_status":"closed","ping_status":"closed","template":"","meta":[],"product_brand":[],"product_cat":[2680,2785,2679,2787],"product_tag":[],"class_list":{"0":"post-178194","1":"product","2":"type-product","3":"status-publish","4":"has-post-thumbnail","6":"product_cat-elektritooriistad","7":"product_cat-koristusseadmed","8":"product_cat-tooriistad","9":"product_cat-vee-ja-tolmuimejad","10":"pa_kaubamark-karcher","12":"first","13":"outofstock","14":"sale","15":"taxable","16":"shipping-taxable","17":"purchasable","18":"product-type-simple"},"yoast_head":"<!-- This site is optimized with the Yoast SEO plugin v26.9 - https:\/\/yoast.com\/product\/yoast-seo-wordpress\/ -->\n<title>VEE- JA TOLMUIMEJA WD3 K\u00c4RCHER +TOLMUKOTID 4TK - Espak E-pood<\/title>\n<meta name=\"robots\" content=\"index, follow, max-snippet:-1, max-image-preview:large, max-video-preview:-1\" \/>\n<link rel=\"canonical\" href=\"https:\/\/espak.ee\/epood\/toode\/vee-ja-tolmuimeja-wd3-karcher-tolmukotid-4tk\/\" \/>\n<meta property=\"og:locale\" content=\"et_EE\" \/>\n<meta property=\"og:type\" content=\"article\" \/>\n<meta property=\"og:title\" content=\"VEE- JA TOLMUIMEJA WD3 K\u00c4RCHER +TOLMUKOTID 4TK - Espak E-pood\" \/>\n<meta property=\"og:url\" content=\"https:\/\/espak.ee\/epood\/toode\/vee-ja-tolmuimeja-wd3-karcher-tolmukotid-4tk\/\" \/>\n<meta property=\"og:site_name\" content=\"Espak E-pood\" \/>\n<meta property=\"article:modified_time\" content=\"2024-03-22T22:59:41+00:00\" \/>\n<meta property=\"og:image\" content=\"https:\/\/espak.ee\/epood\/wp-content\/uploads\/2023\/11\/d0-82.jpg\" \/>\n\t<meta property=\"og:image:width\" content=\"1600\" \/>\n\t<meta property=\"og:image:height\" content=\"1600\" \/>\n\t<meta property=\"og:image:type\" content=\"image\/jpeg\" \/>\n<meta name=\"twitter:card\" content=\"summary_large_image\" \/>\n<meta name=\"twitter:label1\" content=\"Est. reading time\" \/>\n\t<meta name=\"twitter:data1\" content=\"1 minut\" \/>\n<script type=\"application\/ld+json\" class=\"yoast-schema-graph\">{\"@context\":\"https:\/\/schema.org\",\"@graph\":[{\"@type\":\"WebPage\",\"@id\":\"https:\/\/espak.ee\/epood\/toode\/vee-ja-tolmuimeja-wd3-karcher-tolmukotid-4tk\/\",\"url\":\"https:\/\/espak.ee\/epood\/toode\/vee-ja-tolmuimeja-wd3-karcher-tolmukotid-4tk\/\",\"name\":\"VEE- JA TOLMUIMEJA WD3 K\u00c4RCHER +TOLMUKOTID 4TK - Espak E-pood\",\"isPartOf\":{\"@id\":\"https:\/\/espak.ee\/epood\/#website\"},\"primaryImageOfPage\":{\"@id\":\"https:\/\/espak.ee\/epood\/toode\/vee-ja-tolmuimeja-wd3-karcher-tolmukotid-4tk\/#primaryimage\"},\"image\":{\"@id\":\"https:\/\/espak.ee\/epood\/toode\/vee-ja-tolmuimeja-wd3-karcher-tolmukotid-4tk\/#primaryimage\"},\"thumbnailUrl\":\"https:\/\/espak.ee\/epood\/wp-content\/uploads\/2023\/11\/d0-82.jpg\",\"datePublished\":\"2023-11-03T03:05:10+00:00\",\"dateModified\":\"2024-03-22T22:59:41+00:00\",\"breadcrumb\":{\"@id\":\"https:\/\/espak.ee\/epood\/toode\/vee-ja-tolmuimeja-wd3-karcher-tolmukotid-4tk\/#breadcrumb\"},\"inLanguage\":\"et\",\"potentialAction\":[{\"@type\":\"ReadAction\",\"target\":[\"https:\/\/espak.ee\/epood\/toode\/vee-ja-tolmuimeja-wd3-karcher-tolmukotid-4tk\/\"]}]},{\"@type\":\"ImageObject\",\"inLanguage\":\"et\",\"@id\":\"https:\/\/espak.ee\/epood\/toode\/vee-ja-tolmuimeja-wd3-karcher-tolmukotid-4tk\/#primaryimage\",\"url\":\"https:\/\/espak.ee\/epood\/wp-content\/uploads\/2023\/11\/d0-82.jpg\",\"contentUrl\":\"https:\/\/espak.ee\/epood\/wp-content\/uploads\/2023\/11\/d0-82.jpg\",\"width\":1600,\"height\":1600},{\"@type\":\"BreadcrumbList\",\"@id\":\"https:\/\/espak.ee\/epood\/toode\/vee-ja-tolmuimeja-wd3-karcher-tolmukotid-4tk\/#breadcrumb\",\"itemListElement\":[{\"@type\":\"ListItem\",\"position\":1,\"name\":\"Home\",\"item\":\"https:\/\/espak.ee\/epood\/\"},{\"@type\":\"ListItem\",\"position\":2,\"name\":\"Tootevalik\",\"item\":\"https:\/\/espak.ee\/epood\/tootevalik\/\"},{\"@type\":\"ListItem\",\"position\":3,\"name\":\"VEE- JA TOLMUIMEJA WD3 K\u00c4RCHER +TOLMUKOTID 4TK\"}]},{\"@type\":\"WebSite\",\"@id\":\"https:\/\/espak.ee\/epood\/#website\",\"url\":\"https:\/\/espak.ee\/epood\/\",\"name\":\"Espak E-pood\",\"description\":\"\",\"potentialAction\":[{\"@type\":\"SearchAction\",\"target\":{\"@type\":\"EntryPoint\",\"urlTemplate\":\"https:\/\/espak.ee\/epood\/?s={search_term_string}\"},\"query-input\":{\"@type\":\"PropertyValueSpecification\",\"valueRequired\":true,\"valueName\":\"search_term_string\"}}],\"inLanguage\":\"et\"}]}<\/script>\n<!-- \/ Yoast SEO plugin. -->","yoast_head_json":{"title":"VEE- JA TOLMUIMEJA WD3 K\u00c4RCHER +TOLMUKOTID 4TK - Espak E-pood","robots":{"index":"index","follow":"follow","max-snippet":"max-snippet:-1","max-image-preview":"max-image-preview:large","max-video-preview":"max-video-preview:-1"},"canonical":"https:\/\/espak.ee\/epood\/toode\/vee-ja-tolmuimeja-wd3-karcher-tolmukotid-4tk\/","og_locale":"et_EE","og_type":"article","og_title":"VEE- JA TOLMUIMEJA WD3 K\u00c4RCHER +TOLMUKOTID 4TK - Espak E-pood","og_url":"https:\/\/espak.ee\/epood\/toode\/vee-ja-tolmuimeja-wd3-karcher-tolmukotid-4tk\/","og_site_name":"Espak E-pood","article_modified_time":"2024-03-22T22:59:41+00:00","og_image":[{"width":1600,"height":1600,"url":"https:\/\/espak.ee\/epood\/wp-content\/uploads\/2023\/11\/d0-82.jpg","type":"image\/jpeg"}],"twitter_card":"summary_large_image","twitter_misc":{"Est. reading time":"1 minut"},"schema":{"@context":"https:\/\/schema.org","@graph":[{"@type":"WebPage","@id":"https:\/\/espak.ee\/epood\/toode\/vee-ja-tolmuimeja-wd3-karcher-tolmukotid-4tk\/","url":"https:\/\/espak.ee\/epood\/toode\/vee-ja-tolmuimeja-wd3-karcher-tolmukotid-4tk\/","name":"VEE- JA TOLMUIMEJA WD3 K\u00c4RCHER +TOLMUKOTID 4TK - Espak E-pood","isPartOf":{"@id":"https:\/\/espak.ee\/epood\/#website"},"primaryImageOfPage":{"@id":"https:\/\/espak.ee\/epood\/toode\/vee-ja-tolmuimeja-wd3-karcher-tolmukotid-4tk\/#primaryimage"},"image":{"@id":"https:\/\/espak.ee\/epood\/toode\/vee-ja-tolmuimeja-wd3-karcher-tolmukotid-4tk\/#primaryimage"},"thumbnailUrl":"https:\/\/espak.ee\/epood\/wp-content\/uploads\/2023\/11\/d0-82.jpg","datePublished":"2023-11-03T03:05:10+00:00","dateModified":"2024-03-22T22:59:41+00:00","breadcrumb":{"@id":"https:\/\/espak.ee\/epood\/toode\/vee-ja-tolmuimeja-wd3-karcher-tolmukotid-4tk\/#breadcrumb"},"inLanguage":"et","potentialAction":[{"@type":"ReadAction","target":["https:\/\/espak.ee\/epood\/toode\/vee-ja-tolmuimeja-wd3-karcher-tolmukotid-4tk\/"]}]},{"@type":"ImageObject","inLanguage":"et","@id":"https:\/\/espak.ee\/epood\/toode\/vee-ja-tolmuimeja-wd3-karcher-tolmukotid-4tk\/#primaryimage","url":"https:\/\/espak.ee\/epood\/wp-content\/uploads\/2023\/11\/d0-82.jpg","contentUrl":"https:\/\/espak.ee\/epood\/wp-content\/uploads\/2023\/11\/d0-82.jpg","width":1600,"height":1600},{"@type":"BreadcrumbList","@id":"https:\/\/espak.ee\/epood\/toode\/vee-ja-tolmuimeja-wd3-karcher-tolmukotid-4tk\/#breadcrumb","itemListElement":[{"@type":"ListItem","position":1,"name":"Home","item":"https:\/\/espak.ee\/epood\/"},{"@type":"ListItem","position":2,"name":"Tootevalik","item":"https:\/\/espak.ee\/epood\/tootevalik\/"},{"@type":"ListItem","position":3,"name":"VEE- JA TOLMUIMEJA WD3 K\u00c4RCHER +TOLMUKOTID 4TK"}]},{"@type":"WebSite","@id":"https:\/\/espak.ee\/epood\/#website","url":"https:\/\/espak.ee\/epood\/","name":"Espak E-pood","description":"","potentialAction":[{"@type":"SearchAction","target":{"@type":"EntryPoint","urlTemplate":"https:\/\/espak.ee\/epood\/?s={search_term_string}"},"query-input":{"@type":"PropertyValueSpecification","valueRequired":true,"valueName":"search_term_string"}}],"inLanguage":"et"}]}},"_links":{"self":[{"href":"https:\/\/espak.ee\/epood\/wp-json\/wp\/v2\/product\/178194","targetHints":{"allow":["GET"]}}],"collection":[{"href":"https:\/\/espak.ee\/epood\/wp-json\/wp\/v2\/product"}],"about":[{"href":"https:\/\/espak.ee\/epood\/wp-json\/wp\/v2\/types\/product"}],"replies":[{"embeddable":true,"href":"https:\/\/espak.ee\/epood\/wp-json\/wp\/v2\/comments?post=178194"}],"wp:featuredmedia":[{"embeddable":true,"href":"https:\/\/espak.ee\/epood\/wp-json\/wp\/v2\/media\/180707"}],"wp:attachment":[{"href":"https:\/\/espak.ee\/epood\/wp-json\/wp\/v2\/media?parent=178194"}],"wp:term":[{"taxonomy":"product_brand","embeddable":true,"href":"https:\/\/espak.ee\/epood\/wp-json\/wp\/v2\/product_brand?post=178194"},{"taxonomy":"product_cat","embeddable":true,"href":"https:\/\/espak.ee\/epood\/wp-json\/wp\/v2\/product_cat?post=178194"},{"taxonomy":"product_tag","embeddable":true,"href":"https:\/\/espak.ee\/epood\/wp-json\/wp\/v2\/product_tag?post=178194"}],"curies":[{"name":"wp","href":"https:\/\/api.w.org\/{rel}","templated":true}]}}