{"id":178160,"date":"2023-11-03T05:05:03","date_gmt":"2023-11-03T03:05:03","guid":{"rendered":"https:\/\/espak.ee\/epood\/?post_type=product&#038;p=178160"},"modified":"2024-03-23T01:00:18","modified_gmt":"2024-03-22T23:00:18","slug":"turvasaapad-talve-wortex-katana-s3-46","status":"publish","type":"product","link":"https:\/\/espak.ee\/epood\/toode\/turvasaapad-talve-wortex-katana-s3-46\/","title":{"rendered":"TURVASAAPAD TALVE WORTEX KATANA S3 46"},"content":{"rendered":"<div class=\"row\"  id=\"row-1379503297\">\n\n\t<div id=\"col-1332485030\" class=\"col medium-9 small-12 large-9\"  >\n\t\t\t\t<div class=\"col-inner\"  >\n\t\t\t\n\t\t\t\n<h3>WORTEX KATANA talve turvasaapad S3 46<\/h3>\n<p>WORTEX KATANA talve turvasaapad S3. Mugavatel ja soojadel talve t\u00f6\u00f6saabastel on komposiidist varvastekaitse ja kevlarist naelat\u00f5ke. Turvasaabaste pealismaterjal on veekindlast ja vastupidavast t\u00e4isnahast (1,6 \u2013 1,8 mm) ning sees on soe ja karvane vooder. K\u00f5rge s\u00e4\u00e4rega saabastel on suurep\u00e4rase libisemiskindlusega v\u00e4listald (SRC). Tugevdatud nina- ja kannaosa suurendavad saabaste kulumiskindlust. Helkurelemendid k\u00fclgedel ja tagaosas suurendavad kandja n\u00e4htavust.<\/p>\n<p><strong>Kasutusvaldkond:<\/strong> k\u00fclmades ja libedates keskkondades, kus esineb naelal\u00e4bistuse oht.<\/p>\n<p>Wortex Katana talve turvasaapad vastavad EN ISO 20345: 2011 turvajalatsi professionaalse kasutamise standardile. <\/p>\n<p>> EN ISO 20345: 2011<br \/>\n> Varvastekaitse \u2013 Komposiit<br \/>\n> Naelat\u00f5ke \u2013 Kevlar<br \/>\n> Pealismaterjal \u2013 T\u00e4isnahk, paksusega 1,6 \u2013 1,8 mm<br \/>\n> Vooder \u2013 S\u00fcnteetiline karusnahk<br \/>\n> Sisetald \u2013 S\u00fcnteetiline karusnahk<br \/>\n> V\u00e4listald \u2013 Kahekihiline PU\/kumm<br \/>\n> Kinnitus \u2013 Paelad<br \/>\n> SRC (SRA + SRB) \u2013 Libisemiskindel v\u00e4listald naatriumlaur\u00fc\u00fclsulfaadiga libestatud keraamilisel plaadil ja gl\u00fctserooliga libestatud metallp\u00f5randal\n<\/p>\n\t\t<\/div>\n\t\t\t\t\t<\/div>\n\n\t\n\n\t<div id=\"col-1658949161\" class=\"col medium-3 small-12 large-3\"  >\n\t\t\t\t<div class=\"col-inner\"  >\n\t\t\t\n\t\t\t\n\t<div id=\"gap-1706499830\" class=\"gap-element clearfix\" style=\"display:block; height:auto;\">\n\t\t\n<style>\n#gap-1706499830 {\n  padding-top: 30px;\n}\n<\/style>\n\t<\/div>\n\t\n<div class=\"is-divider divider clearfix\" ><\/div>\n<p><strong>\u00dcksikasjalikuma n\u00f5u saamiseks v\u00f5tke \u00fchendust:<br \/><\/strong>Becky AS<br \/>Laki 30A \/ Kadaka tee 129<br \/>12915<br \/>Tallinn<br \/>+372 670 6880<\/p>\n<div class=\"is-divider divider clearfix\" ><\/div>\n\t\t<\/div>\n\t\t\t\t\t<\/div>\n\n\t\n<\/div>\n","protected":false},"excerpt":{"rendered":"","protected":false},"featured_media":178222,"comment_status":"closed","ping_status":"closed","template":"","meta":[],"product_brand":[],"product_cat":[2788,3025,2972,3023],"product_tag":[],"class_list":{"0":"post-178160","1":"product","2":"type-product","3":"status-publish","4":"has-post-thumbnail","6":"product_cat-aiatarbed-ja-kodukaubad","7":"product_cat-riided","8":"product_cat-tookaitsevahendid","9":"product_cat-tooroivad","10":"pa_kaubamark-becky-as","12":"first","13":"outofstock","14":"sale","15":"taxable","16":"shipping-taxable","17":"purchasable","18":"product-type-simple"},"yoast_head":"<!-- This site is optimized with the Yoast SEO plugin v26.9 - https:\/\/yoast.com\/product\/yoast-seo-wordpress\/ -->\n<title>TURVASAAPAD TALVE WORTEX KATANA S3 46 - Espak E-pood<\/title>\n<meta name=\"robots\" content=\"index, follow, max-snippet:-1, max-image-preview:large, max-video-preview:-1\" \/>\n<link rel=\"canonical\" href=\"https:\/\/espak.ee\/epood\/toode\/turvasaapad-talve-wortex-katana-s3-46\/\" \/>\n<meta property=\"og:locale\" content=\"et_EE\" \/>\n<meta property=\"og:type\" content=\"article\" \/>\n<meta property=\"og:title\" content=\"TURVASAAPAD TALVE WORTEX KATANA S3 46 - Espak E-pood\" \/>\n<meta property=\"og:url\" content=\"https:\/\/espak.ee\/epood\/toode\/turvasaapad-talve-wortex-katana-s3-46\/\" \/>\n<meta property=\"og:site_name\" content=\"Espak E-pood\" \/>\n<meta property=\"article:modified_time\" content=\"2024-03-22T23:00:18+00:00\" \/>\n<meta property=\"og:image\" content=\"https:\/\/espak.ee\/epood\/wp-content\/uploads\/2023\/11\/WORTEX-KATANA-talve-turvasaapad-S3.jpg.webp\" \/>\n\t<meta property=\"og:image:width\" content=\"1024\" \/>\n\t<meta property=\"og:image:height\" content=\"1024\" \/>\n\t<meta property=\"og:image:type\" content=\"image\/webp\" \/>\n<meta name=\"twitter:card\" content=\"summary_large_image\" \/>\n<meta name=\"twitter:label1\" content=\"Est. reading time\" \/>\n\t<meta name=\"twitter:data1\" content=\"1 minut\" \/>\n<script type=\"application\/ld+json\" class=\"yoast-schema-graph\">{\"@context\":\"https:\/\/schema.org\",\"@graph\":[{\"@type\":\"WebPage\",\"@id\":\"https:\/\/espak.ee\/epood\/toode\/turvasaapad-talve-wortex-katana-s3-46\/\",\"url\":\"https:\/\/espak.ee\/epood\/toode\/turvasaapad-talve-wortex-katana-s3-46\/\",\"name\":\"TURVASAAPAD TALVE WORTEX KATANA S3 46 - Espak E-pood\",\"isPartOf\":{\"@id\":\"https:\/\/espak.ee\/epood\/#website\"},\"primaryImageOfPage\":{\"@id\":\"https:\/\/espak.ee\/epood\/toode\/turvasaapad-talve-wortex-katana-s3-46\/#primaryimage\"},\"image\":{\"@id\":\"https:\/\/espak.ee\/epood\/toode\/turvasaapad-talve-wortex-katana-s3-46\/#primaryimage\"},\"thumbnailUrl\":\"https:\/\/espak.ee\/epood\/wp-content\/uploads\/2023\/11\/WORTEX-KATANA-talve-turvasaapad-S3.jpg.webp\",\"datePublished\":\"2023-11-03T03:05:03+00:00\",\"dateModified\":\"2024-03-22T23:00:18+00:00\",\"breadcrumb\":{\"@id\":\"https:\/\/espak.ee\/epood\/toode\/turvasaapad-talve-wortex-katana-s3-46\/#breadcrumb\"},\"inLanguage\":\"et\",\"potentialAction\":[{\"@type\":\"ReadAction\",\"target\":[\"https:\/\/espak.ee\/epood\/toode\/turvasaapad-talve-wortex-katana-s3-46\/\"]}]},{\"@type\":\"ImageObject\",\"inLanguage\":\"et\",\"@id\":\"https:\/\/espak.ee\/epood\/toode\/turvasaapad-talve-wortex-katana-s3-46\/#primaryimage\",\"url\":\"https:\/\/espak.ee\/epood\/wp-content\/uploads\/2023\/11\/WORTEX-KATANA-talve-turvasaapad-S3.jpg.webp\",\"contentUrl\":\"https:\/\/espak.ee\/epood\/wp-content\/uploads\/2023\/11\/WORTEX-KATANA-talve-turvasaapad-S3.jpg.webp\",\"width\":1024,\"height\":1024},{\"@type\":\"BreadcrumbList\",\"@id\":\"https:\/\/espak.ee\/epood\/toode\/turvasaapad-talve-wortex-katana-s3-46\/#breadcrumb\",\"itemListElement\":[{\"@type\":\"ListItem\",\"position\":1,\"name\":\"Home\",\"item\":\"https:\/\/espak.ee\/epood\/\"},{\"@type\":\"ListItem\",\"position\":2,\"name\":\"Tootevalik\",\"item\":\"https:\/\/espak.ee\/epood\/tootevalik\/\"},{\"@type\":\"ListItem\",\"position\":3,\"name\":\"TURVASAAPAD TALVE WORTEX KATANA S3 46\"}]},{\"@type\":\"WebSite\",\"@id\":\"https:\/\/espak.ee\/epood\/#website\",\"url\":\"https:\/\/espak.ee\/epood\/\",\"name\":\"Espak E-pood\",\"description\":\"\",\"potentialAction\":[{\"@type\":\"SearchAction\",\"target\":{\"@type\":\"EntryPoint\",\"urlTemplate\":\"https:\/\/espak.ee\/epood\/?s={search_term_string}\"},\"query-input\":{\"@type\":\"PropertyValueSpecification\",\"valueRequired\":true,\"valueName\":\"search_term_string\"}}],\"inLanguage\":\"et\"}]}<\/script>\n<!-- \/ Yoast SEO plugin. -->","yoast_head_json":{"title":"TURVASAAPAD TALVE WORTEX KATANA S3 46 - Espak E-pood","robots":{"index":"index","follow":"follow","max-snippet":"max-snippet:-1","max-image-preview":"max-image-preview:large","max-video-preview":"max-video-preview:-1"},"canonical":"https:\/\/espak.ee\/epood\/toode\/turvasaapad-talve-wortex-katana-s3-46\/","og_locale":"et_EE","og_type":"article","og_title":"TURVASAAPAD TALVE WORTEX KATANA S3 46 - Espak E-pood","og_url":"https:\/\/espak.ee\/epood\/toode\/turvasaapad-talve-wortex-katana-s3-46\/","og_site_name":"Espak E-pood","article_modified_time":"2024-03-22T23:00:18+00:00","og_image":[{"width":1024,"height":1024,"url":"https:\/\/espak.ee\/epood\/wp-content\/uploads\/2023\/11\/WORTEX-KATANA-talve-turvasaapad-S3.jpg.webp","type":"image\/webp"}],"twitter_card":"summary_large_image","twitter_misc":{"Est. reading time":"1 minut"},"schema":{"@context":"https:\/\/schema.org","@graph":[{"@type":"WebPage","@id":"https:\/\/espak.ee\/epood\/toode\/turvasaapad-talve-wortex-katana-s3-46\/","url":"https:\/\/espak.ee\/epood\/toode\/turvasaapad-talve-wortex-katana-s3-46\/","name":"TURVASAAPAD TALVE WORTEX KATANA S3 46 - Espak E-pood","isPartOf":{"@id":"https:\/\/espak.ee\/epood\/#website"},"primaryImageOfPage":{"@id":"https:\/\/espak.ee\/epood\/toode\/turvasaapad-talve-wortex-katana-s3-46\/#primaryimage"},"image":{"@id":"https:\/\/espak.ee\/epood\/toode\/turvasaapad-talve-wortex-katana-s3-46\/#primaryimage"},"thumbnailUrl":"https:\/\/espak.ee\/epood\/wp-content\/uploads\/2023\/11\/WORTEX-KATANA-talve-turvasaapad-S3.jpg.webp","datePublished":"2023-11-03T03:05:03+00:00","dateModified":"2024-03-22T23:00:18+00:00","breadcrumb":{"@id":"https:\/\/espak.ee\/epood\/toode\/turvasaapad-talve-wortex-katana-s3-46\/#breadcrumb"},"inLanguage":"et","potentialAction":[{"@type":"ReadAction","target":["https:\/\/espak.ee\/epood\/toode\/turvasaapad-talve-wortex-katana-s3-46\/"]}]},{"@type":"ImageObject","inLanguage":"et","@id":"https:\/\/espak.ee\/epood\/toode\/turvasaapad-talve-wortex-katana-s3-46\/#primaryimage","url":"https:\/\/espak.ee\/epood\/wp-content\/uploads\/2023\/11\/WORTEX-KATANA-talve-turvasaapad-S3.jpg.webp","contentUrl":"https:\/\/espak.ee\/epood\/wp-content\/uploads\/2023\/11\/WORTEX-KATANA-talve-turvasaapad-S3.jpg.webp","width":1024,"height":1024},{"@type":"BreadcrumbList","@id":"https:\/\/espak.ee\/epood\/toode\/turvasaapad-talve-wortex-katana-s3-46\/#breadcrumb","itemListElement":[{"@type":"ListItem","position":1,"name":"Home","item":"https:\/\/espak.ee\/epood\/"},{"@type":"ListItem","position":2,"name":"Tootevalik","item":"https:\/\/espak.ee\/epood\/tootevalik\/"},{"@type":"ListItem","position":3,"name":"TURVASAAPAD TALVE WORTEX KATANA S3 46"}]},{"@type":"WebSite","@id":"https:\/\/espak.ee\/epood\/#website","url":"https:\/\/espak.ee\/epood\/","name":"Espak E-pood","description":"","potentialAction":[{"@type":"SearchAction","target":{"@type":"EntryPoint","urlTemplate":"https:\/\/espak.ee\/epood\/?s={search_term_string}"},"query-input":{"@type":"PropertyValueSpecification","valueRequired":true,"valueName":"search_term_string"}}],"inLanguage":"et"}]}},"_links":{"self":[{"href":"https:\/\/espak.ee\/epood\/wp-json\/wp\/v2\/product\/178160","targetHints":{"allow":["GET"]}}],"collection":[{"href":"https:\/\/espak.ee\/epood\/wp-json\/wp\/v2\/product"}],"about":[{"href":"https:\/\/espak.ee\/epood\/wp-json\/wp\/v2\/types\/product"}],"replies":[{"embeddable":true,"href":"https:\/\/espak.ee\/epood\/wp-json\/wp\/v2\/comments?post=178160"}],"wp:featuredmedia":[{"embeddable":true,"href":"https:\/\/espak.ee\/epood\/wp-json\/wp\/v2\/media\/178222"}],"wp:attachment":[{"href":"https:\/\/espak.ee\/epood\/wp-json\/wp\/v2\/media?parent=178160"}],"wp:term":[{"taxonomy":"product_brand","embeddable":true,"href":"https:\/\/espak.ee\/epood\/wp-json\/wp\/v2\/product_brand?post=178160"},{"taxonomy":"product_cat","embeddable":true,"href":"https:\/\/espak.ee\/epood\/wp-json\/wp\/v2\/product_cat?post=178160"},{"taxonomy":"product_tag","embeddable":true,"href":"https:\/\/espak.ee\/epood\/wp-json\/wp\/v2\/product_tag?post=178160"}],"curies":[{"name":"wp","href":"https:\/\/api.w.org\/{rel}","templated":true}]}}