{"id":178007,"date":"2023-11-02T05:10:12","date_gmt":"2023-11-02T03:10:12","guid":{"rendered":"https:\/\/espak.ee\/epood\/?post_type=product&#038;p=178007"},"modified":"2026-01-23T20:05:24","modified_gmt":"2026-01-23T18:05:24","slug":"tookindad-tamrex-touchgrip-winter-must-7","status":"publish","type":"product","link":"https:\/\/espak.ee\/epood\/toode\/tookindad-tamrex-touchgrip-winter-must-7\/","title":{"rendered":"T\u00d6\u00d6KINDAD TAMREX TOUCHGRIP WINTER MUST 7"},"content":{"rendered":"<div class=\"row\"  id=\"row-1734984467\">\n\n\t<div id=\"col-63388035\" class=\"col medium-9 small-12 large-9\"  >\n\t\t\t\t<div class=\"col-inner\"  >\n\t\t\t\n\t\t\t\n<h2>TAMREX TouchGrip Winter s\u00fcnteetilisest nahast kindad nr7<\/h2>\n<p>Tamrexi kindavalikusse on lisandunud uus paar mugavaid, kergeid, funktsionaalseid ja vastupidavaid TouchScreen funktsionaalsusega talvekindad! Lisaks mugavusele on kindad ka n\u00e4gusad ja sobivad v\u00e4ga h\u00e4sti ka erinevatks vabaaja tegevusteks.<\/p>\n<p>Tegemist on t\u00f6\u00f6kinnastega, mis kaitsevad t\u00f6\u00f6tegijat mehhaaniliste ohtude eest (Kat 2), mis t\u00e4hendab, et kinnaste kaitseomadusi on testitud ja tulemused teada, seega sobivad need suurep\u00e4raselt tootmisettev\u00f5tetesse ja mujale, kus on n\u00f5utud t\u00f5endatud k\u00f5rge kvaliteet ja ohutustase.<\/p>\n<p><strong>Mugavad ja kerged<\/strong><br \/>\n\u00dclimalt mugavad t\u00f6\u00f6kindad, mis v\u00f5ivadki k\u00e4tte ununeda! K\u00e4ekuju j\u00e4rgiv disain, elastne k\u00e4eselg, kergelt eelpainutatud s\u00f5rmed ja k\u00fclge \u00f5mmeldud p\u00f6idlaosa tagavad suurep\u00e4rase ja loomuliku liikumisvabaduse. Sisse \u00f5mmeldud kumm randmel hoiab kindad kindlalt k\u00e4es.<\/p>\n<p><strong>A+ klassi s\u00fcnteetiline nahk<\/strong><br \/>\nParim, A+ klassi s\u00fcnteetiline nahk on suurep\u00e4rase ja stabiilse kvaliteedi ning v\u00e4ga hea kulumiskindlusega. V\u00f5rreldes tavalise s\u00fcnteetilise nahaga on seda t\u00e4iendatud libisemist takistava mustriga, mis tundub k\u00e4ega katsudes m\u00f5nusalt sametine. Nendes kinnastes p\u00fcsivad t\u00f6\u00f6riistad alati kindlalt k\u00e4es!<\/p>\n<p><strong>Veekindel membraan<\/strong><br \/>\nMeie talved v\u00f5ivad tihti \u00fcllatada, nii on kinnaste veekindlus oluline lisaboonus. Kvaliteetne membraan tagab suurep\u00e4rase veekindluse (15000 mm) ja  hea hingavuse (7000 g\/m\u00b2\/24h). Nii on k\u00e4ed alati kuivad: liigne soojus p\u00e4\u00e4seb v\u00e4lja, kuid v\u00e4ljast poolt ei p\u00e4\u00e4se vihm sisse.<\/p>\n<p><strong>Soe fliisvooder<\/strong><br \/>\nV\u00e4ga sooja ja pehme fliisvoodriga (220 g\/m\u00b2) kindad on kerged ja \u00f5hulised. Ideaalsed kindad talveks nii t\u00f6\u00f6le kui suusarajale.<\/p>\n<p><strong>Touch screen s\u00f5rmeotsad<\/strong><br \/>\nTouch screen kinnastega saab muretult erinevaid puutetundlikke ekraane kasutada. Hea ka kiirel hetkel telefoni vastu v\u00f5tta &#8211; ei ole vaja enne kinnast k\u00e4est \u00e4ra v\u00f5tta.<\/p>\n<p><strong>Hooldus:<\/strong><br \/>\nMasinpesu 30 kraadi juures.<\/p>\n<p><strong>Materjal:<\/strong><br \/>\nA+ klassi s\u00fcnteetiline nahk.<\/p>\n<p><strong>Standard:<\/strong><br \/>\nEN ISO 21420:2020<br \/>\nEN 388:2016+A1:2008 (2.2.2.1.X)<br \/>\nEN 511:2006 (1.2.1), Kat 2.<\/p>\n\t<div id=\"gap-1482198008\" class=\"gap-element clearfix\" style=\"display:block; height:auto;\">\n\t\t\n<style>\n#gap-1482198008 {\n  padding-top: 30px;\n}\n<\/style>\n\t<\/div>\n\t\n\t\t<\/div>\n\t\t\t\t\t<\/div>\n\n\t\n\n\t<div id=\"col-1870524849\" class=\"col medium-3 small-12 large-3\"  >\n\t\t\t\t<div class=\"col-inner\"  >\n\t\t\t\n\t\t\t\n\t<div id=\"gap-912055642\" class=\"gap-element clearfix\" style=\"display:block; height:auto;\">\n\t\t\n<style>\n#gap-912055642 {\n  padding-top: 30px;\n}\n<\/style>\n\t<\/div>\n\t\n<div class=\"is-divider divider clearfix\" ><\/div>\n<p><strong>\u00dcksikasjalikuma n\u00f5u saamiseks v\u00f5tke \u00fchendust:<br \/><\/strong>Tamrex Ohutuse O\u00dc<br \/>Laki 5<br \/>10621<br \/>Tallinn<br \/>+372 654 9900<\/p>\n<div class=\"is-divider divider clearfix\" ><\/div>\n\t\t<\/div>\n\t\t\t\t\t<\/div>\n\n\t\n<\/div>\n","protected":false},"excerpt":{"rendered":"","protected":false},"featured_media":185979,"comment_status":"closed","ping_status":"closed","template":"","meta":[],"product_brand":[],"product_cat":[2788,2976,2980,2972],"product_tag":[],"class_list":{"0":"post-178007","1":"product","2":"type-product","3":"status-publish","4":"has-post-thumbnail","6":"product_cat-aiatarbed-ja-kodukaubad","7":"product_cat-kindad","8":"product_cat-nahk-riie-kindad","9":"product_cat-tookaitsevahendid","11":"first","12":"instock","13":"sale","14":"taxable","15":"shipping-taxable","16":"purchasable","17":"product-type-simple"},"yoast_head":"<!-- This site is optimized with the Yoast SEO plugin v26.9 - https:\/\/yoast.com\/product\/yoast-seo-wordpress\/ -->\n<title>T\u00d6\u00d6KINDAD TAMREX TOUCHGRIP WINTER MUST 7 - Espak E-pood<\/title>\n<meta name=\"robots\" content=\"index, follow, max-snippet:-1, max-image-preview:large, max-video-preview:-1\" \/>\n<link rel=\"canonical\" href=\"https:\/\/espak.ee\/epood\/toode\/tookindad-tamrex-touchgrip-winter-must-7\/\" \/>\n<meta property=\"og:locale\" content=\"et_EE\" \/>\n<meta property=\"og:type\" content=\"article\" \/>\n<meta property=\"og:title\" content=\"T\u00d6\u00d6KINDAD TAMREX TOUCHGRIP WINTER MUST 7 - Espak E-pood\" \/>\n<meta property=\"og:url\" content=\"https:\/\/espak.ee\/epood\/toode\/tookindad-tamrex-touchgrip-winter-must-7\/\" \/>\n<meta property=\"og:site_name\" content=\"Espak E-pood\" \/>\n<meta property=\"article:modified_time\" content=\"2026-01-23T18:05:24+00:00\" \/>\n<meta property=\"og:image\" content=\"https:\/\/espak.ee\/epood\/wp-content\/uploads\/2023\/11\/tamrex-touchgrip-winter-sunteetilisest-nahast-kindad.webp\" \/>\n\t<meta property=\"og:image:width\" content=\"1400\" \/>\n\t<meta property=\"og:image:height\" content=\"1400\" \/>\n\t<meta property=\"og:image:type\" content=\"image\/webp\" \/>\n<meta name=\"twitter:card\" content=\"summary_large_image\" \/>\n<meta name=\"twitter:label1\" content=\"Est. reading time\" \/>\n\t<meta name=\"twitter:data1\" content=\"2 minutit\" \/>\n<script type=\"application\/ld+json\" class=\"yoast-schema-graph\">{\"@context\":\"https:\/\/schema.org\",\"@graph\":[{\"@type\":\"WebPage\",\"@id\":\"https:\/\/espak.ee\/epood\/toode\/tookindad-tamrex-touchgrip-winter-must-7\/\",\"url\":\"https:\/\/espak.ee\/epood\/toode\/tookindad-tamrex-touchgrip-winter-must-7\/\",\"name\":\"T\u00d6\u00d6KINDAD TAMREX TOUCHGRIP WINTER MUST 7 - Espak E-pood\",\"isPartOf\":{\"@id\":\"https:\/\/espak.ee\/epood\/#website\"},\"primaryImageOfPage\":{\"@id\":\"https:\/\/espak.ee\/epood\/toode\/tookindad-tamrex-touchgrip-winter-must-7\/#primaryimage\"},\"image\":{\"@id\":\"https:\/\/espak.ee\/epood\/toode\/tookindad-tamrex-touchgrip-winter-must-7\/#primaryimage\"},\"thumbnailUrl\":\"https:\/\/espak.ee\/epood\/wp-content\/uploads\/2023\/11\/tamrex-touchgrip-winter-sunteetilisest-nahast-kindad.webp\",\"datePublished\":\"2023-11-02T03:10:12+00:00\",\"dateModified\":\"2026-01-23T18:05:24+00:00\",\"breadcrumb\":{\"@id\":\"https:\/\/espak.ee\/epood\/toode\/tookindad-tamrex-touchgrip-winter-must-7\/#breadcrumb\"},\"inLanguage\":\"et\",\"potentialAction\":[{\"@type\":\"ReadAction\",\"target\":[\"https:\/\/espak.ee\/epood\/toode\/tookindad-tamrex-touchgrip-winter-must-7\/\"]}]},{\"@type\":\"ImageObject\",\"inLanguage\":\"et\",\"@id\":\"https:\/\/espak.ee\/epood\/toode\/tookindad-tamrex-touchgrip-winter-must-7\/#primaryimage\",\"url\":\"https:\/\/espak.ee\/epood\/wp-content\/uploads\/2023\/11\/tamrex-touchgrip-winter-sunteetilisest-nahast-kindad.webp\",\"contentUrl\":\"https:\/\/espak.ee\/epood\/wp-content\/uploads\/2023\/11\/tamrex-touchgrip-winter-sunteetilisest-nahast-kindad.webp\",\"width\":1400,\"height\":1400},{\"@type\":\"BreadcrumbList\",\"@id\":\"https:\/\/espak.ee\/epood\/toode\/tookindad-tamrex-touchgrip-winter-must-7\/#breadcrumb\",\"itemListElement\":[{\"@type\":\"ListItem\",\"position\":1,\"name\":\"Home\",\"item\":\"https:\/\/espak.ee\/epood\/\"},{\"@type\":\"ListItem\",\"position\":2,\"name\":\"Tootevalik\",\"item\":\"https:\/\/espak.ee\/epood\/tootevalik\/\"},{\"@type\":\"ListItem\",\"position\":3,\"name\":\"T\u00d6\u00d6KINDAD TAMREX TOUCHGRIP WINTER MUST 7\"}]},{\"@type\":\"WebSite\",\"@id\":\"https:\/\/espak.ee\/epood\/#website\",\"url\":\"https:\/\/espak.ee\/epood\/\",\"name\":\"Espak E-pood\",\"description\":\"\",\"potentialAction\":[{\"@type\":\"SearchAction\",\"target\":{\"@type\":\"EntryPoint\",\"urlTemplate\":\"https:\/\/espak.ee\/epood\/?s={search_term_string}\"},\"query-input\":{\"@type\":\"PropertyValueSpecification\",\"valueRequired\":true,\"valueName\":\"search_term_string\"}}],\"inLanguage\":\"et\"}]}<\/script>\n<!-- \/ Yoast SEO plugin. -->","yoast_head_json":{"title":"T\u00d6\u00d6KINDAD TAMREX TOUCHGRIP WINTER MUST 7 - Espak E-pood","robots":{"index":"index","follow":"follow","max-snippet":"max-snippet:-1","max-image-preview":"max-image-preview:large","max-video-preview":"max-video-preview:-1"},"canonical":"https:\/\/espak.ee\/epood\/toode\/tookindad-tamrex-touchgrip-winter-must-7\/","og_locale":"et_EE","og_type":"article","og_title":"T\u00d6\u00d6KINDAD TAMREX TOUCHGRIP WINTER MUST 7 - Espak E-pood","og_url":"https:\/\/espak.ee\/epood\/toode\/tookindad-tamrex-touchgrip-winter-must-7\/","og_site_name":"Espak E-pood","article_modified_time":"2026-01-23T18:05:24+00:00","og_image":[{"width":1400,"height":1400,"url":"https:\/\/espak.ee\/epood\/wp-content\/uploads\/2023\/11\/tamrex-touchgrip-winter-sunteetilisest-nahast-kindad.webp","type":"image\/webp"}],"twitter_card":"summary_large_image","twitter_misc":{"Est. reading time":"2 minutit"},"schema":{"@context":"https:\/\/schema.org","@graph":[{"@type":"WebPage","@id":"https:\/\/espak.ee\/epood\/toode\/tookindad-tamrex-touchgrip-winter-must-7\/","url":"https:\/\/espak.ee\/epood\/toode\/tookindad-tamrex-touchgrip-winter-must-7\/","name":"T\u00d6\u00d6KINDAD TAMREX TOUCHGRIP WINTER MUST 7 - Espak E-pood","isPartOf":{"@id":"https:\/\/espak.ee\/epood\/#website"},"primaryImageOfPage":{"@id":"https:\/\/espak.ee\/epood\/toode\/tookindad-tamrex-touchgrip-winter-must-7\/#primaryimage"},"image":{"@id":"https:\/\/espak.ee\/epood\/toode\/tookindad-tamrex-touchgrip-winter-must-7\/#primaryimage"},"thumbnailUrl":"https:\/\/espak.ee\/epood\/wp-content\/uploads\/2023\/11\/tamrex-touchgrip-winter-sunteetilisest-nahast-kindad.webp","datePublished":"2023-11-02T03:10:12+00:00","dateModified":"2026-01-23T18:05:24+00:00","breadcrumb":{"@id":"https:\/\/espak.ee\/epood\/toode\/tookindad-tamrex-touchgrip-winter-must-7\/#breadcrumb"},"inLanguage":"et","potentialAction":[{"@type":"ReadAction","target":["https:\/\/espak.ee\/epood\/toode\/tookindad-tamrex-touchgrip-winter-must-7\/"]}]},{"@type":"ImageObject","inLanguage":"et","@id":"https:\/\/espak.ee\/epood\/toode\/tookindad-tamrex-touchgrip-winter-must-7\/#primaryimage","url":"https:\/\/espak.ee\/epood\/wp-content\/uploads\/2023\/11\/tamrex-touchgrip-winter-sunteetilisest-nahast-kindad.webp","contentUrl":"https:\/\/espak.ee\/epood\/wp-content\/uploads\/2023\/11\/tamrex-touchgrip-winter-sunteetilisest-nahast-kindad.webp","width":1400,"height":1400},{"@type":"BreadcrumbList","@id":"https:\/\/espak.ee\/epood\/toode\/tookindad-tamrex-touchgrip-winter-must-7\/#breadcrumb","itemListElement":[{"@type":"ListItem","position":1,"name":"Home","item":"https:\/\/espak.ee\/epood\/"},{"@type":"ListItem","position":2,"name":"Tootevalik","item":"https:\/\/espak.ee\/epood\/tootevalik\/"},{"@type":"ListItem","position":3,"name":"T\u00d6\u00d6KINDAD TAMREX TOUCHGRIP WINTER MUST 7"}]},{"@type":"WebSite","@id":"https:\/\/espak.ee\/epood\/#website","url":"https:\/\/espak.ee\/epood\/","name":"Espak E-pood","description":"","potentialAction":[{"@type":"SearchAction","target":{"@type":"EntryPoint","urlTemplate":"https:\/\/espak.ee\/epood\/?s={search_term_string}"},"query-input":{"@type":"PropertyValueSpecification","valueRequired":true,"valueName":"search_term_string"}}],"inLanguage":"et"}]}},"_links":{"self":[{"href":"https:\/\/espak.ee\/epood\/wp-json\/wp\/v2\/product\/178007","targetHints":{"allow":["GET"]}}],"collection":[{"href":"https:\/\/espak.ee\/epood\/wp-json\/wp\/v2\/product"}],"about":[{"href":"https:\/\/espak.ee\/epood\/wp-json\/wp\/v2\/types\/product"}],"replies":[{"embeddable":true,"href":"https:\/\/espak.ee\/epood\/wp-json\/wp\/v2\/comments?post=178007"}],"wp:featuredmedia":[{"embeddable":true,"href":"https:\/\/espak.ee\/epood\/wp-json\/wp\/v2\/media\/185979"}],"wp:attachment":[{"href":"https:\/\/espak.ee\/epood\/wp-json\/wp\/v2\/media?parent=178007"}],"wp:term":[{"taxonomy":"product_brand","embeddable":true,"href":"https:\/\/espak.ee\/epood\/wp-json\/wp\/v2\/product_brand?post=178007"},{"taxonomy":"product_cat","embeddable":true,"href":"https:\/\/espak.ee\/epood\/wp-json\/wp\/v2\/product_cat?post=178007"},{"taxonomy":"product_tag","embeddable":true,"href":"https:\/\/espak.ee\/epood\/wp-json\/wp\/v2\/product_tag?post=178007"}],"curies":[{"name":"wp","href":"https:\/\/api.w.org\/{rel}","templated":true}]}}