{"id":17756,"date":"2020-04-01T03:31:30","date_gmt":"2020-04-01T00:31:30","guid":{"rendered":"https:\/\/espak.ee\/hinnakiri\/?post_type=product&#038;p=17756"},"modified":"2024-03-22T23:53:14","modified_gmt":"2024-03-22T21:53:14","slug":"kitsenahast-sormikud-7809-oranzid-9","status":"publish","type":"product","link":"https:\/\/espak.ee\/epood\/toode\/kitsenahast-sormikud-7809-oranzid-9\/","title":{"rendered":"KITSENAHAST S\u00d5RMIKUD 7809 ORAN\u017dID 9"},"content":{"rendered":"<div class=\"row\"  id=\"row-448261281\">\n\n\t<div id=\"col-177732957\" class=\"col medium-9 small-12 large-9\"  >\n\t\t\t\t<div class=\"col-inner\"  >\n\t\t\t\n\t\t\t\n<h2>WORTEX kitsenahast t\u00f6\u00f6kindad v\u00f5rkseljaga<\/h2>\n<p>WORTEX kitsenahast t\u00f6\u00f6kindad v\u00f5rkseljaga on mugavad ja kerged kanda. Kinda peopesas on kitsenahk ning k\u00e4eseljal on v\u00f5rkmaterjal, mis suurendab kinnaste hingavust. Kindal on randmel kr\u00f5pskinnitus. Oranzi v\u00e4rvi.<\/p>\n\t<div id=\"gap-1719340205\" class=\"gap-element clearfix\" style=\"display:block; height:auto;\">\n\t\t\n<style>\n#gap-1719340205 {\n  padding-top: 30px;\n}\n<\/style>\n\t<\/div>\n\t\n\t\t<\/div>\n\t\t\t\t\t<\/div>\n\n\t\n\n\t<div id=\"col-1562934116\" class=\"col medium-3 small-12 large-3\"  >\n\t\t\t\t<div class=\"col-inner\"  >\n\t\t\t\n\t\t\t\n\t<div id=\"gap-566357853\" class=\"gap-element clearfix\" style=\"display:block; height:auto;\">\n\t\t\n<style>\n#gap-566357853 {\n  padding-top: 30px;\n}\n<\/style>\n\t<\/div>\n\t\n<div class=\"is-divider divider clearfix\" ><\/div>\n<p><strong>\u00dcksikasjalikuma n\u00f5u saamiseks v\u00f5tke \u00fchendust:<br \/><\/strong>Becky AS<br \/>Laki 30A \/ Kadaka tee 129<br \/>12915<br \/>Tallinn<br \/>+372 670 6880<\/p>\n<div class=\"is-divider divider clearfix\" ><\/div>\n\t\t<\/div>\n\t\t\t\t\t<\/div>\n\n\t\n<\/div>\n","protected":false},"excerpt":{"rendered":"","protected":false},"featured_media":18907,"comment_status":"closed","ping_status":"open","template":"","meta":[],"product_brand":[],"product_cat":[2788,2976,2980,2972],"product_tag":[],"class_list":{"0":"post-17756","1":"product","2":"type-product","3":"status-publish","4":"has-post-thumbnail","6":"product_cat-aiatarbed-ja-kodukaubad","7":"product_cat-kindad","8":"product_cat-nahk-riie-kindad","9":"product_cat-tookaitsevahendid","10":"pa_kaubamark-becky-as","12":"first","13":"outofstock","14":"sale","15":"taxable","16":"shipping-taxable","17":"purchasable","18":"product-type-simple"},"yoast_head":"<!-- This site is optimized with the Yoast SEO plugin v26.9 - https:\/\/yoast.com\/product\/yoast-seo-wordpress\/ -->\n<title>KITSENAHAST S\u00d5RMIKUD 7809 ORAN\u017dID 9 - Espak E-pood<\/title>\n<meta name=\"robots\" content=\"index, follow, max-snippet:-1, max-image-preview:large, max-video-preview:-1\" \/>\n<link rel=\"canonical\" href=\"https:\/\/espak.ee\/epood\/toode\/kitsenahast-sormikud-7809-oranzid-9\/\" \/>\n<meta property=\"og:locale\" content=\"et_EE\" \/>\n<meta property=\"og:type\" content=\"article\" \/>\n<meta property=\"og:title\" content=\"KITSENAHAST S\u00d5RMIKUD 7809 ORAN\u017dID 9 - Espak E-pood\" \/>\n<meta property=\"og:url\" content=\"https:\/\/espak.ee\/epood\/toode\/kitsenahast-sormikud-7809-oranzid-9\/\" \/>\n<meta property=\"og:site_name\" content=\"Espak E-pood\" \/>\n<meta property=\"article:modified_time\" content=\"2024-03-22T21:53:14+00:00\" \/>\n<meta property=\"og:image\" content=\"https:\/\/espak.ee\/epood\/wp-content\/uploads\/WORTEX-KITSENAHAST-T\u00d6\u00d6KINDAD-V\u00d5RKSELJAGA-7809\u20267811.jpg\" \/>\n\t<meta property=\"og:image:width\" content=\"600\" \/>\n\t<meta property=\"og:image:height\" content=\"600\" \/>\n\t<meta property=\"og:image:type\" content=\"image\/jpeg\" \/>\n<meta name=\"twitter:card\" content=\"summary_large_image\" \/>\n<script type=\"application\/ld+json\" class=\"yoast-schema-graph\">{\"@context\":\"https:\/\/schema.org\",\"@graph\":[{\"@type\":\"WebPage\",\"@id\":\"https:\/\/espak.ee\/epood\/toode\/kitsenahast-sormikud-7809-oranzid-9\/\",\"url\":\"https:\/\/espak.ee\/epood\/toode\/kitsenahast-sormikud-7809-oranzid-9\/\",\"name\":\"KITSENAHAST S\u00d5RMIKUD 7809 ORAN\u017dID 9 - Espak E-pood\",\"isPartOf\":{\"@id\":\"https:\/\/espak.ee\/epood\/#website\"},\"primaryImageOfPage\":{\"@id\":\"https:\/\/espak.ee\/epood\/toode\/kitsenahast-sormikud-7809-oranzid-9\/#primaryimage\"},\"image\":{\"@id\":\"https:\/\/espak.ee\/epood\/toode\/kitsenahast-sormikud-7809-oranzid-9\/#primaryimage\"},\"thumbnailUrl\":\"https:\/\/espak.ee\/epood\/wp-content\/uploads\/WORTEX-KITSENAHAST-T\u00d6\u00d6KINDAD-V\u00d5RKSELJAGA-7809\u20267811.jpg\",\"datePublished\":\"2020-04-01T00:31:30+00:00\",\"dateModified\":\"2024-03-22T21:53:14+00:00\",\"breadcrumb\":{\"@id\":\"https:\/\/espak.ee\/epood\/toode\/kitsenahast-sormikud-7809-oranzid-9\/#breadcrumb\"},\"inLanguage\":\"et\",\"potentialAction\":[{\"@type\":\"ReadAction\",\"target\":[\"https:\/\/espak.ee\/epood\/toode\/kitsenahast-sormikud-7809-oranzid-9\/\"]}]},{\"@type\":\"ImageObject\",\"inLanguage\":\"et\",\"@id\":\"https:\/\/espak.ee\/epood\/toode\/kitsenahast-sormikud-7809-oranzid-9\/#primaryimage\",\"url\":\"https:\/\/espak.ee\/epood\/wp-content\/uploads\/WORTEX-KITSENAHAST-T\u00d6\u00d6KINDAD-V\u00d5RKSELJAGA-7809\u20267811.jpg\",\"contentUrl\":\"https:\/\/espak.ee\/epood\/wp-content\/uploads\/WORTEX-KITSENAHAST-T\u00d6\u00d6KINDAD-V\u00d5RKSELJAGA-7809\u20267811.jpg\",\"width\":600,\"height\":600},{\"@type\":\"BreadcrumbList\",\"@id\":\"https:\/\/espak.ee\/epood\/toode\/kitsenahast-sormikud-7809-oranzid-9\/#breadcrumb\",\"itemListElement\":[{\"@type\":\"ListItem\",\"position\":1,\"name\":\"Home\",\"item\":\"https:\/\/espak.ee\/epood\/\"},{\"@type\":\"ListItem\",\"position\":2,\"name\":\"Tootevalik\",\"item\":\"https:\/\/espak.ee\/epood\/tootevalik\/\"},{\"@type\":\"ListItem\",\"position\":3,\"name\":\"KITSENAHAST S\u00d5RMIKUD 7809 ORAN\u017dID 9\"}]},{\"@type\":\"WebSite\",\"@id\":\"https:\/\/espak.ee\/epood\/#website\",\"url\":\"https:\/\/espak.ee\/epood\/\",\"name\":\"Espak E-pood\",\"description\":\"\",\"potentialAction\":[{\"@type\":\"SearchAction\",\"target\":{\"@type\":\"EntryPoint\",\"urlTemplate\":\"https:\/\/espak.ee\/epood\/?s={search_term_string}\"},\"query-input\":{\"@type\":\"PropertyValueSpecification\",\"valueRequired\":true,\"valueName\":\"search_term_string\"}}],\"inLanguage\":\"et\"}]}<\/script>\n<!-- \/ Yoast SEO plugin. -->","yoast_head_json":{"title":"KITSENAHAST S\u00d5RMIKUD 7809 ORAN\u017dID 9 - Espak E-pood","robots":{"index":"index","follow":"follow","max-snippet":"max-snippet:-1","max-image-preview":"max-image-preview:large","max-video-preview":"max-video-preview:-1"},"canonical":"https:\/\/espak.ee\/epood\/toode\/kitsenahast-sormikud-7809-oranzid-9\/","og_locale":"et_EE","og_type":"article","og_title":"KITSENAHAST S\u00d5RMIKUD 7809 ORAN\u017dID 9 - Espak E-pood","og_url":"https:\/\/espak.ee\/epood\/toode\/kitsenahast-sormikud-7809-oranzid-9\/","og_site_name":"Espak E-pood","article_modified_time":"2024-03-22T21:53:14+00:00","og_image":[{"width":600,"height":600,"url":"https:\/\/espak.ee\/epood\/wp-content\/uploads\/WORTEX-KITSENAHAST-T\u00d6\u00d6KINDAD-V\u00d5RKSELJAGA-7809\u20267811.jpg","type":"image\/jpeg"}],"twitter_card":"summary_large_image","schema":{"@context":"https:\/\/schema.org","@graph":[{"@type":"WebPage","@id":"https:\/\/espak.ee\/epood\/toode\/kitsenahast-sormikud-7809-oranzid-9\/","url":"https:\/\/espak.ee\/epood\/toode\/kitsenahast-sormikud-7809-oranzid-9\/","name":"KITSENAHAST S\u00d5RMIKUD 7809 ORAN\u017dID 9 - Espak E-pood","isPartOf":{"@id":"https:\/\/espak.ee\/epood\/#website"},"primaryImageOfPage":{"@id":"https:\/\/espak.ee\/epood\/toode\/kitsenahast-sormikud-7809-oranzid-9\/#primaryimage"},"image":{"@id":"https:\/\/espak.ee\/epood\/toode\/kitsenahast-sormikud-7809-oranzid-9\/#primaryimage"},"thumbnailUrl":"https:\/\/espak.ee\/epood\/wp-content\/uploads\/WORTEX-KITSENAHAST-T\u00d6\u00d6KINDAD-V\u00d5RKSELJAGA-7809\u20267811.jpg","datePublished":"2020-04-01T00:31:30+00:00","dateModified":"2024-03-22T21:53:14+00:00","breadcrumb":{"@id":"https:\/\/espak.ee\/epood\/toode\/kitsenahast-sormikud-7809-oranzid-9\/#breadcrumb"},"inLanguage":"et","potentialAction":[{"@type":"ReadAction","target":["https:\/\/espak.ee\/epood\/toode\/kitsenahast-sormikud-7809-oranzid-9\/"]}]},{"@type":"ImageObject","inLanguage":"et","@id":"https:\/\/espak.ee\/epood\/toode\/kitsenahast-sormikud-7809-oranzid-9\/#primaryimage","url":"https:\/\/espak.ee\/epood\/wp-content\/uploads\/WORTEX-KITSENAHAST-T\u00d6\u00d6KINDAD-V\u00d5RKSELJAGA-7809\u20267811.jpg","contentUrl":"https:\/\/espak.ee\/epood\/wp-content\/uploads\/WORTEX-KITSENAHAST-T\u00d6\u00d6KINDAD-V\u00d5RKSELJAGA-7809\u20267811.jpg","width":600,"height":600},{"@type":"BreadcrumbList","@id":"https:\/\/espak.ee\/epood\/toode\/kitsenahast-sormikud-7809-oranzid-9\/#breadcrumb","itemListElement":[{"@type":"ListItem","position":1,"name":"Home","item":"https:\/\/espak.ee\/epood\/"},{"@type":"ListItem","position":2,"name":"Tootevalik","item":"https:\/\/espak.ee\/epood\/tootevalik\/"},{"@type":"ListItem","position":3,"name":"KITSENAHAST S\u00d5RMIKUD 7809 ORAN\u017dID 9"}]},{"@type":"WebSite","@id":"https:\/\/espak.ee\/epood\/#website","url":"https:\/\/espak.ee\/epood\/","name":"Espak E-pood","description":"","potentialAction":[{"@type":"SearchAction","target":{"@type":"EntryPoint","urlTemplate":"https:\/\/espak.ee\/epood\/?s={search_term_string}"},"query-input":{"@type":"PropertyValueSpecification","valueRequired":true,"valueName":"search_term_string"}}],"inLanguage":"et"}]}},"_links":{"self":[{"href":"https:\/\/espak.ee\/epood\/wp-json\/wp\/v2\/product\/17756","targetHints":{"allow":["GET"]}}],"collection":[{"href":"https:\/\/espak.ee\/epood\/wp-json\/wp\/v2\/product"}],"about":[{"href":"https:\/\/espak.ee\/epood\/wp-json\/wp\/v2\/types\/product"}],"replies":[{"embeddable":true,"href":"https:\/\/espak.ee\/epood\/wp-json\/wp\/v2\/comments?post=17756"}],"wp:featuredmedia":[{"embeddable":true,"href":"https:\/\/espak.ee\/epood\/wp-json\/wp\/v2\/media\/18907"}],"wp:attachment":[{"href":"https:\/\/espak.ee\/epood\/wp-json\/wp\/v2\/media?parent=17756"}],"wp:term":[{"taxonomy":"product_brand","embeddable":true,"href":"https:\/\/espak.ee\/epood\/wp-json\/wp\/v2\/product_brand?post=17756"},{"taxonomy":"product_cat","embeddable":true,"href":"https:\/\/espak.ee\/epood\/wp-json\/wp\/v2\/product_cat?post=17756"},{"taxonomy":"product_tag","embeddable":true,"href":"https:\/\/espak.ee\/epood\/wp-json\/wp\/v2\/product_tag?post=17756"}],"curies":[{"name":"wp","href":"https:\/\/api.w.org\/{rel}","templated":true}]}}