{"id":177156,"date":"2023-10-24T05:10:33","date_gmt":"2023-10-24T02:10:33","guid":{"rendered":"https:\/\/espak.ee\/epood\/?post_type=product&#038;p=177156"},"modified":"2026-02-07T12:49:28","modified_gmt":"2026-02-07T10:49:28","slug":"nutikas-suitsuandur-wi-fi-estalert","status":"publish","type":"product","link":"https:\/\/espak.ee\/epood\/toode\/nutikas-suitsuandur-wi-fi-estalert\/","title":{"rendered":"NUTIKAS SUITSUANDUR WI-FI ESTALERT"},"content":{"rendered":"<div class=\"row\"  id=\"row-1843864390\">\n\n\t<div id=\"col-109951527\" class=\"col medium-9 small-12 large-9\"  >\n\t\t\t\t<div class=\"col-inner\"  >\n\t\t\t\n\t\t\t\n<h3>EstAlert Nutikas Suitsuandur &#8211; H\u00e4ireteated Nutitelefonile<\/h3>\n<p> EstAlert Nutikas Suitsuandur on kui viimseni lihvitud teemant, edastades h\u00e4ireteate nutitelefonile ka siis kui sind parasjagu kodus ei viibi. Andur on varustatud uusima High Perfomance Dual light sensoriga, mis tuvastab reaalse tulekahju kiirelt. Anduri korpus on viimistletud kuumakindla preemium klassi plastikuga. EstAlert Nutika Suitsuanduri paigaldamine on imelihtne ja kiire t\u00e4nu kaasasolevale spetsiaalsele paigaldusteibile. Vaevum\u00e4rgatav detail teie kodus, EstAlert Nutikas Suitsuandur on oma disainilt v\u00f5rreldes teiste suitsuanduritega tunduvalt v\u00e4iksem ja kompaktsem. Ei mingit KUUTASU!<\/p>\n<p>> High Perfomance Dual light source detection optiline sensor tuvastab kiirelt p\u00f5lengu \/ Toiduvalmistamise aurud ei tekita nii kergelt valeh\u00e4reid.<br \/>\n> H\u00e4ireteadete edastamine nutitelefonile.<br \/>\n> L\u00e4bi App-i t\u00f6\u00f6tav vaigistusfunktsioon valeh\u00e4ire t\u00fchistamiseks.<br \/>\n> Putukakindel korpus.<br \/>\n> Paigalda kiirelt ja lihtsalt, ei mingit puurimist.<br \/>\n> 10 aastane garantii.<\/p>\n<p>High Perfomance Dual light optiline sensor vastab oma tehnoloogialt tuleohutus standardite k\u00f5ige k\u00f5rgemale tasemele, tuvastades kiirelt p\u00f5lengu. Anduri sensor suudab eristada toiduaurusid reaalsest p\u00f5lengust ja seel\u00e4bi v\u00e4heneb valeh\u00e4irete hulk kordades. Suitsuandur teeb endale ise diagnostikat ning vigade ilmnemisel annab sellest teada.<\/p>\n<p>H\u00e4ireteated nutitelefoni &#8211; andur vajab t\u00f6\u00f6tamiseks kodus olevat wi-fi v\u00f5rku. Laadides nutitelefoni tuya app-i ja \u00fchendades suitsuanduri wi-fi v\u00f5rguga, edastab andur p\u00f5lengu korral teile teate tulekahjust nutitelefonile. Igale andurile saate anda nime, n\u00e4iteks elutuba v\u00f5i k\u00f6\u00f6k. Nii saate t\u00e4pse \u00fclevaate nutitelefonist, milline andur on kodus tulekahju tuvastanud. Andur annab kohapeal samuti helisignaaliga (85dB) m\u00e4rku p\u00f5lengust.<\/p>\n<p>Tuya App &#8211; App-i saate TASUTA alla laadida Google Play v\u00f5i App Store rakenduste poest. App-i kasutamine on tasuta. App on inglise keeles.<\/p>\n<p>Vaigistusfunktisoon &#8211; Vajutades h\u00e4ire ajal suitsuanduril olevat test-nuppu vaikib andur k\u00fcmneks minutiks. Andurit on samuti v\u00f5imalik vaigistada l\u00e4bi APP-i. Kui selgub, et tegemist oli valeh\u00e4irega ja tulekahju tegelikult ei ole, l\u00e4heb suitsuandur automaatselt 10 minuti m\u00f6\u00f6dudes tavare\u017eiimile tagasi. Kui ruumis on ikka veel suitsu, annab andur uuesti h\u00e4iresignaali, kuid kui suits on likvideeritud, j\u00e4\u00e4b seade valveasendisse. (Kasutada vaid siis kui olete kindel, et ohtu tegelikult ei ole). <\/p>\n<p>Putukakindel korpus &#8211; Suitsuanduri korpus on varustatud spetsiaalse k\u00f5rgkvaliteetse metallist v\u00f5rguga, mis ei lase putukatel ja suurematel tolmuosakestel tungida anduri korpusesse, v\u00e4hendades nii valeh\u00e4ireid kuni 95%.<\/p>\n<p>Lihtne ja kiire paigaldada &#8211;  Suitsuanduri alusplaat on disainitud nii, et andurit oleks mugav alusplaadile kinnitada, Blind twist tehnoloogia kinnitab anduri kiirelt alusplaadile. Anduri saate kiirelt paidalda kaasas oleva spetsiaalse suitsuanduri paigaldamiseks m\u00f5eldud 3M teibiga, samuti on komplektis kaasas kruvid\/t\u00fc\u00fcblid anduri alusplaadi kinnitamiseks. <\/p>\n<p>Anduriga on komplektis kaasas patarei, patareid tuleks vahetada 1-1,5 aasta tagant. Lisaks tavap\u00e4rasele teavitusele annab suitsuandur teada t\u00fchjenevast patareist ka l\u00e4bi App-i.<\/p>\n<p>Anduris on kasutusel k\u00f5ige uuem ja kvaliteetsem tehnoloogia. EstAlert Nutika Suitsuanduri eluiga 10 aastat on kaetud t\u00e4ies ulatuses tootjapoolse garantiiga. <\/p>\n\t\t<\/div>\n\t\t\t\t\t<\/div>\n\n\t\n\n\t<div id=\"col-1537037947\" class=\"col medium-3 small-12 large-3\"  >\n\t\t\t\t<div class=\"col-inner\"  >\n\t\t\t\n\t\t\t\n<div class=\"is-divider divider clearfix\" ><\/div>\n<p><strong>\u00dcksikasjalikuma n\u00f5u saamiseks v\u00f5tke \u00fchendust:<br \/><\/strong>Balti Tuleohutus O\u00dc<br \/>Kadaka tee 36<br \/>10621<br \/>Tallinn<br \/>+372 688 3164<\/p>\n\t\t<\/div>\n\t\t\t\t\t<\/div>\n\n\t\n<\/div>\n","protected":false},"excerpt":{"rendered":"","protected":false},"featured_media":177318,"comment_status":"closed","ping_status":"closed","template":"","meta":[],"product_brand":[],"product_cat":[2935,2934,3224,3322],"product_tag":[],"class_list":{"0":"post-177156","1":"product","2":"type-product","3":"status-publish","4":"has-post-thumbnail","6":"product_cat-elektrikaubad","7":"product_cat-elektrikaubad-ja-valgustid","8":"product_cat-lulitid-ja-pistikupesad","9":"product_cat-suitsuandurid","10":"pa_kaubamark-balti-tuleohutus-ou","12":"first","13":"instock","14":"sale","15":"taxable","16":"shipping-taxable","17":"purchasable","18":"product-type-simple"},"yoast_head":"<!-- This site is optimized with the Yoast SEO plugin v26.9 - https:\/\/yoast.com\/product\/yoast-seo-wordpress\/ -->\n<title>NUTIKAS SUITSUANDUR WI-FI ESTALERT - Espak E-pood<\/title>\n<meta name=\"robots\" content=\"index, follow, max-snippet:-1, max-image-preview:large, max-video-preview:-1\" \/>\n<link rel=\"canonical\" href=\"https:\/\/espak.ee\/epood\/toode\/nutikas-suitsuandur-wi-fi-estalert\/\" \/>\n<meta property=\"og:locale\" content=\"et_EE\" \/>\n<meta property=\"og:type\" content=\"article\" \/>\n<meta property=\"og:title\" content=\"NUTIKAS SUITSUANDUR WI-FI ESTALERT - Espak E-pood\" \/>\n<meta property=\"og:url\" content=\"https:\/\/espak.ee\/epood\/toode\/nutikas-suitsuandur-wi-fi-estalert\/\" \/>\n<meta property=\"og:site_name\" content=\"Espak E-pood\" \/>\n<meta property=\"article:modified_time\" content=\"2026-02-07T10:49:28+00:00\" \/>\n<meta property=\"og:image\" content=\"https:\/\/espak.ee\/epood\/wp-content\/uploads\/2023\/10\/EstAlert_nutikas_suitsuandur_1.jpeg\" \/>\n\t<meta property=\"og:image:width\" content=\"800\" \/>\n\t<meta property=\"og:image:height\" content=\"800\" \/>\n\t<meta property=\"og:image:type\" content=\"image\/jpeg\" \/>\n<meta name=\"twitter:card\" content=\"summary_large_image\" \/>\n<meta name=\"twitter:label1\" content=\"Est. reading time\" \/>\n\t<meta name=\"twitter:data1\" content=\"2 minutit\" \/>\n<script type=\"application\/ld+json\" class=\"yoast-schema-graph\">{\"@context\":\"https:\/\/schema.org\",\"@graph\":[{\"@type\":\"WebPage\",\"@id\":\"https:\/\/espak.ee\/epood\/toode\/nutikas-suitsuandur-wi-fi-estalert\/\",\"url\":\"https:\/\/espak.ee\/epood\/toode\/nutikas-suitsuandur-wi-fi-estalert\/\",\"name\":\"NUTIKAS SUITSUANDUR WI-FI ESTALERT - Espak E-pood\",\"isPartOf\":{\"@id\":\"https:\/\/espak.ee\/epood\/#website\"},\"primaryImageOfPage\":{\"@id\":\"https:\/\/espak.ee\/epood\/toode\/nutikas-suitsuandur-wi-fi-estalert\/#primaryimage\"},\"image\":{\"@id\":\"https:\/\/espak.ee\/epood\/toode\/nutikas-suitsuandur-wi-fi-estalert\/#primaryimage\"},\"thumbnailUrl\":\"https:\/\/espak.ee\/epood\/wp-content\/uploads\/2023\/10\/EstAlert_nutikas_suitsuandur_1.jpeg\",\"datePublished\":\"2023-10-24T02:10:33+00:00\",\"dateModified\":\"2026-02-07T10:49:28+00:00\",\"breadcrumb\":{\"@id\":\"https:\/\/espak.ee\/epood\/toode\/nutikas-suitsuandur-wi-fi-estalert\/#breadcrumb\"},\"inLanguage\":\"et\",\"potentialAction\":[{\"@type\":\"ReadAction\",\"target\":[\"https:\/\/espak.ee\/epood\/toode\/nutikas-suitsuandur-wi-fi-estalert\/\"]}]},{\"@type\":\"ImageObject\",\"inLanguage\":\"et\",\"@id\":\"https:\/\/espak.ee\/epood\/toode\/nutikas-suitsuandur-wi-fi-estalert\/#primaryimage\",\"url\":\"https:\/\/espak.ee\/epood\/wp-content\/uploads\/2023\/10\/EstAlert_nutikas_suitsuandur_1.jpeg\",\"contentUrl\":\"https:\/\/espak.ee\/epood\/wp-content\/uploads\/2023\/10\/EstAlert_nutikas_suitsuandur_1.jpeg\",\"width\":800,\"height\":800},{\"@type\":\"BreadcrumbList\",\"@id\":\"https:\/\/espak.ee\/epood\/toode\/nutikas-suitsuandur-wi-fi-estalert\/#breadcrumb\",\"itemListElement\":[{\"@type\":\"ListItem\",\"position\":1,\"name\":\"Home\",\"item\":\"https:\/\/espak.ee\/epood\/\"},{\"@type\":\"ListItem\",\"position\":2,\"name\":\"Tootevalik\",\"item\":\"https:\/\/espak.ee\/epood\/tootevalik\/\"},{\"@type\":\"ListItem\",\"position\":3,\"name\":\"NUTIKAS SUITSUANDUR WI-FI ESTALERT\"}]},{\"@type\":\"WebSite\",\"@id\":\"https:\/\/espak.ee\/epood\/#website\",\"url\":\"https:\/\/espak.ee\/epood\/\",\"name\":\"Espak E-pood\",\"description\":\"\",\"potentialAction\":[{\"@type\":\"SearchAction\",\"target\":{\"@type\":\"EntryPoint\",\"urlTemplate\":\"https:\/\/espak.ee\/epood\/?s={search_term_string}\"},\"query-input\":{\"@type\":\"PropertyValueSpecification\",\"valueRequired\":true,\"valueName\":\"search_term_string\"}}],\"inLanguage\":\"et\"}]}<\/script>\n<!-- \/ Yoast SEO plugin. -->","yoast_head_json":{"title":"NUTIKAS SUITSUANDUR WI-FI ESTALERT - Espak E-pood","robots":{"index":"index","follow":"follow","max-snippet":"max-snippet:-1","max-image-preview":"max-image-preview:large","max-video-preview":"max-video-preview:-1"},"canonical":"https:\/\/espak.ee\/epood\/toode\/nutikas-suitsuandur-wi-fi-estalert\/","og_locale":"et_EE","og_type":"article","og_title":"NUTIKAS SUITSUANDUR WI-FI ESTALERT - Espak E-pood","og_url":"https:\/\/espak.ee\/epood\/toode\/nutikas-suitsuandur-wi-fi-estalert\/","og_site_name":"Espak E-pood","article_modified_time":"2026-02-07T10:49:28+00:00","og_image":[{"width":800,"height":800,"url":"https:\/\/espak.ee\/epood\/wp-content\/uploads\/2023\/10\/EstAlert_nutikas_suitsuandur_1.jpeg","type":"image\/jpeg"}],"twitter_card":"summary_large_image","twitter_misc":{"Est. reading time":"2 minutit"},"schema":{"@context":"https:\/\/schema.org","@graph":[{"@type":"WebPage","@id":"https:\/\/espak.ee\/epood\/toode\/nutikas-suitsuandur-wi-fi-estalert\/","url":"https:\/\/espak.ee\/epood\/toode\/nutikas-suitsuandur-wi-fi-estalert\/","name":"NUTIKAS SUITSUANDUR WI-FI ESTALERT - Espak E-pood","isPartOf":{"@id":"https:\/\/espak.ee\/epood\/#website"},"primaryImageOfPage":{"@id":"https:\/\/espak.ee\/epood\/toode\/nutikas-suitsuandur-wi-fi-estalert\/#primaryimage"},"image":{"@id":"https:\/\/espak.ee\/epood\/toode\/nutikas-suitsuandur-wi-fi-estalert\/#primaryimage"},"thumbnailUrl":"https:\/\/espak.ee\/epood\/wp-content\/uploads\/2023\/10\/EstAlert_nutikas_suitsuandur_1.jpeg","datePublished":"2023-10-24T02:10:33+00:00","dateModified":"2026-02-07T10:49:28+00:00","breadcrumb":{"@id":"https:\/\/espak.ee\/epood\/toode\/nutikas-suitsuandur-wi-fi-estalert\/#breadcrumb"},"inLanguage":"et","potentialAction":[{"@type":"ReadAction","target":["https:\/\/espak.ee\/epood\/toode\/nutikas-suitsuandur-wi-fi-estalert\/"]}]},{"@type":"ImageObject","inLanguage":"et","@id":"https:\/\/espak.ee\/epood\/toode\/nutikas-suitsuandur-wi-fi-estalert\/#primaryimage","url":"https:\/\/espak.ee\/epood\/wp-content\/uploads\/2023\/10\/EstAlert_nutikas_suitsuandur_1.jpeg","contentUrl":"https:\/\/espak.ee\/epood\/wp-content\/uploads\/2023\/10\/EstAlert_nutikas_suitsuandur_1.jpeg","width":800,"height":800},{"@type":"BreadcrumbList","@id":"https:\/\/espak.ee\/epood\/toode\/nutikas-suitsuandur-wi-fi-estalert\/#breadcrumb","itemListElement":[{"@type":"ListItem","position":1,"name":"Home","item":"https:\/\/espak.ee\/epood\/"},{"@type":"ListItem","position":2,"name":"Tootevalik","item":"https:\/\/espak.ee\/epood\/tootevalik\/"},{"@type":"ListItem","position":3,"name":"NUTIKAS SUITSUANDUR WI-FI ESTALERT"}]},{"@type":"WebSite","@id":"https:\/\/espak.ee\/epood\/#website","url":"https:\/\/espak.ee\/epood\/","name":"Espak E-pood","description":"","potentialAction":[{"@type":"SearchAction","target":{"@type":"EntryPoint","urlTemplate":"https:\/\/espak.ee\/epood\/?s={search_term_string}"},"query-input":{"@type":"PropertyValueSpecification","valueRequired":true,"valueName":"search_term_string"}}],"inLanguage":"et"}]}},"_links":{"self":[{"href":"https:\/\/espak.ee\/epood\/wp-json\/wp\/v2\/product\/177156","targetHints":{"allow":["GET"]}}],"collection":[{"href":"https:\/\/espak.ee\/epood\/wp-json\/wp\/v2\/product"}],"about":[{"href":"https:\/\/espak.ee\/epood\/wp-json\/wp\/v2\/types\/product"}],"replies":[{"embeddable":true,"href":"https:\/\/espak.ee\/epood\/wp-json\/wp\/v2\/comments?post=177156"}],"wp:featuredmedia":[{"embeddable":true,"href":"https:\/\/espak.ee\/epood\/wp-json\/wp\/v2\/media\/177318"}],"wp:attachment":[{"href":"https:\/\/espak.ee\/epood\/wp-json\/wp\/v2\/media?parent=177156"}],"wp:term":[{"taxonomy":"product_brand","embeddable":true,"href":"https:\/\/espak.ee\/epood\/wp-json\/wp\/v2\/product_brand?post=177156"},{"taxonomy":"product_cat","embeddable":true,"href":"https:\/\/espak.ee\/epood\/wp-json\/wp\/v2\/product_cat?post=177156"},{"taxonomy":"product_tag","embeddable":true,"href":"https:\/\/espak.ee\/epood\/wp-json\/wp\/v2\/product_tag?post=177156"}],"curies":[{"name":"wp","href":"https:\/\/api.w.org\/{rel}","templated":true}]}}