{"id":177137,"date":"2023-10-24T05:10:03","date_gmt":"2023-10-24T02:10:03","guid":{"rendered":"https:\/\/espak.ee\/epood\/?post_type=product&#038;p=177137"},"modified":"2026-03-01T20:38:13","modified_gmt":"2026-03-01T18:38:13","slug":"tulekustutustekk-1212m","status":"publish","type":"product","link":"https:\/\/espak.ee\/epood\/toode\/tulekustutustekk-1212m\/","title":{"rendered":"TULEKUSTUTUSTEKK 1,2*1,2M"},"content":{"rendered":"<div class=\"row\"  id=\"row-330147846\">\n\n\t<div id=\"col-1256802650\" class=\"col medium-9 small-12 large-9\"  >\n\t\t\t\t<div class=\"col-inner\"  >\n\t\t\t\n\t\t\t\n<h3>Tulekustutustekk 1,2&#215;1,2m<\/h3>\n<p>Kvaliteetne Balti Tuleohutuse tulekustutustekk suurusega 120 x 120 sentimeetrit. Tuletekk on toodetud Euroopas.<\/p>\n<p>Tulekustutusteki kasutamine: T\u00f5mba kustutustekk kaitsekotist v\u00e4lja vastavatest aasadest kinni haarates. Raputa tekk lahti.Haara teki servadest nii, et see kaitseks ka k\u00e4si ja su enda n\u00e4gu, l\u00e4hene p\u00f5levale kohale hoides tekki enda ees ja sirgetel k\u00e4tel. Hoidu leekide eest. Paigalda tekk rahulikult p\u00f5lemiskoha peale ja j\u00e4ta ta sinna kuniks oled veendunud, et tuli on kustunud, \u00e4ra t\u00f5sta seda kohe ega kohenda, sest tulekoldesse hapniku p\u00e4\u00e4semisega lahvatab tuli uuesti p\u00f5lema.Tuletekiga saab kustutada rasvap\u00f5lengut pannil, s\u00fcttinud kodumasinaid (elektriseadme kustutamisel peab selle eelnevalt vooluv\u00f5rgust v\u00e4lja l\u00fclitama) v\u00f5i inimest, kellel on s\u00fcttinud riided. <\/p>\n<p>V\u00e4iksem tekk sobib eelk\u00f5ige k\u00f6\u00f6gis, pannil s\u00fcttinud rasva kustutamiseks. Selleks tuleb pannil v\u00f5i potis p\u00f5lev rasv katta tuletekiga, suruda see ettevaatlikult poti v\u00f5i panni servast alla ja siluda l\u00e4bi tuleteki n\u00f5u servi. Tekk peab olema pingul, et takistada t\u00e4iendava hapniku ligip\u00e4\u00e4su. Kindlasti tuleks pott kuumalt pliidilt eemale t\u00f5sta!<br \/>\nSuurem tekk sobib ka n\u00e4iteks televiisori v\u00f5i inimese kustutamiseks. Inimese kustutamisel peab isik pikali heitma, seej\u00e4rel tuleb ta katta tulekustutustekiga ning p\u00f5levaid riideid l\u00e4bi teki patsutada. <\/p>\n<p><strong>Rasvap\u00f5lengu kustutamisel ei tohi mingil juhul kasutada vett!<\/strong> <\/p>\n<p>Tuletekki ei pesta, kuna masinpesu v\u00f5ib rikkuda selle riide struktuuri, mist\u00f5ttu ei pruugi see enam kustutamisel tulekindel olla. <\/p>\n<p>*Pilt on illustreeriv. L\u00e4htuvalt partiist v\u00f5ivad tuleteki \u00e4\u00e4red olla musta v\u00f5i punast v\u00e4rvi <\/p>\n\t\t<\/div>\n\t\t\t\t\t<\/div>\n\n\t\n\n\t<div id=\"col-1221572621\" class=\"col medium-3 small-12 large-3\"  >\n\t\t\t\t<div class=\"col-inner\"  >\n\t\t\t\n\t\t\t\n<div class=\"is-divider divider clearfix\" ><\/div>\n<p><strong>\u00dcksikasjalikuma n\u00f5u saamiseks v\u00f5tke \u00fchendust:<br \/><\/strong>Balti Tuleohutus O\u00dc<br \/>Kadaka tee 36<br \/>10621<br \/>Tallinn<br \/>+372 688 3164<\/p>\n\t\t<\/div>\n\t\t\t\t\t<\/div>\n\n\t\n<\/div>\n","protected":false},"excerpt":{"rendered":"","protected":false},"featured_media":177327,"comment_status":"closed","ping_status":"closed","template":"","meta":[],"product_brand":[],"product_cat":[2935,2934,3224,3322],"product_tag":[],"class_list":{"0":"post-177137","1":"product","2":"type-product","3":"status-publish","4":"has-post-thumbnail","6":"product_cat-elektrikaubad","7":"product_cat-elektrikaubad-ja-valgustid","8":"product_cat-lulitid-ja-pistikupesad","9":"product_cat-suitsuandurid","10":"pa_kaubamark-balti-tuleohutus-ou","12":"first","13":"instock","14":"sale","15":"taxable","16":"shipping-taxable","17":"purchasable","18":"product-type-simple"},"yoast_head":"<!-- This site is optimized with the Yoast SEO plugin v26.9 - https:\/\/yoast.com\/product\/yoast-seo-wordpress\/ -->\n<title>TULEKUSTUTUSTEKK 1,2*1,2M - Espak E-pood<\/title>\n<meta name=\"robots\" content=\"index, follow, max-snippet:-1, max-image-preview:large, max-video-preview:-1\" \/>\n<link rel=\"canonical\" href=\"https:\/\/espak.ee\/epood\/toode\/tulekustutustekk-1212m\/\" \/>\n<meta property=\"og:locale\" content=\"et_EE\" \/>\n<meta property=\"og:type\" content=\"article\" \/>\n<meta property=\"og:title\" content=\"TULEKUSTUTUSTEKK 1,2*1,2M - Espak E-pood\" \/>\n<meta property=\"og:url\" content=\"https:\/\/espak.ee\/epood\/toode\/tulekustutustekk-1212m\/\" \/>\n<meta property=\"og:site_name\" content=\"Espak E-pood\" \/>\n<meta property=\"article:modified_time\" content=\"2026-03-01T18:38:13+00:00\" \/>\n<meta property=\"og:image\" content=\"https:\/\/espak.ee\/epood\/wp-content\/uploads\/2023\/10\/Tulekustutustekk_120X120_Balti_Tuleohutus_Tuletekk.png\" \/>\n\t<meta property=\"og:image:width\" content=\"800\" \/>\n\t<meta property=\"og:image:height\" content=\"800\" \/>\n\t<meta property=\"og:image:type\" content=\"image\/png\" \/>\n<meta name=\"twitter:card\" content=\"summary_large_image\" \/>\n<meta name=\"twitter:label1\" content=\"Est. reading time\" \/>\n\t<meta name=\"twitter:data1\" content=\"1 minut\" \/>\n<script type=\"application\/ld+json\" class=\"yoast-schema-graph\">{\"@context\":\"https:\/\/schema.org\",\"@graph\":[{\"@type\":\"WebPage\",\"@id\":\"https:\/\/espak.ee\/epood\/toode\/tulekustutustekk-1212m\/\",\"url\":\"https:\/\/espak.ee\/epood\/toode\/tulekustutustekk-1212m\/\",\"name\":\"TULEKUSTUTUSTEKK 1,2*1,2M - Espak E-pood\",\"isPartOf\":{\"@id\":\"https:\/\/espak.ee\/epood\/#website\"},\"primaryImageOfPage\":{\"@id\":\"https:\/\/espak.ee\/epood\/toode\/tulekustutustekk-1212m\/#primaryimage\"},\"image\":{\"@id\":\"https:\/\/espak.ee\/epood\/toode\/tulekustutustekk-1212m\/#primaryimage\"},\"thumbnailUrl\":\"https:\/\/espak.ee\/epood\/wp-content\/uploads\/2023\/10\/Tulekustutustekk_120X120_Balti_Tuleohutus_Tuletekk.png\",\"datePublished\":\"2023-10-24T02:10:03+00:00\",\"dateModified\":\"2026-03-01T18:38:13+00:00\",\"breadcrumb\":{\"@id\":\"https:\/\/espak.ee\/epood\/toode\/tulekustutustekk-1212m\/#breadcrumb\"},\"inLanguage\":\"et\",\"potentialAction\":[{\"@type\":\"ReadAction\",\"target\":[\"https:\/\/espak.ee\/epood\/toode\/tulekustutustekk-1212m\/\"]}]},{\"@type\":\"ImageObject\",\"inLanguage\":\"et\",\"@id\":\"https:\/\/espak.ee\/epood\/toode\/tulekustutustekk-1212m\/#primaryimage\",\"url\":\"https:\/\/espak.ee\/epood\/wp-content\/uploads\/2023\/10\/Tulekustutustekk_120X120_Balti_Tuleohutus_Tuletekk.png\",\"contentUrl\":\"https:\/\/espak.ee\/epood\/wp-content\/uploads\/2023\/10\/Tulekustutustekk_120X120_Balti_Tuleohutus_Tuletekk.png\",\"width\":800,\"height\":800},{\"@type\":\"BreadcrumbList\",\"@id\":\"https:\/\/espak.ee\/epood\/toode\/tulekustutustekk-1212m\/#breadcrumb\",\"itemListElement\":[{\"@type\":\"ListItem\",\"position\":1,\"name\":\"Home\",\"item\":\"https:\/\/espak.ee\/epood\/\"},{\"@type\":\"ListItem\",\"position\":2,\"name\":\"Tootevalik\",\"item\":\"https:\/\/espak.ee\/epood\/tootevalik\/\"},{\"@type\":\"ListItem\",\"position\":3,\"name\":\"TULEKUSTUTUSTEKK 1,2*1,2M\"}]},{\"@type\":\"WebSite\",\"@id\":\"https:\/\/espak.ee\/epood\/#website\",\"url\":\"https:\/\/espak.ee\/epood\/\",\"name\":\"Espak E-pood\",\"description\":\"\",\"potentialAction\":[{\"@type\":\"SearchAction\",\"target\":{\"@type\":\"EntryPoint\",\"urlTemplate\":\"https:\/\/espak.ee\/epood\/?s={search_term_string}\"},\"query-input\":{\"@type\":\"PropertyValueSpecification\",\"valueRequired\":true,\"valueName\":\"search_term_string\"}}],\"inLanguage\":\"et\"}]}<\/script>\n<!-- \/ Yoast SEO plugin. -->","yoast_head_json":{"title":"TULEKUSTUTUSTEKK 1,2*1,2M - Espak E-pood","robots":{"index":"index","follow":"follow","max-snippet":"max-snippet:-1","max-image-preview":"max-image-preview:large","max-video-preview":"max-video-preview:-1"},"canonical":"https:\/\/espak.ee\/epood\/toode\/tulekustutustekk-1212m\/","og_locale":"et_EE","og_type":"article","og_title":"TULEKUSTUTUSTEKK 1,2*1,2M - Espak E-pood","og_url":"https:\/\/espak.ee\/epood\/toode\/tulekustutustekk-1212m\/","og_site_name":"Espak E-pood","article_modified_time":"2026-03-01T18:38:13+00:00","og_image":[{"width":800,"height":800,"url":"https:\/\/espak.ee\/epood\/wp-content\/uploads\/2023\/10\/Tulekustutustekk_120X120_Balti_Tuleohutus_Tuletekk.png","type":"image\/png"}],"twitter_card":"summary_large_image","twitter_misc":{"Est. reading time":"1 minut"},"schema":{"@context":"https:\/\/schema.org","@graph":[{"@type":"WebPage","@id":"https:\/\/espak.ee\/epood\/toode\/tulekustutustekk-1212m\/","url":"https:\/\/espak.ee\/epood\/toode\/tulekustutustekk-1212m\/","name":"TULEKUSTUTUSTEKK 1,2*1,2M - Espak E-pood","isPartOf":{"@id":"https:\/\/espak.ee\/epood\/#website"},"primaryImageOfPage":{"@id":"https:\/\/espak.ee\/epood\/toode\/tulekustutustekk-1212m\/#primaryimage"},"image":{"@id":"https:\/\/espak.ee\/epood\/toode\/tulekustutustekk-1212m\/#primaryimage"},"thumbnailUrl":"https:\/\/espak.ee\/epood\/wp-content\/uploads\/2023\/10\/Tulekustutustekk_120X120_Balti_Tuleohutus_Tuletekk.png","datePublished":"2023-10-24T02:10:03+00:00","dateModified":"2026-03-01T18:38:13+00:00","breadcrumb":{"@id":"https:\/\/espak.ee\/epood\/toode\/tulekustutustekk-1212m\/#breadcrumb"},"inLanguage":"et","potentialAction":[{"@type":"ReadAction","target":["https:\/\/espak.ee\/epood\/toode\/tulekustutustekk-1212m\/"]}]},{"@type":"ImageObject","inLanguage":"et","@id":"https:\/\/espak.ee\/epood\/toode\/tulekustutustekk-1212m\/#primaryimage","url":"https:\/\/espak.ee\/epood\/wp-content\/uploads\/2023\/10\/Tulekustutustekk_120X120_Balti_Tuleohutus_Tuletekk.png","contentUrl":"https:\/\/espak.ee\/epood\/wp-content\/uploads\/2023\/10\/Tulekustutustekk_120X120_Balti_Tuleohutus_Tuletekk.png","width":800,"height":800},{"@type":"BreadcrumbList","@id":"https:\/\/espak.ee\/epood\/toode\/tulekustutustekk-1212m\/#breadcrumb","itemListElement":[{"@type":"ListItem","position":1,"name":"Home","item":"https:\/\/espak.ee\/epood\/"},{"@type":"ListItem","position":2,"name":"Tootevalik","item":"https:\/\/espak.ee\/epood\/tootevalik\/"},{"@type":"ListItem","position":3,"name":"TULEKUSTUTUSTEKK 1,2*1,2M"}]},{"@type":"WebSite","@id":"https:\/\/espak.ee\/epood\/#website","url":"https:\/\/espak.ee\/epood\/","name":"Espak E-pood","description":"","potentialAction":[{"@type":"SearchAction","target":{"@type":"EntryPoint","urlTemplate":"https:\/\/espak.ee\/epood\/?s={search_term_string}"},"query-input":{"@type":"PropertyValueSpecification","valueRequired":true,"valueName":"search_term_string"}}],"inLanguage":"et"}]}},"_links":{"self":[{"href":"https:\/\/espak.ee\/epood\/wp-json\/wp\/v2\/product\/177137","targetHints":{"allow":["GET"]}}],"collection":[{"href":"https:\/\/espak.ee\/epood\/wp-json\/wp\/v2\/product"}],"about":[{"href":"https:\/\/espak.ee\/epood\/wp-json\/wp\/v2\/types\/product"}],"replies":[{"embeddable":true,"href":"https:\/\/espak.ee\/epood\/wp-json\/wp\/v2\/comments?post=177137"}],"wp:featuredmedia":[{"embeddable":true,"href":"https:\/\/espak.ee\/epood\/wp-json\/wp\/v2\/media\/177327"}],"wp:attachment":[{"href":"https:\/\/espak.ee\/epood\/wp-json\/wp\/v2\/media?parent=177137"}],"wp:term":[{"taxonomy":"product_brand","embeddable":true,"href":"https:\/\/espak.ee\/epood\/wp-json\/wp\/v2\/product_brand?post=177137"},{"taxonomy":"product_cat","embeddable":true,"href":"https:\/\/espak.ee\/epood\/wp-json\/wp\/v2\/product_cat?post=177137"},{"taxonomy":"product_tag","embeddable":true,"href":"https:\/\/espak.ee\/epood\/wp-json\/wp\/v2\/product_tag?post=177137"}],"curies":[{"name":"wp","href":"https:\/\/api.w.org\/{rel}","templated":true}]}}