{"id":177123,"date":"2023-10-24T05:10:03","date_gmt":"2023-10-24T02:10:03","guid":{"rendered":"https:\/\/espak.ee\/epood\/?post_type=product&#038;p=177123"},"modified":"2024-03-23T01:01:45","modified_gmt":"2024-03-22T23:01:45","slug":"talvekindad-nahk-riie-2409","status":"publish","type":"product","link":"https:\/\/espak.ee\/epood\/toode\/talvekindad-nahk-riie-2409\/","title":{"rendered":"TALVEKINDAD NAHK-RIIE 2409"},"content":{"rendered":"<div class=\"row\"  id=\"row-719464122\">\n\n\t<div id=\"col-881611104\" class=\"col medium-9 small-12 large-9\"  >\n\t\t\t\t<div class=\"col-inner\"  >\n\t\t\t\n\t\t\t\n<h3>WORTEX nahk-riie talvekindad nr.9 <\/h3>\n<p>WORTEX 2407\u20262412 nahk-riie talvekindad on elastsed ja vastupidavad. Kitse pealisnahast t\u00f6\u00f6kindad on sooja ja pehme fliisvoodriga ning k\u00e4eseljal on puuvillase ja pol\u00fcestri seguga hingav kangas. Peopesas, s\u00f5rmedel ja p\u00f6idlaosas on elastne kitse pealisnahk. Randmeosa on reguleeritava takjakinnitusega. Kindas sobivad kasutamiseks k\u00fclmades tingimustes igap\u00e4evat\u00f6\u00f6deks.\n<\/p>\n\t\t<\/div>\n\t\t\t\t\t<\/div>\n\n\t\n\n\t<div id=\"col-681925645\" class=\"col medium-3 small-12 large-3\"  >\n\t\t\t\t<div class=\"col-inner\"  >\n\t\t\t\n\t\t\t\n\t<div id=\"gap-1921180790\" class=\"gap-element clearfix\" style=\"display:block; height:auto;\">\n\t\t\n<style>\n#gap-1921180790 {\n  padding-top: 30px;\n}\n<\/style>\n\t<\/div>\n\t\n<div class=\"is-divider divider clearfix\" ><\/div>\n<p><strong>\u00dcksikasjalikuma n\u00f5u saamiseks v\u00f5tke \u00fchendust:<br \/><\/strong>Becky AS<br \/>Laki 30A \/ Kadaka tee 129<br \/>12915<br \/>Tallinn<br \/>+372 670 6880<\/p>\n<div class=\"is-divider divider clearfix\" ><\/div>\n\t\t<\/div>\n\t\t\t\t\t<\/div>\n\n\t\n<\/div>\n","protected":false},"excerpt":{"rendered":"","protected":false},"featured_media":177300,"comment_status":"closed","ping_status":"closed","template":"","meta":[],"product_brand":[],"product_cat":[2788,2976,2979,2972],"product_tag":[],"class_list":{"0":"post-177123","1":"product","2":"type-product","3":"status-publish","4":"has-post-thumbnail","6":"product_cat-aiatarbed-ja-kodukaubad","7":"product_cat-kindad","8":"product_cat-talvekindad","9":"product_cat-tookaitsevahendid","10":"pa_kaubamark-becky-as","12":"first","13":"outofstock","14":"sale","15":"taxable","16":"shipping-taxable","17":"purchasable","18":"product-type-simple"},"yoast_head":"<!-- This site is optimized with the Yoast SEO plugin v26.9 - https:\/\/yoast.com\/product\/yoast-seo-wordpress\/ -->\n<title>TALVEKINDAD NAHK-RIIE 2409 - Espak E-pood<\/title>\n<meta name=\"robots\" content=\"index, follow, max-snippet:-1, max-image-preview:large, max-video-preview:-1\" \/>\n<link rel=\"canonical\" href=\"https:\/\/espak.ee\/epood\/toode\/talvekindad-nahk-riie-2409\/\" \/>\n<meta property=\"og:locale\" content=\"et_EE\" \/>\n<meta property=\"og:type\" content=\"article\" \/>\n<meta property=\"og:title\" content=\"TALVEKINDAD NAHK-RIIE 2409 - Espak E-pood\" \/>\n<meta property=\"og:url\" content=\"https:\/\/espak.ee\/epood\/toode\/talvekindad-nahk-riie-2409\/\" \/>\n<meta property=\"og:site_name\" content=\"Espak E-pood\" \/>\n<meta property=\"article:modified_time\" content=\"2024-03-22T23:01:45+00:00\" \/>\n<meta property=\"og:image\" content=\"https:\/\/espak.ee\/epood\/wp-content\/uploads\/2023\/10\/2407-2408-2409-2410-2411-2412_WORTEX_kitsenahast_talvekindad.png.webp\" \/>\n\t<meta property=\"og:image:width\" content=\"600\" \/>\n\t<meta property=\"og:image:height\" content=\"600\" \/>\n\t<meta property=\"og:image:type\" content=\"image\/webp\" \/>\n<meta name=\"twitter:card\" content=\"summary_large_image\" \/>\n<script type=\"application\/ld+json\" class=\"yoast-schema-graph\">{\"@context\":\"https:\/\/schema.org\",\"@graph\":[{\"@type\":\"WebPage\",\"@id\":\"https:\/\/espak.ee\/epood\/toode\/talvekindad-nahk-riie-2409\/\",\"url\":\"https:\/\/espak.ee\/epood\/toode\/talvekindad-nahk-riie-2409\/\",\"name\":\"TALVEKINDAD NAHK-RIIE 2409 - Espak E-pood\",\"isPartOf\":{\"@id\":\"https:\/\/espak.ee\/epood\/#website\"},\"primaryImageOfPage\":{\"@id\":\"https:\/\/espak.ee\/epood\/toode\/talvekindad-nahk-riie-2409\/#primaryimage\"},\"image\":{\"@id\":\"https:\/\/espak.ee\/epood\/toode\/talvekindad-nahk-riie-2409\/#primaryimage\"},\"thumbnailUrl\":\"https:\/\/espak.ee\/epood\/wp-content\/uploads\/2023\/10\/2407-2408-2409-2410-2411-2412_WORTEX_kitsenahast_talvekindad.png.webp\",\"datePublished\":\"2023-10-24T02:10:03+00:00\",\"dateModified\":\"2024-03-22T23:01:45+00:00\",\"breadcrumb\":{\"@id\":\"https:\/\/espak.ee\/epood\/toode\/talvekindad-nahk-riie-2409\/#breadcrumb\"},\"inLanguage\":\"et\",\"potentialAction\":[{\"@type\":\"ReadAction\",\"target\":[\"https:\/\/espak.ee\/epood\/toode\/talvekindad-nahk-riie-2409\/\"]}]},{\"@type\":\"ImageObject\",\"inLanguage\":\"et\",\"@id\":\"https:\/\/espak.ee\/epood\/toode\/talvekindad-nahk-riie-2409\/#primaryimage\",\"url\":\"https:\/\/espak.ee\/epood\/wp-content\/uploads\/2023\/10\/2407-2408-2409-2410-2411-2412_WORTEX_kitsenahast_talvekindad.png.webp\",\"contentUrl\":\"https:\/\/espak.ee\/epood\/wp-content\/uploads\/2023\/10\/2407-2408-2409-2410-2411-2412_WORTEX_kitsenahast_talvekindad.png.webp\",\"width\":600,\"height\":600},{\"@type\":\"BreadcrumbList\",\"@id\":\"https:\/\/espak.ee\/epood\/toode\/talvekindad-nahk-riie-2409\/#breadcrumb\",\"itemListElement\":[{\"@type\":\"ListItem\",\"position\":1,\"name\":\"Home\",\"item\":\"https:\/\/espak.ee\/epood\/\"},{\"@type\":\"ListItem\",\"position\":2,\"name\":\"Tootevalik\",\"item\":\"https:\/\/espak.ee\/epood\/tootevalik\/\"},{\"@type\":\"ListItem\",\"position\":3,\"name\":\"TALVEKINDAD NAHK-RIIE 2409\"}]},{\"@type\":\"WebSite\",\"@id\":\"https:\/\/espak.ee\/epood\/#website\",\"url\":\"https:\/\/espak.ee\/epood\/\",\"name\":\"Espak E-pood\",\"description\":\"\",\"potentialAction\":[{\"@type\":\"SearchAction\",\"target\":{\"@type\":\"EntryPoint\",\"urlTemplate\":\"https:\/\/espak.ee\/epood\/?s={search_term_string}\"},\"query-input\":{\"@type\":\"PropertyValueSpecification\",\"valueRequired\":true,\"valueName\":\"search_term_string\"}}],\"inLanguage\":\"et\"}]}<\/script>\n<!-- \/ Yoast SEO plugin. -->","yoast_head_json":{"title":"TALVEKINDAD NAHK-RIIE 2409 - Espak E-pood","robots":{"index":"index","follow":"follow","max-snippet":"max-snippet:-1","max-image-preview":"max-image-preview:large","max-video-preview":"max-video-preview:-1"},"canonical":"https:\/\/espak.ee\/epood\/toode\/talvekindad-nahk-riie-2409\/","og_locale":"et_EE","og_type":"article","og_title":"TALVEKINDAD NAHK-RIIE 2409 - Espak E-pood","og_url":"https:\/\/espak.ee\/epood\/toode\/talvekindad-nahk-riie-2409\/","og_site_name":"Espak E-pood","article_modified_time":"2024-03-22T23:01:45+00:00","og_image":[{"width":600,"height":600,"url":"https:\/\/espak.ee\/epood\/wp-content\/uploads\/2023\/10\/2407-2408-2409-2410-2411-2412_WORTEX_kitsenahast_talvekindad.png.webp","type":"image\/webp"}],"twitter_card":"summary_large_image","schema":{"@context":"https:\/\/schema.org","@graph":[{"@type":"WebPage","@id":"https:\/\/espak.ee\/epood\/toode\/talvekindad-nahk-riie-2409\/","url":"https:\/\/espak.ee\/epood\/toode\/talvekindad-nahk-riie-2409\/","name":"TALVEKINDAD NAHK-RIIE 2409 - Espak E-pood","isPartOf":{"@id":"https:\/\/espak.ee\/epood\/#website"},"primaryImageOfPage":{"@id":"https:\/\/espak.ee\/epood\/toode\/talvekindad-nahk-riie-2409\/#primaryimage"},"image":{"@id":"https:\/\/espak.ee\/epood\/toode\/talvekindad-nahk-riie-2409\/#primaryimage"},"thumbnailUrl":"https:\/\/espak.ee\/epood\/wp-content\/uploads\/2023\/10\/2407-2408-2409-2410-2411-2412_WORTEX_kitsenahast_talvekindad.png.webp","datePublished":"2023-10-24T02:10:03+00:00","dateModified":"2024-03-22T23:01:45+00:00","breadcrumb":{"@id":"https:\/\/espak.ee\/epood\/toode\/talvekindad-nahk-riie-2409\/#breadcrumb"},"inLanguage":"et","potentialAction":[{"@type":"ReadAction","target":["https:\/\/espak.ee\/epood\/toode\/talvekindad-nahk-riie-2409\/"]}]},{"@type":"ImageObject","inLanguage":"et","@id":"https:\/\/espak.ee\/epood\/toode\/talvekindad-nahk-riie-2409\/#primaryimage","url":"https:\/\/espak.ee\/epood\/wp-content\/uploads\/2023\/10\/2407-2408-2409-2410-2411-2412_WORTEX_kitsenahast_talvekindad.png.webp","contentUrl":"https:\/\/espak.ee\/epood\/wp-content\/uploads\/2023\/10\/2407-2408-2409-2410-2411-2412_WORTEX_kitsenahast_talvekindad.png.webp","width":600,"height":600},{"@type":"BreadcrumbList","@id":"https:\/\/espak.ee\/epood\/toode\/talvekindad-nahk-riie-2409\/#breadcrumb","itemListElement":[{"@type":"ListItem","position":1,"name":"Home","item":"https:\/\/espak.ee\/epood\/"},{"@type":"ListItem","position":2,"name":"Tootevalik","item":"https:\/\/espak.ee\/epood\/tootevalik\/"},{"@type":"ListItem","position":3,"name":"TALVEKINDAD NAHK-RIIE 2409"}]},{"@type":"WebSite","@id":"https:\/\/espak.ee\/epood\/#website","url":"https:\/\/espak.ee\/epood\/","name":"Espak E-pood","description":"","potentialAction":[{"@type":"SearchAction","target":{"@type":"EntryPoint","urlTemplate":"https:\/\/espak.ee\/epood\/?s={search_term_string}"},"query-input":{"@type":"PropertyValueSpecification","valueRequired":true,"valueName":"search_term_string"}}],"inLanguage":"et"}]}},"_links":{"self":[{"href":"https:\/\/espak.ee\/epood\/wp-json\/wp\/v2\/product\/177123","targetHints":{"allow":["GET"]}}],"collection":[{"href":"https:\/\/espak.ee\/epood\/wp-json\/wp\/v2\/product"}],"about":[{"href":"https:\/\/espak.ee\/epood\/wp-json\/wp\/v2\/types\/product"}],"replies":[{"embeddable":true,"href":"https:\/\/espak.ee\/epood\/wp-json\/wp\/v2\/comments?post=177123"}],"wp:featuredmedia":[{"embeddable":true,"href":"https:\/\/espak.ee\/epood\/wp-json\/wp\/v2\/media\/177300"}],"wp:attachment":[{"href":"https:\/\/espak.ee\/epood\/wp-json\/wp\/v2\/media?parent=177123"}],"wp:term":[{"taxonomy":"product_brand","embeddable":true,"href":"https:\/\/espak.ee\/epood\/wp-json\/wp\/v2\/product_brand?post=177123"},{"taxonomy":"product_cat","embeddable":true,"href":"https:\/\/espak.ee\/epood\/wp-json\/wp\/v2\/product_cat?post=177123"},{"taxonomy":"product_tag","embeddable":true,"href":"https:\/\/espak.ee\/epood\/wp-json\/wp\/v2\/product_tag?post=177123"}],"curies":[{"name":"wp","href":"https:\/\/api.w.org\/{rel}","templated":true}]}}