{"id":176913,"date":"2023-10-21T05:10:59","date_gmt":"2023-10-21T02:10:59","guid":{"rendered":"https:\/\/espak.ee\/epood\/?post_type=product&#038;p=176913"},"modified":"2025-12-28T13:53:57","modified_gmt":"2025-12-28T11:53:57","slug":"metalliloikur-einhell-tc-mc-355-1","status":"publish","type":"product","link":"https:\/\/espak.ee\/epood\/toode\/metalliloikur-einhell-tc-mc-355-1\/","title":{"rendered":"METALLIL\u00d5IKUR EINHELL TC-MC 355\/1"},"content":{"rendered":"<div class=\"row\"  id=\"row-1365147667\">\n\n\t<div id=\"col-865537162\" class=\"col medium-9 small-12 large-9\"  >\n\t\t\t\t<div class=\"col-inner\"  >\n\t\t\t\n\t\t\t\n<h3>Metallil\u00f5ikur Einhell TC-MC 355\/1<\/h3>\n<div class=\"message-box relative\" style=\"padding-top:15px;padding-bottom:15px;\"><div class=\"message-box-bg-image bg-fill fill\" ><\/div><div class=\"message-box-bg-overlay bg-fill fill\" ><\/div><div class=\"container relative\"><div class=\"inner last-reset\">\n<div class=\"row align-middle align-center\"  id=\"row-1694785121\">\n\n\t<div id=\"col-1969978865\" class=\"col small-12 large-12\"  >\n\t\t\t\t<div class=\"col-inner text-left\"  >\n\t\t\t\n\t\t\t\n<h4>Omadused<\/h4>\n<div class=\"row\"  id=\"row-533489655\">\n\n\t<div id=\"col-667802923\" class=\"col medium-6 small-12 large-6\"  >\n\t\t\t\t<div class=\"col-inner\"  >\n\t\t\t\n\t\t\t\n<p><i class=\"far fa-check-circle fa-2x\"><\/i><strong>\u00a0Pehme k\u00e4ivitus mootori kaitseks<\/strong><\/p>\n<p><i class=\"far fa-check-circle fa-2x\"><\/i><strong> Kettalukusti h\u00f5lpsaks l\u00f5ikeketta vahetuseks\u00a0<\/strong><\/p>\n<p><i class=\"far fa-check-circle fa-2x\"><\/i><strong> S\u00e4demekaitse t\u00f6\u00f6koha turvalisuse tagamiseks <\/strong><\/p>\n<p><i class=\"far fa-check-circle fa-2x\"><\/i><strong> Transpordiasend ja k\u00e4epide t\u00f6\u00f6riista kandmiseks\u00a0<\/strong><\/p>\n\t\t<\/div>\n\t\t\t\t\n<style>\n#col-667802923 > .col-inner {\n  margin: 0px 0px 15px 0px;\n}\n<\/style>\n\t<\/div>\n\n\t\n\n\t<div id=\"col-1144068093\" class=\"col medium-6 small-12 large-6\"  >\n\t\t\t\t<div class=\"col-inner\"  >\n\t\t\t\n\t\t\t\n<p><i class=\"far fa-check-circle fa-2x\"><\/i><strong> L\u00f5ikes\u00fcgavuse piiraja <\/strong><\/p>\n<p><i class=\"far fa-check-circle fa-2x\"><\/i><strong> T\u00f6\u00f6materjalide kinnitusklamber kiirvabastusega\u00a0(0\u00b0\u201345\u00b0)<\/strong><\/p>\n<p><i class=\"far fa-check-circle fa-2x\"><\/i><strong> Komplektis kuuskantv\u00f5ti\u00a0<\/strong><\/p>\n<p><i class=\"far fa-check-circle fa-2x\"><\/i><strong> Horisontaalne k\u00e4epide t\u00f6\u00f6laual t\u00f6\u00f6tamiseks\u00a0<\/strong><\/p>\n\t\t<\/div>\n\t\t\t\t\n<style>\n#col-1144068093 > .col-inner {\n  margin: 0px 0px 15px 0px;\n}\n<\/style>\n\t<\/div>\n\n\t\n<\/div>\n\t\t<\/div>\n\t\t\t\t\t<\/div>\n\n\t\n<\/div>\n<\/div><\/div><\/div>\n<p>V\u00f5imas 2200W Einhelli metallil\u00f5ikur l\u00f5ikab muretult l\u00e4bi terase, alumiiniumi, vase, roostevaba terase.<br \/>\nPehme k\u00e4ivitus kaitseb mootorit suurte p\u00f6\u00f6rdemomentide eest. Kiirkinnitus, mis on reguleeritav 0\u00b0\u201345\u00b0, v\u00f5imaldab teil tooriku fikseerida kaldl\u00f5ikeks \u00f5ige nurga alla.<br \/>\nT\u00e4nu horisontaalsele k\u00e4epidemele sobib metallil\u00f5ikur ideaalselt ka t\u00f6\u00f6laual t\u00f6\u00f6tamiseks.<br \/>\nKaasas olev kuuskantv\u00f5ti on hoiustatud integreeritud hoidikus.<br \/>\nTransportimiseks on l\u00f5ikuril transpordilukk ja lisak\u00e4epide kandmiseks.<br \/>\nKaasas 1 saeketas 355mm.<br \/>\n \t\t<\/div>\n\t\t\t\t\t<\/div>\n\n\t\n\n\t<div id=\"col-735047446\" class=\"col medium-3 small-12 large-3\"  >\n\t\t\t\t<div class=\"col-inner\"  >\n\t\t\t\n\t\t\t\n\t<div id=\"gap-2087745942\" class=\"gap-element clearfix\" style=\"display:block; height:auto;\">\n\t\t\n<style>\n#gap-2087745942 {\n  padding-top: 30px;\n}\n<\/style>\n\t<\/div>\n\t\n<h3>Kasutusjuhend<\/h3>\n<p><a href=\"https:\/\/espak.ee\/epood\/wp-content\/uploads\/2023\/10\/Metalliloikur-Einhell-TC-MC-355-1-4503139-est.pdf\"target=\"_blank\" rel=\"noopener noreferrer\"><i class=\"far fa-file-pdf\"><\/i> Kasutusjuhend (PDF)<\/a><\/p>\n<div class=\"is-divider divider clearfix\" ><\/div>\n<p><strong>\u00dcksikasjalikuma n\u00f5u saamiseks v\u00f5tke \u00fchendust:<br \/><\/strong>Espak AS<br \/>Viadukti 42<br \/>11313<br \/>Tallinn<br \/>+372 6 512333<\/p>\n\t\t<\/div>\n\t\t\t\t\t<\/div>\n\n\t\n<\/div>\n","protected":false},"excerpt":{"rendered":"","protected":false},"featured_media":177177,"comment_status":"closed","ping_status":"closed","template":"","meta":[],"product_brand":[],"product_cat":[2680,2681,2774,2679],"product_tag":[],"class_list":{"0":"post-176913","1":"product","2":"type-product","3":"status-publish","4":"has-post-thumbnail","6":"product_cat-elektritooriistad","7":"product_cat-masinad-ja-seadmed","8":"product_cat-metallitootlusmasinad","9":"product_cat-tooriistad","10":"pa_kaubamark-einhell","12":"first","13":"instock","14":"sale","15":"taxable","16":"shipping-taxable","17":"purchasable","18":"product-type-simple"},"yoast_head":"<!-- This site is optimized with the Yoast SEO plugin v26.9 - https:\/\/yoast.com\/product\/yoast-seo-wordpress\/ -->\n<title>METALLIL\u00d5IKUR EINHELL TC-MC 355\/1 - Espak E-pood<\/title>\n<meta name=\"robots\" content=\"index, follow, max-snippet:-1, max-image-preview:large, max-video-preview:-1\" \/>\n<link rel=\"canonical\" href=\"https:\/\/espak.ee\/epood\/toode\/metalliloikur-einhell-tc-mc-355-1\/\" \/>\n<meta property=\"og:locale\" content=\"et_EE\" \/>\n<meta property=\"og:type\" content=\"article\" \/>\n<meta property=\"og:title\" content=\"METALLIL\u00d5IKUR EINHELL TC-MC 355\/1 - Espak E-pood\" \/>\n<meta property=\"og:url\" content=\"https:\/\/espak.ee\/epood\/toode\/metalliloikur-einhell-tc-mc-355-1\/\" \/>\n<meta property=\"og:site_name\" content=\"Espak E-pood\" \/>\n<meta property=\"article:modified_time\" content=\"2025-12-28T11:53:57+00:00\" \/>\n<meta property=\"og:image\" content=\"https:\/\/espak.ee\/epood\/wp-content\/uploads\/2023\/10\/4503139_21011_001_TC_MC_355_1_RAL3002_Pic.jpg\" \/>\n\t<meta property=\"og:image:width\" content=\"800\" \/>\n\t<meta property=\"og:image:height\" content=\"800\" \/>\n\t<meta property=\"og:image:type\" content=\"image\/jpeg\" \/>\n<meta name=\"twitter:card\" content=\"summary_large_image\" \/>\n<meta name=\"twitter:label1\" content=\"Est. reading time\" \/>\n\t<meta name=\"twitter:data1\" content=\"1 minut\" \/>\n<script type=\"application\/ld+json\" class=\"yoast-schema-graph\">{\"@context\":\"https:\/\/schema.org\",\"@graph\":[{\"@type\":\"WebPage\",\"@id\":\"https:\/\/espak.ee\/epood\/toode\/metalliloikur-einhell-tc-mc-355-1\/\",\"url\":\"https:\/\/espak.ee\/epood\/toode\/metalliloikur-einhell-tc-mc-355-1\/\",\"name\":\"METALLIL\u00d5IKUR EINHELL TC-MC 355\/1 - Espak E-pood\",\"isPartOf\":{\"@id\":\"https:\/\/espak.ee\/epood\/#website\"},\"primaryImageOfPage\":{\"@id\":\"https:\/\/espak.ee\/epood\/toode\/metalliloikur-einhell-tc-mc-355-1\/#primaryimage\"},\"image\":{\"@id\":\"https:\/\/espak.ee\/epood\/toode\/metalliloikur-einhell-tc-mc-355-1\/#primaryimage\"},\"thumbnailUrl\":\"https:\/\/espak.ee\/epood\/wp-content\/uploads\/2023\/10\/4503139_21011_001_TC_MC_355_1_RAL3002_Pic.jpg\",\"datePublished\":\"2023-10-21T02:10:59+00:00\",\"dateModified\":\"2025-12-28T11:53:57+00:00\",\"breadcrumb\":{\"@id\":\"https:\/\/espak.ee\/epood\/toode\/metalliloikur-einhell-tc-mc-355-1\/#breadcrumb\"},\"inLanguage\":\"et\",\"potentialAction\":[{\"@type\":\"ReadAction\",\"target\":[\"https:\/\/espak.ee\/epood\/toode\/metalliloikur-einhell-tc-mc-355-1\/\"]}]},{\"@type\":\"ImageObject\",\"inLanguage\":\"et\",\"@id\":\"https:\/\/espak.ee\/epood\/toode\/metalliloikur-einhell-tc-mc-355-1\/#primaryimage\",\"url\":\"https:\/\/espak.ee\/epood\/wp-content\/uploads\/2023\/10\/4503139_21011_001_TC_MC_355_1_RAL3002_Pic.jpg\",\"contentUrl\":\"https:\/\/espak.ee\/epood\/wp-content\/uploads\/2023\/10\/4503139_21011_001_TC_MC_355_1_RAL3002_Pic.jpg\",\"width\":800,\"height\":800},{\"@type\":\"BreadcrumbList\",\"@id\":\"https:\/\/espak.ee\/epood\/toode\/metalliloikur-einhell-tc-mc-355-1\/#breadcrumb\",\"itemListElement\":[{\"@type\":\"ListItem\",\"position\":1,\"name\":\"Home\",\"item\":\"https:\/\/espak.ee\/epood\/\"},{\"@type\":\"ListItem\",\"position\":2,\"name\":\"Tootevalik\",\"item\":\"https:\/\/espak.ee\/epood\/tootevalik\/\"},{\"@type\":\"ListItem\",\"position\":3,\"name\":\"METALLIL\u00d5IKUR EINHELL TC-MC 355\/1\"}]},{\"@type\":\"WebSite\",\"@id\":\"https:\/\/espak.ee\/epood\/#website\",\"url\":\"https:\/\/espak.ee\/epood\/\",\"name\":\"Espak E-pood\",\"description\":\"\",\"potentialAction\":[{\"@type\":\"SearchAction\",\"target\":{\"@type\":\"EntryPoint\",\"urlTemplate\":\"https:\/\/espak.ee\/epood\/?s={search_term_string}\"},\"query-input\":{\"@type\":\"PropertyValueSpecification\",\"valueRequired\":true,\"valueName\":\"search_term_string\"}}],\"inLanguage\":\"et\"}]}<\/script>\n<!-- \/ Yoast SEO plugin. -->","yoast_head_json":{"title":"METALLIL\u00d5IKUR EINHELL TC-MC 355\/1 - Espak E-pood","robots":{"index":"index","follow":"follow","max-snippet":"max-snippet:-1","max-image-preview":"max-image-preview:large","max-video-preview":"max-video-preview:-1"},"canonical":"https:\/\/espak.ee\/epood\/toode\/metalliloikur-einhell-tc-mc-355-1\/","og_locale":"et_EE","og_type":"article","og_title":"METALLIL\u00d5IKUR EINHELL TC-MC 355\/1 - Espak E-pood","og_url":"https:\/\/espak.ee\/epood\/toode\/metalliloikur-einhell-tc-mc-355-1\/","og_site_name":"Espak E-pood","article_modified_time":"2025-12-28T11:53:57+00:00","og_image":[{"width":800,"height":800,"url":"https:\/\/espak.ee\/epood\/wp-content\/uploads\/2023\/10\/4503139_21011_001_TC_MC_355_1_RAL3002_Pic.jpg","type":"image\/jpeg"}],"twitter_card":"summary_large_image","twitter_misc":{"Est. reading time":"1 minut"},"schema":{"@context":"https:\/\/schema.org","@graph":[{"@type":"WebPage","@id":"https:\/\/espak.ee\/epood\/toode\/metalliloikur-einhell-tc-mc-355-1\/","url":"https:\/\/espak.ee\/epood\/toode\/metalliloikur-einhell-tc-mc-355-1\/","name":"METALLIL\u00d5IKUR EINHELL TC-MC 355\/1 - Espak E-pood","isPartOf":{"@id":"https:\/\/espak.ee\/epood\/#website"},"primaryImageOfPage":{"@id":"https:\/\/espak.ee\/epood\/toode\/metalliloikur-einhell-tc-mc-355-1\/#primaryimage"},"image":{"@id":"https:\/\/espak.ee\/epood\/toode\/metalliloikur-einhell-tc-mc-355-1\/#primaryimage"},"thumbnailUrl":"https:\/\/espak.ee\/epood\/wp-content\/uploads\/2023\/10\/4503139_21011_001_TC_MC_355_1_RAL3002_Pic.jpg","datePublished":"2023-10-21T02:10:59+00:00","dateModified":"2025-12-28T11:53:57+00:00","breadcrumb":{"@id":"https:\/\/espak.ee\/epood\/toode\/metalliloikur-einhell-tc-mc-355-1\/#breadcrumb"},"inLanguage":"et","potentialAction":[{"@type":"ReadAction","target":["https:\/\/espak.ee\/epood\/toode\/metalliloikur-einhell-tc-mc-355-1\/"]}]},{"@type":"ImageObject","inLanguage":"et","@id":"https:\/\/espak.ee\/epood\/toode\/metalliloikur-einhell-tc-mc-355-1\/#primaryimage","url":"https:\/\/espak.ee\/epood\/wp-content\/uploads\/2023\/10\/4503139_21011_001_TC_MC_355_1_RAL3002_Pic.jpg","contentUrl":"https:\/\/espak.ee\/epood\/wp-content\/uploads\/2023\/10\/4503139_21011_001_TC_MC_355_1_RAL3002_Pic.jpg","width":800,"height":800},{"@type":"BreadcrumbList","@id":"https:\/\/espak.ee\/epood\/toode\/metalliloikur-einhell-tc-mc-355-1\/#breadcrumb","itemListElement":[{"@type":"ListItem","position":1,"name":"Home","item":"https:\/\/espak.ee\/epood\/"},{"@type":"ListItem","position":2,"name":"Tootevalik","item":"https:\/\/espak.ee\/epood\/tootevalik\/"},{"@type":"ListItem","position":3,"name":"METALLIL\u00d5IKUR EINHELL TC-MC 355\/1"}]},{"@type":"WebSite","@id":"https:\/\/espak.ee\/epood\/#website","url":"https:\/\/espak.ee\/epood\/","name":"Espak E-pood","description":"","potentialAction":[{"@type":"SearchAction","target":{"@type":"EntryPoint","urlTemplate":"https:\/\/espak.ee\/epood\/?s={search_term_string}"},"query-input":{"@type":"PropertyValueSpecification","valueRequired":true,"valueName":"search_term_string"}}],"inLanguage":"et"}]}},"_links":{"self":[{"href":"https:\/\/espak.ee\/epood\/wp-json\/wp\/v2\/product\/176913","targetHints":{"allow":["GET"]}}],"collection":[{"href":"https:\/\/espak.ee\/epood\/wp-json\/wp\/v2\/product"}],"about":[{"href":"https:\/\/espak.ee\/epood\/wp-json\/wp\/v2\/types\/product"}],"replies":[{"embeddable":true,"href":"https:\/\/espak.ee\/epood\/wp-json\/wp\/v2\/comments?post=176913"}],"wp:featuredmedia":[{"embeddable":true,"href":"https:\/\/espak.ee\/epood\/wp-json\/wp\/v2\/media\/177177"}],"wp:attachment":[{"href":"https:\/\/espak.ee\/epood\/wp-json\/wp\/v2\/media?parent=176913"}],"wp:term":[{"taxonomy":"product_brand","embeddable":true,"href":"https:\/\/espak.ee\/epood\/wp-json\/wp\/v2\/product_brand?post=176913"},{"taxonomy":"product_cat","embeddable":true,"href":"https:\/\/espak.ee\/epood\/wp-json\/wp\/v2\/product_cat?post=176913"},{"taxonomy":"product_tag","embeddable":true,"href":"https:\/\/espak.ee\/epood\/wp-json\/wp\/v2\/product_tag?post=176913"}],"curies":[{"name":"wp","href":"https:\/\/api.w.org\/{rel}","templated":true}]}}