{"id":176231,"date":"2023-10-14T05:05:04","date_gmt":"2023-10-14T02:05:04","guid":{"rendered":"https:\/\/espak.ee\/epood\/?post_type=product&#038;p=176231"},"modified":"2024-03-23T01:03:53","modified_gmt":"2024-03-22T23:03:53","slug":"tooriistakast-dewalt-ts-2-0-dwst08330-1-3-sahtliga","status":"publish","type":"product","link":"https:\/\/espak.ee\/epood\/toode\/tooriistakast-dewalt-ts-2-0-dwst08330-1-3-sahtliga\/","title":{"rendered":"T\u00d6\u00d6RIISTAKAST DEWALT TS 2.0 DWST08330-1 3-SAHTLIGA"},"content":{"rendered":"<div class=\"row\"  id=\"row-263285826\">\n\n\t<div id=\"col-652855853\" class=\"col medium-9 small-12 large-9\"  >\n\t\t\t\t<div class=\"col-inner\"  >\n\t\t\t\n\t\t\t\n<h3>T\u00f6\u00f6riistakast Toughsystem 2.0 DeWalt 3 sahtliga<\/h3>\n<p>T\u00f6\u00f6riistakastil on kolm madalat sahtlit, mis tagavad \u00fclevaate t\u00f6\u00f6riistades.<br \/>\nSahtlid liiguvad sujuvalt kuullaagritel.<br \/>\n T\u00f6\u00f6riistakasti saab lihtsasti siduda teiste ToughSystem kastidega, lisatud on ka poolmooduli kinnitused &#8211; v\u00f5imalus \u00fchendada poolmooduleid kastiga.\n  <\/p>\n\t\t<\/div>\n\t\t\t\t\t<\/div>\n\n\t\n\n\t<div id=\"col-991653026\" class=\"col medium-3 small-12 large-3\"  >\n\t\t\t\t<div class=\"col-inner\"  >\n\t\t\t\n\t\t\t\n\t<div id=\"gap-1661794199\" class=\"gap-element clearfix\" style=\"display:block; height:auto;\">\n\t\t\n<style>\n#gap-1661794199 {\n  padding-top: 30px;\n}\n<\/style>\n\t<\/div>\n\t\n<div class=\"is-divider divider clearfix\" ><\/div>\n<p><strong>\u00dcksikasjalikuma n\u00f5u saamiseks v\u00f5tke \u00fchendust:<br \/><\/strong>Espak AS<br \/>Viadukti 42<br \/>11313<br \/>Tallinn<br \/> T\u00f6\u00f6riista osakond +372 6512 335<br \/><a href=\"mailto:tooriist@espak.ee\">tooriist@espak.ee<\/a><\/p>\n\t\t<\/div>\n\t\t\t\t\t<\/div>\n\n\t\n<\/div>\n","protected":false},"excerpt":{"rendered":"","protected":false},"featured_media":176380,"comment_status":"closed","ping_status":"closed","template":"","meta":[],"product_brand":[],"product_cat":[2771,2679,3051,3052],"product_tag":[],"class_list":{"0":"post-176231","1":"product","2":"type-product","3":"status-publish","4":"has-post-thumbnail","6":"product_cat-kasitooriistad","7":"product_cat-tooriistad","8":"product_cat-tooriistakastid","9":"product_cat-tooriistakastid-tooriistakastid","10":"pa_kaubamark-dewalt","12":"first","13":"outofstock","14":"sale","15":"taxable","16":"shipping-taxable","17":"purchasable","18":"product-type-simple"},"yoast_head":"<!-- This site is optimized with the Yoast SEO plugin v26.9 - https:\/\/yoast.com\/product\/yoast-seo-wordpress\/ -->\n<title>T\u00d6\u00d6RIISTAKAST DEWALT TS 2.0 DWST08330-1 3-SAHTLIGA - Espak E-pood<\/title>\n<meta name=\"robots\" content=\"index, follow, max-snippet:-1, max-image-preview:large, max-video-preview:-1\" \/>\n<link rel=\"canonical\" href=\"https:\/\/espak.ee\/epood\/toode\/tooriistakast-dewalt-ts-2-0-dwst08330-1-3-sahtliga\/\" \/>\n<meta property=\"og:locale\" content=\"et_EE\" \/>\n<meta property=\"og:type\" content=\"article\" \/>\n<meta property=\"og:title\" content=\"T\u00d6\u00d6RIISTAKAST DEWALT TS 2.0 DWST08330-1 3-SAHTLIGA - Espak E-pood\" \/>\n<meta property=\"og:url\" content=\"https:\/\/espak.ee\/epood\/toode\/tooriistakast-dewalt-ts-2-0-dwst08330-1-3-sahtliga\/\" \/>\n<meta property=\"og:site_name\" content=\"Espak E-pood\" \/>\n<meta property=\"article:modified_time\" content=\"2024-03-22T23:03:53+00:00\" \/>\n<meta property=\"og:image\" content=\"https:\/\/espak.ee\/epood\/wp-content\/uploads\/2023\/10\/300DPI_1000px-DWST08330-1_1.jpg\" \/>\n\t<meta property=\"og:image:width\" content=\"1000\" \/>\n\t<meta property=\"og:image:height\" content=\"1000\" \/>\n\t<meta property=\"og:image:type\" content=\"image\/jpeg\" \/>\n<meta name=\"twitter:card\" content=\"summary_large_image\" \/>\n<script type=\"application\/ld+json\" class=\"yoast-schema-graph\">{\"@context\":\"https:\/\/schema.org\",\"@graph\":[{\"@type\":\"WebPage\",\"@id\":\"https:\/\/espak.ee\/epood\/toode\/tooriistakast-dewalt-ts-2-0-dwst08330-1-3-sahtliga\/\",\"url\":\"https:\/\/espak.ee\/epood\/toode\/tooriistakast-dewalt-ts-2-0-dwst08330-1-3-sahtliga\/\",\"name\":\"T\u00d6\u00d6RIISTAKAST DEWALT TS 2.0 DWST08330-1 3-SAHTLIGA - Espak E-pood\",\"isPartOf\":{\"@id\":\"https:\/\/espak.ee\/epood\/#website\"},\"primaryImageOfPage\":{\"@id\":\"https:\/\/espak.ee\/epood\/toode\/tooriistakast-dewalt-ts-2-0-dwst08330-1-3-sahtliga\/#primaryimage\"},\"image\":{\"@id\":\"https:\/\/espak.ee\/epood\/toode\/tooriistakast-dewalt-ts-2-0-dwst08330-1-3-sahtliga\/#primaryimage\"},\"thumbnailUrl\":\"https:\/\/espak.ee\/epood\/wp-content\/uploads\/2023\/10\/300DPI_1000px-DWST08330-1_1.jpg\",\"datePublished\":\"2023-10-14T02:05:04+00:00\",\"dateModified\":\"2024-03-22T23:03:53+00:00\",\"breadcrumb\":{\"@id\":\"https:\/\/espak.ee\/epood\/toode\/tooriistakast-dewalt-ts-2-0-dwst08330-1-3-sahtliga\/#breadcrumb\"},\"inLanguage\":\"et\",\"potentialAction\":[{\"@type\":\"ReadAction\",\"target\":[\"https:\/\/espak.ee\/epood\/toode\/tooriistakast-dewalt-ts-2-0-dwst08330-1-3-sahtliga\/\"]}]},{\"@type\":\"ImageObject\",\"inLanguage\":\"et\",\"@id\":\"https:\/\/espak.ee\/epood\/toode\/tooriistakast-dewalt-ts-2-0-dwst08330-1-3-sahtliga\/#primaryimage\",\"url\":\"https:\/\/espak.ee\/epood\/wp-content\/uploads\/2023\/10\/300DPI_1000px-DWST08330-1_1.jpg\",\"contentUrl\":\"https:\/\/espak.ee\/epood\/wp-content\/uploads\/2023\/10\/300DPI_1000px-DWST08330-1_1.jpg\",\"width\":1000,\"height\":1000},{\"@type\":\"BreadcrumbList\",\"@id\":\"https:\/\/espak.ee\/epood\/toode\/tooriistakast-dewalt-ts-2-0-dwst08330-1-3-sahtliga\/#breadcrumb\",\"itemListElement\":[{\"@type\":\"ListItem\",\"position\":1,\"name\":\"Home\",\"item\":\"https:\/\/espak.ee\/epood\/\"},{\"@type\":\"ListItem\",\"position\":2,\"name\":\"Tootevalik\",\"item\":\"https:\/\/espak.ee\/epood\/tootevalik\/\"},{\"@type\":\"ListItem\",\"position\":3,\"name\":\"T\u00d6\u00d6RIISTAKAST DEWALT TS 2.0 DWST08330-1 3-SAHTLIGA\"}]},{\"@type\":\"WebSite\",\"@id\":\"https:\/\/espak.ee\/epood\/#website\",\"url\":\"https:\/\/espak.ee\/epood\/\",\"name\":\"Espak E-pood\",\"description\":\"\",\"potentialAction\":[{\"@type\":\"SearchAction\",\"target\":{\"@type\":\"EntryPoint\",\"urlTemplate\":\"https:\/\/espak.ee\/epood\/?s={search_term_string}\"},\"query-input\":{\"@type\":\"PropertyValueSpecification\",\"valueRequired\":true,\"valueName\":\"search_term_string\"}}],\"inLanguage\":\"et\"}]}<\/script>\n<!-- \/ Yoast SEO plugin. -->","yoast_head_json":{"title":"T\u00d6\u00d6RIISTAKAST DEWALT TS 2.0 DWST08330-1 3-SAHTLIGA - Espak E-pood","robots":{"index":"index","follow":"follow","max-snippet":"max-snippet:-1","max-image-preview":"max-image-preview:large","max-video-preview":"max-video-preview:-1"},"canonical":"https:\/\/espak.ee\/epood\/toode\/tooriistakast-dewalt-ts-2-0-dwst08330-1-3-sahtliga\/","og_locale":"et_EE","og_type":"article","og_title":"T\u00d6\u00d6RIISTAKAST DEWALT TS 2.0 DWST08330-1 3-SAHTLIGA - Espak E-pood","og_url":"https:\/\/espak.ee\/epood\/toode\/tooriistakast-dewalt-ts-2-0-dwst08330-1-3-sahtliga\/","og_site_name":"Espak E-pood","article_modified_time":"2024-03-22T23:03:53+00:00","og_image":[{"width":1000,"height":1000,"url":"https:\/\/espak.ee\/epood\/wp-content\/uploads\/2023\/10\/300DPI_1000px-DWST08330-1_1.jpg","type":"image\/jpeg"}],"twitter_card":"summary_large_image","schema":{"@context":"https:\/\/schema.org","@graph":[{"@type":"WebPage","@id":"https:\/\/espak.ee\/epood\/toode\/tooriistakast-dewalt-ts-2-0-dwst08330-1-3-sahtliga\/","url":"https:\/\/espak.ee\/epood\/toode\/tooriistakast-dewalt-ts-2-0-dwst08330-1-3-sahtliga\/","name":"T\u00d6\u00d6RIISTAKAST DEWALT TS 2.0 DWST08330-1 3-SAHTLIGA - Espak E-pood","isPartOf":{"@id":"https:\/\/espak.ee\/epood\/#website"},"primaryImageOfPage":{"@id":"https:\/\/espak.ee\/epood\/toode\/tooriistakast-dewalt-ts-2-0-dwst08330-1-3-sahtliga\/#primaryimage"},"image":{"@id":"https:\/\/espak.ee\/epood\/toode\/tooriistakast-dewalt-ts-2-0-dwst08330-1-3-sahtliga\/#primaryimage"},"thumbnailUrl":"https:\/\/espak.ee\/epood\/wp-content\/uploads\/2023\/10\/300DPI_1000px-DWST08330-1_1.jpg","datePublished":"2023-10-14T02:05:04+00:00","dateModified":"2024-03-22T23:03:53+00:00","breadcrumb":{"@id":"https:\/\/espak.ee\/epood\/toode\/tooriistakast-dewalt-ts-2-0-dwst08330-1-3-sahtliga\/#breadcrumb"},"inLanguage":"et","potentialAction":[{"@type":"ReadAction","target":["https:\/\/espak.ee\/epood\/toode\/tooriistakast-dewalt-ts-2-0-dwst08330-1-3-sahtliga\/"]}]},{"@type":"ImageObject","inLanguage":"et","@id":"https:\/\/espak.ee\/epood\/toode\/tooriistakast-dewalt-ts-2-0-dwst08330-1-3-sahtliga\/#primaryimage","url":"https:\/\/espak.ee\/epood\/wp-content\/uploads\/2023\/10\/300DPI_1000px-DWST08330-1_1.jpg","contentUrl":"https:\/\/espak.ee\/epood\/wp-content\/uploads\/2023\/10\/300DPI_1000px-DWST08330-1_1.jpg","width":1000,"height":1000},{"@type":"BreadcrumbList","@id":"https:\/\/espak.ee\/epood\/toode\/tooriistakast-dewalt-ts-2-0-dwst08330-1-3-sahtliga\/#breadcrumb","itemListElement":[{"@type":"ListItem","position":1,"name":"Home","item":"https:\/\/espak.ee\/epood\/"},{"@type":"ListItem","position":2,"name":"Tootevalik","item":"https:\/\/espak.ee\/epood\/tootevalik\/"},{"@type":"ListItem","position":3,"name":"T\u00d6\u00d6RIISTAKAST DEWALT TS 2.0 DWST08330-1 3-SAHTLIGA"}]},{"@type":"WebSite","@id":"https:\/\/espak.ee\/epood\/#website","url":"https:\/\/espak.ee\/epood\/","name":"Espak E-pood","description":"","potentialAction":[{"@type":"SearchAction","target":{"@type":"EntryPoint","urlTemplate":"https:\/\/espak.ee\/epood\/?s={search_term_string}"},"query-input":{"@type":"PropertyValueSpecification","valueRequired":true,"valueName":"search_term_string"}}],"inLanguage":"et"}]}},"_links":{"self":[{"href":"https:\/\/espak.ee\/epood\/wp-json\/wp\/v2\/product\/176231","targetHints":{"allow":["GET"]}}],"collection":[{"href":"https:\/\/espak.ee\/epood\/wp-json\/wp\/v2\/product"}],"about":[{"href":"https:\/\/espak.ee\/epood\/wp-json\/wp\/v2\/types\/product"}],"replies":[{"embeddable":true,"href":"https:\/\/espak.ee\/epood\/wp-json\/wp\/v2\/comments?post=176231"}],"wp:featuredmedia":[{"embeddable":true,"href":"https:\/\/espak.ee\/epood\/wp-json\/wp\/v2\/media\/176380"}],"wp:attachment":[{"href":"https:\/\/espak.ee\/epood\/wp-json\/wp\/v2\/media?parent=176231"}],"wp:term":[{"taxonomy":"product_brand","embeddable":true,"href":"https:\/\/espak.ee\/epood\/wp-json\/wp\/v2\/product_brand?post=176231"},{"taxonomy":"product_cat","embeddable":true,"href":"https:\/\/espak.ee\/epood\/wp-json\/wp\/v2\/product_cat?post=176231"},{"taxonomy":"product_tag","embeddable":true,"href":"https:\/\/espak.ee\/epood\/wp-json\/wp\/v2\/product_tag?post=176231"}],"curies":[{"name":"wp","href":"https:\/\/api.w.org\/{rel}","templated":true}]}}