{"id":175613,"date":"2023-10-09T19:59:53","date_gmt":"2023-10-09T16:59:53","guid":{"rendered":"https:\/\/espak.ee\/epood\/?post_type=product&#038;p=175613"},"modified":"2026-01-20T15:10:13","modified_gmt":"2026-01-20T13:10:13","slug":"isepaisuv-tihend-penosil-300-15-4-7mm-8m","status":"publish","type":"product","link":"https:\/\/espak.ee\/epood\/toode\/isepaisuv-tihend-penosil-300-15-4-7mm-8m\/","title":{"rendered":"ISEPAISUV TIHEND PENOSIL 300 15\/3-7MM"},"content":{"rendered":"<div class=\"row\"  id=\"row-1614241041\">\n\n\t<div id=\"col-888786723\" class=\"col medium-9 small-12 large-9\"  >\n\t\t\t\t<div class=\"col-inner\"  >\n\t\t\t\n\t\t\t\n<h3>PENOSIL Expanding Tape 300Pa isepaisuv tihend 15\/3-7mm<\/h3>\n<p>PENOSIL Expanding Tape 300Pa on eeltihendatud, isepaisuv ja elastne tihend v\u00e4limiste fassaadi- ja aknavuukide kaitsmiseks tuule, vihma ja tolmu eest. P\u00e4rast paigaldamist materjal paisub ja t\u00e4idab vuugi. Tulemuseks p\u00fcsivalt elastne ja ilmastikukindel vuuk.<\/p>\n<div class=\"message-box relative\" style=\"padding-top:15px;padding-bottom:15px;\"><div class=\"message-box-bg-image bg-fill fill\" ><\/div><div class=\"message-box-bg-overlay bg-fill fill\" ><\/div><div class=\"container relative\"><div class=\"inner last-reset\">\n<div class=\"row align-middle align-center\"  id=\"row-27847203\">\n\n\t<div id=\"col-1771978298\" class=\"col small-12 large-12\"  >\n\t\t\t\t<div class=\"col-inner text-left\"  >\n\t\t\t\n\t\t\t\n<h4>Omadused<\/h4>\n<div class=\"row\"  id=\"row-1067547552\">\n\n\t<div id=\"col-1220651062\" class=\"col medium-6 small-12 large-6\"  >\n\t\t\t\t<div class=\"col-inner\"  >\n\t\t\t\n\t\t\t\n<p><i class=\"fa fa-check fa-2x\"><\/i> <strong> Isepaisuv, t\u00e4idab ebatasased pinnad<\/strong><\/p>\n<p><i class=\"fa fa-check fa-2x\"><\/i> <strong> UV-kindel, kaitseb tuule, tolmu ja vihma eest<\/strong><\/p>\n<p><i class=\"fa fa-check fa-2x\"><\/i> <strong> Tagab soojus- ja heliisolatsiooni<\/strong><\/p>\n<p><i class=\"fa fa-check fa-2x\"><\/i> <strong> Aitab minimeerida hallituse ja m\u00e4daniku tekkimise ohtu ehituskonstruktsioonides<\/strong><\/p>\n\t\t<\/div>\n\t\t\t\t\n<style>\n#col-1220651062 > .col-inner {\n  margin: 0px 0px 15px 0px;\n}\n<\/style>\n\t<\/div>\n\n\t\n\n\t<div id=\"col-491770475\" class=\"col medium-6 small-12 large-6\"  >\n\t\t\t\t<div class=\"col-inner\"  >\n\t\t\t\n\t\t\t\n<p><i class=\"fa fa-check fa-2x\"><\/i> <strong> Avatud pooridega struktuur laseb vuukidel hingata ja niiskusel v\u00e4ljuda<\/strong><\/p>\n<p><i class=\"fa fa-check fa-2x\"><\/i> <strong> S\u00e4ilitab elastsuse<\/strong><\/p>\n<p><i class=\"fa fa-check fa-2x\"><\/i> <strong> Keskkonna ja kasutaja jaoks ohutu<\/strong><\/p>\n<p><i class=\"fa fa-check fa-2x\"><\/i> <strong> Talub \u00e4\u00e4rmuslikku temperatuuri<\/strong><\/p>\n\t\t<\/div>\n\t\t\t\t\n<style>\n#col-491770475 > .col-inner {\n  margin: 0px 0px 15px 0px;\n}\n<\/style>\n\t<\/div>\n\n\t\n<\/div>\n\t\t<\/div>\n\t\t\t\t\t<\/div>\n\n\t\n<\/div>\n<\/div><\/div><\/div>\n\t<div id=\"gap-377372281\" class=\"gap-element clearfix\" style=\"display:block; height:auto;\">\n\t\t\n<style>\n#gap-377372281 {\n  padding-top: 30px;\n}\n<\/style>\n\t<\/div>\n\t\n<h3>Kasutamise \u00fcksikasjad<\/h3>\n<p><strong>Kasutusalad:<\/strong><br \/>\nAkna- ja ukseraamide ning kandekonstruktsioonide tihendamiseks.<br \/>\nBetoon- ja kivifassaadide deformatsioonivuukide tihendamiseks.<br \/>\nLaevalgustite tihendamiseks.<br \/>\nKatuseelementide vaheliste vuukide tihendamiseks.<br \/>\nPuit- ja palkmajade tihendamiseks.<br \/>\nM\u00fcra- ja vibraisolatsioon ventilatsiooni- ja \u00f5huvahetusseadmete vahel.<br \/>\nM\u00fcra- ja vibraisolatsioon autot\u00f6\u00f6stuses.<br \/>\nNakkuvus: Puit, betoon, tellis, krohv, katusekivid, looduskivi, keraamika, enamik metalle, v\u00e4rvitud ja lakitud pinnad.<\/p>\n<p><strong>Kasutusjuhend:<\/strong><br \/>\nL\u00f5igake tihend vuugi pikkusest umbes 3% pikem. J\u00e4tke tihendirulli algusest ja l\u00f5pust 3\u20135 cm kasutamata. Eemaldage tihendi kate ja suruge tihend aluspinnale. Paigaldage tihend vuugi esiservast umbes 2\u20133 mm kaugusele. Vajaduse korral kasutage tihendi \u00f5igeks kinnitamiseks pahtlilabidat.<\/p>\n<p>Tihendi m\u00f5\u00f5tmed peavad vastama tabelis esitatud andmetele (vt pakendit). Arvestage konstruktsiooni v\u00f5imaliku liikumisega. Tihendi omadused on tagatud ainult siis, kui tihend on \u00f5igesti kokku surutud.<\/p>\n<p><strong>N\u00e4pun\u00e4ited:<\/strong><br \/>\nP\u00e4rast avamist hakkab tihend aeglaselt paisuma. Paisumiskiirus oleneb temperatuurist ja on k\u00f5rgemal temperatuuril suurem.<br \/>\nSobiv paigaldustemperatuur vahemikus +5\u00b0C kuni +30\u00b0C.<br \/>\nAluspinnad peavad olema puhtad, kuivad, vabad mustusest, tolmust ja \u00f5list ning paralleelsed ja t\u00e4isnurga all.<br \/>\nLiiga v\u00e4ikese survega paigaldamise v\u00e4ltimiseks kasutage m\u00f5\u00f5tmete tabelit.<\/p>\n<p><strong>Kitsendused:<\/strong><br \/>\nV\u00e4listingimustes tuleb tihend kinni katta.<br \/>\n\u00c4rge paigaldage tihendit servadele. Selle asemel l\u00f5igake tihend katki ja suruge otsad t\u00e4isnurga all kokku.<br \/>\n\u00dcleulatuv osa suruge tihedasti serva \u00fcmber.<br \/>\nTihendi \u00fchendamisel suruge otsad tihedasti kokku, v\u00e4ltides \u00fclekatet.<br \/>\nV\u00e4ltige puhastamist survepesuri veejoaga ja tugevatoimeliste happeliste lahustitega.<br \/>\n\u00c4rge v\u00e4rvige.<br \/>\nK\u00f5rgetes kohtades ning niisketes ja tuulistes oludes (nt rannikul ja m\u00e4gedes) kasutage toodet Premium Expanding Tape 600.<\/p>\n\t\t<\/div>\n\t\t\t\t\t<\/div>\n\n\t\n\n\t<div id=\"col-17127231\" class=\"col medium-3 small-12 large-3\"  >\n\t\t\t\t<div class=\"col-inner\"  >\n\t\t\t\n\t\t\t\n<div class=\"is-divider divider clearfix\" ><\/div>\n<p><strong>\u00dcksikasjalikuma n\u00f5u saamiseks v\u00f5tke \u00fchendust:<br \/><\/strong>Wolf Group O\u00dc<br \/>Suur-Paala 6<br \/>13619<br \/>Tallinn<br \/>+372 605 9301<\/p>\n\t\t<\/div>\n\t\t\t\t\t<\/div>\n\n\t\n<\/div>\n","protected":false},"excerpt":{"rendered":"","protected":false},"featured_media":176106,"comment_status":"closed","ping_status":"closed","template":"","meta":[],"product_brand":[],"product_cat":[2718,2722,2723],"product_tag":[],"class_list":{"0":"post-175613","1":"product","2":"type-product","3":"status-publish","4":"has-post-thumbnail","6":"product_cat-isolatsioonimaterjalid","7":"product_cat-tihendid","8":"product_cat-tihenduslindid","9":"pa_kaubamark-krimelte-ou","11":"first","12":"instock","13":"sale","14":"taxable","15":"shipping-taxable","16":"purchasable","17":"product-type-simple"},"yoast_head":"<!-- This site is optimized with the Yoast SEO plugin v26.9 - https:\/\/yoast.com\/product\/yoast-seo-wordpress\/ -->\n<title>ISEPAISUV TIHEND PENOSIL 300 15\/3-7MM - Espak E-pood<\/title>\n<meta name=\"robots\" content=\"index, follow, max-snippet:-1, max-image-preview:large, max-video-preview:-1\" \/>\n<link rel=\"canonical\" href=\"https:\/\/espak.ee\/epood\/toode\/isepaisuv-tihend-penosil-300-15-4-7mm-8m\/\" \/>\n<meta property=\"og:locale\" content=\"et_EE\" \/>\n<meta property=\"og:type\" content=\"article\" \/>\n<meta property=\"og:title\" content=\"ISEPAISUV TIHEND PENOSIL 300 15\/3-7MM - Espak E-pood\" \/>\n<meta property=\"og:url\" content=\"https:\/\/espak.ee\/epood\/toode\/isepaisuv-tihend-penosil-300-15-4-7mm-8m\/\" \/>\n<meta property=\"og:site_name\" content=\"Espak E-pood\" \/>\n<meta property=\"article:modified_time\" content=\"2026-01-20T13:10:13+00:00\" \/>\n<meta property=\"og:image\" content=\"https:\/\/espak.ee\/epood\/wp-content\/uploads\/2023\/10\/300Pa_Expanding_Tape-EE-FI-LT-LV.png.jpg\" \/>\n\t<meta property=\"og:image:width\" content=\"800\" \/>\n\t<meta property=\"og:image:height\" content=\"800\" \/>\n\t<meta property=\"og:image:type\" content=\"image\/jpeg\" \/>\n<meta name=\"twitter:card\" content=\"summary_large_image\" \/>\n<meta name=\"twitter:label1\" content=\"Est. reading time\" \/>\n\t<meta name=\"twitter:data1\" content=\"2 minutit\" \/>\n<script type=\"application\/ld+json\" class=\"yoast-schema-graph\">{\"@context\":\"https:\/\/schema.org\",\"@graph\":[{\"@type\":\"WebPage\",\"@id\":\"https:\/\/espak.ee\/epood\/toode\/isepaisuv-tihend-penosil-300-15-4-7mm-8m\/\",\"url\":\"https:\/\/espak.ee\/epood\/toode\/isepaisuv-tihend-penosil-300-15-4-7mm-8m\/\",\"name\":\"ISEPAISUV TIHEND PENOSIL 300 15\/3-7MM - Espak E-pood\",\"isPartOf\":{\"@id\":\"https:\/\/espak.ee\/epood\/#website\"},\"primaryImageOfPage\":{\"@id\":\"https:\/\/espak.ee\/epood\/toode\/isepaisuv-tihend-penosil-300-15-4-7mm-8m\/#primaryimage\"},\"image\":{\"@id\":\"https:\/\/espak.ee\/epood\/toode\/isepaisuv-tihend-penosil-300-15-4-7mm-8m\/#primaryimage\"},\"thumbnailUrl\":\"https:\/\/espak.ee\/epood\/wp-content\/uploads\/2023\/10\/300Pa_Expanding_Tape-EE-FI-LT-LV.png.jpg\",\"datePublished\":\"2023-10-09T16:59:53+00:00\",\"dateModified\":\"2026-01-20T13:10:13+00:00\",\"breadcrumb\":{\"@id\":\"https:\/\/espak.ee\/epood\/toode\/isepaisuv-tihend-penosil-300-15-4-7mm-8m\/#breadcrumb\"},\"inLanguage\":\"et\",\"potentialAction\":[{\"@type\":\"ReadAction\",\"target\":[\"https:\/\/espak.ee\/epood\/toode\/isepaisuv-tihend-penosil-300-15-4-7mm-8m\/\"]}]},{\"@type\":\"ImageObject\",\"inLanguage\":\"et\",\"@id\":\"https:\/\/espak.ee\/epood\/toode\/isepaisuv-tihend-penosil-300-15-4-7mm-8m\/#primaryimage\",\"url\":\"https:\/\/espak.ee\/epood\/wp-content\/uploads\/2023\/10\/300Pa_Expanding_Tape-EE-FI-LT-LV.png.jpg\",\"contentUrl\":\"https:\/\/espak.ee\/epood\/wp-content\/uploads\/2023\/10\/300Pa_Expanding_Tape-EE-FI-LT-LV.png.jpg\",\"width\":800,\"height\":800},{\"@type\":\"BreadcrumbList\",\"@id\":\"https:\/\/espak.ee\/epood\/toode\/isepaisuv-tihend-penosil-300-15-4-7mm-8m\/#breadcrumb\",\"itemListElement\":[{\"@type\":\"ListItem\",\"position\":1,\"name\":\"Home\",\"item\":\"https:\/\/espak.ee\/epood\/\"},{\"@type\":\"ListItem\",\"position\":2,\"name\":\"Tootevalik\",\"item\":\"https:\/\/espak.ee\/epood\/tootevalik\/\"},{\"@type\":\"ListItem\",\"position\":3,\"name\":\"ISEPAISUV TIHEND PENOSIL 300 15\/3-7MM\"}]},{\"@type\":\"WebSite\",\"@id\":\"https:\/\/espak.ee\/epood\/#website\",\"url\":\"https:\/\/espak.ee\/epood\/\",\"name\":\"Espak E-pood\",\"description\":\"\",\"potentialAction\":[{\"@type\":\"SearchAction\",\"target\":{\"@type\":\"EntryPoint\",\"urlTemplate\":\"https:\/\/espak.ee\/epood\/?s={search_term_string}\"},\"query-input\":{\"@type\":\"PropertyValueSpecification\",\"valueRequired\":true,\"valueName\":\"search_term_string\"}}],\"inLanguage\":\"et\"}]}<\/script>\n<!-- \/ Yoast SEO plugin. -->","yoast_head_json":{"title":"ISEPAISUV TIHEND PENOSIL 300 15\/3-7MM - Espak E-pood","robots":{"index":"index","follow":"follow","max-snippet":"max-snippet:-1","max-image-preview":"max-image-preview:large","max-video-preview":"max-video-preview:-1"},"canonical":"https:\/\/espak.ee\/epood\/toode\/isepaisuv-tihend-penosil-300-15-4-7mm-8m\/","og_locale":"et_EE","og_type":"article","og_title":"ISEPAISUV TIHEND PENOSIL 300 15\/3-7MM - Espak E-pood","og_url":"https:\/\/espak.ee\/epood\/toode\/isepaisuv-tihend-penosil-300-15-4-7mm-8m\/","og_site_name":"Espak E-pood","article_modified_time":"2026-01-20T13:10:13+00:00","og_image":[{"width":800,"height":800,"url":"https:\/\/espak.ee\/epood\/wp-content\/uploads\/2023\/10\/300Pa_Expanding_Tape-EE-FI-LT-LV.png.jpg","type":"image\/jpeg"}],"twitter_card":"summary_large_image","twitter_misc":{"Est. reading time":"2 minutit"},"schema":{"@context":"https:\/\/schema.org","@graph":[{"@type":"WebPage","@id":"https:\/\/espak.ee\/epood\/toode\/isepaisuv-tihend-penosil-300-15-4-7mm-8m\/","url":"https:\/\/espak.ee\/epood\/toode\/isepaisuv-tihend-penosil-300-15-4-7mm-8m\/","name":"ISEPAISUV TIHEND PENOSIL 300 15\/3-7MM - Espak E-pood","isPartOf":{"@id":"https:\/\/espak.ee\/epood\/#website"},"primaryImageOfPage":{"@id":"https:\/\/espak.ee\/epood\/toode\/isepaisuv-tihend-penosil-300-15-4-7mm-8m\/#primaryimage"},"image":{"@id":"https:\/\/espak.ee\/epood\/toode\/isepaisuv-tihend-penosil-300-15-4-7mm-8m\/#primaryimage"},"thumbnailUrl":"https:\/\/espak.ee\/epood\/wp-content\/uploads\/2023\/10\/300Pa_Expanding_Tape-EE-FI-LT-LV.png.jpg","datePublished":"2023-10-09T16:59:53+00:00","dateModified":"2026-01-20T13:10:13+00:00","breadcrumb":{"@id":"https:\/\/espak.ee\/epood\/toode\/isepaisuv-tihend-penosil-300-15-4-7mm-8m\/#breadcrumb"},"inLanguage":"et","potentialAction":[{"@type":"ReadAction","target":["https:\/\/espak.ee\/epood\/toode\/isepaisuv-tihend-penosil-300-15-4-7mm-8m\/"]}]},{"@type":"ImageObject","inLanguage":"et","@id":"https:\/\/espak.ee\/epood\/toode\/isepaisuv-tihend-penosil-300-15-4-7mm-8m\/#primaryimage","url":"https:\/\/espak.ee\/epood\/wp-content\/uploads\/2023\/10\/300Pa_Expanding_Tape-EE-FI-LT-LV.png.jpg","contentUrl":"https:\/\/espak.ee\/epood\/wp-content\/uploads\/2023\/10\/300Pa_Expanding_Tape-EE-FI-LT-LV.png.jpg","width":800,"height":800},{"@type":"BreadcrumbList","@id":"https:\/\/espak.ee\/epood\/toode\/isepaisuv-tihend-penosil-300-15-4-7mm-8m\/#breadcrumb","itemListElement":[{"@type":"ListItem","position":1,"name":"Home","item":"https:\/\/espak.ee\/epood\/"},{"@type":"ListItem","position":2,"name":"Tootevalik","item":"https:\/\/espak.ee\/epood\/tootevalik\/"},{"@type":"ListItem","position":3,"name":"ISEPAISUV TIHEND PENOSIL 300 15\/3-7MM"}]},{"@type":"WebSite","@id":"https:\/\/espak.ee\/epood\/#website","url":"https:\/\/espak.ee\/epood\/","name":"Espak E-pood","description":"","potentialAction":[{"@type":"SearchAction","target":{"@type":"EntryPoint","urlTemplate":"https:\/\/espak.ee\/epood\/?s={search_term_string}"},"query-input":{"@type":"PropertyValueSpecification","valueRequired":true,"valueName":"search_term_string"}}],"inLanguage":"et"}]}},"_links":{"self":[{"href":"https:\/\/espak.ee\/epood\/wp-json\/wp\/v2\/product\/175613","targetHints":{"allow":["GET"]}}],"collection":[{"href":"https:\/\/espak.ee\/epood\/wp-json\/wp\/v2\/product"}],"about":[{"href":"https:\/\/espak.ee\/epood\/wp-json\/wp\/v2\/types\/product"}],"replies":[{"embeddable":true,"href":"https:\/\/espak.ee\/epood\/wp-json\/wp\/v2\/comments?post=175613"}],"wp:featuredmedia":[{"embeddable":true,"href":"https:\/\/espak.ee\/epood\/wp-json\/wp\/v2\/media\/176106"}],"wp:attachment":[{"href":"https:\/\/espak.ee\/epood\/wp-json\/wp\/v2\/media?parent=175613"}],"wp:term":[{"taxonomy":"product_brand","embeddable":true,"href":"https:\/\/espak.ee\/epood\/wp-json\/wp\/v2\/product_brand?post=175613"},{"taxonomy":"product_cat","embeddable":true,"href":"https:\/\/espak.ee\/epood\/wp-json\/wp\/v2\/product_cat?post=175613"},{"taxonomy":"product_tag","embeddable":true,"href":"https:\/\/espak.ee\/epood\/wp-json\/wp\/v2\/product_tag?post=175613"}],"curies":[{"name":"wp","href":"https:\/\/api.w.org\/{rel}","templated":true}]}}