{"id":175597,"date":"2023-10-09T19:59:53","date_gmt":"2023-10-09T16:59:53","guid":{"rendered":"https:\/\/espak.ee\/epood\/?post_type=product&#038;p=175597"},"modified":"2024-03-23T01:04:29","modified_gmt":"2024-03-22T23:04:29","slug":"saag-kokkupandav-fiskars-power-250mm","status":"publish","type":"product","link":"https:\/\/espak.ee\/epood\/toode\/saag-kokkupandav-fiskars-power-250mm\/","title":{"rendered":"SAAG KOKKUPANDAV FISKARS POWER 250MM"},"content":{"rendered":"<div class=\"row\"  id=\"row-599398437\">\n\n\t<div id=\"col-348973825\" class=\"col medium-9 small-12 large-9\"  >\n\t\t\t\t<div class=\"col-inner\"  >\n\t\t\t\n\t\t\t\n<h3>Kokkupandav saag Fiskars Pro Power Tooth<\/h3>\n<p>&#8211; Fiskarsi Pro Power Toothi kokkuvolditava t\u00f5mbesae saab pooleks voltida ja lukustada, et kaitsta tera ja suurendada ohutust<br \/>\n&#8211; Turvaline kokkuvoltimismehhanism hoiab \u00e4ra hammaste v\u00e4ljasolemise ja tera tahtmatu avamise, kui saagi ei kasutata<br \/>\n&#8211; Optimeeritud 13 TPI tera v\u00f5imaldab \u00fclimalt t\u00e4pseid ja kontrollitud l\u00f5ikeid pehmematel puitudel ning samuti \u00fcldiseid l\u00f5ikeid 2&#215;4, PVC ja muudel materjalidel<br \/>\n&#8211; Paindlik tera kiireteks ja lihtsateks tasapinnalisteks l\u00f5igeteks<br \/>\n&#8211; Teral on induktsioonkarastatud hambad, mis p\u00fcsivad teravad pikka aega<br \/>\n&#8211; Ergonoomilise kujuga k\u00e4epidemest on v\u00f5imalik kinni hoida mitut moodi \u2013 otsa l\u00e4hedalt paremaks l\u00f5ikeulatuseks ja tera l\u00e4hedalt suuremaks t\u00e4psuseks<br \/>\n&#8211; Konksuga ots tagab t\u00f5mbamisel kindla haarde<br \/>\n&#8211; K\u00e4epideme SoftGrip\u2122-i puutepunktidel on innovatiivne tekstuur, mis t\u00f5rjub niiskust, aitab \u00e4ra hoida villide teket ja v\u00f5imaldab libisemiskindlat haaret<br \/>\n&#8211; Paelaauk lihtsaks riputamiseks ja hoiustamiseks<br \/>\n&#8211; Saadaval varuterad (artikkel nr 1062943)<br \/>\n&#8211; Tera pikkus: 25 cm<\/p>\n<div class=\"is-divider divider clearfix\" ><\/div>\n<p>Fiskarsi Pro Power Toothi kokkuvolditav t\u00f5mbesaag on disainitud optimaalse j\u00f5udluse pakkumiseks, on \u00fclimalt ohutu ja selle saab pooleks voltida, kaitstes sedasi \u00fcliteravat tera. Turvaline lukustusmehhanism ei lase tera tahmatult avada ning tugev tera ja k\u00e4epideme \u00fchendus tagab ohutuse t\u00f6\u00f6kohal. Spetsiaalne tera v\u00f5imaldab t\u00e4pseid ja kontrollitud l\u00f5ikeid pehmematel puitudel ning samuti \u00fcldiseid l\u00f5ikeid 2&#215;4, PVC ja muudel materjalidel. \u00d5huke paindlik tera v\u00f5imaldab kiireid ja lihtsaid tasapinnalisi l\u00f5ikeid. Ergonoomilise kujuga k\u00e4epidemest on v\u00f5imalik kinni hoida mitut moodi \u2013 otsa l\u00e4hedalt maksimaalseks l\u00f5ikeulatuseks ja tera l\u00e4hedalt paremaks kontrollitavuseks. Konksuga ots tagab t\u00f5mbamisel kindla haarde. K\u00e4epideme SoftGrip\u2122-i puutepunktidel on innovatiivne tekstuur, mis t\u00f5rjub niiskust, aitab \u00e4ra hoida villide teket ja v\u00f5imaldab libisemiskindlat haaret. Saag on konstrueeritud maksimaalse vastupidavuse ja s\u00e4\u00e4stlikkuse pakkumiseks, sellel on tugev metallraam, induktsioonkarastatud hambad ja vahetatav tera.<\/p>\n\t\t<\/div>\n\t\t\t\t\t<\/div>\n\n\t\n\n\t<div id=\"col-1333112356\" class=\"col medium-3 small-12 large-3\"  >\n\t\t\t\t<div class=\"col-inner\"  >\n\t\t\t\n\t\t\t\n\t<div id=\"gap-1625082590\" class=\"gap-element clearfix\" style=\"display:block; height:auto;\">\n\t\t\n<style>\n#gap-1625082590 {\n  padding-top: 30px;\n}\n<\/style>\n\t<\/div>\n\t\n<div class=\"is-divider divider clearfix\" ><\/div>\n<p><strong>\u00dcksikasjalikuma n\u00f5u saamiseks v\u00f5tke \u00fchendust:<br \/><\/strong>LOODUS INVEST AS<br \/>Viljandi mnt. 18a<br \/>11216<br \/>Tallinn<br \/>+372 6722144<\/p>\n<div class=\"is-divider divider clearfix\" ><\/div>\n\t\t<\/div>\n\t\t\t\t\t<\/div>\n\n\t\n<\/div>\n","protected":false},"excerpt":{"rendered":"","protected":false},"featured_media":175882,"comment_status":"closed","ping_status":"closed","template":"","meta":[],"product_brand":[],"product_cat":[3361,2789,2788,3341],"product_tag":[],"class_list":{"0":"post-175597","1":"product","2":"type-product","3":"status-publish","4":"has-post-thumbnail","6":"product_cat-aiasaed","7":"product_cat-aiatarbed","8":"product_cat-aiatarbed-ja-kodukaubad","9":"product_cat-aiatooriistad","10":"pa_kaubamark-loodus-invest-as","12":"first","13":"instock","14":"sale","15":"taxable","16":"shipping-taxable","17":"purchasable","18":"product-type-simple"},"yoast_head":"<!-- This site is optimized with the Yoast SEO plugin v26.9 - https:\/\/yoast.com\/product\/yoast-seo-wordpress\/ -->\n<title>SAAG KOKKUPANDAV FISKARS POWER 250MM - Espak E-pood<\/title>\n<meta name=\"robots\" content=\"index, follow, max-snippet:-1, max-image-preview:large, max-video-preview:-1\" \/>\n<link rel=\"canonical\" href=\"https:\/\/espak.ee\/epood\/toode\/saag-kokkupandav-fiskars-power-250mm\/\" \/>\n<meta property=\"og:locale\" content=\"et_EE\" \/>\n<meta property=\"og:type\" content=\"article\" \/>\n<meta property=\"og:title\" content=\"SAAG KOKKUPANDAV FISKARS POWER 250MM - Espak E-pood\" \/>\n<meta property=\"og:url\" content=\"https:\/\/espak.ee\/epood\/toode\/saag-kokkupandav-fiskars-power-250mm\/\" \/>\n<meta property=\"og:site_name\" content=\"Espak E-pood\" \/>\n<meta property=\"article:modified_time\" content=\"2024-03-22T23:04:29+00:00\" \/>\n<meta property=\"og:image\" content=\"https:\/\/espak.ee\/epood\/wp-content\/uploads\/2023\/10\/pro-power-tooth-folding-pull-saw-25-cm-1062933_productimage.jpg\" \/>\n\t<meta property=\"og:image:width\" content=\"555\" \/>\n\t<meta property=\"og:image:height\" content=\"555\" \/>\n\t<meta property=\"og:image:type\" content=\"image\/jpeg\" \/>\n<meta name=\"twitter:card\" content=\"summary_large_image\" \/>\n<meta name=\"twitter:label1\" content=\"Est. reading time\" \/>\n\t<meta name=\"twitter:data1\" content=\"2 minutit\" \/>\n<script type=\"application\/ld+json\" class=\"yoast-schema-graph\">{\"@context\":\"https:\/\/schema.org\",\"@graph\":[{\"@type\":\"WebPage\",\"@id\":\"https:\/\/espak.ee\/epood\/toode\/saag-kokkupandav-fiskars-power-250mm\/\",\"url\":\"https:\/\/espak.ee\/epood\/toode\/saag-kokkupandav-fiskars-power-250mm\/\",\"name\":\"SAAG KOKKUPANDAV FISKARS POWER 250MM - Espak E-pood\",\"isPartOf\":{\"@id\":\"https:\/\/espak.ee\/epood\/#website\"},\"primaryImageOfPage\":{\"@id\":\"https:\/\/espak.ee\/epood\/toode\/saag-kokkupandav-fiskars-power-250mm\/#primaryimage\"},\"image\":{\"@id\":\"https:\/\/espak.ee\/epood\/toode\/saag-kokkupandav-fiskars-power-250mm\/#primaryimage\"},\"thumbnailUrl\":\"https:\/\/espak.ee\/epood\/wp-content\/uploads\/2023\/10\/pro-power-tooth-folding-pull-saw-25-cm-1062933_productimage.jpg\",\"datePublished\":\"2023-10-09T16:59:53+00:00\",\"dateModified\":\"2024-03-22T23:04:29+00:00\",\"breadcrumb\":{\"@id\":\"https:\/\/espak.ee\/epood\/toode\/saag-kokkupandav-fiskars-power-250mm\/#breadcrumb\"},\"inLanguage\":\"et\",\"potentialAction\":[{\"@type\":\"ReadAction\",\"target\":[\"https:\/\/espak.ee\/epood\/toode\/saag-kokkupandav-fiskars-power-250mm\/\"]}]},{\"@type\":\"ImageObject\",\"inLanguage\":\"et\",\"@id\":\"https:\/\/espak.ee\/epood\/toode\/saag-kokkupandav-fiskars-power-250mm\/#primaryimage\",\"url\":\"https:\/\/espak.ee\/epood\/wp-content\/uploads\/2023\/10\/pro-power-tooth-folding-pull-saw-25-cm-1062933_productimage.jpg\",\"contentUrl\":\"https:\/\/espak.ee\/epood\/wp-content\/uploads\/2023\/10\/pro-power-tooth-folding-pull-saw-25-cm-1062933_productimage.jpg\",\"width\":555,\"height\":555},{\"@type\":\"BreadcrumbList\",\"@id\":\"https:\/\/espak.ee\/epood\/toode\/saag-kokkupandav-fiskars-power-250mm\/#breadcrumb\",\"itemListElement\":[{\"@type\":\"ListItem\",\"position\":1,\"name\":\"Home\",\"item\":\"https:\/\/espak.ee\/epood\/\"},{\"@type\":\"ListItem\",\"position\":2,\"name\":\"Tootevalik\",\"item\":\"https:\/\/espak.ee\/epood\/tootevalik\/\"},{\"@type\":\"ListItem\",\"position\":3,\"name\":\"SAAG KOKKUPANDAV FISKARS POWER 250MM\"}]},{\"@type\":\"WebSite\",\"@id\":\"https:\/\/espak.ee\/epood\/#website\",\"url\":\"https:\/\/espak.ee\/epood\/\",\"name\":\"Espak E-pood\",\"description\":\"\",\"potentialAction\":[{\"@type\":\"SearchAction\",\"target\":{\"@type\":\"EntryPoint\",\"urlTemplate\":\"https:\/\/espak.ee\/epood\/?s={search_term_string}\"},\"query-input\":{\"@type\":\"PropertyValueSpecification\",\"valueRequired\":true,\"valueName\":\"search_term_string\"}}],\"inLanguage\":\"et\"}]}<\/script>\n<!-- \/ Yoast SEO plugin. -->","yoast_head_json":{"title":"SAAG KOKKUPANDAV FISKARS POWER 250MM - Espak E-pood","robots":{"index":"index","follow":"follow","max-snippet":"max-snippet:-1","max-image-preview":"max-image-preview:large","max-video-preview":"max-video-preview:-1"},"canonical":"https:\/\/espak.ee\/epood\/toode\/saag-kokkupandav-fiskars-power-250mm\/","og_locale":"et_EE","og_type":"article","og_title":"SAAG KOKKUPANDAV FISKARS POWER 250MM - Espak E-pood","og_url":"https:\/\/espak.ee\/epood\/toode\/saag-kokkupandav-fiskars-power-250mm\/","og_site_name":"Espak E-pood","article_modified_time":"2024-03-22T23:04:29+00:00","og_image":[{"width":555,"height":555,"url":"https:\/\/espak.ee\/epood\/wp-content\/uploads\/2023\/10\/pro-power-tooth-folding-pull-saw-25-cm-1062933_productimage.jpg","type":"image\/jpeg"}],"twitter_card":"summary_large_image","twitter_misc":{"Est. reading time":"2 minutit"},"schema":{"@context":"https:\/\/schema.org","@graph":[{"@type":"WebPage","@id":"https:\/\/espak.ee\/epood\/toode\/saag-kokkupandav-fiskars-power-250mm\/","url":"https:\/\/espak.ee\/epood\/toode\/saag-kokkupandav-fiskars-power-250mm\/","name":"SAAG KOKKUPANDAV FISKARS POWER 250MM - Espak E-pood","isPartOf":{"@id":"https:\/\/espak.ee\/epood\/#website"},"primaryImageOfPage":{"@id":"https:\/\/espak.ee\/epood\/toode\/saag-kokkupandav-fiskars-power-250mm\/#primaryimage"},"image":{"@id":"https:\/\/espak.ee\/epood\/toode\/saag-kokkupandav-fiskars-power-250mm\/#primaryimage"},"thumbnailUrl":"https:\/\/espak.ee\/epood\/wp-content\/uploads\/2023\/10\/pro-power-tooth-folding-pull-saw-25-cm-1062933_productimage.jpg","datePublished":"2023-10-09T16:59:53+00:00","dateModified":"2024-03-22T23:04:29+00:00","breadcrumb":{"@id":"https:\/\/espak.ee\/epood\/toode\/saag-kokkupandav-fiskars-power-250mm\/#breadcrumb"},"inLanguage":"et","potentialAction":[{"@type":"ReadAction","target":["https:\/\/espak.ee\/epood\/toode\/saag-kokkupandav-fiskars-power-250mm\/"]}]},{"@type":"ImageObject","inLanguage":"et","@id":"https:\/\/espak.ee\/epood\/toode\/saag-kokkupandav-fiskars-power-250mm\/#primaryimage","url":"https:\/\/espak.ee\/epood\/wp-content\/uploads\/2023\/10\/pro-power-tooth-folding-pull-saw-25-cm-1062933_productimage.jpg","contentUrl":"https:\/\/espak.ee\/epood\/wp-content\/uploads\/2023\/10\/pro-power-tooth-folding-pull-saw-25-cm-1062933_productimage.jpg","width":555,"height":555},{"@type":"BreadcrumbList","@id":"https:\/\/espak.ee\/epood\/toode\/saag-kokkupandav-fiskars-power-250mm\/#breadcrumb","itemListElement":[{"@type":"ListItem","position":1,"name":"Home","item":"https:\/\/espak.ee\/epood\/"},{"@type":"ListItem","position":2,"name":"Tootevalik","item":"https:\/\/espak.ee\/epood\/tootevalik\/"},{"@type":"ListItem","position":3,"name":"SAAG KOKKUPANDAV FISKARS POWER 250MM"}]},{"@type":"WebSite","@id":"https:\/\/espak.ee\/epood\/#website","url":"https:\/\/espak.ee\/epood\/","name":"Espak E-pood","description":"","potentialAction":[{"@type":"SearchAction","target":{"@type":"EntryPoint","urlTemplate":"https:\/\/espak.ee\/epood\/?s={search_term_string}"},"query-input":{"@type":"PropertyValueSpecification","valueRequired":true,"valueName":"search_term_string"}}],"inLanguage":"et"}]}},"_links":{"self":[{"href":"https:\/\/espak.ee\/epood\/wp-json\/wp\/v2\/product\/175597","targetHints":{"allow":["GET"]}}],"collection":[{"href":"https:\/\/espak.ee\/epood\/wp-json\/wp\/v2\/product"}],"about":[{"href":"https:\/\/espak.ee\/epood\/wp-json\/wp\/v2\/types\/product"}],"replies":[{"embeddable":true,"href":"https:\/\/espak.ee\/epood\/wp-json\/wp\/v2\/comments?post=175597"}],"wp:featuredmedia":[{"embeddable":true,"href":"https:\/\/espak.ee\/epood\/wp-json\/wp\/v2\/media\/175882"}],"wp:attachment":[{"href":"https:\/\/espak.ee\/epood\/wp-json\/wp\/v2\/media?parent=175597"}],"wp:term":[{"taxonomy":"product_brand","embeddable":true,"href":"https:\/\/espak.ee\/epood\/wp-json\/wp\/v2\/product_brand?post=175597"},{"taxonomy":"product_cat","embeddable":true,"href":"https:\/\/espak.ee\/epood\/wp-json\/wp\/v2\/product_cat?post=175597"},{"taxonomy":"product_tag","embeddable":true,"href":"https:\/\/espak.ee\/epood\/wp-json\/wp\/v2\/product_tag?post=175597"}],"curies":[{"name":"wp","href":"https:\/\/api.w.org\/{rel}","templated":true}]}}