{"id":17553,"date":"2020-03-31T03:26:55","date_gmt":"2020-03-31T00:26:55","guid":{"rendered":"https:\/\/espak.ee\/hinnakiri\/?post_type=product&#038;p=17553"},"modified":"2024-09-11T16:20:14","modified_gmt":"2024-09-11T13:20:14","slug":"c-kujulise-tilaga-valamusegisti-grohe-minta","status":"publish","type":"product","link":"https:\/\/espak.ee\/epood\/toode\/c-kujulise-tilaga-valamusegisti-grohe-minta\/","title":{"rendered":"C-KUJULISE TILAGA VALAMUSEGISTI GROHE MINTA"},"content":{"rendered":"<div class=\"row\"  id=\"row-1696790502\">\n\n\t<div id=\"col-408860901\" class=\"col medium-9 small-12 large-9\"  >\n\t\t\t\t<div class=\"col-inner\"  >\n\t\t\t\n\t\t\t\n<h2>C-kujulise tilaga valamusegisti Minta<\/h2>\n<p>K\u00f6\u00f6gisegisti GROHE Minta, p\u00f6\u00f6rdeulatus 0\u00b0\/150\u00b0\/360\u00b0, GROHE StarLight, C-kujuline tila<\/p>\n\t<div id=\"gap-1644664892\" class=\"gap-element clearfix\" style=\"display:block; height:auto;\">\n\t\t\n<style>\n#gap-1644664892 {\n  padding-top: 30px;\n}\n<\/style>\n\t<\/div>\n\t\n<h3>Kasutamise \u00fcksikasjad<\/h3>\n<p><strong>Toote kirjeldus:<\/strong> C-kujulise tilaga kraan lisab teie k\u00f6\u00f6ki k\u00fctkestava aktsendi. P\u00f5hjalikult disainitud kraan pakub v\u00f5rreldamatut mugavust. Sellel on reguleeritav p\u00f6\u00f6rderaadius 0\u00b0, 150\u00b0 v\u00f5i 360\u00b0, et saaksite tila \u00fchte asendisse lukustada v\u00f5i vabalt kaht valamukaussi vaheldumisi kasutada. T\u00e4nu k\u00f5rgele tilale saab ka k\u00f5rgeid potte lihtsasti t\u00e4ita. GROHE SilkMove&#8217;i tehnoloogia abil saab veetemperatuuri ja -voolu sujuvalt reguleerida. Lihtsa paigalduss\u00fcsteemi abil saate uue k\u00f6\u00f6gisegisti paika panna k\u00f5igest hetkega ja sellest saab teie k\u00f6\u00f6gi vapustav pilgup\u00fc\u00fcdja. GROHE StarLighti vastupidav kroompinna s\u00e4ra kestab k\u00f5igi pikkade kasutusaastate jooksul.<\/p>\n\t\t<\/div>\n\t\t\t\t\t<\/div>\n\n\t\n\n\t<div id=\"col-1425611577\" class=\"col medium-3 small-12 large-3\"  >\n\t\t\t\t<div class=\"col-inner\"  >\n\t\t\t\n\t\t\t\n\t<div id=\"gap-1972798955\" class=\"gap-element clearfix\" style=\"display:block; height:auto;\">\n\t\t\n<style>\n#gap-1972798955 {\n  padding-top: 30px;\n}\n<\/style>\n\t<\/div>\n\t\n<div class=\"is-divider divider clearfix\" ><\/div>\n<p><strong>\u00dcksikasjalikuma n\u00f5u saamiseks v\u00f5tke \u00fchendust:<br \/><\/strong>Grohe AG Eesti filiaal<br \/>Tartu mnt 16<br \/>10117<br \/>Tallinn<br \/>+372 6616354<\/p>\n<div class=\"is-divider divider clearfix\" ><\/div>\n\t\t<\/div>\n\t\t\t\t\t<\/div>\n\n\t\n<\/div>\n","protected":false},"excerpt":{"rendered":"","protected":false},"featured_media":28135,"comment_status":"closed","ping_status":"open","template":"","meta":[],"product_brand":[],"product_cat":[2826,2819,2820,2821],"product_tag":[],"class_list":{"0":"post-17553","1":"product","2":"type-product","3":"status-publish","4":"has-post-thumbnail","6":"product_cat-koogisegistid","7":"product_cat-sanitaartehnika","8":"product_cat-sanitaartehnika-sanitaartehnika","9":"product_cat-segistid","10":"pa_kaubamark-grohe-a-g","12":"first","13":"instock","14":"sale","15":"taxable","16":"shipping-taxable","17":"purchasable","18":"product-type-simple"},"yoast_head":"<!-- This site is optimized with the Yoast SEO plugin v26.9 - https:\/\/yoast.com\/product\/yoast-seo-wordpress\/ -->\n<title>C-KUJULISE TILAGA VALAMUSEGISTI GROHE MINTA - Espak E-pood<\/title>\n<meta name=\"robots\" content=\"index, follow, max-snippet:-1, max-image-preview:large, max-video-preview:-1\" \/>\n<link rel=\"canonical\" href=\"https:\/\/espak.ee\/epood\/toode\/c-kujulise-tilaga-valamusegisti-grohe-minta\/\" \/>\n<meta property=\"og:locale\" content=\"et_EE\" \/>\n<meta property=\"og:type\" content=\"article\" \/>\n<meta property=\"og:title\" content=\"C-KUJULISE TILAGA VALAMUSEGISTI GROHE MINTA - Espak E-pood\" \/>\n<meta property=\"og:url\" content=\"https:\/\/espak.ee\/epood\/toode\/c-kujulise-tilaga-valamusegisti-grohe-minta\/\" \/>\n<meta property=\"og:site_name\" content=\"Espak E-pood\" \/>\n<meta property=\"article:modified_time\" content=\"2024-09-11T13:20:14+00:00\" \/>\n<meta property=\"og:image\" content=\"https:\/\/espak.ee\/epood\/wp-content\/uploads\/32917000.jpg\" \/>\n\t<meta property=\"og:image:width\" content=\"2048\" \/>\n\t<meta property=\"og:image:height\" content=\"2048\" \/>\n\t<meta property=\"og:image:type\" content=\"image\/jpeg\" \/>\n<meta name=\"twitter:card\" content=\"summary_large_image\" \/>\n<meta name=\"twitter:label1\" content=\"Est. reading time\" \/>\n\t<meta name=\"twitter:data1\" content=\"1 minut\" \/>\n<script type=\"application\/ld+json\" class=\"yoast-schema-graph\">{\"@context\":\"https:\/\/schema.org\",\"@graph\":[{\"@type\":\"WebPage\",\"@id\":\"https:\/\/espak.ee\/epood\/toode\/c-kujulise-tilaga-valamusegisti-grohe-minta\/\",\"url\":\"https:\/\/espak.ee\/epood\/toode\/c-kujulise-tilaga-valamusegisti-grohe-minta\/\",\"name\":\"C-KUJULISE TILAGA VALAMUSEGISTI GROHE MINTA - Espak E-pood\",\"isPartOf\":{\"@id\":\"https:\/\/espak.ee\/epood\/#website\"},\"primaryImageOfPage\":{\"@id\":\"https:\/\/espak.ee\/epood\/toode\/c-kujulise-tilaga-valamusegisti-grohe-minta\/#primaryimage\"},\"image\":{\"@id\":\"https:\/\/espak.ee\/epood\/toode\/c-kujulise-tilaga-valamusegisti-grohe-minta\/#primaryimage\"},\"thumbnailUrl\":\"https:\/\/espak.ee\/epood\/wp-content\/uploads\/32917000.jpg\",\"datePublished\":\"2020-03-31T00:26:55+00:00\",\"dateModified\":\"2024-09-11T13:20:14+00:00\",\"breadcrumb\":{\"@id\":\"https:\/\/espak.ee\/epood\/toode\/c-kujulise-tilaga-valamusegisti-grohe-minta\/#breadcrumb\"},\"inLanguage\":\"et\",\"potentialAction\":[{\"@type\":\"ReadAction\",\"target\":[\"https:\/\/espak.ee\/epood\/toode\/c-kujulise-tilaga-valamusegisti-grohe-minta\/\"]}]},{\"@type\":\"ImageObject\",\"inLanguage\":\"et\",\"@id\":\"https:\/\/espak.ee\/epood\/toode\/c-kujulise-tilaga-valamusegisti-grohe-minta\/#primaryimage\",\"url\":\"https:\/\/espak.ee\/epood\/wp-content\/uploads\/32917000.jpg\",\"contentUrl\":\"https:\/\/espak.ee\/epood\/wp-content\/uploads\/32917000.jpg\",\"width\":2048,\"height\":2048},{\"@type\":\"BreadcrumbList\",\"@id\":\"https:\/\/espak.ee\/epood\/toode\/c-kujulise-tilaga-valamusegisti-grohe-minta\/#breadcrumb\",\"itemListElement\":[{\"@type\":\"ListItem\",\"position\":1,\"name\":\"Home\",\"item\":\"https:\/\/espak.ee\/epood\/\"},{\"@type\":\"ListItem\",\"position\":2,\"name\":\"Tootevalik\",\"item\":\"https:\/\/espak.ee\/epood\/tootevalik\/\"},{\"@type\":\"ListItem\",\"position\":3,\"name\":\"C-KUJULISE TILAGA VALAMUSEGISTI GROHE MINTA\"}]},{\"@type\":\"WebSite\",\"@id\":\"https:\/\/espak.ee\/epood\/#website\",\"url\":\"https:\/\/espak.ee\/epood\/\",\"name\":\"Espak E-pood\",\"description\":\"\",\"potentialAction\":[{\"@type\":\"SearchAction\",\"target\":{\"@type\":\"EntryPoint\",\"urlTemplate\":\"https:\/\/espak.ee\/epood\/?s={search_term_string}\"},\"query-input\":{\"@type\":\"PropertyValueSpecification\",\"valueRequired\":true,\"valueName\":\"search_term_string\"}}],\"inLanguage\":\"et\"}]}<\/script>\n<!-- \/ Yoast SEO plugin. -->","yoast_head_json":{"title":"C-KUJULISE TILAGA VALAMUSEGISTI GROHE MINTA - Espak E-pood","robots":{"index":"index","follow":"follow","max-snippet":"max-snippet:-1","max-image-preview":"max-image-preview:large","max-video-preview":"max-video-preview:-1"},"canonical":"https:\/\/espak.ee\/epood\/toode\/c-kujulise-tilaga-valamusegisti-grohe-minta\/","og_locale":"et_EE","og_type":"article","og_title":"C-KUJULISE TILAGA VALAMUSEGISTI GROHE MINTA - Espak E-pood","og_url":"https:\/\/espak.ee\/epood\/toode\/c-kujulise-tilaga-valamusegisti-grohe-minta\/","og_site_name":"Espak E-pood","article_modified_time":"2024-09-11T13:20:14+00:00","og_image":[{"width":2048,"height":2048,"url":"https:\/\/espak.ee\/epood\/wp-content\/uploads\/32917000.jpg","type":"image\/jpeg"}],"twitter_card":"summary_large_image","twitter_misc":{"Est. reading time":"1 minut"},"schema":{"@context":"https:\/\/schema.org","@graph":[{"@type":"WebPage","@id":"https:\/\/espak.ee\/epood\/toode\/c-kujulise-tilaga-valamusegisti-grohe-minta\/","url":"https:\/\/espak.ee\/epood\/toode\/c-kujulise-tilaga-valamusegisti-grohe-minta\/","name":"C-KUJULISE TILAGA VALAMUSEGISTI GROHE MINTA - Espak E-pood","isPartOf":{"@id":"https:\/\/espak.ee\/epood\/#website"},"primaryImageOfPage":{"@id":"https:\/\/espak.ee\/epood\/toode\/c-kujulise-tilaga-valamusegisti-grohe-minta\/#primaryimage"},"image":{"@id":"https:\/\/espak.ee\/epood\/toode\/c-kujulise-tilaga-valamusegisti-grohe-minta\/#primaryimage"},"thumbnailUrl":"https:\/\/espak.ee\/epood\/wp-content\/uploads\/32917000.jpg","datePublished":"2020-03-31T00:26:55+00:00","dateModified":"2024-09-11T13:20:14+00:00","breadcrumb":{"@id":"https:\/\/espak.ee\/epood\/toode\/c-kujulise-tilaga-valamusegisti-grohe-minta\/#breadcrumb"},"inLanguage":"et","potentialAction":[{"@type":"ReadAction","target":["https:\/\/espak.ee\/epood\/toode\/c-kujulise-tilaga-valamusegisti-grohe-minta\/"]}]},{"@type":"ImageObject","inLanguage":"et","@id":"https:\/\/espak.ee\/epood\/toode\/c-kujulise-tilaga-valamusegisti-grohe-minta\/#primaryimage","url":"https:\/\/espak.ee\/epood\/wp-content\/uploads\/32917000.jpg","contentUrl":"https:\/\/espak.ee\/epood\/wp-content\/uploads\/32917000.jpg","width":2048,"height":2048},{"@type":"BreadcrumbList","@id":"https:\/\/espak.ee\/epood\/toode\/c-kujulise-tilaga-valamusegisti-grohe-minta\/#breadcrumb","itemListElement":[{"@type":"ListItem","position":1,"name":"Home","item":"https:\/\/espak.ee\/epood\/"},{"@type":"ListItem","position":2,"name":"Tootevalik","item":"https:\/\/espak.ee\/epood\/tootevalik\/"},{"@type":"ListItem","position":3,"name":"C-KUJULISE TILAGA VALAMUSEGISTI GROHE MINTA"}]},{"@type":"WebSite","@id":"https:\/\/espak.ee\/epood\/#website","url":"https:\/\/espak.ee\/epood\/","name":"Espak E-pood","description":"","potentialAction":[{"@type":"SearchAction","target":{"@type":"EntryPoint","urlTemplate":"https:\/\/espak.ee\/epood\/?s={search_term_string}"},"query-input":{"@type":"PropertyValueSpecification","valueRequired":true,"valueName":"search_term_string"}}],"inLanguage":"et"}]}},"_links":{"self":[{"href":"https:\/\/espak.ee\/epood\/wp-json\/wp\/v2\/product\/17553","targetHints":{"allow":["GET"]}}],"collection":[{"href":"https:\/\/espak.ee\/epood\/wp-json\/wp\/v2\/product"}],"about":[{"href":"https:\/\/espak.ee\/epood\/wp-json\/wp\/v2\/types\/product"}],"replies":[{"embeddable":true,"href":"https:\/\/espak.ee\/epood\/wp-json\/wp\/v2\/comments?post=17553"}],"wp:featuredmedia":[{"embeddable":true,"href":"https:\/\/espak.ee\/epood\/wp-json\/wp\/v2\/media\/28135"}],"wp:attachment":[{"href":"https:\/\/espak.ee\/epood\/wp-json\/wp\/v2\/media?parent=17553"}],"wp:term":[{"taxonomy":"product_brand","embeddable":true,"href":"https:\/\/espak.ee\/epood\/wp-json\/wp\/v2\/product_brand?post=17553"},{"taxonomy":"product_cat","embeddable":true,"href":"https:\/\/espak.ee\/epood\/wp-json\/wp\/v2\/product_cat?post=17553"},{"taxonomy":"product_tag","embeddable":true,"href":"https:\/\/espak.ee\/epood\/wp-json\/wp\/v2\/product_tag?post=17553"}],"curies":[{"name":"wp","href":"https:\/\/api.w.org\/{rel}","templated":true}]}}