{"id":17543,"date":"2020-03-31T03:26:52","date_gmt":"2020-03-31T00:26:52","guid":{"rendered":"https:\/\/espak.ee\/hinnakiri\/?post_type=product&#038;p=17543"},"modified":"2025-08-05T15:26:05","modified_gmt":"2025-08-05T12:26:05","slug":"kaitseprillid-gamma-varvitu","status":"publish","type":"product","link":"https:\/\/espak.ee\/epood\/toode\/kaitseprillid-gamma-varvitu\/","title":{"rendered":"KAITSEPRILLID GAMMA V\u00c4RVITU"},"content":{"rendered":"<div class=\"row\"  id=\"row-307742038\">\n\n\t<div id=\"col-1957774372\" class=\"col medium-9 small-12 large-9\"  >\n\t\t\t\t<div class=\"col-inner\"  >\n\t\t\t\n\t\t\t\n<h2>Lux Optical Gamma kaitseprillid v\u00e4rvitu<\/h2>\n<p>LUX OPTICAL GAMMA kaitseprillid.<br \/>\n Pol\u00fckarbonaadist klaasid (2,5 mm) on ka k\u00fclgedel, et kaitsta silmi igas suunas. Sangadel on pikkuse ja nurga reguleerimisomadus, t\u00e4nu millele sobivad kaitseprillid erinevate n\u00e4okujudega. Kriimustuskindlad klaasid omavad l\u00f6\u00f6gikaitset ja kuumusekaitset (-5\u00b0C kuni 55\u00b0C (+\/- 2\u00b0C)).<\/p>\n<p>Lux Optical Gamma kaitseprillid vastavad standardile EN 170 \u2013 kaitse ultavioletse radiatsiooni vastu. Tumeda l\u00e4\u00e4tsega prillid omavad standardit EN 172 \u2013 omab p\u00e4ikesekaitsefiltreid t\u00f6\u00f6stuslikuks kasutamiseks. EN 166 \u2013 garanteeritud minimaalne vastupidavus igap\u00e4eva riskidele, sh. prillide mahapillamine, vananemine valguse k\u00e4es, vastupidavus kuumusele ja korrosioonile.<\/p>\n<p>&#8211; EN 170<br \/>\n&#8211; EN 172<br \/>\n&#8211; EN 166: 2001<br \/>\n&#8211; Pol\u00fckarbonaatklaasid 2,5mm<br \/>\n&#8211; Reguleeritava pikkuse ja nurgaga sangad<br \/>\n&#8211; 38 grammi<br \/>\n&#8211; Klaas kaitseb ka k\u00fclgedel\n<\/p>\n\t\t<\/div>\n\t\t\t\t\t<\/div>\n\n\t\n\n\t<div id=\"col-506618630\" class=\"col medium-3 small-12 large-3\"  >\n\t\t\t\t<div class=\"col-inner\"  >\n\t\t\t\n\t\t\t\n\t<div id=\"gap-82411019\" class=\"gap-element clearfix\" style=\"display:block; height:auto;\">\n\t\t\n<style>\n#gap-82411019 {\n  padding-top: 30px;\n}\n<\/style>\n\t<\/div>\n\t\n<div class=\"is-divider divider clearfix\" ><\/div>\n<p><strong>\u00dcksikasjalikuma n\u00f5u saamiseks v\u00f5tke \u00fchendust:<br \/><\/strong>Becky AS<br \/>Laki 30A \/ Kadaka tee 129<br \/>12915<br \/>Tallinn<br \/>+372 670 6880<\/p>\n<div class=\"is-divider divider clearfix\" ><\/div>\n\t\t<\/div>\n\t\t\t\t\t<\/div>\n\n\t\n<\/div>\n","protected":false},"excerpt":{"rendered":"","protected":false},"featured_media":118328,"comment_status":"closed","ping_status":"closed","template":"","meta":[],"product_brand":[],"product_cat":[2788,2973,2974,2972],"product_tag":[],"class_list":{"0":"post-17543","1":"product","2":"type-product","3":"status-publish","4":"has-post-thumbnail","6":"product_cat-aiatarbed-ja-kodukaubad","7":"product_cat-isikukaitsevahendid","8":"product_cat-kaitseprillid","9":"product_cat-tookaitsevahendid","10":"pa_kaubamark-becky-as","12":"first","13":"instock","14":"sale","15":"taxable","16":"shipping-taxable","17":"purchasable","18":"product-type-simple"},"yoast_head":"<!-- This site is optimized with the Yoast SEO plugin v26.9 - https:\/\/yoast.com\/product\/yoast-seo-wordpress\/ -->\n<title>KAITSEPRILLID GAMMA V\u00c4RVITU - Espak E-pood<\/title>\n<meta name=\"robots\" content=\"index, follow, max-snippet:-1, max-image-preview:large, max-video-preview:-1\" \/>\n<link rel=\"canonical\" href=\"https:\/\/espak.ee\/epood\/toode\/kaitseprillid-gamma-varvitu\/\" \/>\n<meta property=\"og:locale\" content=\"et_EE\" \/>\n<meta property=\"og:type\" content=\"article\" \/>\n<meta property=\"og:title\" content=\"KAITSEPRILLID GAMMA V\u00c4RVITU - Espak E-pood\" \/>\n<meta property=\"og:url\" content=\"https:\/\/espak.ee\/epood\/toode\/kaitseprillid-gamma-varvitu\/\" \/>\n<meta property=\"og:site_name\" content=\"Espak E-pood\" \/>\n<meta property=\"article:modified_time\" content=\"2025-08-05T12:26:05+00:00\" \/>\n<meta property=\"og:image\" content=\"https:\/\/espak.ee\/epood\/wp-content\/uploads\/2020\/03\/Lux-Optical-6GAM-GAMMA-kaitseprillid-labipaistev.jpg\" \/>\n\t<meta property=\"og:image:width\" content=\"800\" \/>\n\t<meta property=\"og:image:height\" content=\"800\" \/>\n\t<meta property=\"og:image:type\" content=\"image\/jpeg\" \/>\n<meta name=\"twitter:card\" content=\"summary_large_image\" \/>\n<meta name=\"twitter:label1\" content=\"Est. reading time\" \/>\n\t<meta name=\"twitter:data1\" content=\"1 minut\" \/>\n<script type=\"application\/ld+json\" class=\"yoast-schema-graph\">{\"@context\":\"https:\/\/schema.org\",\"@graph\":[{\"@type\":\"WebPage\",\"@id\":\"https:\/\/espak.ee\/epood\/toode\/kaitseprillid-gamma-varvitu\/\",\"url\":\"https:\/\/espak.ee\/epood\/toode\/kaitseprillid-gamma-varvitu\/\",\"name\":\"KAITSEPRILLID GAMMA V\u00c4RVITU - Espak E-pood\",\"isPartOf\":{\"@id\":\"https:\/\/espak.ee\/epood\/#website\"},\"primaryImageOfPage\":{\"@id\":\"https:\/\/espak.ee\/epood\/toode\/kaitseprillid-gamma-varvitu\/#primaryimage\"},\"image\":{\"@id\":\"https:\/\/espak.ee\/epood\/toode\/kaitseprillid-gamma-varvitu\/#primaryimage\"},\"thumbnailUrl\":\"https:\/\/espak.ee\/epood\/wp-content\/uploads\/2020\/03\/Lux-Optical-6GAM-GAMMA-kaitseprillid-labipaistev.jpg\",\"datePublished\":\"2020-03-31T00:26:52+00:00\",\"dateModified\":\"2025-08-05T12:26:05+00:00\",\"breadcrumb\":{\"@id\":\"https:\/\/espak.ee\/epood\/toode\/kaitseprillid-gamma-varvitu\/#breadcrumb\"},\"inLanguage\":\"et\",\"potentialAction\":[{\"@type\":\"ReadAction\",\"target\":[\"https:\/\/espak.ee\/epood\/toode\/kaitseprillid-gamma-varvitu\/\"]}]},{\"@type\":\"ImageObject\",\"inLanguage\":\"et\",\"@id\":\"https:\/\/espak.ee\/epood\/toode\/kaitseprillid-gamma-varvitu\/#primaryimage\",\"url\":\"https:\/\/espak.ee\/epood\/wp-content\/uploads\/2020\/03\/Lux-Optical-6GAM-GAMMA-kaitseprillid-labipaistev.jpg\",\"contentUrl\":\"https:\/\/espak.ee\/epood\/wp-content\/uploads\/2020\/03\/Lux-Optical-6GAM-GAMMA-kaitseprillid-labipaistev.jpg\",\"width\":800,\"height\":800},{\"@type\":\"BreadcrumbList\",\"@id\":\"https:\/\/espak.ee\/epood\/toode\/kaitseprillid-gamma-varvitu\/#breadcrumb\",\"itemListElement\":[{\"@type\":\"ListItem\",\"position\":1,\"name\":\"Home\",\"item\":\"https:\/\/espak.ee\/epood\/\"},{\"@type\":\"ListItem\",\"position\":2,\"name\":\"Tootevalik\",\"item\":\"https:\/\/espak.ee\/epood\/tootevalik\/\"},{\"@type\":\"ListItem\",\"position\":3,\"name\":\"KAITSEPRILLID GAMMA V\u00c4RVITU\"}]},{\"@type\":\"WebSite\",\"@id\":\"https:\/\/espak.ee\/epood\/#website\",\"url\":\"https:\/\/espak.ee\/epood\/\",\"name\":\"Espak E-pood\",\"description\":\"\",\"potentialAction\":[{\"@type\":\"SearchAction\",\"target\":{\"@type\":\"EntryPoint\",\"urlTemplate\":\"https:\/\/espak.ee\/epood\/?s={search_term_string}\"},\"query-input\":{\"@type\":\"PropertyValueSpecification\",\"valueRequired\":true,\"valueName\":\"search_term_string\"}}],\"inLanguage\":\"et\"}]}<\/script>\n<!-- \/ Yoast SEO plugin. -->","yoast_head_json":{"title":"KAITSEPRILLID GAMMA V\u00c4RVITU - Espak E-pood","robots":{"index":"index","follow":"follow","max-snippet":"max-snippet:-1","max-image-preview":"max-image-preview:large","max-video-preview":"max-video-preview:-1"},"canonical":"https:\/\/espak.ee\/epood\/toode\/kaitseprillid-gamma-varvitu\/","og_locale":"et_EE","og_type":"article","og_title":"KAITSEPRILLID GAMMA V\u00c4RVITU - Espak E-pood","og_url":"https:\/\/espak.ee\/epood\/toode\/kaitseprillid-gamma-varvitu\/","og_site_name":"Espak E-pood","article_modified_time":"2025-08-05T12:26:05+00:00","og_image":[{"width":800,"height":800,"url":"https:\/\/espak.ee\/epood\/wp-content\/uploads\/2020\/03\/Lux-Optical-6GAM-GAMMA-kaitseprillid-labipaistev.jpg","type":"image\/jpeg"}],"twitter_card":"summary_large_image","twitter_misc":{"Est. reading time":"1 minut"},"schema":{"@context":"https:\/\/schema.org","@graph":[{"@type":"WebPage","@id":"https:\/\/espak.ee\/epood\/toode\/kaitseprillid-gamma-varvitu\/","url":"https:\/\/espak.ee\/epood\/toode\/kaitseprillid-gamma-varvitu\/","name":"KAITSEPRILLID GAMMA V\u00c4RVITU - Espak E-pood","isPartOf":{"@id":"https:\/\/espak.ee\/epood\/#website"},"primaryImageOfPage":{"@id":"https:\/\/espak.ee\/epood\/toode\/kaitseprillid-gamma-varvitu\/#primaryimage"},"image":{"@id":"https:\/\/espak.ee\/epood\/toode\/kaitseprillid-gamma-varvitu\/#primaryimage"},"thumbnailUrl":"https:\/\/espak.ee\/epood\/wp-content\/uploads\/2020\/03\/Lux-Optical-6GAM-GAMMA-kaitseprillid-labipaistev.jpg","datePublished":"2020-03-31T00:26:52+00:00","dateModified":"2025-08-05T12:26:05+00:00","breadcrumb":{"@id":"https:\/\/espak.ee\/epood\/toode\/kaitseprillid-gamma-varvitu\/#breadcrumb"},"inLanguage":"et","potentialAction":[{"@type":"ReadAction","target":["https:\/\/espak.ee\/epood\/toode\/kaitseprillid-gamma-varvitu\/"]}]},{"@type":"ImageObject","inLanguage":"et","@id":"https:\/\/espak.ee\/epood\/toode\/kaitseprillid-gamma-varvitu\/#primaryimage","url":"https:\/\/espak.ee\/epood\/wp-content\/uploads\/2020\/03\/Lux-Optical-6GAM-GAMMA-kaitseprillid-labipaistev.jpg","contentUrl":"https:\/\/espak.ee\/epood\/wp-content\/uploads\/2020\/03\/Lux-Optical-6GAM-GAMMA-kaitseprillid-labipaistev.jpg","width":800,"height":800},{"@type":"BreadcrumbList","@id":"https:\/\/espak.ee\/epood\/toode\/kaitseprillid-gamma-varvitu\/#breadcrumb","itemListElement":[{"@type":"ListItem","position":1,"name":"Home","item":"https:\/\/espak.ee\/epood\/"},{"@type":"ListItem","position":2,"name":"Tootevalik","item":"https:\/\/espak.ee\/epood\/tootevalik\/"},{"@type":"ListItem","position":3,"name":"KAITSEPRILLID GAMMA V\u00c4RVITU"}]},{"@type":"WebSite","@id":"https:\/\/espak.ee\/epood\/#website","url":"https:\/\/espak.ee\/epood\/","name":"Espak E-pood","description":"","potentialAction":[{"@type":"SearchAction","target":{"@type":"EntryPoint","urlTemplate":"https:\/\/espak.ee\/epood\/?s={search_term_string}"},"query-input":{"@type":"PropertyValueSpecification","valueRequired":true,"valueName":"search_term_string"}}],"inLanguage":"et"}]}},"_links":{"self":[{"href":"https:\/\/espak.ee\/epood\/wp-json\/wp\/v2\/product\/17543","targetHints":{"allow":["GET"]}}],"collection":[{"href":"https:\/\/espak.ee\/epood\/wp-json\/wp\/v2\/product"}],"about":[{"href":"https:\/\/espak.ee\/epood\/wp-json\/wp\/v2\/types\/product"}],"replies":[{"embeddable":true,"href":"https:\/\/espak.ee\/epood\/wp-json\/wp\/v2\/comments?post=17543"}],"wp:featuredmedia":[{"embeddable":true,"href":"https:\/\/espak.ee\/epood\/wp-json\/wp\/v2\/media\/118328"}],"wp:attachment":[{"href":"https:\/\/espak.ee\/epood\/wp-json\/wp\/v2\/media?parent=17543"}],"wp:term":[{"taxonomy":"product_brand","embeddable":true,"href":"https:\/\/espak.ee\/epood\/wp-json\/wp\/v2\/product_brand?post=17543"},{"taxonomy":"product_cat","embeddable":true,"href":"https:\/\/espak.ee\/epood\/wp-json\/wp\/v2\/product_cat?post=17543"},{"taxonomy":"product_tag","embeddable":true,"href":"https:\/\/espak.ee\/epood\/wp-json\/wp\/v2\/product_tag?post=17543"}],"curies":[{"name":"wp","href":"https:\/\/api.w.org\/{rel}","templated":true}]}}