{"id":175309,"date":"2023-10-07T11:06:40","date_gmt":"2023-10-07T08:06:40","guid":{"rendered":"https:\/\/espak.ee\/epood\/?post_type=product&#038;p=175309"},"modified":"2025-05-14T15:29:17","modified_gmt":"2025-05-14T12:29:17","slug":"pistikupesa-1-ne-suvistatav-maandusega-ip44-jung-as-1520-ww-valge","status":"publish","type":"product","link":"https:\/\/espak.ee\/epood\/toode\/pistikupesa-1-ne-suvistatav-maandusega-ip44-jung-as-1520-ww-valge\/","title":{"rendered":"PISTIKUPESA 1-NE S\u00dcVISTATAV, MAANDUSEGA IP44 JUNG AS 1520 WW VALGE"},"content":{"rendered":"<div class=\"row\"  id=\"row-657515462\">\n\n\t<div id=\"col-1331714817\" class=\"col medium-9 small-12 large-9\"  >\n\t\t\t\t<div class=\"col-inner\"  >\n\t\t\t\n\t\t\t\n<h3>Pistikupesa 1-ne JUNG AS 1520 KL valge IP44<\/h3>\n<p>Mudel: Kaitsekontakt<br \/>\n\u00dchenduse liik: Pistiku klamber<br \/>\nV\u00e4rvus: Valge<br \/>\nEritoiteahel: Spetsiaalse toiteta<br \/>\nPaigaldusviis: S\u00fcvistatud (kips)<br \/>\nKinnitusviis: Paigaldus sakkide ja kruviga<br \/>\nMaterjal: Plast<br \/>\nMaterjal: Duroplast<br \/>\nPinna liik: L\u00e4ikiv<br \/>\nNimivool: 16 A<br \/>\nNimipinge: 250 V<br \/>\nSobib vastava kaitseastme (IP) korral: IP44<br \/>\nLaius: 55 mm<br \/>\nK\u00f5rgus: 55 mm<br \/>\nAktiivklemmide arv (\u00fcmarad): 2<br \/>\n\u00dchikute arv: 1<br \/>\nFaaside arv: 1<br \/>\nRAL-number (akin): 9016<br \/>\nKaitsekontakt: Jah<br \/>\nHingedega luugiga: Jah<br \/>\nHalogeenivaba: Jah<br \/>\nSeadme s\u00fcgavus: 29.5 mm<\/p>\n\t\t<\/div>\n\t\t\t\t\t<\/div>\n\n\t\n\n\t<div id=\"col-1536219496\" class=\"col medium-3 small-12 large-3\"  >\n\t\t\t\t<div class=\"col-inner\"  >\n\t\t\t\n\t\t\t\n\t<div id=\"gap-1250409595\" class=\"gap-element clearfix\" style=\"display:block; height:auto;\">\n\t\t\n<style>\n#gap-1250409595 {\n  padding-top: 30px;\n}\n<\/style>\n\t<\/div>\n\t\n<p><strong>\u00dcksikasjalikuma n\u00f5u saamiseks v\u00f5tke \u00fchendust:<br \/><\/strong>W.EG. Eesti O\u00dc<br \/>Valukoja 5<br \/>11415<br \/>Tallinn<br \/>+372 671 1900<\/p>\n\t\t<\/div>\n\t\t\t\t\t<\/div>\n\n\t\n<\/div>\n","protected":false},"excerpt":{"rendered":"","protected":false},"featured_media":175538,"comment_status":"closed","ping_status":"closed","template":"","meta":[],"product_brand":[],"product_cat":[2935,2934,3224,3226],"product_tag":[],"class_list":{"0":"post-175309","1":"product","2":"type-product","3":"status-publish","4":"has-post-thumbnail","6":"product_cat-elektrikaubad","7":"product_cat-elektrikaubad-ja-valgustid","8":"product_cat-lulitid-ja-pistikupesad","9":"product_cat-pistikupesad","10":"pa_kaubamark-w-e-g-eesti-ou","12":"first","13":"instock","14":"sale","15":"taxable","16":"shipping-taxable","17":"purchasable","18":"product-type-simple"},"yoast_head":"<!-- This site is optimized with the Yoast SEO plugin v26.9 - https:\/\/yoast.com\/product\/yoast-seo-wordpress\/ -->\n<title>PISTIKUPESA 1-NE S\u00dcVISTATAV, MAANDUSEGA IP44 JUNG AS 1520 WW VALGE - Espak E-pood<\/title>\n<meta name=\"robots\" content=\"index, follow, max-snippet:-1, max-image-preview:large, max-video-preview:-1\" \/>\n<link rel=\"canonical\" href=\"https:\/\/espak.ee\/epood\/toode\/pistikupesa-1-ne-suvistatav-maandusega-ip44-jung-as-1520-ww-valge\/\" \/>\n<meta property=\"og:locale\" content=\"et_EE\" \/>\n<meta property=\"og:type\" content=\"article\" \/>\n<meta property=\"og:title\" content=\"PISTIKUPESA 1-NE S\u00dcVISTATAV, MAANDUSEGA IP44 JUNG AS 1520 WW VALGE - Espak E-pood\" \/>\n<meta property=\"og:url\" content=\"https:\/\/espak.ee\/epood\/toode\/pistikupesa-1-ne-suvistatav-maandusega-ip44-jung-as-1520-ww-valge\/\" \/>\n<meta property=\"og:site_name\" content=\"Espak E-pood\" \/>\n<meta property=\"article:modified_time\" content=\"2025-05-14T12:29:17+00:00\" \/>\n<meta property=\"og:image\" content=\"https:\/\/espak.ee\/epood\/wp-content\/uploads\/2023\/10\/pim-110641.png\" \/>\n\t<meta property=\"og:image:width\" content=\"800\" \/>\n\t<meta property=\"og:image:height\" content=\"800\" \/>\n\t<meta property=\"og:image:type\" content=\"image\/png\" \/>\n<meta name=\"twitter:card\" content=\"summary_large_image\" \/>\n<script type=\"application\/ld+json\" class=\"yoast-schema-graph\">{\"@context\":\"https:\/\/schema.org\",\"@graph\":[{\"@type\":\"WebPage\",\"@id\":\"https:\/\/espak.ee\/epood\/toode\/pistikupesa-1-ne-suvistatav-maandusega-ip44-jung-as-1520-ww-valge\/\",\"url\":\"https:\/\/espak.ee\/epood\/toode\/pistikupesa-1-ne-suvistatav-maandusega-ip44-jung-as-1520-ww-valge\/\",\"name\":\"PISTIKUPESA 1-NE S\u00dcVISTATAV, MAANDUSEGA IP44 JUNG AS 1520 WW VALGE - Espak E-pood\",\"isPartOf\":{\"@id\":\"https:\/\/espak.ee\/epood\/#website\"},\"primaryImageOfPage\":{\"@id\":\"https:\/\/espak.ee\/epood\/toode\/pistikupesa-1-ne-suvistatav-maandusega-ip44-jung-as-1520-ww-valge\/#primaryimage\"},\"image\":{\"@id\":\"https:\/\/espak.ee\/epood\/toode\/pistikupesa-1-ne-suvistatav-maandusega-ip44-jung-as-1520-ww-valge\/#primaryimage\"},\"thumbnailUrl\":\"https:\/\/espak.ee\/epood\/wp-content\/uploads\/2023\/10\/pim-110641.png\",\"datePublished\":\"2023-10-07T08:06:40+00:00\",\"dateModified\":\"2025-05-14T12:29:17+00:00\",\"breadcrumb\":{\"@id\":\"https:\/\/espak.ee\/epood\/toode\/pistikupesa-1-ne-suvistatav-maandusega-ip44-jung-as-1520-ww-valge\/#breadcrumb\"},\"inLanguage\":\"et\",\"potentialAction\":[{\"@type\":\"ReadAction\",\"target\":[\"https:\/\/espak.ee\/epood\/toode\/pistikupesa-1-ne-suvistatav-maandusega-ip44-jung-as-1520-ww-valge\/\"]}]},{\"@type\":\"ImageObject\",\"inLanguage\":\"et\",\"@id\":\"https:\/\/espak.ee\/epood\/toode\/pistikupesa-1-ne-suvistatav-maandusega-ip44-jung-as-1520-ww-valge\/#primaryimage\",\"url\":\"https:\/\/espak.ee\/epood\/wp-content\/uploads\/2023\/10\/pim-110641.png\",\"contentUrl\":\"https:\/\/espak.ee\/epood\/wp-content\/uploads\/2023\/10\/pim-110641.png\",\"width\":800,\"height\":800},{\"@type\":\"BreadcrumbList\",\"@id\":\"https:\/\/espak.ee\/epood\/toode\/pistikupesa-1-ne-suvistatav-maandusega-ip44-jung-as-1520-ww-valge\/#breadcrumb\",\"itemListElement\":[{\"@type\":\"ListItem\",\"position\":1,\"name\":\"Home\",\"item\":\"https:\/\/espak.ee\/epood\/\"},{\"@type\":\"ListItem\",\"position\":2,\"name\":\"Tootevalik\",\"item\":\"https:\/\/espak.ee\/epood\/tootevalik\/\"},{\"@type\":\"ListItem\",\"position\":3,\"name\":\"PISTIKUPESA 1-NE S\u00dcVISTATAV, MAANDUSEGA IP44 JUNG AS 1520 WW VALGE\"}]},{\"@type\":\"WebSite\",\"@id\":\"https:\/\/espak.ee\/epood\/#website\",\"url\":\"https:\/\/espak.ee\/epood\/\",\"name\":\"Espak E-pood\",\"description\":\"\",\"potentialAction\":[{\"@type\":\"SearchAction\",\"target\":{\"@type\":\"EntryPoint\",\"urlTemplate\":\"https:\/\/espak.ee\/epood\/?s={search_term_string}\"},\"query-input\":{\"@type\":\"PropertyValueSpecification\",\"valueRequired\":true,\"valueName\":\"search_term_string\"}}],\"inLanguage\":\"et\"}]}<\/script>\n<!-- \/ Yoast SEO plugin. -->","yoast_head_json":{"title":"PISTIKUPESA 1-NE S\u00dcVISTATAV, MAANDUSEGA IP44 JUNG AS 1520 WW VALGE - Espak E-pood","robots":{"index":"index","follow":"follow","max-snippet":"max-snippet:-1","max-image-preview":"max-image-preview:large","max-video-preview":"max-video-preview:-1"},"canonical":"https:\/\/espak.ee\/epood\/toode\/pistikupesa-1-ne-suvistatav-maandusega-ip44-jung-as-1520-ww-valge\/","og_locale":"et_EE","og_type":"article","og_title":"PISTIKUPESA 1-NE S\u00dcVISTATAV, MAANDUSEGA IP44 JUNG AS 1520 WW VALGE - Espak E-pood","og_url":"https:\/\/espak.ee\/epood\/toode\/pistikupesa-1-ne-suvistatav-maandusega-ip44-jung-as-1520-ww-valge\/","og_site_name":"Espak E-pood","article_modified_time":"2025-05-14T12:29:17+00:00","og_image":[{"width":800,"height":800,"url":"https:\/\/espak.ee\/epood\/wp-content\/uploads\/2023\/10\/pim-110641.png","type":"image\/png"}],"twitter_card":"summary_large_image","schema":{"@context":"https:\/\/schema.org","@graph":[{"@type":"WebPage","@id":"https:\/\/espak.ee\/epood\/toode\/pistikupesa-1-ne-suvistatav-maandusega-ip44-jung-as-1520-ww-valge\/","url":"https:\/\/espak.ee\/epood\/toode\/pistikupesa-1-ne-suvistatav-maandusega-ip44-jung-as-1520-ww-valge\/","name":"PISTIKUPESA 1-NE S\u00dcVISTATAV, MAANDUSEGA IP44 JUNG AS 1520 WW VALGE - Espak E-pood","isPartOf":{"@id":"https:\/\/espak.ee\/epood\/#website"},"primaryImageOfPage":{"@id":"https:\/\/espak.ee\/epood\/toode\/pistikupesa-1-ne-suvistatav-maandusega-ip44-jung-as-1520-ww-valge\/#primaryimage"},"image":{"@id":"https:\/\/espak.ee\/epood\/toode\/pistikupesa-1-ne-suvistatav-maandusega-ip44-jung-as-1520-ww-valge\/#primaryimage"},"thumbnailUrl":"https:\/\/espak.ee\/epood\/wp-content\/uploads\/2023\/10\/pim-110641.png","datePublished":"2023-10-07T08:06:40+00:00","dateModified":"2025-05-14T12:29:17+00:00","breadcrumb":{"@id":"https:\/\/espak.ee\/epood\/toode\/pistikupesa-1-ne-suvistatav-maandusega-ip44-jung-as-1520-ww-valge\/#breadcrumb"},"inLanguage":"et","potentialAction":[{"@type":"ReadAction","target":["https:\/\/espak.ee\/epood\/toode\/pistikupesa-1-ne-suvistatav-maandusega-ip44-jung-as-1520-ww-valge\/"]}]},{"@type":"ImageObject","inLanguage":"et","@id":"https:\/\/espak.ee\/epood\/toode\/pistikupesa-1-ne-suvistatav-maandusega-ip44-jung-as-1520-ww-valge\/#primaryimage","url":"https:\/\/espak.ee\/epood\/wp-content\/uploads\/2023\/10\/pim-110641.png","contentUrl":"https:\/\/espak.ee\/epood\/wp-content\/uploads\/2023\/10\/pim-110641.png","width":800,"height":800},{"@type":"BreadcrumbList","@id":"https:\/\/espak.ee\/epood\/toode\/pistikupesa-1-ne-suvistatav-maandusega-ip44-jung-as-1520-ww-valge\/#breadcrumb","itemListElement":[{"@type":"ListItem","position":1,"name":"Home","item":"https:\/\/espak.ee\/epood\/"},{"@type":"ListItem","position":2,"name":"Tootevalik","item":"https:\/\/espak.ee\/epood\/tootevalik\/"},{"@type":"ListItem","position":3,"name":"PISTIKUPESA 1-NE S\u00dcVISTATAV, MAANDUSEGA IP44 JUNG AS 1520 WW VALGE"}]},{"@type":"WebSite","@id":"https:\/\/espak.ee\/epood\/#website","url":"https:\/\/espak.ee\/epood\/","name":"Espak E-pood","description":"","potentialAction":[{"@type":"SearchAction","target":{"@type":"EntryPoint","urlTemplate":"https:\/\/espak.ee\/epood\/?s={search_term_string}"},"query-input":{"@type":"PropertyValueSpecification","valueRequired":true,"valueName":"search_term_string"}}],"inLanguage":"et"}]}},"_links":{"self":[{"href":"https:\/\/espak.ee\/epood\/wp-json\/wp\/v2\/product\/175309","targetHints":{"allow":["GET"]}}],"collection":[{"href":"https:\/\/espak.ee\/epood\/wp-json\/wp\/v2\/product"}],"about":[{"href":"https:\/\/espak.ee\/epood\/wp-json\/wp\/v2\/types\/product"}],"replies":[{"embeddable":true,"href":"https:\/\/espak.ee\/epood\/wp-json\/wp\/v2\/comments?post=175309"}],"wp:featuredmedia":[{"embeddable":true,"href":"https:\/\/espak.ee\/epood\/wp-json\/wp\/v2\/media\/175538"}],"wp:attachment":[{"href":"https:\/\/espak.ee\/epood\/wp-json\/wp\/v2\/media?parent=175309"}],"wp:term":[{"taxonomy":"product_brand","embeddable":true,"href":"https:\/\/espak.ee\/epood\/wp-json\/wp\/v2\/product_brand?post=175309"},{"taxonomy":"product_cat","embeddable":true,"href":"https:\/\/espak.ee\/epood\/wp-json\/wp\/v2\/product_cat?post=175309"},{"taxonomy":"product_tag","embeddable":true,"href":"https:\/\/espak.ee\/epood\/wp-json\/wp\/v2\/product_tag?post=175309"}],"curies":[{"name":"wp","href":"https:\/\/api.w.org\/{rel}","templated":true}]}}