{"id":174848,"date":"2023-09-29T17:36:04","date_gmt":"2023-09-29T14:36:04","guid":{"rendered":"https:\/\/espak.ee\/epood\/?post_type=product&#038;p=174848"},"modified":"2025-09-30T10:19:36","modified_gmt":"2025-09-30T07:19:36","slug":"elastne-vuugisegu-ceresit-ce-60-39-pergamon-2kg","status":"publish","type":"product","link":"https:\/\/espak.ee\/epood\/toode\/elastne-vuugisegu-ceresit-ce-60-39-pergamon-2kg\/","title":{"rendered":"ELASTNE VUUGISEGU CERESIT CE-60 39 PERGAMON 2KG"},"content":{"rendered":"<div class=\"row\"  id=\"row-1654057658\">\n\n\t<div id=\"col-760506647\" class=\"col medium-9 small-12 large-9\"  >\n\t\t\t\t<div class=\"col-inner\"  >\n\t\t\t\n\t\t\t\n<h2>Elastne vuugisegu Ceresit CE-60 39 Pergamon 2kg<\/h2>\n<p>\u00dchekomponentne kasutusvalmis pol\u00fcmeeribaasil vuugit\u00e4ide kuni 6 mm laiuste vuukide jaoks.<\/p>\n<div class=\"message-box relative\" style=\"padding-top:15px;padding-bottom:15px;\"><div class=\"message-box-bg-image bg-fill fill\" ><\/div><div class=\"message-box-bg-overlay bg-fill fill\" ><\/div><div class=\"container relative\"><div class=\"inner last-reset\">\n<div class=\"row align-middle align-center\"  id=\"row-1828548879\">\n\n\t<div id=\"col-1356454864\" class=\"col small-12 large-12\"  >\n\t\t\t\t<div class=\"col-inner text-left\"  >\n\t\t\t\n\t\t\t\n<h4>Omadused<\/h4>\n<div class=\"row\"  id=\"row-887699544\">\n\n\t<div id=\"col-676117682\" class=\"col medium-6 small-12 large-6\"  >\n\t\t\t\t<div class=\"col-inner\"  >\n\t\t\t\n\t\t\t\n<p><i class=\"fa fa-check fa-2x\"><\/i> <strong> Koheselt kasutusvalmis vuugisegu<\/strong><\/p>\n<p><i class=\"fa fa-check fa-2x\"><\/i> <strong> V\u00e4rvistabiilsus 100%<\/strong><\/p>\n<p><i class=\"fa fa-check fa-2x\"><\/i> <strong> V\u00e4ga suur m\u00e4\u00e4rdumiskindlus<\/strong><\/p>\n\t\t<\/div>\n\t\t\t\t\n<style>\n#col-676117682 > .col-inner {\n  margin: 0px 0px 15px 0px;\n}\n<\/style>\n\t<\/div>\n\n\t\n\n\t<div id=\"col-2725178\" class=\"col medium-6 small-12 large-6\"  >\n\t\t\t\t<div class=\"col-inner\"  >\n\t\t\t\n\t\t\t\n<p><i class=\"fa fa-check fa-2x\"><\/i> <strong> Pesemine ja profileerimine koheselt peale vuugisegu pealekandmist, maksimaalselt 10 minuti jooksul<\/strong><\/p>\n<p><i class=\"fa fa-check fa-2x\"><\/i> <strong> Sobib kasutamiseks siseruumides, sealhulgas p\u00f5randak\u00fctte jaoks<\/strong><\/p>\n\t\t<\/div>\n\t\t\t\t\n<style>\n#col-2725178 > .col-inner {\n  margin: 0px 0px 15px 0px;\n}\n<\/style>\n\t<\/div>\n\n\t\n<\/div>\n\t\t<\/div>\n\t\t\t\t\t<\/div>\n\n\t\n<\/div>\n<\/div><\/div><\/div>\n\t<div id=\"gap-2073958605\" class=\"gap-element clearfix\" style=\"display:block; height:auto;\">\n\t\t\n<style>\n#gap-2073958605 {\n  padding-top: 30px;\n}\n<\/style>\n\t<\/div>\n\t\n<p>Ceresit CE 60 on k\u00f5rgekvaliteetne kasutusvalmis vuugisegu kuni 6 mm vuukidele. T\u00e4nu \u00fchekomponentse pol\u00fcmeeri baasil p\u00f5hinevale koostisele on CE 60 kasutamine \u00fclilihtne. CE 60 vuugisegu pesemine ja profileerimine tuleb teostada koheselt peale vuugisegu pealekandmist, maksimaalselt 10 minuti jooksul.<\/p>\n<p>CE 60 sobib ideaalselt erinevate plaatidega \u2013 mosaiikplaatidest kuni suurem\u00f5\u00f5tmeliste plaatideni. T\u00e4nu toote suurele elastsusele saab seda kasutada horisontaalsetel ja vertikaalsetel pindadel mis tahes siseruumides, n\u00e4iteks vannitoas v\u00f5i k\u00f6\u00f6gis. Keraamiliste-, t\u00e4ismass-, portselan-, kivi-, mosaiik -v\u00f5i looduskiviplaatidele \u2013 CE 60 on suurep\u00e4rane valik peaaegu iga materjali jaoks.<\/p>\n<p>T\u00e4nu innovaatilisele koostisele tagab CE 60 vuugisegu suurep\u00e4rase v\u00e4limuse ja vastupidavuse. Toote 100% v\u00e4rvistabiilsus, suur kulumiskindlus ja \u00fclim plekikindlus muudavad Ceresit CE 60 ideaalseks valikuks kaasaegsete kauakestvate disainilahenduste jaoks.<\/p>\n\t\t<\/div>\n\t\t\t\t\t<\/div>\n\n\t\n\n\t<div id=\"col-1098884965\" class=\"col medium-3 small-12 large-3\"  >\n\t\t\t\t<div class=\"col-inner\"  >\n\t\t\t\n\t\t\t\n\t<div id=\"gap-1445778710\" class=\"gap-element clearfix\" style=\"display:block; height:auto;\">\n\t\t\n<style>\n#gap-1445778710 {\n  padding-top: 30px;\n}\n<\/style>\n\t<\/div>\n\t\n<h3>Tehniline informatsioon<\/h3>\n<p><a href=\"https:\/\/espak.ee\/epood\/wp-content\/uploads\/2023\/11\/tds-ee-Ceresit-CE-kasutusvalmis-vuugisegu-2kg-new.pdf\"target=\"_blank\" rel=\"noopener noreferrer\"><i class=\"far fa-file-pdf\"><\/i> Tehniline info (PDF)<\/a><\/p>\n<div class=\"is-divider divider clearfix\" ><\/div>\n<p><strong>\u00dcksikasjalikuma n\u00f5u saamiseks v\u00f5tke \u00fchendust:<br \/><\/strong>Henkel Balti<br \/>S\u00f5bra 56 B<br \/>51013<br \/>Tartu<br \/>+ 372 7305800<\/p>\n<div class=\"is-divider divider clearfix\" ><\/div>\n\t\t<\/div>\n\t\t\t\t\t<\/div>\n\n\t\n<\/div>\n","protected":false},"excerpt":{"rendered":"","protected":false},"featured_media":182534,"comment_status":"closed","ping_status":"closed","template":"","meta":[],"product_brand":[],"product_cat":[2698,2805,2697,2807],"product_tag":[],"class_list":{"0":"post-174848","1":"product","2":"type-product","3":"status-publish","4":"has-post-thumbnail","6":"product_cat-pahtlid-ja-kuivsegud","7":"product_cat-plaatimissegud","8":"product_cat-uldehitus","9":"product_cat-vuugisegud","10":"pa_kaubamark-henkel-balti-ou","12":"first","13":"outofstock","14":"sale","15":"taxable","16":"shipping-taxable","17":"purchasable","18":"product-type-simple"},"yoast_head":"<!-- This site is optimized with the Yoast SEO plugin v26.9 - https:\/\/yoast.com\/product\/yoast-seo-wordpress\/ -->\n<title>ELASTNE VUUGISEGU CERESIT CE-60 39 PERGAMON 2KG - Espak E-pood<\/title>\n<meta name=\"robots\" content=\"index, follow, max-snippet:-1, max-image-preview:large, max-video-preview:-1\" \/>\n<link rel=\"canonical\" href=\"https:\/\/espak.ee\/epood\/toode\/elastne-vuugisegu-ceresit-ce-60-39-pergamon-2kg\/\" \/>\n<meta property=\"og:locale\" content=\"et_EE\" \/>\n<meta property=\"og:type\" content=\"article\" \/>\n<meta property=\"og:title\" content=\"ELASTNE VUUGISEGU CERESIT CE-60 39 PERGAMON 2KG - Espak E-pood\" \/>\n<meta property=\"og:url\" content=\"https:\/\/espak.ee\/epood\/toode\/elastne-vuugisegu-ceresit-ce-60-39-pergamon-2kg\/\" \/>\n<meta property=\"og:site_name\" content=\"Espak E-pood\" \/>\n<meta property=\"article:modified_time\" content=\"2025-09-30T07:19:36+00:00\" \/>\n<meta property=\"og:image\" content=\"https:\/\/espak.ee\/epood\/wp-content\/uploads\/2023\/11\/BAL-Ceresit-CE60-packshot-scaled.webp\" \/>\n\t<meta property=\"og:image:width\" content=\"2048\" \/>\n\t<meta property=\"og:image:height\" content=\"2048\" \/>\n\t<meta property=\"og:image:type\" content=\"image\/webp\" \/>\n<meta name=\"twitter:card\" content=\"summary_large_image\" \/>\n<meta name=\"twitter:label1\" content=\"Est. reading time\" \/>\n\t<meta name=\"twitter:data1\" content=\"1 minut\" \/>\n<script type=\"application\/ld+json\" class=\"yoast-schema-graph\">{\"@context\":\"https:\/\/schema.org\",\"@graph\":[{\"@type\":\"WebPage\",\"@id\":\"https:\/\/espak.ee\/epood\/toode\/elastne-vuugisegu-ceresit-ce-60-39-pergamon-2kg\/\",\"url\":\"https:\/\/espak.ee\/epood\/toode\/elastne-vuugisegu-ceresit-ce-60-39-pergamon-2kg\/\",\"name\":\"ELASTNE VUUGISEGU CERESIT CE-60 39 PERGAMON 2KG - Espak E-pood\",\"isPartOf\":{\"@id\":\"https:\/\/espak.ee\/epood\/#website\"},\"primaryImageOfPage\":{\"@id\":\"https:\/\/espak.ee\/epood\/toode\/elastne-vuugisegu-ceresit-ce-60-39-pergamon-2kg\/#primaryimage\"},\"image\":{\"@id\":\"https:\/\/espak.ee\/epood\/toode\/elastne-vuugisegu-ceresit-ce-60-39-pergamon-2kg\/#primaryimage\"},\"thumbnailUrl\":\"https:\/\/espak.ee\/epood\/wp-content\/uploads\/2023\/11\/BAL-Ceresit-CE60-packshot-scaled.webp\",\"datePublished\":\"2023-09-29T14:36:04+00:00\",\"dateModified\":\"2025-09-30T07:19:36+00:00\",\"breadcrumb\":{\"@id\":\"https:\/\/espak.ee\/epood\/toode\/elastne-vuugisegu-ceresit-ce-60-39-pergamon-2kg\/#breadcrumb\"},\"inLanguage\":\"et\",\"potentialAction\":[{\"@type\":\"ReadAction\",\"target\":[\"https:\/\/espak.ee\/epood\/toode\/elastne-vuugisegu-ceresit-ce-60-39-pergamon-2kg\/\"]}]},{\"@type\":\"ImageObject\",\"inLanguage\":\"et\",\"@id\":\"https:\/\/espak.ee\/epood\/toode\/elastne-vuugisegu-ceresit-ce-60-39-pergamon-2kg\/#primaryimage\",\"url\":\"https:\/\/espak.ee\/epood\/wp-content\/uploads\/2023\/11\/BAL-Ceresit-CE60-packshot-scaled.webp\",\"contentUrl\":\"https:\/\/espak.ee\/epood\/wp-content\/uploads\/2023\/11\/BAL-Ceresit-CE60-packshot-scaled.webp\",\"width\":2048,\"height\":2048},{\"@type\":\"BreadcrumbList\",\"@id\":\"https:\/\/espak.ee\/epood\/toode\/elastne-vuugisegu-ceresit-ce-60-39-pergamon-2kg\/#breadcrumb\",\"itemListElement\":[{\"@type\":\"ListItem\",\"position\":1,\"name\":\"Home\",\"item\":\"https:\/\/espak.ee\/epood\/\"},{\"@type\":\"ListItem\",\"position\":2,\"name\":\"Tootevalik\",\"item\":\"https:\/\/espak.ee\/epood\/tootevalik\/\"},{\"@type\":\"ListItem\",\"position\":3,\"name\":\"ELASTNE VUUGISEGU CERESIT CE-60 39 PERGAMON 2KG\"}]},{\"@type\":\"WebSite\",\"@id\":\"https:\/\/espak.ee\/epood\/#website\",\"url\":\"https:\/\/espak.ee\/epood\/\",\"name\":\"Espak E-pood\",\"description\":\"\",\"potentialAction\":[{\"@type\":\"SearchAction\",\"target\":{\"@type\":\"EntryPoint\",\"urlTemplate\":\"https:\/\/espak.ee\/epood\/?s={search_term_string}\"},\"query-input\":{\"@type\":\"PropertyValueSpecification\",\"valueRequired\":true,\"valueName\":\"search_term_string\"}}],\"inLanguage\":\"et\"}]}<\/script>\n<!-- \/ Yoast SEO plugin. -->","yoast_head_json":{"title":"ELASTNE VUUGISEGU CERESIT CE-60 39 PERGAMON 2KG - Espak E-pood","robots":{"index":"index","follow":"follow","max-snippet":"max-snippet:-1","max-image-preview":"max-image-preview:large","max-video-preview":"max-video-preview:-1"},"canonical":"https:\/\/espak.ee\/epood\/toode\/elastne-vuugisegu-ceresit-ce-60-39-pergamon-2kg\/","og_locale":"et_EE","og_type":"article","og_title":"ELASTNE VUUGISEGU CERESIT CE-60 39 PERGAMON 2KG - Espak E-pood","og_url":"https:\/\/espak.ee\/epood\/toode\/elastne-vuugisegu-ceresit-ce-60-39-pergamon-2kg\/","og_site_name":"Espak E-pood","article_modified_time":"2025-09-30T07:19:36+00:00","og_image":[{"width":2048,"height":2048,"url":"https:\/\/espak.ee\/epood\/wp-content\/uploads\/2023\/11\/BAL-Ceresit-CE60-packshot-scaled.webp","type":"image\/webp"}],"twitter_card":"summary_large_image","twitter_misc":{"Est. reading time":"1 minut"},"schema":{"@context":"https:\/\/schema.org","@graph":[{"@type":"WebPage","@id":"https:\/\/espak.ee\/epood\/toode\/elastne-vuugisegu-ceresit-ce-60-39-pergamon-2kg\/","url":"https:\/\/espak.ee\/epood\/toode\/elastne-vuugisegu-ceresit-ce-60-39-pergamon-2kg\/","name":"ELASTNE VUUGISEGU CERESIT CE-60 39 PERGAMON 2KG - Espak E-pood","isPartOf":{"@id":"https:\/\/espak.ee\/epood\/#website"},"primaryImageOfPage":{"@id":"https:\/\/espak.ee\/epood\/toode\/elastne-vuugisegu-ceresit-ce-60-39-pergamon-2kg\/#primaryimage"},"image":{"@id":"https:\/\/espak.ee\/epood\/toode\/elastne-vuugisegu-ceresit-ce-60-39-pergamon-2kg\/#primaryimage"},"thumbnailUrl":"https:\/\/espak.ee\/epood\/wp-content\/uploads\/2023\/11\/BAL-Ceresit-CE60-packshot-scaled.webp","datePublished":"2023-09-29T14:36:04+00:00","dateModified":"2025-09-30T07:19:36+00:00","breadcrumb":{"@id":"https:\/\/espak.ee\/epood\/toode\/elastne-vuugisegu-ceresit-ce-60-39-pergamon-2kg\/#breadcrumb"},"inLanguage":"et","potentialAction":[{"@type":"ReadAction","target":["https:\/\/espak.ee\/epood\/toode\/elastne-vuugisegu-ceresit-ce-60-39-pergamon-2kg\/"]}]},{"@type":"ImageObject","inLanguage":"et","@id":"https:\/\/espak.ee\/epood\/toode\/elastne-vuugisegu-ceresit-ce-60-39-pergamon-2kg\/#primaryimage","url":"https:\/\/espak.ee\/epood\/wp-content\/uploads\/2023\/11\/BAL-Ceresit-CE60-packshot-scaled.webp","contentUrl":"https:\/\/espak.ee\/epood\/wp-content\/uploads\/2023\/11\/BAL-Ceresit-CE60-packshot-scaled.webp","width":2048,"height":2048},{"@type":"BreadcrumbList","@id":"https:\/\/espak.ee\/epood\/toode\/elastne-vuugisegu-ceresit-ce-60-39-pergamon-2kg\/#breadcrumb","itemListElement":[{"@type":"ListItem","position":1,"name":"Home","item":"https:\/\/espak.ee\/epood\/"},{"@type":"ListItem","position":2,"name":"Tootevalik","item":"https:\/\/espak.ee\/epood\/tootevalik\/"},{"@type":"ListItem","position":3,"name":"ELASTNE VUUGISEGU CERESIT CE-60 39 PERGAMON 2KG"}]},{"@type":"WebSite","@id":"https:\/\/espak.ee\/epood\/#website","url":"https:\/\/espak.ee\/epood\/","name":"Espak E-pood","description":"","potentialAction":[{"@type":"SearchAction","target":{"@type":"EntryPoint","urlTemplate":"https:\/\/espak.ee\/epood\/?s={search_term_string}"},"query-input":{"@type":"PropertyValueSpecification","valueRequired":true,"valueName":"search_term_string"}}],"inLanguage":"et"}]}},"_links":{"self":[{"href":"https:\/\/espak.ee\/epood\/wp-json\/wp\/v2\/product\/174848","targetHints":{"allow":["GET"]}}],"collection":[{"href":"https:\/\/espak.ee\/epood\/wp-json\/wp\/v2\/product"}],"about":[{"href":"https:\/\/espak.ee\/epood\/wp-json\/wp\/v2\/types\/product"}],"replies":[{"embeddable":true,"href":"https:\/\/espak.ee\/epood\/wp-json\/wp\/v2\/comments?post=174848"}],"wp:featuredmedia":[{"embeddable":true,"href":"https:\/\/espak.ee\/epood\/wp-json\/wp\/v2\/media\/182534"}],"wp:attachment":[{"href":"https:\/\/espak.ee\/epood\/wp-json\/wp\/v2\/media?parent=174848"}],"wp:term":[{"taxonomy":"product_brand","embeddable":true,"href":"https:\/\/espak.ee\/epood\/wp-json\/wp\/v2\/product_brand?post=174848"},{"taxonomy":"product_cat","embeddable":true,"href":"https:\/\/espak.ee\/epood\/wp-json\/wp\/v2\/product_cat?post=174848"},{"taxonomy":"product_tag","embeddable":true,"href":"https:\/\/espak.ee\/epood\/wp-json\/wp\/v2\/product_tag?post=174848"}],"curies":[{"name":"wp","href":"https:\/\/api.w.org\/{rel}","templated":true}]}}