{"id":174692,"date":"2023-09-28T17:12:34","date_gmt":"2023-09-28T14:12:34","guid":{"rendered":"https:\/\/espak.ee\/epood\/?post_type=product&#038;p=174692"},"modified":"2026-04-06T14:53:11","modified_gmt":"2026-04-06T11:53:11","slug":"akutolmuimeja-makita-dcl284fzb","status":"publish","type":"product","link":"https:\/\/espak.ee\/epood\/toode\/akutolmuimeja-makita-dcl284fzb\/","title":{"rendered":"AKUTOLMUIMEJA MAKITA DCL284FZB"},"content":{"rendered":"<div class=\"row\"  id=\"row-2051965576\">\n\n\t<div id=\"col-541441417\" class=\"col medium-9 small-12 large-9\"  >\n\t\t\t\t<div class=\"col-inner\"  >\n\t\t\t\n\t\t\t\n<h3>Akutolmuimeja Makita<\/h3>\n<p>Suure v\u00f5imsusega juhtmeta varstolmuimeja, mis t\u00f6\u00f6tab 18 V LXT akuga. Tolmuimejat juhitakse kahe nupuga: \u00fcks on imemisv\u00f5imsuse re\u017eiimide muutmiseks, teine \u200b\u200bon tolmuimeja sisse- v\u00e4ljal\u00fclitamiseks. Rohelised indikaatorid nuppude k\u00f5rval n\u00e4itavad imemisv\u00f5imsuse hetke re\u017eiimi. Kergesti t\u00fchjendatav tolmukogumismahuti. Tolmuimeja v\u00e4ljat\u00f5mbe\u00f5hu vooluteede \u00fcmberkorraldamisega v\u00e4hendati t\u00f5husalt v\u00e4ljuva \u00f5hu tekitatud m\u00fcra.<br \/>\nTolmuimejal on harjadeta mootor.\n<\/p>\n<div class=\"message-box relative\" style=\"padding-top:15px;padding-bottom:15px;\"><div class=\"message-box-bg-image bg-fill fill\" ><\/div><div class=\"message-box-bg-overlay bg-fill fill\" ><\/div><div class=\"container relative\"><div class=\"inner last-reset\">\n<div class=\"row align-middle align-center\"  id=\"row-1518215961\">\n\n\t<div id=\"col-208663000\" class=\"col small-12 large-12\"  >\n\t\t\t\t<div class=\"col-inner text-left\"  >\n\t\t\t\n\t\t\t\n<h4>Omadused<\/h4>\n<div class=\"row\"  id=\"row-29245119\">\n\n\t<div id=\"col-991912132\" class=\"col medium-6 small-12 large-6\"  >\n\t\t\t\t<div class=\"col-inner\"  >\n\t\t\t\n\t\t\t\n<p><i class=\"far fa-check-circle fa-2x\"><\/i><strong>\u00a0Aku kaitses\u00fcsteem kaitseb akut \u00fclekoormuse, \u00fclet\u00fchjenemise ja \u00fclekuumenemise eest<\/strong><\/p>\n\t\t<\/div>\n\t\t\t\t\n<style>\n#col-991912132 > .col-inner {\n  margin: 0px 0px 15px 0px;\n}\n<\/style>\n\t<\/div>\n\n\t\n\n\t<div id=\"col-248267033\" class=\"col medium-6 small-12 large-6\"  >\n\t\t\t\t<div class=\"col-inner\"  >\n\t\t\t\n\t\t\t\n<p><i class=\"far fa-check-circle fa-2x\"><\/i><strong>\u00a0Ergonoomiliselt pehme k\u00e4epide suurendab kasutusmugavust<\/strong><\/p>\n\t\t<\/div>\n\t\t\t\t\n<style>\n#col-248267033 > .col-inner {\n  margin: 0px 0px 15px 0px;\n}\n<\/style>\n\t<\/div>\n\n\t\n<\/div>\n\t\t<\/div>\n\t\t\t\t\t<\/div>\n\n\t\n<\/div>\n<\/div><\/div><\/div>\n\t<div id=\"gap-1728530497\" class=\"gap-element clearfix\" style=\"display:block; height:auto;\">\n\t\t\n<style>\n#gap-1728530497 {\n  padding-top: 30px;\n}\n<\/style>\n\t<\/div>\n\t\n<p><strong>Aku ja laadijata mudel<\/strong> \u2013 tarnitakse ilma akuta ja laadimisseadmeta.<\/p>\n\t\t<\/div>\n\t\t\t\t\t<\/div>\n\n\t\n\n\t<div id=\"col-1769774408\" class=\"col medium-3 small-12 large-3\"  >\n\t\t\t\t<div class=\"col-inner\"  >\n\t\t\t\n\t\t\t\n\t<div id=\"gap-879318822\" class=\"gap-element clearfix\" style=\"display:block; height:auto;\">\n\t\t\n<style>\n#gap-879318822 {\n  padding-top: 30px;\n}\n<\/style>\n\t<\/div>\n\t\n<h3>Kasutusjuhend<\/h3>\n<p><a href=\"https:\/\/espak.ee\/epood\/wp-content\/uploads\/2023\/09\/DCL284F.pdf\"target=\"_blank\" rel=\"noopener noreferrer\"><i class=\"far fa-file-pdf\"><\/i> Kasutusjuhend (PDF)<\/a><\/p>\n<div class=\"is-divider divider clearfix\" ><\/div>\n<p><strong>\u00dcksikasjalikuma n\u00f5u saamiseks v\u00f5tke \u00fchendust:<br \/><\/strong>Espak AS<br \/>Viadukti 42<br \/>11313<br \/>Tallinn<br \/> T\u00f6\u00f6riista osakond +372 6512 335<br \/><a href=\"mailto:tooriist@espak.ee\">tooriist@espak.ee<\/a><\/p>\n\t\t<\/div>\n\t\t\t\t\t<\/div>\n\n\t\n<\/div>\n","protected":false},"excerpt":{"rendered":"","protected":false},"featured_media":174727,"comment_status":"closed","ping_status":"closed","template":"","meta":[],"product_brand":[],"product_cat":[2757,2733,2680,2679],"product_tag":[],"class_list":{"0":"post-174692","1":"product","2":"type-product","3":"status-publish","4":"has-post-thumbnail","6":"product_cat-akutolmuimejad","7":"product_cat-akutooriistad","8":"product_cat-elektritooriistad","9":"product_cat-tooriistad","10":"pa_kaubamark-makita","12":"first","13":"instock","14":"sale","15":"taxable","16":"shipping-taxable","17":"purchasable","18":"product-type-simple"},"yoast_head":"<!-- This site is optimized with the Yoast SEO plugin v26.9 - https:\/\/yoast.com\/product\/yoast-seo-wordpress\/ -->\n<title>AKUTOLMUIMEJA MAKITA DCL284FZB - Espak E-pood<\/title>\n<meta name=\"robots\" content=\"index, follow, max-snippet:-1, max-image-preview:large, max-video-preview:-1\" \/>\n<link rel=\"canonical\" href=\"https:\/\/espak.ee\/epood\/toode\/akutolmuimeja-makita-dcl284fzb\/\" \/>\n<meta property=\"og:locale\" content=\"et_EE\" \/>\n<meta property=\"og:type\" content=\"article\" \/>\n<meta property=\"og:title\" content=\"AKUTOLMUIMEJA MAKITA DCL284FZB - Espak E-pood\" \/>\n<meta property=\"og:url\" content=\"https:\/\/espak.ee\/epood\/toode\/akutolmuimeja-makita-dcl284fzb\/\" \/>\n<meta property=\"og:site_name\" content=\"Espak E-pood\" \/>\n<meta property=\"article:modified_time\" content=\"2026-04-06T11:53:11+00:00\" \/>\n<meta property=\"og:image\" content=\"https:\/\/espak.ee\/epood\/wp-content\/uploads\/2023\/09\/DCL284FZB_C2L0-scaled.jpg\" \/>\n\t<meta property=\"og:image:width\" content=\"2048\" \/>\n\t<meta property=\"og:image:height\" content=\"2048\" \/>\n\t<meta property=\"og:image:type\" content=\"image\/jpeg\" \/>\n<meta name=\"twitter:card\" content=\"summary_large_image\" \/>\n<meta name=\"twitter:label1\" content=\"Est. reading time\" \/>\n\t<meta name=\"twitter:data1\" content=\"1 minut\" \/>\n<script type=\"application\/ld+json\" class=\"yoast-schema-graph\">{\"@context\":\"https:\/\/schema.org\",\"@graph\":[{\"@type\":\"WebPage\",\"@id\":\"https:\/\/espak.ee\/epood\/toode\/akutolmuimeja-makita-dcl284fzb\/\",\"url\":\"https:\/\/espak.ee\/epood\/toode\/akutolmuimeja-makita-dcl284fzb\/\",\"name\":\"AKUTOLMUIMEJA MAKITA DCL284FZB - Espak E-pood\",\"isPartOf\":{\"@id\":\"https:\/\/espak.ee\/epood\/#website\"},\"primaryImageOfPage\":{\"@id\":\"https:\/\/espak.ee\/epood\/toode\/akutolmuimeja-makita-dcl284fzb\/#primaryimage\"},\"image\":{\"@id\":\"https:\/\/espak.ee\/epood\/toode\/akutolmuimeja-makita-dcl284fzb\/#primaryimage\"},\"thumbnailUrl\":\"https:\/\/espak.ee\/epood\/wp-content\/uploads\/2023\/09\/DCL284FZB_C2L0-scaled.jpg\",\"datePublished\":\"2023-09-28T14:12:34+00:00\",\"dateModified\":\"2026-04-06T11:53:11+00:00\",\"breadcrumb\":{\"@id\":\"https:\/\/espak.ee\/epood\/toode\/akutolmuimeja-makita-dcl284fzb\/#breadcrumb\"},\"inLanguage\":\"et\",\"potentialAction\":[{\"@type\":\"ReadAction\",\"target\":[\"https:\/\/espak.ee\/epood\/toode\/akutolmuimeja-makita-dcl284fzb\/\"]}]},{\"@type\":\"ImageObject\",\"inLanguage\":\"et\",\"@id\":\"https:\/\/espak.ee\/epood\/toode\/akutolmuimeja-makita-dcl284fzb\/#primaryimage\",\"url\":\"https:\/\/espak.ee\/epood\/wp-content\/uploads\/2023\/09\/DCL284FZB_C2L0-scaled.jpg\",\"contentUrl\":\"https:\/\/espak.ee\/epood\/wp-content\/uploads\/2023\/09\/DCL284FZB_C2L0-scaled.jpg\",\"width\":2048,\"height\":2048},{\"@type\":\"BreadcrumbList\",\"@id\":\"https:\/\/espak.ee\/epood\/toode\/akutolmuimeja-makita-dcl284fzb\/#breadcrumb\",\"itemListElement\":[{\"@type\":\"ListItem\",\"position\":1,\"name\":\"Home\",\"item\":\"https:\/\/espak.ee\/epood\/\"},{\"@type\":\"ListItem\",\"position\":2,\"name\":\"Tootevalik\",\"item\":\"https:\/\/espak.ee\/epood\/tootevalik\/\"},{\"@type\":\"ListItem\",\"position\":3,\"name\":\"AKUTOLMUIMEJA MAKITA DCL284FZB\"}]},{\"@type\":\"WebSite\",\"@id\":\"https:\/\/espak.ee\/epood\/#website\",\"url\":\"https:\/\/espak.ee\/epood\/\",\"name\":\"Espak E-pood\",\"description\":\"\",\"potentialAction\":[{\"@type\":\"SearchAction\",\"target\":{\"@type\":\"EntryPoint\",\"urlTemplate\":\"https:\/\/espak.ee\/epood\/?s={search_term_string}\"},\"query-input\":{\"@type\":\"PropertyValueSpecification\",\"valueRequired\":true,\"valueName\":\"search_term_string\"}}],\"inLanguage\":\"et\"}]}<\/script>\n<!-- \/ Yoast SEO plugin. -->","yoast_head_json":{"title":"AKUTOLMUIMEJA MAKITA DCL284FZB - Espak E-pood","robots":{"index":"index","follow":"follow","max-snippet":"max-snippet:-1","max-image-preview":"max-image-preview:large","max-video-preview":"max-video-preview:-1"},"canonical":"https:\/\/espak.ee\/epood\/toode\/akutolmuimeja-makita-dcl284fzb\/","og_locale":"et_EE","og_type":"article","og_title":"AKUTOLMUIMEJA MAKITA DCL284FZB - Espak E-pood","og_url":"https:\/\/espak.ee\/epood\/toode\/akutolmuimeja-makita-dcl284fzb\/","og_site_name":"Espak E-pood","article_modified_time":"2026-04-06T11:53:11+00:00","og_image":[{"width":2048,"height":2048,"url":"https:\/\/espak.ee\/epood\/wp-content\/uploads\/2023\/09\/DCL284FZB_C2L0-scaled.jpg","type":"image\/jpeg"}],"twitter_card":"summary_large_image","twitter_misc":{"Est. reading time":"1 minut"},"schema":{"@context":"https:\/\/schema.org","@graph":[{"@type":"WebPage","@id":"https:\/\/espak.ee\/epood\/toode\/akutolmuimeja-makita-dcl284fzb\/","url":"https:\/\/espak.ee\/epood\/toode\/akutolmuimeja-makita-dcl284fzb\/","name":"AKUTOLMUIMEJA MAKITA DCL284FZB - Espak E-pood","isPartOf":{"@id":"https:\/\/espak.ee\/epood\/#website"},"primaryImageOfPage":{"@id":"https:\/\/espak.ee\/epood\/toode\/akutolmuimeja-makita-dcl284fzb\/#primaryimage"},"image":{"@id":"https:\/\/espak.ee\/epood\/toode\/akutolmuimeja-makita-dcl284fzb\/#primaryimage"},"thumbnailUrl":"https:\/\/espak.ee\/epood\/wp-content\/uploads\/2023\/09\/DCL284FZB_C2L0-scaled.jpg","datePublished":"2023-09-28T14:12:34+00:00","dateModified":"2026-04-06T11:53:11+00:00","breadcrumb":{"@id":"https:\/\/espak.ee\/epood\/toode\/akutolmuimeja-makita-dcl284fzb\/#breadcrumb"},"inLanguage":"et","potentialAction":[{"@type":"ReadAction","target":["https:\/\/espak.ee\/epood\/toode\/akutolmuimeja-makita-dcl284fzb\/"]}]},{"@type":"ImageObject","inLanguage":"et","@id":"https:\/\/espak.ee\/epood\/toode\/akutolmuimeja-makita-dcl284fzb\/#primaryimage","url":"https:\/\/espak.ee\/epood\/wp-content\/uploads\/2023\/09\/DCL284FZB_C2L0-scaled.jpg","contentUrl":"https:\/\/espak.ee\/epood\/wp-content\/uploads\/2023\/09\/DCL284FZB_C2L0-scaled.jpg","width":2048,"height":2048},{"@type":"BreadcrumbList","@id":"https:\/\/espak.ee\/epood\/toode\/akutolmuimeja-makita-dcl284fzb\/#breadcrumb","itemListElement":[{"@type":"ListItem","position":1,"name":"Home","item":"https:\/\/espak.ee\/epood\/"},{"@type":"ListItem","position":2,"name":"Tootevalik","item":"https:\/\/espak.ee\/epood\/tootevalik\/"},{"@type":"ListItem","position":3,"name":"AKUTOLMUIMEJA MAKITA DCL284FZB"}]},{"@type":"WebSite","@id":"https:\/\/espak.ee\/epood\/#website","url":"https:\/\/espak.ee\/epood\/","name":"Espak E-pood","description":"","potentialAction":[{"@type":"SearchAction","target":{"@type":"EntryPoint","urlTemplate":"https:\/\/espak.ee\/epood\/?s={search_term_string}"},"query-input":{"@type":"PropertyValueSpecification","valueRequired":true,"valueName":"search_term_string"}}],"inLanguage":"et"}]}},"_links":{"self":[{"href":"https:\/\/espak.ee\/epood\/wp-json\/wp\/v2\/product\/174692","targetHints":{"allow":["GET"]}}],"collection":[{"href":"https:\/\/espak.ee\/epood\/wp-json\/wp\/v2\/product"}],"about":[{"href":"https:\/\/espak.ee\/epood\/wp-json\/wp\/v2\/types\/product"}],"replies":[{"embeddable":true,"href":"https:\/\/espak.ee\/epood\/wp-json\/wp\/v2\/comments?post=174692"}],"wp:featuredmedia":[{"embeddable":true,"href":"https:\/\/espak.ee\/epood\/wp-json\/wp\/v2\/media\/174727"}],"wp:attachment":[{"href":"https:\/\/espak.ee\/epood\/wp-json\/wp\/v2\/media?parent=174692"}],"wp:term":[{"taxonomy":"product_brand","embeddable":true,"href":"https:\/\/espak.ee\/epood\/wp-json\/wp\/v2\/product_brand?post=174692"},{"taxonomy":"product_cat","embeddable":true,"href":"https:\/\/espak.ee\/epood\/wp-json\/wp\/v2\/product_cat?post=174692"},{"taxonomy":"product_tag","embeddable":true,"href":"https:\/\/espak.ee\/epood\/wp-json\/wp\/v2\/product_tag?post=174692"}],"curies":[{"name":"wp","href":"https:\/\/api.w.org\/{rel}","templated":true}]}}