{"id":17431,"date":"2020-03-31T03:26:00","date_gmt":"2020-03-31T00:26:00","guid":{"rendered":"https:\/\/espak.ee\/hinnakiri\/?post_type=product&#038;p=17431"},"modified":"2025-07-18T23:53:51","modified_gmt":"2025-07-18T20:53:51","slug":"kootud-sormik-4335-puuvillane-nr10","status":"publish","type":"product","link":"https:\/\/espak.ee\/epood\/toode\/kootud-sormik-4335-puuvillane-nr10\/","title":{"rendered":"KOOTUD S\u00d5RMIK 4335 PUUVILLANE NR10"},"content":{"rendered":"<div class=\"row\"  id=\"row-325708263\">\n\n\t<div id=\"col-1825773799\" class=\"col medium-9 small-12 large-9\"  >\n\t\t\t\t<div class=\"col-inner\"  >\n\t\t\t\n\t\t\t\n<h2>EUROTECHNIQUE kootud kindad<\/h2>\n<p>EUROTECHNIQUE kootud kindad on pleegitamata puuvillast. Puuvill on hea hingavusega looduslik materjal, mis ei tekita staatilist elektrit ja ei \u00e4rrita nahka. Trikoos\u00f5rmikud kaitsevad k\u00e4si n\u00f5rkade l\u00f6\u00f6kide ja vibratsiooni eest, mis ei tekita vigastusi. Lisaks kaitsevad kuumade esemete eest, mille temperatuur ei \u00fcleta 50 \u00b0C. Suure puutetundlikkusega s\u00f5rmikud on hingavad ja pestavad. Kootud elastne soonik. Sobivad h\u00e4sti aluskinnasteks.<\/p>\n\t<div id=\"gap-1461769384\" class=\"gap-element clearfix\" style=\"display:block; height:auto;\">\n\t\t\n<style>\n#gap-1461769384 {\n  padding-top: 30px;\n}\n<\/style>\n\t<\/div>\n\t\n<h3>Kasutamise \u00fcksikasjad<\/h3>\n<p><strong>Kasutusala:<\/strong> ehitus, t\u00f6\u00f6stus, p\u00f5llumajandus, kaubandus, sport, kodumajapidamine.<\/p>\n\t\t<\/div>\n\t\t\t\t\t<\/div>\n\n\t\n\n\t<div id=\"col-1867972696\" class=\"col medium-3 small-12 large-3\"  >\n\t\t\t\t<div class=\"col-inner\"  >\n\t\t\t\n\t\t\t\n\t<div id=\"gap-1837700008\" class=\"gap-element clearfix\" style=\"display:block; height:auto;\">\n\t\t\n<style>\n#gap-1837700008 {\n  padding-top: 30px;\n}\n<\/style>\n\t<\/div>\n\t\n<div class=\"is-divider divider clearfix\" ><\/div>\n<p><strong>\u00dcksikasjalikuma n\u00f5u saamiseks v\u00f5tke \u00fchendust:<br \/><\/strong>Becky AS<br \/>Laki 30A \/ Kadaka tee 129<br \/>12915<br \/>Tallinn<br \/>+372 670 6880<\/p>\n<div class=\"is-divider divider clearfix\" ><\/div>\n\t\t<\/div>\n\t\t\t\t\t<\/div>\n\n\t\n<\/div>\n","protected":false},"excerpt":{"rendered":"","protected":false},"featured_media":18939,"comment_status":"closed","ping_status":"open","template":"","meta":[],"product_brand":[],"product_cat":[2788,2976,3018,2972],"product_tag":[],"class_list":{"0":"post-17431","1":"product","2":"type-product","3":"status-publish","4":"has-post-thumbnail","6":"product_cat-aiatarbed-ja-kodukaubad","7":"product_cat-kindad","8":"product_cat-tekstiilkindad","9":"product_cat-tookaitsevahendid","10":"pa_kaubamark-becky-as","12":"first","13":"instock","14":"sale","15":"taxable","16":"shipping-taxable","17":"purchasable","18":"product-type-simple"},"yoast_head":"<!-- This site is optimized with the Yoast SEO plugin v26.9 - https:\/\/yoast.com\/product\/yoast-seo-wordpress\/ -->\n<title>KOOTUD S\u00d5RMIK 4335 PUUVILLANE NR10 - Espak E-pood<\/title>\n<meta name=\"robots\" content=\"index, follow, max-snippet:-1, max-image-preview:large, max-video-preview:-1\" \/>\n<link rel=\"canonical\" href=\"https:\/\/espak.ee\/epood\/toode\/kootud-sormik-4335-puuvillane-nr10\/\" \/>\n<meta property=\"og:locale\" content=\"et_EE\" \/>\n<meta property=\"og:type\" content=\"article\" \/>\n<meta property=\"og:title\" content=\"KOOTUD S\u00d5RMIK 4335 PUUVILLANE NR10 - Espak E-pood\" \/>\n<meta property=\"og:url\" content=\"https:\/\/espak.ee\/epood\/toode\/kootud-sormik-4335-puuvillane-nr10\/\" \/>\n<meta property=\"og:site_name\" content=\"Espak E-pood\" \/>\n<meta property=\"article:modified_time\" content=\"2025-07-18T20:53:51+00:00\" \/>\n<meta property=\"og:image\" content=\"https:\/\/espak.ee\/epood\/wp-content\/uploads\/EUROTECHNIQUE-KOOTUD-KINDAD-PUUVILLANE-4330-4335.jpg\" \/>\n\t<meta property=\"og:image:width\" content=\"450\" \/>\n\t<meta property=\"og:image:height\" content=\"450\" \/>\n\t<meta property=\"og:image:type\" content=\"image\/jpeg\" \/>\n<meta name=\"twitter:card\" content=\"summary_large_image\" \/>\n<meta name=\"twitter:label1\" content=\"Est. reading time\" \/>\n\t<meta name=\"twitter:data1\" content=\"1 minut\" \/>\n<script type=\"application\/ld+json\" class=\"yoast-schema-graph\">{\"@context\":\"https:\/\/schema.org\",\"@graph\":[{\"@type\":\"WebPage\",\"@id\":\"https:\/\/espak.ee\/epood\/toode\/kootud-sormik-4335-puuvillane-nr10\/\",\"url\":\"https:\/\/espak.ee\/epood\/toode\/kootud-sormik-4335-puuvillane-nr10\/\",\"name\":\"KOOTUD S\u00d5RMIK 4335 PUUVILLANE NR10 - Espak E-pood\",\"isPartOf\":{\"@id\":\"https:\/\/espak.ee\/epood\/#website\"},\"primaryImageOfPage\":{\"@id\":\"https:\/\/espak.ee\/epood\/toode\/kootud-sormik-4335-puuvillane-nr10\/#primaryimage\"},\"image\":{\"@id\":\"https:\/\/espak.ee\/epood\/toode\/kootud-sormik-4335-puuvillane-nr10\/#primaryimage\"},\"thumbnailUrl\":\"https:\/\/espak.ee\/epood\/wp-content\/uploads\/EUROTECHNIQUE-KOOTUD-KINDAD-PUUVILLANE-4330-4335.jpg\",\"datePublished\":\"2020-03-31T00:26:00+00:00\",\"dateModified\":\"2025-07-18T20:53:51+00:00\",\"breadcrumb\":{\"@id\":\"https:\/\/espak.ee\/epood\/toode\/kootud-sormik-4335-puuvillane-nr10\/#breadcrumb\"},\"inLanguage\":\"et\",\"potentialAction\":[{\"@type\":\"ReadAction\",\"target\":[\"https:\/\/espak.ee\/epood\/toode\/kootud-sormik-4335-puuvillane-nr10\/\"]}]},{\"@type\":\"ImageObject\",\"inLanguage\":\"et\",\"@id\":\"https:\/\/espak.ee\/epood\/toode\/kootud-sormik-4335-puuvillane-nr10\/#primaryimage\",\"url\":\"https:\/\/espak.ee\/epood\/wp-content\/uploads\/EUROTECHNIQUE-KOOTUD-KINDAD-PUUVILLANE-4330-4335.jpg\",\"contentUrl\":\"https:\/\/espak.ee\/epood\/wp-content\/uploads\/EUROTECHNIQUE-KOOTUD-KINDAD-PUUVILLANE-4330-4335.jpg\",\"width\":450,\"height\":450},{\"@type\":\"BreadcrumbList\",\"@id\":\"https:\/\/espak.ee\/epood\/toode\/kootud-sormik-4335-puuvillane-nr10\/#breadcrumb\",\"itemListElement\":[{\"@type\":\"ListItem\",\"position\":1,\"name\":\"Home\",\"item\":\"https:\/\/espak.ee\/epood\/\"},{\"@type\":\"ListItem\",\"position\":2,\"name\":\"Tootevalik\",\"item\":\"https:\/\/espak.ee\/epood\/tootevalik\/\"},{\"@type\":\"ListItem\",\"position\":3,\"name\":\"KOOTUD S\u00d5RMIK 4335 PUUVILLANE NR10\"}]},{\"@type\":\"WebSite\",\"@id\":\"https:\/\/espak.ee\/epood\/#website\",\"url\":\"https:\/\/espak.ee\/epood\/\",\"name\":\"Espak E-pood\",\"description\":\"\",\"potentialAction\":[{\"@type\":\"SearchAction\",\"target\":{\"@type\":\"EntryPoint\",\"urlTemplate\":\"https:\/\/espak.ee\/epood\/?s={search_term_string}\"},\"query-input\":{\"@type\":\"PropertyValueSpecification\",\"valueRequired\":true,\"valueName\":\"search_term_string\"}}],\"inLanguage\":\"et\"}]}<\/script>\n<!-- \/ Yoast SEO plugin. -->","yoast_head_json":{"title":"KOOTUD S\u00d5RMIK 4335 PUUVILLANE NR10 - Espak E-pood","robots":{"index":"index","follow":"follow","max-snippet":"max-snippet:-1","max-image-preview":"max-image-preview:large","max-video-preview":"max-video-preview:-1"},"canonical":"https:\/\/espak.ee\/epood\/toode\/kootud-sormik-4335-puuvillane-nr10\/","og_locale":"et_EE","og_type":"article","og_title":"KOOTUD S\u00d5RMIK 4335 PUUVILLANE NR10 - Espak E-pood","og_url":"https:\/\/espak.ee\/epood\/toode\/kootud-sormik-4335-puuvillane-nr10\/","og_site_name":"Espak E-pood","article_modified_time":"2025-07-18T20:53:51+00:00","og_image":[{"width":450,"height":450,"url":"https:\/\/espak.ee\/epood\/wp-content\/uploads\/EUROTECHNIQUE-KOOTUD-KINDAD-PUUVILLANE-4330-4335.jpg","type":"image\/jpeg"}],"twitter_card":"summary_large_image","twitter_misc":{"Est. reading time":"1 minut"},"schema":{"@context":"https:\/\/schema.org","@graph":[{"@type":"WebPage","@id":"https:\/\/espak.ee\/epood\/toode\/kootud-sormik-4335-puuvillane-nr10\/","url":"https:\/\/espak.ee\/epood\/toode\/kootud-sormik-4335-puuvillane-nr10\/","name":"KOOTUD S\u00d5RMIK 4335 PUUVILLANE NR10 - Espak E-pood","isPartOf":{"@id":"https:\/\/espak.ee\/epood\/#website"},"primaryImageOfPage":{"@id":"https:\/\/espak.ee\/epood\/toode\/kootud-sormik-4335-puuvillane-nr10\/#primaryimage"},"image":{"@id":"https:\/\/espak.ee\/epood\/toode\/kootud-sormik-4335-puuvillane-nr10\/#primaryimage"},"thumbnailUrl":"https:\/\/espak.ee\/epood\/wp-content\/uploads\/EUROTECHNIQUE-KOOTUD-KINDAD-PUUVILLANE-4330-4335.jpg","datePublished":"2020-03-31T00:26:00+00:00","dateModified":"2025-07-18T20:53:51+00:00","breadcrumb":{"@id":"https:\/\/espak.ee\/epood\/toode\/kootud-sormik-4335-puuvillane-nr10\/#breadcrumb"},"inLanguage":"et","potentialAction":[{"@type":"ReadAction","target":["https:\/\/espak.ee\/epood\/toode\/kootud-sormik-4335-puuvillane-nr10\/"]}]},{"@type":"ImageObject","inLanguage":"et","@id":"https:\/\/espak.ee\/epood\/toode\/kootud-sormik-4335-puuvillane-nr10\/#primaryimage","url":"https:\/\/espak.ee\/epood\/wp-content\/uploads\/EUROTECHNIQUE-KOOTUD-KINDAD-PUUVILLANE-4330-4335.jpg","contentUrl":"https:\/\/espak.ee\/epood\/wp-content\/uploads\/EUROTECHNIQUE-KOOTUD-KINDAD-PUUVILLANE-4330-4335.jpg","width":450,"height":450},{"@type":"BreadcrumbList","@id":"https:\/\/espak.ee\/epood\/toode\/kootud-sormik-4335-puuvillane-nr10\/#breadcrumb","itemListElement":[{"@type":"ListItem","position":1,"name":"Home","item":"https:\/\/espak.ee\/epood\/"},{"@type":"ListItem","position":2,"name":"Tootevalik","item":"https:\/\/espak.ee\/epood\/tootevalik\/"},{"@type":"ListItem","position":3,"name":"KOOTUD S\u00d5RMIK 4335 PUUVILLANE NR10"}]},{"@type":"WebSite","@id":"https:\/\/espak.ee\/epood\/#website","url":"https:\/\/espak.ee\/epood\/","name":"Espak E-pood","description":"","potentialAction":[{"@type":"SearchAction","target":{"@type":"EntryPoint","urlTemplate":"https:\/\/espak.ee\/epood\/?s={search_term_string}"},"query-input":{"@type":"PropertyValueSpecification","valueRequired":true,"valueName":"search_term_string"}}],"inLanguage":"et"}]}},"_links":{"self":[{"href":"https:\/\/espak.ee\/epood\/wp-json\/wp\/v2\/product\/17431","targetHints":{"allow":["GET"]}}],"collection":[{"href":"https:\/\/espak.ee\/epood\/wp-json\/wp\/v2\/product"}],"about":[{"href":"https:\/\/espak.ee\/epood\/wp-json\/wp\/v2\/types\/product"}],"replies":[{"embeddable":true,"href":"https:\/\/espak.ee\/epood\/wp-json\/wp\/v2\/comments?post=17431"}],"wp:featuredmedia":[{"embeddable":true,"href":"https:\/\/espak.ee\/epood\/wp-json\/wp\/v2\/media\/18939"}],"wp:attachment":[{"href":"https:\/\/espak.ee\/epood\/wp-json\/wp\/v2\/media?parent=17431"}],"wp:term":[{"taxonomy":"product_brand","embeddable":true,"href":"https:\/\/espak.ee\/epood\/wp-json\/wp\/v2\/product_brand?post=17431"},{"taxonomy":"product_cat","embeddable":true,"href":"https:\/\/espak.ee\/epood\/wp-json\/wp\/v2\/product_cat?post=17431"},{"taxonomy":"product_tag","embeddable":true,"href":"https:\/\/espak.ee\/epood\/wp-json\/wp\/v2\/product_tag?post=17431"}],"curies":[{"name":"wp","href":"https:\/\/api.w.org\/{rel}","templated":true}]}}