{"id":173878,"date":"2023-09-20T16:34:53","date_gmt":"2023-09-20T13:34:53","guid":{"rendered":"https:\/\/espak.ee\/epood\/?post_type=product&#038;p=173878"},"modified":"2024-08-27T14:00:42","modified_gmt":"2024-08-27T11:00:42","slug":"vannitoa-puhastusvahend-pink-stuff-750ml","status":"publish","type":"product","link":"https:\/\/espak.ee\/epood\/toode\/vannitoa-puhastusvahend-pink-stuff-750ml\/","title":{"rendered":"VANNITOA PUHASTUSVAHEND PINK STUFF 750ML"},"content":{"rendered":"<div class=\"row\"  id=\"row-345661716\">\n\n\t<div id=\"col-322617286\" class=\"col medium-9 small-12 large-9\"  >\n\t\t\t\t<div class=\"col-inner\"  >\n\t\t\t\n\t\t\t\n<h3>Vannitoa puhastusvahend Pink Stuff 750ml<\/h3>\n<p>Pink Stuff Miracle Bathroom Foam Cleaner on mitmek\u00fclgne ja t\u00f5hus pihustatav vaht vannitoa puhastamiseks ja desinfitseerimiseks. <\/p>\n<p><strong>Kasutamine:<\/strong> Pihustage puhastusvahendit puhastamist vajavale piirkonnale ja p\u00fchkige niiske lapiga. Kuivatage pind kuiva lapiga.<br \/>\n Mitte kasutada vahatatud, v\u00e4rvitud, poorsetel v\u00f5i puitpindadel.<br \/>\n Vaht tungib s\u00fcgavale mustuse sisse, j\u00e4ttes puhta ja l\u00e4ikiva viimistluse.<br \/>\n Miracle Bathroom Foam Cleaner eemaldab ja ennetab ka katlakivi j\u00e4\u00e4ke.<br \/>\n Hoida lastele k\u00e4ttesaamatus kohas. Enne kasutamist lugege etikette.\n <\/p>\n\t\t<\/div>\n\t\t\t\t\t<\/div>\n\n\t\n\n\t<div id=\"col-836190588\" class=\"col medium-3 small-12 large-3\"  >\n\t\t\t\t<div class=\"col-inner\"  >\n\t\t\t\n\t\t\t\n<div class=\"is-divider divider clearfix\" ><\/div>\n<p><strong>\u00dcksikasjalikuma n\u00f5u saamiseks v\u00f5tke \u00fchendust:<br \/><\/strong>Espak AS<br \/>Viadukti 42<br \/>11313<br \/>Tallinn<br \/>+372 6 512333<\/p>\n\t\t<\/div>\n\t\t\t\t\t<\/div>\n\n\t\n<\/div>\n","protected":false},"excerpt":{"rendered":"","protected":false},"featured_media":173947,"comment_status":"closed","ping_status":"closed","template":"","meta":[],"product_brand":[],"product_cat":[2788,4217,4216,4328],"product_tag":[],"class_list":{"0":"post-173878","1":"product","2":"type-product","3":"status-publish","4":"has-post-thumbnail","6":"product_cat-aiatarbed-ja-kodukaubad","7":"product_cat-kodukeemia-kodukeemia","8":"product_cat-kodukeemia","9":"product_cat-wc-ja-vannitoa-puhastusvahendid","10":"pa_kaubamark-tammer-brands-oy","12":"first","13":"instock","14":"sale","15":"taxable","16":"shipping-taxable","17":"purchasable","18":"product-type-simple"},"yoast_head":"<!-- This site is optimized with the Yoast SEO plugin v26.9 - https:\/\/yoast.com\/product\/yoast-seo-wordpress\/ -->\n<title>VANNITOA PUHASTUSVAHEND PINK STUFF 750ML - Espak E-pood<\/title>\n<meta name=\"robots\" content=\"index, follow, max-snippet:-1, max-image-preview:large, max-video-preview:-1\" \/>\n<link rel=\"canonical\" href=\"https:\/\/espak.ee\/epood\/toode\/vannitoa-puhastusvahend-pink-stuff-750ml\/\" \/>\n<meta property=\"og:locale\" content=\"et_EE\" \/>\n<meta property=\"og:type\" content=\"article\" \/>\n<meta property=\"og:title\" content=\"VANNITOA PUHASTUSVAHEND PINK STUFF 750ML - Espak E-pood\" \/>\n<meta property=\"og:url\" content=\"https:\/\/espak.ee\/epood\/toode\/vannitoa-puhastusvahend-pink-stuff-750ml\/\" \/>\n<meta property=\"og:site_name\" content=\"Espak E-pood\" \/>\n<meta property=\"article:modified_time\" content=\"2024-08-27T11:00:42+00:00\" \/>\n<meta property=\"og:image\" content=\"https:\/\/espak.ee\/epood\/wp-content\/uploads\/2023\/09\/pink-stuff.jpg\" \/>\n\t<meta property=\"og:image:width\" content=\"800\" \/>\n\t<meta property=\"og:image:height\" content=\"800\" \/>\n\t<meta property=\"og:image:type\" content=\"image\/jpeg\" \/>\n<meta name=\"twitter:card\" content=\"summary_large_image\" \/>\n<meta name=\"twitter:label1\" content=\"Est. reading time\" \/>\n\t<meta name=\"twitter:data1\" content=\"1 minut\" \/>\n<script type=\"application\/ld+json\" class=\"yoast-schema-graph\">{\"@context\":\"https:\/\/schema.org\",\"@graph\":[{\"@type\":\"WebPage\",\"@id\":\"https:\/\/espak.ee\/epood\/toode\/vannitoa-puhastusvahend-pink-stuff-750ml\/\",\"url\":\"https:\/\/espak.ee\/epood\/toode\/vannitoa-puhastusvahend-pink-stuff-750ml\/\",\"name\":\"VANNITOA PUHASTUSVAHEND PINK STUFF 750ML - Espak E-pood\",\"isPartOf\":{\"@id\":\"https:\/\/espak.ee\/epood\/#website\"},\"primaryImageOfPage\":{\"@id\":\"https:\/\/espak.ee\/epood\/toode\/vannitoa-puhastusvahend-pink-stuff-750ml\/#primaryimage\"},\"image\":{\"@id\":\"https:\/\/espak.ee\/epood\/toode\/vannitoa-puhastusvahend-pink-stuff-750ml\/#primaryimage\"},\"thumbnailUrl\":\"https:\/\/espak.ee\/epood\/wp-content\/uploads\/2023\/09\/pink-stuff.jpg\",\"datePublished\":\"2023-09-20T13:34:53+00:00\",\"dateModified\":\"2024-08-27T11:00:42+00:00\",\"breadcrumb\":{\"@id\":\"https:\/\/espak.ee\/epood\/toode\/vannitoa-puhastusvahend-pink-stuff-750ml\/#breadcrumb\"},\"inLanguage\":\"et\",\"potentialAction\":[{\"@type\":\"ReadAction\",\"target\":[\"https:\/\/espak.ee\/epood\/toode\/vannitoa-puhastusvahend-pink-stuff-750ml\/\"]}]},{\"@type\":\"ImageObject\",\"inLanguage\":\"et\",\"@id\":\"https:\/\/espak.ee\/epood\/toode\/vannitoa-puhastusvahend-pink-stuff-750ml\/#primaryimage\",\"url\":\"https:\/\/espak.ee\/epood\/wp-content\/uploads\/2023\/09\/pink-stuff.jpg\",\"contentUrl\":\"https:\/\/espak.ee\/epood\/wp-content\/uploads\/2023\/09\/pink-stuff.jpg\",\"width\":800,\"height\":800},{\"@type\":\"BreadcrumbList\",\"@id\":\"https:\/\/espak.ee\/epood\/toode\/vannitoa-puhastusvahend-pink-stuff-750ml\/#breadcrumb\",\"itemListElement\":[{\"@type\":\"ListItem\",\"position\":1,\"name\":\"Home\",\"item\":\"https:\/\/espak.ee\/epood\/\"},{\"@type\":\"ListItem\",\"position\":2,\"name\":\"Tootevalik\",\"item\":\"https:\/\/espak.ee\/epood\/tootevalik\/\"},{\"@type\":\"ListItem\",\"position\":3,\"name\":\"VANNITOA PUHASTUSVAHEND PINK STUFF 750ML\"}]},{\"@type\":\"WebSite\",\"@id\":\"https:\/\/espak.ee\/epood\/#website\",\"url\":\"https:\/\/espak.ee\/epood\/\",\"name\":\"Espak E-pood\",\"description\":\"\",\"potentialAction\":[{\"@type\":\"SearchAction\",\"target\":{\"@type\":\"EntryPoint\",\"urlTemplate\":\"https:\/\/espak.ee\/epood\/?s={search_term_string}\"},\"query-input\":{\"@type\":\"PropertyValueSpecification\",\"valueRequired\":true,\"valueName\":\"search_term_string\"}}],\"inLanguage\":\"et\"}]}<\/script>\n<!-- \/ Yoast SEO plugin. -->","yoast_head_json":{"title":"VANNITOA PUHASTUSVAHEND PINK STUFF 750ML - Espak E-pood","robots":{"index":"index","follow":"follow","max-snippet":"max-snippet:-1","max-image-preview":"max-image-preview:large","max-video-preview":"max-video-preview:-1"},"canonical":"https:\/\/espak.ee\/epood\/toode\/vannitoa-puhastusvahend-pink-stuff-750ml\/","og_locale":"et_EE","og_type":"article","og_title":"VANNITOA PUHASTUSVAHEND PINK STUFF 750ML - Espak E-pood","og_url":"https:\/\/espak.ee\/epood\/toode\/vannitoa-puhastusvahend-pink-stuff-750ml\/","og_site_name":"Espak E-pood","article_modified_time":"2024-08-27T11:00:42+00:00","og_image":[{"width":800,"height":800,"url":"https:\/\/espak.ee\/epood\/wp-content\/uploads\/2023\/09\/pink-stuff.jpg","type":"image\/jpeg"}],"twitter_card":"summary_large_image","twitter_misc":{"Est. reading time":"1 minut"},"schema":{"@context":"https:\/\/schema.org","@graph":[{"@type":"WebPage","@id":"https:\/\/espak.ee\/epood\/toode\/vannitoa-puhastusvahend-pink-stuff-750ml\/","url":"https:\/\/espak.ee\/epood\/toode\/vannitoa-puhastusvahend-pink-stuff-750ml\/","name":"VANNITOA PUHASTUSVAHEND PINK STUFF 750ML - Espak E-pood","isPartOf":{"@id":"https:\/\/espak.ee\/epood\/#website"},"primaryImageOfPage":{"@id":"https:\/\/espak.ee\/epood\/toode\/vannitoa-puhastusvahend-pink-stuff-750ml\/#primaryimage"},"image":{"@id":"https:\/\/espak.ee\/epood\/toode\/vannitoa-puhastusvahend-pink-stuff-750ml\/#primaryimage"},"thumbnailUrl":"https:\/\/espak.ee\/epood\/wp-content\/uploads\/2023\/09\/pink-stuff.jpg","datePublished":"2023-09-20T13:34:53+00:00","dateModified":"2024-08-27T11:00:42+00:00","breadcrumb":{"@id":"https:\/\/espak.ee\/epood\/toode\/vannitoa-puhastusvahend-pink-stuff-750ml\/#breadcrumb"},"inLanguage":"et","potentialAction":[{"@type":"ReadAction","target":["https:\/\/espak.ee\/epood\/toode\/vannitoa-puhastusvahend-pink-stuff-750ml\/"]}]},{"@type":"ImageObject","inLanguage":"et","@id":"https:\/\/espak.ee\/epood\/toode\/vannitoa-puhastusvahend-pink-stuff-750ml\/#primaryimage","url":"https:\/\/espak.ee\/epood\/wp-content\/uploads\/2023\/09\/pink-stuff.jpg","contentUrl":"https:\/\/espak.ee\/epood\/wp-content\/uploads\/2023\/09\/pink-stuff.jpg","width":800,"height":800},{"@type":"BreadcrumbList","@id":"https:\/\/espak.ee\/epood\/toode\/vannitoa-puhastusvahend-pink-stuff-750ml\/#breadcrumb","itemListElement":[{"@type":"ListItem","position":1,"name":"Home","item":"https:\/\/espak.ee\/epood\/"},{"@type":"ListItem","position":2,"name":"Tootevalik","item":"https:\/\/espak.ee\/epood\/tootevalik\/"},{"@type":"ListItem","position":3,"name":"VANNITOA PUHASTUSVAHEND PINK STUFF 750ML"}]},{"@type":"WebSite","@id":"https:\/\/espak.ee\/epood\/#website","url":"https:\/\/espak.ee\/epood\/","name":"Espak E-pood","description":"","potentialAction":[{"@type":"SearchAction","target":{"@type":"EntryPoint","urlTemplate":"https:\/\/espak.ee\/epood\/?s={search_term_string}"},"query-input":{"@type":"PropertyValueSpecification","valueRequired":true,"valueName":"search_term_string"}}],"inLanguage":"et"}]}},"_links":{"self":[{"href":"https:\/\/espak.ee\/epood\/wp-json\/wp\/v2\/product\/173878","targetHints":{"allow":["GET"]}}],"collection":[{"href":"https:\/\/espak.ee\/epood\/wp-json\/wp\/v2\/product"}],"about":[{"href":"https:\/\/espak.ee\/epood\/wp-json\/wp\/v2\/types\/product"}],"replies":[{"embeddable":true,"href":"https:\/\/espak.ee\/epood\/wp-json\/wp\/v2\/comments?post=173878"}],"wp:featuredmedia":[{"embeddable":true,"href":"https:\/\/espak.ee\/epood\/wp-json\/wp\/v2\/media\/173947"}],"wp:attachment":[{"href":"https:\/\/espak.ee\/epood\/wp-json\/wp\/v2\/media?parent=173878"}],"wp:term":[{"taxonomy":"product_brand","embeddable":true,"href":"https:\/\/espak.ee\/epood\/wp-json\/wp\/v2\/product_brand?post=173878"},{"taxonomy":"product_cat","embeddable":true,"href":"https:\/\/espak.ee\/epood\/wp-json\/wp\/v2\/product_cat?post=173878"},{"taxonomy":"product_tag","embeddable":true,"href":"https:\/\/espak.ee\/epood\/wp-json\/wp\/v2\/product_tag?post=173878"}],"curies":[{"name":"wp","href":"https:\/\/api.w.org\/{rel}","templated":true}]}}