{"id":173368,"date":"2023-09-16T02:24:52","date_gmt":"2023-09-15T23:24:52","guid":{"rendered":"https:\/\/espak.ee\/epood\/?post_type=product&#038;p=173368"},"modified":"2024-03-23T01:17:03","modified_gmt":"2024-03-22T23:17:03","slug":"eterniit-klassik-12501130-pruun","status":"publish","type":"product","link":"https:\/\/espak.ee\/epood\/toode\/eterniit-klassik-12501130-pruun\/","title":{"rendered":"ETERNIIT KLASSIK 1250*1130 PRUUN"},"content":{"rendered":"<div class=\"row\"  id=\"row-718759997\">\n\n\t<div id=\"col-2038488849\" class=\"col medium-9 small-12 large-9\"  >\n\t\t\t\t<div class=\"col-inner\"  >\n\t\t\t\n\t\t\t\n<h3>Eterniit Klassik 1250*1130 pruun<\/h3>\n<p>Kaasaegne asbestivaba eterniit Klasika kaheksalainelised eterniitplaadid vastavad oma lainete k\u00f5rguse ja plaadi m\u00f5\u00f5tude poolest n\u00f5ukogude ajal toodetud eterniidile. \u00dchesugune v\u00e4limus tagab hoonete autentsuse. Klassika plaat sobib suurep\u00e4raselt vana eterniitkatuse renoveerimiseks v\u00f5i uusehitistele ja suuremate katuste ehitamiseks, sest pindade katmine toimub kiirelt ning katus saab hea v\u00e4limuse. Eterniitplaat Klasika on k\u00f5ige v\u00e4iksem kaheksalaineline plaat, mis kaalub 18 kg ning katab 1,15 m2 suuruse pinna.\n <\/p>\n<div class=\"message-box relative\" style=\"padding-top:15px;padding-bottom:15px;\"><div class=\"message-box-bg-image bg-fill fill\" ><\/div><div class=\"message-box-bg-overlay bg-fill fill\" ><\/div><div class=\"container relative\"><div class=\"inner last-reset\">\n<div class=\"row align-middle align-center\"  id=\"row-1206547022\">\n\n\t<div id=\"col-1201978624\" class=\"col small-12 large-12\"  >\n\t\t\t\t<div class=\"col-inner text-left\"  >\n\t\t\t\n\t\t\t\n<h4>Omadused<\/h4>\n<div class=\"row\"  id=\"row-650304601\">\n\n\t<div id=\"col-1587794261\" class=\"col medium-6 small-12 large-6\"  >\n\t\t\t\t<div class=\"col-inner\"  >\n\t\t\t\n\t\t\t\n<p><i class=\"fa fa-check fa-2x\"><\/i> <strong>Klasika plaat on piisavalt kerge, et t\u00f5sta \u00fcksi, kuid piisavalt suur, et katta suure pinnaga katus<\/strong><\/p>\n<p><i class=\"fa fa-check fa-2x\"><\/i> <strong>Eterniitplaat Klasika on k\u00f5ige v\u00e4iksem kaheksalaineline plaat<\/strong><\/p>\n\t\t<\/div>\n\t\t\t\t\n<style>\n#col-1587794261 > .col-inner {\n  margin: 0px 0px 15px 0px;\n}\n<\/style>\n\t<\/div>\n\n\t\n\n\t<div id=\"col-7552918\" class=\"col medium-6 small-12 large-6\"  >\n\t\t\t\t<div class=\"col-inner\"  >\n\t\t\t\n\t\t\t\n<p><i class=\"fa fa-check fa-2x\"><\/i> <strong>Tootmisel kasutatakse CurtCoat\u00ae v\u00e4rvitehnoloogiat ehk Klasika plaatidel on karastatud v\u00e4rv<\/strong><\/p>\n<p><i class=\"fa fa-check fa-2x\"><\/i> <strong>Safety Strips\u00ae ohutusribad annavad materjalile hea mehaanilise tugevuse ning vastupidavuse purunemisele<\/strong><\/p>\n\t\t<\/div>\n\t\t\t\t\n<style>\n#col-7552918 > .col-inner {\n  margin: 0px 0px 15px 0px;\n}\n<\/style>\n\t<\/div>\n\n\t\n<\/div>\n\t\t<\/div>\n\t\t\t\t\t<\/div>\n\n\t\n<\/div>\n<\/div><\/div><\/div>\n\t<div id=\"gap-885296380\" class=\"gap-element clearfix\" style=\"display:block; height:auto;\">\n\t\t\n<style>\n#gap-885296380 {\n  padding-top: 30px;\n}\n<\/style>\n\t<\/div>\n\t\n<p>Eterniit on kaasaegne looduss\u00f5bralik, \u00e4\u00e4rmiselt vastupidav ja kauakestev katusematerjal, mis ei sisalda enam asbesti. Leedu eterniitkatus kestab tavap\u00e4raselt kuni 70 aastat ehk ligi kolmveerand sajandit ilma omadusi kaotamata. Materjal sisaldab mikroskoopilisi \u00f5huvahesid, mis parandavad materjali heli\u2013 ja soojusisolatsiooniomadusi. Eterniitkatus on vaikne ning ei kolise vihma ega rahega. Eterniit on tulekindel, vastupidav leelistele ja hapetele ning materjal on ka difuusne (hingav), mis kaitseb maja konstruktsioone niiskuse eest.\n <\/p>\n\t\t<\/div>\n\t\t\t\t\t<\/div>\n\n\t\n\n\t<div id=\"col-1867693403\" class=\"col medium-3 small-12 large-3\"  >\n\t\t\t\t<div class=\"col-inner\"  >\n\t\t\t\n\t\t\t\n<div class=\"is-divider divider clearfix\" ><\/div>\n<p><strong>\u00dcksikasjalikuma n\u00f5u saamiseks v\u00f5tke \u00fchendust:<br \/><\/strong>Bestor Grupp AS<br \/>Valdeku 168<br \/>11217<br \/>Tallinn<br \/>+372 5362 7706<\/p>\n\t\t<\/div>\n\t\t\t\t\t<\/div>\n\n\t\n<\/div>\n","protected":false},"excerpt":{"rendered":"","protected":false},"featured_media":173443,"comment_status":"closed","ping_status":"closed","template":"","meta":[],"product_brand":[],"product_cat":[4722,3495,4723,2697],"product_tag":[],"class_list":{"0":"post-173368","1":"product","2":"type-product","3":"status-publish","4":"has-post-thumbnail","6":"product_cat-katuse-tsementplaadid","7":"product_cat-katusematerjalid","8":"product_cat-tsement-laineplaadid","9":"product_cat-uldehitus","10":"pa_kaubamark-bestor-grupp-as","12":"first","13":"instock","14":"sale","15":"taxable","16":"shipping-taxable","17":"purchasable","18":"product-type-simple"},"yoast_head":"<!-- This site is optimized with the Yoast SEO plugin v26.9 - https:\/\/yoast.com\/product\/yoast-seo-wordpress\/ -->\n<title>ETERNIIT KLASSIK 1250*1130 PRUUN - Espak E-pood<\/title>\n<meta name=\"robots\" content=\"index, follow, max-snippet:-1, max-image-preview:large, max-video-preview:-1\" \/>\n<link rel=\"canonical\" href=\"https:\/\/espak.ee\/epood\/toode\/eterniit-klassik-12501130-pruun\/\" \/>\n<meta property=\"og:locale\" content=\"et_EE\" \/>\n<meta property=\"og:type\" content=\"article\" \/>\n<meta property=\"og:title\" content=\"ETERNIIT KLASSIK 1250*1130 PRUUN - Espak E-pood\" \/>\n<meta property=\"og:url\" content=\"https:\/\/espak.ee\/epood\/toode\/eterniit-klassik-12501130-pruun\/\" \/>\n<meta property=\"og:site_name\" content=\"Espak E-pood\" \/>\n<meta property=\"article:modified_time\" content=\"2024-03-22T23:17:03+00:00\" \/>\n<meta property=\"og:image\" content=\"https:\/\/espak.ee\/epood\/wp-content\/uploads\/2023\/09\/Eternit-Klasika-Pruun.jpg\" \/>\n\t<meta property=\"og:image:width\" content=\"1024\" \/>\n\t<meta property=\"og:image:height\" content=\"1024\" \/>\n\t<meta property=\"og:image:type\" content=\"image\/jpeg\" \/>\n<meta name=\"twitter:card\" content=\"summary_large_image\" \/>\n<meta name=\"twitter:label1\" content=\"Est. reading time\" \/>\n\t<meta name=\"twitter:data1\" content=\"1 minut\" \/>\n<script type=\"application\/ld+json\" class=\"yoast-schema-graph\">{\"@context\":\"https:\/\/schema.org\",\"@graph\":[{\"@type\":\"WebPage\",\"@id\":\"https:\/\/espak.ee\/epood\/toode\/eterniit-klassik-12501130-pruun\/\",\"url\":\"https:\/\/espak.ee\/epood\/toode\/eterniit-klassik-12501130-pruun\/\",\"name\":\"ETERNIIT KLASSIK 1250*1130 PRUUN - Espak E-pood\",\"isPartOf\":{\"@id\":\"https:\/\/espak.ee\/epood\/#website\"},\"primaryImageOfPage\":{\"@id\":\"https:\/\/espak.ee\/epood\/toode\/eterniit-klassik-12501130-pruun\/#primaryimage\"},\"image\":{\"@id\":\"https:\/\/espak.ee\/epood\/toode\/eterniit-klassik-12501130-pruun\/#primaryimage\"},\"thumbnailUrl\":\"https:\/\/espak.ee\/epood\/wp-content\/uploads\/2023\/09\/Eternit-Klasika-Pruun.jpg\",\"datePublished\":\"2023-09-15T23:24:52+00:00\",\"dateModified\":\"2024-03-22T23:17:03+00:00\",\"breadcrumb\":{\"@id\":\"https:\/\/espak.ee\/epood\/toode\/eterniit-klassik-12501130-pruun\/#breadcrumb\"},\"inLanguage\":\"et\",\"potentialAction\":[{\"@type\":\"ReadAction\",\"target\":[\"https:\/\/espak.ee\/epood\/toode\/eterniit-klassik-12501130-pruun\/\"]}]},{\"@type\":\"ImageObject\",\"inLanguage\":\"et\",\"@id\":\"https:\/\/espak.ee\/epood\/toode\/eterniit-klassik-12501130-pruun\/#primaryimage\",\"url\":\"https:\/\/espak.ee\/epood\/wp-content\/uploads\/2023\/09\/Eternit-Klasika-Pruun.jpg\",\"contentUrl\":\"https:\/\/espak.ee\/epood\/wp-content\/uploads\/2023\/09\/Eternit-Klasika-Pruun.jpg\",\"width\":1024,\"height\":1024},{\"@type\":\"BreadcrumbList\",\"@id\":\"https:\/\/espak.ee\/epood\/toode\/eterniit-klassik-12501130-pruun\/#breadcrumb\",\"itemListElement\":[{\"@type\":\"ListItem\",\"position\":1,\"name\":\"Home\",\"item\":\"https:\/\/espak.ee\/epood\/\"},{\"@type\":\"ListItem\",\"position\":2,\"name\":\"Tootevalik\",\"item\":\"https:\/\/espak.ee\/epood\/tootevalik\/\"},{\"@type\":\"ListItem\",\"position\":3,\"name\":\"ETERNIIT KLASSIK 1250*1130 PRUUN\"}]},{\"@type\":\"WebSite\",\"@id\":\"https:\/\/espak.ee\/epood\/#website\",\"url\":\"https:\/\/espak.ee\/epood\/\",\"name\":\"Espak E-pood\",\"description\":\"\",\"potentialAction\":[{\"@type\":\"SearchAction\",\"target\":{\"@type\":\"EntryPoint\",\"urlTemplate\":\"https:\/\/espak.ee\/epood\/?s={search_term_string}\"},\"query-input\":{\"@type\":\"PropertyValueSpecification\",\"valueRequired\":true,\"valueName\":\"search_term_string\"}}],\"inLanguage\":\"et\"}]}<\/script>\n<!-- \/ Yoast SEO plugin. -->","yoast_head_json":{"title":"ETERNIIT KLASSIK 1250*1130 PRUUN - Espak E-pood","robots":{"index":"index","follow":"follow","max-snippet":"max-snippet:-1","max-image-preview":"max-image-preview:large","max-video-preview":"max-video-preview:-1"},"canonical":"https:\/\/espak.ee\/epood\/toode\/eterniit-klassik-12501130-pruun\/","og_locale":"et_EE","og_type":"article","og_title":"ETERNIIT KLASSIK 1250*1130 PRUUN - Espak E-pood","og_url":"https:\/\/espak.ee\/epood\/toode\/eterniit-klassik-12501130-pruun\/","og_site_name":"Espak E-pood","article_modified_time":"2024-03-22T23:17:03+00:00","og_image":[{"width":1024,"height":1024,"url":"https:\/\/espak.ee\/epood\/wp-content\/uploads\/2023\/09\/Eternit-Klasika-Pruun.jpg","type":"image\/jpeg"}],"twitter_card":"summary_large_image","twitter_misc":{"Est. reading time":"1 minut"},"schema":{"@context":"https:\/\/schema.org","@graph":[{"@type":"WebPage","@id":"https:\/\/espak.ee\/epood\/toode\/eterniit-klassik-12501130-pruun\/","url":"https:\/\/espak.ee\/epood\/toode\/eterniit-klassik-12501130-pruun\/","name":"ETERNIIT KLASSIK 1250*1130 PRUUN - Espak E-pood","isPartOf":{"@id":"https:\/\/espak.ee\/epood\/#website"},"primaryImageOfPage":{"@id":"https:\/\/espak.ee\/epood\/toode\/eterniit-klassik-12501130-pruun\/#primaryimage"},"image":{"@id":"https:\/\/espak.ee\/epood\/toode\/eterniit-klassik-12501130-pruun\/#primaryimage"},"thumbnailUrl":"https:\/\/espak.ee\/epood\/wp-content\/uploads\/2023\/09\/Eternit-Klasika-Pruun.jpg","datePublished":"2023-09-15T23:24:52+00:00","dateModified":"2024-03-22T23:17:03+00:00","breadcrumb":{"@id":"https:\/\/espak.ee\/epood\/toode\/eterniit-klassik-12501130-pruun\/#breadcrumb"},"inLanguage":"et","potentialAction":[{"@type":"ReadAction","target":["https:\/\/espak.ee\/epood\/toode\/eterniit-klassik-12501130-pruun\/"]}]},{"@type":"ImageObject","inLanguage":"et","@id":"https:\/\/espak.ee\/epood\/toode\/eterniit-klassik-12501130-pruun\/#primaryimage","url":"https:\/\/espak.ee\/epood\/wp-content\/uploads\/2023\/09\/Eternit-Klasika-Pruun.jpg","contentUrl":"https:\/\/espak.ee\/epood\/wp-content\/uploads\/2023\/09\/Eternit-Klasika-Pruun.jpg","width":1024,"height":1024},{"@type":"BreadcrumbList","@id":"https:\/\/espak.ee\/epood\/toode\/eterniit-klassik-12501130-pruun\/#breadcrumb","itemListElement":[{"@type":"ListItem","position":1,"name":"Home","item":"https:\/\/espak.ee\/epood\/"},{"@type":"ListItem","position":2,"name":"Tootevalik","item":"https:\/\/espak.ee\/epood\/tootevalik\/"},{"@type":"ListItem","position":3,"name":"ETERNIIT KLASSIK 1250*1130 PRUUN"}]},{"@type":"WebSite","@id":"https:\/\/espak.ee\/epood\/#website","url":"https:\/\/espak.ee\/epood\/","name":"Espak E-pood","description":"","potentialAction":[{"@type":"SearchAction","target":{"@type":"EntryPoint","urlTemplate":"https:\/\/espak.ee\/epood\/?s={search_term_string}"},"query-input":{"@type":"PropertyValueSpecification","valueRequired":true,"valueName":"search_term_string"}}],"inLanguage":"et"}]}},"_links":{"self":[{"href":"https:\/\/espak.ee\/epood\/wp-json\/wp\/v2\/product\/173368","targetHints":{"allow":["GET"]}}],"collection":[{"href":"https:\/\/espak.ee\/epood\/wp-json\/wp\/v2\/product"}],"about":[{"href":"https:\/\/espak.ee\/epood\/wp-json\/wp\/v2\/types\/product"}],"replies":[{"embeddable":true,"href":"https:\/\/espak.ee\/epood\/wp-json\/wp\/v2\/comments?post=173368"}],"wp:featuredmedia":[{"embeddable":true,"href":"https:\/\/espak.ee\/epood\/wp-json\/wp\/v2\/media\/173443"}],"wp:attachment":[{"href":"https:\/\/espak.ee\/epood\/wp-json\/wp\/v2\/media?parent=173368"}],"wp:term":[{"taxonomy":"product_brand","embeddable":true,"href":"https:\/\/espak.ee\/epood\/wp-json\/wp\/v2\/product_brand?post=173368"},{"taxonomy":"product_cat","embeddable":true,"href":"https:\/\/espak.ee\/epood\/wp-json\/wp\/v2\/product_cat?post=173368"},{"taxonomy":"product_tag","embeddable":true,"href":"https:\/\/espak.ee\/epood\/wp-json\/wp\/v2\/product_tag?post=173368"}],"curies":[{"name":"wp","href":"https:\/\/api.w.org\/{rel}","templated":true}]}}