{"id":17278,"date":"2020-03-28T03:41:18","date_gmt":"2020-03-28T01:41:18","guid":{"rendered":"https:\/\/espak.ee\/hinnakiri\/?post_type=product&#038;p=17278"},"modified":"2026-01-11T22:53:20","modified_gmt":"2026-01-11T20:53:20","slug":"filter-3m-p3","status":"publish","type":"product","link":"https:\/\/espak.ee\/epood\/toode\/filter-3m-p3\/","title":{"rendered":"TOLMUFILTER 3M P3"},"content":{"rendered":"<div class=\"row\"  id=\"row-957274394\">\n\n\t<div id=\"col-106852810\" class=\"col medium-9 small-12 large-9\"  >\n\t\t\t\t<div class=\"col-inner\"  >\n\t\t\t\n\t\t\t\n<h2>3M tolmufilter P3<\/h2>\n<p>3M filter P3 v\u00e4ikese hingamistakistusega. Sobib kasutamiseks 3M poolmaskidega ja t\u00e4ismaskidega. Vahet\u00fcki 3M 502 abil v\u00f5imalik \u00fchendada ka 6000 seeria gaasifiltritega. Gaasifilter omab standardit EN 141 \u2013  hingamisteede kaitsevahendite \u00fcldn\u00f5ue.<\/p>\n<p>Unikaalse bajonettkinnitusega filtris\u00fcsteemiga saab P3 filtreid v\u00e4ga lihtsalt maskide k\u00fclge kinnitada. \u00d5ige maski ja filtri t\u00fc\u00fcbi valik s\u00f5ltub vastavast t\u00f6\u00f6keskkonnast ja individuaalsetest vajadustest. Kaitseklass P3R pakub kaitset tahkete ja vedelate tolmuosakeste vastu \u2013 k\u00f5vas plastikkarbis, et vastu pidada n\u00f5udlikes tingimustes.<\/p>\n<p>3M\u2122 kannustab kogu maailmas innovatsiooni ja s\u00fctitab progressi, panustades samal ajal keskkonnakaitse, sotsiaalse vastutuse ja majandusliku progressi kaudu t\u00f5eliselt \u00fclemaailmsesse j\u00e4tkusuutlikku arengusse. Nende eesm\u00e4rk on tuua inimesteni mugavad, h\u00e4sti kavandatud isikukaitsevahendid (IKV), mis tagavad t\u00f5husaima v\u00f5imaliku kaitse.<\/p>\n<p>> Kaitseklass P3R<br \/>\n> EN 141<br \/>\n\t<div id=\"gap-1397444520\" class=\"gap-element clearfix\" style=\"display:block; height:auto;\">\n\t\t\n<style>\n#gap-1397444520 {\n  padding-top: 30px;\n}\n<\/style>\n\t<\/div>\n\t\n\t\t<\/div>\n\t\t\t\t\t<\/div>\n\n\t\n\n\t<div id=\"col-1391440386\" class=\"col medium-3 small-12 large-3\"  >\n\t\t\t\t<div class=\"col-inner\"  >\n\t\t\t\n\t\t\t\n\t<div id=\"gap-1787043430\" class=\"gap-element clearfix\" style=\"display:block; height:auto;\">\n\t\t\n<style>\n#gap-1787043430 {\n  padding-top: 30px;\n}\n<\/style>\n\t<\/div>\n\t\n<div class=\"is-divider divider clearfix\" ><\/div>\n<p><strong>\u00dcksikasjalikuma n\u00f5u saamiseks v\u00f5tke \u00fchendust:<br \/><\/strong>Becky AS<br \/>Laki 30A \/ Kadaka tee 129<br \/>12915<br \/>Tallinn<br \/>+372 670 6880<\/p>\n<div class=\"is-divider divider clearfix\" ><\/div>\n\t\t<\/div>\n\t\t\t\t\t<\/div>\n\n\t\n<\/div>\n","protected":false},"excerpt":{"rendered":"","protected":false},"featured_media":18566,"comment_status":"closed","ping_status":"closed","template":"","meta":[],"product_brand":[],"product_cat":[2788,3015,2973,2972],"product_tag":[],"class_list":{"0":"post-17278","1":"product","2":"type-product","3":"status-publish","4":"has-post-thumbnail","6":"product_cat-aiatarbed-ja-kodukaubad","7":"product_cat-hingamiskaitsed","8":"product_cat-isikukaitsevahendid","9":"product_cat-tookaitsevahendid","10":"pa_kaubamark-becky-as","12":"first","13":"instock","14":"sale","15":"taxable","16":"shipping-taxable","17":"purchasable","18":"product-type-simple"},"yoast_head":"<!-- This site is optimized with the Yoast SEO plugin v26.9 - https:\/\/yoast.com\/product\/yoast-seo-wordpress\/ -->\n<title>TOLMUFILTER 3M P3 - Espak E-pood<\/title>\n<meta name=\"robots\" content=\"index, follow, max-snippet:-1, max-image-preview:large, max-video-preview:-1\" \/>\n<link rel=\"canonical\" href=\"https:\/\/espak.ee\/epood\/toode\/filter-3m-p3\/\" \/>\n<meta property=\"og:locale\" content=\"et_EE\" \/>\n<meta property=\"og:type\" content=\"article\" \/>\n<meta property=\"og:title\" content=\"TOLMUFILTER 3M P3 - Espak E-pood\" \/>\n<meta property=\"og:url\" content=\"https:\/\/espak.ee\/epood\/toode\/filter-3m-p3\/\" \/>\n<meta property=\"og:site_name\" content=\"Espak E-pood\" \/>\n<meta property=\"article:modified_time\" content=\"2026-01-11T20:53:20+00:00\" \/>\n<meta property=\"og:image\" content=\"https:\/\/espak.ee\/epood\/wp-content\/uploads\/3M-FILTER-P3-6035.jpg\" \/>\n\t<meta property=\"og:image:width\" content=\"450\" \/>\n\t<meta property=\"og:image:height\" content=\"450\" \/>\n\t<meta property=\"og:image:type\" content=\"image\/jpeg\" \/>\n<meta name=\"twitter:card\" content=\"summary_large_image\" \/>\n<meta name=\"twitter:label1\" content=\"Est. reading time\" \/>\n\t<meta name=\"twitter:data1\" content=\"1 minut\" \/>\n<script type=\"application\/ld+json\" class=\"yoast-schema-graph\">{\"@context\":\"https:\/\/schema.org\",\"@graph\":[{\"@type\":\"WebPage\",\"@id\":\"https:\/\/espak.ee\/epood\/toode\/filter-3m-p3\/\",\"url\":\"https:\/\/espak.ee\/epood\/toode\/filter-3m-p3\/\",\"name\":\"TOLMUFILTER 3M P3 - Espak E-pood\",\"isPartOf\":{\"@id\":\"https:\/\/espak.ee\/epood\/#website\"},\"primaryImageOfPage\":{\"@id\":\"https:\/\/espak.ee\/epood\/toode\/filter-3m-p3\/#primaryimage\"},\"image\":{\"@id\":\"https:\/\/espak.ee\/epood\/toode\/filter-3m-p3\/#primaryimage\"},\"thumbnailUrl\":\"https:\/\/espak.ee\/epood\/wp-content\/uploads\/3M-FILTER-P3-6035.jpg\",\"datePublished\":\"2020-03-28T01:41:18+00:00\",\"dateModified\":\"2026-01-11T20:53:20+00:00\",\"breadcrumb\":{\"@id\":\"https:\/\/espak.ee\/epood\/toode\/filter-3m-p3\/#breadcrumb\"},\"inLanguage\":\"et\",\"potentialAction\":[{\"@type\":\"ReadAction\",\"target\":[\"https:\/\/espak.ee\/epood\/toode\/filter-3m-p3\/\"]}]},{\"@type\":\"ImageObject\",\"inLanguage\":\"et\",\"@id\":\"https:\/\/espak.ee\/epood\/toode\/filter-3m-p3\/#primaryimage\",\"url\":\"https:\/\/espak.ee\/epood\/wp-content\/uploads\/3M-FILTER-P3-6035.jpg\",\"contentUrl\":\"https:\/\/espak.ee\/epood\/wp-content\/uploads\/3M-FILTER-P3-6035.jpg\",\"width\":450,\"height\":450},{\"@type\":\"BreadcrumbList\",\"@id\":\"https:\/\/espak.ee\/epood\/toode\/filter-3m-p3\/#breadcrumb\",\"itemListElement\":[{\"@type\":\"ListItem\",\"position\":1,\"name\":\"Home\",\"item\":\"https:\/\/espak.ee\/epood\/\"},{\"@type\":\"ListItem\",\"position\":2,\"name\":\"Tootevalik\",\"item\":\"https:\/\/espak.ee\/epood\/tootevalik\/\"},{\"@type\":\"ListItem\",\"position\":3,\"name\":\"TOLMUFILTER 3M P3\"}]},{\"@type\":\"WebSite\",\"@id\":\"https:\/\/espak.ee\/epood\/#website\",\"url\":\"https:\/\/espak.ee\/epood\/\",\"name\":\"Espak E-pood\",\"description\":\"\",\"potentialAction\":[{\"@type\":\"SearchAction\",\"target\":{\"@type\":\"EntryPoint\",\"urlTemplate\":\"https:\/\/espak.ee\/epood\/?s={search_term_string}\"},\"query-input\":{\"@type\":\"PropertyValueSpecification\",\"valueRequired\":true,\"valueName\":\"search_term_string\"}}],\"inLanguage\":\"et\"}]}<\/script>\n<!-- \/ Yoast SEO plugin. -->","yoast_head_json":{"title":"TOLMUFILTER 3M P3 - Espak E-pood","robots":{"index":"index","follow":"follow","max-snippet":"max-snippet:-1","max-image-preview":"max-image-preview:large","max-video-preview":"max-video-preview:-1"},"canonical":"https:\/\/espak.ee\/epood\/toode\/filter-3m-p3\/","og_locale":"et_EE","og_type":"article","og_title":"TOLMUFILTER 3M P3 - Espak E-pood","og_url":"https:\/\/espak.ee\/epood\/toode\/filter-3m-p3\/","og_site_name":"Espak E-pood","article_modified_time":"2026-01-11T20:53:20+00:00","og_image":[{"width":450,"height":450,"url":"https:\/\/espak.ee\/epood\/wp-content\/uploads\/3M-FILTER-P3-6035.jpg","type":"image\/jpeg"}],"twitter_card":"summary_large_image","twitter_misc":{"Est. reading time":"1 minut"},"schema":{"@context":"https:\/\/schema.org","@graph":[{"@type":"WebPage","@id":"https:\/\/espak.ee\/epood\/toode\/filter-3m-p3\/","url":"https:\/\/espak.ee\/epood\/toode\/filter-3m-p3\/","name":"TOLMUFILTER 3M P3 - Espak E-pood","isPartOf":{"@id":"https:\/\/espak.ee\/epood\/#website"},"primaryImageOfPage":{"@id":"https:\/\/espak.ee\/epood\/toode\/filter-3m-p3\/#primaryimage"},"image":{"@id":"https:\/\/espak.ee\/epood\/toode\/filter-3m-p3\/#primaryimage"},"thumbnailUrl":"https:\/\/espak.ee\/epood\/wp-content\/uploads\/3M-FILTER-P3-6035.jpg","datePublished":"2020-03-28T01:41:18+00:00","dateModified":"2026-01-11T20:53:20+00:00","breadcrumb":{"@id":"https:\/\/espak.ee\/epood\/toode\/filter-3m-p3\/#breadcrumb"},"inLanguage":"et","potentialAction":[{"@type":"ReadAction","target":["https:\/\/espak.ee\/epood\/toode\/filter-3m-p3\/"]}]},{"@type":"ImageObject","inLanguage":"et","@id":"https:\/\/espak.ee\/epood\/toode\/filter-3m-p3\/#primaryimage","url":"https:\/\/espak.ee\/epood\/wp-content\/uploads\/3M-FILTER-P3-6035.jpg","contentUrl":"https:\/\/espak.ee\/epood\/wp-content\/uploads\/3M-FILTER-P3-6035.jpg","width":450,"height":450},{"@type":"BreadcrumbList","@id":"https:\/\/espak.ee\/epood\/toode\/filter-3m-p3\/#breadcrumb","itemListElement":[{"@type":"ListItem","position":1,"name":"Home","item":"https:\/\/espak.ee\/epood\/"},{"@type":"ListItem","position":2,"name":"Tootevalik","item":"https:\/\/espak.ee\/epood\/tootevalik\/"},{"@type":"ListItem","position":3,"name":"TOLMUFILTER 3M P3"}]},{"@type":"WebSite","@id":"https:\/\/espak.ee\/epood\/#website","url":"https:\/\/espak.ee\/epood\/","name":"Espak E-pood","description":"","potentialAction":[{"@type":"SearchAction","target":{"@type":"EntryPoint","urlTemplate":"https:\/\/espak.ee\/epood\/?s={search_term_string}"},"query-input":{"@type":"PropertyValueSpecification","valueRequired":true,"valueName":"search_term_string"}}],"inLanguage":"et"}]}},"_links":{"self":[{"href":"https:\/\/espak.ee\/epood\/wp-json\/wp\/v2\/product\/17278","targetHints":{"allow":["GET"]}}],"collection":[{"href":"https:\/\/espak.ee\/epood\/wp-json\/wp\/v2\/product"}],"about":[{"href":"https:\/\/espak.ee\/epood\/wp-json\/wp\/v2\/types\/product"}],"replies":[{"embeddable":true,"href":"https:\/\/espak.ee\/epood\/wp-json\/wp\/v2\/comments?post=17278"}],"wp:featuredmedia":[{"embeddable":true,"href":"https:\/\/espak.ee\/epood\/wp-json\/wp\/v2\/media\/18566"}],"wp:attachment":[{"href":"https:\/\/espak.ee\/epood\/wp-json\/wp\/v2\/media?parent=17278"}],"wp:term":[{"taxonomy":"product_brand","embeddable":true,"href":"https:\/\/espak.ee\/epood\/wp-json\/wp\/v2\/product_brand?post=17278"},{"taxonomy":"product_cat","embeddable":true,"href":"https:\/\/espak.ee\/epood\/wp-json\/wp\/v2\/product_cat?post=17278"},{"taxonomy":"product_tag","embeddable":true,"href":"https:\/\/espak.ee\/epood\/wp-json\/wp\/v2\/product_tag?post=17278"}],"curies":[{"name":"wp","href":"https:\/\/api.w.org\/{rel}","templated":true}]}}