{"id":17270,"date":"2020-03-28T03:41:14","date_gmt":"2020-03-28T01:41:14","guid":{"rendered":"https:\/\/espak.ee\/hinnakiri\/?post_type=product&#038;p=17270"},"modified":"2024-09-01T12:41:32","modified_gmt":"2024-09-01T09:41:32","slug":"korvaklapid-ep-max-400","status":"publish","type":"product","link":"https:\/\/espak.ee\/epood\/toode\/korvaklapid-ep-max-400\/","title":{"rendered":"K\u00d5RVAKLAPID EP MAX 400"},"content":{"rendered":"<div class=\"row\"  id=\"row-1117077515\">\n\n\t<div id=\"col-393953025\" class=\"col medium-9 small-12 large-9\"  >\n\t\t\t\t<div class=\"col-inner\"  >\n\t\t\t\n\t\t\t\n<h2>EARLINE k\u00f5rvaklapid MAX 400<\/h2>\n<p>EARLINE k\u00f5rvaklapid MAX 400 sobivad keskmise ja n\u00f5rgema m\u00fcra summutamiseks. K\u00f5rvaklapid kaitsevad k\u00f5rvu kahjuliku m\u00fcra eest ning ennetavad kuulmiskahjustuste teket. Peav\u00f5rul on pehmendused ning neid saab erineva peakuju j\u00e4rgi reguleerida, mille t\u00f5ttu on need mugav kanda ka pikema aja jooksul.<\/p>\n<p>EARLINE k\u00f5rvaklapid vastavad EN 352-1 k\u00f5rvaklappide \u00fcldstandardile.<\/p>\n<p>> EN 352-1<br \/>\n> SNR 25 dB<br \/>\n> Kaal 178 g<\/p>\n\t<div id=\"gap-1151189371\" class=\"gap-element clearfix\" style=\"display:block; height:auto;\">\n\t\t\n<style>\n#gap-1151189371 {\n  padding-top: 30px;\n}\n<\/style>\n\t<\/div>\n\t\n\t\t<\/div>\n\t\t\t\t\t<\/div>\n\n\t\n\n\t<div id=\"col-507688005\" class=\"col medium-3 small-12 large-3\"  >\n\t\t\t\t<div class=\"col-inner\"  >\n\t\t\t\n\t\t\t\n\t<div id=\"gap-779742605\" class=\"gap-element clearfix\" style=\"display:block; height:auto;\">\n\t\t\n<style>\n#gap-779742605 {\n  padding-top: 30px;\n}\n<\/style>\n\t<\/div>\n\t\n<div class=\"is-divider divider clearfix\" ><\/div>\n<p><strong>\u00dcksikasjalikuma n\u00f5u saamiseks v\u00f5tke \u00fchendust:<br \/><\/strong>Becky AS<br \/>Laki 30A \/ Kadaka tee 129<br \/>12915<br \/>Tallinn<br \/>+372 670 6880<\/p>\n<div class=\"is-divider divider clearfix\" ><\/div>\n\t\t<\/div>\n\t\t\t\t\t<\/div>\n\n\t\n<\/div>\n","protected":false},"excerpt":{"rendered":"","protected":false},"featured_media":18527,"comment_status":"closed","ping_status":"open","template":"","meta":[],"product_brand":[],"product_cat":[2788,2973,2975,2972],"product_tag":[],"class_list":{"0":"post-17270","1":"product","2":"type-product","3":"status-publish","4":"has-post-thumbnail","6":"product_cat-aiatarbed-ja-kodukaubad","7":"product_cat-isikukaitsevahendid","8":"product_cat-kuulmiskaitsed","9":"product_cat-tookaitsevahendid","10":"pa_kaubamark-becky-as","12":"first","13":"instock","14":"sale","15":"taxable","16":"shipping-taxable","17":"purchasable","18":"product-type-simple"},"yoast_head":"<!-- This site is optimized with the Yoast SEO plugin v26.9 - https:\/\/yoast.com\/product\/yoast-seo-wordpress\/ -->\n<title>K\u00d5RVAKLAPID EP MAX 400 - Espak E-pood<\/title>\n<meta name=\"robots\" content=\"index, follow, max-snippet:-1, max-image-preview:large, max-video-preview:-1\" \/>\n<link rel=\"canonical\" href=\"https:\/\/espak.ee\/epood\/toode\/korvaklapid-ep-max-400\/\" \/>\n<meta property=\"og:locale\" content=\"et_EE\" \/>\n<meta property=\"og:type\" content=\"article\" \/>\n<meta property=\"og:title\" content=\"K\u00d5RVAKLAPID EP MAX 400 - Espak E-pood\" \/>\n<meta property=\"og:url\" content=\"https:\/\/espak.ee\/epood\/toode\/korvaklapid-ep-max-400\/\" \/>\n<meta property=\"og:site_name\" content=\"Espak E-pood\" \/>\n<meta property=\"article:modified_time\" content=\"2024-09-01T09:41:32+00:00\" \/>\n<meta property=\"og:image\" content=\"https:\/\/espak.ee\/epood\/wp-content\/uploads\/EARLINE-K\u00d5RVAKLAPID-MAX-400-31040.jpg\" \/>\n\t<meta property=\"og:image:width\" content=\"450\" \/>\n\t<meta property=\"og:image:height\" content=\"450\" \/>\n\t<meta property=\"og:image:type\" content=\"image\/jpeg\" \/>\n<meta name=\"twitter:card\" content=\"summary_large_image\" \/>\n<script type=\"application\/ld+json\" class=\"yoast-schema-graph\">{\"@context\":\"https:\/\/schema.org\",\"@graph\":[{\"@type\":\"WebPage\",\"@id\":\"https:\/\/espak.ee\/epood\/toode\/korvaklapid-ep-max-400\/\",\"url\":\"https:\/\/espak.ee\/epood\/toode\/korvaklapid-ep-max-400\/\",\"name\":\"K\u00d5RVAKLAPID EP MAX 400 - Espak E-pood\",\"isPartOf\":{\"@id\":\"https:\/\/espak.ee\/epood\/#website\"},\"primaryImageOfPage\":{\"@id\":\"https:\/\/espak.ee\/epood\/toode\/korvaklapid-ep-max-400\/#primaryimage\"},\"image\":{\"@id\":\"https:\/\/espak.ee\/epood\/toode\/korvaklapid-ep-max-400\/#primaryimage\"},\"thumbnailUrl\":\"https:\/\/espak.ee\/epood\/wp-content\/uploads\/EARLINE-K\u00d5RVAKLAPID-MAX-400-31040.jpg\",\"datePublished\":\"2020-03-28T01:41:14+00:00\",\"dateModified\":\"2024-09-01T09:41:32+00:00\",\"breadcrumb\":{\"@id\":\"https:\/\/espak.ee\/epood\/toode\/korvaklapid-ep-max-400\/#breadcrumb\"},\"inLanguage\":\"et\",\"potentialAction\":[{\"@type\":\"ReadAction\",\"target\":[\"https:\/\/espak.ee\/epood\/toode\/korvaklapid-ep-max-400\/\"]}]},{\"@type\":\"ImageObject\",\"inLanguage\":\"et\",\"@id\":\"https:\/\/espak.ee\/epood\/toode\/korvaklapid-ep-max-400\/#primaryimage\",\"url\":\"https:\/\/espak.ee\/epood\/wp-content\/uploads\/EARLINE-K\u00d5RVAKLAPID-MAX-400-31040.jpg\",\"contentUrl\":\"https:\/\/espak.ee\/epood\/wp-content\/uploads\/EARLINE-K\u00d5RVAKLAPID-MAX-400-31040.jpg\",\"width\":450,\"height\":450},{\"@type\":\"BreadcrumbList\",\"@id\":\"https:\/\/espak.ee\/epood\/toode\/korvaklapid-ep-max-400\/#breadcrumb\",\"itemListElement\":[{\"@type\":\"ListItem\",\"position\":1,\"name\":\"Home\",\"item\":\"https:\/\/espak.ee\/epood\/\"},{\"@type\":\"ListItem\",\"position\":2,\"name\":\"Tootevalik\",\"item\":\"https:\/\/espak.ee\/epood\/tootevalik\/\"},{\"@type\":\"ListItem\",\"position\":3,\"name\":\"K\u00d5RVAKLAPID EP MAX 400\"}]},{\"@type\":\"WebSite\",\"@id\":\"https:\/\/espak.ee\/epood\/#website\",\"url\":\"https:\/\/espak.ee\/epood\/\",\"name\":\"Espak E-pood\",\"description\":\"\",\"potentialAction\":[{\"@type\":\"SearchAction\",\"target\":{\"@type\":\"EntryPoint\",\"urlTemplate\":\"https:\/\/espak.ee\/epood\/?s={search_term_string}\"},\"query-input\":{\"@type\":\"PropertyValueSpecification\",\"valueRequired\":true,\"valueName\":\"search_term_string\"}}],\"inLanguage\":\"et\"}]}<\/script>\n<!-- \/ Yoast SEO plugin. -->","yoast_head_json":{"title":"K\u00d5RVAKLAPID EP MAX 400 - Espak E-pood","robots":{"index":"index","follow":"follow","max-snippet":"max-snippet:-1","max-image-preview":"max-image-preview:large","max-video-preview":"max-video-preview:-1"},"canonical":"https:\/\/espak.ee\/epood\/toode\/korvaklapid-ep-max-400\/","og_locale":"et_EE","og_type":"article","og_title":"K\u00d5RVAKLAPID EP MAX 400 - Espak E-pood","og_url":"https:\/\/espak.ee\/epood\/toode\/korvaklapid-ep-max-400\/","og_site_name":"Espak E-pood","article_modified_time":"2024-09-01T09:41:32+00:00","og_image":[{"width":450,"height":450,"url":"https:\/\/espak.ee\/epood\/wp-content\/uploads\/EARLINE-K\u00d5RVAKLAPID-MAX-400-31040.jpg","type":"image\/jpeg"}],"twitter_card":"summary_large_image","schema":{"@context":"https:\/\/schema.org","@graph":[{"@type":"WebPage","@id":"https:\/\/espak.ee\/epood\/toode\/korvaklapid-ep-max-400\/","url":"https:\/\/espak.ee\/epood\/toode\/korvaklapid-ep-max-400\/","name":"K\u00d5RVAKLAPID EP MAX 400 - Espak E-pood","isPartOf":{"@id":"https:\/\/espak.ee\/epood\/#website"},"primaryImageOfPage":{"@id":"https:\/\/espak.ee\/epood\/toode\/korvaklapid-ep-max-400\/#primaryimage"},"image":{"@id":"https:\/\/espak.ee\/epood\/toode\/korvaklapid-ep-max-400\/#primaryimage"},"thumbnailUrl":"https:\/\/espak.ee\/epood\/wp-content\/uploads\/EARLINE-K\u00d5RVAKLAPID-MAX-400-31040.jpg","datePublished":"2020-03-28T01:41:14+00:00","dateModified":"2024-09-01T09:41:32+00:00","breadcrumb":{"@id":"https:\/\/espak.ee\/epood\/toode\/korvaklapid-ep-max-400\/#breadcrumb"},"inLanguage":"et","potentialAction":[{"@type":"ReadAction","target":["https:\/\/espak.ee\/epood\/toode\/korvaklapid-ep-max-400\/"]}]},{"@type":"ImageObject","inLanguage":"et","@id":"https:\/\/espak.ee\/epood\/toode\/korvaklapid-ep-max-400\/#primaryimage","url":"https:\/\/espak.ee\/epood\/wp-content\/uploads\/EARLINE-K\u00d5RVAKLAPID-MAX-400-31040.jpg","contentUrl":"https:\/\/espak.ee\/epood\/wp-content\/uploads\/EARLINE-K\u00d5RVAKLAPID-MAX-400-31040.jpg","width":450,"height":450},{"@type":"BreadcrumbList","@id":"https:\/\/espak.ee\/epood\/toode\/korvaklapid-ep-max-400\/#breadcrumb","itemListElement":[{"@type":"ListItem","position":1,"name":"Home","item":"https:\/\/espak.ee\/epood\/"},{"@type":"ListItem","position":2,"name":"Tootevalik","item":"https:\/\/espak.ee\/epood\/tootevalik\/"},{"@type":"ListItem","position":3,"name":"K\u00d5RVAKLAPID EP MAX 400"}]},{"@type":"WebSite","@id":"https:\/\/espak.ee\/epood\/#website","url":"https:\/\/espak.ee\/epood\/","name":"Espak E-pood","description":"","potentialAction":[{"@type":"SearchAction","target":{"@type":"EntryPoint","urlTemplate":"https:\/\/espak.ee\/epood\/?s={search_term_string}"},"query-input":{"@type":"PropertyValueSpecification","valueRequired":true,"valueName":"search_term_string"}}],"inLanguage":"et"}]}},"_links":{"self":[{"href":"https:\/\/espak.ee\/epood\/wp-json\/wp\/v2\/product\/17270","targetHints":{"allow":["GET"]}}],"collection":[{"href":"https:\/\/espak.ee\/epood\/wp-json\/wp\/v2\/product"}],"about":[{"href":"https:\/\/espak.ee\/epood\/wp-json\/wp\/v2\/types\/product"}],"replies":[{"embeddable":true,"href":"https:\/\/espak.ee\/epood\/wp-json\/wp\/v2\/comments?post=17270"}],"wp:featuredmedia":[{"embeddable":true,"href":"https:\/\/espak.ee\/epood\/wp-json\/wp\/v2\/media\/18527"}],"wp:attachment":[{"href":"https:\/\/espak.ee\/epood\/wp-json\/wp\/v2\/media?parent=17270"}],"wp:term":[{"taxonomy":"product_brand","embeddable":true,"href":"https:\/\/espak.ee\/epood\/wp-json\/wp\/v2\/product_brand?post=17270"},{"taxonomy":"product_cat","embeddable":true,"href":"https:\/\/espak.ee\/epood\/wp-json\/wp\/v2\/product_cat?post=17270"},{"taxonomy":"product_tag","embeddable":true,"href":"https:\/\/espak.ee\/epood\/wp-json\/wp\/v2\/product_tag?post=17270"}],"curies":[{"name":"wp","href":"https:\/\/api.w.org\/{rel}","templated":true}]}}