{"id":169831,"date":"2023-08-16T14:39:48","date_gmt":"2023-08-16T11:39:48","guid":{"rendered":"https:\/\/espak.ee\/epood\/?post_type=product&#038;p=169831"},"modified":"2025-04-25T15:23:53","modified_gmt":"2025-04-25T12:23:53","slug":"pop-up-vihmuti-md180-gardena","status":"publish","type":"product","link":"https:\/\/espak.ee\/epood\/toode\/pop-up-vihmuti-md180-gardena\/","title":{"rendered":"POP-UP VIHMUTI MD180 GARDENA"},"content":{"rendered":"<div class=\"row\"  id=\"row-168242320\">\n\n\t<div id=\"col-1101744680\" class=\"col medium-9 small-12 large-9\"  >\n\t\t\t\t<div class=\"col-inner\"  >\n\t\t\t\n\t\t\t\n<h2>Pop-up vihmuti MD180 Gardena<\/h2>\n<p><strong>Kuni 180 m\u00b2 alade automaatne kastmine. <\/strong> <\/p>\n<p>GARDENA kastmiss\u00fcsteemi pop-up vihmuti MD180 v\u00f5imaldab keskmise suurusega muru automaatselt kasta. Kastmisseade aitab luua rohelise ja terve muru. Automaatne muruniisutus kaitseb teie muru kuivamise eest mugavalt ja aega s\u00e4\u00e4stval viisil. Praktiline maa-alune s\u00fcsteem tagab, et vihmuti on vaevalt n\u00e4htav.<br \/>\n Pop-up vihmuti avaldab muljet t\u00e4pse kastmisega \u2013 s\u00f5ltumata kastmisulatusest ja kastetavast alast. See aitab s\u00e4\u00e4sta vett.<br \/>\n T\u00e4nu ergonoomilisele disainile saate reguleerida kastmisala vahemikus 5\u20137,5 m ja kastmissektorit vahemikus 80\u2013360\u00b0 \u2013 m\u00f5lemad ilma t\u00f6\u00f6riistadeta. P\u00f6\u00f6rdd\u00fc\u00fcsi v\u00e4hendatud veevool v\u00f5imaldab taimel paremini vett imada. See hoiab \u00e4ra vee raiskamise. \u00dchtlane ja t\u00e4pne pihustusmuster kogu kastmisalal v\u00f5imaldab t\u00f5husat aia kastmist. Vihmuti on mustuse eest kaitstud t\u00e4nu Double Pop-up s\u00fcsteemile ja integreeritud filtrile.<br \/>\n T\u00e4nu 1\/2&#8243; sisekeermele saate vihmuti h\u00f5lpsasti oma olemasolevasse kastmiss\u00fcsteemi \u00fchendada. Praktiline pop-up vihmuti MD180 \u00fchildub k\u00f5igi GARDENA vihmutitega. Vihmutil on sama veevool nagu GARDENA T200 ja T380 vihmutid, et saaksite vihmutid \u00fchte kastmiss\u00fcsteemi kombineerida. Kastmiss\u00fcsteem, mis m\u00f5istab Teie muru. Usaldusv\u00e4\u00e4rne ja vett s\u00e4\u00e4stev muru kastmine.\n<\/p>\n\t\t<\/div>\n\t\t\t\t\t<\/div>\n\n\t\n\n\t<div id=\"col-1474703497\" class=\"col medium-3 small-12 large-3\"  >\n\t\t\t\t<div class=\"col-inner\"  >\n\t\t\t\n\t\t\t\n\t<div id=\"gap-1176476147\" class=\"gap-element clearfix\" style=\"display:block; height:auto;\">\n\t\t\n<style>\n#gap-1176476147 {\n  padding-top: 30px;\n}\n<\/style>\n\t<\/div>\n\t\n<div class=\"is-divider divider clearfix\" ><\/div>\n<p><strong>\u00dcksikasjalikuma n\u00f5u saamiseks v\u00f5tke \u00fchendust:<br \/><\/strong>Espak AS<br \/>Viadukti 42<br \/>11313<br \/>Tallinn<br \/>+372 6 512333<\/p>\n<div class=\"is-divider divider clearfix\" ><\/div>\n\t\t<\/div>\n\t\t\t\t\t<\/div>\n\n\t\n<\/div>\n","protected":false},"excerpt":{"rendered":"","protected":false},"featured_media":186255,"comment_status":"closed","ping_status":"closed","template":"","meta":[],"product_brand":[],"product_cat":[2789,2788,3280,3365],"product_tag":[],"class_list":{"0":"post-169831","1":"product","2":"type-product","3":"status-publish","4":"has-post-thumbnail","6":"product_cat-aiatarbed","7":"product_cat-aiatarbed-ja-kodukaubad","8":"product_cat-kastmistarvikud","9":"product_cat-vihmutid","10":"pa_kaubamark-husqvarna-eesti-ou","12":"first","13":"instock","14":"sale","15":"taxable","16":"shipping-taxable","17":"purchasable","18":"product-type-simple"},"yoast_head":"<!-- This site is optimized with the Yoast SEO plugin v26.9 - https:\/\/yoast.com\/product\/yoast-seo-wordpress\/ -->\n<title>POP-UP VIHMUTI MD180 GARDENA - Espak E-pood<\/title>\n<meta name=\"robots\" content=\"index, follow, max-snippet:-1, max-image-preview:large, max-video-preview:-1\" \/>\n<link rel=\"canonical\" href=\"https:\/\/espak.ee\/epood\/toode\/pop-up-vihmuti-md180-gardena\/\" \/>\n<meta property=\"og:locale\" content=\"et_EE\" \/>\n<meta property=\"og:type\" content=\"article\" \/>\n<meta property=\"og:title\" content=\"POP-UP VIHMUTI MD180 GARDENA - Espak E-pood\" \/>\n<meta property=\"og:url\" content=\"https:\/\/espak.ee\/epood\/toode\/pop-up-vihmuti-md180-gardena\/\" \/>\n<meta property=\"og:site_name\" content=\"Espak E-pood\" \/>\n<meta property=\"article:modified_time\" content=\"2025-04-25T12:23:53+00:00\" \/>\n<meta property=\"og:image\" content=\"https:\/\/espak.ee\/epood\/wp-content\/uploads\/2023\/08\/AR-835169.jpg\" \/>\n\t<meta property=\"og:image:width\" content=\"800\" \/>\n\t<meta property=\"og:image:height\" content=\"800\" \/>\n\t<meta property=\"og:image:type\" content=\"image\/jpeg\" \/>\n<meta name=\"twitter:card\" content=\"summary_large_image\" \/>\n<meta name=\"twitter:label1\" content=\"Est. reading time\" \/>\n\t<meta name=\"twitter:data1\" content=\"1 minut\" \/>\n<script type=\"application\/ld+json\" class=\"yoast-schema-graph\">{\"@context\":\"https:\/\/schema.org\",\"@graph\":[{\"@type\":\"WebPage\",\"@id\":\"https:\/\/espak.ee\/epood\/toode\/pop-up-vihmuti-md180-gardena\/\",\"url\":\"https:\/\/espak.ee\/epood\/toode\/pop-up-vihmuti-md180-gardena\/\",\"name\":\"POP-UP VIHMUTI MD180 GARDENA - Espak E-pood\",\"isPartOf\":{\"@id\":\"https:\/\/espak.ee\/epood\/#website\"},\"primaryImageOfPage\":{\"@id\":\"https:\/\/espak.ee\/epood\/toode\/pop-up-vihmuti-md180-gardena\/#primaryimage\"},\"image\":{\"@id\":\"https:\/\/espak.ee\/epood\/toode\/pop-up-vihmuti-md180-gardena\/#primaryimage\"},\"thumbnailUrl\":\"https:\/\/espak.ee\/epood\/wp-content\/uploads\/2023\/08\/AR-835169.jpg\",\"datePublished\":\"2023-08-16T11:39:48+00:00\",\"dateModified\":\"2025-04-25T12:23:53+00:00\",\"breadcrumb\":{\"@id\":\"https:\/\/espak.ee\/epood\/toode\/pop-up-vihmuti-md180-gardena\/#breadcrumb\"},\"inLanguage\":\"et\",\"potentialAction\":[{\"@type\":\"ReadAction\",\"target\":[\"https:\/\/espak.ee\/epood\/toode\/pop-up-vihmuti-md180-gardena\/\"]}]},{\"@type\":\"ImageObject\",\"inLanguage\":\"et\",\"@id\":\"https:\/\/espak.ee\/epood\/toode\/pop-up-vihmuti-md180-gardena\/#primaryimage\",\"url\":\"https:\/\/espak.ee\/epood\/wp-content\/uploads\/2023\/08\/AR-835169.jpg\",\"contentUrl\":\"https:\/\/espak.ee\/epood\/wp-content\/uploads\/2023\/08\/AR-835169.jpg\",\"width\":800,\"height\":800},{\"@type\":\"BreadcrumbList\",\"@id\":\"https:\/\/espak.ee\/epood\/toode\/pop-up-vihmuti-md180-gardena\/#breadcrumb\",\"itemListElement\":[{\"@type\":\"ListItem\",\"position\":1,\"name\":\"Home\",\"item\":\"https:\/\/espak.ee\/epood\/\"},{\"@type\":\"ListItem\",\"position\":2,\"name\":\"Tootevalik\",\"item\":\"https:\/\/espak.ee\/epood\/tootevalik\/\"},{\"@type\":\"ListItem\",\"position\":3,\"name\":\"POP-UP VIHMUTI MD180 GARDENA\"}]},{\"@type\":\"WebSite\",\"@id\":\"https:\/\/espak.ee\/epood\/#website\",\"url\":\"https:\/\/espak.ee\/epood\/\",\"name\":\"Espak E-pood\",\"description\":\"\",\"potentialAction\":[{\"@type\":\"SearchAction\",\"target\":{\"@type\":\"EntryPoint\",\"urlTemplate\":\"https:\/\/espak.ee\/epood\/?s={search_term_string}\"},\"query-input\":{\"@type\":\"PropertyValueSpecification\",\"valueRequired\":true,\"valueName\":\"search_term_string\"}}],\"inLanguage\":\"et\"}]}<\/script>\n<!-- \/ Yoast SEO plugin. -->","yoast_head_json":{"title":"POP-UP VIHMUTI MD180 GARDENA - Espak E-pood","robots":{"index":"index","follow":"follow","max-snippet":"max-snippet:-1","max-image-preview":"max-image-preview:large","max-video-preview":"max-video-preview:-1"},"canonical":"https:\/\/espak.ee\/epood\/toode\/pop-up-vihmuti-md180-gardena\/","og_locale":"et_EE","og_type":"article","og_title":"POP-UP VIHMUTI MD180 GARDENA - Espak E-pood","og_url":"https:\/\/espak.ee\/epood\/toode\/pop-up-vihmuti-md180-gardena\/","og_site_name":"Espak E-pood","article_modified_time":"2025-04-25T12:23:53+00:00","og_image":[{"width":800,"height":800,"url":"https:\/\/espak.ee\/epood\/wp-content\/uploads\/2023\/08\/AR-835169.jpg","type":"image\/jpeg"}],"twitter_card":"summary_large_image","twitter_misc":{"Est. reading time":"1 minut"},"schema":{"@context":"https:\/\/schema.org","@graph":[{"@type":"WebPage","@id":"https:\/\/espak.ee\/epood\/toode\/pop-up-vihmuti-md180-gardena\/","url":"https:\/\/espak.ee\/epood\/toode\/pop-up-vihmuti-md180-gardena\/","name":"POP-UP VIHMUTI MD180 GARDENA - Espak E-pood","isPartOf":{"@id":"https:\/\/espak.ee\/epood\/#website"},"primaryImageOfPage":{"@id":"https:\/\/espak.ee\/epood\/toode\/pop-up-vihmuti-md180-gardena\/#primaryimage"},"image":{"@id":"https:\/\/espak.ee\/epood\/toode\/pop-up-vihmuti-md180-gardena\/#primaryimage"},"thumbnailUrl":"https:\/\/espak.ee\/epood\/wp-content\/uploads\/2023\/08\/AR-835169.jpg","datePublished":"2023-08-16T11:39:48+00:00","dateModified":"2025-04-25T12:23:53+00:00","breadcrumb":{"@id":"https:\/\/espak.ee\/epood\/toode\/pop-up-vihmuti-md180-gardena\/#breadcrumb"},"inLanguage":"et","potentialAction":[{"@type":"ReadAction","target":["https:\/\/espak.ee\/epood\/toode\/pop-up-vihmuti-md180-gardena\/"]}]},{"@type":"ImageObject","inLanguage":"et","@id":"https:\/\/espak.ee\/epood\/toode\/pop-up-vihmuti-md180-gardena\/#primaryimage","url":"https:\/\/espak.ee\/epood\/wp-content\/uploads\/2023\/08\/AR-835169.jpg","contentUrl":"https:\/\/espak.ee\/epood\/wp-content\/uploads\/2023\/08\/AR-835169.jpg","width":800,"height":800},{"@type":"BreadcrumbList","@id":"https:\/\/espak.ee\/epood\/toode\/pop-up-vihmuti-md180-gardena\/#breadcrumb","itemListElement":[{"@type":"ListItem","position":1,"name":"Home","item":"https:\/\/espak.ee\/epood\/"},{"@type":"ListItem","position":2,"name":"Tootevalik","item":"https:\/\/espak.ee\/epood\/tootevalik\/"},{"@type":"ListItem","position":3,"name":"POP-UP VIHMUTI MD180 GARDENA"}]},{"@type":"WebSite","@id":"https:\/\/espak.ee\/epood\/#website","url":"https:\/\/espak.ee\/epood\/","name":"Espak E-pood","description":"","potentialAction":[{"@type":"SearchAction","target":{"@type":"EntryPoint","urlTemplate":"https:\/\/espak.ee\/epood\/?s={search_term_string}"},"query-input":{"@type":"PropertyValueSpecification","valueRequired":true,"valueName":"search_term_string"}}],"inLanguage":"et"}]}},"_links":{"self":[{"href":"https:\/\/espak.ee\/epood\/wp-json\/wp\/v2\/product\/169831","targetHints":{"allow":["GET"]}}],"collection":[{"href":"https:\/\/espak.ee\/epood\/wp-json\/wp\/v2\/product"}],"about":[{"href":"https:\/\/espak.ee\/epood\/wp-json\/wp\/v2\/types\/product"}],"replies":[{"embeddable":true,"href":"https:\/\/espak.ee\/epood\/wp-json\/wp\/v2\/comments?post=169831"}],"wp:featuredmedia":[{"embeddable":true,"href":"https:\/\/espak.ee\/epood\/wp-json\/wp\/v2\/media\/186255"}],"wp:attachment":[{"href":"https:\/\/espak.ee\/epood\/wp-json\/wp\/v2\/media?parent=169831"}],"wp:term":[{"taxonomy":"product_brand","embeddable":true,"href":"https:\/\/espak.ee\/epood\/wp-json\/wp\/v2\/product_brand?post=169831"},{"taxonomy":"product_cat","embeddable":true,"href":"https:\/\/espak.ee\/epood\/wp-json\/wp\/v2\/product_cat?post=169831"},{"taxonomy":"product_tag","embeddable":true,"href":"https:\/\/espak.ee\/epood\/wp-json\/wp\/v2\/product_tag?post=169831"}],"curies":[{"name":"wp","href":"https:\/\/api.w.org\/{rel}","templated":true}]}}