{"id":169830,"date":"2023-08-16T14:39:48","date_gmt":"2023-08-16T11:39:48","guid":{"rendered":"https:\/\/espak.ee\/epood\/?post_type=product&#038;p=169830"},"modified":"2024-06-27T10:27:37","modified_gmt":"2024-06-27T07:27:37","slug":"pop-up-vihmuti-sd30-gardena","status":"publish","type":"product","link":"https:\/\/espak.ee\/epood\/toode\/pop-up-vihmuti-sd30-gardena\/","title":{"rendered":"POP-UP VIHMUTI SD30 GARDENA"},"content":{"rendered":"<div class=\"row\"  id=\"row-708398439\">\n\n\t<div id=\"col-1989400523\" class=\"col medium-9 small-12 large-9\"  >\n\t\t\t\t<div class=\"col-inner\"  >\n\t\t\t\n\t\t\t\n<h2>Pop-up vihmuti SD30 Gardena<\/h2>\n<p><strong>Kuni 30 m\u00b2 alade automaatne kastmine. <\/strong> <\/p>\n<p>GARDENA pop-up vihmuti SD30 v\u00f5imaldab teil v\u00e4iksemaid ja kitsaid muruplatse automaatselt kasta ning s\u00e4ilitada rohelist ja tervet muru. Automaatne kastmine kaitseb teie muru kuivamise eest \u2013 see on mugav ja ajas\u00e4\u00e4stlik. Praktiline vihmuti on maa-aluse s\u00fcsteemi t\u00f5ttu teie aias vaevalt n\u00e4htav. Kastmine on alati t\u00e4pne, olenemata kastmisulatusest, nii s\u00e4\u00e4state vett.<br \/>\n T\u00e4nu ergonoomilisele disainile saab kastmisala pingevabalt ja ilma t\u00f6\u00f6riistadeta reguleerida vahemikus 5 kuni 360\u00b0. Kastmisala on reguleeritav 1,5\u20133 m, mis sobib ideaalselt kitsaste alade kastmiseks. Vihmuti tagab \u00fchtlase pihustusmustri kogu kastmisala ulatuses. Sisseehitatud filter tagab katkestusteta t\u00f6\u00f6.<br \/>\n T\u00e4nu 1\/2&#8243; sisekeermele saate vihmuti integreerida olemasolevatesse kastmiss\u00fcsteemidesse.<br \/>\n Pop-up vihmuti SD30 \u00fchildub k\u00f5igi GARDENA kastmiss\u00fcsteemi toodetega ja seda saab \u00fchendada olemasolevate GARDENA S-sarja kastmiss\u00fcsteemidega. Kastmiss\u00fcsteem, mis m\u00f5istab Teie muru. Usaldusv\u00e4\u00e4rne ja vett s\u00e4\u00e4stev muru kastmine.\n<\/p>\n\t\t<\/div>\n\t\t\t\t\t<\/div>\n\n\t\n\n\t<div id=\"col-1048194502\" class=\"col medium-3 small-12 large-3\"  >\n\t\t\t\t<div class=\"col-inner\"  >\n\t\t\t\n\t\t\t\n\t<div id=\"gap-1260267972\" class=\"gap-element clearfix\" style=\"display:block; height:auto;\">\n\t\t\n<style>\n#gap-1260267972 {\n  padding-top: 30px;\n}\n<\/style>\n\t<\/div>\n\t\n<div class=\"is-divider divider clearfix\" ><\/div>\n<p><strong>\u00dcksikasjalikuma n\u00f5u saamiseks v\u00f5tke \u00fchendust:<br \/><\/strong>Espak AS<br \/>Viadukti 42<br \/>11313<br \/>Tallinn<br \/>+372 6 512333<\/p>\n<div class=\"is-divider divider clearfix\" ><\/div>\n\t\t<\/div>\n\t\t\t\t\t<\/div>\n\n\t\n<\/div>\n","protected":false},"excerpt":{"rendered":"","protected":false},"featured_media":186251,"comment_status":"closed","ping_status":"closed","template":"","meta":[],"product_brand":[],"product_cat":[2789,2788,3280,3365],"product_tag":[],"class_list":{"0":"post-169830","1":"product","2":"type-product","3":"status-publish","4":"has-post-thumbnail","6":"product_cat-aiatarbed","7":"product_cat-aiatarbed-ja-kodukaubad","8":"product_cat-kastmistarvikud","9":"product_cat-vihmutid","10":"pa_kaubamark-husqvarna-eesti-ou","12":"first","13":"instock","14":"sale","15":"taxable","16":"shipping-taxable","17":"purchasable","18":"product-type-simple"},"yoast_head":"<!-- This site is optimized with the Yoast SEO plugin v26.9 - https:\/\/yoast.com\/product\/yoast-seo-wordpress\/ -->\n<title>POP-UP VIHMUTI SD30 GARDENA - Espak E-pood<\/title>\n<meta name=\"robots\" content=\"index, follow, max-snippet:-1, max-image-preview:large, max-video-preview:-1\" \/>\n<link rel=\"canonical\" href=\"https:\/\/espak.ee\/epood\/toode\/pop-up-vihmuti-sd30-gardena\/\" \/>\n<meta property=\"og:locale\" content=\"et_EE\" \/>\n<meta property=\"og:type\" content=\"article\" \/>\n<meta property=\"og:title\" content=\"POP-UP VIHMUTI SD30 GARDENA - Espak E-pood\" \/>\n<meta property=\"og:url\" content=\"https:\/\/espak.ee\/epood\/toode\/pop-up-vihmuti-sd30-gardena\/\" \/>\n<meta property=\"og:site_name\" content=\"Espak E-pood\" \/>\n<meta property=\"article:modified_time\" content=\"2024-06-27T07:27:37+00:00\" \/>\n<meta property=\"og:image\" content=\"https:\/\/espak.ee\/epood\/wp-content\/uploads\/2023\/08\/QN-165691.jpg\" \/>\n\t<meta property=\"og:image:width\" content=\"800\" \/>\n\t<meta property=\"og:image:height\" content=\"800\" \/>\n\t<meta property=\"og:image:type\" content=\"image\/jpeg\" \/>\n<meta name=\"twitter:card\" content=\"summary_large_image\" \/>\n<meta name=\"twitter:label1\" content=\"Est. reading time\" \/>\n\t<meta name=\"twitter:data1\" content=\"1 minut\" \/>\n<script type=\"application\/ld+json\" class=\"yoast-schema-graph\">{\"@context\":\"https:\/\/schema.org\",\"@graph\":[{\"@type\":\"WebPage\",\"@id\":\"https:\/\/espak.ee\/epood\/toode\/pop-up-vihmuti-sd30-gardena\/\",\"url\":\"https:\/\/espak.ee\/epood\/toode\/pop-up-vihmuti-sd30-gardena\/\",\"name\":\"POP-UP VIHMUTI SD30 GARDENA - Espak E-pood\",\"isPartOf\":{\"@id\":\"https:\/\/espak.ee\/epood\/#website\"},\"primaryImageOfPage\":{\"@id\":\"https:\/\/espak.ee\/epood\/toode\/pop-up-vihmuti-sd30-gardena\/#primaryimage\"},\"image\":{\"@id\":\"https:\/\/espak.ee\/epood\/toode\/pop-up-vihmuti-sd30-gardena\/#primaryimage\"},\"thumbnailUrl\":\"https:\/\/espak.ee\/epood\/wp-content\/uploads\/2023\/08\/QN-165691.jpg\",\"datePublished\":\"2023-08-16T11:39:48+00:00\",\"dateModified\":\"2024-06-27T07:27:37+00:00\",\"breadcrumb\":{\"@id\":\"https:\/\/espak.ee\/epood\/toode\/pop-up-vihmuti-sd30-gardena\/#breadcrumb\"},\"inLanguage\":\"et\",\"potentialAction\":[{\"@type\":\"ReadAction\",\"target\":[\"https:\/\/espak.ee\/epood\/toode\/pop-up-vihmuti-sd30-gardena\/\"]}]},{\"@type\":\"ImageObject\",\"inLanguage\":\"et\",\"@id\":\"https:\/\/espak.ee\/epood\/toode\/pop-up-vihmuti-sd30-gardena\/#primaryimage\",\"url\":\"https:\/\/espak.ee\/epood\/wp-content\/uploads\/2023\/08\/QN-165691.jpg\",\"contentUrl\":\"https:\/\/espak.ee\/epood\/wp-content\/uploads\/2023\/08\/QN-165691.jpg\",\"width\":800,\"height\":800},{\"@type\":\"BreadcrumbList\",\"@id\":\"https:\/\/espak.ee\/epood\/toode\/pop-up-vihmuti-sd30-gardena\/#breadcrumb\",\"itemListElement\":[{\"@type\":\"ListItem\",\"position\":1,\"name\":\"Home\",\"item\":\"https:\/\/espak.ee\/epood\/\"},{\"@type\":\"ListItem\",\"position\":2,\"name\":\"Tootevalik\",\"item\":\"https:\/\/espak.ee\/epood\/tootevalik\/\"},{\"@type\":\"ListItem\",\"position\":3,\"name\":\"POP-UP VIHMUTI SD30 GARDENA\"}]},{\"@type\":\"WebSite\",\"@id\":\"https:\/\/espak.ee\/epood\/#website\",\"url\":\"https:\/\/espak.ee\/epood\/\",\"name\":\"Espak E-pood\",\"description\":\"\",\"potentialAction\":[{\"@type\":\"SearchAction\",\"target\":{\"@type\":\"EntryPoint\",\"urlTemplate\":\"https:\/\/espak.ee\/epood\/?s={search_term_string}\"},\"query-input\":{\"@type\":\"PropertyValueSpecification\",\"valueRequired\":true,\"valueName\":\"search_term_string\"}}],\"inLanguage\":\"et\"}]}<\/script>\n<!-- \/ Yoast SEO plugin. -->","yoast_head_json":{"title":"POP-UP VIHMUTI SD30 GARDENA - Espak E-pood","robots":{"index":"index","follow":"follow","max-snippet":"max-snippet:-1","max-image-preview":"max-image-preview:large","max-video-preview":"max-video-preview:-1"},"canonical":"https:\/\/espak.ee\/epood\/toode\/pop-up-vihmuti-sd30-gardena\/","og_locale":"et_EE","og_type":"article","og_title":"POP-UP VIHMUTI SD30 GARDENA - Espak E-pood","og_url":"https:\/\/espak.ee\/epood\/toode\/pop-up-vihmuti-sd30-gardena\/","og_site_name":"Espak E-pood","article_modified_time":"2024-06-27T07:27:37+00:00","og_image":[{"width":800,"height":800,"url":"https:\/\/espak.ee\/epood\/wp-content\/uploads\/2023\/08\/QN-165691.jpg","type":"image\/jpeg"}],"twitter_card":"summary_large_image","twitter_misc":{"Est. reading time":"1 minut"},"schema":{"@context":"https:\/\/schema.org","@graph":[{"@type":"WebPage","@id":"https:\/\/espak.ee\/epood\/toode\/pop-up-vihmuti-sd30-gardena\/","url":"https:\/\/espak.ee\/epood\/toode\/pop-up-vihmuti-sd30-gardena\/","name":"POP-UP VIHMUTI SD30 GARDENA - Espak E-pood","isPartOf":{"@id":"https:\/\/espak.ee\/epood\/#website"},"primaryImageOfPage":{"@id":"https:\/\/espak.ee\/epood\/toode\/pop-up-vihmuti-sd30-gardena\/#primaryimage"},"image":{"@id":"https:\/\/espak.ee\/epood\/toode\/pop-up-vihmuti-sd30-gardena\/#primaryimage"},"thumbnailUrl":"https:\/\/espak.ee\/epood\/wp-content\/uploads\/2023\/08\/QN-165691.jpg","datePublished":"2023-08-16T11:39:48+00:00","dateModified":"2024-06-27T07:27:37+00:00","breadcrumb":{"@id":"https:\/\/espak.ee\/epood\/toode\/pop-up-vihmuti-sd30-gardena\/#breadcrumb"},"inLanguage":"et","potentialAction":[{"@type":"ReadAction","target":["https:\/\/espak.ee\/epood\/toode\/pop-up-vihmuti-sd30-gardena\/"]}]},{"@type":"ImageObject","inLanguage":"et","@id":"https:\/\/espak.ee\/epood\/toode\/pop-up-vihmuti-sd30-gardena\/#primaryimage","url":"https:\/\/espak.ee\/epood\/wp-content\/uploads\/2023\/08\/QN-165691.jpg","contentUrl":"https:\/\/espak.ee\/epood\/wp-content\/uploads\/2023\/08\/QN-165691.jpg","width":800,"height":800},{"@type":"BreadcrumbList","@id":"https:\/\/espak.ee\/epood\/toode\/pop-up-vihmuti-sd30-gardena\/#breadcrumb","itemListElement":[{"@type":"ListItem","position":1,"name":"Home","item":"https:\/\/espak.ee\/epood\/"},{"@type":"ListItem","position":2,"name":"Tootevalik","item":"https:\/\/espak.ee\/epood\/tootevalik\/"},{"@type":"ListItem","position":3,"name":"POP-UP VIHMUTI SD30 GARDENA"}]},{"@type":"WebSite","@id":"https:\/\/espak.ee\/epood\/#website","url":"https:\/\/espak.ee\/epood\/","name":"Espak E-pood","description":"","potentialAction":[{"@type":"SearchAction","target":{"@type":"EntryPoint","urlTemplate":"https:\/\/espak.ee\/epood\/?s={search_term_string}"},"query-input":{"@type":"PropertyValueSpecification","valueRequired":true,"valueName":"search_term_string"}}],"inLanguage":"et"}]}},"_links":{"self":[{"href":"https:\/\/espak.ee\/epood\/wp-json\/wp\/v2\/product\/169830","targetHints":{"allow":["GET"]}}],"collection":[{"href":"https:\/\/espak.ee\/epood\/wp-json\/wp\/v2\/product"}],"about":[{"href":"https:\/\/espak.ee\/epood\/wp-json\/wp\/v2\/types\/product"}],"replies":[{"embeddable":true,"href":"https:\/\/espak.ee\/epood\/wp-json\/wp\/v2\/comments?post=169830"}],"wp:featuredmedia":[{"embeddable":true,"href":"https:\/\/espak.ee\/epood\/wp-json\/wp\/v2\/media\/186251"}],"wp:attachment":[{"href":"https:\/\/espak.ee\/epood\/wp-json\/wp\/v2\/media?parent=169830"}],"wp:term":[{"taxonomy":"product_brand","embeddable":true,"href":"https:\/\/espak.ee\/epood\/wp-json\/wp\/v2\/product_brand?post=169830"},{"taxonomy":"product_cat","embeddable":true,"href":"https:\/\/espak.ee\/epood\/wp-json\/wp\/v2\/product_cat?post=169830"},{"taxonomy":"product_tag","embeddable":true,"href":"https:\/\/espak.ee\/epood\/wp-json\/wp\/v2\/product_tag?post=169830"}],"curies":[{"name":"wp","href":"https:\/\/api.w.org\/{rel}","templated":true}]}}