{"id":168910,"date":"2023-08-11T14:48:28","date_gmt":"2023-08-11T11:48:28","guid":{"rendered":"https:\/\/espak.ee\/epood\/?post_type=product&#038;p=168910"},"modified":"2024-03-23T01:25:20","modified_gmt":"2024-03-22T23:25:20","slug":"toovalgusti-scangrip-tower-compact-connect","status":"publish","type":"product","link":"https:\/\/espak.ee\/epood\/toode\/toovalgusti-scangrip-tower-compact-connect\/","title":{"rendered":"T\u00d6\u00d6VALGUSTI SCANGRIP TOWER COMPACT CONNECT"},"content":{"rendered":"<div class=\"row\"  id=\"row-1612036834\">\n\n\t<div id=\"col-958266099\" class=\"col medium-9 small-12 large-9\"  >\n\t\t\t\t<div class=\"col-inner\"  >\n\t\t\t\n\t\t\t\n<h3>T\u00f6\u00f6valgusti koos kolmjalaga Scangrip TOWER COMPACT CONNECT, 2500lm, IP30<\/h3>\n<p>Uus TOWER COMPACT CONNECT on \u00f5ige valik, kui soovite v\u00f5imsat, kompaktset ja multifunktsionaalset kerge statiiviga pro\u017eektorit.<br \/>\nStatiiv on pikendatav 0,9 m kuni 2 m ja pakub t\u00e4ielikku paindlikkust t\u00f6\u00f6valgusti vajalikule k\u00f5rgusele paigutamiseks.<br \/>\nFunktsiooni QUICK RELEASE abil saab statiivi kiiresti \u00fcles seada vaid m\u00f5ne sekundiga ja p\u00e4rast t\u00f6\u00f6 l\u00f5petamist uuesti kokku voltida.<br \/>\nValgusti \u00fchildub 18 V CAS akus\u00fcsteemi ja k\u00f5igi teiste juhtivate elektrit\u00f6\u00f6riistade kaubam\u00e4rkide nagu Bosch, Milwaukee, Dewalt, Makita jne 18 V\/20 V akudega, kasutades selleks SCANGRIP CONNECTOR adapterit. Lisaks saab toiteadapterit kasutada otseseks toiteallikaks, mis tagab piiramatu valguse k\u00e4ttesaadavuse.<\/p>\n<p>Valgusallikas: 120 LED<br \/>\nLED j\u00f5udlus, lumen\/W: 189<br \/>\nValgusvoog, lumen: 1250\/ 2500<br \/>\nValgustus, lux@0.5 m: 900\/ 1800<br \/>\nValgustugevuse reguleerimine: 2 astet<br \/>\nCRI (v\u00e4rvispektri \u00fchtluse indeks): Ra > 80<br \/>\nCCT (v\u00e4rvustemperatuur): 6000 K<br \/>\nT\u00f6\u00f6aeg maksimum v\u00f5imsusel, h: 4,5 18V 5.2Ah<br \/>\nT\u00f6\u00f6aeg minimaalsel v\u00f5imsusel, h: 9,5 18V 5.2Ah<br \/>\n Kaitseklass: IP30\/IK07<br \/>\nL\u00f6\u00f6gikindlus: 1m<\/p>\n\t\t<\/div>\n\t\t\t\t\t<\/div>\n\n\t\n\n\t<div id=\"col-934363629\" class=\"col medium-3 small-12 large-3\"  >\n\t\t\t\t<div class=\"col-inner\"  >\n\t\t\t\n\t\t\t\n\t<div id=\"gap-704516875\" class=\"gap-element clearfix\" style=\"display:block; height:auto;\">\n\t\t\n<style>\n#gap-704516875 {\n  padding-top: 30px;\n}\n<\/style>\n\t<\/div>\n\t\n<p><strong>\u00dcksikasjalikuma n\u00f5u saamiseks v\u00f5tke \u00fchendust:<br \/><\/strong>Espak AS<br \/>Viadukti 42<br \/>11313<br \/>Tallinn<br \/> T\u00f6\u00f6riista osakond +372 6512 335<br \/><a href=\"mailto:tooriist@espak.ee\">tooriist@espak.ee<\/a><\/p>\n\t\t<\/div>\n\t\t\t\t\t<\/div>\n\n\t\n<\/div>\n","protected":false},"excerpt":{"rendered":"","protected":false},"featured_media":169818,"comment_status":"closed","ping_status":"closed","template":"","meta":[],"product_brand":[],"product_cat":[2788,2942,2941,2943],"product_tag":[],"class_list":{"0":"post-168910","1":"product","2":"type-product","3":"status-publish","4":"has-post-thumbnail","6":"product_cat-aiatarbed-ja-kodukaubad","7":"product_cat-autokaubad-autokaubad","8":"product_cat-autokaubad","9":"product_cat-autotarvikud","10":"pa_kaubamark-scangrip","12":"first","13":"instock","14":"sale","15":"taxable","16":"shipping-taxable","17":"purchasable","18":"product-type-simple"},"yoast_head":"<!-- This site is optimized with the Yoast SEO plugin v26.9 - https:\/\/yoast.com\/product\/yoast-seo-wordpress\/ -->\n<title>T\u00d6\u00d6VALGUSTI SCANGRIP TOWER COMPACT CONNECT - Espak E-pood<\/title>\n<meta name=\"robots\" content=\"index, follow, max-snippet:-1, max-image-preview:large, max-video-preview:-1\" \/>\n<link rel=\"canonical\" href=\"https:\/\/espak.ee\/epood\/toode\/toovalgusti-scangrip-tower-compact-connect\/\" \/>\n<meta property=\"og:locale\" content=\"et_EE\" \/>\n<meta property=\"og:type\" content=\"article\" \/>\n<meta property=\"og:title\" content=\"T\u00d6\u00d6VALGUSTI SCANGRIP TOWER COMPACT CONNECT - Espak E-pood\" \/>\n<meta property=\"og:url\" content=\"https:\/\/espak.ee\/epood\/toode\/toovalgusti-scangrip-tower-compact-connect\/\" \/>\n<meta property=\"og:site_name\" content=\"Espak E-pood\" \/>\n<meta property=\"article:modified_time\" content=\"2024-03-22T23:25:20+00:00\" \/>\n<meta property=\"og:image\" content=\"https:\/\/espak.ee\/epood\/wp-content\/uploads\/2023\/08\/5708997006979_1.jpg\" \/>\n\t<meta property=\"og:image:width\" content=\"800\" \/>\n\t<meta property=\"og:image:height\" content=\"800\" \/>\n\t<meta property=\"og:image:type\" content=\"image\/jpeg\" \/>\n<meta name=\"twitter:card\" content=\"summary_large_image\" \/>\n<meta name=\"twitter:label1\" content=\"Est. reading time\" \/>\n\t<meta name=\"twitter:data1\" content=\"1 minut\" \/>\n<script type=\"application\/ld+json\" class=\"yoast-schema-graph\">{\"@context\":\"https:\/\/schema.org\",\"@graph\":[{\"@type\":\"WebPage\",\"@id\":\"https:\/\/espak.ee\/epood\/toode\/toovalgusti-scangrip-tower-compact-connect\/\",\"url\":\"https:\/\/espak.ee\/epood\/toode\/toovalgusti-scangrip-tower-compact-connect\/\",\"name\":\"T\u00d6\u00d6VALGUSTI SCANGRIP TOWER COMPACT CONNECT - Espak E-pood\",\"isPartOf\":{\"@id\":\"https:\/\/espak.ee\/epood\/#website\"},\"primaryImageOfPage\":{\"@id\":\"https:\/\/espak.ee\/epood\/toode\/toovalgusti-scangrip-tower-compact-connect\/#primaryimage\"},\"image\":{\"@id\":\"https:\/\/espak.ee\/epood\/toode\/toovalgusti-scangrip-tower-compact-connect\/#primaryimage\"},\"thumbnailUrl\":\"https:\/\/espak.ee\/epood\/wp-content\/uploads\/2023\/08\/5708997006979_1.jpg\",\"datePublished\":\"2023-08-11T11:48:28+00:00\",\"dateModified\":\"2024-03-22T23:25:20+00:00\",\"breadcrumb\":{\"@id\":\"https:\/\/espak.ee\/epood\/toode\/toovalgusti-scangrip-tower-compact-connect\/#breadcrumb\"},\"inLanguage\":\"et\",\"potentialAction\":[{\"@type\":\"ReadAction\",\"target\":[\"https:\/\/espak.ee\/epood\/toode\/toovalgusti-scangrip-tower-compact-connect\/\"]}]},{\"@type\":\"ImageObject\",\"inLanguage\":\"et\",\"@id\":\"https:\/\/espak.ee\/epood\/toode\/toovalgusti-scangrip-tower-compact-connect\/#primaryimage\",\"url\":\"https:\/\/espak.ee\/epood\/wp-content\/uploads\/2023\/08\/5708997006979_1.jpg\",\"contentUrl\":\"https:\/\/espak.ee\/epood\/wp-content\/uploads\/2023\/08\/5708997006979_1.jpg\",\"width\":800,\"height\":800},{\"@type\":\"BreadcrumbList\",\"@id\":\"https:\/\/espak.ee\/epood\/toode\/toovalgusti-scangrip-tower-compact-connect\/#breadcrumb\",\"itemListElement\":[{\"@type\":\"ListItem\",\"position\":1,\"name\":\"Home\",\"item\":\"https:\/\/espak.ee\/epood\/\"},{\"@type\":\"ListItem\",\"position\":2,\"name\":\"Tootevalik\",\"item\":\"https:\/\/espak.ee\/epood\/tootevalik\/\"},{\"@type\":\"ListItem\",\"position\":3,\"name\":\"T\u00d6\u00d6VALGUSTI SCANGRIP TOWER COMPACT CONNECT\"}]},{\"@type\":\"WebSite\",\"@id\":\"https:\/\/espak.ee\/epood\/#website\",\"url\":\"https:\/\/espak.ee\/epood\/\",\"name\":\"Espak E-pood\",\"description\":\"\",\"potentialAction\":[{\"@type\":\"SearchAction\",\"target\":{\"@type\":\"EntryPoint\",\"urlTemplate\":\"https:\/\/espak.ee\/epood\/?s={search_term_string}\"},\"query-input\":{\"@type\":\"PropertyValueSpecification\",\"valueRequired\":true,\"valueName\":\"search_term_string\"}}],\"inLanguage\":\"et\"}]}<\/script>\n<!-- \/ Yoast SEO plugin. -->","yoast_head_json":{"title":"T\u00d6\u00d6VALGUSTI SCANGRIP TOWER COMPACT CONNECT - Espak E-pood","robots":{"index":"index","follow":"follow","max-snippet":"max-snippet:-1","max-image-preview":"max-image-preview:large","max-video-preview":"max-video-preview:-1"},"canonical":"https:\/\/espak.ee\/epood\/toode\/toovalgusti-scangrip-tower-compact-connect\/","og_locale":"et_EE","og_type":"article","og_title":"T\u00d6\u00d6VALGUSTI SCANGRIP TOWER COMPACT CONNECT - Espak E-pood","og_url":"https:\/\/espak.ee\/epood\/toode\/toovalgusti-scangrip-tower-compact-connect\/","og_site_name":"Espak E-pood","article_modified_time":"2024-03-22T23:25:20+00:00","og_image":[{"width":800,"height":800,"url":"https:\/\/espak.ee\/epood\/wp-content\/uploads\/2023\/08\/5708997006979_1.jpg","type":"image\/jpeg"}],"twitter_card":"summary_large_image","twitter_misc":{"Est. reading time":"1 minut"},"schema":{"@context":"https:\/\/schema.org","@graph":[{"@type":"WebPage","@id":"https:\/\/espak.ee\/epood\/toode\/toovalgusti-scangrip-tower-compact-connect\/","url":"https:\/\/espak.ee\/epood\/toode\/toovalgusti-scangrip-tower-compact-connect\/","name":"T\u00d6\u00d6VALGUSTI SCANGRIP TOWER COMPACT CONNECT - Espak E-pood","isPartOf":{"@id":"https:\/\/espak.ee\/epood\/#website"},"primaryImageOfPage":{"@id":"https:\/\/espak.ee\/epood\/toode\/toovalgusti-scangrip-tower-compact-connect\/#primaryimage"},"image":{"@id":"https:\/\/espak.ee\/epood\/toode\/toovalgusti-scangrip-tower-compact-connect\/#primaryimage"},"thumbnailUrl":"https:\/\/espak.ee\/epood\/wp-content\/uploads\/2023\/08\/5708997006979_1.jpg","datePublished":"2023-08-11T11:48:28+00:00","dateModified":"2024-03-22T23:25:20+00:00","breadcrumb":{"@id":"https:\/\/espak.ee\/epood\/toode\/toovalgusti-scangrip-tower-compact-connect\/#breadcrumb"},"inLanguage":"et","potentialAction":[{"@type":"ReadAction","target":["https:\/\/espak.ee\/epood\/toode\/toovalgusti-scangrip-tower-compact-connect\/"]}]},{"@type":"ImageObject","inLanguage":"et","@id":"https:\/\/espak.ee\/epood\/toode\/toovalgusti-scangrip-tower-compact-connect\/#primaryimage","url":"https:\/\/espak.ee\/epood\/wp-content\/uploads\/2023\/08\/5708997006979_1.jpg","contentUrl":"https:\/\/espak.ee\/epood\/wp-content\/uploads\/2023\/08\/5708997006979_1.jpg","width":800,"height":800},{"@type":"BreadcrumbList","@id":"https:\/\/espak.ee\/epood\/toode\/toovalgusti-scangrip-tower-compact-connect\/#breadcrumb","itemListElement":[{"@type":"ListItem","position":1,"name":"Home","item":"https:\/\/espak.ee\/epood\/"},{"@type":"ListItem","position":2,"name":"Tootevalik","item":"https:\/\/espak.ee\/epood\/tootevalik\/"},{"@type":"ListItem","position":3,"name":"T\u00d6\u00d6VALGUSTI SCANGRIP TOWER COMPACT CONNECT"}]},{"@type":"WebSite","@id":"https:\/\/espak.ee\/epood\/#website","url":"https:\/\/espak.ee\/epood\/","name":"Espak E-pood","description":"","potentialAction":[{"@type":"SearchAction","target":{"@type":"EntryPoint","urlTemplate":"https:\/\/espak.ee\/epood\/?s={search_term_string}"},"query-input":{"@type":"PropertyValueSpecification","valueRequired":true,"valueName":"search_term_string"}}],"inLanguage":"et"}]}},"_links":{"self":[{"href":"https:\/\/espak.ee\/epood\/wp-json\/wp\/v2\/product\/168910","targetHints":{"allow":["GET"]}}],"collection":[{"href":"https:\/\/espak.ee\/epood\/wp-json\/wp\/v2\/product"}],"about":[{"href":"https:\/\/espak.ee\/epood\/wp-json\/wp\/v2\/types\/product"}],"replies":[{"embeddable":true,"href":"https:\/\/espak.ee\/epood\/wp-json\/wp\/v2\/comments?post=168910"}],"wp:featuredmedia":[{"embeddable":true,"href":"https:\/\/espak.ee\/epood\/wp-json\/wp\/v2\/media\/169818"}],"wp:attachment":[{"href":"https:\/\/espak.ee\/epood\/wp-json\/wp\/v2\/media?parent=168910"}],"wp:term":[{"taxonomy":"product_brand","embeddable":true,"href":"https:\/\/espak.ee\/epood\/wp-json\/wp\/v2\/product_brand?post=168910"},{"taxonomy":"product_cat","embeddable":true,"href":"https:\/\/espak.ee\/epood\/wp-json\/wp\/v2\/product_cat?post=168910"},{"taxonomy":"product_tag","embeddable":true,"href":"https:\/\/espak.ee\/epood\/wp-json\/wp\/v2\/product_tag?post=168910"}],"curies":[{"name":"wp","href":"https:\/\/api.w.org\/{rel}","templated":true}]}}