{"id":168874,"date":"2023-08-11T14:33:32","date_gmt":"2023-08-11T11:33:32","guid":{"rendered":"https:\/\/espak.ee\/epood\/?post_type=product&#038;p=168874"},"modified":"2024-07-19T18:18:44","modified_gmt":"2024-07-19T15:18:44","slug":"trapp-vertikaalne-50-uponor-aqua-ambient-classic-spot","status":"publish","type":"product","link":"https:\/\/espak.ee\/epood\/toode\/trapp-vertikaalne-50-uponor-aqua-ambient-classic-spot\/","title":{"rendered":"TRAPP VERTIKAALNE 50 UPONOR AQUA AMBIENT CLASSIC\/SPOT"},"content":{"rendered":"<div class=\"row\"  id=\"row-618023002\">\n\n\t<div id=\"col-97461582\" class=\"col medium-9 small-12 large-9\"  >\n\t\t\t\t<div class=\"col-inner\"  >\n\t\t\t\n\t\t\t\n<h3>Trapp vertikaalne 50 Uponor Aqua Ambient Classic\/ Spot<\/h3>\n<p>Uponor Point trapid on klassikaline ja kompaktne lahendus du\u0161iruumide v\u00f5i vannitoa \u00e4ravoolu jaoks. See vee \u00e4ravoolu minimalistlik variant on \u00fchteviisi populaarne kodus kui ka n\u00e4iteks spaades. \u00c4ravoolu vooluhulk j\u00e4\u00e4b k\u00f5rgeks, olenemata sellest, millise disaini valite. Tootmisel kasutatakse ainult k\u00f5rgeima kvaliteediga materjale.<br \/>\n Trapikaaned on saadaval mitmes variandis \u2013 roostevabast terasest v\u00f5i plastikust, v\u00e4rvitud v\u00f5i ilma, l\u00e4bim\u00f5\u00f5tudele 50 Classic ja Super v\u00f5i l\u00e4bim\u00f5\u00f5t 50 ning 110 standardversiooni puhul.<\/p>\n<div class=\"message-box relative\" style=\"padding-top:15px;padding-bottom:15px;\"><div class=\"message-box-bg-image bg-fill fill\" ><\/div><div class=\"message-box-bg-overlay bg-fill fill\" ><\/div><div class=\"container relative\"><div class=\"inner last-reset\">\n<div class=\"row align-middle align-center\"  id=\"row-1722889580\">\n\n\t<div id=\"col-1467567155\" class=\"col small-12 large-12\"  >\n\t\t\t\t<div class=\"col-inner text-left\"  >\n\t\t\t\n\t\t\t\n<h4>Omadused<\/h4>\n<div class=\"row\"  id=\"row-499549159\">\n\n\t<div id=\"col-437511587\" class=\"col medium-6 small-12 large-6\"  >\n\t\t\t\t<div class=\"col-inner\"  >\n\t\t\t\n\t\t\t\n<p><i class=\"far fa-check-circle fa-2x\"><\/i><strong>\u00a0Klassikaline ja kompaktne lahendus <\/strong><\/p>\n<p><i class=\"far fa-check-circle fa-2x\"><\/i><strong> K\u00f5rge vooluhulk<\/strong><\/p>\n\t\t<\/div>\n\t\t\t\t\n<style>\n#col-437511587 > .col-inner {\n  margin: 0px 0px 15px 0px;\n}\n<\/style>\n\t<\/div>\n\n\t\n\n\t<div id=\"col-1175310819\" class=\"col medium-6 small-12 large-6\"  >\n\t\t\t\t<div class=\"col-inner\"  >\n\t\t\t\n\t\t\t\n<p><i class=\"far fa-check-circle fa-2x\"><\/i><strong> Kvaliteetsed materjalid<\/strong><\/p>\n\t\t<\/div>\n\t\t\t\t\n<style>\n#col-1175310819 > .col-inner {\n  margin: 0px 0px 15px 0px;\n}\n<\/style>\n\t<\/div>\n\n\t\n<\/div>\n\t\t<\/div>\n\t\t\t\t\t<\/div>\n\n\t\n<\/div>\n<\/div><\/div><\/div>\n\t<div id=\"gap-869953613\" class=\"gap-element clearfix\" style=\"display:block; height:auto;\">\n\t\t\n<style>\n#gap-869953613 {\n  padding-top: 30px;\n}\n<\/style>\n\t<\/div>\n\t\n\t\t<\/div>\n\t\t\t\t\t<\/div>\n\n\t\n\n\t<div id=\"col-1021417454\" class=\"col medium-3 small-12 large-3\"  >\n\t\t\t\t<div class=\"col-inner\"  >\n\t\t\t\n\t\t\t\n<h3>Uponor Aqua Ambient<\/h3>\n<p><a href=\"https:\/\/espak.ee\/epood\/wp-content\/uploads\/2023\/08\/Upo-AquaAmb-shower-drain-inlets-1222.pdf\"target=\"_blank\" rel=\"noopener noreferrer\"><i class=\"far fa-file-pdf\"><\/i> Uponor Aqua Ambient sarja tutvustus (PDF)<\/a><\/p>\n<p><h3>Paigaldusjuhend<\/h3>\n<p><a href=\"https:\/\/espak.ee\/epood\/wp-content\/uploads\/2023\/08\/Uponor_IM_Aqua_Ambient_point_drain_inlets_INT_1139871_202301.pdf\"target=\"_blank\" rel=\"noopener noreferrer\"><i class=\"far fa-file-pdf\"><\/i> Paigaldusjuhend (PDF)<\/a><\/p>\n<div class=\"is-divider divider clearfix\" ><\/div>\n<p><strong>\u00dcksikasjalikuma n\u00f5u saamiseks v\u00f5tke \u00fchendust:<br \/><\/strong>Uponor Eesti O\u00dc<br \/>Osmussaare 8<br \/>Tallinn<br \/>13811<br \/>+372 605 2070<\/p>\n\t\t<\/div>\n\t\t\t\t\t<\/div>\n\n\t\n<\/div>\n","protected":false},"excerpt":{"rendered":"","protected":false},"featured_media":169030,"comment_status":"closed","ping_status":"closed","template":"","meta":[],"product_brand":[],"product_cat":[3393,3494,2820,2819],"product_tag":[],"class_list":{"0":"post-168874","1":"product","2":"type-product","3":"status-publish","4":"has-post-thumbnail","6":"product_cat-kanalisatsioon","7":"product_cat-kanalisatsiooni-aravoolutrapid","8":"product_cat-sanitaartehnika-sanitaartehnika","9":"product_cat-sanitaartehnika","10":"pa_kaubamark-uponor-gmbh","12":"first","13":"instock","14":"sale","15":"taxable","16":"shipping-taxable","17":"purchasable","18":"product-type-simple"},"yoast_head":"<!-- This site is optimized with the Yoast SEO plugin v26.9 - https:\/\/yoast.com\/product\/yoast-seo-wordpress\/ -->\n<title>TRAPP VERTIKAALNE 50 UPONOR AQUA AMBIENT CLASSIC\/SPOT - Espak E-pood<\/title>\n<meta name=\"robots\" content=\"index, follow, max-snippet:-1, max-image-preview:large, max-video-preview:-1\" \/>\n<link rel=\"canonical\" href=\"https:\/\/espak.ee\/epood\/toode\/trapp-vertikaalne-50-uponor-aqua-ambient-classic-spot\/\" \/>\n<meta property=\"og:locale\" content=\"et_EE\" \/>\n<meta property=\"og:type\" content=\"article\" \/>\n<meta property=\"og:title\" content=\"TRAPP VERTIKAALNE 50 UPONOR AQUA AMBIENT CLASSIC\/SPOT - Espak E-pood\" \/>\n<meta property=\"og:url\" content=\"https:\/\/espak.ee\/epood\/toode\/trapp-vertikaalne-50-uponor-aqua-ambient-classic-spot\/\" \/>\n<meta property=\"og:site_name\" content=\"Espak E-pood\" \/>\n<meta property=\"article:modified_time\" content=\"2024-07-19T15:18:44+00:00\" \/>\n<meta property=\"og:image\" content=\"https:\/\/espak.ee\/epood\/wp-content\/uploads\/2023\/08\/1136463.jpg\" \/>\n\t<meta property=\"og:image:width\" content=\"1000\" \/>\n\t<meta property=\"og:image:height\" content=\"1000\" \/>\n\t<meta property=\"og:image:type\" content=\"image\/jpeg\" \/>\n<meta name=\"twitter:card\" content=\"summary_large_image\" \/>\n<meta name=\"twitter:label1\" content=\"Est. reading time\" \/>\n\t<meta name=\"twitter:data1\" content=\"1 minut\" \/>\n<script type=\"application\/ld+json\" class=\"yoast-schema-graph\">{\"@context\":\"https:\/\/schema.org\",\"@graph\":[{\"@type\":\"WebPage\",\"@id\":\"https:\/\/espak.ee\/epood\/toode\/trapp-vertikaalne-50-uponor-aqua-ambient-classic-spot\/\",\"url\":\"https:\/\/espak.ee\/epood\/toode\/trapp-vertikaalne-50-uponor-aqua-ambient-classic-spot\/\",\"name\":\"TRAPP VERTIKAALNE 50 UPONOR AQUA AMBIENT CLASSIC\/SPOT - Espak E-pood\",\"isPartOf\":{\"@id\":\"https:\/\/espak.ee\/epood\/#website\"},\"primaryImageOfPage\":{\"@id\":\"https:\/\/espak.ee\/epood\/toode\/trapp-vertikaalne-50-uponor-aqua-ambient-classic-spot\/#primaryimage\"},\"image\":{\"@id\":\"https:\/\/espak.ee\/epood\/toode\/trapp-vertikaalne-50-uponor-aqua-ambient-classic-spot\/#primaryimage\"},\"thumbnailUrl\":\"https:\/\/espak.ee\/epood\/wp-content\/uploads\/2023\/08\/1136463.jpg\",\"datePublished\":\"2023-08-11T11:33:32+00:00\",\"dateModified\":\"2024-07-19T15:18:44+00:00\",\"breadcrumb\":{\"@id\":\"https:\/\/espak.ee\/epood\/toode\/trapp-vertikaalne-50-uponor-aqua-ambient-classic-spot\/#breadcrumb\"},\"inLanguage\":\"et\",\"potentialAction\":[{\"@type\":\"ReadAction\",\"target\":[\"https:\/\/espak.ee\/epood\/toode\/trapp-vertikaalne-50-uponor-aqua-ambient-classic-spot\/\"]}]},{\"@type\":\"ImageObject\",\"inLanguage\":\"et\",\"@id\":\"https:\/\/espak.ee\/epood\/toode\/trapp-vertikaalne-50-uponor-aqua-ambient-classic-spot\/#primaryimage\",\"url\":\"https:\/\/espak.ee\/epood\/wp-content\/uploads\/2023\/08\/1136463.jpg\",\"contentUrl\":\"https:\/\/espak.ee\/epood\/wp-content\/uploads\/2023\/08\/1136463.jpg\",\"width\":1000,\"height\":1000},{\"@type\":\"BreadcrumbList\",\"@id\":\"https:\/\/espak.ee\/epood\/toode\/trapp-vertikaalne-50-uponor-aqua-ambient-classic-spot\/#breadcrumb\",\"itemListElement\":[{\"@type\":\"ListItem\",\"position\":1,\"name\":\"Home\",\"item\":\"https:\/\/espak.ee\/epood\/\"},{\"@type\":\"ListItem\",\"position\":2,\"name\":\"Tootevalik\",\"item\":\"https:\/\/espak.ee\/epood\/tootevalik\/\"},{\"@type\":\"ListItem\",\"position\":3,\"name\":\"TRAPP VERTIKAALNE 50 UPONOR AQUA AMBIENT CLASSIC\/SPOT\"}]},{\"@type\":\"WebSite\",\"@id\":\"https:\/\/espak.ee\/epood\/#website\",\"url\":\"https:\/\/espak.ee\/epood\/\",\"name\":\"Espak E-pood\",\"description\":\"\",\"potentialAction\":[{\"@type\":\"SearchAction\",\"target\":{\"@type\":\"EntryPoint\",\"urlTemplate\":\"https:\/\/espak.ee\/epood\/?s={search_term_string}\"},\"query-input\":{\"@type\":\"PropertyValueSpecification\",\"valueRequired\":true,\"valueName\":\"search_term_string\"}}],\"inLanguage\":\"et\"}]}<\/script>\n<!-- \/ Yoast SEO plugin. -->","yoast_head_json":{"title":"TRAPP VERTIKAALNE 50 UPONOR AQUA AMBIENT CLASSIC\/SPOT - Espak E-pood","robots":{"index":"index","follow":"follow","max-snippet":"max-snippet:-1","max-image-preview":"max-image-preview:large","max-video-preview":"max-video-preview:-1"},"canonical":"https:\/\/espak.ee\/epood\/toode\/trapp-vertikaalne-50-uponor-aqua-ambient-classic-spot\/","og_locale":"et_EE","og_type":"article","og_title":"TRAPP VERTIKAALNE 50 UPONOR AQUA AMBIENT CLASSIC\/SPOT - Espak E-pood","og_url":"https:\/\/espak.ee\/epood\/toode\/trapp-vertikaalne-50-uponor-aqua-ambient-classic-spot\/","og_site_name":"Espak E-pood","article_modified_time":"2024-07-19T15:18:44+00:00","og_image":[{"width":1000,"height":1000,"url":"https:\/\/espak.ee\/epood\/wp-content\/uploads\/2023\/08\/1136463.jpg","type":"image\/jpeg"}],"twitter_card":"summary_large_image","twitter_misc":{"Est. reading time":"1 minut"},"schema":{"@context":"https:\/\/schema.org","@graph":[{"@type":"WebPage","@id":"https:\/\/espak.ee\/epood\/toode\/trapp-vertikaalne-50-uponor-aqua-ambient-classic-spot\/","url":"https:\/\/espak.ee\/epood\/toode\/trapp-vertikaalne-50-uponor-aqua-ambient-classic-spot\/","name":"TRAPP VERTIKAALNE 50 UPONOR AQUA AMBIENT CLASSIC\/SPOT - Espak E-pood","isPartOf":{"@id":"https:\/\/espak.ee\/epood\/#website"},"primaryImageOfPage":{"@id":"https:\/\/espak.ee\/epood\/toode\/trapp-vertikaalne-50-uponor-aqua-ambient-classic-spot\/#primaryimage"},"image":{"@id":"https:\/\/espak.ee\/epood\/toode\/trapp-vertikaalne-50-uponor-aqua-ambient-classic-spot\/#primaryimage"},"thumbnailUrl":"https:\/\/espak.ee\/epood\/wp-content\/uploads\/2023\/08\/1136463.jpg","datePublished":"2023-08-11T11:33:32+00:00","dateModified":"2024-07-19T15:18:44+00:00","breadcrumb":{"@id":"https:\/\/espak.ee\/epood\/toode\/trapp-vertikaalne-50-uponor-aqua-ambient-classic-spot\/#breadcrumb"},"inLanguage":"et","potentialAction":[{"@type":"ReadAction","target":["https:\/\/espak.ee\/epood\/toode\/trapp-vertikaalne-50-uponor-aqua-ambient-classic-spot\/"]}]},{"@type":"ImageObject","inLanguage":"et","@id":"https:\/\/espak.ee\/epood\/toode\/trapp-vertikaalne-50-uponor-aqua-ambient-classic-spot\/#primaryimage","url":"https:\/\/espak.ee\/epood\/wp-content\/uploads\/2023\/08\/1136463.jpg","contentUrl":"https:\/\/espak.ee\/epood\/wp-content\/uploads\/2023\/08\/1136463.jpg","width":1000,"height":1000},{"@type":"BreadcrumbList","@id":"https:\/\/espak.ee\/epood\/toode\/trapp-vertikaalne-50-uponor-aqua-ambient-classic-spot\/#breadcrumb","itemListElement":[{"@type":"ListItem","position":1,"name":"Home","item":"https:\/\/espak.ee\/epood\/"},{"@type":"ListItem","position":2,"name":"Tootevalik","item":"https:\/\/espak.ee\/epood\/tootevalik\/"},{"@type":"ListItem","position":3,"name":"TRAPP VERTIKAALNE 50 UPONOR AQUA AMBIENT CLASSIC\/SPOT"}]},{"@type":"WebSite","@id":"https:\/\/espak.ee\/epood\/#website","url":"https:\/\/espak.ee\/epood\/","name":"Espak E-pood","description":"","potentialAction":[{"@type":"SearchAction","target":{"@type":"EntryPoint","urlTemplate":"https:\/\/espak.ee\/epood\/?s={search_term_string}"},"query-input":{"@type":"PropertyValueSpecification","valueRequired":true,"valueName":"search_term_string"}}],"inLanguage":"et"}]}},"_links":{"self":[{"href":"https:\/\/espak.ee\/epood\/wp-json\/wp\/v2\/product\/168874","targetHints":{"allow":["GET"]}}],"collection":[{"href":"https:\/\/espak.ee\/epood\/wp-json\/wp\/v2\/product"}],"about":[{"href":"https:\/\/espak.ee\/epood\/wp-json\/wp\/v2\/types\/product"}],"replies":[{"embeddable":true,"href":"https:\/\/espak.ee\/epood\/wp-json\/wp\/v2\/comments?post=168874"}],"wp:featuredmedia":[{"embeddable":true,"href":"https:\/\/espak.ee\/epood\/wp-json\/wp\/v2\/media\/169030"}],"wp:attachment":[{"href":"https:\/\/espak.ee\/epood\/wp-json\/wp\/v2\/media?parent=168874"}],"wp:term":[{"taxonomy":"product_brand","embeddable":true,"href":"https:\/\/espak.ee\/epood\/wp-json\/wp\/v2\/product_brand?post=168874"},{"taxonomy":"product_cat","embeddable":true,"href":"https:\/\/espak.ee\/epood\/wp-json\/wp\/v2\/product_cat?post=168874"},{"taxonomy":"product_tag","embeddable":true,"href":"https:\/\/espak.ee\/epood\/wp-json\/wp\/v2\/product_tag?post=168874"}],"curies":[{"name":"wp","href":"https:\/\/api.w.org\/{rel}","templated":true}]}}