{"id":16844,"date":"2020-03-26T03:26:41","date_gmt":"2020-03-26T01:26:41","guid":{"rendered":"https:\/\/espak.ee\/hinnakiri\/?post_type=product&#038;p=16844"},"modified":"2024-03-22T23:57:34","modified_gmt":"2024-03-22T21:57:34","slug":"tala-sinine-1000mm","status":"publish","type":"product","link":"https:\/\/espak.ee\/epood\/toode\/tala-sinine-1000mm\/","title":{"rendered":"TALA SININE 1000MM"},"content":{"rendered":"<div class=\"row\"  id=\"row-1255180799\">\n\n\t<div id=\"col-220763914\" class=\"col medium-9 small-12 large-9\"  >\n\t\t\t\t<div class=\"col-inner\"  >\n\t\t\t\n\t\t\t\n<p>Tala sinine 1000MM on detail moodulriiulis\u00fcsteemist.<br \/>\nTegu on metallist riiulis\u00fcsteemiga, mis on kohaldatav vastavalt vajadusele. K\u00f5ik riiulidetailid on eraldi saadaval, seega saab kujundada t\u00e4pselt sellise kuju ja mahutavusega  riiuli nagu vaja. Poldivaba kinnitus s\u00e4ilitab v\u00f5imaluse vajaduste muutudes riiul \u00fcmber kujundada, eemaldades v\u00f5i lisades plaate.  Riiuliplaat kannab raskusi 200 kuni 280 kilogrammini, olenevalt plaadi suurusest.<br \/>\nKasutuskohtadeks sobivad kodused sahvrid, pesuruumid, laod, garaa\u017eid, aga ka kontorid ja v\u00e4iksemad t\u00f6\u00f6stused.<br \/>\nTerasest detail on kaetud v\u00e4rviga toonis RAL5010.<\/p>\n<p><strong> N\u00f5utav on siduda riiul seinaga.<\/strong><\/p>\n<div class=\"message-box relative\" style=\"padding-top:15px;padding-bottom:15px;\"><div class=\"message-box-bg-image bg-fill fill\" ><\/div><div class=\"message-box-bg-overlay bg-fill fill\" ><\/div><div class=\"container relative\"><div class=\"inner last-reset\">\n<div class=\"row align-middle align-center\"  id=\"row-1451886184\">\n\n\t<div id=\"col-1354169726\" class=\"col small-12 large-12\"  >\n\t\t\t\t<div class=\"col-inner text-left\"  >\n\t\t\t\n\t\t\t\n<h4>Omadused<\/h4>\n<div class=\"row\"  id=\"row-800246855\">\n\n\t<div id=\"col-424287515\" class=\"col medium-6 small-12 large-6\"  >\n\t\t\t\t<div class=\"col-inner\"  >\n\t\t\t\n\t\t\t\n<p><i class=\"fa fa-check-circle fa-2x\"><\/i> <strong>Lihtsalt paigaldatav<\/strong><\/p>\n<p><i class=\"fa fa-check-circle fa-2x\"><\/i> <strong>Talub suuri koormusi<\/strong><\/p>\n\t\t<\/div>\n\t\t\t\t\n<style>\n#col-424287515 > .col-inner {\n  margin: 0px 0px 15px 0px;\n}\n<\/style>\n\t<\/div>\n\n\t\n\n\t<div id=\"col-674717182\" class=\"col medium-6 small-12 large-6\"  >\n\t\t\t\t<div class=\"col-inner\"  >\n\t\t\t\n\t\t\t\n<p><i class=\"fa fa-check-circle fa-2x\"><\/i> <strong>Vajadustele vastavalt kohaldatav<\/strong><\/p>\n<p><i class=\"fa fa-check-circle fa-2x\"><\/i> <strong>Taaskasutatav<\/strong><\/p>\n\t\t<\/div>\n\t\t\t\t\n<style>\n#col-674717182 > .col-inner {\n  margin: 0px 0px 15px 0px;\n}\n<\/style>\n\t<\/div>\n\n\t\n<\/div>\n\t\t<\/div>\n\t\t\t\t\t<\/div>\n\n\t\n<\/div>\n<\/div><\/div><\/div>\n\t\t<\/div>\n\t\t\t\t\t<\/div>\n\n\t\n<\/div>\n","protected":false},"excerpt":{"rendered":"","protected":false},"featured_media":17143,"comment_status":"closed","ping_status":"open","template":"","meta":[],"product_brand":[],"product_cat":[2957,2893,2894,2956],"product_tag":[],"class_list":{"0":"post-16844","1":"product","2":"type-product","3":"status-publish","4":"has-post-thumbnail","6":"product_cat-laoriiulid","7":"product_cat-rauakaubad","8":"product_cat-rauakaubad-rauakaubad","9":"product_cat-riiulisusteemid","10":"pa_kaubamark-ar-shelving","12":"first","13":"instock","14":"sale","15":"taxable","16":"shipping-taxable","17":"purchasable","18":"product-type-simple"},"yoast_head":"<!-- This site is optimized with the Yoast SEO plugin v26.9 - https:\/\/yoast.com\/product\/yoast-seo-wordpress\/ -->\n<title>TALA SININE 1000MM - Espak E-pood<\/title>\n<meta name=\"robots\" content=\"index, follow, max-snippet:-1, max-image-preview:large, max-video-preview:-1\" \/>\n<link rel=\"canonical\" href=\"https:\/\/espak.ee\/epood\/toode\/tala-sinine-1000mm\/\" \/>\n<meta property=\"og:locale\" content=\"et_EE\" \/>\n<meta property=\"og:type\" content=\"article\" \/>\n<meta property=\"og:title\" content=\"TALA SININE 1000MM - Espak E-pood\" \/>\n<meta property=\"og:url\" content=\"https:\/\/espak.ee\/epood\/toode\/tala-sinine-1000mm\/\" \/>\n<meta property=\"og:site_name\" content=\"Espak E-pood\" \/>\n<meta property=\"article:modified_time\" content=\"2024-03-22T21:57:34+00:00\" \/>\n<meta property=\"og:image\" content=\"https:\/\/espak.ee\/epood\/wp-content\/uploads\/Larguero_AZ_1.jpg\" \/>\n\t<meta property=\"og:image:width\" content=\"1000\" \/>\n\t<meta property=\"og:image:height\" content=\"1000\" \/>\n\t<meta property=\"og:image:type\" content=\"image\/jpeg\" \/>\n<meta name=\"twitter:card\" content=\"summary_large_image\" \/>\n<meta name=\"twitter:label1\" content=\"Est. reading time\" \/>\n\t<meta name=\"twitter:data1\" content=\"1 minut\" \/>\n<script type=\"application\/ld+json\" class=\"yoast-schema-graph\">{\"@context\":\"https:\/\/schema.org\",\"@graph\":[{\"@type\":\"WebPage\",\"@id\":\"https:\/\/espak.ee\/epood\/toode\/tala-sinine-1000mm\/\",\"url\":\"https:\/\/espak.ee\/epood\/toode\/tala-sinine-1000mm\/\",\"name\":\"TALA SININE 1000MM - Espak E-pood\",\"isPartOf\":{\"@id\":\"https:\/\/espak.ee\/epood\/#website\"},\"primaryImageOfPage\":{\"@id\":\"https:\/\/espak.ee\/epood\/toode\/tala-sinine-1000mm\/#primaryimage\"},\"image\":{\"@id\":\"https:\/\/espak.ee\/epood\/toode\/tala-sinine-1000mm\/#primaryimage\"},\"thumbnailUrl\":\"https:\/\/espak.ee\/epood\/wp-content\/uploads\/Larguero_AZ_1.jpg\",\"datePublished\":\"2020-03-26T01:26:41+00:00\",\"dateModified\":\"2024-03-22T21:57:34+00:00\",\"breadcrumb\":{\"@id\":\"https:\/\/espak.ee\/epood\/toode\/tala-sinine-1000mm\/#breadcrumb\"},\"inLanguage\":\"et\",\"potentialAction\":[{\"@type\":\"ReadAction\",\"target\":[\"https:\/\/espak.ee\/epood\/toode\/tala-sinine-1000mm\/\"]}]},{\"@type\":\"ImageObject\",\"inLanguage\":\"et\",\"@id\":\"https:\/\/espak.ee\/epood\/toode\/tala-sinine-1000mm\/#primaryimage\",\"url\":\"https:\/\/espak.ee\/epood\/wp-content\/uploads\/Larguero_AZ_1.jpg\",\"contentUrl\":\"https:\/\/espak.ee\/epood\/wp-content\/uploads\/Larguero_AZ_1.jpg\",\"width\":1000,\"height\":1000},{\"@type\":\"BreadcrumbList\",\"@id\":\"https:\/\/espak.ee\/epood\/toode\/tala-sinine-1000mm\/#breadcrumb\",\"itemListElement\":[{\"@type\":\"ListItem\",\"position\":1,\"name\":\"Home\",\"item\":\"https:\/\/espak.ee\/epood\/\"},{\"@type\":\"ListItem\",\"position\":2,\"name\":\"Tootevalik\",\"item\":\"https:\/\/espak.ee\/epood\/tootevalik\/\"},{\"@type\":\"ListItem\",\"position\":3,\"name\":\"TALA SININE 1000MM\"}]},{\"@type\":\"WebSite\",\"@id\":\"https:\/\/espak.ee\/epood\/#website\",\"url\":\"https:\/\/espak.ee\/epood\/\",\"name\":\"Espak E-pood\",\"description\":\"\",\"potentialAction\":[{\"@type\":\"SearchAction\",\"target\":{\"@type\":\"EntryPoint\",\"urlTemplate\":\"https:\/\/espak.ee\/epood\/?s={search_term_string}\"},\"query-input\":{\"@type\":\"PropertyValueSpecification\",\"valueRequired\":true,\"valueName\":\"search_term_string\"}}],\"inLanguage\":\"et\"}]}<\/script>\n<!-- \/ Yoast SEO plugin. -->","yoast_head_json":{"title":"TALA SININE 1000MM - Espak E-pood","robots":{"index":"index","follow":"follow","max-snippet":"max-snippet:-1","max-image-preview":"max-image-preview:large","max-video-preview":"max-video-preview:-1"},"canonical":"https:\/\/espak.ee\/epood\/toode\/tala-sinine-1000mm\/","og_locale":"et_EE","og_type":"article","og_title":"TALA SININE 1000MM - Espak E-pood","og_url":"https:\/\/espak.ee\/epood\/toode\/tala-sinine-1000mm\/","og_site_name":"Espak E-pood","article_modified_time":"2024-03-22T21:57:34+00:00","og_image":[{"width":1000,"height":1000,"url":"https:\/\/espak.ee\/epood\/wp-content\/uploads\/Larguero_AZ_1.jpg","type":"image\/jpeg"}],"twitter_card":"summary_large_image","twitter_misc":{"Est. reading time":"1 minut"},"schema":{"@context":"https:\/\/schema.org","@graph":[{"@type":"WebPage","@id":"https:\/\/espak.ee\/epood\/toode\/tala-sinine-1000mm\/","url":"https:\/\/espak.ee\/epood\/toode\/tala-sinine-1000mm\/","name":"TALA SININE 1000MM - Espak E-pood","isPartOf":{"@id":"https:\/\/espak.ee\/epood\/#website"},"primaryImageOfPage":{"@id":"https:\/\/espak.ee\/epood\/toode\/tala-sinine-1000mm\/#primaryimage"},"image":{"@id":"https:\/\/espak.ee\/epood\/toode\/tala-sinine-1000mm\/#primaryimage"},"thumbnailUrl":"https:\/\/espak.ee\/epood\/wp-content\/uploads\/Larguero_AZ_1.jpg","datePublished":"2020-03-26T01:26:41+00:00","dateModified":"2024-03-22T21:57:34+00:00","breadcrumb":{"@id":"https:\/\/espak.ee\/epood\/toode\/tala-sinine-1000mm\/#breadcrumb"},"inLanguage":"et","potentialAction":[{"@type":"ReadAction","target":["https:\/\/espak.ee\/epood\/toode\/tala-sinine-1000mm\/"]}]},{"@type":"ImageObject","inLanguage":"et","@id":"https:\/\/espak.ee\/epood\/toode\/tala-sinine-1000mm\/#primaryimage","url":"https:\/\/espak.ee\/epood\/wp-content\/uploads\/Larguero_AZ_1.jpg","contentUrl":"https:\/\/espak.ee\/epood\/wp-content\/uploads\/Larguero_AZ_1.jpg","width":1000,"height":1000},{"@type":"BreadcrumbList","@id":"https:\/\/espak.ee\/epood\/toode\/tala-sinine-1000mm\/#breadcrumb","itemListElement":[{"@type":"ListItem","position":1,"name":"Home","item":"https:\/\/espak.ee\/epood\/"},{"@type":"ListItem","position":2,"name":"Tootevalik","item":"https:\/\/espak.ee\/epood\/tootevalik\/"},{"@type":"ListItem","position":3,"name":"TALA SININE 1000MM"}]},{"@type":"WebSite","@id":"https:\/\/espak.ee\/epood\/#website","url":"https:\/\/espak.ee\/epood\/","name":"Espak E-pood","description":"","potentialAction":[{"@type":"SearchAction","target":{"@type":"EntryPoint","urlTemplate":"https:\/\/espak.ee\/epood\/?s={search_term_string}"},"query-input":{"@type":"PropertyValueSpecification","valueRequired":true,"valueName":"search_term_string"}}],"inLanguage":"et"}]}},"_links":{"self":[{"href":"https:\/\/espak.ee\/epood\/wp-json\/wp\/v2\/product\/16844","targetHints":{"allow":["GET"]}}],"collection":[{"href":"https:\/\/espak.ee\/epood\/wp-json\/wp\/v2\/product"}],"about":[{"href":"https:\/\/espak.ee\/epood\/wp-json\/wp\/v2\/types\/product"}],"replies":[{"embeddable":true,"href":"https:\/\/espak.ee\/epood\/wp-json\/wp\/v2\/comments?post=16844"}],"wp:featuredmedia":[{"embeddable":true,"href":"https:\/\/espak.ee\/epood\/wp-json\/wp\/v2\/media\/17143"}],"wp:attachment":[{"href":"https:\/\/espak.ee\/epood\/wp-json\/wp\/v2\/media?parent=16844"}],"wp:term":[{"taxonomy":"product_brand","embeddable":true,"href":"https:\/\/espak.ee\/epood\/wp-json\/wp\/v2\/product_brand?post=16844"},{"taxonomy":"product_cat","embeddable":true,"href":"https:\/\/espak.ee\/epood\/wp-json\/wp\/v2\/product_cat?post=16844"},{"taxonomy":"product_tag","embeddable":true,"href":"https:\/\/espak.ee\/epood\/wp-json\/wp\/v2\/product_tag?post=16844"}],"curies":[{"name":"wp","href":"https:\/\/api.w.org\/{rel}","templated":true}]}}