{"id":168313,"date":"2023-08-09T04:12:56","date_gmt":"2023-08-09T01:12:56","guid":{"rendered":"https:\/\/espak.ee\/epood\/?post_type=product&#038;p=168313"},"modified":"2025-02-19T11:44:02","modified_gmt":"2025-02-19T09:44:02","slug":"alumiiniumradiaator-g500f-1-ribi","status":"publish","type":"product","link":"https:\/\/espak.ee\/epood\/toode\/alumiiniumradiaator-g500f-1-ribi\/","title":{"rendered":"ALUMIINIUMRADIAATOR G500F 1 RIBI"},"content":{"rendered":"<div class=\"row\"  id=\"row-211755685\">\n\n\t<div id=\"col-1699436575\" class=\"col medium-9 small-12 large-9\"  >\n\t\t\t\t<div class=\"col-inner\"  >\n\t\t\t\n\t\t\t\n<h2>Alumiiniumradiaator G500F 1 ribi<\/h2>\n<p>Alumiiniumradiaatorid on m\u00f5eldud kasutamiseks suletud k\u00fcttes\u00fcsteemides. Radiaatoreid v\u00f5ib \u00fchendada vasest ja selle sulamitest, terasest ning plastist valmistatud toruarmatuuriga. Alumiinium on v\u00e4ga hea soojusjuht. Soojusv\u00e4ljastuse intensiivistamiseks on alumiiniumradiaatooritel profileeritud \u00f5hu sisse- ja v\u00e4ljalaskeavad.<br \/>\nRadiaatorid on valmistatud k\u00f5rgekvaliteedilisest alumiiniumi- ja r\u00e4nisulamist survevalu meetodil.<br \/>\nRadiaatori v\u00e4lispind viimistletakse 3 etapis: esmalt kantakse radiaatori v\u00e4lispinnale korrosioonivastane kiht, seej\u00e4rel radiaator v\u00e4rvitakse ning peale v\u00e4rvimist toimub viimistluskihi pealekandmine [RAL 9016].<br \/>\nAlumiiniumradiaatorid valmistatakse tehases sektsioonidena, mis koosnevad elementidest, mis on omavahel \u00fchendatud terasest \u00fchendusl\u00fclidega ja tihendatud tihenditega. Vastavalt vajadusele v\u00f5ib iga komplekti kokku panna individuaalsetest soovidest l\u00e4htuvalt erinevast arvust sektsioonidest.<br \/>\nAlumiiniumradiaatorid \u00fchendatakse k\u00fcttes\u00fcsteemiga k\u00fclg\u00fchendustega. Soovitatav on kasutada koos termostaatidega, mis lubavad reguleerida ruumi temperatuuri.<\/p>\n<p>Alumiiniumradiaatorid sobivad ideaalselt madala temperatuuriga ja v\u00e4ikese veemahuga k\u00fcttes\u00fcsteemidesse. Radiaatoritel on suur konvektiivpind ja suhteliselt v\u00e4ike veemaht, lisaks on alumiinium hea soojusjuht. K\u00f5ik see kokku loob head tingimused efektiivseks soojuse \u00fclekandeks.<br \/>\n Alumiiniumradiaatorid on m\u00f5eldud kasutamiseks suletud k\u00fcttes\u00fcsteemides, kus soojuskandja temperatuur ei \u00fcleta 95\u00b0C ning s\u00fcsteemi t\u00f6\u00f6r\u00f5hk on kuni 16 bar.<br \/>\n Radiaatorid vastavad EU standardile EN442-1.\n<\/p>\n\t<div id=\"gap-962276992\" class=\"gap-element clearfix\" style=\"display:block; height:auto;\">\n\t\t\n<style>\n#gap-962276992 {\n  padding-top: 30px;\n}\n<\/style>\n\t<\/div>\n\t\n\t\t<\/div>\n\t\t\t\t\t<\/div>\n\n\t\n\n\t<div id=\"col-2035576454\" class=\"col medium-3 small-12 large-3\"  >\n\t\t\t\t<div class=\"col-inner\"  >\n\t\t\t\n\t\t\t\n\t<div id=\"gap-1134791375\" class=\"gap-element clearfix\" style=\"display:block; height:auto;\">\n\t\t\n<style>\n#gap-1134791375 {\n  padding-top: 30px;\n}\n<\/style>\n\t<\/div>\n\t\n<h3>Alumiiniumradiaatorite tutvustus<\/h3>\n<p><a href=\"https:\/\/espak.ee\/epood\/wp-content\/uploads\/2023\/08\/Alumiiniumradiaatorite-tutvustus.pdf\"target=\"_blank\" rel=\"noopener noreferrer\"><i class=\"far fa-file-pdf\"><\/i> Alumiiniumradiaatorite tutvustus (PDF)<\/a><\/p>\n<div class=\"is-divider divider clearfix\" ><\/div>\n<p><strong>\u00dcksikasjalikuma n\u00f5u saamiseks v\u00f5tke \u00fchendust:<br \/><\/strong>AP&#038;P GRUPI AS<br \/>M\u00e4ealuse 10<br \/>12618<br \/>Tallinn<br \/>+372 6813 590<\/p>\n<div class=\"is-divider divider clearfix\" ><\/div>\n\t\t<\/div>\n\t\t\t\t\t<\/div>\n\n\t\n<\/div>\n","protected":false},"excerpt":{"rendered":"","protected":false},"featured_media":168455,"comment_status":"closed","ping_status":"closed","template":"","meta":[],"product_brand":[],"product_cat":[4528,4705,2819,2820],"product_tag":[],"class_list":{"0":"post-168313","1":"product","2":"type-product","3":"status-publish","4":"has-post-thumbnail","6":"product_cat-radiaatorid","7":"product_cat-radiaatorid-alumiiniumist","8":"product_cat-sanitaartehnika","9":"product_cat-sanitaartehnika-sanitaartehnika","10":"pa_kaubamark-app-grupi-as","12":"first","13":"instock","14":"sale","15":"taxable","16":"shipping-taxable","17":"purchasable","18":"product-type-simple"},"yoast_head":"<!-- This site is optimized with the Yoast SEO plugin v26.9 - https:\/\/yoast.com\/product\/yoast-seo-wordpress\/ -->\n<title>ALUMIINIUMRADIAATOR G500F 1 RIBI - Espak E-pood<\/title>\n<meta name=\"robots\" content=\"index, follow, max-snippet:-1, max-image-preview:large, max-video-preview:-1\" \/>\n<link rel=\"canonical\" href=\"https:\/\/espak.ee\/epood\/toode\/alumiiniumradiaator-g500f-1-ribi\/\" \/>\n<meta property=\"og:locale\" content=\"et_EE\" \/>\n<meta property=\"og:type\" content=\"article\" \/>\n<meta property=\"og:title\" content=\"ALUMIINIUMRADIAATOR G500F 1 RIBI - Espak E-pood\" \/>\n<meta property=\"og:url\" content=\"https:\/\/espak.ee\/epood\/toode\/alumiiniumradiaator-g500f-1-ribi\/\" \/>\n<meta property=\"og:site_name\" content=\"Espak E-pood\" \/>\n<meta property=\"article:modified_time\" content=\"2025-02-19T09:44:02+00:00\" \/>\n<meta property=\"og:image\" content=\"https:\/\/espak.ee\/epood\/wp-content\/uploads\/2023\/08\/Alumiiniumradiaator-2.jpg\" \/>\n\t<meta property=\"og:image:width\" content=\"800\" \/>\n\t<meta property=\"og:image:height\" content=\"800\" \/>\n\t<meta property=\"og:image:type\" content=\"image\/jpeg\" \/>\n<meta name=\"twitter:card\" content=\"summary_large_image\" \/>\n<meta name=\"twitter:label1\" content=\"Est. reading time\" \/>\n\t<meta name=\"twitter:data1\" content=\"1 minut\" \/>\n<script type=\"application\/ld+json\" class=\"yoast-schema-graph\">{\"@context\":\"https:\/\/schema.org\",\"@graph\":[{\"@type\":\"WebPage\",\"@id\":\"https:\/\/espak.ee\/epood\/toode\/alumiiniumradiaator-g500f-1-ribi\/\",\"url\":\"https:\/\/espak.ee\/epood\/toode\/alumiiniumradiaator-g500f-1-ribi\/\",\"name\":\"ALUMIINIUMRADIAATOR G500F 1 RIBI - Espak E-pood\",\"isPartOf\":{\"@id\":\"https:\/\/espak.ee\/epood\/#website\"},\"primaryImageOfPage\":{\"@id\":\"https:\/\/espak.ee\/epood\/toode\/alumiiniumradiaator-g500f-1-ribi\/#primaryimage\"},\"image\":{\"@id\":\"https:\/\/espak.ee\/epood\/toode\/alumiiniumradiaator-g500f-1-ribi\/#primaryimage\"},\"thumbnailUrl\":\"https:\/\/espak.ee\/epood\/wp-content\/uploads\/2023\/08\/Alumiiniumradiaator-2.jpg\",\"datePublished\":\"2023-08-09T01:12:56+00:00\",\"dateModified\":\"2025-02-19T09:44:02+00:00\",\"breadcrumb\":{\"@id\":\"https:\/\/espak.ee\/epood\/toode\/alumiiniumradiaator-g500f-1-ribi\/#breadcrumb\"},\"inLanguage\":\"et\",\"potentialAction\":[{\"@type\":\"ReadAction\",\"target\":[\"https:\/\/espak.ee\/epood\/toode\/alumiiniumradiaator-g500f-1-ribi\/\"]}]},{\"@type\":\"ImageObject\",\"inLanguage\":\"et\",\"@id\":\"https:\/\/espak.ee\/epood\/toode\/alumiiniumradiaator-g500f-1-ribi\/#primaryimage\",\"url\":\"https:\/\/espak.ee\/epood\/wp-content\/uploads\/2023\/08\/Alumiiniumradiaator-2.jpg\",\"contentUrl\":\"https:\/\/espak.ee\/epood\/wp-content\/uploads\/2023\/08\/Alumiiniumradiaator-2.jpg\",\"width\":800,\"height\":800},{\"@type\":\"BreadcrumbList\",\"@id\":\"https:\/\/espak.ee\/epood\/toode\/alumiiniumradiaator-g500f-1-ribi\/#breadcrumb\",\"itemListElement\":[{\"@type\":\"ListItem\",\"position\":1,\"name\":\"Home\",\"item\":\"https:\/\/espak.ee\/epood\/\"},{\"@type\":\"ListItem\",\"position\":2,\"name\":\"Tootevalik\",\"item\":\"https:\/\/espak.ee\/epood\/tootevalik\/\"},{\"@type\":\"ListItem\",\"position\":3,\"name\":\"ALUMIINIUMRADIAATOR G500F 1 RIBI\"}]},{\"@type\":\"WebSite\",\"@id\":\"https:\/\/espak.ee\/epood\/#website\",\"url\":\"https:\/\/espak.ee\/epood\/\",\"name\":\"Espak E-pood\",\"description\":\"\",\"potentialAction\":[{\"@type\":\"SearchAction\",\"target\":{\"@type\":\"EntryPoint\",\"urlTemplate\":\"https:\/\/espak.ee\/epood\/?s={search_term_string}\"},\"query-input\":{\"@type\":\"PropertyValueSpecification\",\"valueRequired\":true,\"valueName\":\"search_term_string\"}}],\"inLanguage\":\"et\"}]}<\/script>\n<!-- \/ Yoast SEO plugin. -->","yoast_head_json":{"title":"ALUMIINIUMRADIAATOR G500F 1 RIBI - Espak E-pood","robots":{"index":"index","follow":"follow","max-snippet":"max-snippet:-1","max-image-preview":"max-image-preview:large","max-video-preview":"max-video-preview:-1"},"canonical":"https:\/\/espak.ee\/epood\/toode\/alumiiniumradiaator-g500f-1-ribi\/","og_locale":"et_EE","og_type":"article","og_title":"ALUMIINIUMRADIAATOR G500F 1 RIBI - Espak E-pood","og_url":"https:\/\/espak.ee\/epood\/toode\/alumiiniumradiaator-g500f-1-ribi\/","og_site_name":"Espak E-pood","article_modified_time":"2025-02-19T09:44:02+00:00","og_image":[{"width":800,"height":800,"url":"https:\/\/espak.ee\/epood\/wp-content\/uploads\/2023\/08\/Alumiiniumradiaator-2.jpg","type":"image\/jpeg"}],"twitter_card":"summary_large_image","twitter_misc":{"Est. reading time":"1 minut"},"schema":{"@context":"https:\/\/schema.org","@graph":[{"@type":"WebPage","@id":"https:\/\/espak.ee\/epood\/toode\/alumiiniumradiaator-g500f-1-ribi\/","url":"https:\/\/espak.ee\/epood\/toode\/alumiiniumradiaator-g500f-1-ribi\/","name":"ALUMIINIUMRADIAATOR G500F 1 RIBI - Espak E-pood","isPartOf":{"@id":"https:\/\/espak.ee\/epood\/#website"},"primaryImageOfPage":{"@id":"https:\/\/espak.ee\/epood\/toode\/alumiiniumradiaator-g500f-1-ribi\/#primaryimage"},"image":{"@id":"https:\/\/espak.ee\/epood\/toode\/alumiiniumradiaator-g500f-1-ribi\/#primaryimage"},"thumbnailUrl":"https:\/\/espak.ee\/epood\/wp-content\/uploads\/2023\/08\/Alumiiniumradiaator-2.jpg","datePublished":"2023-08-09T01:12:56+00:00","dateModified":"2025-02-19T09:44:02+00:00","breadcrumb":{"@id":"https:\/\/espak.ee\/epood\/toode\/alumiiniumradiaator-g500f-1-ribi\/#breadcrumb"},"inLanguage":"et","potentialAction":[{"@type":"ReadAction","target":["https:\/\/espak.ee\/epood\/toode\/alumiiniumradiaator-g500f-1-ribi\/"]}]},{"@type":"ImageObject","inLanguage":"et","@id":"https:\/\/espak.ee\/epood\/toode\/alumiiniumradiaator-g500f-1-ribi\/#primaryimage","url":"https:\/\/espak.ee\/epood\/wp-content\/uploads\/2023\/08\/Alumiiniumradiaator-2.jpg","contentUrl":"https:\/\/espak.ee\/epood\/wp-content\/uploads\/2023\/08\/Alumiiniumradiaator-2.jpg","width":800,"height":800},{"@type":"BreadcrumbList","@id":"https:\/\/espak.ee\/epood\/toode\/alumiiniumradiaator-g500f-1-ribi\/#breadcrumb","itemListElement":[{"@type":"ListItem","position":1,"name":"Home","item":"https:\/\/espak.ee\/epood\/"},{"@type":"ListItem","position":2,"name":"Tootevalik","item":"https:\/\/espak.ee\/epood\/tootevalik\/"},{"@type":"ListItem","position":3,"name":"ALUMIINIUMRADIAATOR G500F 1 RIBI"}]},{"@type":"WebSite","@id":"https:\/\/espak.ee\/epood\/#website","url":"https:\/\/espak.ee\/epood\/","name":"Espak E-pood","description":"","potentialAction":[{"@type":"SearchAction","target":{"@type":"EntryPoint","urlTemplate":"https:\/\/espak.ee\/epood\/?s={search_term_string}"},"query-input":{"@type":"PropertyValueSpecification","valueRequired":true,"valueName":"search_term_string"}}],"inLanguage":"et"}]}},"_links":{"self":[{"href":"https:\/\/espak.ee\/epood\/wp-json\/wp\/v2\/product\/168313","targetHints":{"allow":["GET"]}}],"collection":[{"href":"https:\/\/espak.ee\/epood\/wp-json\/wp\/v2\/product"}],"about":[{"href":"https:\/\/espak.ee\/epood\/wp-json\/wp\/v2\/types\/product"}],"replies":[{"embeddable":true,"href":"https:\/\/espak.ee\/epood\/wp-json\/wp\/v2\/comments?post=168313"}],"wp:featuredmedia":[{"embeddable":true,"href":"https:\/\/espak.ee\/epood\/wp-json\/wp\/v2\/media\/168455"}],"wp:attachment":[{"href":"https:\/\/espak.ee\/epood\/wp-json\/wp\/v2\/media?parent=168313"}],"wp:term":[{"taxonomy":"product_brand","embeddable":true,"href":"https:\/\/espak.ee\/epood\/wp-json\/wp\/v2\/product_brand?post=168313"},{"taxonomy":"product_cat","embeddable":true,"href":"https:\/\/espak.ee\/epood\/wp-json\/wp\/v2\/product_cat?post=168313"},{"taxonomy":"product_tag","embeddable":true,"href":"https:\/\/espak.ee\/epood\/wp-json\/wp\/v2\/product_tag?post=168313"}],"curies":[{"name":"wp","href":"https:\/\/api.w.org\/{rel}","templated":true}]}}