{"id":168225,"date":"2023-08-08T13:31:04","date_gmt":"2023-08-08T10:31:04","guid":{"rendered":"https:\/\/espak.ee\/epood\/?post_type=product&#038;p=168225"},"modified":"2024-12-19T13:10:15","modified_gmt":"2024-12-19T11:10:15","slug":"koogisegisti-filtersusteemiga-grohe-blue-home-matt-must","status":"publish","type":"product","link":"https:\/\/espak.ee\/epood\/toode\/koogisegisti-filtersusteemiga-grohe-blue-home-matt-must\/","title":{"rendered":"K\u00d6\u00d6GISEGISTI FILTERS\u00dcSTEEMIGA GROHE BLUE HOME MATT MUST"},"content":{"rendered":"<div class=\"row\"  id=\"row-1229126900\">\n\n\t<div id=\"col-1073913864\" class=\"col medium-9 small-12 large-9\"  >\n\t\t\t\t<div class=\"col-inner\"  >\n\t\t\t\n\t\t\t\n<h2>GROHE Blue Home k\u00f6\u00f6gisegisti filters\u00fcsteemiga matt must<\/h2>\n<div class=\"message-box relative\" style=\"padding-top:15px;padding-bottom:15px;\"><div class=\"message-box-bg-image bg-fill fill\" ><\/div><div class=\"message-box-bg-overlay bg-fill fill\" ><\/div><div class=\"container relative\"><div class=\"inner last-reset\">\n<div class=\"row align-middle align-center\"  id=\"row-1698184929\">\n\n\t<div id=\"col-88972839\" class=\"col small-12 large-12\"  >\n\t\t\t\t<div class=\"col-inner text-left\"  >\n\t\t\t\n\t\t\t\n<h4>Omadused<\/h4>\n<div class=\"row\"  id=\"row-1201732446\">\n\n\t<div id=\"col-1087444350\" class=\"col medium-6 small-12 large-6\"  >\n\t\t\t\t<div class=\"col-inner\"  >\n\t\t\t\n\t\t\t\n<p><i class=\"fa fa-check fa-2x\"><\/i> <strong> Paradab vee maitset ja l\u00f5hna t\u00e4nu tavalistele filtritele (S- \/ M- \/ L-suurus) ning lisaks sellele v\u00e4hendab katlakivi ja tahkeid j\u00e4\u00e4ke<\/strong><\/p>\n<p><i class=\"fa fa-check fa-2x\"><\/i> <strong> 5in1 filtris\u00fcsteem, mis pakub v\u00e4rsket looduslikku filtreeritud vett &#8211; nii gaseerimata kui ka kergelt v\u00f5i tugevalt gaseeritud vett. Lisaks veel k\u00fclma ja sooja vett igap\u00e4evaseks kasutamiseks ja seda k\u00f5ike \u00fchest segistist.<br \/>\n<\/strong><\/p>\n\t\t<\/div>\n\t\t\t\t\n<style>\n#col-1087444350 > .col-inner {\n  margin: 0px 0px 15px 0px;\n}\n<\/style>\n\t<\/div>\n\n\t\n\n\t<div id=\"col-931047964\" class=\"col medium-6 small-12 large-6\"  >\n\t\t\t\t<div class=\"col-inner\"  >\n\t\t\t\n\t\t\t\n<p><i class=\"fa fa-check fa-2x\"><\/i> <strong> Komplektis 425 gr CO2 pudel (umbes 60 l mineraalvee jaoks)<\/strong><\/p>\n<p><i class=\"fa fa-check fa-2x\"><\/i> <strong> Juhitav ja j\u00e4lgitav l\u00e4bi GROHE Ondus rakenduse<\/strong><\/p>\n\t\t<\/div>\n\t\t\t\t\n<style>\n#col-931047964 > .col-inner {\n  margin: 0px 0px 15px 0px;\n}\n<\/style>\n\t<\/div>\n\n\t\n<\/div>\n\t\t<\/div>\n\t\t\t\t\t<\/div>\n\n\t\n<\/div>\n<\/div><\/div><\/div>\n\t<div id=\"gap-2063907665\" class=\"gap-element clearfix\" style=\"display:block; height:auto;\">\n\t\t\n<style>\n#gap-2063907665 {\n  padding-top: 30px;\n}\n<\/style>\n\t<\/div>\n\t\n<p>Nutikodu on kohal ja sellest v\u00f5ib abi olla isegi siis, kui soovite nautida kohe k\u00e4ttesaadavat puhast, mullita v\u00f5i mullivett.<br \/>\n GROHE Blue Home Duo stardikomplektis on olemas k\u00f5ik, mida vajate filtreeritud ja jahutatud vee nautimiseks\u00a0\u2013 otse k\u00f6\u00f6gisegistist, koos nutikate funktsioonidega, mis h\u00f5lbustavad kasutamist veelgi. Saate valida gaseerimata, kergelt gaseeritud v\u00f5i gaseeritud vee.<br \/>\n See rakenduse GROHE Ondus** toega \u00fchendatud versioon v\u00f5imaldab nutitelefoni*** abil vett valada, veekulu j\u00e4lgida ja koguni automaatselt filtreid ja CO\u2082-balloone juurde tellida. Seadistada saab kaugelt, telefoni kaudu. Peale selle saab teie veekasutuse statistika siduda terviserakendustega.<br \/>\n Komplektis on koos GROHE Blue \u00fche k\u00e4epidemega segisti ning v\u00e4ikese energiatarbega jahuti, mis sisaldab filtrit ja CO\u2082-ballooni gaseerimiseks. Jahuti mahub k\u00f5igisse \u00fcle 30\u00a0cm laiustesse kappidesse, sobides nii suurep\u00e4raselt igasse k\u00f6\u00f6ki. Nii filtri kui ka 425\u00a0g CO\u2082-ballooni saab kergesti eemaldada ja v\u00e4lja vahetada.<br \/>\n Blue Home Duo segistiga saate lisaks k\u00f5ik hea tehnilise lahendusega ja klassikalise GROHE k\u00f6\u00f6gisegisti eelised. Mugavas k\u00f5rges 150-kraadise p\u00f6\u00f6rdeulatusega tilas on varjul eraldi sisemised veekanalid filtreeritud ja filtreerimata vee tarbeks.<br \/>\n Hoobk\u00e4epidemega saate tavalist pesuvett, kuid filtri, jahutus- v\u00f5i gaseerimisfunktsiooni aktiveerimiseks tuleb lihtsalt vajutada LED-valgustustega nuppu. LED-n\u00e4idik annab ka teada, millal filtrikassetti vahetada. GROHE elegantsete joontega \u00fcheosalisel k\u00f6\u00f6gisegistil on ka GROHE StarLighti lihtsasti puhastatav pinnakate ja k\u00e4sitsemise h\u00f5lbustamiseks vastupidav GROHE SilkMove\u2019i sisemehhanism. Lisaks ei ole vaja v\u00e4list torustikku, kogu komplekt on kasutusvalmis ja paigaldamine l\u00e4heb kiirelt, v\u00f5ttes vaid 30\u00a0minutit.<\/p>\n<p>GROHE Blue Home\u00a0\u2013 uus nutikas viis nautida puhast filtreeritud vett otse segistist.<\/p>\n\t\t<\/div>\n\t\t\t\t\t<\/div>\n\n\t\n\n\t<div id=\"col-1376788301\" class=\"col medium-3 small-12 large-3\"  >\n\t\t\t\t<div class=\"col-inner\"  >\n\t\t\t\n\t\t\t\n\t<div id=\"gap-2113728094\" class=\"gap-element clearfix\" style=\"display:block; height:auto;\">\n\t\t\n<style>\n#gap-2113728094 {\n  padding-top: 30px;\n}\n<\/style>\n\t<\/div>\n\t\n<p><strong>\u00dcksikasjalikuma n\u00f5u saamiseks v\u00f5tke \u00fchendust:<br \/><\/strong>Grohe AG Eesti filiaal<br \/>Tartu mnt 16<br \/>10117<br \/>Tallinn<br \/>+372 6616354<\/p>\n\t\t<\/div>\n\t\t\t\t\t<\/div>\n\n\t\n<\/div>\n","protected":false},"excerpt":{"rendered":"","protected":false},"featured_media":168362,"comment_status":"closed","ping_status":"closed","template":"","meta":[],"product_brand":[],"product_cat":[2826,2819,2820,2821],"product_tag":[],"class_list":{"0":"post-168225","1":"product","2":"type-product","3":"status-publish","4":"has-post-thumbnail","6":"product_cat-koogisegistid","7":"product_cat-sanitaartehnika","8":"product_cat-sanitaartehnika-sanitaartehnika","9":"product_cat-segistid","10":"pa_kaubamark-grohe-a-g","12":"first","13":"outofstock","14":"sale","15":"taxable","16":"shipping-taxable","17":"purchasable","18":"product-type-simple"},"yoast_head":"<!-- This site is optimized with the Yoast SEO plugin v26.9 - https:\/\/yoast.com\/product\/yoast-seo-wordpress\/ -->\n<title>K\u00d6\u00d6GISEGISTI FILTERS\u00dcSTEEMIGA GROHE BLUE HOME MATT MUST - Espak E-pood<\/title>\n<meta name=\"robots\" content=\"index, follow, max-snippet:-1, max-image-preview:large, max-video-preview:-1\" \/>\n<link rel=\"canonical\" href=\"https:\/\/espak.ee\/epood\/toode\/koogisegisti-filtersusteemiga-grohe-blue-home-matt-must\/\" \/>\n<meta property=\"og:locale\" content=\"et_EE\" \/>\n<meta property=\"og:type\" content=\"article\" \/>\n<meta property=\"og:title\" content=\"K\u00d6\u00d6GISEGISTI FILTERS\u00dcSTEEMIGA GROHE BLUE HOME MATT MUST - Espak E-pood\" \/>\n<meta property=\"og:url\" content=\"https:\/\/espak.ee\/epood\/toode\/koogisegisti-filtersusteemiga-grohe-blue-home-matt-must\/\" \/>\n<meta property=\"og:site_name\" content=\"Espak E-pood\" \/>\n<meta property=\"article:modified_time\" content=\"2024-12-19T11:10:15+00:00\" \/>\n<meta property=\"og:image\" content=\"https:\/\/espak.ee\/epood\/wp-content\/uploads\/2023\/08\/31455KS1_1_1.jpg\" \/>\n\t<meta property=\"og:image:width\" content=\"800\" \/>\n\t<meta property=\"og:image:height\" content=\"800\" \/>\n\t<meta property=\"og:image:type\" content=\"image\/jpeg\" \/>\n<meta name=\"twitter:card\" content=\"summary_large_image\" \/>\n<meta name=\"twitter:label1\" content=\"Est. reading time\" \/>\n\t<meta name=\"twitter:data1\" content=\"2 minutit\" \/>\n<script type=\"application\/ld+json\" class=\"yoast-schema-graph\">{\"@context\":\"https:\/\/schema.org\",\"@graph\":[{\"@type\":\"WebPage\",\"@id\":\"https:\/\/espak.ee\/epood\/toode\/koogisegisti-filtersusteemiga-grohe-blue-home-matt-must\/\",\"url\":\"https:\/\/espak.ee\/epood\/toode\/koogisegisti-filtersusteemiga-grohe-blue-home-matt-must\/\",\"name\":\"K\u00d6\u00d6GISEGISTI FILTERS\u00dcSTEEMIGA GROHE BLUE HOME MATT MUST - Espak E-pood\",\"isPartOf\":{\"@id\":\"https:\/\/espak.ee\/epood\/#website\"},\"primaryImageOfPage\":{\"@id\":\"https:\/\/espak.ee\/epood\/toode\/koogisegisti-filtersusteemiga-grohe-blue-home-matt-must\/#primaryimage\"},\"image\":{\"@id\":\"https:\/\/espak.ee\/epood\/toode\/koogisegisti-filtersusteemiga-grohe-blue-home-matt-must\/#primaryimage\"},\"thumbnailUrl\":\"https:\/\/espak.ee\/epood\/wp-content\/uploads\/2023\/08\/31455KS1_1_1.jpg\",\"datePublished\":\"2023-08-08T10:31:04+00:00\",\"dateModified\":\"2024-12-19T11:10:15+00:00\",\"breadcrumb\":{\"@id\":\"https:\/\/espak.ee\/epood\/toode\/koogisegisti-filtersusteemiga-grohe-blue-home-matt-must\/#breadcrumb\"},\"inLanguage\":\"et\",\"potentialAction\":[{\"@type\":\"ReadAction\",\"target\":[\"https:\/\/espak.ee\/epood\/toode\/koogisegisti-filtersusteemiga-grohe-blue-home-matt-must\/\"]}]},{\"@type\":\"ImageObject\",\"inLanguage\":\"et\",\"@id\":\"https:\/\/espak.ee\/epood\/toode\/koogisegisti-filtersusteemiga-grohe-blue-home-matt-must\/#primaryimage\",\"url\":\"https:\/\/espak.ee\/epood\/wp-content\/uploads\/2023\/08\/31455KS1_1_1.jpg\",\"contentUrl\":\"https:\/\/espak.ee\/epood\/wp-content\/uploads\/2023\/08\/31455KS1_1_1.jpg\",\"width\":800,\"height\":800},{\"@type\":\"BreadcrumbList\",\"@id\":\"https:\/\/espak.ee\/epood\/toode\/koogisegisti-filtersusteemiga-grohe-blue-home-matt-must\/#breadcrumb\",\"itemListElement\":[{\"@type\":\"ListItem\",\"position\":1,\"name\":\"Home\",\"item\":\"https:\/\/espak.ee\/epood\/\"},{\"@type\":\"ListItem\",\"position\":2,\"name\":\"Tootevalik\",\"item\":\"https:\/\/espak.ee\/epood\/tootevalik\/\"},{\"@type\":\"ListItem\",\"position\":3,\"name\":\"K\u00d6\u00d6GISEGISTI FILTERS\u00dcSTEEMIGA GROHE BLUE HOME MATT MUST\"}]},{\"@type\":\"WebSite\",\"@id\":\"https:\/\/espak.ee\/epood\/#website\",\"url\":\"https:\/\/espak.ee\/epood\/\",\"name\":\"Espak E-pood\",\"description\":\"\",\"potentialAction\":[{\"@type\":\"SearchAction\",\"target\":{\"@type\":\"EntryPoint\",\"urlTemplate\":\"https:\/\/espak.ee\/epood\/?s={search_term_string}\"},\"query-input\":{\"@type\":\"PropertyValueSpecification\",\"valueRequired\":true,\"valueName\":\"search_term_string\"}}],\"inLanguage\":\"et\"}]}<\/script>\n<!-- \/ Yoast SEO plugin. -->","yoast_head_json":{"title":"K\u00d6\u00d6GISEGISTI FILTERS\u00dcSTEEMIGA GROHE BLUE HOME MATT MUST - Espak E-pood","robots":{"index":"index","follow":"follow","max-snippet":"max-snippet:-1","max-image-preview":"max-image-preview:large","max-video-preview":"max-video-preview:-1"},"canonical":"https:\/\/espak.ee\/epood\/toode\/koogisegisti-filtersusteemiga-grohe-blue-home-matt-must\/","og_locale":"et_EE","og_type":"article","og_title":"K\u00d6\u00d6GISEGISTI FILTERS\u00dcSTEEMIGA GROHE BLUE HOME MATT MUST - Espak E-pood","og_url":"https:\/\/espak.ee\/epood\/toode\/koogisegisti-filtersusteemiga-grohe-blue-home-matt-must\/","og_site_name":"Espak E-pood","article_modified_time":"2024-12-19T11:10:15+00:00","og_image":[{"width":800,"height":800,"url":"https:\/\/espak.ee\/epood\/wp-content\/uploads\/2023\/08\/31455KS1_1_1.jpg","type":"image\/jpeg"}],"twitter_card":"summary_large_image","twitter_misc":{"Est. reading time":"2 minutit"},"schema":{"@context":"https:\/\/schema.org","@graph":[{"@type":"WebPage","@id":"https:\/\/espak.ee\/epood\/toode\/koogisegisti-filtersusteemiga-grohe-blue-home-matt-must\/","url":"https:\/\/espak.ee\/epood\/toode\/koogisegisti-filtersusteemiga-grohe-blue-home-matt-must\/","name":"K\u00d6\u00d6GISEGISTI FILTERS\u00dcSTEEMIGA GROHE BLUE HOME MATT MUST - Espak E-pood","isPartOf":{"@id":"https:\/\/espak.ee\/epood\/#website"},"primaryImageOfPage":{"@id":"https:\/\/espak.ee\/epood\/toode\/koogisegisti-filtersusteemiga-grohe-blue-home-matt-must\/#primaryimage"},"image":{"@id":"https:\/\/espak.ee\/epood\/toode\/koogisegisti-filtersusteemiga-grohe-blue-home-matt-must\/#primaryimage"},"thumbnailUrl":"https:\/\/espak.ee\/epood\/wp-content\/uploads\/2023\/08\/31455KS1_1_1.jpg","datePublished":"2023-08-08T10:31:04+00:00","dateModified":"2024-12-19T11:10:15+00:00","breadcrumb":{"@id":"https:\/\/espak.ee\/epood\/toode\/koogisegisti-filtersusteemiga-grohe-blue-home-matt-must\/#breadcrumb"},"inLanguage":"et","potentialAction":[{"@type":"ReadAction","target":["https:\/\/espak.ee\/epood\/toode\/koogisegisti-filtersusteemiga-grohe-blue-home-matt-must\/"]}]},{"@type":"ImageObject","inLanguage":"et","@id":"https:\/\/espak.ee\/epood\/toode\/koogisegisti-filtersusteemiga-grohe-blue-home-matt-must\/#primaryimage","url":"https:\/\/espak.ee\/epood\/wp-content\/uploads\/2023\/08\/31455KS1_1_1.jpg","contentUrl":"https:\/\/espak.ee\/epood\/wp-content\/uploads\/2023\/08\/31455KS1_1_1.jpg","width":800,"height":800},{"@type":"BreadcrumbList","@id":"https:\/\/espak.ee\/epood\/toode\/koogisegisti-filtersusteemiga-grohe-blue-home-matt-must\/#breadcrumb","itemListElement":[{"@type":"ListItem","position":1,"name":"Home","item":"https:\/\/espak.ee\/epood\/"},{"@type":"ListItem","position":2,"name":"Tootevalik","item":"https:\/\/espak.ee\/epood\/tootevalik\/"},{"@type":"ListItem","position":3,"name":"K\u00d6\u00d6GISEGISTI FILTERS\u00dcSTEEMIGA GROHE BLUE HOME MATT MUST"}]},{"@type":"WebSite","@id":"https:\/\/espak.ee\/epood\/#website","url":"https:\/\/espak.ee\/epood\/","name":"Espak E-pood","description":"","potentialAction":[{"@type":"SearchAction","target":{"@type":"EntryPoint","urlTemplate":"https:\/\/espak.ee\/epood\/?s={search_term_string}"},"query-input":{"@type":"PropertyValueSpecification","valueRequired":true,"valueName":"search_term_string"}}],"inLanguage":"et"}]}},"_links":{"self":[{"href":"https:\/\/espak.ee\/epood\/wp-json\/wp\/v2\/product\/168225","targetHints":{"allow":["GET"]}}],"collection":[{"href":"https:\/\/espak.ee\/epood\/wp-json\/wp\/v2\/product"}],"about":[{"href":"https:\/\/espak.ee\/epood\/wp-json\/wp\/v2\/types\/product"}],"replies":[{"embeddable":true,"href":"https:\/\/espak.ee\/epood\/wp-json\/wp\/v2\/comments?post=168225"}],"wp:featuredmedia":[{"embeddable":true,"href":"https:\/\/espak.ee\/epood\/wp-json\/wp\/v2\/media\/168362"}],"wp:attachment":[{"href":"https:\/\/espak.ee\/epood\/wp-json\/wp\/v2\/media?parent=168225"}],"wp:term":[{"taxonomy":"product_brand","embeddable":true,"href":"https:\/\/espak.ee\/epood\/wp-json\/wp\/v2\/product_brand?post=168225"},{"taxonomy":"product_cat","embeddable":true,"href":"https:\/\/espak.ee\/epood\/wp-json\/wp\/v2\/product_cat?post=168225"},{"taxonomy":"product_tag","embeddable":true,"href":"https:\/\/espak.ee\/epood\/wp-json\/wp\/v2\/product_tag?post=168225"}],"curies":[{"name":"wp","href":"https:\/\/api.w.org\/{rel}","templated":true}]}}