{"id":16798,"date":"2020-03-25T03:35:04","date_gmt":"2020-03-25T01:35:04","guid":{"rendered":"https:\/\/espak.ee\/hinnakiri\/?post_type=product&#038;p=16798"},"modified":"2026-04-14T14:13:29","modified_gmt":"2026-04-14T11:13:29","slug":"korvaklapid-ep-max-200-31020-punased","status":"publish","type":"product","link":"https:\/\/espak.ee\/epood\/toode\/korvaklapid-ep-max-200-31020-punased\/","title":{"rendered":"K\u00d5RVAKLAPID EP MAX 200 31020 PUNASED"},"content":{"rendered":"<div class=\"row\"  id=\"row-209312802\">\n\n\t<div id=\"col-447820094\" class=\"col medium-9 small-12 large-9\"  >\n\t\t\t\t<div class=\"col-inner\"  >\n\t\t\t\n\t\t\t\n<h2>EARLINE k\u00f5rvaklapid MAX 200<\/h2>\n<p>EARLINE k\u00f5rvaklapid MAX 200 sobivad keskmise ja n\u00f5rgema m\u00fcra summutamiseks. Kerged k\u00f5rvaklapid kaitsevad k\u00f5rvu kahjuliku m\u00fcra eest ning ennetavad kuulmiskahjustuste teket. Peav\u00f5ru saab erineva peakuju j\u00e4rgi reguleerida, mille t\u00f5ttu on neid mugav kanda ka pikema aja jooksul.<\/p>\n<p>EARLINE k\u00f5rvaklapid vastavad EN 352-1 k\u00f5rvaklappide \u00fcldstandardile.<\/p>\n<p>> EN 352-1<br \/>\n> SNR 27 dB<br \/>\n> Kaal 166 g<\/p>\n\t<div id=\"gap-915734626\" class=\"gap-element clearfix\" style=\"display:block; height:auto;\">\n\t\t\n<style>\n#gap-915734626 {\n  padding-top: 30px;\n}\n<\/style>\n\t<\/div>\n\t\n\t\t<\/div>\n\t\t\t\t\t<\/div>\n\n\t\n\n\t<div id=\"col-1376438392\" class=\"col medium-3 small-12 large-3\"  >\n\t\t\t\t<div class=\"col-inner\"  >\n\t\t\t\n\t\t\t\n\t<div id=\"gap-113399098\" class=\"gap-element clearfix\" style=\"display:block; height:auto;\">\n\t\t\n<style>\n#gap-113399098 {\n  padding-top: 30px;\n}\n<\/style>\n\t<\/div>\n\t\n<div class=\"is-divider divider clearfix\" ><\/div>\n<p><strong>\u00dcksikasjalikuma n\u00f5u saamiseks v\u00f5tke \u00fchendust:<br \/><\/strong>Becky AS<br \/>Laki 30A \/ Kadaka tee 129<br \/>12915<br \/>Tallinn<br \/>+372 670 6880<\/p>\n<div class=\"is-divider divider clearfix\" ><\/div>\n\t\t<\/div>\n\t\t\t\t\t<\/div>\n\n\t\n<\/div>\n","protected":false},"excerpt":{"rendered":"","protected":false},"featured_media":18528,"comment_status":"closed","ping_status":"open","template":"","meta":[],"product_brand":[],"product_cat":[2788,2973,2975,2972],"product_tag":[],"class_list":{"0":"post-16798","1":"product","2":"type-product","3":"status-publish","4":"has-post-thumbnail","6":"product_cat-aiatarbed-ja-kodukaubad","7":"product_cat-isikukaitsevahendid","8":"product_cat-kuulmiskaitsed","9":"product_cat-tookaitsevahendid","10":"pa_kaubamark-becky-as","12":"first","13":"instock","14":"sale","15":"taxable","16":"shipping-taxable","17":"purchasable","18":"product-type-simple"},"yoast_head":"<!-- This site is optimized with the Yoast SEO plugin v26.9 - https:\/\/yoast.com\/product\/yoast-seo-wordpress\/ -->\n<title>K\u00d5RVAKLAPID EP MAX 200 31020 PUNASED - Espak E-pood<\/title>\n<meta name=\"robots\" content=\"index, follow, max-snippet:-1, max-image-preview:large, max-video-preview:-1\" \/>\n<link rel=\"canonical\" href=\"https:\/\/espak.ee\/epood\/toode\/korvaklapid-ep-max-200-31020-punased\/\" \/>\n<meta property=\"og:locale\" content=\"et_EE\" \/>\n<meta property=\"og:type\" content=\"article\" \/>\n<meta property=\"og:title\" content=\"K\u00d5RVAKLAPID EP MAX 200 31020 PUNASED - Espak E-pood\" \/>\n<meta property=\"og:url\" content=\"https:\/\/espak.ee\/epood\/toode\/korvaklapid-ep-max-200-31020-punased\/\" \/>\n<meta property=\"og:site_name\" content=\"Espak E-pood\" \/>\n<meta property=\"article:modified_time\" content=\"2026-04-14T11:13:29+00:00\" \/>\n<meta property=\"og:image\" content=\"https:\/\/espak.ee\/epood\/wp-content\/uploads\/EARLINE-K\u00d5RVAKLAPID-MAX-200-31020.jpg\" \/>\n\t<meta property=\"og:image:width\" content=\"450\" \/>\n\t<meta property=\"og:image:height\" content=\"450\" \/>\n\t<meta property=\"og:image:type\" content=\"image\/jpeg\" \/>\n<meta name=\"twitter:card\" content=\"summary_large_image\" \/>\n<script type=\"application\/ld+json\" class=\"yoast-schema-graph\">{\"@context\":\"https:\/\/schema.org\",\"@graph\":[{\"@type\":\"WebPage\",\"@id\":\"https:\/\/espak.ee\/epood\/toode\/korvaklapid-ep-max-200-31020-punased\/\",\"url\":\"https:\/\/espak.ee\/epood\/toode\/korvaklapid-ep-max-200-31020-punased\/\",\"name\":\"K\u00d5RVAKLAPID EP MAX 200 31020 PUNASED - Espak E-pood\",\"isPartOf\":{\"@id\":\"https:\/\/espak.ee\/epood\/#website\"},\"primaryImageOfPage\":{\"@id\":\"https:\/\/espak.ee\/epood\/toode\/korvaklapid-ep-max-200-31020-punased\/#primaryimage\"},\"image\":{\"@id\":\"https:\/\/espak.ee\/epood\/toode\/korvaklapid-ep-max-200-31020-punased\/#primaryimage\"},\"thumbnailUrl\":\"https:\/\/espak.ee\/epood\/wp-content\/uploads\/EARLINE-K\u00d5RVAKLAPID-MAX-200-31020.jpg\",\"datePublished\":\"2020-03-25T01:35:04+00:00\",\"dateModified\":\"2026-04-14T11:13:29+00:00\",\"breadcrumb\":{\"@id\":\"https:\/\/espak.ee\/epood\/toode\/korvaklapid-ep-max-200-31020-punased\/#breadcrumb\"},\"inLanguage\":\"et\",\"potentialAction\":[{\"@type\":\"ReadAction\",\"target\":[\"https:\/\/espak.ee\/epood\/toode\/korvaklapid-ep-max-200-31020-punased\/\"]}]},{\"@type\":\"ImageObject\",\"inLanguage\":\"et\",\"@id\":\"https:\/\/espak.ee\/epood\/toode\/korvaklapid-ep-max-200-31020-punased\/#primaryimage\",\"url\":\"https:\/\/espak.ee\/epood\/wp-content\/uploads\/EARLINE-K\u00d5RVAKLAPID-MAX-200-31020.jpg\",\"contentUrl\":\"https:\/\/espak.ee\/epood\/wp-content\/uploads\/EARLINE-K\u00d5RVAKLAPID-MAX-200-31020.jpg\",\"width\":450,\"height\":450},{\"@type\":\"BreadcrumbList\",\"@id\":\"https:\/\/espak.ee\/epood\/toode\/korvaklapid-ep-max-200-31020-punased\/#breadcrumb\",\"itemListElement\":[{\"@type\":\"ListItem\",\"position\":1,\"name\":\"Home\",\"item\":\"https:\/\/espak.ee\/epood\/\"},{\"@type\":\"ListItem\",\"position\":2,\"name\":\"Tootevalik\",\"item\":\"https:\/\/espak.ee\/epood\/tootevalik\/\"},{\"@type\":\"ListItem\",\"position\":3,\"name\":\"K\u00d5RVAKLAPID EP MAX 200 31020 PUNASED\"}]},{\"@type\":\"WebSite\",\"@id\":\"https:\/\/espak.ee\/epood\/#website\",\"url\":\"https:\/\/espak.ee\/epood\/\",\"name\":\"Espak E-pood\",\"description\":\"\",\"potentialAction\":[{\"@type\":\"SearchAction\",\"target\":{\"@type\":\"EntryPoint\",\"urlTemplate\":\"https:\/\/espak.ee\/epood\/?s={search_term_string}\"},\"query-input\":{\"@type\":\"PropertyValueSpecification\",\"valueRequired\":true,\"valueName\":\"search_term_string\"}}],\"inLanguage\":\"et\"}]}<\/script>\n<!-- \/ Yoast SEO plugin. -->","yoast_head_json":{"title":"K\u00d5RVAKLAPID EP MAX 200 31020 PUNASED - Espak E-pood","robots":{"index":"index","follow":"follow","max-snippet":"max-snippet:-1","max-image-preview":"max-image-preview:large","max-video-preview":"max-video-preview:-1"},"canonical":"https:\/\/espak.ee\/epood\/toode\/korvaklapid-ep-max-200-31020-punased\/","og_locale":"et_EE","og_type":"article","og_title":"K\u00d5RVAKLAPID EP MAX 200 31020 PUNASED - Espak E-pood","og_url":"https:\/\/espak.ee\/epood\/toode\/korvaklapid-ep-max-200-31020-punased\/","og_site_name":"Espak E-pood","article_modified_time":"2026-04-14T11:13:29+00:00","og_image":[{"width":450,"height":450,"url":"https:\/\/espak.ee\/epood\/wp-content\/uploads\/EARLINE-K\u00d5RVAKLAPID-MAX-200-31020.jpg","type":"image\/jpeg"}],"twitter_card":"summary_large_image","schema":{"@context":"https:\/\/schema.org","@graph":[{"@type":"WebPage","@id":"https:\/\/espak.ee\/epood\/toode\/korvaklapid-ep-max-200-31020-punased\/","url":"https:\/\/espak.ee\/epood\/toode\/korvaklapid-ep-max-200-31020-punased\/","name":"K\u00d5RVAKLAPID EP MAX 200 31020 PUNASED - Espak E-pood","isPartOf":{"@id":"https:\/\/espak.ee\/epood\/#website"},"primaryImageOfPage":{"@id":"https:\/\/espak.ee\/epood\/toode\/korvaklapid-ep-max-200-31020-punased\/#primaryimage"},"image":{"@id":"https:\/\/espak.ee\/epood\/toode\/korvaklapid-ep-max-200-31020-punased\/#primaryimage"},"thumbnailUrl":"https:\/\/espak.ee\/epood\/wp-content\/uploads\/EARLINE-K\u00d5RVAKLAPID-MAX-200-31020.jpg","datePublished":"2020-03-25T01:35:04+00:00","dateModified":"2026-04-14T11:13:29+00:00","breadcrumb":{"@id":"https:\/\/espak.ee\/epood\/toode\/korvaklapid-ep-max-200-31020-punased\/#breadcrumb"},"inLanguage":"et","potentialAction":[{"@type":"ReadAction","target":["https:\/\/espak.ee\/epood\/toode\/korvaklapid-ep-max-200-31020-punased\/"]}]},{"@type":"ImageObject","inLanguage":"et","@id":"https:\/\/espak.ee\/epood\/toode\/korvaklapid-ep-max-200-31020-punased\/#primaryimage","url":"https:\/\/espak.ee\/epood\/wp-content\/uploads\/EARLINE-K\u00d5RVAKLAPID-MAX-200-31020.jpg","contentUrl":"https:\/\/espak.ee\/epood\/wp-content\/uploads\/EARLINE-K\u00d5RVAKLAPID-MAX-200-31020.jpg","width":450,"height":450},{"@type":"BreadcrumbList","@id":"https:\/\/espak.ee\/epood\/toode\/korvaklapid-ep-max-200-31020-punased\/#breadcrumb","itemListElement":[{"@type":"ListItem","position":1,"name":"Home","item":"https:\/\/espak.ee\/epood\/"},{"@type":"ListItem","position":2,"name":"Tootevalik","item":"https:\/\/espak.ee\/epood\/tootevalik\/"},{"@type":"ListItem","position":3,"name":"K\u00d5RVAKLAPID EP MAX 200 31020 PUNASED"}]},{"@type":"WebSite","@id":"https:\/\/espak.ee\/epood\/#website","url":"https:\/\/espak.ee\/epood\/","name":"Espak E-pood","description":"","potentialAction":[{"@type":"SearchAction","target":{"@type":"EntryPoint","urlTemplate":"https:\/\/espak.ee\/epood\/?s={search_term_string}"},"query-input":{"@type":"PropertyValueSpecification","valueRequired":true,"valueName":"search_term_string"}}],"inLanguage":"et"}]}},"_links":{"self":[{"href":"https:\/\/espak.ee\/epood\/wp-json\/wp\/v2\/product\/16798","targetHints":{"allow":["GET"]}}],"collection":[{"href":"https:\/\/espak.ee\/epood\/wp-json\/wp\/v2\/product"}],"about":[{"href":"https:\/\/espak.ee\/epood\/wp-json\/wp\/v2\/types\/product"}],"replies":[{"embeddable":true,"href":"https:\/\/espak.ee\/epood\/wp-json\/wp\/v2\/comments?post=16798"}],"wp:featuredmedia":[{"embeddable":true,"href":"https:\/\/espak.ee\/epood\/wp-json\/wp\/v2\/media\/18528"}],"wp:attachment":[{"href":"https:\/\/espak.ee\/epood\/wp-json\/wp\/v2\/media?parent=16798"}],"wp:term":[{"taxonomy":"product_brand","embeddable":true,"href":"https:\/\/espak.ee\/epood\/wp-json\/wp\/v2\/product_brand?post=16798"},{"taxonomy":"product_cat","embeddable":true,"href":"https:\/\/espak.ee\/epood\/wp-json\/wp\/v2\/product_cat?post=16798"},{"taxonomy":"product_tag","embeddable":true,"href":"https:\/\/espak.ee\/epood\/wp-json\/wp\/v2\/product_tag?post=16798"}],"curies":[{"name":"wp","href":"https:\/\/api.w.org\/{rel}","templated":true}]}}