{"id":167916,"date":"2023-08-01T14:40:14","date_gmt":"2023-08-01T11:40:14","guid":{"rendered":"https:\/\/espak.ee\/epood\/?post_type=product&#038;p=167916"},"modified":"2026-03-21T09:14:17","modified_gmt":"2026-03-21T07:14:17","slug":"saunapesuvahend-kiilto-05l-2","status":"publish","type":"product","link":"https:\/\/espak.ee\/epood\/toode\/saunapesuvahend-kiilto-05l-2\/","title":{"rendered":"SAUNAPESUVAHEND KIILTO 0,5L"},"content":{"rendered":"<div class=\"row\"  id=\"row-281545090\">\n\n\t<div id=\"col-991527697\" class=\"col medium-9 small-12 large-9\"  >\n\t\t\t\t<div class=\"col-inner\"  >\n\t\t\t\n\t\t\t\n<h2>Saunapesuvahend Kiilto 0,5L<\/h2>\n<p>Kiilto Sauna on biolagunev puhastusvahend, mis on m\u00f5eldud k\u00f5ikide pindade puhastamiseks nii saunas kui pesuruumis. Eemaldab raske mustuse ja j\u00e4tab v\u00e4rske l\u00f5hna. Toode on toodetud Hankasalmis, kasutades p\u00e4ikeseenergiat ning arvestades keskkonnaga. Tootele on omistatud P\u00f5hjamaade Luigem\u00e4rk, mis garanteerib, et toote keskkonnam\u00f5jud on hinnatud, toode on kasutajale ohutu ja toote efektiivsus on testitud.<\/p>\n<h3>Kasutamise \u00fcksikasjad<\/h3>\n<p>Pindade puhastamiseks saunas ja pesuruumides, n\u00e4iteks pingid, seinapaneelid, -plaadid, \u00e4ravoolurestid, valamud ja vannid.<\/p>\n<p><strong>Kasutusjuhis:<\/strong> Pese pind eelnevalt sooja veega. Sega 30 ml (korgit\u00e4is) viie liitri sooja veega. Kasuta pesuks harja v\u00f5i lappi. Loputa pestud pind hoolikalt leige veega. Kuivata sauna pinnad hoolikalt. Hoida toodet k\u00fclmumise eest.<\/p>\n\t\t<\/div>\n\t\t\t\t\t<\/div>\n\n\t\n\n\t<div id=\"col-825148838\" class=\"col medium-3 small-12 large-3\"  >\n\t\t\t\t<div class=\"col-inner\"  >\n\t\t\t\n\t\t\t\n\t<div id=\"gap-1148138997\" class=\"gap-element clearfix\" style=\"display:block; height:auto;\">\n\t\t\n<style>\n#gap-1148138997 {\n  padding-top: 30px;\n}\n<\/style>\n\t<\/div>\n\t\n<h3>Ohutusalane teave<\/h3>\n<p><a href=\"https:\/\/espak.ee\/epood\/wp-content\/uploads\/2023\/08\/57997.pdf\"target=\"_blank\" rel=\"noopener noreferrer\"><i class=\"far fa-file-pdf\"><\/i> Ohutuskaart (PDF)<\/a><\/p>\n<div class=\"is-divider divider clearfix\" ><\/div>\n<p><strong>\u00dcksikasjalikuma n\u00f5u saamiseks v\u00f5tke \u00fchendust:<br \/><\/strong>Kiilto Eesti O\u00dc<br \/>L\u00e4ike tee 4<br \/>75312<br \/>Rae vald<br \/>(+372) 60 31 900<\/p>\n<div class=\"is-divider divider clearfix\" ><\/div>\n\t\t<\/div>\n\t\t\t\t\t<\/div>\n\n\t\n<\/div>\n","protected":false},"excerpt":{"rendered":"","protected":false},"featured_media":168817,"comment_status":"closed","ping_status":"closed","template":"","meta":[],"product_brand":[],"product_cat":[2691,3441,2684,2683],"product_tag":[],"class_list":{"0":"post-167916","1":"product","2":"type-product","3":"status-publish","4":"has-post-thumbnail","6":"product_cat-lahustid","7":"product_cat-lahustid-ja-pesuained","8":"product_cat-varvid-lakid-lahustid-puidukaitsed-olid","9":"product_cat-viimistluskaubad","10":"product_shipping_class-dpd-cold","11":"pa_kaubamark-kiilto-eesti-ou","13":"first","14":"instock","15":"sale","16":"taxable","17":"shipping-taxable","18":"purchasable","19":"product-type-simple"},"yoast_head":"<!-- This site is optimized with the Yoast SEO plugin v26.9 - https:\/\/yoast.com\/product\/yoast-seo-wordpress\/ -->\n<title>SAUNAPESUVAHEND KIILTO 0,5L - Espak E-pood<\/title>\n<meta name=\"robots\" content=\"index, follow, max-snippet:-1, max-image-preview:large, max-video-preview:-1\" \/>\n<link rel=\"canonical\" href=\"https:\/\/espak.ee\/epood\/toode\/saunapesuvahend-kiilto-05l-2\/\" \/>\n<meta property=\"og:locale\" content=\"et_EE\" \/>\n<meta property=\"og:type\" content=\"article\" \/>\n<meta property=\"og:title\" content=\"SAUNAPESUVAHEND KIILTO 0,5L - Espak E-pood\" \/>\n<meta property=\"og:url\" content=\"https:\/\/espak.ee\/epood\/toode\/saunapesuvahend-kiilto-05l-2\/\" \/>\n<meta property=\"og:site_name\" content=\"Espak E-pood\" \/>\n<meta property=\"article:modified_time\" content=\"2026-03-21T07:14:17+00:00\" \/>\n<meta property=\"og:image\" content=\"https:\/\/espak.ee\/epood\/wp-content\/uploads\/2023\/08\/e2Fc2F92F92Fec9985999ebd4560b2b90c79b77e78bb6417964579970_7WNszEt3qQb97z51R1035Z_1.jpg\" \/>\n\t<meta property=\"og:image:width\" content=\"800\" \/>\n\t<meta property=\"og:image:height\" content=\"800\" \/>\n\t<meta property=\"og:image:type\" content=\"image\/jpeg\" \/>\n<meta name=\"twitter:card\" content=\"summary_large_image\" \/>\n<meta name=\"twitter:label1\" content=\"Est. reading time\" \/>\n\t<meta name=\"twitter:data1\" content=\"1 minut\" \/>\n<script type=\"application\/ld+json\" class=\"yoast-schema-graph\">{\"@context\":\"https:\/\/schema.org\",\"@graph\":[{\"@type\":\"WebPage\",\"@id\":\"https:\/\/espak.ee\/epood\/toode\/saunapesuvahend-kiilto-05l-2\/\",\"url\":\"https:\/\/espak.ee\/epood\/toode\/saunapesuvahend-kiilto-05l-2\/\",\"name\":\"SAUNAPESUVAHEND KIILTO 0,5L - Espak E-pood\",\"isPartOf\":{\"@id\":\"https:\/\/espak.ee\/epood\/#website\"},\"primaryImageOfPage\":{\"@id\":\"https:\/\/espak.ee\/epood\/toode\/saunapesuvahend-kiilto-05l-2\/#primaryimage\"},\"image\":{\"@id\":\"https:\/\/espak.ee\/epood\/toode\/saunapesuvahend-kiilto-05l-2\/#primaryimage\"},\"thumbnailUrl\":\"https:\/\/espak.ee\/epood\/wp-content\/uploads\/2023\/08\/e2Fc2F92F92Fec9985999ebd4560b2b90c79b77e78bb6417964579970_7WNszEt3qQb97z51R1035Z_1.jpg\",\"datePublished\":\"2023-08-01T11:40:14+00:00\",\"dateModified\":\"2026-03-21T07:14:17+00:00\",\"breadcrumb\":{\"@id\":\"https:\/\/espak.ee\/epood\/toode\/saunapesuvahend-kiilto-05l-2\/#breadcrumb\"},\"inLanguage\":\"et\",\"potentialAction\":[{\"@type\":\"ReadAction\",\"target\":[\"https:\/\/espak.ee\/epood\/toode\/saunapesuvahend-kiilto-05l-2\/\"]}]},{\"@type\":\"ImageObject\",\"inLanguage\":\"et\",\"@id\":\"https:\/\/espak.ee\/epood\/toode\/saunapesuvahend-kiilto-05l-2\/#primaryimage\",\"url\":\"https:\/\/espak.ee\/epood\/wp-content\/uploads\/2023\/08\/e2Fc2F92F92Fec9985999ebd4560b2b90c79b77e78bb6417964579970_7WNszEt3qQb97z51R1035Z_1.jpg\",\"contentUrl\":\"https:\/\/espak.ee\/epood\/wp-content\/uploads\/2023\/08\/e2Fc2F92F92Fec9985999ebd4560b2b90c79b77e78bb6417964579970_7WNszEt3qQb97z51R1035Z_1.jpg\",\"width\":800,\"height\":800},{\"@type\":\"BreadcrumbList\",\"@id\":\"https:\/\/espak.ee\/epood\/toode\/saunapesuvahend-kiilto-05l-2\/#breadcrumb\",\"itemListElement\":[{\"@type\":\"ListItem\",\"position\":1,\"name\":\"Home\",\"item\":\"https:\/\/espak.ee\/epood\/\"},{\"@type\":\"ListItem\",\"position\":2,\"name\":\"Tootevalik\",\"item\":\"https:\/\/espak.ee\/epood\/tootevalik\/\"},{\"@type\":\"ListItem\",\"position\":3,\"name\":\"SAUNAPESUVAHEND KIILTO 0,5L\"}]},{\"@type\":\"WebSite\",\"@id\":\"https:\/\/espak.ee\/epood\/#website\",\"url\":\"https:\/\/espak.ee\/epood\/\",\"name\":\"Espak E-pood\",\"description\":\"\",\"potentialAction\":[{\"@type\":\"SearchAction\",\"target\":{\"@type\":\"EntryPoint\",\"urlTemplate\":\"https:\/\/espak.ee\/epood\/?s={search_term_string}\"},\"query-input\":{\"@type\":\"PropertyValueSpecification\",\"valueRequired\":true,\"valueName\":\"search_term_string\"}}],\"inLanguage\":\"et\"}]}<\/script>\n<!-- \/ Yoast SEO plugin. -->","yoast_head_json":{"title":"SAUNAPESUVAHEND KIILTO 0,5L - Espak E-pood","robots":{"index":"index","follow":"follow","max-snippet":"max-snippet:-1","max-image-preview":"max-image-preview:large","max-video-preview":"max-video-preview:-1"},"canonical":"https:\/\/espak.ee\/epood\/toode\/saunapesuvahend-kiilto-05l-2\/","og_locale":"et_EE","og_type":"article","og_title":"SAUNAPESUVAHEND KIILTO 0,5L - Espak E-pood","og_url":"https:\/\/espak.ee\/epood\/toode\/saunapesuvahend-kiilto-05l-2\/","og_site_name":"Espak E-pood","article_modified_time":"2026-03-21T07:14:17+00:00","og_image":[{"width":800,"height":800,"url":"https:\/\/espak.ee\/epood\/wp-content\/uploads\/2023\/08\/e2Fc2F92F92Fec9985999ebd4560b2b90c79b77e78bb6417964579970_7WNszEt3qQb97z51R1035Z_1.jpg","type":"image\/jpeg"}],"twitter_card":"summary_large_image","twitter_misc":{"Est. reading time":"1 minut"},"schema":{"@context":"https:\/\/schema.org","@graph":[{"@type":"WebPage","@id":"https:\/\/espak.ee\/epood\/toode\/saunapesuvahend-kiilto-05l-2\/","url":"https:\/\/espak.ee\/epood\/toode\/saunapesuvahend-kiilto-05l-2\/","name":"SAUNAPESUVAHEND KIILTO 0,5L - Espak E-pood","isPartOf":{"@id":"https:\/\/espak.ee\/epood\/#website"},"primaryImageOfPage":{"@id":"https:\/\/espak.ee\/epood\/toode\/saunapesuvahend-kiilto-05l-2\/#primaryimage"},"image":{"@id":"https:\/\/espak.ee\/epood\/toode\/saunapesuvahend-kiilto-05l-2\/#primaryimage"},"thumbnailUrl":"https:\/\/espak.ee\/epood\/wp-content\/uploads\/2023\/08\/e2Fc2F92F92Fec9985999ebd4560b2b90c79b77e78bb6417964579970_7WNszEt3qQb97z51R1035Z_1.jpg","datePublished":"2023-08-01T11:40:14+00:00","dateModified":"2026-03-21T07:14:17+00:00","breadcrumb":{"@id":"https:\/\/espak.ee\/epood\/toode\/saunapesuvahend-kiilto-05l-2\/#breadcrumb"},"inLanguage":"et","potentialAction":[{"@type":"ReadAction","target":["https:\/\/espak.ee\/epood\/toode\/saunapesuvahend-kiilto-05l-2\/"]}]},{"@type":"ImageObject","inLanguage":"et","@id":"https:\/\/espak.ee\/epood\/toode\/saunapesuvahend-kiilto-05l-2\/#primaryimage","url":"https:\/\/espak.ee\/epood\/wp-content\/uploads\/2023\/08\/e2Fc2F92F92Fec9985999ebd4560b2b90c79b77e78bb6417964579970_7WNszEt3qQb97z51R1035Z_1.jpg","contentUrl":"https:\/\/espak.ee\/epood\/wp-content\/uploads\/2023\/08\/e2Fc2F92F92Fec9985999ebd4560b2b90c79b77e78bb6417964579970_7WNszEt3qQb97z51R1035Z_1.jpg","width":800,"height":800},{"@type":"BreadcrumbList","@id":"https:\/\/espak.ee\/epood\/toode\/saunapesuvahend-kiilto-05l-2\/#breadcrumb","itemListElement":[{"@type":"ListItem","position":1,"name":"Home","item":"https:\/\/espak.ee\/epood\/"},{"@type":"ListItem","position":2,"name":"Tootevalik","item":"https:\/\/espak.ee\/epood\/tootevalik\/"},{"@type":"ListItem","position":3,"name":"SAUNAPESUVAHEND KIILTO 0,5L"}]},{"@type":"WebSite","@id":"https:\/\/espak.ee\/epood\/#website","url":"https:\/\/espak.ee\/epood\/","name":"Espak E-pood","description":"","potentialAction":[{"@type":"SearchAction","target":{"@type":"EntryPoint","urlTemplate":"https:\/\/espak.ee\/epood\/?s={search_term_string}"},"query-input":{"@type":"PropertyValueSpecification","valueRequired":true,"valueName":"search_term_string"}}],"inLanguage":"et"}]}},"_links":{"self":[{"href":"https:\/\/espak.ee\/epood\/wp-json\/wp\/v2\/product\/167916","targetHints":{"allow":["GET"]}}],"collection":[{"href":"https:\/\/espak.ee\/epood\/wp-json\/wp\/v2\/product"}],"about":[{"href":"https:\/\/espak.ee\/epood\/wp-json\/wp\/v2\/types\/product"}],"replies":[{"embeddable":true,"href":"https:\/\/espak.ee\/epood\/wp-json\/wp\/v2\/comments?post=167916"}],"wp:featuredmedia":[{"embeddable":true,"href":"https:\/\/espak.ee\/epood\/wp-json\/wp\/v2\/media\/168817"}],"wp:attachment":[{"href":"https:\/\/espak.ee\/epood\/wp-json\/wp\/v2\/media?parent=167916"}],"wp:term":[{"taxonomy":"product_brand","embeddable":true,"href":"https:\/\/espak.ee\/epood\/wp-json\/wp\/v2\/product_brand?post=167916"},{"taxonomy":"product_cat","embeddable":true,"href":"https:\/\/espak.ee\/epood\/wp-json\/wp\/v2\/product_cat?post=167916"},{"taxonomy":"product_tag","embeddable":true,"href":"https:\/\/espak.ee\/epood\/wp-json\/wp\/v2\/product_tag?post=167916"}],"curies":[{"name":"wp","href":"https:\/\/api.w.org\/{rel}","templated":true}]}}