{"id":16783,"date":"2020-03-25T03:32:06","date_gmt":"2020-03-25T01:32:06","guid":{"rendered":"https:\/\/espak.ee\/hinnakiri\/?post_type=product&#038;p=16783"},"modified":"2024-03-22T23:57:13","modified_gmt":"2024-03-22T21:57:13","slug":"korvaklapid-verishield-vs110","status":"publish","type":"product","link":"https:\/\/espak.ee\/epood\/toode\/korvaklapid-verishield-vs110\/","title":{"rendered":"K\u00d5RVAKLAPID VERISHIELD VS110"},"content":{"rendered":"<div class=\"row\"  id=\"row-938200819\">\n\n\t<div id=\"col-1179039733\" class=\"col medium-9 small-12 large-9\"  >\n\t\t\t\t<div class=\"col-inner\"  >\n\t\t\t\n\t\t\t\n<h2>Honeywell Howard Leight VERISHIELD 100<\/h2>\n<p>Honeywell Howard Leight VERISHIELD 100 seeria passiivsed k\u00f5rvaklapid on loodud pakkumaks maksimaalset kaitset, olles samalajal mugavad ka pikaajalisel kandmisel. VERISHIELD 100 seeria k\u00f5rvaklappidel on reguleeritav kergekaaluline metallkonstruktsiooniga peav\u00f5ru, mis sobib igas suuruses peale. K\u00f5rvaklappide pehmendused on tehtud mugavast memory foam materjalist, mis v\u00f5imaldab neid kasutada, ilma ebamugavustunnet tundmata ka pikaajaliselt. K\u00f5rvaklappide padjad on tavap\u00e4rasest 16% suuremad, t\u00e4nu millele on need mugavad kanda ka suuremate k\u00f5rvadega ning kuuldeaparaadiga inimestel.<\/p>\n<p>> SNR 27 dB<br \/>\n> vastupidav metallkonstruktsiooniga peav\u00f5ru<br \/>\n> peav\u00f5rul pehmendus<br \/>\n> reguleeritav peav\u00f5ru<br \/>\n> k\u00f5rvapadjad on pehmest memory foam-ist<br \/>\n> kaal 168 grammi<br \/>\n> Class 5<br \/>\n> AS\/NZS 1270:2002<br \/>\n> EN 352-1:2002<br \/>\n\t<div id=\"gap-1637437104\" class=\"gap-element clearfix\" style=\"display:block; height:auto;\">\n\t\t\n<style>\n#gap-1637437104 {\n  padding-top: 30px;\n}\n<\/style>\n\t<\/div>\n\t\n\t\t<\/div>\n\t\t\t\t\t<\/div>\n\n\t\n\n\t<div id=\"col-606137803\" class=\"col medium-3 small-12 large-3\"  >\n\t\t\t\t<div class=\"col-inner\"  >\n\t\t\t\n\t\t\t\n\t<div id=\"gap-1732479182\" class=\"gap-element clearfix\" style=\"display:block; height:auto;\">\n\t\t\n<style>\n#gap-1732479182 {\n  padding-top: 30px;\n}\n<\/style>\n\t<\/div>\n\t\n<div class=\"is-divider divider clearfix\" ><\/div>\n<p><strong>\u00dcksikasjalikuma n\u00f5u saamiseks v\u00f5tke \u00fchendust:<br \/><\/strong>Becky AS<br \/>Laki 30A \/ Kadaka tee 129<br \/>12915<br \/>Tallinn<br \/>+372 670 6880<\/p>\n<div class=\"is-divider divider clearfix\" ><\/div>\n\t\t<\/div>\n\t\t\t\t\t<\/div>\n\n\t\n<\/div>\n","protected":false},"excerpt":{"rendered":"","protected":false},"featured_media":18533,"comment_status":"closed","ping_status":"open","template":"","meta":[],"product_brand":[],"product_cat":[2788,2973,2975,2972],"product_tag":[],"class_list":{"0":"post-16783","1":"product","2":"type-product","3":"status-publish","4":"has-post-thumbnail","6":"product_cat-aiatarbed-ja-kodukaubad","7":"product_cat-isikukaitsevahendid","8":"product_cat-kuulmiskaitsed","9":"product_cat-tookaitsevahendid","10":"pa_kaubamark-becky-as","12":"first","13":"instock","14":"sale","15":"taxable","16":"shipping-taxable","17":"purchasable","18":"product-type-simple"},"yoast_head":"<!-- This site is optimized with the Yoast SEO plugin v26.9 - https:\/\/yoast.com\/product\/yoast-seo-wordpress\/ -->\n<title>K\u00d5RVAKLAPID VERISHIELD VS110 - Espak E-pood<\/title>\n<meta name=\"robots\" content=\"index, follow, max-snippet:-1, max-image-preview:large, max-video-preview:-1\" \/>\n<link rel=\"canonical\" href=\"https:\/\/espak.ee\/epood\/toode\/korvaklapid-verishield-vs110\/\" \/>\n<meta property=\"og:locale\" content=\"et_EE\" \/>\n<meta property=\"og:type\" content=\"article\" \/>\n<meta property=\"og:title\" content=\"K\u00d5RVAKLAPID VERISHIELD VS110 - Espak E-pood\" \/>\n<meta property=\"og:url\" content=\"https:\/\/espak.ee\/epood\/toode\/korvaklapid-verishield-vs110\/\" \/>\n<meta property=\"og:site_name\" content=\"Espak E-pood\" \/>\n<meta property=\"article:modified_time\" content=\"2024-03-22T21:57:13+00:00\" \/>\n<meta property=\"og:image\" content=\"https:\/\/espak.ee\/epood\/wp-content\/uploads\/HONEYWELL-VERISHIELD-VS110-K\u00d5RVAKLAPID-PEAV\u00d5RUGA.png\" \/>\n\t<meta property=\"og:image:width\" content=\"464\" \/>\n\t<meta property=\"og:image:height\" content=\"464\" \/>\n\t<meta property=\"og:image:type\" content=\"image\/png\" \/>\n<meta name=\"twitter:card\" content=\"summary_large_image\" \/>\n<meta name=\"twitter:label1\" content=\"Est. reading time\" \/>\n\t<meta name=\"twitter:data1\" content=\"1 minut\" \/>\n<script type=\"application\/ld+json\" class=\"yoast-schema-graph\">{\"@context\":\"https:\/\/schema.org\",\"@graph\":[{\"@type\":\"WebPage\",\"@id\":\"https:\/\/espak.ee\/epood\/toode\/korvaklapid-verishield-vs110\/\",\"url\":\"https:\/\/espak.ee\/epood\/toode\/korvaklapid-verishield-vs110\/\",\"name\":\"K\u00d5RVAKLAPID VERISHIELD VS110 - Espak E-pood\",\"isPartOf\":{\"@id\":\"https:\/\/espak.ee\/epood\/#website\"},\"primaryImageOfPage\":{\"@id\":\"https:\/\/espak.ee\/epood\/toode\/korvaklapid-verishield-vs110\/#primaryimage\"},\"image\":{\"@id\":\"https:\/\/espak.ee\/epood\/toode\/korvaklapid-verishield-vs110\/#primaryimage\"},\"thumbnailUrl\":\"https:\/\/espak.ee\/epood\/wp-content\/uploads\/HONEYWELL-VERISHIELD-VS110-K\u00d5RVAKLAPID-PEAV\u00d5RUGA.png\",\"datePublished\":\"2020-03-25T01:32:06+00:00\",\"dateModified\":\"2024-03-22T21:57:13+00:00\",\"breadcrumb\":{\"@id\":\"https:\/\/espak.ee\/epood\/toode\/korvaklapid-verishield-vs110\/#breadcrumb\"},\"inLanguage\":\"et\",\"potentialAction\":[{\"@type\":\"ReadAction\",\"target\":[\"https:\/\/espak.ee\/epood\/toode\/korvaklapid-verishield-vs110\/\"]}]},{\"@type\":\"ImageObject\",\"inLanguage\":\"et\",\"@id\":\"https:\/\/espak.ee\/epood\/toode\/korvaklapid-verishield-vs110\/#primaryimage\",\"url\":\"https:\/\/espak.ee\/epood\/wp-content\/uploads\/HONEYWELL-VERISHIELD-VS110-K\u00d5RVAKLAPID-PEAV\u00d5RUGA.png\",\"contentUrl\":\"https:\/\/espak.ee\/epood\/wp-content\/uploads\/HONEYWELL-VERISHIELD-VS110-K\u00d5RVAKLAPID-PEAV\u00d5RUGA.png\",\"width\":464,\"height\":464},{\"@type\":\"BreadcrumbList\",\"@id\":\"https:\/\/espak.ee\/epood\/toode\/korvaklapid-verishield-vs110\/#breadcrumb\",\"itemListElement\":[{\"@type\":\"ListItem\",\"position\":1,\"name\":\"Home\",\"item\":\"https:\/\/espak.ee\/epood\/\"},{\"@type\":\"ListItem\",\"position\":2,\"name\":\"Tootevalik\",\"item\":\"https:\/\/espak.ee\/epood\/tootevalik\/\"},{\"@type\":\"ListItem\",\"position\":3,\"name\":\"K\u00d5RVAKLAPID VERISHIELD VS110\"}]},{\"@type\":\"WebSite\",\"@id\":\"https:\/\/espak.ee\/epood\/#website\",\"url\":\"https:\/\/espak.ee\/epood\/\",\"name\":\"Espak E-pood\",\"description\":\"\",\"potentialAction\":[{\"@type\":\"SearchAction\",\"target\":{\"@type\":\"EntryPoint\",\"urlTemplate\":\"https:\/\/espak.ee\/epood\/?s={search_term_string}\"},\"query-input\":{\"@type\":\"PropertyValueSpecification\",\"valueRequired\":true,\"valueName\":\"search_term_string\"}}],\"inLanguage\":\"et\"}]}<\/script>\n<!-- \/ Yoast SEO plugin. -->","yoast_head_json":{"title":"K\u00d5RVAKLAPID VERISHIELD VS110 - Espak E-pood","robots":{"index":"index","follow":"follow","max-snippet":"max-snippet:-1","max-image-preview":"max-image-preview:large","max-video-preview":"max-video-preview:-1"},"canonical":"https:\/\/espak.ee\/epood\/toode\/korvaklapid-verishield-vs110\/","og_locale":"et_EE","og_type":"article","og_title":"K\u00d5RVAKLAPID VERISHIELD VS110 - Espak E-pood","og_url":"https:\/\/espak.ee\/epood\/toode\/korvaklapid-verishield-vs110\/","og_site_name":"Espak E-pood","article_modified_time":"2024-03-22T21:57:13+00:00","og_image":[{"width":464,"height":464,"url":"https:\/\/espak.ee\/epood\/wp-content\/uploads\/HONEYWELL-VERISHIELD-VS110-K\u00d5RVAKLAPID-PEAV\u00d5RUGA.png","type":"image\/png"}],"twitter_card":"summary_large_image","twitter_misc":{"Est. reading time":"1 minut"},"schema":{"@context":"https:\/\/schema.org","@graph":[{"@type":"WebPage","@id":"https:\/\/espak.ee\/epood\/toode\/korvaklapid-verishield-vs110\/","url":"https:\/\/espak.ee\/epood\/toode\/korvaklapid-verishield-vs110\/","name":"K\u00d5RVAKLAPID VERISHIELD VS110 - Espak E-pood","isPartOf":{"@id":"https:\/\/espak.ee\/epood\/#website"},"primaryImageOfPage":{"@id":"https:\/\/espak.ee\/epood\/toode\/korvaklapid-verishield-vs110\/#primaryimage"},"image":{"@id":"https:\/\/espak.ee\/epood\/toode\/korvaklapid-verishield-vs110\/#primaryimage"},"thumbnailUrl":"https:\/\/espak.ee\/epood\/wp-content\/uploads\/HONEYWELL-VERISHIELD-VS110-K\u00d5RVAKLAPID-PEAV\u00d5RUGA.png","datePublished":"2020-03-25T01:32:06+00:00","dateModified":"2024-03-22T21:57:13+00:00","breadcrumb":{"@id":"https:\/\/espak.ee\/epood\/toode\/korvaklapid-verishield-vs110\/#breadcrumb"},"inLanguage":"et","potentialAction":[{"@type":"ReadAction","target":["https:\/\/espak.ee\/epood\/toode\/korvaklapid-verishield-vs110\/"]}]},{"@type":"ImageObject","inLanguage":"et","@id":"https:\/\/espak.ee\/epood\/toode\/korvaklapid-verishield-vs110\/#primaryimage","url":"https:\/\/espak.ee\/epood\/wp-content\/uploads\/HONEYWELL-VERISHIELD-VS110-K\u00d5RVAKLAPID-PEAV\u00d5RUGA.png","contentUrl":"https:\/\/espak.ee\/epood\/wp-content\/uploads\/HONEYWELL-VERISHIELD-VS110-K\u00d5RVAKLAPID-PEAV\u00d5RUGA.png","width":464,"height":464},{"@type":"BreadcrumbList","@id":"https:\/\/espak.ee\/epood\/toode\/korvaklapid-verishield-vs110\/#breadcrumb","itemListElement":[{"@type":"ListItem","position":1,"name":"Home","item":"https:\/\/espak.ee\/epood\/"},{"@type":"ListItem","position":2,"name":"Tootevalik","item":"https:\/\/espak.ee\/epood\/tootevalik\/"},{"@type":"ListItem","position":3,"name":"K\u00d5RVAKLAPID VERISHIELD VS110"}]},{"@type":"WebSite","@id":"https:\/\/espak.ee\/epood\/#website","url":"https:\/\/espak.ee\/epood\/","name":"Espak E-pood","description":"","potentialAction":[{"@type":"SearchAction","target":{"@type":"EntryPoint","urlTemplate":"https:\/\/espak.ee\/epood\/?s={search_term_string}"},"query-input":{"@type":"PropertyValueSpecification","valueRequired":true,"valueName":"search_term_string"}}],"inLanguage":"et"}]}},"_links":{"self":[{"href":"https:\/\/espak.ee\/epood\/wp-json\/wp\/v2\/product\/16783","targetHints":{"allow":["GET"]}}],"collection":[{"href":"https:\/\/espak.ee\/epood\/wp-json\/wp\/v2\/product"}],"about":[{"href":"https:\/\/espak.ee\/epood\/wp-json\/wp\/v2\/types\/product"}],"replies":[{"embeddable":true,"href":"https:\/\/espak.ee\/epood\/wp-json\/wp\/v2\/comments?post=16783"}],"wp:featuredmedia":[{"embeddable":true,"href":"https:\/\/espak.ee\/epood\/wp-json\/wp\/v2\/media\/18533"}],"wp:attachment":[{"href":"https:\/\/espak.ee\/epood\/wp-json\/wp\/v2\/media?parent=16783"}],"wp:term":[{"taxonomy":"product_brand","embeddable":true,"href":"https:\/\/espak.ee\/epood\/wp-json\/wp\/v2\/product_brand?post=16783"},{"taxonomy":"product_cat","embeddable":true,"href":"https:\/\/espak.ee\/epood\/wp-json\/wp\/v2\/product_cat?post=16783"},{"taxonomy":"product_tag","embeddable":true,"href":"https:\/\/espak.ee\/epood\/wp-json\/wp\/v2\/product_tag?post=16783"}],"curies":[{"name":"wp","href":"https:\/\/api.w.org\/{rel}","templated":true}]}}