{"id":167748,"date":"2023-07-29T03:01:14","date_gmt":"2023-07-29T00:01:14","guid":{"rendered":"https:\/\/espak.ee\/epood\/?post_type=product&#038;p=167748"},"modified":"2024-03-23T01:27:31","modified_gmt":"2024-03-22T23:27:31","slug":"renniots-ruukki-combi-pruun-rr32","status":"publish","type":"product","link":"https:\/\/espak.ee\/epood\/toode\/renniots-ruukki-combi-pruun-rr32\/","title":{"rendered":"RENNIOTS RUUKKI COMBI PRUUN RR32"},"content":{"rendered":"<div class=\"row\"  id=\"row-411286111\">\n\n\t<div id=\"col-1459601836\" class=\"col medium-9 small-12 large-9\"  >\n\t\t\t\t<div class=\"col-inner\"  >\n\t\t\t\n\t\t\t\n<h3>Renniots Ruukki Combi RR32 tumepruun<\/h3>\n<p>Universaalsed renniotsad koos kummitihendiga on m\u00f5eldud rennide l\u00f5petamiseks ja tihendamiseks, et v\u00e4ltida vihmavee voolamist otse maapinnale. T\u00f5mbneediga kinnitus pole enam vajalik.\n<\/p>\n<p>* Pilt on illustreeriv<\/p>\n\t<div id=\"gap-2023970547\" class=\"gap-element clearfix\" style=\"display:block; height:auto;\">\n\t\t\n<style>\n#gap-2023970547 {\n  padding-top: 30px;\n}\n<\/style>\n\t<\/div>\n\t\n\t\t<\/div>\n\t\t\t\t\t<\/div>\n\n\t\n\n\t<div id=\"col-811260712\" class=\"col medium-3 small-12 large-3\"  >\n\t\t\t\t<div class=\"col-inner\"  >\n\t\t\t\n\t\t\t\n\t<div id=\"gap-280595101\" class=\"gap-element clearfix\" style=\"display:block; height:auto;\">\n\t\t\n<style>\n#gap-280595101 {\n  padding-top: 30px;\n}\n<\/style>\n\t<\/div>\n\t\n<h3>Paigaldusjuhend<\/h3>\n<p><a href=\"https:\/\/espak.ee\/epood\/wp-content\/uploads\/2023\/07\/ruukki-vihmaveesA\u00bcsteemi-paigaldusjuhend-et.pdf\"target=\"_blank\" rel=\"noopener noreferrer\"><i class=\"far fa-file-pdf\"><\/i> \u00dcmara vihmavees\u00fcsteemi paigaldusjuhend (PDF)<\/a><\/p>\n<p><a href=\"https:\/\/espak.ee\/epood\/wp-content\/uploads\/2023\/07\/ruukki-kandilise-vihmaveesA\u00bcsteemi-paigaldusjuhend.pdf\"target=\"_blank\" rel=\"noopener noreferrer\"><i class=\"far fa-file-pdf\"><\/i> Kandilise vihmavees\u00fcsteemi paigaldusjuhend (PDF)<\/a><\/p>\n<div class=\"is-divider divider clearfix\" ><\/div>\n<p><strong>\u00dcksikasjalikuma n\u00f5u saamiseks v\u00f5tke \u00fchendust:<br \/><\/strong>Ruukki Products AS<br \/>Turba 7<br \/>80010<br \/>P\u00e4rnu<br \/>+372 447 9900<\/p>\n<div class=\"is-divider divider clearfix\" ><\/div>\n\t\t<\/div>\n\t\t\t\t\t<\/div>\n\n\t\n<\/div>\n","protected":false},"excerpt":{"rendered":"","protected":false},"featured_media":169542,"comment_status":"closed","ping_status":"closed","template":"","meta":[],"product_brand":[],"product_cat":[3495,3497,2697,3496],"product_tag":[],"class_list":{"0":"post-167748","1":"product","2":"type-product","3":"status-publish","4":"has-post-thumbnail","6":"product_cat-katusematerjalid","7":"product_cat-terasplekist-vihmaveesusteemid","8":"product_cat-uldehitus","9":"product_cat-vihmaveesusteemid","10":"pa_kaubamark-ruukki-products-as","12":"first","13":"instock","14":"sale","15":"taxable","16":"shipping-taxable","17":"purchasable","18":"product-type-simple"},"yoast_head":"<!-- This site is optimized with the Yoast SEO plugin v26.9 - https:\/\/yoast.com\/product\/yoast-seo-wordpress\/ -->\n<title>RENNIOTS RUUKKI COMBI PRUUN RR32 - Espak E-pood<\/title>\n<meta name=\"robots\" content=\"index, follow, max-snippet:-1, max-image-preview:large, max-video-preview:-1\" \/>\n<link rel=\"canonical\" href=\"https:\/\/espak.ee\/epood\/toode\/renniots-ruukki-combi-pruun-rr32\/\" \/>\n<meta property=\"og:locale\" content=\"et_EE\" \/>\n<meta property=\"og:type\" content=\"article\" \/>\n<meta property=\"og:title\" content=\"RENNIOTS RUUKKI COMBI PRUUN RR32 - Espak E-pood\" \/>\n<meta property=\"og:url\" content=\"https:\/\/espak.ee\/epood\/toode\/renniots-ruukki-combi-pruun-rr32\/\" \/>\n<meta property=\"og:site_name\" content=\"Espak E-pood\" \/>\n<meta property=\"article:modified_time\" content=\"2024-03-22T23:27:31+00:00\" \/>\n<meta property=\"og:image\" content=\"https:\/\/espak.ee\/epood\/wp-content\/uploads\/2023\/07\/gutter-end-universal-main.tmb-1920v.jpg.jpg\" \/>\n\t<meta property=\"og:image:width\" content=\"800\" \/>\n\t<meta property=\"og:image:height\" content=\"800\" \/>\n\t<meta property=\"og:image:type\" content=\"image\/jpeg\" \/>\n<meta name=\"twitter:card\" content=\"summary_large_image\" \/>\n<script type=\"application\/ld+json\" class=\"yoast-schema-graph\">{\"@context\":\"https:\/\/schema.org\",\"@graph\":[{\"@type\":\"WebPage\",\"@id\":\"https:\/\/espak.ee\/epood\/toode\/renniots-ruukki-combi-pruun-rr32\/\",\"url\":\"https:\/\/espak.ee\/epood\/toode\/renniots-ruukki-combi-pruun-rr32\/\",\"name\":\"RENNIOTS RUUKKI COMBI PRUUN RR32 - Espak E-pood\",\"isPartOf\":{\"@id\":\"https:\/\/espak.ee\/epood\/#website\"},\"primaryImageOfPage\":{\"@id\":\"https:\/\/espak.ee\/epood\/toode\/renniots-ruukki-combi-pruun-rr32\/#primaryimage\"},\"image\":{\"@id\":\"https:\/\/espak.ee\/epood\/toode\/renniots-ruukki-combi-pruun-rr32\/#primaryimage\"},\"thumbnailUrl\":\"https:\/\/espak.ee\/epood\/wp-content\/uploads\/2023\/07\/gutter-end-universal-main.tmb-1920v.jpg.jpg\",\"datePublished\":\"2023-07-29T00:01:14+00:00\",\"dateModified\":\"2024-03-22T23:27:31+00:00\",\"breadcrumb\":{\"@id\":\"https:\/\/espak.ee\/epood\/toode\/renniots-ruukki-combi-pruun-rr32\/#breadcrumb\"},\"inLanguage\":\"et\",\"potentialAction\":[{\"@type\":\"ReadAction\",\"target\":[\"https:\/\/espak.ee\/epood\/toode\/renniots-ruukki-combi-pruun-rr32\/\"]}]},{\"@type\":\"ImageObject\",\"inLanguage\":\"et\",\"@id\":\"https:\/\/espak.ee\/epood\/toode\/renniots-ruukki-combi-pruun-rr32\/#primaryimage\",\"url\":\"https:\/\/espak.ee\/epood\/wp-content\/uploads\/2023\/07\/gutter-end-universal-main.tmb-1920v.jpg.jpg\",\"contentUrl\":\"https:\/\/espak.ee\/epood\/wp-content\/uploads\/2023\/07\/gutter-end-universal-main.tmb-1920v.jpg.jpg\",\"width\":800,\"height\":800},{\"@type\":\"BreadcrumbList\",\"@id\":\"https:\/\/espak.ee\/epood\/toode\/renniots-ruukki-combi-pruun-rr32\/#breadcrumb\",\"itemListElement\":[{\"@type\":\"ListItem\",\"position\":1,\"name\":\"Home\",\"item\":\"https:\/\/espak.ee\/epood\/\"},{\"@type\":\"ListItem\",\"position\":2,\"name\":\"Tootevalik\",\"item\":\"https:\/\/espak.ee\/epood\/tootevalik\/\"},{\"@type\":\"ListItem\",\"position\":3,\"name\":\"RENNIOTS RUUKKI COMBI PRUUN RR32\"}]},{\"@type\":\"WebSite\",\"@id\":\"https:\/\/espak.ee\/epood\/#website\",\"url\":\"https:\/\/espak.ee\/epood\/\",\"name\":\"Espak E-pood\",\"description\":\"\",\"potentialAction\":[{\"@type\":\"SearchAction\",\"target\":{\"@type\":\"EntryPoint\",\"urlTemplate\":\"https:\/\/espak.ee\/epood\/?s={search_term_string}\"},\"query-input\":{\"@type\":\"PropertyValueSpecification\",\"valueRequired\":true,\"valueName\":\"search_term_string\"}}],\"inLanguage\":\"et\"}]}<\/script>\n<!-- \/ Yoast SEO plugin. -->","yoast_head_json":{"title":"RENNIOTS RUUKKI COMBI PRUUN RR32 - Espak E-pood","robots":{"index":"index","follow":"follow","max-snippet":"max-snippet:-1","max-image-preview":"max-image-preview:large","max-video-preview":"max-video-preview:-1"},"canonical":"https:\/\/espak.ee\/epood\/toode\/renniots-ruukki-combi-pruun-rr32\/","og_locale":"et_EE","og_type":"article","og_title":"RENNIOTS RUUKKI COMBI PRUUN RR32 - Espak E-pood","og_url":"https:\/\/espak.ee\/epood\/toode\/renniots-ruukki-combi-pruun-rr32\/","og_site_name":"Espak E-pood","article_modified_time":"2024-03-22T23:27:31+00:00","og_image":[{"width":800,"height":800,"url":"https:\/\/espak.ee\/epood\/wp-content\/uploads\/2023\/07\/gutter-end-universal-main.tmb-1920v.jpg.jpg","type":"image\/jpeg"}],"twitter_card":"summary_large_image","schema":{"@context":"https:\/\/schema.org","@graph":[{"@type":"WebPage","@id":"https:\/\/espak.ee\/epood\/toode\/renniots-ruukki-combi-pruun-rr32\/","url":"https:\/\/espak.ee\/epood\/toode\/renniots-ruukki-combi-pruun-rr32\/","name":"RENNIOTS RUUKKI COMBI PRUUN RR32 - Espak E-pood","isPartOf":{"@id":"https:\/\/espak.ee\/epood\/#website"},"primaryImageOfPage":{"@id":"https:\/\/espak.ee\/epood\/toode\/renniots-ruukki-combi-pruun-rr32\/#primaryimage"},"image":{"@id":"https:\/\/espak.ee\/epood\/toode\/renniots-ruukki-combi-pruun-rr32\/#primaryimage"},"thumbnailUrl":"https:\/\/espak.ee\/epood\/wp-content\/uploads\/2023\/07\/gutter-end-universal-main.tmb-1920v.jpg.jpg","datePublished":"2023-07-29T00:01:14+00:00","dateModified":"2024-03-22T23:27:31+00:00","breadcrumb":{"@id":"https:\/\/espak.ee\/epood\/toode\/renniots-ruukki-combi-pruun-rr32\/#breadcrumb"},"inLanguage":"et","potentialAction":[{"@type":"ReadAction","target":["https:\/\/espak.ee\/epood\/toode\/renniots-ruukki-combi-pruun-rr32\/"]}]},{"@type":"ImageObject","inLanguage":"et","@id":"https:\/\/espak.ee\/epood\/toode\/renniots-ruukki-combi-pruun-rr32\/#primaryimage","url":"https:\/\/espak.ee\/epood\/wp-content\/uploads\/2023\/07\/gutter-end-universal-main.tmb-1920v.jpg.jpg","contentUrl":"https:\/\/espak.ee\/epood\/wp-content\/uploads\/2023\/07\/gutter-end-universal-main.tmb-1920v.jpg.jpg","width":800,"height":800},{"@type":"BreadcrumbList","@id":"https:\/\/espak.ee\/epood\/toode\/renniots-ruukki-combi-pruun-rr32\/#breadcrumb","itemListElement":[{"@type":"ListItem","position":1,"name":"Home","item":"https:\/\/espak.ee\/epood\/"},{"@type":"ListItem","position":2,"name":"Tootevalik","item":"https:\/\/espak.ee\/epood\/tootevalik\/"},{"@type":"ListItem","position":3,"name":"RENNIOTS RUUKKI COMBI PRUUN RR32"}]},{"@type":"WebSite","@id":"https:\/\/espak.ee\/epood\/#website","url":"https:\/\/espak.ee\/epood\/","name":"Espak E-pood","description":"","potentialAction":[{"@type":"SearchAction","target":{"@type":"EntryPoint","urlTemplate":"https:\/\/espak.ee\/epood\/?s={search_term_string}"},"query-input":{"@type":"PropertyValueSpecification","valueRequired":true,"valueName":"search_term_string"}}],"inLanguage":"et"}]}},"_links":{"self":[{"href":"https:\/\/espak.ee\/epood\/wp-json\/wp\/v2\/product\/167748","targetHints":{"allow":["GET"]}}],"collection":[{"href":"https:\/\/espak.ee\/epood\/wp-json\/wp\/v2\/product"}],"about":[{"href":"https:\/\/espak.ee\/epood\/wp-json\/wp\/v2\/types\/product"}],"replies":[{"embeddable":true,"href":"https:\/\/espak.ee\/epood\/wp-json\/wp\/v2\/comments?post=167748"}],"wp:featuredmedia":[{"embeddable":true,"href":"https:\/\/espak.ee\/epood\/wp-json\/wp\/v2\/media\/169542"}],"wp:attachment":[{"href":"https:\/\/espak.ee\/epood\/wp-json\/wp\/v2\/media?parent=167748"}],"wp:term":[{"taxonomy":"product_brand","embeddable":true,"href":"https:\/\/espak.ee\/epood\/wp-json\/wp\/v2\/product_brand?post=167748"},{"taxonomy":"product_cat","embeddable":true,"href":"https:\/\/espak.ee\/epood\/wp-json\/wp\/v2\/product_cat?post=167748"},{"taxonomy":"product_tag","embeddable":true,"href":"https:\/\/espak.ee\/epood\/wp-json\/wp\/v2\/product_tag?post=167748"}],"curies":[{"name":"wp","href":"https:\/\/api.w.org\/{rel}","templated":true}]}}