{"id":167642,"date":"2023-07-27T02:54:46","date_gmt":"2023-07-26T23:54:46","guid":{"rendered":"https:\/\/espak.ee\/epood\/?post_type=product&#038;p=167642"},"modified":"2024-03-23T01:27:40","modified_gmt":"2024-03-22T23:27:40","slug":"gardena-comfort-turbo-drive-vihmuti-piikjalal-75-450-m%c2%b2","status":"publish","type":"product","link":"https:\/\/espak.ee\/epood\/toode\/gardena-comfort-turbo-drive-vihmuti-piikjalal-75-450-m%c2%b2\/","title":{"rendered":"GARDENA COMFORT TURBO-DRIVE VIHMUTI PIIKJALAL, 75 &#8211; 450 M\u00b2"},"content":{"rendered":"<div class=\"row\"  id=\"row-1549818310\">\n\n\t<div id=\"col-10335030\" class=\"col medium-9 small-12 large-9\"  >\n\t\t\t\t<div class=\"col-inner\"  >\n\t\t\t\n\t\t\t\n<h2>Comfort turbo-Drive vihmuti piikjalal, 75 &#8211; 450 m\u00b2 Gardena<\/h2>\n<p>Vaikne vihmuti piikjalal. <\/p>\n<p>GARDENA turbodrive vihmuti Comfort abil kastad muru vaikselt. Vihmuti on valmistatud tugevast plastist ja t\u00f6\u00f6tab seet\u00f5ttu peaaegu m\u00fcratult. Mustuskindel turboajamiga \u00fclekanne on patenteeritud. See t\u00f6\u00f6tab hiirvaikselt ja jaotab vett \u00fchtlaselt t\u00e4nu 2-tsoonilisele kastmisele ja erilise kujuga deflektorile.<br \/>\n Spetsiaalsetel reguleerimisr\u00f5ngastel saab h\u00f5lpsalt ja t\u00e4pselt m\u00e4\u00e4rata kastetava sektori vahemikus 20\u00b0\u2012360\u00b0. Reguleerimisr\u00f5ngastelt saab m\u00e4\u00e4ratud kastmissektorit igal ajal h\u00f5lpsalt vaadelda. Suure h\u00f5lpsalt kasutatava p\u00f6\u00f6rdnupu abil on kerge kastmisulatust m\u00e4\u00e4rata. Kastmisulatuseks saab m\u00e4\u00e4rata 5 m kuni maksimaalselt 12 m. Vihmuti abil saab kasta 75 m\u00b2 kuni maksimaalselt 450 m\u00b2 suurusega pindu.<br \/>\nVihmuti on kinnitatud plastist torkevarda k\u00fclge. See v\u00f5imaldab vihmutit murul kindlalt kohale asetada. Vihmutit on samuti kerge eemaldada ja teise kohta paigaldada.<br \/>\n Vihmuti on varustatud GARDENA Systemi liitmiku ja otsakorgiga. Seda saad aias otsekohe kasutada. Peens\u00f5elaga h\u00f5lpsalt eemaldatav filter kogub mustuse kokku. Filtrit on puhastamiseks h\u00f5lbus eemaldada. Kui soovid kasta suuremat pinda, \u00fchenda GARDENA kraaniliitmiku ja vooliku abil omavahel mitu vihmutit.<\/p>\n\t\t<\/div>\n\t\t\t\t\t<\/div>\n\n\t\n\n\t<div id=\"col-716156247\" class=\"col medium-3 small-12 large-3\"  >\n\t\t\t\t<div class=\"col-inner\"  >\n\t\t\t\n\t\t\t\n\t<div id=\"gap-1553484906\" class=\"gap-element clearfix\" style=\"display:block; height:auto;\">\n\t\t\n<style>\n#gap-1553484906 {\n  padding-top: 30px;\n}\n<\/style>\n\t<\/div>\n\t\n<div class=\"is-divider divider clearfix\" ><\/div>\n<p><strong>\u00dcksikasjalikuma n\u00f5u saamiseks v\u00f5tke \u00fchendust:<br \/><\/strong>Espak AS<br \/>Viadukti 42<br \/>11313<br \/>Tallinn<br \/>+372 6 512333<\/p>\n<div class=\"is-divider divider clearfix\" ><\/div>\n\t\t<\/div>\n\t\t\t\t\t<\/div>\n\n\t\n<\/div>\n","protected":false},"excerpt":{"rendered":"","protected":false},"featured_media":186058,"comment_status":"closed","ping_status":"closed","template":"","meta":[],"product_brand":[],"product_cat":[2789,2788,3280,3365],"product_tag":[],"class_list":{"0":"post-167642","1":"product","2":"type-product","3":"status-publish","4":"has-post-thumbnail","6":"product_cat-aiatarbed","7":"product_cat-aiatarbed-ja-kodukaubad","8":"product_cat-kastmistarvikud","9":"product_cat-vihmutid","10":"pa_kaubamark-husqvarna-eesti-ou","12":"first","13":"instock","14":"sale","15":"taxable","16":"shipping-taxable","17":"purchasable","18":"product-type-simple"},"yoast_head":"<!-- This site is optimized with the Yoast SEO plugin v26.9 - https:\/\/yoast.com\/product\/yoast-seo-wordpress\/ -->\n<title>GARDENA COMFORT TURBO-DRIVE VIHMUTI PIIKJALAL, 75 - 450 M\u00b2 - Espak E-pood<\/title>\n<meta name=\"robots\" content=\"index, follow, max-snippet:-1, max-image-preview:large, max-video-preview:-1\" \/>\n<link rel=\"canonical\" href=\"https:\/\/espak.ee\/epood\/toode\/gardena-comfort-turbo-drive-vihmuti-piikjalal-75-450-m\u00b2\/\" \/>\n<meta property=\"og:locale\" content=\"et_EE\" \/>\n<meta property=\"og:type\" content=\"article\" \/>\n<meta property=\"og:title\" content=\"GARDENA COMFORT TURBO-DRIVE VIHMUTI PIIKJALAL, 75 - 450 M\u00b2 - Espak E-pood\" \/>\n<meta property=\"og:url\" content=\"https:\/\/espak.ee\/epood\/toode\/gardena-comfort-turbo-drive-vihmuti-piikjalal-75-450-m\u00b2\/\" \/>\n<meta property=\"og:site_name\" content=\"Espak E-pood\" \/>\n<meta property=\"article:modified_time\" content=\"2024-03-22T23:27:40+00:00\" \/>\n<meta property=\"og:image\" content=\"https:\/\/espak.ee\/epood\/wp-content\/uploads\/2023\/07\/GA110-0558.jpg\" \/>\n\t<meta property=\"og:image:width\" content=\"800\" \/>\n\t<meta property=\"og:image:height\" content=\"800\" \/>\n\t<meta property=\"og:image:type\" content=\"image\/jpeg\" \/>\n<meta name=\"twitter:card\" content=\"summary_large_image\" \/>\n<meta name=\"twitter:label1\" content=\"Est. reading time\" \/>\n\t<meta name=\"twitter:data1\" content=\"1 minut\" \/>\n<script type=\"application\/ld+json\" class=\"yoast-schema-graph\">{\"@context\":\"https:\/\/schema.org\",\"@graph\":[{\"@type\":\"WebPage\",\"@id\":\"https:\/\/espak.ee\/epood\/toode\/gardena-comfort-turbo-drive-vihmuti-piikjalal-75-450-m%c2%b2\/\",\"url\":\"https:\/\/espak.ee\/epood\/toode\/gardena-comfort-turbo-drive-vihmuti-piikjalal-75-450-m%c2%b2\/\",\"name\":\"GARDENA COMFORT TURBO-DRIVE VIHMUTI PIIKJALAL, 75 - 450 M\u00b2 - Espak E-pood\",\"isPartOf\":{\"@id\":\"https:\/\/espak.ee\/epood\/#website\"},\"primaryImageOfPage\":{\"@id\":\"https:\/\/espak.ee\/epood\/toode\/gardena-comfort-turbo-drive-vihmuti-piikjalal-75-450-m%c2%b2\/#primaryimage\"},\"image\":{\"@id\":\"https:\/\/espak.ee\/epood\/toode\/gardena-comfort-turbo-drive-vihmuti-piikjalal-75-450-m%c2%b2\/#primaryimage\"},\"thumbnailUrl\":\"https:\/\/espak.ee\/epood\/wp-content\/uploads\/2023\/07\/GA110-0558.jpg\",\"datePublished\":\"2023-07-26T23:54:46+00:00\",\"dateModified\":\"2024-03-22T23:27:40+00:00\",\"breadcrumb\":{\"@id\":\"https:\/\/espak.ee\/epood\/toode\/gardena-comfort-turbo-drive-vihmuti-piikjalal-75-450-m%c2%b2\/#breadcrumb\"},\"inLanguage\":\"et\",\"potentialAction\":[{\"@type\":\"ReadAction\",\"target\":[\"https:\/\/espak.ee\/epood\/toode\/gardena-comfort-turbo-drive-vihmuti-piikjalal-75-450-m%c2%b2\/\"]}]},{\"@type\":\"ImageObject\",\"inLanguage\":\"et\",\"@id\":\"https:\/\/espak.ee\/epood\/toode\/gardena-comfort-turbo-drive-vihmuti-piikjalal-75-450-m%c2%b2\/#primaryimage\",\"url\":\"https:\/\/espak.ee\/epood\/wp-content\/uploads\/2023\/07\/GA110-0558.jpg\",\"contentUrl\":\"https:\/\/espak.ee\/epood\/wp-content\/uploads\/2023\/07\/GA110-0558.jpg\",\"width\":800,\"height\":800},{\"@type\":\"BreadcrumbList\",\"@id\":\"https:\/\/espak.ee\/epood\/toode\/gardena-comfort-turbo-drive-vihmuti-piikjalal-75-450-m%c2%b2\/#breadcrumb\",\"itemListElement\":[{\"@type\":\"ListItem\",\"position\":1,\"name\":\"Home\",\"item\":\"https:\/\/espak.ee\/epood\/\"},{\"@type\":\"ListItem\",\"position\":2,\"name\":\"Tootevalik\",\"item\":\"https:\/\/espak.ee\/epood\/tootevalik\/\"},{\"@type\":\"ListItem\",\"position\":3,\"name\":\"GARDENA COMFORT TURBO-DRIVE VIHMUTI PIIKJALAL, 75 &#8211; 450 M\u00b2\"}]},{\"@type\":\"WebSite\",\"@id\":\"https:\/\/espak.ee\/epood\/#website\",\"url\":\"https:\/\/espak.ee\/epood\/\",\"name\":\"Espak E-pood\",\"description\":\"\",\"potentialAction\":[{\"@type\":\"SearchAction\",\"target\":{\"@type\":\"EntryPoint\",\"urlTemplate\":\"https:\/\/espak.ee\/epood\/?s={search_term_string}\"},\"query-input\":{\"@type\":\"PropertyValueSpecification\",\"valueRequired\":true,\"valueName\":\"search_term_string\"}}],\"inLanguage\":\"et\"}]}<\/script>\n<!-- \/ Yoast SEO plugin. -->","yoast_head_json":{"title":"GARDENA COMFORT TURBO-DRIVE VIHMUTI PIIKJALAL, 75 - 450 M\u00b2 - Espak E-pood","robots":{"index":"index","follow":"follow","max-snippet":"max-snippet:-1","max-image-preview":"max-image-preview:large","max-video-preview":"max-video-preview:-1"},"canonical":"https:\/\/espak.ee\/epood\/toode\/gardena-comfort-turbo-drive-vihmuti-piikjalal-75-450-m\u00b2\/","og_locale":"et_EE","og_type":"article","og_title":"GARDENA COMFORT TURBO-DRIVE VIHMUTI PIIKJALAL, 75 - 450 M\u00b2 - Espak E-pood","og_url":"https:\/\/espak.ee\/epood\/toode\/gardena-comfort-turbo-drive-vihmuti-piikjalal-75-450-m\u00b2\/","og_site_name":"Espak E-pood","article_modified_time":"2024-03-22T23:27:40+00:00","og_image":[{"width":800,"height":800,"url":"https:\/\/espak.ee\/epood\/wp-content\/uploads\/2023\/07\/GA110-0558.jpg","type":"image\/jpeg"}],"twitter_card":"summary_large_image","twitter_misc":{"Est. reading time":"1 minut"},"schema":{"@context":"https:\/\/schema.org","@graph":[{"@type":"WebPage","@id":"https:\/\/espak.ee\/epood\/toode\/gardena-comfort-turbo-drive-vihmuti-piikjalal-75-450-m%c2%b2\/","url":"https:\/\/espak.ee\/epood\/toode\/gardena-comfort-turbo-drive-vihmuti-piikjalal-75-450-m%c2%b2\/","name":"GARDENA COMFORT TURBO-DRIVE VIHMUTI PIIKJALAL, 75 - 450 M\u00b2 - Espak E-pood","isPartOf":{"@id":"https:\/\/espak.ee\/epood\/#website"},"primaryImageOfPage":{"@id":"https:\/\/espak.ee\/epood\/toode\/gardena-comfort-turbo-drive-vihmuti-piikjalal-75-450-m%c2%b2\/#primaryimage"},"image":{"@id":"https:\/\/espak.ee\/epood\/toode\/gardena-comfort-turbo-drive-vihmuti-piikjalal-75-450-m%c2%b2\/#primaryimage"},"thumbnailUrl":"https:\/\/espak.ee\/epood\/wp-content\/uploads\/2023\/07\/GA110-0558.jpg","datePublished":"2023-07-26T23:54:46+00:00","dateModified":"2024-03-22T23:27:40+00:00","breadcrumb":{"@id":"https:\/\/espak.ee\/epood\/toode\/gardena-comfort-turbo-drive-vihmuti-piikjalal-75-450-m%c2%b2\/#breadcrumb"},"inLanguage":"et","potentialAction":[{"@type":"ReadAction","target":["https:\/\/espak.ee\/epood\/toode\/gardena-comfort-turbo-drive-vihmuti-piikjalal-75-450-m%c2%b2\/"]}]},{"@type":"ImageObject","inLanguage":"et","@id":"https:\/\/espak.ee\/epood\/toode\/gardena-comfort-turbo-drive-vihmuti-piikjalal-75-450-m%c2%b2\/#primaryimage","url":"https:\/\/espak.ee\/epood\/wp-content\/uploads\/2023\/07\/GA110-0558.jpg","contentUrl":"https:\/\/espak.ee\/epood\/wp-content\/uploads\/2023\/07\/GA110-0558.jpg","width":800,"height":800},{"@type":"BreadcrumbList","@id":"https:\/\/espak.ee\/epood\/toode\/gardena-comfort-turbo-drive-vihmuti-piikjalal-75-450-m%c2%b2\/#breadcrumb","itemListElement":[{"@type":"ListItem","position":1,"name":"Home","item":"https:\/\/espak.ee\/epood\/"},{"@type":"ListItem","position":2,"name":"Tootevalik","item":"https:\/\/espak.ee\/epood\/tootevalik\/"},{"@type":"ListItem","position":3,"name":"GARDENA COMFORT TURBO-DRIVE VIHMUTI PIIKJALAL, 75 &#8211; 450 M\u00b2"}]},{"@type":"WebSite","@id":"https:\/\/espak.ee\/epood\/#website","url":"https:\/\/espak.ee\/epood\/","name":"Espak E-pood","description":"","potentialAction":[{"@type":"SearchAction","target":{"@type":"EntryPoint","urlTemplate":"https:\/\/espak.ee\/epood\/?s={search_term_string}"},"query-input":{"@type":"PropertyValueSpecification","valueRequired":true,"valueName":"search_term_string"}}],"inLanguage":"et"}]}},"_links":{"self":[{"href":"https:\/\/espak.ee\/epood\/wp-json\/wp\/v2\/product\/167642","targetHints":{"allow":["GET"]}}],"collection":[{"href":"https:\/\/espak.ee\/epood\/wp-json\/wp\/v2\/product"}],"about":[{"href":"https:\/\/espak.ee\/epood\/wp-json\/wp\/v2\/types\/product"}],"replies":[{"embeddable":true,"href":"https:\/\/espak.ee\/epood\/wp-json\/wp\/v2\/comments?post=167642"}],"wp:featuredmedia":[{"embeddable":true,"href":"https:\/\/espak.ee\/epood\/wp-json\/wp\/v2\/media\/186058"}],"wp:attachment":[{"href":"https:\/\/espak.ee\/epood\/wp-json\/wp\/v2\/media?parent=167642"}],"wp:term":[{"taxonomy":"product_brand","embeddable":true,"href":"https:\/\/espak.ee\/epood\/wp-json\/wp\/v2\/product_brand?post=167642"},{"taxonomy":"product_cat","embeddable":true,"href":"https:\/\/espak.ee\/epood\/wp-json\/wp\/v2\/product_cat?post=167642"},{"taxonomy":"product_tag","embeddable":true,"href":"https:\/\/espak.ee\/epood\/wp-json\/wp\/v2\/product_tag?post=167642"}],"curies":[{"name":"wp","href":"https:\/\/api.w.org\/{rel}","templated":true}]}}