{"id":167641,"date":"2023-07-27T02:54:46","date_gmt":"2023-07-26T23:54:46","guid":{"rendered":"https:\/\/espak.ee\/epood\/?post_type=product&#038;p=167641"},"modified":"2025-05-28T15:19:13","modified_gmt":"2025-05-28T12:19:13","slug":"gardena-comfort-ringvihmuti-75-490-m%c2%b2","status":"publish","type":"product","link":"https:\/\/espak.ee\/epood\/toode\/gardena-comfort-ringvihmuti-75-490-m%c2%b2\/","title":{"rendered":"GARDENA COMFORT RINGVIHMUTI, 75 &#8211; 490 M\u00b2"},"content":{"rendered":"<div class=\"row\"  id=\"row-1537294063\">\n\n\t<div id=\"col-158917412\" class=\"col medium-9 small-12 large-9\"  >\n\t\t\t\t<div class=\"col-inner\"  >\n\t\t\t\n\t\t\t\n<h2>Comfort ringvihmuti, 75 &#8211; 490 m\u00b2 Gardena<\/h2>\n<p>Piikjalaga vihmuti suuremate pindade kastmiseks. <\/p>\n<p>Pulseeriv t\u00e4isring- v\u00f5i sektorvihmuti on tugeva plastist konstruktsiooniga.<br \/>\n Spetsiaalsetel reguleerimisr\u00f5ngastel saab h\u00f5lpsalt ja t\u00e4pselt m\u00e4\u00e4rata kastetava sektori vahemikus 25\u00b0\u2012360\u00b0. Reguleerimisr\u00f5ngastelt saab m\u00e4\u00e4ratud kastmissektorit igal ajal h\u00f5lpsalt vaadelda. Suure h\u00f5lpsalt kasutatava p\u00f6\u00f6rdnupu abil on kerge kastmisulatust m\u00e4\u00e4rata. Kastmisulatuseks saab m\u00e4\u00e4rata 5 m kuni maksimaalselt 12,5 m.<br \/>\n Vihmuti abil saab kasta 75 m\u00b2 kuni maksimaalselt 490 m\u00b2 suurusega pindu.<br \/>\n Vihmuti on kinnitatud plastist torkevarda k\u00fclge. Torkevarda abil saab GARDENA pulseerivat t\u00e4isring- v\u00f5i sektorvihmutit h\u00f5lpsalt muru sisse kinnitada. Vihmutit on samuti kerge eemaldada ja teise kohta paigaldada. Vihmuti on varustatud GARDENA Systemi liitmiku ja otsakorgiga. Seda saad aias otsekohe kasutada.<br \/>\n Kui soovid kasta suuremat pinda, \u00fchenda omavahel mitu vihmutit. <\/p>\n\t\t<\/div>\n\t\t\t\t\t<\/div>\n\n\t\n\n\t<div id=\"col-1720434223\" class=\"col medium-3 small-12 large-3\"  >\n\t\t\t\t<div class=\"col-inner\"  >\n\t\t\t\n\t\t\t\n\t<div id=\"gap-1360197064\" class=\"gap-element clearfix\" style=\"display:block; height:auto;\">\n\t\t\n<style>\n#gap-1360197064 {\n  padding-top: 30px;\n}\n<\/style>\n\t<\/div>\n\t\n<div class=\"is-divider divider clearfix\" ><\/div>\n<p><strong>\u00dcksikasjalikuma n\u00f5u saamiseks v\u00f5tke \u00fchendust:<br \/><\/strong>Espak AS<br \/>Viadukti 42<br \/>11313<br \/>Tallinn<br \/>+372 6 512333<\/p>\n<div class=\"is-divider divider clearfix\" ><\/div>\n\t\t<\/div>\n\t\t\t\t\t<\/div>\n\n\t\n<\/div>\n","protected":false},"excerpt":{"rendered":"","protected":false},"featured_media":186055,"comment_status":"closed","ping_status":"closed","template":"","meta":[],"product_brand":[],"product_cat":[2789,2788,3280,3365],"product_tag":[],"class_list":{"0":"post-167641","1":"product","2":"type-product","3":"status-publish","4":"has-post-thumbnail","6":"product_cat-aiatarbed","7":"product_cat-aiatarbed-ja-kodukaubad","8":"product_cat-kastmistarvikud","9":"product_cat-vihmutid","10":"pa_kaubamark-husqvarna-eesti-ou","12":"first","13":"instock","14":"sale","15":"taxable","16":"shipping-taxable","17":"purchasable","18":"product-type-simple"},"yoast_head":"<!-- This site is optimized with the Yoast SEO plugin v26.9 - https:\/\/yoast.com\/product\/yoast-seo-wordpress\/ -->\n<title>GARDENA COMFORT RINGVIHMUTI, 75 - 490 M\u00b2 - Espak E-pood<\/title>\n<meta name=\"robots\" content=\"index, follow, max-snippet:-1, max-image-preview:large, max-video-preview:-1\" \/>\n<link rel=\"canonical\" href=\"https:\/\/espak.ee\/epood\/toode\/gardena-comfort-ringvihmuti-75-490-m\u00b2\/\" \/>\n<meta property=\"og:locale\" content=\"et_EE\" \/>\n<meta property=\"og:type\" content=\"article\" \/>\n<meta property=\"og:title\" content=\"GARDENA COMFORT RINGVIHMUTI, 75 - 490 M\u00b2 - Espak E-pood\" \/>\n<meta property=\"og:url\" content=\"https:\/\/espak.ee\/epood\/toode\/gardena-comfort-ringvihmuti-75-490-m\u00b2\/\" \/>\n<meta property=\"og:site_name\" content=\"Espak E-pood\" \/>\n<meta property=\"article:modified_time\" content=\"2025-05-28T12:19:13+00:00\" \/>\n<meta property=\"og:image\" content=\"https:\/\/espak.ee\/epood\/wp-content\/uploads\/2023\/07\/GA110-0555.jpg\" \/>\n\t<meta property=\"og:image:width\" content=\"800\" \/>\n\t<meta property=\"og:image:height\" content=\"800\" \/>\n\t<meta property=\"og:image:type\" content=\"image\/jpeg\" \/>\n<meta name=\"twitter:card\" content=\"summary_large_image\" \/>\n<meta name=\"twitter:label1\" content=\"Est. reading time\" \/>\n\t<meta name=\"twitter:data1\" content=\"1 minut\" \/>\n<script type=\"application\/ld+json\" class=\"yoast-schema-graph\">{\"@context\":\"https:\/\/schema.org\",\"@graph\":[{\"@type\":\"WebPage\",\"@id\":\"https:\/\/espak.ee\/epood\/toode\/gardena-comfort-ringvihmuti-75-490-m%c2%b2\/\",\"url\":\"https:\/\/espak.ee\/epood\/toode\/gardena-comfort-ringvihmuti-75-490-m%c2%b2\/\",\"name\":\"GARDENA COMFORT RINGVIHMUTI, 75 - 490 M\u00b2 - Espak E-pood\",\"isPartOf\":{\"@id\":\"https:\/\/espak.ee\/epood\/#website\"},\"primaryImageOfPage\":{\"@id\":\"https:\/\/espak.ee\/epood\/toode\/gardena-comfort-ringvihmuti-75-490-m%c2%b2\/#primaryimage\"},\"image\":{\"@id\":\"https:\/\/espak.ee\/epood\/toode\/gardena-comfort-ringvihmuti-75-490-m%c2%b2\/#primaryimage\"},\"thumbnailUrl\":\"https:\/\/espak.ee\/epood\/wp-content\/uploads\/2023\/07\/GA110-0555.jpg\",\"datePublished\":\"2023-07-26T23:54:46+00:00\",\"dateModified\":\"2025-05-28T12:19:13+00:00\",\"breadcrumb\":{\"@id\":\"https:\/\/espak.ee\/epood\/toode\/gardena-comfort-ringvihmuti-75-490-m%c2%b2\/#breadcrumb\"},\"inLanguage\":\"et\",\"potentialAction\":[{\"@type\":\"ReadAction\",\"target\":[\"https:\/\/espak.ee\/epood\/toode\/gardena-comfort-ringvihmuti-75-490-m%c2%b2\/\"]}]},{\"@type\":\"ImageObject\",\"inLanguage\":\"et\",\"@id\":\"https:\/\/espak.ee\/epood\/toode\/gardena-comfort-ringvihmuti-75-490-m%c2%b2\/#primaryimage\",\"url\":\"https:\/\/espak.ee\/epood\/wp-content\/uploads\/2023\/07\/GA110-0555.jpg\",\"contentUrl\":\"https:\/\/espak.ee\/epood\/wp-content\/uploads\/2023\/07\/GA110-0555.jpg\",\"width\":800,\"height\":800},{\"@type\":\"BreadcrumbList\",\"@id\":\"https:\/\/espak.ee\/epood\/toode\/gardena-comfort-ringvihmuti-75-490-m%c2%b2\/#breadcrumb\",\"itemListElement\":[{\"@type\":\"ListItem\",\"position\":1,\"name\":\"Home\",\"item\":\"https:\/\/espak.ee\/epood\/\"},{\"@type\":\"ListItem\",\"position\":2,\"name\":\"Tootevalik\",\"item\":\"https:\/\/espak.ee\/epood\/tootevalik\/\"},{\"@type\":\"ListItem\",\"position\":3,\"name\":\"GARDENA COMFORT RINGVIHMUTI, 75 &#8211; 490 M\u00b2\"}]},{\"@type\":\"WebSite\",\"@id\":\"https:\/\/espak.ee\/epood\/#website\",\"url\":\"https:\/\/espak.ee\/epood\/\",\"name\":\"Espak E-pood\",\"description\":\"\",\"potentialAction\":[{\"@type\":\"SearchAction\",\"target\":{\"@type\":\"EntryPoint\",\"urlTemplate\":\"https:\/\/espak.ee\/epood\/?s={search_term_string}\"},\"query-input\":{\"@type\":\"PropertyValueSpecification\",\"valueRequired\":true,\"valueName\":\"search_term_string\"}}],\"inLanguage\":\"et\"}]}<\/script>\n<!-- \/ Yoast SEO plugin. -->","yoast_head_json":{"title":"GARDENA COMFORT RINGVIHMUTI, 75 - 490 M\u00b2 - Espak E-pood","robots":{"index":"index","follow":"follow","max-snippet":"max-snippet:-1","max-image-preview":"max-image-preview:large","max-video-preview":"max-video-preview:-1"},"canonical":"https:\/\/espak.ee\/epood\/toode\/gardena-comfort-ringvihmuti-75-490-m\u00b2\/","og_locale":"et_EE","og_type":"article","og_title":"GARDENA COMFORT RINGVIHMUTI, 75 - 490 M\u00b2 - Espak E-pood","og_url":"https:\/\/espak.ee\/epood\/toode\/gardena-comfort-ringvihmuti-75-490-m\u00b2\/","og_site_name":"Espak E-pood","article_modified_time":"2025-05-28T12:19:13+00:00","og_image":[{"width":800,"height":800,"url":"https:\/\/espak.ee\/epood\/wp-content\/uploads\/2023\/07\/GA110-0555.jpg","type":"image\/jpeg"}],"twitter_card":"summary_large_image","twitter_misc":{"Est. reading time":"1 minut"},"schema":{"@context":"https:\/\/schema.org","@graph":[{"@type":"WebPage","@id":"https:\/\/espak.ee\/epood\/toode\/gardena-comfort-ringvihmuti-75-490-m%c2%b2\/","url":"https:\/\/espak.ee\/epood\/toode\/gardena-comfort-ringvihmuti-75-490-m%c2%b2\/","name":"GARDENA COMFORT RINGVIHMUTI, 75 - 490 M\u00b2 - Espak E-pood","isPartOf":{"@id":"https:\/\/espak.ee\/epood\/#website"},"primaryImageOfPage":{"@id":"https:\/\/espak.ee\/epood\/toode\/gardena-comfort-ringvihmuti-75-490-m%c2%b2\/#primaryimage"},"image":{"@id":"https:\/\/espak.ee\/epood\/toode\/gardena-comfort-ringvihmuti-75-490-m%c2%b2\/#primaryimage"},"thumbnailUrl":"https:\/\/espak.ee\/epood\/wp-content\/uploads\/2023\/07\/GA110-0555.jpg","datePublished":"2023-07-26T23:54:46+00:00","dateModified":"2025-05-28T12:19:13+00:00","breadcrumb":{"@id":"https:\/\/espak.ee\/epood\/toode\/gardena-comfort-ringvihmuti-75-490-m%c2%b2\/#breadcrumb"},"inLanguage":"et","potentialAction":[{"@type":"ReadAction","target":["https:\/\/espak.ee\/epood\/toode\/gardena-comfort-ringvihmuti-75-490-m%c2%b2\/"]}]},{"@type":"ImageObject","inLanguage":"et","@id":"https:\/\/espak.ee\/epood\/toode\/gardena-comfort-ringvihmuti-75-490-m%c2%b2\/#primaryimage","url":"https:\/\/espak.ee\/epood\/wp-content\/uploads\/2023\/07\/GA110-0555.jpg","contentUrl":"https:\/\/espak.ee\/epood\/wp-content\/uploads\/2023\/07\/GA110-0555.jpg","width":800,"height":800},{"@type":"BreadcrumbList","@id":"https:\/\/espak.ee\/epood\/toode\/gardena-comfort-ringvihmuti-75-490-m%c2%b2\/#breadcrumb","itemListElement":[{"@type":"ListItem","position":1,"name":"Home","item":"https:\/\/espak.ee\/epood\/"},{"@type":"ListItem","position":2,"name":"Tootevalik","item":"https:\/\/espak.ee\/epood\/tootevalik\/"},{"@type":"ListItem","position":3,"name":"GARDENA COMFORT RINGVIHMUTI, 75 &#8211; 490 M\u00b2"}]},{"@type":"WebSite","@id":"https:\/\/espak.ee\/epood\/#website","url":"https:\/\/espak.ee\/epood\/","name":"Espak E-pood","description":"","potentialAction":[{"@type":"SearchAction","target":{"@type":"EntryPoint","urlTemplate":"https:\/\/espak.ee\/epood\/?s={search_term_string}"},"query-input":{"@type":"PropertyValueSpecification","valueRequired":true,"valueName":"search_term_string"}}],"inLanguage":"et"}]}},"_links":{"self":[{"href":"https:\/\/espak.ee\/epood\/wp-json\/wp\/v2\/product\/167641","targetHints":{"allow":["GET"]}}],"collection":[{"href":"https:\/\/espak.ee\/epood\/wp-json\/wp\/v2\/product"}],"about":[{"href":"https:\/\/espak.ee\/epood\/wp-json\/wp\/v2\/types\/product"}],"replies":[{"embeddable":true,"href":"https:\/\/espak.ee\/epood\/wp-json\/wp\/v2\/comments?post=167641"}],"wp:featuredmedia":[{"embeddable":true,"href":"https:\/\/espak.ee\/epood\/wp-json\/wp\/v2\/media\/186055"}],"wp:attachment":[{"href":"https:\/\/espak.ee\/epood\/wp-json\/wp\/v2\/media?parent=167641"}],"wp:term":[{"taxonomy":"product_brand","embeddable":true,"href":"https:\/\/espak.ee\/epood\/wp-json\/wp\/v2\/product_brand?post=167641"},{"taxonomy":"product_cat","embeddable":true,"href":"https:\/\/espak.ee\/epood\/wp-json\/wp\/v2\/product_cat?post=167641"},{"taxonomy":"product_tag","embeddable":true,"href":"https:\/\/espak.ee\/epood\/wp-json\/wp\/v2\/product_tag?post=167641"}],"curies":[{"name":"wp","href":"https:\/\/api.w.org\/{rel}","templated":true}]}}