{"id":166809,"date":"2023-07-18T10:58:49","date_gmt":"2023-07-18T07:58:49","guid":{"rendered":"https:\/\/espak.ee\/epood\/?post_type=product&#038;p=166809"},"modified":"2025-07-29T17:49:27","modified_gmt":"2025-07-29T14:49:27","slug":"valamu-franke-sirius-tectonite-s2d-651-1000500mm-beez","status":"publish","type":"product","link":"https:\/\/espak.ee\/epood\/toode\/valamu-franke-sirius-tectonite-s2d-651-1000500mm-beez\/","title":{"rendered":"VALAMU FRANKE SIRIUS TECTONITE S2D 651 1000*500MM BEE\u017d"},"content":{"rendered":"<div class=\"row\"  id=\"row-13534859\">\n\n\t<div id=\"col-961921137\" class=\"col medium-9 small-12 large-9\"  >\n\t\t\t\t<div class=\"col-inner\"  >\n\t\t\t\n\t\t\t\n<h3>Valamu Franke Sirius S2D 651 1000x500mm bee\u017e<\/h3>\n<p>Mudel: S2D 651<br \/>\nAluskapp: 60 cm<br \/>\nM\u00f5\u00f5dud: 1000 x 500 mm<br \/>\nV\u00e4ljal\u00f5ige: 984 x 484 mm (R = 7,5 mm)<br \/>\nKausi m\u00f5\u00f5tmed: 350 \/432 \/200 + 150 \/350 \/150 mm<br \/>\n Paigaldamine: s\u00fcvistatav<br \/>\nKausi asukoht: p\u00f6\u00f6ratav<br \/>\nMaterjal: Tectonite<br \/>\nVentiil: manuaalne 3 1\u20442\u201d ventiil<br \/>\nVentiili juhtimine: p\u00f5hjas\u00f5ela k\u00e4sitsi avamine<br \/>\n \u00dclevool: katteplaadiga \u00fclevool<br \/>\nSegisti auk: Valamu m\u00f5lemal k\u00fcljel 2 segisti avaga. Kasutamata augu saab katta 112.0006.333<br \/>\nT\u00f6\u00f6pind: min 30 mm paksune <\/p>\n\t\t<\/div>\n\t\t\t\t\t<\/div>\n\n\t\n\n\t<div id=\"col-926550445\" class=\"col medium-3 small-12 large-3\"  >\n\t\t\t\t<div class=\"col-inner\"  >\n\t\t\t\n\t\t\t\n<div class=\"is-divider divider clearfix\" ><\/div>\n<h3>Tooteleht<\/h3>\n<p><a href=\"https:\/\/espak.ee\/epood\/wp-content\/uploads\/2023\/07\/1430670834.pdf\"target=\"_blank\" rel=\"noopener noreferrer\"><i class=\"far fa-file-pdf\"><\/i> Tooteleht (PDF)<\/a><\/p>\n<div class=\"is-divider divider clearfix\" ><\/div>\n<p><strong>\u00dcksikasjalikuma n\u00f5u saamiseks v\u00f5tke \u00fchendust:<br \/><\/strong>Espak AS<br \/>Viadukti 42<br \/>11313<br \/>Tallinn<br \/>+372 6 512333<\/p>\n\t\t<\/div>\n\t\t\t\t\t<\/div>\n\n\t\n<\/div>\n","protected":false},"excerpt":{"rendered":"","protected":false},"featured_media":166856,"comment_status":"closed","ping_status":"closed","template":"","meta":[],"product_brand":[],"product_cat":[3193,4544,2819,2820],"product_tag":[],"class_list":{"0":"post-166809","1":"product","2":"type-product","3":"status-publish","4":"has-post-thumbnail","6":"product_cat-koogivalamud","7":"product_cat-koogivalamud-kivimist","8":"product_cat-sanitaartehnika","9":"product_cat-sanitaartehnika-sanitaartehnika","10":"pa_kaubamark-franke","12":"first","13":"instock","14":"sale","15":"taxable","16":"shipping-taxable","17":"purchasable","18":"product-type-simple"},"yoast_head":"<!-- This site is optimized with the Yoast SEO plugin v26.9 - https:\/\/yoast.com\/product\/yoast-seo-wordpress\/ -->\n<title>VALAMU FRANKE SIRIUS TECTONITE S2D 651 1000*500MM BEE\u017d - Espak E-pood<\/title>\n<meta name=\"robots\" content=\"index, follow, max-snippet:-1, max-image-preview:large, max-video-preview:-1\" \/>\n<link rel=\"canonical\" href=\"https:\/\/espak.ee\/epood\/toode\/valamu-franke-sirius-tectonite-s2d-651-1000500mm-beez\/\" \/>\n<meta property=\"og:locale\" content=\"et_EE\" \/>\n<meta property=\"og:type\" content=\"article\" \/>\n<meta property=\"og:title\" content=\"VALAMU FRANKE SIRIUS TECTONITE S2D 651 1000*500MM BEE\u017d - Espak E-pood\" \/>\n<meta property=\"og:url\" content=\"https:\/\/espak.ee\/epood\/toode\/valamu-franke-sirius-tectonite-s2d-651-1000500mm-beez\/\" \/>\n<meta property=\"og:site_name\" content=\"Espak E-pood\" \/>\n<meta property=\"article:modified_time\" content=\"2025-07-29T14:49:27+00:00\" \/>\n<meta property=\"og:image\" content=\"https:\/\/espak.ee\/epood\/wp-content\/uploads\/2023\/07\/PP001_143.0671.693.jpg.jpg\" \/>\n\t<meta property=\"og:image:width\" content=\"800\" \/>\n\t<meta property=\"og:image:height\" content=\"800\" \/>\n\t<meta property=\"og:image:type\" content=\"image\/jpeg\" \/>\n<meta name=\"twitter:card\" content=\"summary_large_image\" \/>\n<script type=\"application\/ld+json\" class=\"yoast-schema-graph\">{\"@context\":\"https:\/\/schema.org\",\"@graph\":[{\"@type\":\"WebPage\",\"@id\":\"https:\/\/espak.ee\/epood\/toode\/valamu-franke-sirius-tectonite-s2d-651-1000500mm-beez\/\",\"url\":\"https:\/\/espak.ee\/epood\/toode\/valamu-franke-sirius-tectonite-s2d-651-1000500mm-beez\/\",\"name\":\"VALAMU FRANKE SIRIUS TECTONITE S2D 651 1000*500MM BEE\u017d - Espak E-pood\",\"isPartOf\":{\"@id\":\"https:\/\/espak.ee\/epood\/#website\"},\"primaryImageOfPage\":{\"@id\":\"https:\/\/espak.ee\/epood\/toode\/valamu-franke-sirius-tectonite-s2d-651-1000500mm-beez\/#primaryimage\"},\"image\":{\"@id\":\"https:\/\/espak.ee\/epood\/toode\/valamu-franke-sirius-tectonite-s2d-651-1000500mm-beez\/#primaryimage\"},\"thumbnailUrl\":\"https:\/\/espak.ee\/epood\/wp-content\/uploads\/2023\/07\/PP001_143.0671.693.jpg.jpg\",\"datePublished\":\"2023-07-18T07:58:49+00:00\",\"dateModified\":\"2025-07-29T14:49:27+00:00\",\"breadcrumb\":{\"@id\":\"https:\/\/espak.ee\/epood\/toode\/valamu-franke-sirius-tectonite-s2d-651-1000500mm-beez\/#breadcrumb\"},\"inLanguage\":\"et\",\"potentialAction\":[{\"@type\":\"ReadAction\",\"target\":[\"https:\/\/espak.ee\/epood\/toode\/valamu-franke-sirius-tectonite-s2d-651-1000500mm-beez\/\"]}]},{\"@type\":\"ImageObject\",\"inLanguage\":\"et\",\"@id\":\"https:\/\/espak.ee\/epood\/toode\/valamu-franke-sirius-tectonite-s2d-651-1000500mm-beez\/#primaryimage\",\"url\":\"https:\/\/espak.ee\/epood\/wp-content\/uploads\/2023\/07\/PP001_143.0671.693.jpg.jpg\",\"contentUrl\":\"https:\/\/espak.ee\/epood\/wp-content\/uploads\/2023\/07\/PP001_143.0671.693.jpg.jpg\",\"width\":800,\"height\":800},{\"@type\":\"BreadcrumbList\",\"@id\":\"https:\/\/espak.ee\/epood\/toode\/valamu-franke-sirius-tectonite-s2d-651-1000500mm-beez\/#breadcrumb\",\"itemListElement\":[{\"@type\":\"ListItem\",\"position\":1,\"name\":\"Home\",\"item\":\"https:\/\/espak.ee\/epood\/\"},{\"@type\":\"ListItem\",\"position\":2,\"name\":\"Tootevalik\",\"item\":\"https:\/\/espak.ee\/epood\/tootevalik\/\"},{\"@type\":\"ListItem\",\"position\":3,\"name\":\"VALAMU FRANKE SIRIUS TECTONITE S2D 651 1000*500MM BEE\u017d\"}]},{\"@type\":\"WebSite\",\"@id\":\"https:\/\/espak.ee\/epood\/#website\",\"url\":\"https:\/\/espak.ee\/epood\/\",\"name\":\"Espak E-pood\",\"description\":\"\",\"potentialAction\":[{\"@type\":\"SearchAction\",\"target\":{\"@type\":\"EntryPoint\",\"urlTemplate\":\"https:\/\/espak.ee\/epood\/?s={search_term_string}\"},\"query-input\":{\"@type\":\"PropertyValueSpecification\",\"valueRequired\":true,\"valueName\":\"search_term_string\"}}],\"inLanguage\":\"et\"}]}<\/script>\n<!-- \/ Yoast SEO plugin. -->","yoast_head_json":{"title":"VALAMU FRANKE SIRIUS TECTONITE S2D 651 1000*500MM BEE\u017d - Espak E-pood","robots":{"index":"index","follow":"follow","max-snippet":"max-snippet:-1","max-image-preview":"max-image-preview:large","max-video-preview":"max-video-preview:-1"},"canonical":"https:\/\/espak.ee\/epood\/toode\/valamu-franke-sirius-tectonite-s2d-651-1000500mm-beez\/","og_locale":"et_EE","og_type":"article","og_title":"VALAMU FRANKE SIRIUS TECTONITE S2D 651 1000*500MM BEE\u017d - Espak E-pood","og_url":"https:\/\/espak.ee\/epood\/toode\/valamu-franke-sirius-tectonite-s2d-651-1000500mm-beez\/","og_site_name":"Espak E-pood","article_modified_time":"2025-07-29T14:49:27+00:00","og_image":[{"width":800,"height":800,"url":"https:\/\/espak.ee\/epood\/wp-content\/uploads\/2023\/07\/PP001_143.0671.693.jpg.jpg","type":"image\/jpeg"}],"twitter_card":"summary_large_image","schema":{"@context":"https:\/\/schema.org","@graph":[{"@type":"WebPage","@id":"https:\/\/espak.ee\/epood\/toode\/valamu-franke-sirius-tectonite-s2d-651-1000500mm-beez\/","url":"https:\/\/espak.ee\/epood\/toode\/valamu-franke-sirius-tectonite-s2d-651-1000500mm-beez\/","name":"VALAMU FRANKE SIRIUS TECTONITE S2D 651 1000*500MM BEE\u017d - Espak E-pood","isPartOf":{"@id":"https:\/\/espak.ee\/epood\/#website"},"primaryImageOfPage":{"@id":"https:\/\/espak.ee\/epood\/toode\/valamu-franke-sirius-tectonite-s2d-651-1000500mm-beez\/#primaryimage"},"image":{"@id":"https:\/\/espak.ee\/epood\/toode\/valamu-franke-sirius-tectonite-s2d-651-1000500mm-beez\/#primaryimage"},"thumbnailUrl":"https:\/\/espak.ee\/epood\/wp-content\/uploads\/2023\/07\/PP001_143.0671.693.jpg.jpg","datePublished":"2023-07-18T07:58:49+00:00","dateModified":"2025-07-29T14:49:27+00:00","breadcrumb":{"@id":"https:\/\/espak.ee\/epood\/toode\/valamu-franke-sirius-tectonite-s2d-651-1000500mm-beez\/#breadcrumb"},"inLanguage":"et","potentialAction":[{"@type":"ReadAction","target":["https:\/\/espak.ee\/epood\/toode\/valamu-franke-sirius-tectonite-s2d-651-1000500mm-beez\/"]}]},{"@type":"ImageObject","inLanguage":"et","@id":"https:\/\/espak.ee\/epood\/toode\/valamu-franke-sirius-tectonite-s2d-651-1000500mm-beez\/#primaryimage","url":"https:\/\/espak.ee\/epood\/wp-content\/uploads\/2023\/07\/PP001_143.0671.693.jpg.jpg","contentUrl":"https:\/\/espak.ee\/epood\/wp-content\/uploads\/2023\/07\/PP001_143.0671.693.jpg.jpg","width":800,"height":800},{"@type":"BreadcrumbList","@id":"https:\/\/espak.ee\/epood\/toode\/valamu-franke-sirius-tectonite-s2d-651-1000500mm-beez\/#breadcrumb","itemListElement":[{"@type":"ListItem","position":1,"name":"Home","item":"https:\/\/espak.ee\/epood\/"},{"@type":"ListItem","position":2,"name":"Tootevalik","item":"https:\/\/espak.ee\/epood\/tootevalik\/"},{"@type":"ListItem","position":3,"name":"VALAMU FRANKE SIRIUS TECTONITE S2D 651 1000*500MM BEE\u017d"}]},{"@type":"WebSite","@id":"https:\/\/espak.ee\/epood\/#website","url":"https:\/\/espak.ee\/epood\/","name":"Espak E-pood","description":"","potentialAction":[{"@type":"SearchAction","target":{"@type":"EntryPoint","urlTemplate":"https:\/\/espak.ee\/epood\/?s={search_term_string}"},"query-input":{"@type":"PropertyValueSpecification","valueRequired":true,"valueName":"search_term_string"}}],"inLanguage":"et"}]}},"_links":{"self":[{"href":"https:\/\/espak.ee\/epood\/wp-json\/wp\/v2\/product\/166809","targetHints":{"allow":["GET"]}}],"collection":[{"href":"https:\/\/espak.ee\/epood\/wp-json\/wp\/v2\/product"}],"about":[{"href":"https:\/\/espak.ee\/epood\/wp-json\/wp\/v2\/types\/product"}],"replies":[{"embeddable":true,"href":"https:\/\/espak.ee\/epood\/wp-json\/wp\/v2\/comments?post=166809"}],"wp:featuredmedia":[{"embeddable":true,"href":"https:\/\/espak.ee\/epood\/wp-json\/wp\/v2\/media\/166856"}],"wp:attachment":[{"href":"https:\/\/espak.ee\/epood\/wp-json\/wp\/v2\/media?parent=166809"}],"wp:term":[{"taxonomy":"product_brand","embeddable":true,"href":"https:\/\/espak.ee\/epood\/wp-json\/wp\/v2\/product_brand?post=166809"},{"taxonomy":"product_cat","embeddable":true,"href":"https:\/\/espak.ee\/epood\/wp-json\/wp\/v2\/product_cat?post=166809"},{"taxonomy":"product_tag","embeddable":true,"href":"https:\/\/espak.ee\/epood\/wp-json\/wp\/v2\/product_tag?post=166809"}],"curies":[{"name":"wp","href":"https:\/\/api.w.org\/{rel}","templated":true}]}}