{"id":166550,"date":"2023-07-15T14:42:50","date_gmt":"2023-07-15T11:42:50","guid":{"rendered":"https:\/\/espak.ee\/epood\/?post_type=product&#038;p=166550"},"modified":"2024-03-23T01:29:49","modified_gmt":"2024-03-22T23:29:49","slug":"lookankur-kraega-a4-m1250-o15mm","status":"publish","type":"product","link":"https:\/\/espak.ee\/epood\/toode\/lookankur-kraega-a4-m1250-o15mm\/","title":{"rendered":"L\u00d6\u00d6KANKUR KRAEGA A4 M12*50 \u00d815MM"},"content":{"rendered":"<div class=\"row\"  id=\"row-1127920357\">\n\n\t<div id=\"col-1948344473\" class=\"col medium-9 small-12 large-9\"  >\n\t\t\t\t<div class=\"col-inner\"  >\n\t\t\t\n\t\t\t\n<h3>L\u00f6\u00f6kankur kraega A4 M12x50 \u00d815mm<\/h3>\n<p>Roostevabast terasest (A4) kraega l\u00f6\u00f6kankur sobib kasutamiseks nii sise- kui v\u00e4listingimustes.<br \/>\n<strong>Kasutatav materjalis:<\/strong> Betoon sh armeeritud betoon, kivi.<br \/>\n<strong>Kasutuskohad: <\/strong> Sobib kliimaseadmete, piirete, markiiside, riiulite, t\u00e4navavalgustuse jms paigaldamiseks. <\/p>\n<p><strong>Heakskiidud, sertifikaadid: <\/strong> ETA, CE, tulep\u00fcsivuse sertifikaat.<\/p>\n<p><strong> Paigaldus:<\/strong><br \/>\n<img decoding=\"async\" src=\"https:\/\/espak.ee\/epood\/wp-content\/uploads\/2023\/07\/lookankur-paigalus-index.png\" alt=\"\" width=\"1752\" height=\"534\" class=\"alignnone size-full wp-image-174767\" srcset=\"https:\/\/espak.ee\/epood\/wp-content\/uploads\/2023\/07\/lookankur-paigalus-index.png 1752w, https:\/\/espak.ee\/epood\/wp-content\/uploads\/2023\/07\/lookankur-paigalus-index-300x91.png 300w, https:\/\/espak.ee\/epood\/wp-content\/uploads\/2023\/07\/lookankur-paigalus-index-1024x312.png 1024w, https:\/\/espak.ee\/epood\/wp-content\/uploads\/2023\/07\/lookankur-paigalus-index-150x46.png 150w, https:\/\/espak.ee\/epood\/wp-content\/uploads\/2023\/07\/lookankur-paigalus-index-768x234.png 768w, https:\/\/espak.ee\/epood\/wp-content\/uploads\/2023\/07\/lookankur-paigalus-index-1536x468.png 1536w, https:\/\/espak.ee\/epood\/wp-content\/uploads\/2023\/07\/lookankur-paigalus-index-500x152.png 500w, https:\/\/espak.ee\/epood\/wp-content\/uploads\/2023\/07\/lookankur-paigalus-index-769x234.png 769w\" sizes=\"(max-width: 1752px) 100vw, 1752px\" \/><\/p>\n\t\t<\/div>\n\t\t\t\t\t<\/div>\n\n\t\n\n\t<div id=\"col-1643631329\" class=\"col medium-3 small-10 large-3\"  >\n\t\t\t\t<div class=\"col-inner\"  >\n\t\t\t\n\t\t\t\n\t<div id=\"gap-1759249977\" class=\"gap-element clearfix\" style=\"display:block; height:auto;\">\n\t\t\n<style>\n#gap-1759249977 {\n  padding-top: 30px;\n}\n<\/style>\n\t<\/div>\n\t\n<p><img decoding=\"async\" src=\"https:\/\/espak.ee\/epood\/wp-content\/uploads\/Logo-INDEX-150x63.jpg\" alt=\"\" width=\"150\" height=\"63\" class=\"alignnone size-thumbnail wp-image-49460\" srcset=\"https:\/\/espak.ee\/epood\/wp-content\/uploads\/Logo-INDEX-150x63.jpg 150w, https:\/\/espak.ee\/epood\/wp-content\/uploads\/Logo-INDEX-500x208.jpg 500w, https:\/\/espak.ee\/epood\/wp-content\/uploads\/Logo-INDEX-769x321.jpg 769w, https:\/\/espak.ee\/epood\/wp-content\/uploads\/Logo-INDEX-300x125.jpg 300w, https:\/\/espak.ee\/epood\/wp-content\/uploads\/Logo-INDEX-1024x427.jpg 1024w, https:\/\/espak.ee\/epood\/wp-content\/uploads\/Logo-INDEX-768x320.jpg 768w, https:\/\/espak.ee\/epood\/wp-content\/uploads\/Logo-INDEX.jpg 1307w\" sizes=\"(max-width: 150px) 100vw, 150px\" \/><\/p>\n<p><img decoding=\"async\" src=\"https:\/\/espak.ee\/epood\/wp-content\/uploads\/HO_EOTA_1-150x105.jpg\" alt=\"\" width=\"150\" height=\"105\" class=\"alignnone size-thumbnail wp-image-49470\" srcset=\"https:\/\/espak.ee\/epood\/wp-content\/uploads\/HO_EOTA_1-150x105.jpg 150w, https:\/\/espak.ee\/epood\/wp-content\/uploads\/HO_EOTA_1-300x211.jpg 300w, https:\/\/espak.ee\/epood\/wp-content\/uploads\/HO_EOTA_1.jpg 401w\" sizes=\"(max-width: 150px) 100vw, 150px\" \/><\/p>\n<p><img decoding=\"async\" src=\"https:\/\/espak.ee\/epood\/wp-content\/uploads\/HO_CE-150x105.jpg\" alt=\"\" width=\"150\" height=\"105\" class=\"alignnone size-thumbnail wp-image-49461\" srcset=\"https:\/\/espak.ee\/epood\/wp-content\/uploads\/HO_CE-150x105.jpg 150w, https:\/\/espak.ee\/epood\/wp-content\/uploads\/HO_CE-300x211.jpg 300w, https:\/\/espak.ee\/epood\/wp-content\/uploads\/HO_CE.jpg 401w\" sizes=\"(max-width: 150px) 100vw, 150px\" \/><\/p>\n<p><strong>\u00dcksikasjalikuma n\u00f5u saamiseks v\u00f5tke \u00fchendust:<br \/><\/strong>Espak AS<br \/>Viadukti 42<br \/>11313<br \/>Tallinn<br \/>+372 6 512339<\/p>\n\t\t<\/div>\n\t\t\t\t\t<\/div>\n\n\t\n<\/div>\n","protected":false},"excerpt":{"rendered":"","protected":false},"featured_media":175094,"comment_status":"closed","ping_status":"closed","template":"","meta":[],"product_brand":[],"product_cat":[3162,2917,4695,2893],"product_tag":[],"class_list":{"0":"post-166550","1":"product","2":"type-product","3":"status-publish","4":"has-post-thumbnail","6":"product_cat-ankrud","7":"product_cat-kinnitustarvikud","8":"product_cat-lookankrud","9":"product_cat-rauakaubad","10":"pa_kaubamark-tecnicas-expansivas-s-l","12":"first","13":"instock","14":"sale","15":"taxable","16":"shipping-taxable","17":"purchasable","18":"product-type-simple"},"yoast_head":"<!-- This site is optimized with the Yoast SEO plugin v26.9 - https:\/\/yoast.com\/product\/yoast-seo-wordpress\/ -->\n<title>L\u00d6\u00d6KANKUR KRAEGA A4 M12*50 \u00d815MM - Espak E-pood<\/title>\n<meta name=\"robots\" content=\"index, follow, max-snippet:-1, max-image-preview:large, max-video-preview:-1\" \/>\n<link rel=\"canonical\" href=\"https:\/\/espak.ee\/epood\/toode\/lookankur-kraega-a4-m1250-o15mm\/\" \/>\n<meta property=\"og:locale\" content=\"et_EE\" \/>\n<meta property=\"og:type\" content=\"article\" \/>\n<meta property=\"og:title\" content=\"L\u00d6\u00d6KANKUR KRAEGA A4 M12*50 \u00d815MM - Espak E-pood\" \/>\n<meta property=\"og:url\" content=\"https:\/\/espak.ee\/epood\/toode\/lookankur-kraega-a4-m1250-o15mm\/\" \/>\n<meta property=\"og:site_name\" content=\"Espak E-pood\" \/>\n<meta property=\"article:modified_time\" content=\"2024-03-22T23:29:49+00:00\" \/>\n<meta property=\"og:image\" content=\"https:\/\/espak.ee\/epood\/wp-content\/uploads\/2023\/07\/PR965BI9824_CP_HE_C4_HE_C4_SZ4-2.jpg\" \/>\n\t<meta property=\"og:image:width\" content=\"800\" \/>\n\t<meta property=\"og:image:height\" content=\"800\" \/>\n\t<meta property=\"og:image:type\" content=\"image\/jpeg\" \/>\n<meta name=\"twitter:card\" content=\"summary_large_image\" \/>\n<script type=\"application\/ld+json\" class=\"yoast-schema-graph\">{\"@context\":\"https:\/\/schema.org\",\"@graph\":[{\"@type\":\"WebPage\",\"@id\":\"https:\/\/espak.ee\/epood\/toode\/lookankur-kraega-a4-m1250-o15mm\/\",\"url\":\"https:\/\/espak.ee\/epood\/toode\/lookankur-kraega-a4-m1250-o15mm\/\",\"name\":\"L\u00d6\u00d6KANKUR KRAEGA A4 M12*50 \u00d815MM - Espak E-pood\",\"isPartOf\":{\"@id\":\"https:\/\/espak.ee\/epood\/#website\"},\"primaryImageOfPage\":{\"@id\":\"https:\/\/espak.ee\/epood\/toode\/lookankur-kraega-a4-m1250-o15mm\/#primaryimage\"},\"image\":{\"@id\":\"https:\/\/espak.ee\/epood\/toode\/lookankur-kraega-a4-m1250-o15mm\/#primaryimage\"},\"thumbnailUrl\":\"https:\/\/espak.ee\/epood\/wp-content\/uploads\/2023\/07\/PR965BI9824_CP_HE_C4_HE_C4_SZ4-2.jpg\",\"datePublished\":\"2023-07-15T11:42:50+00:00\",\"dateModified\":\"2024-03-22T23:29:49+00:00\",\"breadcrumb\":{\"@id\":\"https:\/\/espak.ee\/epood\/toode\/lookankur-kraega-a4-m1250-o15mm\/#breadcrumb\"},\"inLanguage\":\"et\",\"potentialAction\":[{\"@type\":\"ReadAction\",\"target\":[\"https:\/\/espak.ee\/epood\/toode\/lookankur-kraega-a4-m1250-o15mm\/\"]}]},{\"@type\":\"ImageObject\",\"inLanguage\":\"et\",\"@id\":\"https:\/\/espak.ee\/epood\/toode\/lookankur-kraega-a4-m1250-o15mm\/#primaryimage\",\"url\":\"https:\/\/espak.ee\/epood\/wp-content\/uploads\/2023\/07\/PR965BI9824_CP_HE_C4_HE_C4_SZ4-2.jpg\",\"contentUrl\":\"https:\/\/espak.ee\/epood\/wp-content\/uploads\/2023\/07\/PR965BI9824_CP_HE_C4_HE_C4_SZ4-2.jpg\",\"width\":800,\"height\":800},{\"@type\":\"BreadcrumbList\",\"@id\":\"https:\/\/espak.ee\/epood\/toode\/lookankur-kraega-a4-m1250-o15mm\/#breadcrumb\",\"itemListElement\":[{\"@type\":\"ListItem\",\"position\":1,\"name\":\"Home\",\"item\":\"https:\/\/espak.ee\/epood\/\"},{\"@type\":\"ListItem\",\"position\":2,\"name\":\"Tootevalik\",\"item\":\"https:\/\/espak.ee\/epood\/tootevalik\/\"},{\"@type\":\"ListItem\",\"position\":3,\"name\":\"L\u00d6\u00d6KANKUR KRAEGA A4 M12*50 \u00d815MM\"}]},{\"@type\":\"WebSite\",\"@id\":\"https:\/\/espak.ee\/epood\/#website\",\"url\":\"https:\/\/espak.ee\/epood\/\",\"name\":\"Espak E-pood\",\"description\":\"\",\"potentialAction\":[{\"@type\":\"SearchAction\",\"target\":{\"@type\":\"EntryPoint\",\"urlTemplate\":\"https:\/\/espak.ee\/epood\/?s={search_term_string}\"},\"query-input\":{\"@type\":\"PropertyValueSpecification\",\"valueRequired\":true,\"valueName\":\"search_term_string\"}}],\"inLanguage\":\"et\"}]}<\/script>\n<!-- \/ Yoast SEO plugin. -->","yoast_head_json":{"title":"L\u00d6\u00d6KANKUR KRAEGA A4 M12*50 \u00d815MM - Espak E-pood","robots":{"index":"index","follow":"follow","max-snippet":"max-snippet:-1","max-image-preview":"max-image-preview:large","max-video-preview":"max-video-preview:-1"},"canonical":"https:\/\/espak.ee\/epood\/toode\/lookankur-kraega-a4-m1250-o15mm\/","og_locale":"et_EE","og_type":"article","og_title":"L\u00d6\u00d6KANKUR KRAEGA A4 M12*50 \u00d815MM - Espak E-pood","og_url":"https:\/\/espak.ee\/epood\/toode\/lookankur-kraega-a4-m1250-o15mm\/","og_site_name":"Espak E-pood","article_modified_time":"2024-03-22T23:29:49+00:00","og_image":[{"width":800,"height":800,"url":"https:\/\/espak.ee\/epood\/wp-content\/uploads\/2023\/07\/PR965BI9824_CP_HE_C4_HE_C4_SZ4-2.jpg","type":"image\/jpeg"}],"twitter_card":"summary_large_image","schema":{"@context":"https:\/\/schema.org","@graph":[{"@type":"WebPage","@id":"https:\/\/espak.ee\/epood\/toode\/lookankur-kraega-a4-m1250-o15mm\/","url":"https:\/\/espak.ee\/epood\/toode\/lookankur-kraega-a4-m1250-o15mm\/","name":"L\u00d6\u00d6KANKUR KRAEGA A4 M12*50 \u00d815MM - Espak E-pood","isPartOf":{"@id":"https:\/\/espak.ee\/epood\/#website"},"primaryImageOfPage":{"@id":"https:\/\/espak.ee\/epood\/toode\/lookankur-kraega-a4-m1250-o15mm\/#primaryimage"},"image":{"@id":"https:\/\/espak.ee\/epood\/toode\/lookankur-kraega-a4-m1250-o15mm\/#primaryimage"},"thumbnailUrl":"https:\/\/espak.ee\/epood\/wp-content\/uploads\/2023\/07\/PR965BI9824_CP_HE_C4_HE_C4_SZ4-2.jpg","datePublished":"2023-07-15T11:42:50+00:00","dateModified":"2024-03-22T23:29:49+00:00","breadcrumb":{"@id":"https:\/\/espak.ee\/epood\/toode\/lookankur-kraega-a4-m1250-o15mm\/#breadcrumb"},"inLanguage":"et","potentialAction":[{"@type":"ReadAction","target":["https:\/\/espak.ee\/epood\/toode\/lookankur-kraega-a4-m1250-o15mm\/"]}]},{"@type":"ImageObject","inLanguage":"et","@id":"https:\/\/espak.ee\/epood\/toode\/lookankur-kraega-a4-m1250-o15mm\/#primaryimage","url":"https:\/\/espak.ee\/epood\/wp-content\/uploads\/2023\/07\/PR965BI9824_CP_HE_C4_HE_C4_SZ4-2.jpg","contentUrl":"https:\/\/espak.ee\/epood\/wp-content\/uploads\/2023\/07\/PR965BI9824_CP_HE_C4_HE_C4_SZ4-2.jpg","width":800,"height":800},{"@type":"BreadcrumbList","@id":"https:\/\/espak.ee\/epood\/toode\/lookankur-kraega-a4-m1250-o15mm\/#breadcrumb","itemListElement":[{"@type":"ListItem","position":1,"name":"Home","item":"https:\/\/espak.ee\/epood\/"},{"@type":"ListItem","position":2,"name":"Tootevalik","item":"https:\/\/espak.ee\/epood\/tootevalik\/"},{"@type":"ListItem","position":3,"name":"L\u00d6\u00d6KANKUR KRAEGA A4 M12*50 \u00d815MM"}]},{"@type":"WebSite","@id":"https:\/\/espak.ee\/epood\/#website","url":"https:\/\/espak.ee\/epood\/","name":"Espak E-pood","description":"","potentialAction":[{"@type":"SearchAction","target":{"@type":"EntryPoint","urlTemplate":"https:\/\/espak.ee\/epood\/?s={search_term_string}"},"query-input":{"@type":"PropertyValueSpecification","valueRequired":true,"valueName":"search_term_string"}}],"inLanguage":"et"}]}},"_links":{"self":[{"href":"https:\/\/espak.ee\/epood\/wp-json\/wp\/v2\/product\/166550","targetHints":{"allow":["GET"]}}],"collection":[{"href":"https:\/\/espak.ee\/epood\/wp-json\/wp\/v2\/product"}],"about":[{"href":"https:\/\/espak.ee\/epood\/wp-json\/wp\/v2\/types\/product"}],"replies":[{"embeddable":true,"href":"https:\/\/espak.ee\/epood\/wp-json\/wp\/v2\/comments?post=166550"}],"wp:featuredmedia":[{"embeddable":true,"href":"https:\/\/espak.ee\/epood\/wp-json\/wp\/v2\/media\/175094"}],"wp:attachment":[{"href":"https:\/\/espak.ee\/epood\/wp-json\/wp\/v2\/media?parent=166550"}],"wp:term":[{"taxonomy":"product_brand","embeddable":true,"href":"https:\/\/espak.ee\/epood\/wp-json\/wp\/v2\/product_brand?post=166550"},{"taxonomy":"product_cat","embeddable":true,"href":"https:\/\/espak.ee\/epood\/wp-json\/wp\/v2\/product_cat?post=166550"},{"taxonomy":"product_tag","embeddable":true,"href":"https:\/\/espak.ee\/epood\/wp-json\/wp\/v2\/product_tag?post=166550"}],"curies":[{"name":"wp","href":"https:\/\/api.w.org\/{rel}","templated":true}]}}