{"id":166331,"date":"2023-07-13T15:13:22","date_gmt":"2023-07-13T12:13:22","guid":{"rendered":"https:\/\/espak.ee\/epood\/?post_type=product&#038;p=166331"},"modified":"2026-02-22T09:08:30","modified_gmt":"2026-02-22T07:08:30","slug":"filter-atlas-hydra-rainmaster-trio-3-4","status":"publish","type":"product","link":"https:\/\/espak.ee\/epood\/toode\/filter-atlas-hydra-rainmaster-trio-3-4\/","title":{"rendered":"FILTER ATLAS HYDRA RAINMASTER TRIO 3\/4"},"content":{"rendered":"<div class=\"row\"  id=\"row-662382548\">\n\n\t<div id=\"col-1112440535\" class=\"col medium-9 small-12 large-9\"  >\n\t\t\t\t<div class=\"col-inner\"  >\n\t\t\t\n\t\t\t\n<h2>ATLAS filtrikomplekt HYDRA RAINMASTER<\/h2>\n<p>Mitmeetapiline filtreerimine tagab efektiivse vee puhastamise settest. Sobib kasutamiseks vihmavee kogumiss\u00fcsteemides ning kaevu- ja trassivee puhastamiseks.<br \/>\nFiltrid sobivad k\u00fclma neutraalse pH-tasemega vee filtreerimiseks. Kasutusvaldkond on tarbe- ja joogivee filtreerimine. Komplekti kuuluvad korpus, elemendid, seinakinnitus ja v\u00f5ti. K\u00f5ik valmistamisel kasutatavad materjalid vastavad EU direktiivile 98\/83 CE ning on sobivad kasutamiseks joogiveele.<\/p>\n<p>Esimene aste  \u2013 element RAH 90\u00b5 roostevaba terasv\u00f5rk<br \/>\nTeine aste  \u2013 pol\u00fcprop\u00fcleenkiust filtrielemendid FA SENIOR 10\u2033<br \/>\nKolmas aste \u2013  presss\u00fcsi CB-EC SX SENIOR 10\n<\/p>\n\t<div id=\"gap-2038499847\" class=\"gap-element clearfix\" style=\"display:block; height:auto;\">\n\t\t\n<style>\n#gap-2038499847 {\n  padding-top: 30px;\n}\n<\/style>\n\t<\/div>\n\t\n\t\t<\/div>\n\t\t\t\t\t<\/div>\n\n\t\n\n\t<div id=\"col-2124993738\" class=\"col medium-3 small-12 large-3\"  >\n\t\t\t\t<div class=\"col-inner\"  >\n\t\t\t\n\t\t\t\n\t<div id=\"gap-507236139\" class=\"gap-element clearfix\" style=\"display:block; height:auto;\">\n\t\t\n<style>\n#gap-507236139 {\n  padding-top: 30px;\n}\n<\/style>\n\t<\/div>\n\t\n<div class=\"is-divider divider clearfix\" ><\/div>\n<p><strong>\u00dcksikasjalikuma n\u00f5u saamiseks v\u00f5tke \u00fchendust:<br \/><\/strong>AP&#038;P GRUPI AS<br \/>M\u00e4ealuse 10<br \/>12618<br \/>Tallinn<br \/>+372 6813 590<\/p>\n<div class=\"is-divider divider clearfix\" ><\/div>\n\t\t<\/div>\n\t\t\t\t\t<\/div>\n\n\t\n<\/div>\n","protected":false},"excerpt":{"rendered":"","protected":false},"featured_media":168486,"comment_status":"closed","ping_status":"closed","template":"","meta":[],"product_brand":[],"product_cat":[2820,2819,3249,3248],"product_tag":[],"class_list":{"0":"post-166331","1":"product","2":"type-product","3":"status-publish","4":"has-post-thumbnail","6":"product_cat-sanitaartehnika-sanitaartehnika","7":"product_cat-sanitaartehnika","8":"product_cat-veefiltrid","9":"product_cat-veevarustus","10":"pa_kaubamark-app-grupi-as","12":"first","13":"instock","14":"sale","15":"taxable","16":"shipping-taxable","17":"purchasable","18":"product-type-simple"},"yoast_head":"<!-- This site is optimized with the Yoast SEO plugin v26.9 - https:\/\/yoast.com\/product\/yoast-seo-wordpress\/ -->\n<title>FILTER ATLAS HYDRA RAINMASTER TRIO 3\/4 - Espak E-pood<\/title>\n<meta name=\"robots\" content=\"index, follow, max-snippet:-1, max-image-preview:large, max-video-preview:-1\" \/>\n<link rel=\"canonical\" href=\"https:\/\/espak.ee\/epood\/toode\/filter-atlas-hydra-rainmaster-trio-3-4\/\" \/>\n<meta property=\"og:locale\" content=\"et_EE\" \/>\n<meta property=\"og:type\" content=\"article\" \/>\n<meta property=\"og:title\" content=\"FILTER ATLAS HYDRA RAINMASTER TRIO 3\/4 - Espak E-pood\" \/>\n<meta property=\"og:url\" content=\"https:\/\/espak.ee\/epood\/toode\/filter-atlas-hydra-rainmaster-trio-3-4\/\" \/>\n<meta property=\"og:site_name\" content=\"Espak E-pood\" \/>\n<meta property=\"article:modified_time\" content=\"2026-02-22T07:08:30+00:00\" \/>\n<meta property=\"og:image\" content=\"https:\/\/espak.ee\/epood\/wp-content\/uploads\/2023\/07\/HydraRainmaster_trio.jpg-2.jpg\" \/>\n\t<meta property=\"og:image:width\" content=\"800\" \/>\n\t<meta property=\"og:image:height\" content=\"800\" \/>\n\t<meta property=\"og:image:type\" content=\"image\/jpeg\" \/>\n<meta name=\"twitter:card\" content=\"summary_large_image\" \/>\n<meta name=\"twitter:label1\" content=\"Est. reading time\" \/>\n\t<meta name=\"twitter:data1\" content=\"1 minut\" \/>\n<script type=\"application\/ld+json\" class=\"yoast-schema-graph\">{\"@context\":\"https:\/\/schema.org\",\"@graph\":[{\"@type\":\"WebPage\",\"@id\":\"https:\/\/espak.ee\/epood\/toode\/filter-atlas-hydra-rainmaster-trio-3-4\/\",\"url\":\"https:\/\/espak.ee\/epood\/toode\/filter-atlas-hydra-rainmaster-trio-3-4\/\",\"name\":\"FILTER ATLAS HYDRA RAINMASTER TRIO 3\/4 - Espak E-pood\",\"isPartOf\":{\"@id\":\"https:\/\/espak.ee\/epood\/#website\"},\"primaryImageOfPage\":{\"@id\":\"https:\/\/espak.ee\/epood\/toode\/filter-atlas-hydra-rainmaster-trio-3-4\/#primaryimage\"},\"image\":{\"@id\":\"https:\/\/espak.ee\/epood\/toode\/filter-atlas-hydra-rainmaster-trio-3-4\/#primaryimage\"},\"thumbnailUrl\":\"https:\/\/espak.ee\/epood\/wp-content\/uploads\/2023\/07\/HydraRainmaster_trio.jpg-2.jpg\",\"datePublished\":\"2023-07-13T12:13:22+00:00\",\"dateModified\":\"2026-02-22T07:08:30+00:00\",\"breadcrumb\":{\"@id\":\"https:\/\/espak.ee\/epood\/toode\/filter-atlas-hydra-rainmaster-trio-3-4\/#breadcrumb\"},\"inLanguage\":\"et\",\"potentialAction\":[{\"@type\":\"ReadAction\",\"target\":[\"https:\/\/espak.ee\/epood\/toode\/filter-atlas-hydra-rainmaster-trio-3-4\/\"]}]},{\"@type\":\"ImageObject\",\"inLanguage\":\"et\",\"@id\":\"https:\/\/espak.ee\/epood\/toode\/filter-atlas-hydra-rainmaster-trio-3-4\/#primaryimage\",\"url\":\"https:\/\/espak.ee\/epood\/wp-content\/uploads\/2023\/07\/HydraRainmaster_trio.jpg-2.jpg\",\"contentUrl\":\"https:\/\/espak.ee\/epood\/wp-content\/uploads\/2023\/07\/HydraRainmaster_trio.jpg-2.jpg\",\"width\":800,\"height\":800},{\"@type\":\"BreadcrumbList\",\"@id\":\"https:\/\/espak.ee\/epood\/toode\/filter-atlas-hydra-rainmaster-trio-3-4\/#breadcrumb\",\"itemListElement\":[{\"@type\":\"ListItem\",\"position\":1,\"name\":\"Home\",\"item\":\"https:\/\/espak.ee\/epood\/\"},{\"@type\":\"ListItem\",\"position\":2,\"name\":\"Tootevalik\",\"item\":\"https:\/\/espak.ee\/epood\/tootevalik\/\"},{\"@type\":\"ListItem\",\"position\":3,\"name\":\"FILTER ATLAS HYDRA RAINMASTER TRIO 3\/4\"}]},{\"@type\":\"WebSite\",\"@id\":\"https:\/\/espak.ee\/epood\/#website\",\"url\":\"https:\/\/espak.ee\/epood\/\",\"name\":\"Espak E-pood\",\"description\":\"\",\"potentialAction\":[{\"@type\":\"SearchAction\",\"target\":{\"@type\":\"EntryPoint\",\"urlTemplate\":\"https:\/\/espak.ee\/epood\/?s={search_term_string}\"},\"query-input\":{\"@type\":\"PropertyValueSpecification\",\"valueRequired\":true,\"valueName\":\"search_term_string\"}}],\"inLanguage\":\"et\"}]}<\/script>\n<!-- \/ Yoast SEO plugin. -->","yoast_head_json":{"title":"FILTER ATLAS HYDRA RAINMASTER TRIO 3\/4 - Espak E-pood","robots":{"index":"index","follow":"follow","max-snippet":"max-snippet:-1","max-image-preview":"max-image-preview:large","max-video-preview":"max-video-preview:-1"},"canonical":"https:\/\/espak.ee\/epood\/toode\/filter-atlas-hydra-rainmaster-trio-3-4\/","og_locale":"et_EE","og_type":"article","og_title":"FILTER ATLAS HYDRA RAINMASTER TRIO 3\/4 - Espak E-pood","og_url":"https:\/\/espak.ee\/epood\/toode\/filter-atlas-hydra-rainmaster-trio-3-4\/","og_site_name":"Espak E-pood","article_modified_time":"2026-02-22T07:08:30+00:00","og_image":[{"width":800,"height":800,"url":"https:\/\/espak.ee\/epood\/wp-content\/uploads\/2023\/07\/HydraRainmaster_trio.jpg-2.jpg","type":"image\/jpeg"}],"twitter_card":"summary_large_image","twitter_misc":{"Est. reading time":"1 minut"},"schema":{"@context":"https:\/\/schema.org","@graph":[{"@type":"WebPage","@id":"https:\/\/espak.ee\/epood\/toode\/filter-atlas-hydra-rainmaster-trio-3-4\/","url":"https:\/\/espak.ee\/epood\/toode\/filter-atlas-hydra-rainmaster-trio-3-4\/","name":"FILTER ATLAS HYDRA RAINMASTER TRIO 3\/4 - Espak E-pood","isPartOf":{"@id":"https:\/\/espak.ee\/epood\/#website"},"primaryImageOfPage":{"@id":"https:\/\/espak.ee\/epood\/toode\/filter-atlas-hydra-rainmaster-trio-3-4\/#primaryimage"},"image":{"@id":"https:\/\/espak.ee\/epood\/toode\/filter-atlas-hydra-rainmaster-trio-3-4\/#primaryimage"},"thumbnailUrl":"https:\/\/espak.ee\/epood\/wp-content\/uploads\/2023\/07\/HydraRainmaster_trio.jpg-2.jpg","datePublished":"2023-07-13T12:13:22+00:00","dateModified":"2026-02-22T07:08:30+00:00","breadcrumb":{"@id":"https:\/\/espak.ee\/epood\/toode\/filter-atlas-hydra-rainmaster-trio-3-4\/#breadcrumb"},"inLanguage":"et","potentialAction":[{"@type":"ReadAction","target":["https:\/\/espak.ee\/epood\/toode\/filter-atlas-hydra-rainmaster-trio-3-4\/"]}]},{"@type":"ImageObject","inLanguage":"et","@id":"https:\/\/espak.ee\/epood\/toode\/filter-atlas-hydra-rainmaster-trio-3-4\/#primaryimage","url":"https:\/\/espak.ee\/epood\/wp-content\/uploads\/2023\/07\/HydraRainmaster_trio.jpg-2.jpg","contentUrl":"https:\/\/espak.ee\/epood\/wp-content\/uploads\/2023\/07\/HydraRainmaster_trio.jpg-2.jpg","width":800,"height":800},{"@type":"BreadcrumbList","@id":"https:\/\/espak.ee\/epood\/toode\/filter-atlas-hydra-rainmaster-trio-3-4\/#breadcrumb","itemListElement":[{"@type":"ListItem","position":1,"name":"Home","item":"https:\/\/espak.ee\/epood\/"},{"@type":"ListItem","position":2,"name":"Tootevalik","item":"https:\/\/espak.ee\/epood\/tootevalik\/"},{"@type":"ListItem","position":3,"name":"FILTER ATLAS HYDRA RAINMASTER TRIO 3\/4"}]},{"@type":"WebSite","@id":"https:\/\/espak.ee\/epood\/#website","url":"https:\/\/espak.ee\/epood\/","name":"Espak E-pood","description":"","potentialAction":[{"@type":"SearchAction","target":{"@type":"EntryPoint","urlTemplate":"https:\/\/espak.ee\/epood\/?s={search_term_string}"},"query-input":{"@type":"PropertyValueSpecification","valueRequired":true,"valueName":"search_term_string"}}],"inLanguage":"et"}]}},"_links":{"self":[{"href":"https:\/\/espak.ee\/epood\/wp-json\/wp\/v2\/product\/166331","targetHints":{"allow":["GET"]}}],"collection":[{"href":"https:\/\/espak.ee\/epood\/wp-json\/wp\/v2\/product"}],"about":[{"href":"https:\/\/espak.ee\/epood\/wp-json\/wp\/v2\/types\/product"}],"replies":[{"embeddable":true,"href":"https:\/\/espak.ee\/epood\/wp-json\/wp\/v2\/comments?post=166331"}],"wp:featuredmedia":[{"embeddable":true,"href":"https:\/\/espak.ee\/epood\/wp-json\/wp\/v2\/media\/168486"}],"wp:attachment":[{"href":"https:\/\/espak.ee\/epood\/wp-json\/wp\/v2\/media?parent=166331"}],"wp:term":[{"taxonomy":"product_brand","embeddable":true,"href":"https:\/\/espak.ee\/epood\/wp-json\/wp\/v2\/product_brand?post=166331"},{"taxonomy":"product_cat","embeddable":true,"href":"https:\/\/espak.ee\/epood\/wp-json\/wp\/v2\/product_cat?post=166331"},{"taxonomy":"product_tag","embeddable":true,"href":"https:\/\/espak.ee\/epood\/wp-json\/wp\/v2\/product_tag?post=166331"}],"curies":[{"name":"wp","href":"https:\/\/api.w.org\/{rel}","templated":true}]}}