{"id":165673,"date":"2023-07-08T04:25:48","date_gmt":"2023-07-08T01:25:48","guid":{"rendered":"https:\/\/espak.ee\/epood\/?post_type=product&#038;p=165673"},"modified":"2024-03-23T01:30:34","modified_gmt":"2024-03-22T23:30:34","slug":"pagasikaal-sencor-sls900wh","status":"publish","type":"product","link":"https:\/\/espak.ee\/epood\/toode\/pagasikaal-sencor-sls900wh\/","title":{"rendered":"PAGASIKAAL SENCOR SLS900WH"},"content":{"rendered":"<div class=\"row\"  id=\"row-1864735369\">\n\n\t<div id=\"col-1691073487\" class=\"col medium-9 small-12 large-9\"  >\n\t\t\t\t<div class=\"col-inner\"  >\n\t\t\t\n\t\t\t\n<h3>Pagasikaal Sencor SLS900WH, valge <\/h3>\n<p>Aitab \u00e4ra hoida pagasi \u00fclekaaluga seotud kulusid n\u00e4iteks lendudel.<br \/>\nSobib nii pagasi kui ka postipakkide, puu- ja k\u00f6\u00f6giviljade vms. kaalumiseks.<br \/>\nKaalumisv\u00f5imsus kuni 50 kg (100 g t\u00e4psusega).<br \/>\nAndmelukustusfunktsioon suurema t\u00e4psuse saavutamiseks (kaalun\u00e4idik fikseerub 30 sekundiks).<br \/>\nV\u00e4ga tugev ja kauakestev nailonist sidumislint.<br \/>\nMinimaalne avasuurus klambri jaoks: 35 x 11 mm.<br \/>\nSidumislindi maksimumlaius: 90 mm.<br \/>\nH\u00f5lbus kasutamine puutenupu juhtimisega.<br \/>\nErgonoomiline kuju lihtsustab raske pagasi kaalumist.<br \/>\nKerge ja kompaktne reisile kaasav\u00f5tmiseks.<br \/>\nT\u00fchjenenud patarei ja \u00fclekoormuse m\u00e4rguanne.<br \/>\nAutomaatne v\u00e4ljal\u00fclitumine mittekasutamisel 30 sekundit.<br \/>\nValitavad m\u00f5\u00f5tmis\u00fchikud (kg\/lb\/st:lb).<br \/>\nToide: 1x CR 2032 liitiumpatarei (kaasas).<br \/>\nM\u00f5\u00f5tmed (pikkus x s\u00fcgavus x k\u00f5rgus): 147 x 30 x 46 mm.<br \/>\nKaal: 95 g. <\/p>\n\t<div id=\"gap-1270416268\" class=\"gap-element clearfix\" style=\"display:block; height:auto;\">\n\t\t\n<style>\n#gap-1270416268 {\n  padding-top: 30px;\n}\n<\/style>\n\t<\/div>\n\t\n\t\t<\/div>\n\t\t\t\t\t<\/div>\n\n\t\n\n\t<div id=\"col-963909063\" class=\"col medium-3 small-12 large-3\"  >\n\t\t\t\t<div class=\"col-inner\"  >\n\t\t\t\n\t\t\t\n\t<div id=\"gap-604688175\" class=\"gap-element clearfix\" style=\"display:block; height:auto;\">\n\t\t\n<style>\n#gap-604688175 {\n  padding-top: 30px;\n}\n<\/style>\n\t<\/div>\n\t\n<div class=\"is-divider divider clearfix\" ><\/div>\n<p><strong>\u00dcksikasjalikuma n\u00f5u saamiseks v\u00f5tke \u00fchendust:<br \/><\/strong>Greentek Hulgikaubandus O\u00dc<br \/>Laulupeo 2<br \/>10121<br \/>Tallinn<br \/> +372 602 2400<br \/>info@greentek.ee<\/p>\n\t\t<\/div>\n\t\t\t\t\t<\/div>\n\n\t\n<\/div>\n","protected":false},"excerpt":{"rendered":"","protected":false},"featured_media":165846,"comment_status":"closed","ping_status":"closed","template":"","meta":[],"product_brand":[],"product_cat":[2788,2927,2928,2929],"product_tag":[],"class_list":{"0":"post-165673","1":"product","2":"type-product","3":"status-publish","4":"has-post-thumbnail","6":"product_cat-aiatarbed-ja-kodukaubad","7":"product_cat-kodukaubad","8":"product_cat-sisustus-ja-majapidamine","9":"product_cat-sisustus-ja-majapidamistarbed","10":"pa_kaubamark-greentek-hulgikaubandus-ou","12":"first","13":"outofstock","14":"sale","15":"taxable","16":"shipping-taxable","17":"purchasable","18":"product-type-simple"},"yoast_head":"<!-- This site is optimized with the Yoast SEO plugin v26.9 - https:\/\/yoast.com\/product\/yoast-seo-wordpress\/ -->\n<title>PAGASIKAAL SENCOR SLS900WH - Espak E-pood<\/title>\n<meta name=\"robots\" content=\"index, follow, max-snippet:-1, max-image-preview:large, max-video-preview:-1\" \/>\n<link rel=\"canonical\" href=\"https:\/\/espak.ee\/epood\/toode\/pagasikaal-sencor-sls900wh\/\" \/>\n<meta property=\"og:locale\" content=\"et_EE\" \/>\n<meta property=\"og:type\" content=\"article\" \/>\n<meta property=\"og:title\" content=\"PAGASIKAAL SENCOR SLS900WH - Espak E-pood\" \/>\n<meta property=\"og:url\" content=\"https:\/\/espak.ee\/epood\/toode\/pagasikaal-sencor-sls900wh\/\" \/>\n<meta property=\"og:site_name\" content=\"Espak E-pood\" \/>\n<meta property=\"article:modified_time\" content=\"2024-03-22T23:30:34+00:00\" \/>\n<meta property=\"og:image\" content=\"https:\/\/espak.ee\/epood\/wp-content\/uploads\/2023\/07\/60c94942b4a3ee37b576248d261614f8.jpg\" \/>\n\t<meta property=\"og:image:width\" content=\"800\" \/>\n\t<meta property=\"og:image:height\" content=\"800\" \/>\n\t<meta property=\"og:image:type\" content=\"image\/jpeg\" \/>\n<meta name=\"twitter:card\" content=\"summary_large_image\" \/>\n<meta name=\"twitter:label1\" content=\"Est. reading time\" \/>\n\t<meta name=\"twitter:data1\" content=\"1 minut\" \/>\n<script type=\"application\/ld+json\" class=\"yoast-schema-graph\">{\"@context\":\"https:\/\/schema.org\",\"@graph\":[{\"@type\":\"WebPage\",\"@id\":\"https:\/\/espak.ee\/epood\/toode\/pagasikaal-sencor-sls900wh\/\",\"url\":\"https:\/\/espak.ee\/epood\/toode\/pagasikaal-sencor-sls900wh\/\",\"name\":\"PAGASIKAAL SENCOR SLS900WH - Espak E-pood\",\"isPartOf\":{\"@id\":\"https:\/\/espak.ee\/epood\/#website\"},\"primaryImageOfPage\":{\"@id\":\"https:\/\/espak.ee\/epood\/toode\/pagasikaal-sencor-sls900wh\/#primaryimage\"},\"image\":{\"@id\":\"https:\/\/espak.ee\/epood\/toode\/pagasikaal-sencor-sls900wh\/#primaryimage\"},\"thumbnailUrl\":\"https:\/\/espak.ee\/epood\/wp-content\/uploads\/2023\/07\/60c94942b4a3ee37b576248d261614f8.jpg\",\"datePublished\":\"2023-07-08T01:25:48+00:00\",\"dateModified\":\"2024-03-22T23:30:34+00:00\",\"breadcrumb\":{\"@id\":\"https:\/\/espak.ee\/epood\/toode\/pagasikaal-sencor-sls900wh\/#breadcrumb\"},\"inLanguage\":\"et\",\"potentialAction\":[{\"@type\":\"ReadAction\",\"target\":[\"https:\/\/espak.ee\/epood\/toode\/pagasikaal-sencor-sls900wh\/\"]}]},{\"@type\":\"ImageObject\",\"inLanguage\":\"et\",\"@id\":\"https:\/\/espak.ee\/epood\/toode\/pagasikaal-sencor-sls900wh\/#primaryimage\",\"url\":\"https:\/\/espak.ee\/epood\/wp-content\/uploads\/2023\/07\/60c94942b4a3ee37b576248d261614f8.jpg\",\"contentUrl\":\"https:\/\/espak.ee\/epood\/wp-content\/uploads\/2023\/07\/60c94942b4a3ee37b576248d261614f8.jpg\",\"width\":800,\"height\":800},{\"@type\":\"BreadcrumbList\",\"@id\":\"https:\/\/espak.ee\/epood\/toode\/pagasikaal-sencor-sls900wh\/#breadcrumb\",\"itemListElement\":[{\"@type\":\"ListItem\",\"position\":1,\"name\":\"Home\",\"item\":\"https:\/\/espak.ee\/epood\/\"},{\"@type\":\"ListItem\",\"position\":2,\"name\":\"Tootevalik\",\"item\":\"https:\/\/espak.ee\/epood\/tootevalik\/\"},{\"@type\":\"ListItem\",\"position\":3,\"name\":\"PAGASIKAAL SENCOR SLS900WH\"}]},{\"@type\":\"WebSite\",\"@id\":\"https:\/\/espak.ee\/epood\/#website\",\"url\":\"https:\/\/espak.ee\/epood\/\",\"name\":\"Espak E-pood\",\"description\":\"\",\"potentialAction\":[{\"@type\":\"SearchAction\",\"target\":{\"@type\":\"EntryPoint\",\"urlTemplate\":\"https:\/\/espak.ee\/epood\/?s={search_term_string}\"},\"query-input\":{\"@type\":\"PropertyValueSpecification\",\"valueRequired\":true,\"valueName\":\"search_term_string\"}}],\"inLanguage\":\"et\"}]}<\/script>\n<!-- \/ Yoast SEO plugin. -->","yoast_head_json":{"title":"PAGASIKAAL SENCOR SLS900WH - Espak E-pood","robots":{"index":"index","follow":"follow","max-snippet":"max-snippet:-1","max-image-preview":"max-image-preview:large","max-video-preview":"max-video-preview:-1"},"canonical":"https:\/\/espak.ee\/epood\/toode\/pagasikaal-sencor-sls900wh\/","og_locale":"et_EE","og_type":"article","og_title":"PAGASIKAAL SENCOR SLS900WH - Espak E-pood","og_url":"https:\/\/espak.ee\/epood\/toode\/pagasikaal-sencor-sls900wh\/","og_site_name":"Espak E-pood","article_modified_time":"2024-03-22T23:30:34+00:00","og_image":[{"width":800,"height":800,"url":"https:\/\/espak.ee\/epood\/wp-content\/uploads\/2023\/07\/60c94942b4a3ee37b576248d261614f8.jpg","type":"image\/jpeg"}],"twitter_card":"summary_large_image","twitter_misc":{"Est. reading time":"1 minut"},"schema":{"@context":"https:\/\/schema.org","@graph":[{"@type":"WebPage","@id":"https:\/\/espak.ee\/epood\/toode\/pagasikaal-sencor-sls900wh\/","url":"https:\/\/espak.ee\/epood\/toode\/pagasikaal-sencor-sls900wh\/","name":"PAGASIKAAL SENCOR SLS900WH - Espak E-pood","isPartOf":{"@id":"https:\/\/espak.ee\/epood\/#website"},"primaryImageOfPage":{"@id":"https:\/\/espak.ee\/epood\/toode\/pagasikaal-sencor-sls900wh\/#primaryimage"},"image":{"@id":"https:\/\/espak.ee\/epood\/toode\/pagasikaal-sencor-sls900wh\/#primaryimage"},"thumbnailUrl":"https:\/\/espak.ee\/epood\/wp-content\/uploads\/2023\/07\/60c94942b4a3ee37b576248d261614f8.jpg","datePublished":"2023-07-08T01:25:48+00:00","dateModified":"2024-03-22T23:30:34+00:00","breadcrumb":{"@id":"https:\/\/espak.ee\/epood\/toode\/pagasikaal-sencor-sls900wh\/#breadcrumb"},"inLanguage":"et","potentialAction":[{"@type":"ReadAction","target":["https:\/\/espak.ee\/epood\/toode\/pagasikaal-sencor-sls900wh\/"]}]},{"@type":"ImageObject","inLanguage":"et","@id":"https:\/\/espak.ee\/epood\/toode\/pagasikaal-sencor-sls900wh\/#primaryimage","url":"https:\/\/espak.ee\/epood\/wp-content\/uploads\/2023\/07\/60c94942b4a3ee37b576248d261614f8.jpg","contentUrl":"https:\/\/espak.ee\/epood\/wp-content\/uploads\/2023\/07\/60c94942b4a3ee37b576248d261614f8.jpg","width":800,"height":800},{"@type":"BreadcrumbList","@id":"https:\/\/espak.ee\/epood\/toode\/pagasikaal-sencor-sls900wh\/#breadcrumb","itemListElement":[{"@type":"ListItem","position":1,"name":"Home","item":"https:\/\/espak.ee\/epood\/"},{"@type":"ListItem","position":2,"name":"Tootevalik","item":"https:\/\/espak.ee\/epood\/tootevalik\/"},{"@type":"ListItem","position":3,"name":"PAGASIKAAL SENCOR SLS900WH"}]},{"@type":"WebSite","@id":"https:\/\/espak.ee\/epood\/#website","url":"https:\/\/espak.ee\/epood\/","name":"Espak E-pood","description":"","potentialAction":[{"@type":"SearchAction","target":{"@type":"EntryPoint","urlTemplate":"https:\/\/espak.ee\/epood\/?s={search_term_string}"},"query-input":{"@type":"PropertyValueSpecification","valueRequired":true,"valueName":"search_term_string"}}],"inLanguage":"et"}]}},"_links":{"self":[{"href":"https:\/\/espak.ee\/epood\/wp-json\/wp\/v2\/product\/165673","targetHints":{"allow":["GET"]}}],"collection":[{"href":"https:\/\/espak.ee\/epood\/wp-json\/wp\/v2\/product"}],"about":[{"href":"https:\/\/espak.ee\/epood\/wp-json\/wp\/v2\/types\/product"}],"replies":[{"embeddable":true,"href":"https:\/\/espak.ee\/epood\/wp-json\/wp\/v2\/comments?post=165673"}],"wp:featuredmedia":[{"embeddable":true,"href":"https:\/\/espak.ee\/epood\/wp-json\/wp\/v2\/media\/165846"}],"wp:attachment":[{"href":"https:\/\/espak.ee\/epood\/wp-json\/wp\/v2\/media?parent=165673"}],"wp:term":[{"taxonomy":"product_brand","embeddable":true,"href":"https:\/\/espak.ee\/epood\/wp-json\/wp\/v2\/product_brand?post=165673"},{"taxonomy":"product_cat","embeddable":true,"href":"https:\/\/espak.ee\/epood\/wp-json\/wp\/v2\/product_cat?post=165673"},{"taxonomy":"product_tag","embeddable":true,"href":"https:\/\/espak.ee\/epood\/wp-json\/wp\/v2\/product_tag?post=165673"}],"curies":[{"name":"wp","href":"https:\/\/api.w.org\/{rel}","templated":true}]}}