{"id":16546,"date":"2020-03-19T03:20:17","date_gmt":"2020-03-19T01:20:17","guid":{"rendered":"https:\/\/espak.ee\/hinnakiri\/?post_type=product&#038;p=16546"},"modified":"2024-03-22T23:58:01","modified_gmt":"2024-03-22T21:58:01","slug":"laoriiul-stocker-500-20024060","status":"publish","type":"product","link":"https:\/\/espak.ee\/epood\/toode\/laoriiul-stocker-500-20024060\/","title":{"rendered":"LAORIIUL STOCKER 500 200*240*60"},"content":{"rendered":"<div class=\"row\"  id=\"row-1856729763\">\n\n\t<div id=\"col-209607690\" class=\"col medium-9 small-12 large-9\"  >\n\t\t\t\t<div class=\"col-inner\"  >\n\t\t\t\n\t\t\t\n<h2>LAORIIUL STOCKER 500 200*240*60<\/h2>\n<p>Laoriiul Stocker on eelnevalt valmis komplekteeritud poldivaba kinnitusega moodulriiul. Riiul on m\u00f5eldud professionaalseks kasutamiseks ladudes, t\u00f6\u00f6stustes ja t\u00f6\u00f6kodades.<br \/>\nRiiuli konstruktsioon on tugevast metallist ja plaadid valmistatud HDF ehk k\u00f5rgtihedusega puitkiudplaadist. Riiuli kandev\u00f5ime \u00fche plaadi kohta on 500 kilogrammi, seega saab sellele paigutada ka v\u00e4ga raskeid materjale ja t\u00f6\u00f6riistu. Suure kandev\u00f5ime tagavad riiulite all asuvad tugitalad.<br \/>\nRiiuli montaa\u017e 2 inimesel v\u00f5tab umbes 25 minutit, soovitatav on kasutada kummihaamrit ja t\u00f6\u00f6kindaid, v\u00e4ltimaks kahjustusi metallpindadele.<\/p>\n<div class=\"message-box relative\" style=\"padding-top:15px;padding-bottom:15px;\"><div class=\"message-box-bg-image bg-fill fill\" ><\/div><div class=\"message-box-bg-overlay bg-fill fill\" ><\/div><div class=\"container relative\"><div class=\"inner last-reset\">\n<div class=\"row align-middle align-center\"  id=\"row-1848942934\">\n\n\t<div id=\"col-1482575241\" class=\"col small-12 large-12\"  >\n\t\t\t\t<div class=\"col-inner text-left\"  >\n\t\t\t\n\t\t\t\n<h4>Omadused<\/h4>\n<div class=\"row\"  id=\"row-1691276741\">\n\n\t<div id=\"col-1628449831\" class=\"col medium-6 small-12 large-6\"  >\n\t\t\t\t<div class=\"col-inner\"  >\n\t\t\t\n\t\t\t\n<p><i class=\"fa fa-check-circle fa-2x\"><\/i> <strong>Lihtsalt paigaldatav<\/strong><\/p>\n<p><i class=\"fa fa-check-circle fa-2x\"><\/i> <strong>Talub suuri koormusi<\/strong><\/p>\n\t\t<\/div>\n\t\t\t\t\n<style>\n#col-1628449831 > .col-inner {\n  margin: 0px 0px 15px 0px;\n}\n<\/style>\n\t<\/div>\n\n\t\n\n\t<div id=\"col-791106585\" class=\"col medium-6 small-12 large-6\"  >\n\t\t\t\t<div class=\"col-inner\"  >\n\t\t\t\n\t\t\t\n<p><i class=\"fa fa-check-circle fa-2x\"><\/i> <strong>Professionaalseks kasutamiseks<\/strong><\/p>\n\t\t<\/div>\n\t\t\t\t\n<style>\n#col-791106585 > .col-inner {\n  margin: 0px 0px 15px 0px;\n}\n<\/style>\n\t<\/div>\n\n\t\n<\/div>\n\t\t<\/div>\n\t\t\t\t\t<\/div>\n\n\t\n<\/div>\n<\/div><\/div><\/div>\n\t\t<\/div>\n\t\t\t\t\t<\/div>\n\n\t\n<\/div>\n","protected":false},"excerpt":{"rendered":"","protected":false},"featured_media":16588,"comment_status":"closed","ping_status":"open","template":"","meta":[],"product_brand":[],"product_cat":[2957,2893,2894,2956],"product_tag":[],"class_list":{"0":"post-16546","1":"product","2":"type-product","3":"status-publish","4":"has-post-thumbnail","6":"product_cat-laoriiulid","7":"product_cat-rauakaubad","8":"product_cat-rauakaubad-rauakaubad","9":"product_cat-riiulisusteemid","10":"pa_kaubamark-ar-shelving","12":"first","13":"outofstock","14":"sale","15":"taxable","16":"shipping-taxable","17":"purchasable","18":"product-type-simple"},"yoast_head":"<!-- This site is optimized with the Yoast SEO plugin v26.9 - https:\/\/yoast.com\/product\/yoast-seo-wordpress\/ -->\n<title>LAORIIUL STOCKER 500 200*240*60 - Espak E-pood<\/title>\n<meta name=\"robots\" content=\"index, follow, max-snippet:-1, max-image-preview:large, max-video-preview:-1\" \/>\n<link rel=\"canonical\" href=\"https:\/\/espak.ee\/epood\/toode\/laoriiul-stocker-500-20024060\/\" \/>\n<meta property=\"og:locale\" content=\"et_EE\" \/>\n<meta property=\"og:type\" content=\"article\" \/>\n<meta property=\"og:title\" content=\"LAORIIUL STOCKER 500 200*240*60 - Espak E-pood\" \/>\n<meta property=\"og:url\" content=\"https:\/\/espak.ee\/epood\/toode\/laoriiul-stocker-500-20024060\/\" \/>\n<meta property=\"og:site_name\" content=\"Espak E-pood\" \/>\n<meta property=\"article:modified_time\" content=\"2024-03-22T21:58:01+00:00\" \/>\n<meta property=\"og:image\" content=\"https:\/\/espak.ee\/epood\/wp-content\/uploads\/V41-06-J4J4500G40_NR1.jpg\" \/>\n\t<meta property=\"og:image:width\" content=\"1000\" \/>\n\t<meta property=\"og:image:height\" content=\"1000\" \/>\n\t<meta property=\"og:image:type\" content=\"image\/jpeg\" \/>\n<meta name=\"twitter:card\" content=\"summary_large_image\" \/>\n<meta name=\"twitter:label1\" content=\"Est. reading time\" \/>\n\t<meta name=\"twitter:data1\" content=\"1 minut\" \/>\n<script type=\"application\/ld+json\" class=\"yoast-schema-graph\">{\"@context\":\"https:\/\/schema.org\",\"@graph\":[{\"@type\":\"WebPage\",\"@id\":\"https:\/\/espak.ee\/epood\/toode\/laoriiul-stocker-500-20024060\/\",\"url\":\"https:\/\/espak.ee\/epood\/toode\/laoriiul-stocker-500-20024060\/\",\"name\":\"LAORIIUL STOCKER 500 200*240*60 - Espak E-pood\",\"isPartOf\":{\"@id\":\"https:\/\/espak.ee\/epood\/#website\"},\"primaryImageOfPage\":{\"@id\":\"https:\/\/espak.ee\/epood\/toode\/laoriiul-stocker-500-20024060\/#primaryimage\"},\"image\":{\"@id\":\"https:\/\/espak.ee\/epood\/toode\/laoriiul-stocker-500-20024060\/#primaryimage\"},\"thumbnailUrl\":\"https:\/\/espak.ee\/epood\/wp-content\/uploads\/V41-06-J4J4500G40_NR1.jpg\",\"datePublished\":\"2020-03-19T01:20:17+00:00\",\"dateModified\":\"2024-03-22T21:58:01+00:00\",\"breadcrumb\":{\"@id\":\"https:\/\/espak.ee\/epood\/toode\/laoriiul-stocker-500-20024060\/#breadcrumb\"},\"inLanguage\":\"et\",\"potentialAction\":[{\"@type\":\"ReadAction\",\"target\":[\"https:\/\/espak.ee\/epood\/toode\/laoriiul-stocker-500-20024060\/\"]}]},{\"@type\":\"ImageObject\",\"inLanguage\":\"et\",\"@id\":\"https:\/\/espak.ee\/epood\/toode\/laoriiul-stocker-500-20024060\/#primaryimage\",\"url\":\"https:\/\/espak.ee\/epood\/wp-content\/uploads\/V41-06-J4J4500G40_NR1.jpg\",\"contentUrl\":\"https:\/\/espak.ee\/epood\/wp-content\/uploads\/V41-06-J4J4500G40_NR1.jpg\",\"width\":1000,\"height\":1000},{\"@type\":\"BreadcrumbList\",\"@id\":\"https:\/\/espak.ee\/epood\/toode\/laoriiul-stocker-500-20024060\/#breadcrumb\",\"itemListElement\":[{\"@type\":\"ListItem\",\"position\":1,\"name\":\"Home\",\"item\":\"https:\/\/espak.ee\/epood\/\"},{\"@type\":\"ListItem\",\"position\":2,\"name\":\"Tootevalik\",\"item\":\"https:\/\/espak.ee\/epood\/tootevalik\/\"},{\"@type\":\"ListItem\",\"position\":3,\"name\":\"LAORIIUL STOCKER 500 200*240*60\"}]},{\"@type\":\"WebSite\",\"@id\":\"https:\/\/espak.ee\/epood\/#website\",\"url\":\"https:\/\/espak.ee\/epood\/\",\"name\":\"Espak E-pood\",\"description\":\"\",\"potentialAction\":[{\"@type\":\"SearchAction\",\"target\":{\"@type\":\"EntryPoint\",\"urlTemplate\":\"https:\/\/espak.ee\/epood\/?s={search_term_string}\"},\"query-input\":{\"@type\":\"PropertyValueSpecification\",\"valueRequired\":true,\"valueName\":\"search_term_string\"}}],\"inLanguage\":\"et\"}]}<\/script>\n<!-- \/ Yoast SEO plugin. -->","yoast_head_json":{"title":"LAORIIUL STOCKER 500 200*240*60 - Espak E-pood","robots":{"index":"index","follow":"follow","max-snippet":"max-snippet:-1","max-image-preview":"max-image-preview:large","max-video-preview":"max-video-preview:-1"},"canonical":"https:\/\/espak.ee\/epood\/toode\/laoriiul-stocker-500-20024060\/","og_locale":"et_EE","og_type":"article","og_title":"LAORIIUL STOCKER 500 200*240*60 - Espak E-pood","og_url":"https:\/\/espak.ee\/epood\/toode\/laoriiul-stocker-500-20024060\/","og_site_name":"Espak E-pood","article_modified_time":"2024-03-22T21:58:01+00:00","og_image":[{"width":1000,"height":1000,"url":"https:\/\/espak.ee\/epood\/wp-content\/uploads\/V41-06-J4J4500G40_NR1.jpg","type":"image\/jpeg"}],"twitter_card":"summary_large_image","twitter_misc":{"Est. reading time":"1 minut"},"schema":{"@context":"https:\/\/schema.org","@graph":[{"@type":"WebPage","@id":"https:\/\/espak.ee\/epood\/toode\/laoriiul-stocker-500-20024060\/","url":"https:\/\/espak.ee\/epood\/toode\/laoriiul-stocker-500-20024060\/","name":"LAORIIUL STOCKER 500 200*240*60 - Espak E-pood","isPartOf":{"@id":"https:\/\/espak.ee\/epood\/#website"},"primaryImageOfPage":{"@id":"https:\/\/espak.ee\/epood\/toode\/laoriiul-stocker-500-20024060\/#primaryimage"},"image":{"@id":"https:\/\/espak.ee\/epood\/toode\/laoriiul-stocker-500-20024060\/#primaryimage"},"thumbnailUrl":"https:\/\/espak.ee\/epood\/wp-content\/uploads\/V41-06-J4J4500G40_NR1.jpg","datePublished":"2020-03-19T01:20:17+00:00","dateModified":"2024-03-22T21:58:01+00:00","breadcrumb":{"@id":"https:\/\/espak.ee\/epood\/toode\/laoriiul-stocker-500-20024060\/#breadcrumb"},"inLanguage":"et","potentialAction":[{"@type":"ReadAction","target":["https:\/\/espak.ee\/epood\/toode\/laoriiul-stocker-500-20024060\/"]}]},{"@type":"ImageObject","inLanguage":"et","@id":"https:\/\/espak.ee\/epood\/toode\/laoriiul-stocker-500-20024060\/#primaryimage","url":"https:\/\/espak.ee\/epood\/wp-content\/uploads\/V41-06-J4J4500G40_NR1.jpg","contentUrl":"https:\/\/espak.ee\/epood\/wp-content\/uploads\/V41-06-J4J4500G40_NR1.jpg","width":1000,"height":1000},{"@type":"BreadcrumbList","@id":"https:\/\/espak.ee\/epood\/toode\/laoriiul-stocker-500-20024060\/#breadcrumb","itemListElement":[{"@type":"ListItem","position":1,"name":"Home","item":"https:\/\/espak.ee\/epood\/"},{"@type":"ListItem","position":2,"name":"Tootevalik","item":"https:\/\/espak.ee\/epood\/tootevalik\/"},{"@type":"ListItem","position":3,"name":"LAORIIUL STOCKER 500 200*240*60"}]},{"@type":"WebSite","@id":"https:\/\/espak.ee\/epood\/#website","url":"https:\/\/espak.ee\/epood\/","name":"Espak E-pood","description":"","potentialAction":[{"@type":"SearchAction","target":{"@type":"EntryPoint","urlTemplate":"https:\/\/espak.ee\/epood\/?s={search_term_string}"},"query-input":{"@type":"PropertyValueSpecification","valueRequired":true,"valueName":"search_term_string"}}],"inLanguage":"et"}]}},"_links":{"self":[{"href":"https:\/\/espak.ee\/epood\/wp-json\/wp\/v2\/product\/16546","targetHints":{"allow":["GET"]}}],"collection":[{"href":"https:\/\/espak.ee\/epood\/wp-json\/wp\/v2\/product"}],"about":[{"href":"https:\/\/espak.ee\/epood\/wp-json\/wp\/v2\/types\/product"}],"replies":[{"embeddable":true,"href":"https:\/\/espak.ee\/epood\/wp-json\/wp\/v2\/comments?post=16546"}],"wp:featuredmedia":[{"embeddable":true,"href":"https:\/\/espak.ee\/epood\/wp-json\/wp\/v2\/media\/16588"}],"wp:attachment":[{"href":"https:\/\/espak.ee\/epood\/wp-json\/wp\/v2\/media?parent=16546"}],"wp:term":[{"taxonomy":"product_brand","embeddable":true,"href":"https:\/\/espak.ee\/epood\/wp-json\/wp\/v2\/product_brand?post=16546"},{"taxonomy":"product_cat","embeddable":true,"href":"https:\/\/espak.ee\/epood\/wp-json\/wp\/v2\/product_cat?post=16546"},{"taxonomy":"product_tag","embeddable":true,"href":"https:\/\/espak.ee\/epood\/wp-json\/wp\/v2\/product_tag?post=16546"}],"curies":[{"name":"wp","href":"https:\/\/api.w.org\/{rel}","templated":true}]}}