{"id":165174,"date":"2023-07-01T14:22:30","date_gmt":"2023-07-01T11:22:30","guid":{"rendered":"https:\/\/espak.ee\/epood\/?post_type=product&#038;p=165174"},"modified":"2024-03-23T01:31:08","modified_gmt":"2024-03-22T23:31:08","slug":"veevorgususteemi-stardikomplekt-gardena-2","status":"publish","type":"product","link":"https:\/\/espak.ee\/epood\/toode\/veevorgususteemi-stardikomplekt-gardena-2\/","title":{"rendered":"VEEV\u00d5RGUS\u00dcSTEEMI STARDIKOMPLEKT GARDENA"},"content":{"rendered":"<div class=\"row\"  id=\"row-1136692820\">\n\n\t<div id=\"col-105261049\" class=\"col medium-9 small-12 large-9\"  >\n\t\t\t\t<div class=\"col-inner\"  >\n\t\t\t\n\t\t\t\n<h2>Veev\u00f5rgus\u00fcsteemi stardikomplekt Gardena<\/h2>\n<p>Stardikomplekt koos kahe veev\u00f5rgus\u00fcsteemi liitekarbiga.<\/p>\n<p>GARDENA maa-aluse veev\u00f5rgus\u00fcsteemi stardikomplekt sisaldab k\u00f5iki olulisi komponente, millega saab luua GARDENA veev\u00f5rgus\u00fcsteemi. Vesi juhitakse kraanist l\u00e4bi veev\u00f5rgu \u00fchendkarbi maa-alustesse torudesse. Kaks kaasasolevat veev\u00f5rgu liitekarpi on \u00fchendusv\u00e4ljundid vooliku jaoks v\u00f5i eraldi m\u00fc\u00fcdavate GARDENA maa-aluse veev\u00f5rgus\u00fcsteemi komponentide jaoks, n\u00e4iteks v\u00f5nkuv vihmuti v\u00f5i aia veekraan. Nagu teised s\u00fcsteemiosad, on ka veev\u00f5rgus\u00fcsteem p\u00fcsipaigaldis. See kindlustab vee mugava k\u00e4ttesaadavuse \u00fcksk\u00f5ik millisest aia punktist t\u00e4pselt seal, kus seda vaja on, t\u00e4pselt nagu majapidamises kasutatav kraan. Veev\u00f5rgus\u00fcsteemil on automaatne sulgurklapp. See s\u00e4\u00e4stab sind t\u00fc\u00fctust kraani juurde k\u00f5ndimisest ja mis veel parem, tarvikute \u00fchendamisel ei l\u00e4he pea tilkagi vett kaduma. Drenaa\u017eiklapi kasutatakse automaatseks \u00e4ravooluks kohe, kui sa torustiku kasutuselt k\u00f5rvaldada. See paigaldatakse s\u00fcsteemi madalaimasse punkti ja muudab s\u00fcsteemi k\u00fclmakindlaks. Nii veev\u00f5rgus\u00fcsteemi \u00fchenduskarp kui ka kaks liitekarpi on varustatud mustusefiltriga, mis kaitseb neid mustuseosakeste eest. Filtreid on lihtne eemaldada ja voolava vee all puhastada. K\u00f5ik veev\u00f5rgus\u00fcsteemi torustiku osad on kvaliteetsed ja seega UV-kindlad. Neid saab torustikukomponentidega l\u00f5putult t\u00e4iendada. Maa-aluse veev\u00f5rgus\u00fcsteemi stardikomplekt on Euroopas valmistatud kvaliteettoode. Vesi k\u00f5ikjale, kus seda vaja on. Lihtne ligip\u00e4\u00e4s veele maa-aluse veev\u00f5rgus\u00fcsteemiga.\n<\/p>\n\t\t<\/div>\n\t\t\t\t\t<\/div>\n\n\t\n\n\t<div id=\"col-1123785115\" class=\"col medium-3 small-12 large-3\"  >\n\t\t\t\t<div class=\"col-inner\"  >\n\t\t\t\n\t\t\t\n\t<div id=\"gap-1258388804\" class=\"gap-element clearfix\" style=\"display:block; height:auto;\">\n\t\t\n<style>\n#gap-1258388804 {\n  padding-top: 30px;\n}\n<\/style>\n\t<\/div>\n\t\n<div class=\"is-divider divider clearfix\" ><\/div>\n<p><strong>\u00dcksikasjalikuma n\u00f5u saamiseks v\u00f5tke \u00fchendust:<br \/><\/strong>Espak AS<br \/>Viadukti 42<br \/>11313<br \/>Tallinn<br \/>+372 6 512333<\/p>\n<div class=\"is-divider divider clearfix\" ><\/div>\n\t\t<\/div>\n\t\t\t\t\t<\/div>\n\n\t\n<\/div>\n","protected":false},"excerpt":{"rendered":"","protected":false},"featured_media":165275,"comment_status":"closed","ping_status":"closed","template":"","meta":[],"product_brand":[],"product_cat":[2789,2788,3280,3365],"product_tag":[],"class_list":{"0":"post-165174","1":"product","2":"type-product","3":"status-publish","4":"has-post-thumbnail","6":"product_cat-aiatarbed","7":"product_cat-aiatarbed-ja-kodukaubad","8":"product_cat-kastmistarvikud","9":"product_cat-vihmutid","10":"pa_kaubamark-husqvarna-eesti-ou","12":"first","13":"instock","14":"sale","15":"taxable","16":"shipping-taxable","17":"purchasable","18":"product-type-simple"},"yoast_head":"<!-- This site is optimized with the Yoast SEO plugin v26.9 - https:\/\/yoast.com\/product\/yoast-seo-wordpress\/ -->\n<title>VEEV\u00d5RGUS\u00dcSTEEMI STARDIKOMPLEKT GARDENA - Espak E-pood<\/title>\n<meta name=\"robots\" content=\"index, follow, max-snippet:-1, max-image-preview:large, max-video-preview:-1\" \/>\n<link rel=\"canonical\" href=\"https:\/\/espak.ee\/epood\/toode\/veevorgususteemi-stardikomplekt-gardena-2\/\" \/>\n<meta property=\"og:locale\" content=\"et_EE\" \/>\n<meta property=\"og:type\" content=\"article\" \/>\n<meta property=\"og:title\" content=\"VEEV\u00d5RGUS\u00dcSTEEMI STARDIKOMPLEKT GARDENA - Espak E-pood\" \/>\n<meta property=\"og:url\" content=\"https:\/\/espak.ee\/epood\/toode\/veevorgususteemi-stardikomplekt-gardena-2\/\" \/>\n<meta property=\"og:site_name\" content=\"Espak E-pood\" \/>\n<meta property=\"article:modified_time\" content=\"2024-03-22T23:31:08+00:00\" \/>\n<meta property=\"og:image\" content=\"https:\/\/espak.ee\/epood\/wp-content\/uploads\/2023\/07\/MT-673229.jpg\" \/>\n\t<meta property=\"og:image:width\" content=\"800\" \/>\n\t<meta property=\"og:image:height\" content=\"800\" \/>\n\t<meta property=\"og:image:type\" content=\"image\/jpeg\" \/>\n<meta name=\"twitter:card\" content=\"summary_large_image\" \/>\n<meta name=\"twitter:label1\" content=\"Est. reading time\" \/>\n\t<meta name=\"twitter:data1\" content=\"1 minut\" \/>\n<script type=\"application\/ld+json\" class=\"yoast-schema-graph\">{\"@context\":\"https:\/\/schema.org\",\"@graph\":[{\"@type\":\"WebPage\",\"@id\":\"https:\/\/espak.ee\/epood\/toode\/veevorgususteemi-stardikomplekt-gardena-2\/\",\"url\":\"https:\/\/espak.ee\/epood\/toode\/veevorgususteemi-stardikomplekt-gardena-2\/\",\"name\":\"VEEV\u00d5RGUS\u00dcSTEEMI STARDIKOMPLEKT GARDENA - Espak E-pood\",\"isPartOf\":{\"@id\":\"https:\/\/espak.ee\/epood\/#website\"},\"primaryImageOfPage\":{\"@id\":\"https:\/\/espak.ee\/epood\/toode\/veevorgususteemi-stardikomplekt-gardena-2\/#primaryimage\"},\"image\":{\"@id\":\"https:\/\/espak.ee\/epood\/toode\/veevorgususteemi-stardikomplekt-gardena-2\/#primaryimage\"},\"thumbnailUrl\":\"https:\/\/espak.ee\/epood\/wp-content\/uploads\/2023\/07\/MT-673229.jpg\",\"datePublished\":\"2023-07-01T11:22:30+00:00\",\"dateModified\":\"2024-03-22T23:31:08+00:00\",\"breadcrumb\":{\"@id\":\"https:\/\/espak.ee\/epood\/toode\/veevorgususteemi-stardikomplekt-gardena-2\/#breadcrumb\"},\"inLanguage\":\"et\",\"potentialAction\":[{\"@type\":\"ReadAction\",\"target\":[\"https:\/\/espak.ee\/epood\/toode\/veevorgususteemi-stardikomplekt-gardena-2\/\"]}]},{\"@type\":\"ImageObject\",\"inLanguage\":\"et\",\"@id\":\"https:\/\/espak.ee\/epood\/toode\/veevorgususteemi-stardikomplekt-gardena-2\/#primaryimage\",\"url\":\"https:\/\/espak.ee\/epood\/wp-content\/uploads\/2023\/07\/MT-673229.jpg\",\"contentUrl\":\"https:\/\/espak.ee\/epood\/wp-content\/uploads\/2023\/07\/MT-673229.jpg\",\"width\":800,\"height\":800},{\"@type\":\"BreadcrumbList\",\"@id\":\"https:\/\/espak.ee\/epood\/toode\/veevorgususteemi-stardikomplekt-gardena-2\/#breadcrumb\",\"itemListElement\":[{\"@type\":\"ListItem\",\"position\":1,\"name\":\"Home\",\"item\":\"https:\/\/espak.ee\/epood\/\"},{\"@type\":\"ListItem\",\"position\":2,\"name\":\"Tootevalik\",\"item\":\"https:\/\/espak.ee\/epood\/tootevalik\/\"},{\"@type\":\"ListItem\",\"position\":3,\"name\":\"VEEV\u00d5RGUS\u00dcSTEEMI STARDIKOMPLEKT GARDENA\"}]},{\"@type\":\"WebSite\",\"@id\":\"https:\/\/espak.ee\/epood\/#website\",\"url\":\"https:\/\/espak.ee\/epood\/\",\"name\":\"Espak E-pood\",\"description\":\"\",\"potentialAction\":[{\"@type\":\"SearchAction\",\"target\":{\"@type\":\"EntryPoint\",\"urlTemplate\":\"https:\/\/espak.ee\/epood\/?s={search_term_string}\"},\"query-input\":{\"@type\":\"PropertyValueSpecification\",\"valueRequired\":true,\"valueName\":\"search_term_string\"}}],\"inLanguage\":\"et\"}]}<\/script>\n<!-- \/ Yoast SEO plugin. -->","yoast_head_json":{"title":"VEEV\u00d5RGUS\u00dcSTEEMI STARDIKOMPLEKT GARDENA - Espak E-pood","robots":{"index":"index","follow":"follow","max-snippet":"max-snippet:-1","max-image-preview":"max-image-preview:large","max-video-preview":"max-video-preview:-1"},"canonical":"https:\/\/espak.ee\/epood\/toode\/veevorgususteemi-stardikomplekt-gardena-2\/","og_locale":"et_EE","og_type":"article","og_title":"VEEV\u00d5RGUS\u00dcSTEEMI STARDIKOMPLEKT GARDENA - Espak E-pood","og_url":"https:\/\/espak.ee\/epood\/toode\/veevorgususteemi-stardikomplekt-gardena-2\/","og_site_name":"Espak E-pood","article_modified_time":"2024-03-22T23:31:08+00:00","og_image":[{"width":800,"height":800,"url":"https:\/\/espak.ee\/epood\/wp-content\/uploads\/2023\/07\/MT-673229.jpg","type":"image\/jpeg"}],"twitter_card":"summary_large_image","twitter_misc":{"Est. reading time":"1 minut"},"schema":{"@context":"https:\/\/schema.org","@graph":[{"@type":"WebPage","@id":"https:\/\/espak.ee\/epood\/toode\/veevorgususteemi-stardikomplekt-gardena-2\/","url":"https:\/\/espak.ee\/epood\/toode\/veevorgususteemi-stardikomplekt-gardena-2\/","name":"VEEV\u00d5RGUS\u00dcSTEEMI STARDIKOMPLEKT GARDENA - Espak E-pood","isPartOf":{"@id":"https:\/\/espak.ee\/epood\/#website"},"primaryImageOfPage":{"@id":"https:\/\/espak.ee\/epood\/toode\/veevorgususteemi-stardikomplekt-gardena-2\/#primaryimage"},"image":{"@id":"https:\/\/espak.ee\/epood\/toode\/veevorgususteemi-stardikomplekt-gardena-2\/#primaryimage"},"thumbnailUrl":"https:\/\/espak.ee\/epood\/wp-content\/uploads\/2023\/07\/MT-673229.jpg","datePublished":"2023-07-01T11:22:30+00:00","dateModified":"2024-03-22T23:31:08+00:00","breadcrumb":{"@id":"https:\/\/espak.ee\/epood\/toode\/veevorgususteemi-stardikomplekt-gardena-2\/#breadcrumb"},"inLanguage":"et","potentialAction":[{"@type":"ReadAction","target":["https:\/\/espak.ee\/epood\/toode\/veevorgususteemi-stardikomplekt-gardena-2\/"]}]},{"@type":"ImageObject","inLanguage":"et","@id":"https:\/\/espak.ee\/epood\/toode\/veevorgususteemi-stardikomplekt-gardena-2\/#primaryimage","url":"https:\/\/espak.ee\/epood\/wp-content\/uploads\/2023\/07\/MT-673229.jpg","contentUrl":"https:\/\/espak.ee\/epood\/wp-content\/uploads\/2023\/07\/MT-673229.jpg","width":800,"height":800},{"@type":"BreadcrumbList","@id":"https:\/\/espak.ee\/epood\/toode\/veevorgususteemi-stardikomplekt-gardena-2\/#breadcrumb","itemListElement":[{"@type":"ListItem","position":1,"name":"Home","item":"https:\/\/espak.ee\/epood\/"},{"@type":"ListItem","position":2,"name":"Tootevalik","item":"https:\/\/espak.ee\/epood\/tootevalik\/"},{"@type":"ListItem","position":3,"name":"VEEV\u00d5RGUS\u00dcSTEEMI STARDIKOMPLEKT GARDENA"}]},{"@type":"WebSite","@id":"https:\/\/espak.ee\/epood\/#website","url":"https:\/\/espak.ee\/epood\/","name":"Espak E-pood","description":"","potentialAction":[{"@type":"SearchAction","target":{"@type":"EntryPoint","urlTemplate":"https:\/\/espak.ee\/epood\/?s={search_term_string}"},"query-input":{"@type":"PropertyValueSpecification","valueRequired":true,"valueName":"search_term_string"}}],"inLanguage":"et"}]}},"_links":{"self":[{"href":"https:\/\/espak.ee\/epood\/wp-json\/wp\/v2\/product\/165174","targetHints":{"allow":["GET"]}}],"collection":[{"href":"https:\/\/espak.ee\/epood\/wp-json\/wp\/v2\/product"}],"about":[{"href":"https:\/\/espak.ee\/epood\/wp-json\/wp\/v2\/types\/product"}],"replies":[{"embeddable":true,"href":"https:\/\/espak.ee\/epood\/wp-json\/wp\/v2\/comments?post=165174"}],"wp:featuredmedia":[{"embeddable":true,"href":"https:\/\/espak.ee\/epood\/wp-json\/wp\/v2\/media\/165275"}],"wp:attachment":[{"href":"https:\/\/espak.ee\/epood\/wp-json\/wp\/v2\/media?parent=165174"}],"wp:term":[{"taxonomy":"product_brand","embeddable":true,"href":"https:\/\/espak.ee\/epood\/wp-json\/wp\/v2\/product_brand?post=165174"},{"taxonomy":"product_cat","embeddable":true,"href":"https:\/\/espak.ee\/epood\/wp-json\/wp\/v2\/product_cat?post=165174"},{"taxonomy":"product_tag","embeddable":true,"href":"https:\/\/espak.ee\/epood\/wp-json\/wp\/v2\/product_tag?post=165174"}],"curies":[{"name":"wp","href":"https:\/\/api.w.org\/{rel}","templated":true}]}}